{"id":267,"date":"2013-12-27T16:27:51","date_gmt":"2013-12-27T15:27:51","guid":{"rendered":"http:\/\/wordpress.callac.online\/index.php\/controle-dune-led-rgb-avec-arduino\/"},"modified":"2022-01-05T22:41:57","modified_gmt":"2022-01-05T21:41:57","slug":"controle-dune-led-rgb-avec-arduino","status":"publish","type":"page","link":"https:\/\/wordpress.callac.online\/index.php\/numerique\/arduino\/la-bibliotheque-serialdlf\/controle-dune-led-rgb-avec-arduino\/","title":{"rendered":"Contr\u00f4le d&rsquo;une led RGB avec Arduino"},"content":{"rendered":"<h2>Descriptif du projet<\/h2>\n<p>Le but ici est de choisir la couleur \u00e9mise par une led RGB \u00e0 partir de la liaison s\u00e9rie (c\u00e2bl\u00e9e ou Bluetooth).<br \/>\nPour une utilisation du Bluetooth, une application AI2 nomm\u00e9e BtRGB est disponible et pr\u00e9sent\u00e9e dans <a href=\"https:\/\/wordpress.callac.online\/index.php\/numerique\/app-inventor-2\/controler-une-led-rgb-par-bluetooth-ai-et-arduino\/\">cet article.<\/a><\/p>\n<h2>Branchement de la led RGB<\/h2>\n<p><img loading=\"lazy\" decoding=\"async\" class=\" aligncenter size-full wp-image-882\" src=\"http:\/\/wordpress.callac.online\/wp-content\/uploads\/2013\/12\/jpg_led_rgb.jpg\" alt=\"led_rgb.jpg\" width=\"225\" height=\"225\" align=\"center\" srcset=\"https:\/\/wordpress.callac.online\/wp-content\/uploads\/2013\/12\/jpg_led_rgb.jpg 225w, https:\/\/wordpress.callac.online\/wp-content\/uploads\/2013\/12\/jpg_led_rgb-150x150.jpg 150w, https:\/\/wordpress.callac.online\/wp-content\/uploads\/2013\/12\/jpg_led_rgb-100x100.jpg 100w\" sizes=\"auto, (max-width: 225px) 100vw, 225px\" \/><\/p>\n<p>Une telle led, comme sur l&rsquo;illustration ci-dessus poss\u00e8de 4 pattes, de gauche<br \/>\n\u00e0 droite :<br \/>\n&#8211; RED : \u00e0 brancher sur une entr\u00e9e PWM ;<br \/>\n&#8211; Anode ou cathode commune :selon les mod\u00e8les, \u00e0 brancher sur le GND ou le 5V ;<br \/>\n&#8211; GREEN : \u00e0 brancher sur une entr\u00e9e PWM ;<br \/>\n&#8211; BLUE : \u00e0 brancher sur une entr\u00e9e PWM.<\/p>\n<p><strong>Attention : ne pas oublier de placer une r\u00e9sistance de quelques centaines d&rsquo;ohms en s\u00e9rie entre les pattes couleurs de la led et les entr\u00e9es PWM.<\/strong><br \/>\nLe niveau de chaque couleur varie donc entre 0 et 255.<\/p>\n<p>Pour en savoir plus, <a href=\"http:\/\/www.mon-club-elec.fr\/pmwiki_mon_club_elec\/pmwiki.php?n=MAIN.ArduinoInitiationLedsDiversTestLedRVBcc\">lire cet article<\/a>.<\/p>\n<h2>Programme<\/h2>\n<pre class=\"EnlighterJSRAW\" data-enlighter-language=\"cpp\">\/* \n Ce programme permet a l'utilisateur d'ajuster la lumiere d'une led RGB.\n *\/\n\n\/\/------------------------------------------------------------\n\/\/ Librairies\n\/\/------------------------------------------------------------\n\n\/\/ pour le traitement du message recu sur la liaison serie\n#include &lt;SerialDLF.h&gt;\n\n\/\/------------------------------------------------------------\n\/\/ Constantes\n\/\/------------------------------------------------------------\n\n\/\/ Classe de SerialDLF\nSerialString messageRecu;\n\nconst int pinRouge = 11 ;\nconst int pinVert = 10 ;\nconst int pinBleu = 9 ;\n\nconst int niveauDepart =128;\n\n\n\/\/------------------------------------------------------------\n\/\/ Setup\n\/\/------------------------------------------------------------\n\nvoid setup()\n{\n  \/\/ Initialisation de la liaison serie\n  Serial.begin(9600); \n  Serial.flush();\n  Serial.println(\"Liaison serie operationnelle !\");\n  Serial.println(\"------------------------------\");\n  delay(1000);\n\n\n  \/\/ Autres initilisations\n\n\n  pinMode(pinRouge, OUTPUT );\n  pinMode(pinVert, OUTPUT );\n  pinMode(pinBleu, OUTPUT );\n\n  analogWrite(pinRouge,niveauDepart);\n  analogWrite(pinVert,niveauDepart);\n  analogWrite(pinBleu,niveauDepart);\n\n\n} \/\/ fin setup\n\n\/\/------------------------------------------------------------\n\/\/ Loop\n\/\/------------------------------------------------------------\n\nvoid loop()\n{ \n  messageRecu.renew();  \/\/ on lit un eventuel message.\n  if (messageRecu.empty()==false) \/\/ Si le message est non vide ...\n  {\n    \/\/Serial.println(messageRecu.get());\n    traitement();\n    Serial.flush();\n  }\n} \/\/fin loop\n\n\/\/------------------------------------------------------------\n\/\/ Fonction traitement()\n\/\/------------------------------------------------------------\n\/*\nExecute le traitement des caracteres recus par la liaison serie\n qui sont stockes dans messageRecu.\n *\/\n\nvoid traitement()\n{\n  int niveau;\n\n  if ((messageRecu.equals(\"Descriptif\")) || (messageRecu.equals(\"d\")))\n  {\n    Serial.println(\"--------------------------\");\n    Serial.println(\"Descriptif du programme :\");\n    Serial.println(\"--------------------------\");\n    Serial.println(\"Ce programme permet d'ajuster la couleur d'une led RGB.\");\n    Serial.println(\"--------------------------\");\n  }    \n  else   if ((messageRecu.equals(\"Help\")) || (messageRecu.equals(\"h\")))\n  {\n    Serial.println(\"--------------------------\");\n    Serial.println(\"Liste des commandes :\");\n    Serial.println(\"--------------------------\");\n    Serial.println(\"--&gt; Descriptif ou d : affiche le descriptif du programme.\");\n    Serial.println(\"--&gt; Help ou h : affiche la liste des commandes.\");\n    Serial.println(\"                Exemple : r 255\");\n    Serial.println(\"--&gt; Green ou g : la couleur a modifier est le vert.\");\n    Serial.println(\"                Exemple : g 128\");\n    Serial.println(\"--&gt; Blue ou b : la couleur a modifier est le bleu.\");\n    Serial.println(\"                Exemple : b 0\");\n    Serial.println(\"--&gt; Reset : remet toutes les couleurs a 128.\");\n    Serial.println(\"--------------------------\");\n  }\n\n  else   if ((messageRecu.equals(\"Red\")) || (messageRecu.equals(\"r\")))\n  {\n    if (messageRecu.withParameter()==true)\n    {\n      niveau=messageRecu.parameter();\n      analogWrite(pinRouge,niveau);\n    }\n  }\n  else if ((messageRecu.equals(\"Green\")) || (messageRecu.equals(\"g\")))\n  {\n    if (messageRecu.withParameter()==true)\n    {\n      niveau=messageRecu.parameter();\n      analogWrite(pinVert,niveau);\n    }\n  }\n\n  else if ((messageRecu.equals(\"Blue\")) || (messageRecu.equals(\"b\")))\n  {\n    if (messageRecu.withParameter()==true)\n    {\n      niveau=messageRecu.parameter();\n      analogWrite(pinBleu,niveau);\n    }\n  }\n  else if ((messageRecu.equals(\"Reset\")))\n  {\n    analogWrite(pinRouge,niveauDepart);\n    analogWrite(pinVert,niveauDepart);\n    analogWrite(pinBleu,niveauDepart);\n  }\n  else\n  {\n    Serial.println(\"Erreur de saisie !\");\n  }\n\n\n\n} \/\/ fin traitement\n\n<\/pre>\n","protected":false},"excerpt":{"rendered":"<p>Descriptif du projet Le but ici est de choisir la couleur \u00e9mise par une led RGB \u00e0 partir de la liaison s\u00e9rie (c\u00e2bl\u00e9e ou Bluetooth). Pour une utilisation du Bluetooth,&hellip;<\/p>\n","protected":false},"author":1,"featured_media":0,"parent":2544,"menu_order":1,"comment_status":"closed","ping_status":"closed","template":"","meta":{"footnotes":""},"class_list":["post-267","page","type-page","status-publish","hentry"],"yoast_head":"<!-- This site is optimized with the Yoast SEO plugin v27.1.1 - https:\/\/yoast.com\/product\/yoast-seo-wordpress\/ -->\n<title>Contr\u00f4le d&#039;une led RGB avec Arduino - Maths &amp; Num\u00e9rique<\/title>\n<meta name=\"robots\" content=\"index, follow, max-snippet:-1, max-image-preview:large, max-video-preview:-1\" \/>\n<link rel=\"canonical\" href=\"https:\/\/wordpress.callac.online\/index.php\/numerique\/arduino\/la-bibliotheque-serialdlf\/controle-dune-led-rgb-avec-arduino\/\" \/>\n<meta property=\"og:locale\" content=\"fr_FR\" \/>\n<meta property=\"og:type\" content=\"article\" \/>\n<meta property=\"og:title\" content=\"Contr\u00f4le d&#039;une led RGB avec Arduino - Maths &amp; Num\u00e9rique\" \/>\n<meta property=\"og:description\" content=\"Descriptif du projet Le but ici est de choisir la couleur \u00e9mise par une led RGB \u00e0 partir de la liaison s\u00e9rie (c\u00e2bl\u00e9e ou Bluetooth). Pour une utilisation du Bluetooth,&hellip;\" \/>\n<meta property=\"og:url\" content=\"https:\/\/wordpress.callac.online\/index.php\/numerique\/arduino\/la-bibliotheque-serialdlf\/controle-dune-led-rgb-avec-arduino\/\" \/>\n<meta property=\"og:site_name\" content=\"Maths &amp; Num\u00e9rique\" \/>\n<meta property=\"article:modified_time\" content=\"2022-01-05T21:41:57+00:00\" \/>\n<meta property=\"og:image\" content=\"http:\/\/wordpress.callac.online\/wp-content\/uploads\/2013\/12\/jpg_led_rgb.jpg\" \/>\n<meta name=\"twitter:card\" content=\"summary_large_image\" \/>\n<meta name=\"twitter:label1\" content=\"Dur\u00e9e de lecture estim\u00e9e\" \/>\n\t<meta name=\"twitter:data1\" content=\"3 minutes\" \/>\n<script type=\"application\/ld+json\" class=\"yoast-schema-graph\">{\"@context\":\"https:\/\/schema.org\",\"@graph\":[{\"@type\":\"WebPage\",\"@id\":\"https:\/\/wordpress.callac.online\/index.php\/numerique\/arduino\/la-bibliotheque-serialdlf\/controle-dune-led-rgb-avec-arduino\/\",\"url\":\"https:\/\/wordpress.callac.online\/index.php\/numerique\/arduino\/la-bibliotheque-serialdlf\/controle-dune-led-rgb-avec-arduino\/\",\"name\":\"Contr\u00f4le d'une led RGB avec Arduino - Maths &amp; Num\u00e9rique\",\"isPartOf\":{\"@id\":\"https:\/\/wordpress.callac.online\/#website\"},\"primaryImageOfPage\":{\"@id\":\"https:\/\/wordpress.callac.online\/index.php\/numerique\/arduino\/la-bibliotheque-serialdlf\/controle-dune-led-rgb-avec-arduino\/#primaryimage\"},\"image\":{\"@id\":\"https:\/\/wordpress.callac.online\/index.php\/numerique\/arduino\/la-bibliotheque-serialdlf\/controle-dune-led-rgb-avec-arduino\/#primaryimage\"},\"thumbnailUrl\":\"http:\/\/wordpress.callac.online\/wp-content\/uploads\/2013\/12\/jpg_led_rgb.jpg\",\"datePublished\":\"2013-12-27T15:27:51+00:00\",\"dateModified\":\"2022-01-05T21:41:57+00:00\",\"breadcrumb\":{\"@id\":\"https:\/\/wordpress.callac.online\/index.php\/numerique\/arduino\/la-bibliotheque-serialdlf\/controle-dune-led-rgb-avec-arduino\/#breadcrumb\"},\"inLanguage\":\"fr-FR\",\"potentialAction\":[{\"@type\":\"ReadAction\",\"target\":[\"https:\/\/wordpress.callac.online\/index.php\/numerique\/arduino\/la-bibliotheque-serialdlf\/controle-dune-led-rgb-avec-arduino\/\"]}]},{\"@type\":\"ImageObject\",\"inLanguage\":\"fr-FR\",\"@id\":\"https:\/\/wordpress.callac.online\/index.php\/numerique\/arduino\/la-bibliotheque-serialdlf\/controle-dune-led-rgb-avec-arduino\/#primaryimage\",\"url\":\"https:\/\/wordpress.callac.online\/wp-content\/uploads\/2013\/12\/jpg_led_rgb.jpg\",\"contentUrl\":\"https:\/\/wordpress.callac.online\/wp-content\/uploads\/2013\/12\/jpg_led_rgb.jpg\",\"width\":225,\"height\":225,\"caption\":\"led_rgb.jpg\"},{\"@type\":\"BreadcrumbList\",\"@id\":\"https:\/\/wordpress.callac.online\/index.php\/numerique\/arduino\/la-bibliotheque-serialdlf\/controle-dune-led-rgb-avec-arduino\/#breadcrumb\",\"itemListElement\":[{\"@type\":\"ListItem\",\"position\":1,\"name\":\"Accueil\",\"item\":\"https:\/\/wordpress.callac.online\/\"},{\"@type\":\"ListItem\",\"position\":2,\"name\":\"Num\u00e9rique\",\"item\":\"https:\/\/wordpress.callac.online\/index.php\/numerique\/\"},{\"@type\":\"ListItem\",\"position\":3,\"name\":\"Arduino\",\"item\":\"https:\/\/wordpress.callac.online\/index.php\/numerique\/arduino\/\"},{\"@type\":\"ListItem\",\"position\":4,\"name\":\"La biblioth\u00e8que SerialDLF\",\"item\":\"https:\/\/wordpress.callac.online\/index.php\/numerique\/arduino\/la-bibliotheque-serialdlf\/\"},{\"@type\":\"ListItem\",\"position\":5,\"name\":\"Contr\u00f4le d&#8217;une led RGB avec Arduino\"}]},{\"@type\":\"WebSite\",\"@id\":\"https:\/\/wordpress.callac.online\/#website\",\"url\":\"https:\/\/wordpress.callac.online\/\",\"name\":\"Maths & Num\u00e9rique\",\"description\":\"Des outils pour les enseignants de math\u00e9matiques et de num\u00e9rique\",\"publisher\":{\"@id\":\"https:\/\/wordpress.callac.online\/#\/schema\/person\/04061f1ca2c2c42039142a704be95940\"},\"potentialAction\":[{\"@type\":\"SearchAction\",\"target\":{\"@type\":\"EntryPoint\",\"urlTemplate\":\"https:\/\/wordpress.callac.online\/?s={search_term_string}\"},\"query-input\":{\"@type\":\"PropertyValueSpecification\",\"valueRequired\":true,\"valueName\":\"search_term_string\"}}],\"inLanguage\":\"fr-FR\"},{\"@type\":[\"Person\",\"Organization\"],\"@id\":\"https:\/\/wordpress.callac.online\/#\/schema\/person\/04061f1ca2c2c42039142a704be95940\",\"name\":\"dlefur\",\"image\":{\"@type\":\"ImageObject\",\"inLanguage\":\"fr-FR\",\"@id\":\"https:\/\/wordpress.callac.online\/#\/schema\/person\/image\/\",\"url\":\"https:\/\/secure.gravatar.com\/avatar\/4a9e17be136808c6597f28aa2b6c13126dab066fdc2198ff60090972c9b7fafc?s=96&d=mm&r=g\",\"contentUrl\":\"https:\/\/secure.gravatar.com\/avatar\/4a9e17be136808c6597f28aa2b6c13126dab066fdc2198ff60090972c9b7fafc?s=96&d=mm&r=g\",\"caption\":\"dlefur\"},\"logo\":{\"@id\":\"https:\/\/wordpress.callac.online\/#\/schema\/person\/image\/\"},\"description\":\"Enseignant de math\u00e9matiques Lyc\u00e9e Pasteur S\u00e3o Paulo\",\"sameAs\":[\"http:\/\/wordpress.callac.online\"]}]}<\/script>\n<!-- \/ Yoast SEO plugin. -->","yoast_head_json":{"title":"Contr\u00f4le d'une led RGB avec Arduino - Maths &amp; Num\u00e9rique","robots":{"index":"index","follow":"follow","max-snippet":"max-snippet:-1","max-image-preview":"max-image-preview:large","max-video-preview":"max-video-preview:-1"},"canonical":"https:\/\/wordpress.callac.online\/index.php\/numerique\/arduino\/la-bibliotheque-serialdlf\/controle-dune-led-rgb-avec-arduino\/","og_locale":"fr_FR","og_type":"article","og_title":"Contr\u00f4le d'une led RGB avec Arduino - Maths &amp; Num\u00e9rique","og_description":"Descriptif du projet Le but ici est de choisir la couleur \u00e9mise par une led RGB \u00e0 partir de la liaison s\u00e9rie (c\u00e2bl\u00e9e ou Bluetooth). Pour une utilisation du Bluetooth,&hellip;","og_url":"https:\/\/wordpress.callac.online\/index.php\/numerique\/arduino\/la-bibliotheque-serialdlf\/controle-dune-led-rgb-avec-arduino\/","og_site_name":"Maths &amp; Num\u00e9rique","article_modified_time":"2022-01-05T21:41:57+00:00","og_image":[{"url":"http:\/\/wordpress.callac.online\/wp-content\/uploads\/2013\/12\/jpg_led_rgb.jpg","type":"","width":"","height":""}],"twitter_card":"summary_large_image","twitter_misc":{"Dur\u00e9e de lecture estim\u00e9e":"3 minutes"},"schema":{"@context":"https:\/\/schema.org","@graph":[{"@type":"WebPage","@id":"https:\/\/wordpress.callac.online\/index.php\/numerique\/arduino\/la-bibliotheque-serialdlf\/controle-dune-led-rgb-avec-arduino\/","url":"https:\/\/wordpress.callac.online\/index.php\/numerique\/arduino\/la-bibliotheque-serialdlf\/controle-dune-led-rgb-avec-arduino\/","name":"Contr\u00f4le d'une led RGB avec Arduino - Maths &amp; Num\u00e9rique","isPartOf":{"@id":"https:\/\/wordpress.callac.online\/#website"},"primaryImageOfPage":{"@id":"https:\/\/wordpress.callac.online\/index.php\/numerique\/arduino\/la-bibliotheque-serialdlf\/controle-dune-led-rgb-avec-arduino\/#primaryimage"},"image":{"@id":"https:\/\/wordpress.callac.online\/index.php\/numerique\/arduino\/la-bibliotheque-serialdlf\/controle-dune-led-rgb-avec-arduino\/#primaryimage"},"thumbnailUrl":"http:\/\/wordpress.callac.online\/wp-content\/uploads\/2013\/12\/jpg_led_rgb.jpg","datePublished":"2013-12-27T15:27:51+00:00","dateModified":"2022-01-05T21:41:57+00:00","breadcrumb":{"@id":"https:\/\/wordpress.callac.online\/index.php\/numerique\/arduino\/la-bibliotheque-serialdlf\/controle-dune-led-rgb-avec-arduino\/#breadcrumb"},"inLanguage":"fr-FR","potentialAction":[{"@type":"ReadAction","target":["https:\/\/wordpress.callac.online\/index.php\/numerique\/arduino\/la-bibliotheque-serialdlf\/controle-dune-led-rgb-avec-arduino\/"]}]},{"@type":"ImageObject","inLanguage":"fr-FR","@id":"https:\/\/wordpress.callac.online\/index.php\/numerique\/arduino\/la-bibliotheque-serialdlf\/controle-dune-led-rgb-avec-arduino\/#primaryimage","url":"https:\/\/wordpress.callac.online\/wp-content\/uploads\/2013\/12\/jpg_led_rgb.jpg","contentUrl":"https:\/\/wordpress.callac.online\/wp-content\/uploads\/2013\/12\/jpg_led_rgb.jpg","width":225,"height":225,"caption":"led_rgb.jpg"},{"@type":"BreadcrumbList","@id":"https:\/\/wordpress.callac.online\/index.php\/numerique\/arduino\/la-bibliotheque-serialdlf\/controle-dune-led-rgb-avec-arduino\/#breadcrumb","itemListElement":[{"@type":"ListItem","position":1,"name":"Accueil","item":"https:\/\/wordpress.callac.online\/"},{"@type":"ListItem","position":2,"name":"Num\u00e9rique","item":"https:\/\/wordpress.callac.online\/index.php\/numerique\/"},{"@type":"ListItem","position":3,"name":"Arduino","item":"https:\/\/wordpress.callac.online\/index.php\/numerique\/arduino\/"},{"@type":"ListItem","position":4,"name":"La biblioth\u00e8que SerialDLF","item":"https:\/\/wordpress.callac.online\/index.php\/numerique\/arduino\/la-bibliotheque-serialdlf\/"},{"@type":"ListItem","position":5,"name":"Contr\u00f4le d&#8217;une led RGB avec Arduino"}]},{"@type":"WebSite","@id":"https:\/\/wordpress.callac.online\/#website","url":"https:\/\/wordpress.callac.online\/","name":"Maths & Num\u00e9rique","description":"Des outils pour les enseignants de math\u00e9matiques et de num\u00e9rique","publisher":{"@id":"https:\/\/wordpress.callac.online\/#\/schema\/person\/04061f1ca2c2c42039142a704be95940"},"potentialAction":[{"@type":"SearchAction","target":{"@type":"EntryPoint","urlTemplate":"https:\/\/wordpress.callac.online\/?s={search_term_string}"},"query-input":{"@type":"PropertyValueSpecification","valueRequired":true,"valueName":"search_term_string"}}],"inLanguage":"fr-FR"},{"@type":["Person","Organization"],"@id":"https:\/\/wordpress.callac.online\/#\/schema\/person\/04061f1ca2c2c42039142a704be95940","name":"dlefur","image":{"@type":"ImageObject","inLanguage":"fr-FR","@id":"https:\/\/wordpress.callac.online\/#\/schema\/person\/image\/","url":"https:\/\/secure.gravatar.com\/avatar\/4a9e17be136808c6597f28aa2b6c13126dab066fdc2198ff60090972c9b7fafc?s=96&d=mm&r=g","contentUrl":"https:\/\/secure.gravatar.com\/avatar\/4a9e17be136808c6597f28aa2b6c13126dab066fdc2198ff60090972c9b7fafc?s=96&d=mm&r=g","caption":"dlefur"},"logo":{"@id":"https:\/\/wordpress.callac.online\/#\/schema\/person\/image\/"},"description":"Enseignant de math\u00e9matiques Lyc\u00e9e Pasteur S\u00e3o Paulo","sameAs":["http:\/\/wordpress.callac.online"]}]}},"_links":{"self":[{"href":"https:\/\/wordpress.callac.online\/index.php\/wp-json\/wp\/v2\/pages\/267","targetHints":{"allow":["GET"]}}],"collection":[{"href":"https:\/\/wordpress.callac.online\/index.php\/wp-json\/wp\/v2\/pages"}],"about":[{"href":"https:\/\/wordpress.callac.online\/index.php\/wp-json\/wp\/v2\/types\/page"}],"author":[{"embeddable":true,"href":"https:\/\/wordpress.callac.online\/index.php\/wp-json\/wp\/v2\/users\/1"}],"replies":[{"embeddable":true,"href":"https:\/\/wordpress.callac.online\/index.php\/wp-json\/wp\/v2\/comments?post=267"}],"version-history":[{"count":2,"href":"https:\/\/wordpress.callac.online\/index.php\/wp-json\/wp\/v2\/pages\/267\/revisions"}],"predecessor-version":[{"id":2846,"href":"https:\/\/wordpress.callac.online\/index.php\/wp-json\/wp\/v2\/pages\/267\/revisions\/2846"}],"up":[{"embeddable":true,"href":"https:\/\/wordpress.callac.online\/index.php\/wp-json\/wp\/v2\/pages\/2544"}],"wp:attachment":[{"href":"https:\/\/wordpress.callac.online\/index.php\/wp-json\/wp\/v2\/media?parent=267"}],"curies":[{"name":"wp","href":"https:\/\/api.w.org\/{rel}","templated":true}]}}