{"id":27,"date":"2006-10-15T13:38:00","date_gmt":"2006-10-15T11:38:00","guid":{"rendered":"http:\/\/wordpress.callac.online\/index.php\/tableaux-de-variations-1-sens-3\/"},"modified":"2023-10-14T20:12:10","modified_gmt":"2023-10-14T18:12:10","slug":"tableaux-de-variations-1-sens-3","status":"publish","type":"page","link":"https:\/\/wordpress.callac.online\/index.php\/edition-mathematique\/latex\/tableaux-avec-lextension-variation\/tableaux-de-variations-1-sens-3\/","title":{"rendered":"Tableaux de variations (1 sens)"},"content":{"rendered":"<figure id=\"attachment_492\" aria-describedby=\"caption-attachment-492\" style=\"width: 159px\" class=\"wp-caption aligncenter\"><img loading=\"lazy\" decoding=\"async\" class=\" aligncenter size-full wp-image-492\" title=\"tab1c\" src=\"http:\/\/wordpress.callac.online\/wp-content\/uploads\/2006\/10\/jpg_tab1c-3.jpg\" alt=\"tab1c\" width=\"159\" height=\"113\" align=\"center\" \/><figcaption id=\"caption-attachment-492\" class=\"wp-caption-text\">tab1c<\/figcaption><\/figure>\n<p>Voici son code :<\/p>\n<pre class=\"EnlighterJSRAW\" data-enlighter-language=\"latex\">\\begin{center}\n  \\begin{variations}\n    x        &amp;\\mI&amp;   &amp;\\pI   \\\\\n    \\filet\n    f'(x)    &amp;   &amp; + &amp;       \\\\\n    \\filet\n    \\m{f(x)} &amp;\\mI&amp;\\c &amp;\\h{\\pI}\\\\\n  \\end{variations}\n\\end{center}<\/pre>\n<hr \/>\n<figure id=\"attachment_493\" aria-describedby=\"caption-attachment-493\" style=\"width: 168px\" class=\"wp-caption aligncenter\"><img loading=\"lazy\" decoding=\"async\" class=\" aligncenter size-full wp-image-493\" title=\"tab1ic\" src=\"http:\/\/wordpress.callac.online\/wp-content\/uploads\/2006\/10\/jpg_tab1ic-3.jpg\" alt=\"tab1ic\" width=\"168\" height=\"106\" align=\"center\" \/><figcaption id=\"caption-attachment-493\" class=\"wp-caption-text\">tab1ic<\/figcaption><\/figure>\n<p>Voici son code :<\/p>\n<pre class=\"EnlighterJSRAW\" data-enlighter-language=\"latex\">\\begin{center}\n  \\begin{variations}\n    x       &amp;   &amp; 0 &amp;   &amp;\\pI    \\\\\n    \\filet\n    f'(x)   &amp;\\bg&amp;   &amp; + &amp;       \\\\\n    \\filet\n    \\m{f(x)}&amp;\\bg&amp;\\mI&amp;\\c &amp;\\h{\\pI}\\\\\n  \\end{variations}\n\\end{center}<\/pre>\n<hr \/>\n<figure id=\"attachment_494\" aria-describedby=\"caption-attachment-494\" style=\"width: 161px\" class=\"wp-caption aligncenter\"><img loading=\"lazy\" decoding=\"async\" class=\" aligncenter size-full wp-image-494\" title=\"tab1d\" src=\"http:\/\/wordpress.callac.online\/wp-content\/uploads\/2006\/10\/jpg_tab1d-3.jpg\" alt=\"tab1d\" width=\"161\" height=\"112\" align=\"center\" \/><figcaption id=\"caption-attachment-494\" class=\"wp-caption-text\">tab1d<\/figcaption><\/figure>\n<p>Voici son code :<\/p>\n<pre class=\"EnlighterJSRAW\" data-enlighter-language=\"latex\">\\begin{center}\n  \\begin{variations}\n    x       &amp;\\mI    &amp;   &amp;\\pI\\\\\n    \\filet\n    f'(x)   &amp;       &amp; - &amp;   \\\\\n    \\filet\n    \\m{f(x)}&amp;\\h{\\pI}&amp;\\d &amp;\\mI\\\\\n  \\end{variations}\n\\end{center}<\/pre>\n<hr \/>\n<figure id=\"attachment_495\" aria-describedby=\"caption-attachment-495\" style=\"width: 159px\" class=\"wp-caption aligncenter\"><img loading=\"lazy\" decoding=\"async\" class=\" aligncenter size-full wp-image-495\" title=\"tab1id\" src=\"http:\/\/wordpress.callac.online\/wp-content\/uploads\/2006\/10\/jpg_tab1id-3.jpg\" alt=\"tab1id\" width=\"159\" height=\"109\" align=\"center\" \/><figcaption id=\"caption-attachment-495\" class=\"wp-caption-text\">tab1id<\/figcaption><\/figure>\n<p>Voici son code :<\/p>\n<pre class=\"EnlighterJSRAW\" data-enlighter-language=\"latex\">\\begin{center}\n  \\begin{variations}\n    x       &amp;   &amp;   0   &amp;   &amp;\\pI\\\\\n    \\filet\n    f'(x)   &amp;\\bg&amp;       &amp; - &amp;   \\\\\n    \\filet\n    \\m{f(x)}&amp;\\bg&amp;\\h{\\pI}&amp;\\d &amp;\\mI\\\\\n  \\end{variations}\n\\end{center}<\/pre>\n<hr \/>\n","protected":false},"excerpt":{"rendered":"<p>Voici son code : \\begin{center} \\begin{variations} x &amp;\\mI&amp; &amp;\\pI \\\\ \\filet f'(x) &amp; &amp; + &amp; \\\\ \\filet \\m{f(x)} &amp;\\mI&amp;\\c &amp;\\h{\\pI}\\\\ \\end{variations} \\end{center} Voici son code : \\begin{center} \\begin{variations} x&hellip;<\/p>\n","protected":false},"author":1,"featured_media":0,"parent":2390,"menu_order":1,"comment_status":"closed","ping_status":"closed","template":"","meta":{"footnotes":""},"class_list":["post-27","page","type-page","status-publish","hentry"],"yoast_head":"<!-- This site is optimized with the Yoast SEO plugin v27.1.1 - https:\/\/yoast.com\/product\/yoast-seo-wordpress\/ -->\n<title>Tableaux de variations (1 sens) - Maths &amp; Num\u00e9rique<\/title>\n<meta name=\"robots\" content=\"index, follow, max-snippet:-1, max-image-preview:large, max-video-preview:-1\" \/>\n<link rel=\"canonical\" href=\"https:\/\/wordpress.callac.online\/index.php\/edition-mathematique\/latex\/tableaux-avec-lextension-variation\/tableaux-de-variations-1-sens-3\/\" \/>\n<meta property=\"og:locale\" content=\"fr_FR\" \/>\n<meta property=\"og:type\" content=\"article\" \/>\n<meta property=\"og:title\" content=\"Tableaux de variations (1 sens) - Maths &amp; Num\u00e9rique\" \/>\n<meta property=\"og:description\" content=\"Voici son code : begin{center} begin{variations} x &amp;mI&amp; &amp;pI \\ filet f&#039;(x) &amp; &amp; + &amp; \\ filet m{f(x)} &amp;mI&amp;c &amp;h{pI}\\ end{variations} end{center} Voici son code : begin{center} begin{variations} x&hellip;\" \/>\n<meta property=\"og:url\" content=\"https:\/\/wordpress.callac.online\/index.php\/edition-mathematique\/latex\/tableaux-avec-lextension-variation\/tableaux-de-variations-1-sens-3\/\" \/>\n<meta property=\"og:site_name\" content=\"Maths &amp; Num\u00e9rique\" \/>\n<meta property=\"article:modified_time\" content=\"2023-10-14T18:12:10+00:00\" \/>\n<meta property=\"og:image\" content=\"http:\/\/wordpress.callac.online\/wp-content\/uploads\/2006\/10\/jpg_tab1c-3.jpg\" \/>\n<meta name=\"twitter:card\" content=\"summary_large_image\" \/>\n<meta name=\"twitter:label1\" content=\"Dur\u00e9e de lecture estim\u00e9e\" \/>\n\t<meta name=\"twitter:data1\" content=\"1 minute\" \/>\n<script type=\"application\/ld+json\" class=\"yoast-schema-graph\">{\"@context\":\"https:\/\/schema.org\",\"@graph\":[{\"@type\":\"WebPage\",\"@id\":\"https:\/\/wordpress.callac.online\/index.php\/edition-mathematique\/latex\/tableaux-avec-lextension-variation\/tableaux-de-variations-1-sens-3\/\",\"url\":\"https:\/\/wordpress.callac.online\/index.php\/edition-mathematique\/latex\/tableaux-avec-lextension-variation\/tableaux-de-variations-1-sens-3\/\",\"name\":\"Tableaux de variations (1 sens) - Maths &amp; Num\u00e9rique\",\"isPartOf\":{\"@id\":\"https:\/\/wordpress.callac.online\/#website\"},\"primaryImageOfPage\":{\"@id\":\"https:\/\/wordpress.callac.online\/index.php\/edition-mathematique\/latex\/tableaux-avec-lextension-variation\/tableaux-de-variations-1-sens-3\/#primaryimage\"},\"image\":{\"@id\":\"https:\/\/wordpress.callac.online\/index.php\/edition-mathematique\/latex\/tableaux-avec-lextension-variation\/tableaux-de-variations-1-sens-3\/#primaryimage\"},\"thumbnailUrl\":\"http:\/\/wordpress.callac.online\/wp-content\/uploads\/2006\/10\/jpg_tab1c-3.jpg\",\"datePublished\":\"2006-10-15T11:38:00+00:00\",\"dateModified\":\"2023-10-14T18:12:10+00:00\",\"breadcrumb\":{\"@id\":\"https:\/\/wordpress.callac.online\/index.php\/edition-mathematique\/latex\/tableaux-avec-lextension-variation\/tableaux-de-variations-1-sens-3\/#breadcrumb\"},\"inLanguage\":\"fr-FR\",\"potentialAction\":[{\"@type\":\"ReadAction\",\"target\":[\"https:\/\/wordpress.callac.online\/index.php\/edition-mathematique\/latex\/tableaux-avec-lextension-variation\/tableaux-de-variations-1-sens-3\/\"]}]},{\"@type\":\"ImageObject\",\"inLanguage\":\"fr-FR\",\"@id\":\"https:\/\/wordpress.callac.online\/index.php\/edition-mathematique\/latex\/tableaux-avec-lextension-variation\/tableaux-de-variations-1-sens-3\/#primaryimage\",\"url\":\"https:\/\/wordpress.callac.online\/wp-content\/uploads\/2006\/10\/jpg_tab1c-3.jpg\",\"contentUrl\":\"https:\/\/wordpress.callac.online\/wp-content\/uploads\/2006\/10\/jpg_tab1c-3.jpg\",\"width\":159,\"height\":113,\"caption\":\"tab1c\"},{\"@type\":\"BreadcrumbList\",\"@id\":\"https:\/\/wordpress.callac.online\/index.php\/edition-mathematique\/latex\/tableaux-avec-lextension-variation\/tableaux-de-variations-1-sens-3\/#breadcrumb\",\"itemListElement\":[{\"@type\":\"ListItem\",\"position\":1,\"name\":\"Accueil\",\"item\":\"https:\/\/wordpress.callac.online\/\"},{\"@type\":\"ListItem\",\"position\":2,\"name\":\"\u00c9dition math\u00e9matique\",\"item\":\"https:\/\/wordpress.callac.online\/index.php\/edition-mathematique\/\"},{\"@type\":\"ListItem\",\"position\":3,\"name\":\"LaTeX\",\"item\":\"https:\/\/wordpress.callac.online\/index.php\/edition-mathematique\/latex\/\"},{\"@type\":\"ListItem\",\"position\":4,\"name\":\"Tableaux avec l&#8217;extension &#8220;Variation&#8221;\",\"item\":\"https:\/\/wordpress.callac.online\/index.php\/edition-mathematique\/latex\/tableaux-avec-lextension-variation\/\"},{\"@type\":\"ListItem\",\"position\":5,\"name\":\"Tableaux de variations (1 sens)\"}]},{\"@type\":\"WebSite\",\"@id\":\"https:\/\/wordpress.callac.online\/#website\",\"url\":\"https:\/\/wordpress.callac.online\/\",\"name\":\"Maths & Num\u00e9rique\",\"description\":\"Des outils pour les enseignants de math\u00e9matiques et de num\u00e9rique\",\"publisher\":{\"@id\":\"https:\/\/wordpress.callac.online\/#\/schema\/person\/04061f1ca2c2c42039142a704be95940\"},\"potentialAction\":[{\"@type\":\"SearchAction\",\"target\":{\"@type\":\"EntryPoint\",\"urlTemplate\":\"https:\/\/wordpress.callac.online\/?s={search_term_string}\"},\"query-input\":{\"@type\":\"PropertyValueSpecification\",\"valueRequired\":true,\"valueName\":\"search_term_string\"}}],\"inLanguage\":\"fr-FR\"},{\"@type\":[\"Person\",\"Organization\"],\"@id\":\"https:\/\/wordpress.callac.online\/#\/schema\/person\/04061f1ca2c2c42039142a704be95940\",\"name\":\"dlefur\",\"image\":{\"@type\":\"ImageObject\",\"inLanguage\":\"fr-FR\",\"@id\":\"https:\/\/wordpress.callac.online\/#\/schema\/person\/image\/\",\"url\":\"https:\/\/secure.gravatar.com\/avatar\/4a9e17be136808c6597f28aa2b6c13126dab066fdc2198ff60090972c9b7fafc?s=96&d=mm&r=g\",\"contentUrl\":\"https:\/\/secure.gravatar.com\/avatar\/4a9e17be136808c6597f28aa2b6c13126dab066fdc2198ff60090972c9b7fafc?s=96&d=mm&r=g\",\"caption\":\"dlefur\"},\"logo\":{\"@id\":\"https:\/\/wordpress.callac.online\/#\/schema\/person\/image\/\"},\"description\":\"Enseignant de math\u00e9matiques Lyc\u00e9e Pasteur S\u00e3o Paulo\",\"sameAs\":[\"http:\/\/wordpress.callac.online\"]}]}<\/script>\n<!-- \/ Yoast SEO plugin. -->","yoast_head_json":{"title":"Tableaux de variations (1 sens) - Maths &amp; Num\u00e9rique","robots":{"index":"index","follow":"follow","max-snippet":"max-snippet:-1","max-image-preview":"max-image-preview:large","max-video-preview":"max-video-preview:-1"},"canonical":"https:\/\/wordpress.callac.online\/index.php\/edition-mathematique\/latex\/tableaux-avec-lextension-variation\/tableaux-de-variations-1-sens-3\/","og_locale":"fr_FR","og_type":"article","og_title":"Tableaux de variations (1 sens) - Maths &amp; Num\u00e9rique","og_description":"Voici son code : begin{center} begin{variations} x &amp;mI&amp; &amp;pI \\ filet f'(x) &amp; &amp; + &amp; \\ filet m{f(x)} &amp;mI&amp;c &amp;h{pI}\\ end{variations} end{center} Voici son code : begin{center} begin{variations} x&hellip;","og_url":"https:\/\/wordpress.callac.online\/index.php\/edition-mathematique\/latex\/tableaux-avec-lextension-variation\/tableaux-de-variations-1-sens-3\/","og_site_name":"Maths &amp; Num\u00e9rique","article_modified_time":"2023-10-14T18:12:10+00:00","og_image":[{"url":"http:\/\/wordpress.callac.online\/wp-content\/uploads\/2006\/10\/jpg_tab1c-3.jpg","type":"","width":"","height":""}],"twitter_card":"summary_large_image","twitter_misc":{"Dur\u00e9e de lecture estim\u00e9e":"1 minute"},"schema":{"@context":"https:\/\/schema.org","@graph":[{"@type":"WebPage","@id":"https:\/\/wordpress.callac.online\/index.php\/edition-mathematique\/latex\/tableaux-avec-lextension-variation\/tableaux-de-variations-1-sens-3\/","url":"https:\/\/wordpress.callac.online\/index.php\/edition-mathematique\/latex\/tableaux-avec-lextension-variation\/tableaux-de-variations-1-sens-3\/","name":"Tableaux de variations (1 sens) - Maths &amp; Num\u00e9rique","isPartOf":{"@id":"https:\/\/wordpress.callac.online\/#website"},"primaryImageOfPage":{"@id":"https:\/\/wordpress.callac.online\/index.php\/edition-mathematique\/latex\/tableaux-avec-lextension-variation\/tableaux-de-variations-1-sens-3\/#primaryimage"},"image":{"@id":"https:\/\/wordpress.callac.online\/index.php\/edition-mathematique\/latex\/tableaux-avec-lextension-variation\/tableaux-de-variations-1-sens-3\/#primaryimage"},"thumbnailUrl":"http:\/\/wordpress.callac.online\/wp-content\/uploads\/2006\/10\/jpg_tab1c-3.jpg","datePublished":"2006-10-15T11:38:00+00:00","dateModified":"2023-10-14T18:12:10+00:00","breadcrumb":{"@id":"https:\/\/wordpress.callac.online\/index.php\/edition-mathematique\/latex\/tableaux-avec-lextension-variation\/tableaux-de-variations-1-sens-3\/#breadcrumb"},"inLanguage":"fr-FR","potentialAction":[{"@type":"ReadAction","target":["https:\/\/wordpress.callac.online\/index.php\/edition-mathematique\/latex\/tableaux-avec-lextension-variation\/tableaux-de-variations-1-sens-3\/"]}]},{"@type":"ImageObject","inLanguage":"fr-FR","@id":"https:\/\/wordpress.callac.online\/index.php\/edition-mathematique\/latex\/tableaux-avec-lextension-variation\/tableaux-de-variations-1-sens-3\/#primaryimage","url":"https:\/\/wordpress.callac.online\/wp-content\/uploads\/2006\/10\/jpg_tab1c-3.jpg","contentUrl":"https:\/\/wordpress.callac.online\/wp-content\/uploads\/2006\/10\/jpg_tab1c-3.jpg","width":159,"height":113,"caption":"tab1c"},{"@type":"BreadcrumbList","@id":"https:\/\/wordpress.callac.online\/index.php\/edition-mathematique\/latex\/tableaux-avec-lextension-variation\/tableaux-de-variations-1-sens-3\/#breadcrumb","itemListElement":[{"@type":"ListItem","position":1,"name":"Accueil","item":"https:\/\/wordpress.callac.online\/"},{"@type":"ListItem","position":2,"name":"\u00c9dition math\u00e9matique","item":"https:\/\/wordpress.callac.online\/index.php\/edition-mathematique\/"},{"@type":"ListItem","position":3,"name":"LaTeX","item":"https:\/\/wordpress.callac.online\/index.php\/edition-mathematique\/latex\/"},{"@type":"ListItem","position":4,"name":"Tableaux avec l&#8217;extension &#8220;Variation&#8221;","item":"https:\/\/wordpress.callac.online\/index.php\/edition-mathematique\/latex\/tableaux-avec-lextension-variation\/"},{"@type":"ListItem","position":5,"name":"Tableaux de variations (1 sens)"}]},{"@type":"WebSite","@id":"https:\/\/wordpress.callac.online\/#website","url":"https:\/\/wordpress.callac.online\/","name":"Maths & Num\u00e9rique","description":"Des outils pour les enseignants de math\u00e9matiques et de num\u00e9rique","publisher":{"@id":"https:\/\/wordpress.callac.online\/#\/schema\/person\/04061f1ca2c2c42039142a704be95940"},"potentialAction":[{"@type":"SearchAction","target":{"@type":"EntryPoint","urlTemplate":"https:\/\/wordpress.callac.online\/?s={search_term_string}"},"query-input":{"@type":"PropertyValueSpecification","valueRequired":true,"valueName":"search_term_string"}}],"inLanguage":"fr-FR"},{"@type":["Person","Organization"],"@id":"https:\/\/wordpress.callac.online\/#\/schema\/person\/04061f1ca2c2c42039142a704be95940","name":"dlefur","image":{"@type":"ImageObject","inLanguage":"fr-FR","@id":"https:\/\/wordpress.callac.online\/#\/schema\/person\/image\/","url":"https:\/\/secure.gravatar.com\/avatar\/4a9e17be136808c6597f28aa2b6c13126dab066fdc2198ff60090972c9b7fafc?s=96&d=mm&r=g","contentUrl":"https:\/\/secure.gravatar.com\/avatar\/4a9e17be136808c6597f28aa2b6c13126dab066fdc2198ff60090972c9b7fafc?s=96&d=mm&r=g","caption":"dlefur"},"logo":{"@id":"https:\/\/wordpress.callac.online\/#\/schema\/person\/image\/"},"description":"Enseignant de math\u00e9matiques Lyc\u00e9e Pasteur S\u00e3o Paulo","sameAs":["http:\/\/wordpress.callac.online"]}]}},"_links":{"self":[{"href":"https:\/\/wordpress.callac.online\/index.php\/wp-json\/wp\/v2\/pages\/27","targetHints":{"allow":["GET"]}}],"collection":[{"href":"https:\/\/wordpress.callac.online\/index.php\/wp-json\/wp\/v2\/pages"}],"about":[{"href":"https:\/\/wordpress.callac.online\/index.php\/wp-json\/wp\/v2\/types\/page"}],"author":[{"embeddable":true,"href":"https:\/\/wordpress.callac.online\/index.php\/wp-json\/wp\/v2\/users\/1"}],"replies":[{"embeddable":true,"href":"https:\/\/wordpress.callac.online\/index.php\/wp-json\/wp\/v2\/comments?post=27"}],"version-history":[{"count":2,"href":"https:\/\/wordpress.callac.online\/index.php\/wp-json\/wp\/v2\/pages\/27\/revisions"}],"predecessor-version":[{"id":2396,"href":"https:\/\/wordpress.callac.online\/index.php\/wp-json\/wp\/v2\/pages\/27\/revisions\/2396"}],"up":[{"embeddable":true,"href":"https:\/\/wordpress.callac.online\/index.php\/wp-json\/wp\/v2\/pages\/2390"}],"wp:attachment":[{"href":"https:\/\/wordpress.callac.online\/index.php\/wp-json\/wp\/v2\/media?parent=27"}],"curies":[{"name":"wp","href":"https:\/\/api.w.org\/{rel}","templated":true}]}}