{"id":270,"date":"2013-12-29T22:30:00","date_gmt":"2013-12-29T21:30:00","guid":{"rendered":"http:\/\/wordpress.callac.online\/index.php\/reception-depuis-arduino-des-signaux-dune-telecommande\/"},"modified":"2022-01-05T22:41:57","modified_gmt":"2022-01-05T21:41:57","slug":"reception-depuis-arduino-des-signaux-dune-telecommande","status":"publish","type":"page","link":"https:\/\/wordpress.callac.online\/index.php\/numerique\/arduino\/la-communication-infrarouge\/reception-depuis-arduino-des-signaux-dune-telecommande\/","title":{"rendered":"R\u00e9ception depuis Arduino des signaux d&rsquo;une t\u00e9l\u00e9commande"},"content":{"rendered":"<h2>L&rsquo;objectif<\/h2>\n<p>Comme nous savons r\u00e9cup\u00e9rer le <a href=\"https:\/\/wordpress.callac.online\/index.php\/numerique\/arduino\/la-communication-infrarouge\/types-et-codes-des-telecommandes\/\">type et les codes d&rsquo;une t\u00e9l\u00e9commande<\/a>,<br \/>on peut alors, \u00e0 la r\u00e9ception d&rsquo;un signal \u00e9mis par cette t\u00e9l\u00e9commande, choisir de faire telle ou telle action.<\/p>\n<h2>Un exemple de code<\/h2>\n<p>Dans cet exemple, le r\u00e9cepteur est branch\u00e9 sur le pin11 d&rsquo;Arduino.<\/p>\n<p>En fichier sont d\u00e9finies les codes correspondant \u00e0 chaque touche de la t\u00e9l\u00e9commande.<\/p>\n<p>Il suffit alors de comparer le signal re\u00e7u avec ces codes pour agir en cons\u00e9quence.<\/p>\n<pre class=\"EnlighterJSRAW\" data-enlighter-language=\"generic\">\/* \n Reception infrarouge \n Utilisation du kit LDB (LadDeGaragem)\n Type NEC\n *\/\n\n\n#define LDB_Touche_0 0xE12430CF\n#define LDB_Touche_1 0xE12440BF\n#define LDB_Touche_2 0xE12428D7\n#define LDB_Touche_3 0xE1246897\n#define LDB_Touche_4 0xE124B847\n#define LDB_Touche_5 0xE124F00F\n#define LDB_Touche_6 0xE1249867\n#define LDB_Touche_7 0xE1247887\n#define LDB_Touche_8 0xE124B04F\n#define LDB_Touche_9 0xE124F807\n#define LDB_Touche_Volume_Up 0xE12458A7\n#define LDB_Touche_Volume_Down 0xE124A05F\n#define LDB_Touche_Diese 0xE124E817\n#define LDB_Touche_Sel 0xE12418E7\n#define LDB_Touche_Mute 0xE124609F\n#define LDB_Touche_Source 0xE12448B7\n#define LDB_Touche_Disp 0xE124C837\n#define LDB_Touche_Band 0xE124D827\n\n\n\n#include &lt;IRremote.h&gt;\n\nint broche_reception = 11; \/\/ broche 11 utilis\u00e9e \nIRrecv reception_ir(broche_reception); \/\/ cr\u00e9e une instance \ndecode_results decode_ir; \/\/ stockage donn\u00e9es re\u00e7ues\n\n\nvoid setup() \n{ \n  Serial.begin(9600); \n  reception_ir.enableIRIn(); \/\/ d\u00e9marre la r\u00e9ception \n}\n\nvoid loop() \n{ \n  if (reception_ir.decode(&amp;decode_ir)) \n  { \n    Serial.println(decode_ir.value, HEX);\n    switch (decode_ir.value)\n    {\n    case  LDB_Touche_0 : \/\/\/\/ Touche 0\n      Serial.println(\"Touche 0\");\n      break;\n\n    case  LDB_Touche_1 : \/\/\/\/ Touche 1\n      Serial.println(\"Touche 1\");\n      break;\n\n    case  LDB_Touche_2 : \/\/\/\/ Touche 2\n      Serial.println(\"Touche 2\");\n      break;\n\n    case  LDB_Touche_3 : \/\/\/\/ Touche 3\n      Serial.println(\"Touche 3\");\n      break;\t\n    case  LDB_Touche_4 : \/\/\/\/ Touche 4\n      Serial.println(\"Touche 4\");\n      break;\t\n\n    case  LDB_Touche_5 : \/\/\/\/ Touche 5\n      Serial.println(\"Touche 5\");\n      break;\n\n    case  LDB_Touche_6 : \/\/\/\/ Touche 6\n      Serial.println(\"Touche 6\");\n      break;\t\n\n    case  LDB_Touche_7 : \/\/\/\/ Touche 7\n      Serial.println(\"Touche 7\");\n      break;\t\n\n    case  LDB_Touche_8 : \/\/\/\/ Touche 8\n      Serial.println(\"Touche 8\");\n      break;\n\n    case  LDB_Touche_9 : \/\/\/\/ Touche 9\n      Serial.println(\"Touche 9\");\n      break;\n\n    case  LDB_Touche_Volume_Up : \/\/\/\/ Touche Volume Up\n      Serial.println(\"Touche Volume Up\");\n      break;\t\n\n    case  LDB_Touche_Volume_Down : \/\/\/\/ Touche Volume Down\n      Serial.println(\"Touche Volume Down\");\n      break;\t\n\ncase  LDB_Touche_Diese : \/\/\/\/ Touche Diese\n      Serial.println(\"Touche Diese\");\n      break;\t\n\n    case  LDB_Touche_Sel : \/\/\/\/ Touche Sel\n      Serial.println(\"Touche Sel\");\n      break;\t\n\n    case  LDB_Touche_Mute : \/\/\/\/ Touche Mute\n      Serial.println(\"Touche Mute\");\n      break;\t\n\n    case  LDB_Touche_Source : \/\/\/\/ Touche Source\n      Serial.println(\"Touche Source\");\n      break;\t\n    case  LDB_Touche_Disp : \/\/\/\/ Touche Disp\n      Serial.println(\"Touche Disp\");\n      break;\t\n\n    case  LDB_Touche_Band : \/\/\/\/ Band\n      Serial.println(\"Touche Band\");\n      break;\t\n\n    }\n\n\n    reception_ir.resume(); \/\/ re\u00e7oit le prochain code\n\n  } \n}\n\n\n<\/pre>\n\n\n<h2 class=\"wp-block-heading\">Simulation<\/h2>\n\n\n\n<ul>\n<li>Lancer la simulation<\/li>\n<li>Cliquer sur \u00ab\u00a0Code\u00a0\u00bb<\/li>\n<li>Clique sur \u00ab\u00a0Moniteur S\u00e9rie\u00a0\u00bb<\/li>\n<li>Cliquer sur la t\u00e9l\u00e9commande et regarder les messages sur la liaison s\u00e9rie.<\/li>\n<\/ul>\n\n\n\n<figure><iframe loading=\"lazy\" width=\"725\" height=\"453\" src=\"https:\/\/www.tinkercad.com\/embed\/7N1M9xsnAin?editbtn=1\"><\/iframe><\/figure>\n","protected":false},"excerpt":{"rendered":"<p>L&rsquo;objectif Comme nous savons r\u00e9cup\u00e9rer le type et les codes d&rsquo;une t\u00e9l\u00e9commande,on peut alors, \u00e0 la r\u00e9ception d&rsquo;un signal \u00e9mis par cette t\u00e9l\u00e9commande, choisir de faire telle ou telle action.&hellip;<\/p>\n","protected":false},"author":1,"featured_media":0,"parent":2548,"menu_order":1,"comment_status":"closed","ping_status":"closed","template":"","meta":{"footnotes":""},"class_list":["post-270","page","type-page","status-publish","hentry"],"yoast_head":"<!-- This site is optimized with the Yoast SEO plugin v27.1.1 - https:\/\/yoast.com\/product\/yoast-seo-wordpress\/ -->\n<title>R\u00e9ception depuis Arduino des signaux d&#039;une t\u00e9l\u00e9commande - Maths &amp; Num\u00e9rique<\/title>\n<meta name=\"robots\" content=\"index, follow, max-snippet:-1, max-image-preview:large, max-video-preview:-1\" \/>\n<link rel=\"canonical\" href=\"https:\/\/wordpress.callac.online\/index.php\/numerique\/arduino\/la-communication-infrarouge\/reception-depuis-arduino-des-signaux-dune-telecommande\/\" \/>\n<meta property=\"og:locale\" content=\"fr_FR\" \/>\n<meta property=\"og:type\" content=\"article\" \/>\n<meta property=\"og:title\" content=\"R\u00e9ception depuis Arduino des signaux d&#039;une t\u00e9l\u00e9commande - Maths &amp; Num\u00e9rique\" \/>\n<meta property=\"og:description\" content=\"L&rsquo;objectif Comme nous savons r\u00e9cup\u00e9rer le type et les codes d&rsquo;une t\u00e9l\u00e9commande,on peut alors, \u00e0 la r\u00e9ception d&rsquo;un signal \u00e9mis par cette t\u00e9l\u00e9commande, choisir de faire telle ou telle action.&hellip;\" \/>\n<meta property=\"og:url\" content=\"https:\/\/wordpress.callac.online\/index.php\/numerique\/arduino\/la-communication-infrarouge\/reception-depuis-arduino-des-signaux-dune-telecommande\/\" \/>\n<meta property=\"og:site_name\" content=\"Maths &amp; Num\u00e9rique\" \/>\n<meta property=\"article:modified_time\" content=\"2022-01-05T21:41:57+00:00\" \/>\n<meta name=\"twitter:card\" content=\"summary_large_image\" \/>\n<meta name=\"twitter:label1\" content=\"Dur\u00e9e de lecture estim\u00e9e\" \/>\n\t<meta name=\"twitter:data1\" content=\"2 minutes\" \/>\n<script type=\"application\/ld+json\" class=\"yoast-schema-graph\">{\"@context\":\"https:\/\/schema.org\",\"@graph\":[{\"@type\":\"WebPage\",\"@id\":\"https:\/\/wordpress.callac.online\/index.php\/numerique\/arduino\/la-communication-infrarouge\/reception-depuis-arduino-des-signaux-dune-telecommande\/\",\"url\":\"https:\/\/wordpress.callac.online\/index.php\/numerique\/arduino\/la-communication-infrarouge\/reception-depuis-arduino-des-signaux-dune-telecommande\/\",\"name\":\"R\u00e9ception depuis Arduino des signaux d'une t\u00e9l\u00e9commande - Maths &amp; Num\u00e9rique\",\"isPartOf\":{\"@id\":\"https:\/\/wordpress.callac.online\/#website\"},\"datePublished\":\"2013-12-29T21:30:00+00:00\",\"dateModified\":\"2022-01-05T21:41:57+00:00\",\"breadcrumb\":{\"@id\":\"https:\/\/wordpress.callac.online\/index.php\/numerique\/arduino\/la-communication-infrarouge\/reception-depuis-arduino-des-signaux-dune-telecommande\/#breadcrumb\"},\"inLanguage\":\"fr-FR\",\"potentialAction\":[{\"@type\":\"ReadAction\",\"target\":[\"https:\/\/wordpress.callac.online\/index.php\/numerique\/arduino\/la-communication-infrarouge\/reception-depuis-arduino-des-signaux-dune-telecommande\/\"]}]},{\"@type\":\"BreadcrumbList\",\"@id\":\"https:\/\/wordpress.callac.online\/index.php\/numerique\/arduino\/la-communication-infrarouge\/reception-depuis-arduino-des-signaux-dune-telecommande\/#breadcrumb\",\"itemListElement\":[{\"@type\":\"ListItem\",\"position\":1,\"name\":\"Accueil\",\"item\":\"https:\/\/wordpress.callac.online\/\"},{\"@type\":\"ListItem\",\"position\":2,\"name\":\"Num\u00e9rique\",\"item\":\"https:\/\/wordpress.callac.online\/index.php\/numerique\/\"},{\"@type\":\"ListItem\",\"position\":3,\"name\":\"Arduino\",\"item\":\"https:\/\/wordpress.callac.online\/index.php\/numerique\/arduino\/\"},{\"@type\":\"ListItem\",\"position\":4,\"name\":\"La communication infrarouge\",\"item\":\"https:\/\/wordpress.callac.online\/index.php\/numerique\/arduino\/la-communication-infrarouge\/\"},{\"@type\":\"ListItem\",\"position\":5,\"name\":\"R\u00e9ception depuis Arduino des signaux d&#8217;une t\u00e9l\u00e9commande\"}]},{\"@type\":\"WebSite\",\"@id\":\"https:\/\/wordpress.callac.online\/#website\",\"url\":\"https:\/\/wordpress.callac.online\/\",\"name\":\"Maths & Num\u00e9rique\",\"description\":\"Des outils pour les enseignants de math\u00e9matiques et de num\u00e9rique\",\"publisher\":{\"@id\":\"https:\/\/wordpress.callac.online\/#\/schema\/person\/04061f1ca2c2c42039142a704be95940\"},\"potentialAction\":[{\"@type\":\"SearchAction\",\"target\":{\"@type\":\"EntryPoint\",\"urlTemplate\":\"https:\/\/wordpress.callac.online\/?s={search_term_string}\"},\"query-input\":{\"@type\":\"PropertyValueSpecification\",\"valueRequired\":true,\"valueName\":\"search_term_string\"}}],\"inLanguage\":\"fr-FR\"},{\"@type\":[\"Person\",\"Organization\"],\"@id\":\"https:\/\/wordpress.callac.online\/#\/schema\/person\/04061f1ca2c2c42039142a704be95940\",\"name\":\"dlefur\",\"image\":{\"@type\":\"ImageObject\",\"inLanguage\":\"fr-FR\",\"@id\":\"https:\/\/wordpress.callac.online\/#\/schema\/person\/image\/\",\"url\":\"https:\/\/secure.gravatar.com\/avatar\/4a9e17be136808c6597f28aa2b6c13126dab066fdc2198ff60090972c9b7fafc?s=96&d=mm&r=g\",\"contentUrl\":\"https:\/\/secure.gravatar.com\/avatar\/4a9e17be136808c6597f28aa2b6c13126dab066fdc2198ff60090972c9b7fafc?s=96&d=mm&r=g\",\"caption\":\"dlefur\"},\"logo\":{\"@id\":\"https:\/\/wordpress.callac.online\/#\/schema\/person\/image\/\"},\"description\":\"Enseignant de math\u00e9matiques Lyc\u00e9e Pasteur S\u00e3o Paulo\",\"sameAs\":[\"http:\/\/wordpress.callac.online\"]}]}<\/script>\n<!-- \/ Yoast SEO plugin. -->","yoast_head_json":{"title":"R\u00e9ception depuis Arduino des signaux d'une t\u00e9l\u00e9commande - Maths &amp; Num\u00e9rique","robots":{"index":"index","follow":"follow","max-snippet":"max-snippet:-1","max-image-preview":"max-image-preview:large","max-video-preview":"max-video-preview:-1"},"canonical":"https:\/\/wordpress.callac.online\/index.php\/numerique\/arduino\/la-communication-infrarouge\/reception-depuis-arduino-des-signaux-dune-telecommande\/","og_locale":"fr_FR","og_type":"article","og_title":"R\u00e9ception depuis Arduino des signaux d'une t\u00e9l\u00e9commande - Maths &amp; Num\u00e9rique","og_description":"L&rsquo;objectif Comme nous savons r\u00e9cup\u00e9rer le type et les codes d&rsquo;une t\u00e9l\u00e9commande,on peut alors, \u00e0 la r\u00e9ception d&rsquo;un signal \u00e9mis par cette t\u00e9l\u00e9commande, choisir de faire telle ou telle action.&hellip;","og_url":"https:\/\/wordpress.callac.online\/index.php\/numerique\/arduino\/la-communication-infrarouge\/reception-depuis-arduino-des-signaux-dune-telecommande\/","og_site_name":"Maths &amp; Num\u00e9rique","article_modified_time":"2022-01-05T21:41:57+00:00","twitter_card":"summary_large_image","twitter_misc":{"Dur\u00e9e de lecture estim\u00e9e":"2 minutes"},"schema":{"@context":"https:\/\/schema.org","@graph":[{"@type":"WebPage","@id":"https:\/\/wordpress.callac.online\/index.php\/numerique\/arduino\/la-communication-infrarouge\/reception-depuis-arduino-des-signaux-dune-telecommande\/","url":"https:\/\/wordpress.callac.online\/index.php\/numerique\/arduino\/la-communication-infrarouge\/reception-depuis-arduino-des-signaux-dune-telecommande\/","name":"R\u00e9ception depuis Arduino des signaux d'une t\u00e9l\u00e9commande - Maths &amp; Num\u00e9rique","isPartOf":{"@id":"https:\/\/wordpress.callac.online\/#website"},"datePublished":"2013-12-29T21:30:00+00:00","dateModified":"2022-01-05T21:41:57+00:00","breadcrumb":{"@id":"https:\/\/wordpress.callac.online\/index.php\/numerique\/arduino\/la-communication-infrarouge\/reception-depuis-arduino-des-signaux-dune-telecommande\/#breadcrumb"},"inLanguage":"fr-FR","potentialAction":[{"@type":"ReadAction","target":["https:\/\/wordpress.callac.online\/index.php\/numerique\/arduino\/la-communication-infrarouge\/reception-depuis-arduino-des-signaux-dune-telecommande\/"]}]},{"@type":"BreadcrumbList","@id":"https:\/\/wordpress.callac.online\/index.php\/numerique\/arduino\/la-communication-infrarouge\/reception-depuis-arduino-des-signaux-dune-telecommande\/#breadcrumb","itemListElement":[{"@type":"ListItem","position":1,"name":"Accueil","item":"https:\/\/wordpress.callac.online\/"},{"@type":"ListItem","position":2,"name":"Num\u00e9rique","item":"https:\/\/wordpress.callac.online\/index.php\/numerique\/"},{"@type":"ListItem","position":3,"name":"Arduino","item":"https:\/\/wordpress.callac.online\/index.php\/numerique\/arduino\/"},{"@type":"ListItem","position":4,"name":"La communication infrarouge","item":"https:\/\/wordpress.callac.online\/index.php\/numerique\/arduino\/la-communication-infrarouge\/"},{"@type":"ListItem","position":5,"name":"R\u00e9ception depuis Arduino des signaux d&#8217;une t\u00e9l\u00e9commande"}]},{"@type":"WebSite","@id":"https:\/\/wordpress.callac.online\/#website","url":"https:\/\/wordpress.callac.online\/","name":"Maths & Num\u00e9rique","description":"Des outils pour les enseignants de math\u00e9matiques et de num\u00e9rique","publisher":{"@id":"https:\/\/wordpress.callac.online\/#\/schema\/person\/04061f1ca2c2c42039142a704be95940"},"potentialAction":[{"@type":"SearchAction","target":{"@type":"EntryPoint","urlTemplate":"https:\/\/wordpress.callac.online\/?s={search_term_string}"},"query-input":{"@type":"PropertyValueSpecification","valueRequired":true,"valueName":"search_term_string"}}],"inLanguage":"fr-FR"},{"@type":["Person","Organization"],"@id":"https:\/\/wordpress.callac.online\/#\/schema\/person\/04061f1ca2c2c42039142a704be95940","name":"dlefur","image":{"@type":"ImageObject","inLanguage":"fr-FR","@id":"https:\/\/wordpress.callac.online\/#\/schema\/person\/image\/","url":"https:\/\/secure.gravatar.com\/avatar\/4a9e17be136808c6597f28aa2b6c13126dab066fdc2198ff60090972c9b7fafc?s=96&d=mm&r=g","contentUrl":"https:\/\/secure.gravatar.com\/avatar\/4a9e17be136808c6597f28aa2b6c13126dab066fdc2198ff60090972c9b7fafc?s=96&d=mm&r=g","caption":"dlefur"},"logo":{"@id":"https:\/\/wordpress.callac.online\/#\/schema\/person\/image\/"},"description":"Enseignant de math\u00e9matiques Lyc\u00e9e Pasteur S\u00e3o Paulo","sameAs":["http:\/\/wordpress.callac.online"]}]}},"_links":{"self":[{"href":"https:\/\/wordpress.callac.online\/index.php\/wp-json\/wp\/v2\/pages\/270","targetHints":{"allow":["GET"]}}],"collection":[{"href":"https:\/\/wordpress.callac.online\/index.php\/wp-json\/wp\/v2\/pages"}],"about":[{"href":"https:\/\/wordpress.callac.online\/index.php\/wp-json\/wp\/v2\/types\/page"}],"author":[{"embeddable":true,"href":"https:\/\/wordpress.callac.online\/index.php\/wp-json\/wp\/v2\/users\/1"}],"replies":[{"embeddable":true,"href":"https:\/\/wordpress.callac.online\/index.php\/wp-json\/wp\/v2\/comments?post=270"}],"version-history":[{"count":4,"href":"https:\/\/wordpress.callac.online\/index.php\/wp-json\/wp\/v2\/pages\/270\/revisions"}],"predecessor-version":[{"id":2874,"href":"https:\/\/wordpress.callac.online\/index.php\/wp-json\/wp\/v2\/pages\/270\/revisions\/2874"}],"up":[{"embeddable":true,"href":"https:\/\/wordpress.callac.online\/index.php\/wp-json\/wp\/v2\/pages\/2548"}],"wp:attachment":[{"href":"https:\/\/wordpress.callac.online\/index.php\/wp-json\/wp\/v2\/media?parent=270"}],"curies":[{"name":"wp","href":"https:\/\/api.w.org\/{rel}","templated":true}]}}