{"id":271,"date":"2013-12-30T14:00:59","date_gmt":"2013-12-30T13:00:59","guid":{"rendered":"http:\/\/wordpress.callac.online\/index.php\/manipulation-des-chaines-de-caracteres\/"},"modified":"2022-01-05T22:41:57","modified_gmt":"2022-01-05T21:41:57","slug":"manipulation-des-chaines-de-caracteres","status":"publish","type":"page","link":"https:\/\/wordpress.callac.online\/index.php\/numerique\/arduino\/quelques-reperes\/manipulation-des-chaines-de-caracteres\/","title":{"rendered":"Manipulation des cha\u00eenes de caract\u00e8res"},"content":{"rendered":"<h2>Le type String<\/h2>\n<p>On peut manipuler des cha\u00eenes de caract\u00e8res sous la forme de tableau de caract\u00e8res ou sous la forme d&rsquo;un objet de type String.<\/p>\n<p>L&rsquo;avantage de la classe String est qu&rsquo;elle vient avec des tas de m\u00e9thodes qui facilitent la manipulation des cha\u00eenes.<\/p>\n<h2>Les m\u00e9thodes<\/h2>\n<p>&#8211; <strong>String()<\/strong> : constructeur.<\/p>\n<p>&#8211; <strong>charAt(pos)<\/strong> : renvoie le caract\u00e8re \u00e0 la position \u00ab\u00a0pos\u00a0\u00bb.<\/p>\n<p>&#8211; <strong>compareTo(string2)<\/strong> : en utilisant le code ASCII, teste si la cha\u00eene vient avant string2.<\/p>\n<p>&#8211; <strong>concat(strResult,string2)<\/strong> : concat\u00e8ne la cha\u00eene et string2 dans strResult.<\/p>\n<p>&#8211; <strong>endsWith(string2)<\/strong> : teste si la cha\u00eene se termine par \u00ab\u00a0string2\u00a0\u00bb.<\/p>\n<p>&#8211; <strong>equals(string2)<\/strong> : compare les deux cha\u00eenes<\/p>\n<p>&#8211; <strong>equalsIgnoreCase(string2)<\/strong> : compare les deux cha\u00eenes sans tenir compte de la casse. <\/p>\n<p>&#8211; <strong>getBytes(bufbyte,len)<\/strong> : copie la cha\u00eene dans le tableau bufbyte[len]<\/p>\n<p>&#8211; <strong>indexOf(string1,from)<\/strong> : renvoie la premi\u00e8re position de la cha\u00eene string1 depuis le d\u00e9but ou depuis from.<\/p>\n<p>&#8211; <strong>lastIndexOf(string1,from)<\/strong> : renvoie la derni\u00e8re position trouv\u00e9e de string1 depuis la fin ou depuis from.<\/p>\n<p>&#8211; <strong>length()<\/strong> : renvoie la longueur de la cha\u00eene (int).<\/p>\n<p>&#8211; <strong>replace(substring1,substring2)<\/strong> : remplace toutes les occurences de \u00ab\u00a0substring1\u00a0\u00bb par \u00ab\u00a0substring2\u00a0\u00bb.<br \/>\n&#8211; <strong>reserve(size)<\/strong> : r\u00e9serve de la m\u00e9moire pour les manipulations de cha\u00eenes.<\/p>\n<p>&#8211; <strong>setCharAt(pos, car)<\/strong> : remplace le caract\u00e8re de la position \u00ab\u00a0pos\u00a0\u00bb par \u00ab\u00a0car\u00a0\u00bb.<\/p>\n<p>&#8211; <strong>startsWith(string2)<\/strong> : teste si la cha\u00eene commence par \u00ab\u00a0string2\u00a0\u00bb.<\/p>\n<p>&#8211; <strong>substring(from,to)<\/strong> : renvoie la cha\u00eene allant de la position \u00ab\u00a0from\u00a0\u00bb \u00e0 la position \u00ab\u00a0to\u00a0\u00bb (optionnel).<\/p>\n<p>&#8211; <strong>toCharArray(buf, len)<\/strong> : copie la cha\u00eene dans le tableau buf[len].<\/p>\n<p>&#8211; <strong>toInt()<\/strong> : renvoie si possible l&rsquo;entier (long) correspondant \u00e0 la cha\u00eene.<\/p>\n<p>&#8211; <strong>toLowerCase()<\/strong> : modifie la cha\u00eene pour le mettre en minuscules.<\/p>\n<p>&#8211; <strong>toUpperCase()<\/strong> : modifie la cha\u00eene pour le mettre en majuscules.<\/p>\n<p>&#8211; <strong>trim()<\/strong> : modifie la cha\u00eene en enlevant les espaces.<\/p>\n","protected":false},"excerpt":{"rendered":"<p>Le type String On peut manipuler des cha\u00eenes de caract\u00e8res sous la forme de tableau de caract\u00e8res ou sous la forme d&rsquo;un objet de type String. L&rsquo;avantage de la classe&hellip;<\/p>\n","protected":false},"author":1,"featured_media":0,"parent":2542,"menu_order":4,"comment_status":"closed","ping_status":"closed","template":"","meta":{"footnotes":""},"class_list":["post-271","page","type-page","status-publish","hentry"],"yoast_head":"<!-- This site is optimized with the Yoast SEO plugin v27.1.1 - https:\/\/yoast.com\/product\/yoast-seo-wordpress\/ -->\n<title>Manipulation des cha\u00eenes de caract\u00e8res - Maths &amp; Num\u00e9rique<\/title>\n<meta name=\"robots\" content=\"index, follow, max-snippet:-1, max-image-preview:large, max-video-preview:-1\" \/>\n<link rel=\"canonical\" href=\"https:\/\/wordpress.callac.online\/index.php\/numerique\/arduino\/quelques-reperes\/manipulation-des-chaines-de-caracteres\/\" \/>\n<meta property=\"og:locale\" content=\"fr_FR\" \/>\n<meta property=\"og:type\" content=\"article\" \/>\n<meta property=\"og:title\" content=\"Manipulation des cha\u00eenes de caract\u00e8res - Maths &amp; Num\u00e9rique\" \/>\n<meta property=\"og:description\" content=\"Le type String On peut manipuler des cha\u00eenes de caract\u00e8res sous la forme de tableau de caract\u00e8res ou sous la forme d&rsquo;un objet de type String. L&rsquo;avantage de la classe&hellip;\" \/>\n<meta property=\"og:url\" content=\"https:\/\/wordpress.callac.online\/index.php\/numerique\/arduino\/quelques-reperes\/manipulation-des-chaines-de-caracteres\/\" \/>\n<meta property=\"og:site_name\" content=\"Maths &amp; Num\u00e9rique\" \/>\n<meta property=\"article:modified_time\" content=\"2022-01-05T21:41:57+00:00\" \/>\n<meta name=\"twitter:card\" content=\"summary_large_image\" \/>\n<meta name=\"twitter:label1\" content=\"Dur\u00e9e de lecture estim\u00e9e\" \/>\n\t<meta name=\"twitter:data1\" content=\"2 minutes\" \/>\n<script type=\"application\/ld+json\" class=\"yoast-schema-graph\">{\"@context\":\"https:\/\/schema.org\",\"@graph\":[{\"@type\":\"WebPage\",\"@id\":\"https:\/\/wordpress.callac.online\/index.php\/numerique\/arduino\/quelques-reperes\/manipulation-des-chaines-de-caracteres\/\",\"url\":\"https:\/\/wordpress.callac.online\/index.php\/numerique\/arduino\/quelques-reperes\/manipulation-des-chaines-de-caracteres\/\",\"name\":\"Manipulation des cha\u00eenes de caract\u00e8res - Maths &amp; Num\u00e9rique\",\"isPartOf\":{\"@id\":\"https:\/\/wordpress.callac.online\/#website\"},\"datePublished\":\"2013-12-30T13:00:59+00:00\",\"dateModified\":\"2022-01-05T21:41:57+00:00\",\"breadcrumb\":{\"@id\":\"https:\/\/wordpress.callac.online\/index.php\/numerique\/arduino\/quelques-reperes\/manipulation-des-chaines-de-caracteres\/#breadcrumb\"},\"inLanguage\":\"fr-FR\",\"potentialAction\":[{\"@type\":\"ReadAction\",\"target\":[\"https:\/\/wordpress.callac.online\/index.php\/numerique\/arduino\/quelques-reperes\/manipulation-des-chaines-de-caracteres\/\"]}]},{\"@type\":\"BreadcrumbList\",\"@id\":\"https:\/\/wordpress.callac.online\/index.php\/numerique\/arduino\/quelques-reperes\/manipulation-des-chaines-de-caracteres\/#breadcrumb\",\"itemListElement\":[{\"@type\":\"ListItem\",\"position\":1,\"name\":\"Accueil\",\"item\":\"https:\/\/wordpress.callac.online\/\"},{\"@type\":\"ListItem\",\"position\":2,\"name\":\"Num\u00e9rique\",\"item\":\"https:\/\/wordpress.callac.online\/index.php\/numerique\/\"},{\"@type\":\"ListItem\",\"position\":3,\"name\":\"Arduino\",\"item\":\"https:\/\/wordpress.callac.online\/index.php\/numerique\/arduino\/\"},{\"@type\":\"ListItem\",\"position\":4,\"name\":\"Quelques rep\u00e8res\",\"item\":\"https:\/\/wordpress.callac.online\/index.php\/numerique\/arduino\/quelques-reperes\/\"},{\"@type\":\"ListItem\",\"position\":5,\"name\":\"Manipulation des cha\u00eenes de caract\u00e8res\"}]},{\"@type\":\"WebSite\",\"@id\":\"https:\/\/wordpress.callac.online\/#website\",\"url\":\"https:\/\/wordpress.callac.online\/\",\"name\":\"Maths & Num\u00e9rique\",\"description\":\"Des outils pour les enseignants de math\u00e9matiques et de num\u00e9rique\",\"publisher\":{\"@id\":\"https:\/\/wordpress.callac.online\/#\/schema\/person\/04061f1ca2c2c42039142a704be95940\"},\"potentialAction\":[{\"@type\":\"SearchAction\",\"target\":{\"@type\":\"EntryPoint\",\"urlTemplate\":\"https:\/\/wordpress.callac.online\/?s={search_term_string}\"},\"query-input\":{\"@type\":\"PropertyValueSpecification\",\"valueRequired\":true,\"valueName\":\"search_term_string\"}}],\"inLanguage\":\"fr-FR\"},{\"@type\":[\"Person\",\"Organization\"],\"@id\":\"https:\/\/wordpress.callac.online\/#\/schema\/person\/04061f1ca2c2c42039142a704be95940\",\"name\":\"dlefur\",\"image\":{\"@type\":\"ImageObject\",\"inLanguage\":\"fr-FR\",\"@id\":\"https:\/\/wordpress.callac.online\/#\/schema\/person\/image\/\",\"url\":\"https:\/\/secure.gravatar.com\/avatar\/4a9e17be136808c6597f28aa2b6c13126dab066fdc2198ff60090972c9b7fafc?s=96&d=mm&r=g\",\"contentUrl\":\"https:\/\/secure.gravatar.com\/avatar\/4a9e17be136808c6597f28aa2b6c13126dab066fdc2198ff60090972c9b7fafc?s=96&d=mm&r=g\",\"caption\":\"dlefur\"},\"logo\":{\"@id\":\"https:\/\/wordpress.callac.online\/#\/schema\/person\/image\/\"},\"description\":\"Enseignant de math\u00e9matiques Lyc\u00e9e Pasteur S\u00e3o Paulo\",\"sameAs\":[\"http:\/\/wordpress.callac.online\"]}]}<\/script>\n<!-- \/ Yoast SEO plugin. -->","yoast_head_json":{"title":"Manipulation des cha\u00eenes de caract\u00e8res - Maths &amp; Num\u00e9rique","robots":{"index":"index","follow":"follow","max-snippet":"max-snippet:-1","max-image-preview":"max-image-preview:large","max-video-preview":"max-video-preview:-1"},"canonical":"https:\/\/wordpress.callac.online\/index.php\/numerique\/arduino\/quelques-reperes\/manipulation-des-chaines-de-caracteres\/","og_locale":"fr_FR","og_type":"article","og_title":"Manipulation des cha\u00eenes de caract\u00e8res - Maths &amp; Num\u00e9rique","og_description":"Le type String On peut manipuler des cha\u00eenes de caract\u00e8res sous la forme de tableau de caract\u00e8res ou sous la forme d&rsquo;un objet de type String. L&rsquo;avantage de la classe&hellip;","og_url":"https:\/\/wordpress.callac.online\/index.php\/numerique\/arduino\/quelques-reperes\/manipulation-des-chaines-de-caracteres\/","og_site_name":"Maths &amp; Num\u00e9rique","article_modified_time":"2022-01-05T21:41:57+00:00","twitter_card":"summary_large_image","twitter_misc":{"Dur\u00e9e de lecture estim\u00e9e":"2 minutes"},"schema":{"@context":"https:\/\/schema.org","@graph":[{"@type":"WebPage","@id":"https:\/\/wordpress.callac.online\/index.php\/numerique\/arduino\/quelques-reperes\/manipulation-des-chaines-de-caracteres\/","url":"https:\/\/wordpress.callac.online\/index.php\/numerique\/arduino\/quelques-reperes\/manipulation-des-chaines-de-caracteres\/","name":"Manipulation des cha\u00eenes de caract\u00e8res - Maths &amp; Num\u00e9rique","isPartOf":{"@id":"https:\/\/wordpress.callac.online\/#website"},"datePublished":"2013-12-30T13:00:59+00:00","dateModified":"2022-01-05T21:41:57+00:00","breadcrumb":{"@id":"https:\/\/wordpress.callac.online\/index.php\/numerique\/arduino\/quelques-reperes\/manipulation-des-chaines-de-caracteres\/#breadcrumb"},"inLanguage":"fr-FR","potentialAction":[{"@type":"ReadAction","target":["https:\/\/wordpress.callac.online\/index.php\/numerique\/arduino\/quelques-reperes\/manipulation-des-chaines-de-caracteres\/"]}]},{"@type":"BreadcrumbList","@id":"https:\/\/wordpress.callac.online\/index.php\/numerique\/arduino\/quelques-reperes\/manipulation-des-chaines-de-caracteres\/#breadcrumb","itemListElement":[{"@type":"ListItem","position":1,"name":"Accueil","item":"https:\/\/wordpress.callac.online\/"},{"@type":"ListItem","position":2,"name":"Num\u00e9rique","item":"https:\/\/wordpress.callac.online\/index.php\/numerique\/"},{"@type":"ListItem","position":3,"name":"Arduino","item":"https:\/\/wordpress.callac.online\/index.php\/numerique\/arduino\/"},{"@type":"ListItem","position":4,"name":"Quelques rep\u00e8res","item":"https:\/\/wordpress.callac.online\/index.php\/numerique\/arduino\/quelques-reperes\/"},{"@type":"ListItem","position":5,"name":"Manipulation des cha\u00eenes de caract\u00e8res"}]},{"@type":"WebSite","@id":"https:\/\/wordpress.callac.online\/#website","url":"https:\/\/wordpress.callac.online\/","name":"Maths & Num\u00e9rique","description":"Des outils pour les enseignants de math\u00e9matiques et de num\u00e9rique","publisher":{"@id":"https:\/\/wordpress.callac.online\/#\/schema\/person\/04061f1ca2c2c42039142a704be95940"},"potentialAction":[{"@type":"SearchAction","target":{"@type":"EntryPoint","urlTemplate":"https:\/\/wordpress.callac.online\/?s={search_term_string}"},"query-input":{"@type":"PropertyValueSpecification","valueRequired":true,"valueName":"search_term_string"}}],"inLanguage":"fr-FR"},{"@type":["Person","Organization"],"@id":"https:\/\/wordpress.callac.online\/#\/schema\/person\/04061f1ca2c2c42039142a704be95940","name":"dlefur","image":{"@type":"ImageObject","inLanguage":"fr-FR","@id":"https:\/\/wordpress.callac.online\/#\/schema\/person\/image\/","url":"https:\/\/secure.gravatar.com\/avatar\/4a9e17be136808c6597f28aa2b6c13126dab066fdc2198ff60090972c9b7fafc?s=96&d=mm&r=g","contentUrl":"https:\/\/secure.gravatar.com\/avatar\/4a9e17be136808c6597f28aa2b6c13126dab066fdc2198ff60090972c9b7fafc?s=96&d=mm&r=g","caption":"dlefur"},"logo":{"@id":"https:\/\/wordpress.callac.online\/#\/schema\/person\/image\/"},"description":"Enseignant de math\u00e9matiques Lyc\u00e9e Pasteur S\u00e3o Paulo","sameAs":["http:\/\/wordpress.callac.online"]}]}},"_links":{"self":[{"href":"https:\/\/wordpress.callac.online\/index.php\/wp-json\/wp\/v2\/pages\/271","targetHints":{"allow":["GET"]}}],"collection":[{"href":"https:\/\/wordpress.callac.online\/index.php\/wp-json\/wp\/v2\/pages"}],"about":[{"href":"https:\/\/wordpress.callac.online\/index.php\/wp-json\/wp\/v2\/types\/page"}],"author":[{"embeddable":true,"href":"https:\/\/wordpress.callac.online\/index.php\/wp-json\/wp\/v2\/users\/1"}],"replies":[{"embeddable":true,"href":"https:\/\/wordpress.callac.online\/index.php\/wp-json\/wp\/v2\/comments?post=271"}],"version-history":[{"count":1,"href":"https:\/\/wordpress.callac.online\/index.php\/wp-json\/wp\/v2\/pages\/271\/revisions"}],"predecessor-version":[{"id":1511,"href":"https:\/\/wordpress.callac.online\/index.php\/wp-json\/wp\/v2\/pages\/271\/revisions\/1511"}],"up":[{"embeddable":true,"href":"https:\/\/wordpress.callac.online\/index.php\/wp-json\/wp\/v2\/pages\/2542"}],"wp:attachment":[{"href":"https:\/\/wordpress.callac.online\/index.php\/wp-json\/wp\/v2\/media?parent=271"}],"curies":[{"name":"wp","href":"https:\/\/api.w.org\/{rel}","templated":true}]}}