{"id":283,"date":"2014-08-30T19:36:58","date_gmt":"2014-08-30T17:36:58","guid":{"rendered":"http:\/\/wordpress.callac.online\/index.php\/calculs-autour-de-la-loi-binomiale-avec-r\/"},"modified":"2023-10-14T20:14:32","modified_gmt":"2023-10-14T18:14:32","slug":"calculs-autour-de-la-loi-binomiale-avec-r","status":"publish","type":"page","link":"https:\/\/wordpress.callac.online\/index.php\/logiciels-mathematiques\/le-logiciel-r\/la-loi-binomiale-avec-r\/calculs-autour-de-la-loi-binomiale-avec-r\/","title":{"rendered":"Calculs autour de la loi bin\u00f4miale avec R"},"content":{"rendered":"<p>Voici quelques exemples permettant d&rsquo;utiliser la loi binomiale avec le logiciel R.<\/p>\n<h2>Comme une calculatrice<\/h2>\n<p>Pour une loi binomiale de param\u00e8tres $n =10$ et de probabilit\u00e9 $p=0,3$.<\/p>\n<hr \/>\n<p>Pour calculer $P(X=3)$ :<\/p>\n<pre class=\"EnlighterJSRAW\" data-enlighter-language=\"generic\">dbinom(x=3,size=10,prob=0.3)<\/pre>\n<hr \/>\n<p>Pour calculer $P(2&lt;x&lt;6)$ :<\/p>\n<pre class=\"EnlighterJSRAW\" data-enlighter-language=\"generic\">sum(dbinom(x=2:6,size=10,prob=0.3))<\/pre>\n<hr \/>\n<p>Pour calculer $P(X&lt;=4)$ :<\/p>\n<pre class=\"EnlighterJSRAW\" data-enlighter-language=\"generic\">sum(dbinom(x=0:4,size=10,prob=0.3))<\/pre>\n<p>ou en utilisant la fonction densit\u00e9 :<\/p>\n<pre class=\"EnlighterJSRAW\" data-enlighter-language=\"generic\">pbinom(q=4,size=10,prob=0.3)<\/pre>\n<p># renvoie p(X &lt;=q)<\/p>\n<hr \/>\n<p>Pour calculer $P(X&gt;4)$ :<\/p>\n<pre class=\"EnlighterJSRAW\" data-enlighter-language=\"generic\">sum(dbinom(x=5:10,size=10,prob=0.3))<\/pre>\n<p>ou en utilisant la fonction densit\u00e9 :<\/p>\n<pre class=\"EnlighterJSRAW\" data-enlighter-language=\"generic\">pbinom(q=4,size=10,prob=0.3,lower.tail=FALSE)\n# lower.tail=FALSE indique qu'on prend p(X&gt;q)<\/pre>\n\n\n<p><\/p>\n","protected":false},"excerpt":{"rendered":"<p>Voici quelques exemples permettant d&rsquo;utiliser la loi binomiale avec le logiciel R. Comme une calculatrice Pour une loi binomiale de param\u00e8tres $n =10$ et de probabilit\u00e9 $p=0,3$. Pour calculer $P(X=3)$&hellip;<\/p>\n","protected":false},"author":1,"featured_media":0,"parent":2083,"menu_order":0,"comment_status":"closed","ping_status":"closed","template":"","meta":{"footnotes":""},"class_list":["post-283","page","type-page","status-publish","hentry"],"yoast_head":"<!-- This site is optimized with the Yoast SEO plugin v27.1.1 - https:\/\/yoast.com\/product\/yoast-seo-wordpress\/ -->\n<title>Calculs autour de la loi bin\u00f4miale avec R - Maths &amp; Num\u00e9rique<\/title>\n<meta name=\"robots\" content=\"index, follow, max-snippet:-1, max-image-preview:large, max-video-preview:-1\" \/>\n<link rel=\"canonical\" href=\"https:\/\/wordpress.callac.online\/index.php\/logiciels-mathematiques\/le-logiciel-r\/la-loi-binomiale-avec-r\/calculs-autour-de-la-loi-binomiale-avec-r\/\" \/>\n<meta property=\"og:locale\" content=\"fr_FR\" \/>\n<meta property=\"og:type\" content=\"article\" \/>\n<meta property=\"og:title\" content=\"Calculs autour de la loi bin\u00f4miale avec R - Maths &amp; Num\u00e9rique\" \/>\n<meta property=\"og:description\" content=\"Voici quelques exemples permettant d&rsquo;utiliser la loi binomiale avec le logiciel R. Comme une calculatrice Pour une loi binomiale de param\u00e8tres $n =10$ et de probabilit\u00e9 $p=0,3$. Pour calculer $P(X=3)$&hellip;\" \/>\n<meta property=\"og:url\" content=\"https:\/\/wordpress.callac.online\/index.php\/logiciels-mathematiques\/le-logiciel-r\/la-loi-binomiale-avec-r\/calculs-autour-de-la-loi-binomiale-avec-r\/\" \/>\n<meta property=\"og:site_name\" content=\"Maths &amp; Num\u00e9rique\" \/>\n<meta property=\"article:modified_time\" content=\"2023-10-14T18:14:32+00:00\" \/>\n<meta name=\"twitter:card\" content=\"summary_large_image\" \/>\n<meta name=\"twitter:label1\" content=\"Dur\u00e9e de lecture estim\u00e9e\" \/>\n\t<meta name=\"twitter:data1\" content=\"1 minute\" \/>\n<script type=\"application\/ld+json\" class=\"yoast-schema-graph\">{\"@context\":\"https:\/\/schema.org\",\"@graph\":[{\"@type\":\"WebPage\",\"@id\":\"https:\/\/wordpress.callac.online\/index.php\/logiciels-mathematiques\/le-logiciel-r\/la-loi-binomiale-avec-r\/calculs-autour-de-la-loi-binomiale-avec-r\/\",\"url\":\"https:\/\/wordpress.callac.online\/index.php\/logiciels-mathematiques\/le-logiciel-r\/la-loi-binomiale-avec-r\/calculs-autour-de-la-loi-binomiale-avec-r\/\",\"name\":\"Calculs autour de la loi bin\u00f4miale avec R - Maths &amp; Num\u00e9rique\",\"isPartOf\":{\"@id\":\"https:\/\/wordpress.callac.online\/#website\"},\"datePublished\":\"2014-08-30T17:36:58+00:00\",\"dateModified\":\"2023-10-14T18:14:32+00:00\",\"breadcrumb\":{\"@id\":\"https:\/\/wordpress.callac.online\/index.php\/logiciels-mathematiques\/le-logiciel-r\/la-loi-binomiale-avec-r\/calculs-autour-de-la-loi-binomiale-avec-r\/#breadcrumb\"},\"inLanguage\":\"fr-FR\",\"potentialAction\":[{\"@type\":\"ReadAction\",\"target\":[\"https:\/\/wordpress.callac.online\/index.php\/logiciels-mathematiques\/le-logiciel-r\/la-loi-binomiale-avec-r\/calculs-autour-de-la-loi-binomiale-avec-r\/\"]}]},{\"@type\":\"BreadcrumbList\",\"@id\":\"https:\/\/wordpress.callac.online\/index.php\/logiciels-mathematiques\/le-logiciel-r\/la-loi-binomiale-avec-r\/calculs-autour-de-la-loi-binomiale-avec-r\/#breadcrumb\",\"itemListElement\":[{\"@type\":\"ListItem\",\"position\":1,\"name\":\"Accueil\",\"item\":\"https:\/\/wordpress.callac.online\/\"},{\"@type\":\"ListItem\",\"position\":2,\"name\":\"Logiciels math\u00e9matiques\",\"item\":\"https:\/\/wordpress.callac.online\/index.php\/logiciels-mathematiques\/\"},{\"@type\":\"ListItem\",\"position\":3,\"name\":\"Le logiciel R\",\"item\":\"https:\/\/wordpress.callac.online\/index.php\/logiciels-mathematiques\/le-logiciel-r\/\"},{\"@type\":\"ListItem\",\"position\":4,\"name\":\"La loi binomiale avec R\",\"item\":\"https:\/\/wordpress.callac.online\/index.php\/logiciels-mathematiques\/le-logiciel-r\/la-loi-binomiale-avec-r\/\"},{\"@type\":\"ListItem\",\"position\":5,\"name\":\"Calculs autour de la loi bin\u00f4miale avec R\"}]},{\"@type\":\"WebSite\",\"@id\":\"https:\/\/wordpress.callac.online\/#website\",\"url\":\"https:\/\/wordpress.callac.online\/\",\"name\":\"Maths & Num\u00e9rique\",\"description\":\"Des outils pour les enseignants de math\u00e9matiques et de num\u00e9rique\",\"publisher\":{\"@id\":\"https:\/\/wordpress.callac.online\/#\/schema\/person\/04061f1ca2c2c42039142a704be95940\"},\"potentialAction\":[{\"@type\":\"SearchAction\",\"target\":{\"@type\":\"EntryPoint\",\"urlTemplate\":\"https:\/\/wordpress.callac.online\/?s={search_term_string}\"},\"query-input\":{\"@type\":\"PropertyValueSpecification\",\"valueRequired\":true,\"valueName\":\"search_term_string\"}}],\"inLanguage\":\"fr-FR\"},{\"@type\":[\"Person\",\"Organization\"],\"@id\":\"https:\/\/wordpress.callac.online\/#\/schema\/person\/04061f1ca2c2c42039142a704be95940\",\"name\":\"dlefur\",\"image\":{\"@type\":\"ImageObject\",\"inLanguage\":\"fr-FR\",\"@id\":\"https:\/\/wordpress.callac.online\/#\/schema\/person\/image\/\",\"url\":\"https:\/\/secure.gravatar.com\/avatar\/4a9e17be136808c6597f28aa2b6c13126dab066fdc2198ff60090972c9b7fafc?s=96&d=mm&r=g\",\"contentUrl\":\"https:\/\/secure.gravatar.com\/avatar\/4a9e17be136808c6597f28aa2b6c13126dab066fdc2198ff60090972c9b7fafc?s=96&d=mm&r=g\",\"caption\":\"dlefur\"},\"logo\":{\"@id\":\"https:\/\/wordpress.callac.online\/#\/schema\/person\/image\/\"},\"description\":\"Enseignant de math\u00e9matiques Lyc\u00e9e Pasteur S\u00e3o Paulo\",\"sameAs\":[\"http:\/\/wordpress.callac.online\"]}]}<\/script>\n<!-- \/ Yoast SEO plugin. -->","yoast_head_json":{"title":"Calculs autour de la loi bin\u00f4miale avec R - Maths &amp; Num\u00e9rique","robots":{"index":"index","follow":"follow","max-snippet":"max-snippet:-1","max-image-preview":"max-image-preview:large","max-video-preview":"max-video-preview:-1"},"canonical":"https:\/\/wordpress.callac.online\/index.php\/logiciels-mathematiques\/le-logiciel-r\/la-loi-binomiale-avec-r\/calculs-autour-de-la-loi-binomiale-avec-r\/","og_locale":"fr_FR","og_type":"article","og_title":"Calculs autour de la loi bin\u00f4miale avec R - Maths &amp; Num\u00e9rique","og_description":"Voici quelques exemples permettant d&rsquo;utiliser la loi binomiale avec le logiciel R. Comme une calculatrice Pour une loi binomiale de param\u00e8tres $n =10$ et de probabilit\u00e9 $p=0,3$. Pour calculer $P(X=3)$&hellip;","og_url":"https:\/\/wordpress.callac.online\/index.php\/logiciels-mathematiques\/le-logiciel-r\/la-loi-binomiale-avec-r\/calculs-autour-de-la-loi-binomiale-avec-r\/","og_site_name":"Maths &amp; Num\u00e9rique","article_modified_time":"2023-10-14T18:14:32+00:00","twitter_card":"summary_large_image","twitter_misc":{"Dur\u00e9e de lecture estim\u00e9e":"1 minute"},"schema":{"@context":"https:\/\/schema.org","@graph":[{"@type":"WebPage","@id":"https:\/\/wordpress.callac.online\/index.php\/logiciels-mathematiques\/le-logiciel-r\/la-loi-binomiale-avec-r\/calculs-autour-de-la-loi-binomiale-avec-r\/","url":"https:\/\/wordpress.callac.online\/index.php\/logiciels-mathematiques\/le-logiciel-r\/la-loi-binomiale-avec-r\/calculs-autour-de-la-loi-binomiale-avec-r\/","name":"Calculs autour de la loi bin\u00f4miale avec R - Maths &amp; Num\u00e9rique","isPartOf":{"@id":"https:\/\/wordpress.callac.online\/#website"},"datePublished":"2014-08-30T17:36:58+00:00","dateModified":"2023-10-14T18:14:32+00:00","breadcrumb":{"@id":"https:\/\/wordpress.callac.online\/index.php\/logiciels-mathematiques\/le-logiciel-r\/la-loi-binomiale-avec-r\/calculs-autour-de-la-loi-binomiale-avec-r\/#breadcrumb"},"inLanguage":"fr-FR","potentialAction":[{"@type":"ReadAction","target":["https:\/\/wordpress.callac.online\/index.php\/logiciels-mathematiques\/le-logiciel-r\/la-loi-binomiale-avec-r\/calculs-autour-de-la-loi-binomiale-avec-r\/"]}]},{"@type":"BreadcrumbList","@id":"https:\/\/wordpress.callac.online\/index.php\/logiciels-mathematiques\/le-logiciel-r\/la-loi-binomiale-avec-r\/calculs-autour-de-la-loi-binomiale-avec-r\/#breadcrumb","itemListElement":[{"@type":"ListItem","position":1,"name":"Accueil","item":"https:\/\/wordpress.callac.online\/"},{"@type":"ListItem","position":2,"name":"Logiciels math\u00e9matiques","item":"https:\/\/wordpress.callac.online\/index.php\/logiciels-mathematiques\/"},{"@type":"ListItem","position":3,"name":"Le logiciel R","item":"https:\/\/wordpress.callac.online\/index.php\/logiciels-mathematiques\/le-logiciel-r\/"},{"@type":"ListItem","position":4,"name":"La loi binomiale avec R","item":"https:\/\/wordpress.callac.online\/index.php\/logiciels-mathematiques\/le-logiciel-r\/la-loi-binomiale-avec-r\/"},{"@type":"ListItem","position":5,"name":"Calculs autour de la loi bin\u00f4miale avec R"}]},{"@type":"WebSite","@id":"https:\/\/wordpress.callac.online\/#website","url":"https:\/\/wordpress.callac.online\/","name":"Maths & Num\u00e9rique","description":"Des outils pour les enseignants de math\u00e9matiques et de num\u00e9rique","publisher":{"@id":"https:\/\/wordpress.callac.online\/#\/schema\/person\/04061f1ca2c2c42039142a704be95940"},"potentialAction":[{"@type":"SearchAction","target":{"@type":"EntryPoint","urlTemplate":"https:\/\/wordpress.callac.online\/?s={search_term_string}"},"query-input":{"@type":"PropertyValueSpecification","valueRequired":true,"valueName":"search_term_string"}}],"inLanguage":"fr-FR"},{"@type":["Person","Organization"],"@id":"https:\/\/wordpress.callac.online\/#\/schema\/person\/04061f1ca2c2c42039142a704be95940","name":"dlefur","image":{"@type":"ImageObject","inLanguage":"fr-FR","@id":"https:\/\/wordpress.callac.online\/#\/schema\/person\/image\/","url":"https:\/\/secure.gravatar.com\/avatar\/4a9e17be136808c6597f28aa2b6c13126dab066fdc2198ff60090972c9b7fafc?s=96&d=mm&r=g","contentUrl":"https:\/\/secure.gravatar.com\/avatar\/4a9e17be136808c6597f28aa2b6c13126dab066fdc2198ff60090972c9b7fafc?s=96&d=mm&r=g","caption":"dlefur"},"logo":{"@id":"https:\/\/wordpress.callac.online\/#\/schema\/person\/image\/"},"description":"Enseignant de math\u00e9matiques Lyc\u00e9e Pasteur S\u00e3o Paulo","sameAs":["http:\/\/wordpress.callac.online"]}]}},"_links":{"self":[{"href":"https:\/\/wordpress.callac.online\/index.php\/wp-json\/wp\/v2\/pages\/283","targetHints":{"allow":["GET"]}}],"collection":[{"href":"https:\/\/wordpress.callac.online\/index.php\/wp-json\/wp\/v2\/pages"}],"about":[{"href":"https:\/\/wordpress.callac.online\/index.php\/wp-json\/wp\/v2\/types\/page"}],"author":[{"embeddable":true,"href":"https:\/\/wordpress.callac.online\/index.php\/wp-json\/wp\/v2\/users\/1"}],"replies":[{"embeddable":true,"href":"https:\/\/wordpress.callac.online\/index.php\/wp-json\/wp\/v2\/comments?post=283"}],"version-history":[{"count":10,"href":"https:\/\/wordpress.callac.online\/index.php\/wp-json\/wp\/v2\/pages\/283\/revisions"}],"predecessor-version":[{"id":2139,"href":"https:\/\/wordpress.callac.online\/index.php\/wp-json\/wp\/v2\/pages\/283\/revisions\/2139"}],"up":[{"embeddable":true,"href":"https:\/\/wordpress.callac.online\/index.php\/wp-json\/wp\/v2\/pages\/2083"}],"wp:attachment":[{"href":"https:\/\/wordpress.callac.online\/index.php\/wp-json\/wp\/v2\/media?parent=283"}],"curies":[{"name":"wp","href":"https:\/\/api.w.org\/{rel}","templated":true}]}}