{"id":2885,"date":"2020-08-04T12:13:56","date_gmt":"2020-08-04T10:13:56","guid":{"rendered":"http:\/\/wordpress.callac.online\/index.php\/logiciels-mathematiques\/scratch\/des-activites-scratch-avec-la-correction\/"},"modified":"2023-10-14T20:13:25","modified_gmt":"2023-10-14T18:13:25","slug":"des-activites-scratch-avec-la-correction","status":"publish","type":"page","link":"https:\/\/wordpress.callac.online\/index.php\/logiciels-mathematiques\/scratch\/des-activites-scratch-avec-la-correction\/","title":{"rendered":"Des activit\u00e9s Scratch avec la correction"},"content":{"rendered":"\n<p>44 exercices sur Scratch utilisables d\u00e8s la 4\u00e8me. Des exercices de degr\u00e9 de difficult\u00e9 tr\u00e8s variable. Un fichier correction est disponible.<\/p>\n<ul>\n<li><a href=\"https:\/\/filedn.com\/lpKG7uY9hIHVel5exA5Ik80\/Wordpress\/Logiciels%20math%C3%A9matiques\/Scratch\/algo.pdf\">Les exercices en pdf<\/a><\/li>\n<li><a href=\"https:\/\/filedn.com\/lpKG7uY9hIHVel5exA5Ik80\/Wordpress\/Logiciels%20math%C3%A9matiques\/Scratch\/algo.tex\">Les exercices (source en laTeX)<\/a><\/li>\n<li><a href=\"https:\/\/filedn.com\/lpKG7uY9hIHVel5exA5Ik80\/Wordpress\/Logiciels%20math%C3%A9matiques\/Scratch\/algo-cor.pdf\">Les corrig\u00e9s en pdf<\/a><\/li>\n<li><a href=\"https:\/\/filedn.com\/lpKG7uY9hIHVel5exA5Ik80\/Wordpress\/Logiciels%20math%C3%A9matiques\/Scratch\/algo-cor.tex\">Les corrig\u00e9s (source en laTeX)<\/a><\/li>\n<\/ul>\n\n\n\n<hr class=\"wp-block-separator\"\/>\n\n\n<a href=\"https:\/\/wordpress.callac.online\/wp-content\/uploads\/2020\/08\/algo.pdf\" class=\"pdfemb-viewer\" style=\"\" data-width=\"max\" data-height=\"max\" data-toolbar=\"both\" data-toolbar-fixed=\"on\">algo<\/a>\n<p class=\"wp-block-pdfemb-pdf-embedder-viewer\"><\/p>\n","protected":false},"excerpt":{"rendered":"<p>44 exercices sur Scratch utilisables d\u00e8s la 4\u00e8me. Des exercices de degr\u00e9 de difficult\u00e9 tr\u00e8s variable. Un fichier correction est disponible. Les exercices en pdf Les exercices (source en laTeX)&hellip;<\/p>\n","protected":false},"author":1,"featured_media":0,"parent":2880,"menu_order":1,"comment_status":"closed","ping_status":"closed","template":"","meta":{"footnotes":""},"class_list":["post-2885","page","type-page","status-publish","hentry"],"yoast_head":"<!-- This site is optimized with the Yoast SEO plugin v27.1.1 - https:\/\/yoast.com\/product\/yoast-seo-wordpress\/ -->\n<title>Des activit\u00e9s Scratch avec la correction - Maths &amp; Num\u00e9rique<\/title>\n<meta name=\"robots\" content=\"index, follow, max-snippet:-1, max-image-preview:large, max-video-preview:-1\" \/>\n<link rel=\"canonical\" href=\"https:\/\/wordpress.callac.online\/index.php\/logiciels-mathematiques\/scratch\/des-activites-scratch-avec-la-correction\/\" \/>\n<meta property=\"og:locale\" content=\"fr_FR\" \/>\n<meta property=\"og:type\" content=\"article\" \/>\n<meta property=\"og:title\" content=\"Des activit\u00e9s Scratch avec la correction - Maths &amp; Num\u00e9rique\" \/>\n<meta property=\"og:description\" content=\"44 exercices sur Scratch utilisables d\u00e8s la 4\u00e8me. Des exercices de degr\u00e9 de difficult\u00e9 tr\u00e8s variable. Un fichier correction est disponible. Les exercices en pdf Les exercices (source en laTeX)&hellip;\" \/>\n<meta property=\"og:url\" content=\"https:\/\/wordpress.callac.online\/index.php\/logiciels-mathematiques\/scratch\/des-activites-scratch-avec-la-correction\/\" \/>\n<meta property=\"og:site_name\" content=\"Maths &amp; Num\u00e9rique\" \/>\n<meta property=\"article:modified_time\" content=\"2023-10-14T18:13:25+00:00\" \/>\n<meta name=\"twitter:card\" content=\"summary_large_image\" \/>\n<script type=\"application\/ld+json\" class=\"yoast-schema-graph\">{\"@context\":\"https:\/\/schema.org\",\"@graph\":[{\"@type\":\"WebPage\",\"@id\":\"https:\/\/wordpress.callac.online\/index.php\/logiciels-mathematiques\/scratch\/des-activites-scratch-avec-la-correction\/\",\"url\":\"https:\/\/wordpress.callac.online\/index.php\/logiciels-mathematiques\/scratch\/des-activites-scratch-avec-la-correction\/\",\"name\":\"Des activit\u00e9s Scratch avec la correction - Maths &amp; Num\u00e9rique\",\"isPartOf\":{\"@id\":\"https:\/\/wordpress.callac.online\/#website\"},\"datePublished\":\"2020-08-04T10:13:56+00:00\",\"dateModified\":\"2023-10-14T18:13:25+00:00\",\"breadcrumb\":{\"@id\":\"https:\/\/wordpress.callac.online\/index.php\/logiciels-mathematiques\/scratch\/des-activites-scratch-avec-la-correction\/#breadcrumb\"},\"inLanguage\":\"fr-FR\",\"potentialAction\":[{\"@type\":\"ReadAction\",\"target\":[\"https:\/\/wordpress.callac.online\/index.php\/logiciels-mathematiques\/scratch\/des-activites-scratch-avec-la-correction\/\"]}]},{\"@type\":\"BreadcrumbList\",\"@id\":\"https:\/\/wordpress.callac.online\/index.php\/logiciels-mathematiques\/scratch\/des-activites-scratch-avec-la-correction\/#breadcrumb\",\"itemListElement\":[{\"@type\":\"ListItem\",\"position\":1,\"name\":\"Accueil\",\"item\":\"https:\/\/wordpress.callac.online\/\"},{\"@type\":\"ListItem\",\"position\":2,\"name\":\"Logiciels math\u00e9matiques\",\"item\":\"https:\/\/wordpress.callac.online\/index.php\/logiciels-mathematiques\/\"},{\"@type\":\"ListItem\",\"position\":3,\"name\":\"Scratch\",\"item\":\"https:\/\/wordpress.callac.online\/index.php\/logiciels-mathematiques\/scratch\/\"},{\"@type\":\"ListItem\",\"position\":4,\"name\":\"Des activit\u00e9s Scratch avec la correction\"}]},{\"@type\":\"WebSite\",\"@id\":\"https:\/\/wordpress.callac.online\/#website\",\"url\":\"https:\/\/wordpress.callac.online\/\",\"name\":\"Maths & Num\u00e9rique\",\"description\":\"Des outils pour les enseignants de math\u00e9matiques et de num\u00e9rique\",\"publisher\":{\"@id\":\"https:\/\/wordpress.callac.online\/#\/schema\/person\/04061f1ca2c2c42039142a704be95940\"},\"potentialAction\":[{\"@type\":\"SearchAction\",\"target\":{\"@type\":\"EntryPoint\",\"urlTemplate\":\"https:\/\/wordpress.callac.online\/?s={search_term_string}\"},\"query-input\":{\"@type\":\"PropertyValueSpecification\",\"valueRequired\":true,\"valueName\":\"search_term_string\"}}],\"inLanguage\":\"fr-FR\"},{\"@type\":[\"Person\",\"Organization\"],\"@id\":\"https:\/\/wordpress.callac.online\/#\/schema\/person\/04061f1ca2c2c42039142a704be95940\",\"name\":\"dlefur\",\"image\":{\"@type\":\"ImageObject\",\"inLanguage\":\"fr-FR\",\"@id\":\"https:\/\/wordpress.callac.online\/#\/schema\/person\/image\/\",\"url\":\"https:\/\/secure.gravatar.com\/avatar\/4a9e17be136808c6597f28aa2b6c13126dab066fdc2198ff60090972c9b7fafc?s=96&d=mm&r=g\",\"contentUrl\":\"https:\/\/secure.gravatar.com\/avatar\/4a9e17be136808c6597f28aa2b6c13126dab066fdc2198ff60090972c9b7fafc?s=96&d=mm&r=g\",\"caption\":\"dlefur\"},\"logo\":{\"@id\":\"https:\/\/wordpress.callac.online\/#\/schema\/person\/image\/\"},\"description\":\"Enseignant de math\u00e9matiques Lyc\u00e9e Pasteur S\u00e3o Paulo\",\"sameAs\":[\"http:\/\/wordpress.callac.online\"]}]}<\/script>\n<!-- \/ Yoast SEO plugin. -->","yoast_head_json":{"title":"Des activit\u00e9s Scratch avec la correction - Maths &amp; Num\u00e9rique","robots":{"index":"index","follow":"follow","max-snippet":"max-snippet:-1","max-image-preview":"max-image-preview:large","max-video-preview":"max-video-preview:-1"},"canonical":"https:\/\/wordpress.callac.online\/index.php\/logiciels-mathematiques\/scratch\/des-activites-scratch-avec-la-correction\/","og_locale":"fr_FR","og_type":"article","og_title":"Des activit\u00e9s Scratch avec la correction - Maths &amp; Num\u00e9rique","og_description":"44 exercices sur Scratch utilisables d\u00e8s la 4\u00e8me. Des exercices de degr\u00e9 de difficult\u00e9 tr\u00e8s variable. Un fichier correction est disponible. Les exercices en pdf Les exercices (source en laTeX)&hellip;","og_url":"https:\/\/wordpress.callac.online\/index.php\/logiciels-mathematiques\/scratch\/des-activites-scratch-avec-la-correction\/","og_site_name":"Maths &amp; Num\u00e9rique","article_modified_time":"2023-10-14T18:13:25+00:00","twitter_card":"summary_large_image","schema":{"@context":"https:\/\/schema.org","@graph":[{"@type":"WebPage","@id":"https:\/\/wordpress.callac.online\/index.php\/logiciels-mathematiques\/scratch\/des-activites-scratch-avec-la-correction\/","url":"https:\/\/wordpress.callac.online\/index.php\/logiciels-mathematiques\/scratch\/des-activites-scratch-avec-la-correction\/","name":"Des activit\u00e9s Scratch avec la correction - Maths &amp; Num\u00e9rique","isPartOf":{"@id":"https:\/\/wordpress.callac.online\/#website"},"datePublished":"2020-08-04T10:13:56+00:00","dateModified":"2023-10-14T18:13:25+00:00","breadcrumb":{"@id":"https:\/\/wordpress.callac.online\/index.php\/logiciels-mathematiques\/scratch\/des-activites-scratch-avec-la-correction\/#breadcrumb"},"inLanguage":"fr-FR","potentialAction":[{"@type":"ReadAction","target":["https:\/\/wordpress.callac.online\/index.php\/logiciels-mathematiques\/scratch\/des-activites-scratch-avec-la-correction\/"]}]},{"@type":"BreadcrumbList","@id":"https:\/\/wordpress.callac.online\/index.php\/logiciels-mathematiques\/scratch\/des-activites-scratch-avec-la-correction\/#breadcrumb","itemListElement":[{"@type":"ListItem","position":1,"name":"Accueil","item":"https:\/\/wordpress.callac.online\/"},{"@type":"ListItem","position":2,"name":"Logiciels math\u00e9matiques","item":"https:\/\/wordpress.callac.online\/index.php\/logiciels-mathematiques\/"},{"@type":"ListItem","position":3,"name":"Scratch","item":"https:\/\/wordpress.callac.online\/index.php\/logiciels-mathematiques\/scratch\/"},{"@type":"ListItem","position":4,"name":"Des activit\u00e9s Scratch avec la correction"}]},{"@type":"WebSite","@id":"https:\/\/wordpress.callac.online\/#website","url":"https:\/\/wordpress.callac.online\/","name":"Maths & Num\u00e9rique","description":"Des outils pour les enseignants de math\u00e9matiques et de num\u00e9rique","publisher":{"@id":"https:\/\/wordpress.callac.online\/#\/schema\/person\/04061f1ca2c2c42039142a704be95940"},"potentialAction":[{"@type":"SearchAction","target":{"@type":"EntryPoint","urlTemplate":"https:\/\/wordpress.callac.online\/?s={search_term_string}"},"query-input":{"@type":"PropertyValueSpecification","valueRequired":true,"valueName":"search_term_string"}}],"inLanguage":"fr-FR"},{"@type":["Person","Organization"],"@id":"https:\/\/wordpress.callac.online\/#\/schema\/person\/04061f1ca2c2c42039142a704be95940","name":"dlefur","image":{"@type":"ImageObject","inLanguage":"fr-FR","@id":"https:\/\/wordpress.callac.online\/#\/schema\/person\/image\/","url":"https:\/\/secure.gravatar.com\/avatar\/4a9e17be136808c6597f28aa2b6c13126dab066fdc2198ff60090972c9b7fafc?s=96&d=mm&r=g","contentUrl":"https:\/\/secure.gravatar.com\/avatar\/4a9e17be136808c6597f28aa2b6c13126dab066fdc2198ff60090972c9b7fafc?s=96&d=mm&r=g","caption":"dlefur"},"logo":{"@id":"https:\/\/wordpress.callac.online\/#\/schema\/person\/image\/"},"description":"Enseignant de math\u00e9matiques Lyc\u00e9e Pasteur S\u00e3o Paulo","sameAs":["http:\/\/wordpress.callac.online"]}]}},"_links":{"self":[{"href":"https:\/\/wordpress.callac.online\/index.php\/wp-json\/wp\/v2\/pages\/2885","targetHints":{"allow":["GET"]}}],"collection":[{"href":"https:\/\/wordpress.callac.online\/index.php\/wp-json\/wp\/v2\/pages"}],"about":[{"href":"https:\/\/wordpress.callac.online\/index.php\/wp-json\/wp\/v2\/types\/page"}],"author":[{"embeddable":true,"href":"https:\/\/wordpress.callac.online\/index.php\/wp-json\/wp\/v2\/users\/1"}],"replies":[{"embeddable":true,"href":"https:\/\/wordpress.callac.online\/index.php\/wp-json\/wp\/v2\/comments?post=2885"}],"version-history":[{"count":1,"href":"https:\/\/wordpress.callac.online\/index.php\/wp-json\/wp\/v2\/pages\/2885\/revisions"}],"predecessor-version":[{"id":2889,"href":"https:\/\/wordpress.callac.online\/index.php\/wp-json\/wp\/v2\/pages\/2885\/revisions\/2889"}],"up":[{"embeddable":true,"href":"https:\/\/wordpress.callac.online\/index.php\/wp-json\/wp\/v2\/pages\/2880"}],"wp:attachment":[{"href":"https:\/\/wordpress.callac.online\/index.php\/wp-json\/wp\/v2\/media?parent=2885"}],"curies":[{"name":"wp","href":"https:\/\/api.w.org\/{rel}","templated":true}]}}