{"id":292,"date":"2014-10-04T18:36:57","date_gmt":"2014-10-04T16:36:57","guid":{"rendered":"http:\/\/wordpress.callac.online\/index.php\/intervalle-de-confiance-avec-r\/"},"modified":"2022-01-05T22:41:53","modified_gmt":"2022-01-05T21:41:53","slug":"intervalle-de-confiance-avec-r","status":"publish","type":"page","link":"https:\/\/wordpress.callac.online\/index.php\/logiciels-mathematiques\/le-logiciel-r\/les-tests-avec-r\/intervalle-de-confiance-avec-r\/","title":{"rendered":"Intervalle de confiance avec R"},"content":{"rendered":"<h2>Un fichier de donn\u00e9es<\/h2>\n<p>Travaillons sur une enqu\u00eate de satisfactions dans un h\u00f4pital, r\u00e9cup\u00e9r\u00e9 lors d&rsquo;un cours de FUN (France Unit\u00e9 Num\u00e9rique). Les fichiers sont disponibles <a href=\"https:\/\/filedn.com\/lpKG7uY9hIHVel5exA5Ik80\/Wordpress\/Logiciels%20math%C3%A9matiques\/R\/\">ici<\/a>.<\/p>\n<p>Par la suite, ces donn\u00e9es seront stock\u00e9es dans la variable <em>satis<\/em> .<\/p>\n<p>Dans ces donn\u00e9es comme souvent, les observations sont en lignes et les variables en colonnes.<\/p>\n<h2>On dispose d&rsquo;un \u00e9chantillon<\/h2>\n<p>Il faut deux conditions :<br \/>\n&#8211; le caract\u00e8re \u00e9tudi\u00e9 suit une loi normale ;<br \/>\n&#8211; l&rsquo;\u00e9chantillon est al\u00e9atoire.<\/p>\n<p>Pour un \u00e9chantillon donn\u00e9, il n&rsquo;y a pas de fonction R donnant l&rsquo;intervalle de confiance au seuil de 95%.<\/p>\n<p>On doit donc calculer les deux bornes de l&rsquo;intervalle :<\/p>\n<span class=\"katex-eq\" data-katex-display=\"true\"> \\left[\\overline{x} -1,96 \\times \\frac{\\sigma}{\\sqrt{n}}~;~\\overline{x} + 1,96 \\times \\frac{\\sigma}{\\sqrt{n}}\\right] <\/span>\n<p>o\u00f9 $\\overline{x}$ est la moyenne et $\\sigma$ l&rsquo;\u00e9cart-type de l&rsquo;\u00e9chantillon de taille $n$.<\/p>\n<p>Prenons l&rsquo;exemple des \u00e2ges.<\/p>\n<pre class=\"EnlighterJSRAW\" data-enlighter-language=\"generic\">library(prettyR)\ndescribe(satis$age)<\/pre>\n<p><code><br \/>\nNumeric<br \/>\nmean    median       var        sd   valid.n<br \/>\nx            58.21        60     317.2     17.81       528<br \/>\n<\/code><\/p>\n<pre class=\"EnlighterJSRAW\" data-enlighter-language=\"generic\">58.21-1.96*17.81\/sqrt(528)<\/pre>\n<p><code><br \/>\n[1] 56.69084<br \/>\n<\/code><\/p>\n<pre class=\"EnlighterJSRAW\" data-enlighter-language=\"generic\">58.21+1.96*17.81\/sqrt(528)<\/pre>\n<p><code><br \/>\n[1] 59.72916<br \/>\n<\/code><\/p>\n<h2>On utilise la loi binomiale<\/h2>\n<p>La librairie <em>binom<\/em> propose une dizaine de m\u00e9thode pour calculer l&rsquo;intervalle de confiance au seuil de 95% gr\u00e2ce \u00e0 la fonction <em>binom.confint<\/em>. On pourra choisir la m\u00e9thode \u00ab\u00a0exact\u00a0\u00bb.<\/p>\n<p>Prenons comme exemple les 269 personnes sur les 405 qui recommandent l&rsquo;h\u00f4pital.<\/p>\n<pre class=\"EnlighterJSRAW\" data-enlighter-language=\"generic\">library(binom)\nbinom.confint(269,405,method=\"exact\")<\/pre>\n<p><code><br \/>\nmethod   x   n      mean     lower     upper<br \/>\n1  exact 269 405 0.6641975 0.6158948 0.7100798<br \/>\n<\/code><\/p>\n","protected":false},"excerpt":{"rendered":"<p>Un fichier de donn\u00e9es Travaillons sur une enqu\u00eate de satisfactions dans un h\u00f4pital, r\u00e9cup\u00e9r\u00e9 lors d&rsquo;un cours de FUN (France Unit\u00e9 Num\u00e9rique). Les fichiers sont disponibles ici. Par la suite,&hellip;<\/p>\n","protected":false},"author":1,"featured_media":0,"parent":2089,"menu_order":1,"comment_status":"closed","ping_status":"closed","template":"","meta":{"footnotes":""},"class_list":["post-292","page","type-page","status-publish","hentry"],"yoast_head":"<!-- This site is optimized with the Yoast SEO plugin v27.1.1 - https:\/\/yoast.com\/product\/yoast-seo-wordpress\/ -->\n<title>Intervalle de confiance avec R - Maths &amp; Num\u00e9rique<\/title>\n<meta name=\"robots\" content=\"index, follow, max-snippet:-1, max-image-preview:large, max-video-preview:-1\" \/>\n<link rel=\"canonical\" href=\"https:\/\/wordpress.callac.online\/index.php\/logiciels-mathematiques\/le-logiciel-r\/les-tests-avec-r\/intervalle-de-confiance-avec-r\/\" \/>\n<meta property=\"og:locale\" content=\"fr_FR\" \/>\n<meta property=\"og:type\" content=\"article\" \/>\n<meta property=\"og:title\" content=\"Intervalle de confiance avec R - Maths &amp; Num\u00e9rique\" \/>\n<meta property=\"og:description\" content=\"Un fichier de donn\u00e9es Travaillons sur une enqu\u00eate de satisfactions dans un h\u00f4pital, r\u00e9cup\u00e9r\u00e9 lors d&rsquo;un cours de FUN (France Unit\u00e9 Num\u00e9rique). Les fichiers sont disponibles ici. Par la suite,&hellip;\" \/>\n<meta property=\"og:url\" content=\"https:\/\/wordpress.callac.online\/index.php\/logiciels-mathematiques\/le-logiciel-r\/les-tests-avec-r\/intervalle-de-confiance-avec-r\/\" \/>\n<meta property=\"og:site_name\" content=\"Maths &amp; Num\u00e9rique\" \/>\n<meta property=\"article:modified_time\" content=\"2022-01-05T21:41:53+00:00\" \/>\n<meta name=\"twitter:card\" content=\"summary_large_image\" \/>\n<meta name=\"twitter:label1\" content=\"Dur\u00e9e de lecture estim\u00e9e\" \/>\n\t<meta name=\"twitter:data1\" content=\"1 minute\" \/>\n<script type=\"application\/ld+json\" class=\"yoast-schema-graph\">{\"@context\":\"https:\/\/schema.org\",\"@graph\":[{\"@type\":\"WebPage\",\"@id\":\"https:\/\/wordpress.callac.online\/index.php\/logiciels-mathematiques\/le-logiciel-r\/les-tests-avec-r\/intervalle-de-confiance-avec-r\/\",\"url\":\"https:\/\/wordpress.callac.online\/index.php\/logiciels-mathematiques\/le-logiciel-r\/les-tests-avec-r\/intervalle-de-confiance-avec-r\/\",\"name\":\"Intervalle de confiance avec R - Maths &amp; Num\u00e9rique\",\"isPartOf\":{\"@id\":\"https:\/\/wordpress.callac.online\/#website\"},\"datePublished\":\"2014-10-04T16:36:57+00:00\",\"dateModified\":\"2022-01-05T21:41:53+00:00\",\"breadcrumb\":{\"@id\":\"https:\/\/wordpress.callac.online\/index.php\/logiciels-mathematiques\/le-logiciel-r\/les-tests-avec-r\/intervalle-de-confiance-avec-r\/#breadcrumb\"},\"inLanguage\":\"fr-FR\",\"potentialAction\":[{\"@type\":\"ReadAction\",\"target\":[\"https:\/\/wordpress.callac.online\/index.php\/logiciels-mathematiques\/le-logiciel-r\/les-tests-avec-r\/intervalle-de-confiance-avec-r\/\"]}]},{\"@type\":\"BreadcrumbList\",\"@id\":\"https:\/\/wordpress.callac.online\/index.php\/logiciels-mathematiques\/le-logiciel-r\/les-tests-avec-r\/intervalle-de-confiance-avec-r\/#breadcrumb\",\"itemListElement\":[{\"@type\":\"ListItem\",\"position\":1,\"name\":\"Accueil\",\"item\":\"https:\/\/wordpress.callac.online\/\"},{\"@type\":\"ListItem\",\"position\":2,\"name\":\"Logiciels math\u00e9matiques\",\"item\":\"https:\/\/wordpress.callac.online\/index.php\/logiciels-mathematiques\/\"},{\"@type\":\"ListItem\",\"position\":3,\"name\":\"Le logiciel R\",\"item\":\"https:\/\/wordpress.callac.online\/index.php\/logiciels-mathematiques\/le-logiciel-r\/\"},{\"@type\":\"ListItem\",\"position\":4,\"name\":\"Les tests avec R\",\"item\":\"https:\/\/wordpress.callac.online\/index.php\/logiciels-mathematiques\/le-logiciel-r\/les-tests-avec-r\/\"},{\"@type\":\"ListItem\",\"position\":5,\"name\":\"Intervalle de confiance avec R\"}]},{\"@type\":\"WebSite\",\"@id\":\"https:\/\/wordpress.callac.online\/#website\",\"url\":\"https:\/\/wordpress.callac.online\/\",\"name\":\"Maths & Num\u00e9rique\",\"description\":\"Des outils pour les enseignants de math\u00e9matiques et de num\u00e9rique\",\"publisher\":{\"@id\":\"https:\/\/wordpress.callac.online\/#\/schema\/person\/04061f1ca2c2c42039142a704be95940\"},\"potentialAction\":[{\"@type\":\"SearchAction\",\"target\":{\"@type\":\"EntryPoint\",\"urlTemplate\":\"https:\/\/wordpress.callac.online\/?s={search_term_string}\"},\"query-input\":{\"@type\":\"PropertyValueSpecification\",\"valueRequired\":true,\"valueName\":\"search_term_string\"}}],\"inLanguage\":\"fr-FR\"},{\"@type\":[\"Person\",\"Organization\"],\"@id\":\"https:\/\/wordpress.callac.online\/#\/schema\/person\/04061f1ca2c2c42039142a704be95940\",\"name\":\"dlefur\",\"image\":{\"@type\":\"ImageObject\",\"inLanguage\":\"fr-FR\",\"@id\":\"https:\/\/wordpress.callac.online\/#\/schema\/person\/image\/\",\"url\":\"https:\/\/secure.gravatar.com\/avatar\/4a9e17be136808c6597f28aa2b6c13126dab066fdc2198ff60090972c9b7fafc?s=96&d=mm&r=g\",\"contentUrl\":\"https:\/\/secure.gravatar.com\/avatar\/4a9e17be136808c6597f28aa2b6c13126dab066fdc2198ff60090972c9b7fafc?s=96&d=mm&r=g\",\"caption\":\"dlefur\"},\"logo\":{\"@id\":\"https:\/\/wordpress.callac.online\/#\/schema\/person\/image\/\"},\"description\":\"Enseignant de math\u00e9matiques Lyc\u00e9e Pasteur S\u00e3o Paulo\",\"sameAs\":[\"http:\/\/wordpress.callac.online\"]}]}<\/script>\n<!-- \/ Yoast SEO plugin. -->","yoast_head_json":{"title":"Intervalle de confiance avec R - Maths &amp; Num\u00e9rique","robots":{"index":"index","follow":"follow","max-snippet":"max-snippet:-1","max-image-preview":"max-image-preview:large","max-video-preview":"max-video-preview:-1"},"canonical":"https:\/\/wordpress.callac.online\/index.php\/logiciels-mathematiques\/le-logiciel-r\/les-tests-avec-r\/intervalle-de-confiance-avec-r\/","og_locale":"fr_FR","og_type":"article","og_title":"Intervalle de confiance avec R - Maths &amp; Num\u00e9rique","og_description":"Un fichier de donn\u00e9es Travaillons sur une enqu\u00eate de satisfactions dans un h\u00f4pital, r\u00e9cup\u00e9r\u00e9 lors d&rsquo;un cours de FUN (France Unit\u00e9 Num\u00e9rique). Les fichiers sont disponibles ici. Par la suite,&hellip;","og_url":"https:\/\/wordpress.callac.online\/index.php\/logiciels-mathematiques\/le-logiciel-r\/les-tests-avec-r\/intervalle-de-confiance-avec-r\/","og_site_name":"Maths &amp; Num\u00e9rique","article_modified_time":"2022-01-05T21:41:53+00:00","twitter_card":"summary_large_image","twitter_misc":{"Dur\u00e9e de lecture estim\u00e9e":"1 minute"},"schema":{"@context":"https:\/\/schema.org","@graph":[{"@type":"WebPage","@id":"https:\/\/wordpress.callac.online\/index.php\/logiciels-mathematiques\/le-logiciel-r\/les-tests-avec-r\/intervalle-de-confiance-avec-r\/","url":"https:\/\/wordpress.callac.online\/index.php\/logiciels-mathematiques\/le-logiciel-r\/les-tests-avec-r\/intervalle-de-confiance-avec-r\/","name":"Intervalle de confiance avec R - Maths &amp; Num\u00e9rique","isPartOf":{"@id":"https:\/\/wordpress.callac.online\/#website"},"datePublished":"2014-10-04T16:36:57+00:00","dateModified":"2022-01-05T21:41:53+00:00","breadcrumb":{"@id":"https:\/\/wordpress.callac.online\/index.php\/logiciels-mathematiques\/le-logiciel-r\/les-tests-avec-r\/intervalle-de-confiance-avec-r\/#breadcrumb"},"inLanguage":"fr-FR","potentialAction":[{"@type":"ReadAction","target":["https:\/\/wordpress.callac.online\/index.php\/logiciels-mathematiques\/le-logiciel-r\/les-tests-avec-r\/intervalle-de-confiance-avec-r\/"]}]},{"@type":"BreadcrumbList","@id":"https:\/\/wordpress.callac.online\/index.php\/logiciels-mathematiques\/le-logiciel-r\/les-tests-avec-r\/intervalle-de-confiance-avec-r\/#breadcrumb","itemListElement":[{"@type":"ListItem","position":1,"name":"Accueil","item":"https:\/\/wordpress.callac.online\/"},{"@type":"ListItem","position":2,"name":"Logiciels math\u00e9matiques","item":"https:\/\/wordpress.callac.online\/index.php\/logiciels-mathematiques\/"},{"@type":"ListItem","position":3,"name":"Le logiciel R","item":"https:\/\/wordpress.callac.online\/index.php\/logiciels-mathematiques\/le-logiciel-r\/"},{"@type":"ListItem","position":4,"name":"Les tests avec R","item":"https:\/\/wordpress.callac.online\/index.php\/logiciels-mathematiques\/le-logiciel-r\/les-tests-avec-r\/"},{"@type":"ListItem","position":5,"name":"Intervalle de confiance avec R"}]},{"@type":"WebSite","@id":"https:\/\/wordpress.callac.online\/#website","url":"https:\/\/wordpress.callac.online\/","name":"Maths & Num\u00e9rique","description":"Des outils pour les enseignants de math\u00e9matiques et de num\u00e9rique","publisher":{"@id":"https:\/\/wordpress.callac.online\/#\/schema\/person\/04061f1ca2c2c42039142a704be95940"},"potentialAction":[{"@type":"SearchAction","target":{"@type":"EntryPoint","urlTemplate":"https:\/\/wordpress.callac.online\/?s={search_term_string}"},"query-input":{"@type":"PropertyValueSpecification","valueRequired":true,"valueName":"search_term_string"}}],"inLanguage":"fr-FR"},{"@type":["Person","Organization"],"@id":"https:\/\/wordpress.callac.online\/#\/schema\/person\/04061f1ca2c2c42039142a704be95940","name":"dlefur","image":{"@type":"ImageObject","inLanguage":"fr-FR","@id":"https:\/\/wordpress.callac.online\/#\/schema\/person\/image\/","url":"https:\/\/secure.gravatar.com\/avatar\/4a9e17be136808c6597f28aa2b6c13126dab066fdc2198ff60090972c9b7fafc?s=96&d=mm&r=g","contentUrl":"https:\/\/secure.gravatar.com\/avatar\/4a9e17be136808c6597f28aa2b6c13126dab066fdc2198ff60090972c9b7fafc?s=96&d=mm&r=g","caption":"dlefur"},"logo":{"@id":"https:\/\/wordpress.callac.online\/#\/schema\/person\/image\/"},"description":"Enseignant de math\u00e9matiques Lyc\u00e9e Pasteur S\u00e3o Paulo","sameAs":["http:\/\/wordpress.callac.online"]}]}},"_links":{"self":[{"href":"https:\/\/wordpress.callac.online\/index.php\/wp-json\/wp\/v2\/pages\/292","targetHints":{"allow":["GET"]}}],"collection":[{"href":"https:\/\/wordpress.callac.online\/index.php\/wp-json\/wp\/v2\/pages"}],"about":[{"href":"https:\/\/wordpress.callac.online\/index.php\/wp-json\/wp\/v2\/types\/page"}],"author":[{"embeddable":true,"href":"https:\/\/wordpress.callac.online\/index.php\/wp-json\/wp\/v2\/users\/1"}],"replies":[{"embeddable":true,"href":"https:\/\/wordpress.callac.online\/index.php\/wp-json\/wp\/v2\/comments?post=292"}],"version-history":[{"count":9,"href":"https:\/\/wordpress.callac.online\/index.php\/wp-json\/wp\/v2\/pages\/292\/revisions"}],"predecessor-version":[{"id":2389,"href":"https:\/\/wordpress.callac.online\/index.php\/wp-json\/wp\/v2\/pages\/292\/revisions\/2389"}],"up":[{"embeddable":true,"href":"https:\/\/wordpress.callac.online\/index.php\/wp-json\/wp\/v2\/pages\/2089"}],"wp:attachment":[{"href":"https:\/\/wordpress.callac.online\/index.php\/wp-json\/wp\/v2\/media?parent=292"}],"curies":[{"name":"wp","href":"https:\/\/api.w.org\/{rel}","templated":true}]}}