{"id":294,"date":"2014-10-05T22:10:57","date_gmt":"2014-10-05T20:10:57","guid":{"rendered":"http:\/\/wordpress.callac.online\/index.php\/risque-relatif-et-odds-ratio-avec-r\/"},"modified":"2023-10-14T20:14:41","modified_gmt":"2023-10-14T18:14:41","slug":"risque-relatif-et-odds-ratio-avec-r","status":"publish","type":"page","link":"https:\/\/wordpress.callac.online\/index.php\/logiciels-mathematiques\/le-logiciel-r\/les-tests-avec-r\/risque-relatif-et-odds-ratio-avec-r\/","title":{"rendered":"Risque relatif et odds-ratio avec R"},"content":{"rendered":"<h2><\/h2>\n<h2>Un fichier de donn\u00e9es<\/h2>\n<p>Travaillons sur une enqu\u00eate de satisfactions dans un h\u00f4pital, r\u00e9cup\u00e9r\u00e9 lors d&rsquo;un cours de FUN (France Unit\u00e9 Num\u00e9rique). Les fichiers sont disponibles <a href=\"https:\/\/filedn.com\/lpKG7uY9hIHVel5exA5Ik80\/Wordpress\/Logiciels%20math%C3%A9matiques\/R\/\">ici<\/a>.<\/p>\n<p>Par la suite, ces donn\u00e9es seront stock\u00e9es dans la variable <em>satis<\/em> .<\/p>\n<p>Dans ces donn\u00e9es comme souvent, les observations sont en lignes et les variables en colonnes.<\/p>\n<h2>Pr\u00e9sentation<\/h2>\n<table>\n<tbody>\n<tr class=\"row_even\">\n<td><\/td>\n<td>$M$<\/td>\n<td>$\\overline<em>M<\/em>$<\/td>\n<\/tr>\n<tr class=\"row_odd\">\n<td>$FR$<\/td>\n<td>$a$<\/td>\n<td>$b$<\/td>\n<\/tr>\n<tr class=\"row_even\">\n<td>$\\overline<em>FR<\/em>$<\/td>\n<td>$c$<\/td>\n<td>$d$<\/td>\n<\/tr>\n<\/tbody>\n<\/table>\n<p>Dans le tableau d&rsquo;effectifs pr\u00e9c\u00e9dent, $M$ sont les malades et $FR$ ceux qui pr\u00e9sentent un facteur de risque.<\/p>\n<p>On a alors les d\u00e9finitions suivantes :<\/p>\n<p>&#8211; Risque relatif : <span class=\"katex-eq\" data-katex-display=\"false\"> RR=\\frac{\\frac{a}{a+b}}{\\frac{c}{c+d}} <\/span><\/p>\n<p>&#8211; Odds-ratio : <span class=\"katex-eq\" data-katex-display=\"false\">\u00a0 OR=\\frac{\\frac{a}{b}}{\\frac{c}{d}} <\/span><\/p>\n<p>Le risque relatif est \u00e0 utiliser lorsqu&rsquo;on a les statistiques d&rsquo;une population g\u00e9n\u00e9rale.<br \/>\nL&rsquo;odds-ration est plus robuste sur un \u00e9chantillon, et notamment en cas d&rsquo;enqu\u00eate cas-t\u00e9moins.<\/p>\n<h2>Un cas concret<\/h2>\n<p>Etudions si le fait de recommander l&rsquo;h\u00f4pital est li\u00e9 au fait d&rsquo;avoir la profession 2.<\/p>\n<p>Pour cela, pr\u00e9parons les donn\u00e9es binaires utiles.<\/p>\n<pre class=\"EnlighterJSRAW\" data-enlighter-language=\"generic\">satis$recommander.b&lt;-ifelse(satis$recommander==2,1,0) \nsatis$prof2.b&lt;-ifelse(satis$profession==2,1,0)<\/pre>\n<p>Donnons le tableau associ\u00e9 :<\/p>\n<pre class=\"EnlighterJSRAW\" data-enlighter-language=\"generic\">table(satis$prof2.b,satis$recommander.b,deparse.level=2)<\/pre>\n<p><code><br \/>\nsatis$recommander.b<br \/>\nsatis$prof2.b   0   1<br \/>\n0 124 239<br \/>\n1   9  28<br \/>\n<\/code><\/p>\n<p>Comme la maladie et le facteur de risque sont normalement cod\u00e9 en 0 au lieu de 1, vaut mieux inverser le tableau :<\/p>\n<pre class=\"EnlighterJSRAW\" data-enlighter-language=\"generic\">table(1-satis$prof2.b,1-satis$recommander.b,deparse.level=2)<\/pre>\n<p><code><br \/>\n1 - satis$recommander.b<br \/>\n1 - satis$prof2.b   0   1<br \/>\n0  28   9<br \/>\n1 239 124<br \/>\n<\/code><\/p>\n<p>Pour r\u00e9aliser le test, on utilise la commande <em>twoby2(FR,Maladie)<\/em>. On respectera cet ordre pour que le risque relatif calcul\u00e9 soit le bon.<\/p>\n<pre class=\"EnlighterJSRAW\" data-enlighter-language=\"generic\">library(Epi)\ntwoby2(1-satis$prof2.b,1-satis$recommander.b)<\/pre>\n<p><code><br \/>\n2 by 2 table analysis: <\/code><\/p>\n<p><em><em><em><em><em><em><em><em><em><code><\/code><\/em><\/em><\/em><\/em><\/em><\/em><\/em><\/em><\/em><\/p>\n<hr \/>\n<p><em><em><em><em><em><em><em><em><em><code><\/code><\/em><\/em><\/em><\/em><\/em><\/em><\/em><\/em><\/em><\/p>\n<p>Outcome : 0<br \/>\nComparing : 0 vs. 1<\/p>\n<p><em><em><em><em><em><em><em><em><em><code><\/code><\/em><\/em><\/em><\/em><\/em><\/em><\/em><\/em><\/em><\/p>\n<p>0 1 P(0) 95% conf. interval<br \/>\n0 28 9 0.7568 0.5948 0.8683<br \/>\n1 239 124 0.6584 0.6081 0.7054<\/p>\n<p><em><em><em><em><em><em><em><em><em><code><\/code><\/em><\/em><\/em><\/em><\/em><\/em><\/em><\/em><\/em><\/p>\n<p>95% conf. interval<br \/>\nRelative Risk: 1.1494 0.9437 1.3998<br \/>\nSample Odds Ratio: 1.6141 0.7387 3.5272<br \/>\nConditional MLE Odds Ratio: 1.6123 0.7120 4.0092<br \/>\nProbability difference: 0.0984 -0.0664 0.2189<\/p>\n<p><em><em><em><em><em><em><em><em><em><code><\/code><\/em><\/em><\/em><\/em><\/em><\/em><\/em><\/em><\/em><\/p>\n<p>Exact P-value: 0.2737<br \/>\nAsymptotic P-value: 0.23<\/p>\n<p><em><em><em><em><em><em><em><em><em><code><\/code><\/em><\/em><\/em><\/em><\/em><\/em><\/em><\/em><\/em><\/p>\n<hr \/>\n<p><em><em><em><em><em><em><em><em><em><code><br \/>\n<\/code><\/em><\/em><\/em><\/em><\/em><\/em><\/em><\/em><\/em><\/p>\n<p><code><\/code><\/p>\n<p>On constate que <em><em><em><em><em><em><em><em><em>$OR$ <\/em><\/em><\/em><\/em><\/em><\/em><\/em><\/em><\/em>est \u00e9lev\u00e9 mais la valeur de <em><em><em><em><em><em><em><em><em>$p$ <\/em><\/em><\/em><\/em><\/em><\/em><\/em><\/em><\/em>sup\u00e9rieure \u00e0 <em><em><em><em><em><em><em><em><em>$5~\\%$ <\/em><\/em><\/em><\/em><\/em><\/em><\/em><\/em><\/em>ne permet pas de conclure.<\/p>\n","protected":false},"excerpt":{"rendered":"<p>Un fichier de donn\u00e9es Travaillons sur une enqu\u00eate de satisfactions dans un h\u00f4pital, r\u00e9cup\u00e9r\u00e9 lors d&rsquo;un cours de FUN (France Unit\u00e9 Num\u00e9rique). Les fichiers sont disponibles ici. Par la suite,&hellip;<\/p>\n","protected":false},"author":1,"featured_media":0,"parent":2089,"menu_order":4,"comment_status":"closed","ping_status":"closed","template":"","meta":{"footnotes":""},"class_list":["post-294","page","type-page","status-publish","hentry"],"yoast_head":"<!-- This site is optimized with the Yoast SEO plugin v27.1.1 - https:\/\/yoast.com\/product\/yoast-seo-wordpress\/ -->\n<title>Risque relatif et odds-ratio avec R - Maths &amp; Num\u00e9rique<\/title>\n<meta name=\"robots\" content=\"index, follow, max-snippet:-1, max-image-preview:large, max-video-preview:-1\" \/>\n<link rel=\"canonical\" href=\"https:\/\/wordpress.callac.online\/index.php\/logiciels-mathematiques\/le-logiciel-r\/les-tests-avec-r\/risque-relatif-et-odds-ratio-avec-r\/\" \/>\n<meta property=\"og:locale\" content=\"fr_FR\" \/>\n<meta property=\"og:type\" content=\"article\" \/>\n<meta property=\"og:title\" content=\"Risque relatif et odds-ratio avec R - Maths &amp; Num\u00e9rique\" \/>\n<meta property=\"og:description\" content=\"Un fichier de donn\u00e9es Travaillons sur une enqu\u00eate de satisfactions dans un h\u00f4pital, r\u00e9cup\u00e9r\u00e9 lors d&rsquo;un cours de FUN (France Unit\u00e9 Num\u00e9rique). Les fichiers sont disponibles ici. Par la suite,&hellip;\" \/>\n<meta property=\"og:url\" content=\"https:\/\/wordpress.callac.online\/index.php\/logiciels-mathematiques\/le-logiciel-r\/les-tests-avec-r\/risque-relatif-et-odds-ratio-avec-r\/\" \/>\n<meta property=\"og:site_name\" content=\"Maths &amp; Num\u00e9rique\" \/>\n<meta property=\"article:modified_time\" content=\"2023-10-14T18:14:41+00:00\" \/>\n<meta name=\"twitter:card\" content=\"summary_large_image\" \/>\n<meta name=\"twitter:label1\" content=\"Dur\u00e9e de lecture estim\u00e9e\" \/>\n\t<meta name=\"twitter:data1\" content=\"2 minutes\" \/>\n<script type=\"application\/ld+json\" class=\"yoast-schema-graph\">{\"@context\":\"https:\/\/schema.org\",\"@graph\":[{\"@type\":\"WebPage\",\"@id\":\"https:\/\/wordpress.callac.online\/index.php\/logiciels-mathematiques\/le-logiciel-r\/les-tests-avec-r\/risque-relatif-et-odds-ratio-avec-r\/\",\"url\":\"https:\/\/wordpress.callac.online\/index.php\/logiciels-mathematiques\/le-logiciel-r\/les-tests-avec-r\/risque-relatif-et-odds-ratio-avec-r\/\",\"name\":\"Risque relatif et odds-ratio avec R - Maths &amp; Num\u00e9rique\",\"isPartOf\":{\"@id\":\"https:\/\/wordpress.callac.online\/#website\"},\"datePublished\":\"2014-10-05T20:10:57+00:00\",\"dateModified\":\"2023-10-14T18:14:41+00:00\",\"breadcrumb\":{\"@id\":\"https:\/\/wordpress.callac.online\/index.php\/logiciels-mathematiques\/le-logiciel-r\/les-tests-avec-r\/risque-relatif-et-odds-ratio-avec-r\/#breadcrumb\"},\"inLanguage\":\"fr-FR\",\"potentialAction\":[{\"@type\":\"ReadAction\",\"target\":[\"https:\/\/wordpress.callac.online\/index.php\/logiciels-mathematiques\/le-logiciel-r\/les-tests-avec-r\/risque-relatif-et-odds-ratio-avec-r\/\"]}]},{\"@type\":\"BreadcrumbList\",\"@id\":\"https:\/\/wordpress.callac.online\/index.php\/logiciels-mathematiques\/le-logiciel-r\/les-tests-avec-r\/risque-relatif-et-odds-ratio-avec-r\/#breadcrumb\",\"itemListElement\":[{\"@type\":\"ListItem\",\"position\":1,\"name\":\"Accueil\",\"item\":\"https:\/\/wordpress.callac.online\/\"},{\"@type\":\"ListItem\",\"position\":2,\"name\":\"Logiciels math\u00e9matiques\",\"item\":\"https:\/\/wordpress.callac.online\/index.php\/logiciels-mathematiques\/\"},{\"@type\":\"ListItem\",\"position\":3,\"name\":\"Le logiciel R\",\"item\":\"https:\/\/wordpress.callac.online\/index.php\/logiciels-mathematiques\/le-logiciel-r\/\"},{\"@type\":\"ListItem\",\"position\":4,\"name\":\"Les tests avec R\",\"item\":\"https:\/\/wordpress.callac.online\/index.php\/logiciels-mathematiques\/le-logiciel-r\/les-tests-avec-r\/\"},{\"@type\":\"ListItem\",\"position\":5,\"name\":\"Risque relatif et odds-ratio avec R\"}]},{\"@type\":\"WebSite\",\"@id\":\"https:\/\/wordpress.callac.online\/#website\",\"url\":\"https:\/\/wordpress.callac.online\/\",\"name\":\"Maths & Num\u00e9rique\",\"description\":\"Des outils pour les enseignants de math\u00e9matiques et de num\u00e9rique\",\"publisher\":{\"@id\":\"https:\/\/wordpress.callac.online\/#\/schema\/person\/04061f1ca2c2c42039142a704be95940\"},\"potentialAction\":[{\"@type\":\"SearchAction\",\"target\":{\"@type\":\"EntryPoint\",\"urlTemplate\":\"https:\/\/wordpress.callac.online\/?s={search_term_string}\"},\"query-input\":{\"@type\":\"PropertyValueSpecification\",\"valueRequired\":true,\"valueName\":\"search_term_string\"}}],\"inLanguage\":\"fr-FR\"},{\"@type\":[\"Person\",\"Organization\"],\"@id\":\"https:\/\/wordpress.callac.online\/#\/schema\/person\/04061f1ca2c2c42039142a704be95940\",\"name\":\"dlefur\",\"image\":{\"@type\":\"ImageObject\",\"inLanguage\":\"fr-FR\",\"@id\":\"https:\/\/wordpress.callac.online\/#\/schema\/person\/image\/\",\"url\":\"https:\/\/secure.gravatar.com\/avatar\/4a9e17be136808c6597f28aa2b6c13126dab066fdc2198ff60090972c9b7fafc?s=96&d=mm&r=g\",\"contentUrl\":\"https:\/\/secure.gravatar.com\/avatar\/4a9e17be136808c6597f28aa2b6c13126dab066fdc2198ff60090972c9b7fafc?s=96&d=mm&r=g\",\"caption\":\"dlefur\"},\"logo\":{\"@id\":\"https:\/\/wordpress.callac.online\/#\/schema\/person\/image\/\"},\"description\":\"Enseignant de math\u00e9matiques Lyc\u00e9e Pasteur S\u00e3o Paulo\",\"sameAs\":[\"http:\/\/wordpress.callac.online\"]}]}<\/script>\n<!-- \/ Yoast SEO plugin. -->","yoast_head_json":{"title":"Risque relatif et odds-ratio avec R - Maths &amp; Num\u00e9rique","robots":{"index":"index","follow":"follow","max-snippet":"max-snippet:-1","max-image-preview":"max-image-preview:large","max-video-preview":"max-video-preview:-1"},"canonical":"https:\/\/wordpress.callac.online\/index.php\/logiciels-mathematiques\/le-logiciel-r\/les-tests-avec-r\/risque-relatif-et-odds-ratio-avec-r\/","og_locale":"fr_FR","og_type":"article","og_title":"Risque relatif et odds-ratio avec R - Maths &amp; Num\u00e9rique","og_description":"Un fichier de donn\u00e9es Travaillons sur une enqu\u00eate de satisfactions dans un h\u00f4pital, r\u00e9cup\u00e9r\u00e9 lors d&rsquo;un cours de FUN (France Unit\u00e9 Num\u00e9rique). Les fichiers sont disponibles ici. Par la suite,&hellip;","og_url":"https:\/\/wordpress.callac.online\/index.php\/logiciels-mathematiques\/le-logiciel-r\/les-tests-avec-r\/risque-relatif-et-odds-ratio-avec-r\/","og_site_name":"Maths &amp; Num\u00e9rique","article_modified_time":"2023-10-14T18:14:41+00:00","twitter_card":"summary_large_image","twitter_misc":{"Dur\u00e9e de lecture estim\u00e9e":"2 minutes"},"schema":{"@context":"https:\/\/schema.org","@graph":[{"@type":"WebPage","@id":"https:\/\/wordpress.callac.online\/index.php\/logiciels-mathematiques\/le-logiciel-r\/les-tests-avec-r\/risque-relatif-et-odds-ratio-avec-r\/","url":"https:\/\/wordpress.callac.online\/index.php\/logiciels-mathematiques\/le-logiciel-r\/les-tests-avec-r\/risque-relatif-et-odds-ratio-avec-r\/","name":"Risque relatif et odds-ratio avec R - Maths &amp; Num\u00e9rique","isPartOf":{"@id":"https:\/\/wordpress.callac.online\/#website"},"datePublished":"2014-10-05T20:10:57+00:00","dateModified":"2023-10-14T18:14:41+00:00","breadcrumb":{"@id":"https:\/\/wordpress.callac.online\/index.php\/logiciels-mathematiques\/le-logiciel-r\/les-tests-avec-r\/risque-relatif-et-odds-ratio-avec-r\/#breadcrumb"},"inLanguage":"fr-FR","potentialAction":[{"@type":"ReadAction","target":["https:\/\/wordpress.callac.online\/index.php\/logiciels-mathematiques\/le-logiciel-r\/les-tests-avec-r\/risque-relatif-et-odds-ratio-avec-r\/"]}]},{"@type":"BreadcrumbList","@id":"https:\/\/wordpress.callac.online\/index.php\/logiciels-mathematiques\/le-logiciel-r\/les-tests-avec-r\/risque-relatif-et-odds-ratio-avec-r\/#breadcrumb","itemListElement":[{"@type":"ListItem","position":1,"name":"Accueil","item":"https:\/\/wordpress.callac.online\/"},{"@type":"ListItem","position":2,"name":"Logiciels math\u00e9matiques","item":"https:\/\/wordpress.callac.online\/index.php\/logiciels-mathematiques\/"},{"@type":"ListItem","position":3,"name":"Le logiciel R","item":"https:\/\/wordpress.callac.online\/index.php\/logiciels-mathematiques\/le-logiciel-r\/"},{"@type":"ListItem","position":4,"name":"Les tests avec R","item":"https:\/\/wordpress.callac.online\/index.php\/logiciels-mathematiques\/le-logiciel-r\/les-tests-avec-r\/"},{"@type":"ListItem","position":5,"name":"Risque relatif et odds-ratio avec R"}]},{"@type":"WebSite","@id":"https:\/\/wordpress.callac.online\/#website","url":"https:\/\/wordpress.callac.online\/","name":"Maths & Num\u00e9rique","description":"Des outils pour les enseignants de math\u00e9matiques et de num\u00e9rique","publisher":{"@id":"https:\/\/wordpress.callac.online\/#\/schema\/person\/04061f1ca2c2c42039142a704be95940"},"potentialAction":[{"@type":"SearchAction","target":{"@type":"EntryPoint","urlTemplate":"https:\/\/wordpress.callac.online\/?s={search_term_string}"},"query-input":{"@type":"PropertyValueSpecification","valueRequired":true,"valueName":"search_term_string"}}],"inLanguage":"fr-FR"},{"@type":["Person","Organization"],"@id":"https:\/\/wordpress.callac.online\/#\/schema\/person\/04061f1ca2c2c42039142a704be95940","name":"dlefur","image":{"@type":"ImageObject","inLanguage":"fr-FR","@id":"https:\/\/wordpress.callac.online\/#\/schema\/person\/image\/","url":"https:\/\/secure.gravatar.com\/avatar\/4a9e17be136808c6597f28aa2b6c13126dab066fdc2198ff60090972c9b7fafc?s=96&d=mm&r=g","contentUrl":"https:\/\/secure.gravatar.com\/avatar\/4a9e17be136808c6597f28aa2b6c13126dab066fdc2198ff60090972c9b7fafc?s=96&d=mm&r=g","caption":"dlefur"},"logo":{"@id":"https:\/\/wordpress.callac.online\/#\/schema\/person\/image\/"},"description":"Enseignant de math\u00e9matiques Lyc\u00e9e Pasteur S\u00e3o Paulo","sameAs":["http:\/\/wordpress.callac.online"]}]}},"_links":{"self":[{"href":"https:\/\/wordpress.callac.online\/index.php\/wp-json\/wp\/v2\/pages\/294","targetHints":{"allow":["GET"]}}],"collection":[{"href":"https:\/\/wordpress.callac.online\/index.php\/wp-json\/wp\/v2\/pages"}],"about":[{"href":"https:\/\/wordpress.callac.online\/index.php\/wp-json\/wp\/v2\/types\/page"}],"author":[{"embeddable":true,"href":"https:\/\/wordpress.callac.online\/index.php\/wp-json\/wp\/v2\/users\/1"}],"replies":[{"embeddable":true,"href":"https:\/\/wordpress.callac.online\/index.php\/wp-json\/wp\/v2\/comments?post=294"}],"version-history":[{"count":4,"href":"https:\/\/wordpress.callac.online\/index.php\/wp-json\/wp\/v2\/pages\/294\/revisions"}],"predecessor-version":[{"id":2387,"href":"https:\/\/wordpress.callac.online\/index.php\/wp-json\/wp\/v2\/pages\/294\/revisions\/2387"}],"up":[{"embeddable":true,"href":"https:\/\/wordpress.callac.online\/index.php\/wp-json\/wp\/v2\/pages\/2089"}],"wp:attachment":[{"href":"https:\/\/wordpress.callac.online\/index.php\/wp-json\/wp\/v2\/media?parent=294"}],"curies":[{"name":"wp","href":"https:\/\/api.w.org\/{rel}","templated":true}]}}