{"id":296,"date":"2014-10-06T13:19:03","date_gmt":"2014-10-06T11:19:03","guid":{"rendered":"http:\/\/wordpress.callac.online\/index.php\/test-de-student-et-test-de-wilcoxon\/"},"modified":"2023-10-14T20:14:40","modified_gmt":"2023-10-14T18:14:40","slug":"test-de-student-et-test-de-wilcoxon","status":"publish","type":"page","link":"https:\/\/wordpress.callac.online\/index.php\/logiciels-mathematiques\/le-logiciel-r\/les-tests-avec-r\/test-de-student-et-test-de-wilcoxon\/","title":{"rendered":"Test de Student et test de Wilcoxon"},"content":{"rendered":"<h2>Un fichier de donn\u00e9es<\/h2>\n<p>Travaillons sur une enqu\u00eate de satisfactions dans un h\u00f4pital, r\u00e9cup\u00e9r\u00e9 lors d&rsquo;un cours de FUN (France Unit\u00e9 Num\u00e9rique). Les fichiers sont disponibles <a href=\"https:\/\/filedn.com\/lpKG7uY9hIHVel5exA5Ik80\/Wordpress\/Logiciels%20math%C3%A9matiques\/R\/\">ici<\/a>.<\/p>\n<p>Par la suite, ces donn\u00e9es seront stock\u00e9es dans la variable <em>satis<\/em> .<\/p>\n<p>Dans ces donn\u00e9es comme souvent, les observations sont en lignes et les variables en colonnes.<\/p>\n<h2>Un exemple<\/h2>\n<p>On cherche \u00e0 savoir s&rsquo;il y a une diff\u00e9rence d&rsquo;\u00e2ge entre les patients recommandant l&rsquo;h\u00f4pital et les autres.<\/p>\n<p>Pr\u00e9parons les donn\u00e9es.<\/p>\n<pre class=\"EnlighterJSRAW\" data-enlighter-language=\"generic\">satis$recommander.b&lt;-ifelse(satis$recommander==2,1,0)<\/pre>\n<h2>Le test de Student<\/h2>\n<p>Ce test sert \u00e0 comparer les moyennes d&rsquo;une variable quantitative pour deux groupes d&rsquo;une population (d\u00e9terminer par une variable binaire).<\/p>\n<p>Pour pouvoir l&rsquo;utiliser, il faut respecter les conditions suivantes :<br \/>\n&#8211; les effectifs doivent \u00eatre raisonnables (n&gt;30) ;<br \/>\n&#8211; la variable quantitative doit suivre une loi normale ;<br \/>\n&#8211; les variances des deux groupes doivent \u00eatre voisines.<\/p>\n<p>On utilise l&rsquo;instruction <em>t.test<\/em>.<\/p>\n<h2>V\u00e9rifions les conditions<\/h2>\n<p>&#8211; <strong>La loi normale de l&rsquo;\u00e2ge<\/strong><\/p>\n<pre class=\"EnlighterJSRAW\" data-enlighter-language=\"generic\">hist(satis$age)<\/pre>\n<p><img loading=\"lazy\" decoding=\"async\" class=\" aligncenter size-full wp-image-910\" src=\"http:\/\/wordpress.callac.online\/wp-content\/uploads\/2014\/10\/png_histo_age_01-2.png\" alt=\"histo_age_01-2.png\" width=\"579\" height=\"360\" align=\"center\" srcset=\"https:\/\/wordpress.callac.online\/wp-content\/uploads\/2014\/10\/png_histo_age_01-2.png 579w, https:\/\/wordpress.callac.online\/wp-content\/uploads\/2014\/10\/png_histo_age_01-2-300x187.png 300w\" sizes=\"auto, (max-width: 579px) 100vw, 579px\" \/><\/p>\n<p>On voit que l&rsquo;\u00e2ge suit environ une loi normale.<\/p>\n<p>&#8211; <strong>Les effectifs dans les sous-groupes<\/strong><\/p>\n<pre class=\"EnlighterJSRAW\" data-enlighter-language=\"generic\">library(prettyR)\ntapply(satis$age,satis$recommander.b,valid.n)<\/pre>\n<p><code><br \/>\n0   1<br \/>\n136 269<br \/>\n<\/code><\/p>\n<p>&#8211; <strong>Les \u00e9cart-types dans les sous-groupes<\/strong><\/p>\n<pre class=\"EnlighterJSRAW\" data-enlighter-language=\"generic\">tapply(satis$age,satis$recommander.b,sd)<\/pre>\n<p><code><br \/>\n0        1<br \/>\n18.38549 16.10392<br \/>\n<\/code><\/p>\n<p>Les \u00e9cart-types ne sont pas trop \u00e9loign\u00e9s.<\/p>\n<p>Toutes les conditions sont respect\u00e9es<\/p>\n<h2>Application du test de Student<\/h2>\n<p>NB : attention au <code>~<\/code> qui remplace la virgule habituelle !<\/p>\n<pre class=\"EnlighterJSRAW\" data-enlighter-language=\"generic\">t.test(satis$age~satis$recommander.b,var.equal=TRUE)<\/pre>\n<p><code><br \/>\nTwo Sample t-test<\/code><\/p>\n<p><code><br \/>\n<\/code><\/p>\n<p><code>data:  satis$age by satis$recommander.b<br \/>\nt = -1.2159, df = 403, p-value = 0.2247<br \/>\nalternative hypothesis: true difference in means is not equal to 0<br \/>\n95 percent confidence interval:<br \/>\n-5.658504  1.333772<br \/>\nsample estimates:<br \/>\nmean in group 0 mean in group 1<br \/>\n53.55882        55.72119<br \/>\n<\/code><\/p>\n<p>La moyenne d&rsquo;\u00e2ge est sup\u00e9rieure dans le groupe qui recommande l&rsquo;\u00e9tablissement, mais la valeur de $p$ est sup\u00e9rieure \u00e0 $5~\\%$.<\/p>\n<h2>Le test de Wilcoxon<\/h2>\n<p>Si le test de Student n&rsquo;est pas applicable, on peut utiliser le test de Wilcoxon.<\/p>\n<p>Celui-ci ne donne pas les moyennes. Commen\u00e7ons par les calculer :<\/p>\n<pre class=\"EnlighterJSRAW\" data-enlighter-language=\"generic\">tapply(satis$age,satis$recommander.b,mean)<\/pre>\n<p><code><br \/>\n0        1<br \/>\n53.55882 55.72119<br \/>\n<\/code><\/p>\n<p>Appliquons le test.<\/p>\n<p>NB : attention au <code>~<\/code> qui remplace la virgule habituelle !<\/p>\n<pre class=\"EnlighterJSRAW\" data-enlighter-language=\"generic\">wilcox.test(satis$age~satis$recommander.b)<\/pre>\n<p><code><br \/>\nWilcoxon rank sum test with continuity correction<\/code><\/p>\n<p><code><br \/>\n<\/code><\/p>\n<p><code>data:  satis$age by satis$recommander.b<br \/>\nW = 17023.5, p-value = 0.2543<br \/>\nalternative hypothesis: true location shift is not equal to 0<br \/>\n<\/code><\/p>\n<p>La valeur de $p$ est aussi sup\u00e9rieure \u00e0 $5~\\%$.<\/p>\n","protected":false},"excerpt":{"rendered":"<p>Un fichier de donn\u00e9es Travaillons sur une enqu\u00eate de satisfactions dans un h\u00f4pital, r\u00e9cup\u00e9r\u00e9 lors d&rsquo;un cours de FUN (France Unit\u00e9 Num\u00e9rique). Les fichiers sont disponibles ici. Par la suite,&hellip;<\/p>\n","protected":false},"author":1,"featured_media":0,"parent":2089,"menu_order":3,"comment_status":"closed","ping_status":"closed","template":"","meta":{"footnotes":""},"class_list":["post-296","page","type-page","status-publish","hentry"],"yoast_head":"<!-- This site is optimized with the Yoast SEO plugin v27.1.1 - https:\/\/yoast.com\/product\/yoast-seo-wordpress\/ -->\n<title>Test de Student et test de Wilcoxon - Maths &amp; Num\u00e9rique<\/title>\n<meta name=\"robots\" content=\"index, follow, max-snippet:-1, max-image-preview:large, max-video-preview:-1\" \/>\n<link rel=\"canonical\" href=\"https:\/\/wordpress.callac.online\/index.php\/logiciels-mathematiques\/le-logiciel-r\/les-tests-avec-r\/test-de-student-et-test-de-wilcoxon\/\" \/>\n<meta property=\"og:locale\" content=\"fr_FR\" \/>\n<meta property=\"og:type\" content=\"article\" \/>\n<meta property=\"og:title\" content=\"Test de Student et test de Wilcoxon - Maths &amp; Num\u00e9rique\" \/>\n<meta property=\"og:description\" content=\"Un fichier de donn\u00e9es Travaillons sur une enqu\u00eate de satisfactions dans un h\u00f4pital, r\u00e9cup\u00e9r\u00e9 lors d&rsquo;un cours de FUN (France Unit\u00e9 Num\u00e9rique). Les fichiers sont disponibles ici. Par la suite,&hellip;\" \/>\n<meta property=\"og:url\" content=\"https:\/\/wordpress.callac.online\/index.php\/logiciels-mathematiques\/le-logiciel-r\/les-tests-avec-r\/test-de-student-et-test-de-wilcoxon\/\" \/>\n<meta property=\"og:site_name\" content=\"Maths &amp; Num\u00e9rique\" \/>\n<meta property=\"article:modified_time\" content=\"2023-10-14T18:14:40+00:00\" \/>\n<meta property=\"og:image\" content=\"http:\/\/wordpress.callac.online\/wp-content\/uploads\/2014\/10\/png_histo_age_01-2.png\" \/>\n<meta name=\"twitter:card\" content=\"summary_large_image\" \/>\n<meta name=\"twitter:label1\" content=\"Dur\u00e9e de lecture estim\u00e9e\" \/>\n\t<meta name=\"twitter:data1\" content=\"2 minutes\" \/>\n<script type=\"application\/ld+json\" class=\"yoast-schema-graph\">{\"@context\":\"https:\/\/schema.org\",\"@graph\":[{\"@type\":\"WebPage\",\"@id\":\"https:\/\/wordpress.callac.online\/index.php\/logiciels-mathematiques\/le-logiciel-r\/les-tests-avec-r\/test-de-student-et-test-de-wilcoxon\/\",\"url\":\"https:\/\/wordpress.callac.online\/index.php\/logiciels-mathematiques\/le-logiciel-r\/les-tests-avec-r\/test-de-student-et-test-de-wilcoxon\/\",\"name\":\"Test de Student et test de Wilcoxon - Maths &amp; Num\u00e9rique\",\"isPartOf\":{\"@id\":\"https:\/\/wordpress.callac.online\/#website\"},\"primaryImageOfPage\":{\"@id\":\"https:\/\/wordpress.callac.online\/index.php\/logiciels-mathematiques\/le-logiciel-r\/les-tests-avec-r\/test-de-student-et-test-de-wilcoxon\/#primaryimage\"},\"image\":{\"@id\":\"https:\/\/wordpress.callac.online\/index.php\/logiciels-mathematiques\/le-logiciel-r\/les-tests-avec-r\/test-de-student-et-test-de-wilcoxon\/#primaryimage\"},\"thumbnailUrl\":\"http:\/\/wordpress.callac.online\/wp-content\/uploads\/2014\/10\/png_histo_age_01-2.png\",\"datePublished\":\"2014-10-06T11:19:03+00:00\",\"dateModified\":\"2023-10-14T18:14:40+00:00\",\"breadcrumb\":{\"@id\":\"https:\/\/wordpress.callac.online\/index.php\/logiciels-mathematiques\/le-logiciel-r\/les-tests-avec-r\/test-de-student-et-test-de-wilcoxon\/#breadcrumb\"},\"inLanguage\":\"fr-FR\",\"potentialAction\":[{\"@type\":\"ReadAction\",\"target\":[\"https:\/\/wordpress.callac.online\/index.php\/logiciels-mathematiques\/le-logiciel-r\/les-tests-avec-r\/test-de-student-et-test-de-wilcoxon\/\"]}]},{\"@type\":\"ImageObject\",\"inLanguage\":\"fr-FR\",\"@id\":\"https:\/\/wordpress.callac.online\/index.php\/logiciels-mathematiques\/le-logiciel-r\/les-tests-avec-r\/test-de-student-et-test-de-wilcoxon\/#primaryimage\",\"url\":\"https:\/\/wordpress.callac.online\/wp-content\/uploads\/2014\/10\/png_histo_age_01-2.png\",\"contentUrl\":\"https:\/\/wordpress.callac.online\/wp-content\/uploads\/2014\/10\/png_histo_age_01-2.png\",\"width\":579,\"height\":360,\"caption\":\"histo_age_01-2.png\"},{\"@type\":\"BreadcrumbList\",\"@id\":\"https:\/\/wordpress.callac.online\/index.php\/logiciels-mathematiques\/le-logiciel-r\/les-tests-avec-r\/test-de-student-et-test-de-wilcoxon\/#breadcrumb\",\"itemListElement\":[{\"@type\":\"ListItem\",\"position\":1,\"name\":\"Accueil\",\"item\":\"https:\/\/wordpress.callac.online\/\"},{\"@type\":\"ListItem\",\"position\":2,\"name\":\"Logiciels math\u00e9matiques\",\"item\":\"https:\/\/wordpress.callac.online\/index.php\/logiciels-mathematiques\/\"},{\"@type\":\"ListItem\",\"position\":3,\"name\":\"Le logiciel R\",\"item\":\"https:\/\/wordpress.callac.online\/index.php\/logiciels-mathematiques\/le-logiciel-r\/\"},{\"@type\":\"ListItem\",\"position\":4,\"name\":\"Les tests avec R\",\"item\":\"https:\/\/wordpress.callac.online\/index.php\/logiciels-mathematiques\/le-logiciel-r\/les-tests-avec-r\/\"},{\"@type\":\"ListItem\",\"position\":5,\"name\":\"Test de Student et test de Wilcoxon\"}]},{\"@type\":\"WebSite\",\"@id\":\"https:\/\/wordpress.callac.online\/#website\",\"url\":\"https:\/\/wordpress.callac.online\/\",\"name\":\"Maths & Num\u00e9rique\",\"description\":\"Des outils pour les enseignants de math\u00e9matiques et de num\u00e9rique\",\"publisher\":{\"@id\":\"https:\/\/wordpress.callac.online\/#\/schema\/person\/04061f1ca2c2c42039142a704be95940\"},\"potentialAction\":[{\"@type\":\"SearchAction\",\"target\":{\"@type\":\"EntryPoint\",\"urlTemplate\":\"https:\/\/wordpress.callac.online\/?s={search_term_string}\"},\"query-input\":{\"@type\":\"PropertyValueSpecification\",\"valueRequired\":true,\"valueName\":\"search_term_string\"}}],\"inLanguage\":\"fr-FR\"},{\"@type\":[\"Person\",\"Organization\"],\"@id\":\"https:\/\/wordpress.callac.online\/#\/schema\/person\/04061f1ca2c2c42039142a704be95940\",\"name\":\"dlefur\",\"image\":{\"@type\":\"ImageObject\",\"inLanguage\":\"fr-FR\",\"@id\":\"https:\/\/wordpress.callac.online\/#\/schema\/person\/image\/\",\"url\":\"https:\/\/secure.gravatar.com\/avatar\/4a9e17be136808c6597f28aa2b6c13126dab066fdc2198ff60090972c9b7fafc?s=96&d=mm&r=g\",\"contentUrl\":\"https:\/\/secure.gravatar.com\/avatar\/4a9e17be136808c6597f28aa2b6c13126dab066fdc2198ff60090972c9b7fafc?s=96&d=mm&r=g\",\"caption\":\"dlefur\"},\"logo\":{\"@id\":\"https:\/\/wordpress.callac.online\/#\/schema\/person\/image\/\"},\"description\":\"Enseignant de math\u00e9matiques Lyc\u00e9e Pasteur S\u00e3o Paulo\",\"sameAs\":[\"http:\/\/wordpress.callac.online\"]}]}<\/script>\n<!-- \/ Yoast SEO plugin. -->","yoast_head_json":{"title":"Test de Student et test de Wilcoxon - Maths &amp; Num\u00e9rique","robots":{"index":"index","follow":"follow","max-snippet":"max-snippet:-1","max-image-preview":"max-image-preview:large","max-video-preview":"max-video-preview:-1"},"canonical":"https:\/\/wordpress.callac.online\/index.php\/logiciels-mathematiques\/le-logiciel-r\/les-tests-avec-r\/test-de-student-et-test-de-wilcoxon\/","og_locale":"fr_FR","og_type":"article","og_title":"Test de Student et test de Wilcoxon - Maths &amp; Num\u00e9rique","og_description":"Un fichier de donn\u00e9es Travaillons sur une enqu\u00eate de satisfactions dans un h\u00f4pital, r\u00e9cup\u00e9r\u00e9 lors d&rsquo;un cours de FUN (France Unit\u00e9 Num\u00e9rique). Les fichiers sont disponibles ici. Par la suite,&hellip;","og_url":"https:\/\/wordpress.callac.online\/index.php\/logiciels-mathematiques\/le-logiciel-r\/les-tests-avec-r\/test-de-student-et-test-de-wilcoxon\/","og_site_name":"Maths &amp; Num\u00e9rique","article_modified_time":"2023-10-14T18:14:40+00:00","og_image":[{"url":"http:\/\/wordpress.callac.online\/wp-content\/uploads\/2014\/10\/png_histo_age_01-2.png","type":"","width":"","height":""}],"twitter_card":"summary_large_image","twitter_misc":{"Dur\u00e9e de lecture estim\u00e9e":"2 minutes"},"schema":{"@context":"https:\/\/schema.org","@graph":[{"@type":"WebPage","@id":"https:\/\/wordpress.callac.online\/index.php\/logiciels-mathematiques\/le-logiciel-r\/les-tests-avec-r\/test-de-student-et-test-de-wilcoxon\/","url":"https:\/\/wordpress.callac.online\/index.php\/logiciels-mathematiques\/le-logiciel-r\/les-tests-avec-r\/test-de-student-et-test-de-wilcoxon\/","name":"Test de Student et test de Wilcoxon - Maths &amp; Num\u00e9rique","isPartOf":{"@id":"https:\/\/wordpress.callac.online\/#website"},"primaryImageOfPage":{"@id":"https:\/\/wordpress.callac.online\/index.php\/logiciels-mathematiques\/le-logiciel-r\/les-tests-avec-r\/test-de-student-et-test-de-wilcoxon\/#primaryimage"},"image":{"@id":"https:\/\/wordpress.callac.online\/index.php\/logiciels-mathematiques\/le-logiciel-r\/les-tests-avec-r\/test-de-student-et-test-de-wilcoxon\/#primaryimage"},"thumbnailUrl":"http:\/\/wordpress.callac.online\/wp-content\/uploads\/2014\/10\/png_histo_age_01-2.png","datePublished":"2014-10-06T11:19:03+00:00","dateModified":"2023-10-14T18:14:40+00:00","breadcrumb":{"@id":"https:\/\/wordpress.callac.online\/index.php\/logiciels-mathematiques\/le-logiciel-r\/les-tests-avec-r\/test-de-student-et-test-de-wilcoxon\/#breadcrumb"},"inLanguage":"fr-FR","potentialAction":[{"@type":"ReadAction","target":["https:\/\/wordpress.callac.online\/index.php\/logiciels-mathematiques\/le-logiciel-r\/les-tests-avec-r\/test-de-student-et-test-de-wilcoxon\/"]}]},{"@type":"ImageObject","inLanguage":"fr-FR","@id":"https:\/\/wordpress.callac.online\/index.php\/logiciels-mathematiques\/le-logiciel-r\/les-tests-avec-r\/test-de-student-et-test-de-wilcoxon\/#primaryimage","url":"https:\/\/wordpress.callac.online\/wp-content\/uploads\/2014\/10\/png_histo_age_01-2.png","contentUrl":"https:\/\/wordpress.callac.online\/wp-content\/uploads\/2014\/10\/png_histo_age_01-2.png","width":579,"height":360,"caption":"histo_age_01-2.png"},{"@type":"BreadcrumbList","@id":"https:\/\/wordpress.callac.online\/index.php\/logiciels-mathematiques\/le-logiciel-r\/les-tests-avec-r\/test-de-student-et-test-de-wilcoxon\/#breadcrumb","itemListElement":[{"@type":"ListItem","position":1,"name":"Accueil","item":"https:\/\/wordpress.callac.online\/"},{"@type":"ListItem","position":2,"name":"Logiciels math\u00e9matiques","item":"https:\/\/wordpress.callac.online\/index.php\/logiciels-mathematiques\/"},{"@type":"ListItem","position":3,"name":"Le logiciel R","item":"https:\/\/wordpress.callac.online\/index.php\/logiciels-mathematiques\/le-logiciel-r\/"},{"@type":"ListItem","position":4,"name":"Les tests avec R","item":"https:\/\/wordpress.callac.online\/index.php\/logiciels-mathematiques\/le-logiciel-r\/les-tests-avec-r\/"},{"@type":"ListItem","position":5,"name":"Test de Student et test de Wilcoxon"}]},{"@type":"WebSite","@id":"https:\/\/wordpress.callac.online\/#website","url":"https:\/\/wordpress.callac.online\/","name":"Maths & Num\u00e9rique","description":"Des outils pour les enseignants de math\u00e9matiques et de num\u00e9rique","publisher":{"@id":"https:\/\/wordpress.callac.online\/#\/schema\/person\/04061f1ca2c2c42039142a704be95940"},"potentialAction":[{"@type":"SearchAction","target":{"@type":"EntryPoint","urlTemplate":"https:\/\/wordpress.callac.online\/?s={search_term_string}"},"query-input":{"@type":"PropertyValueSpecification","valueRequired":true,"valueName":"search_term_string"}}],"inLanguage":"fr-FR"},{"@type":["Person","Organization"],"@id":"https:\/\/wordpress.callac.online\/#\/schema\/person\/04061f1ca2c2c42039142a704be95940","name":"dlefur","image":{"@type":"ImageObject","inLanguage":"fr-FR","@id":"https:\/\/wordpress.callac.online\/#\/schema\/person\/image\/","url":"https:\/\/secure.gravatar.com\/avatar\/4a9e17be136808c6597f28aa2b6c13126dab066fdc2198ff60090972c9b7fafc?s=96&d=mm&r=g","contentUrl":"https:\/\/secure.gravatar.com\/avatar\/4a9e17be136808c6597f28aa2b6c13126dab066fdc2198ff60090972c9b7fafc?s=96&d=mm&r=g","caption":"dlefur"},"logo":{"@id":"https:\/\/wordpress.callac.online\/#\/schema\/person\/image\/"},"description":"Enseignant de math\u00e9matiques Lyc\u00e9e Pasteur S\u00e3o Paulo","sameAs":["http:\/\/wordpress.callac.online"]}]}},"_links":{"self":[{"href":"https:\/\/wordpress.callac.online\/index.php\/wp-json\/wp\/v2\/pages\/296","targetHints":{"allow":["GET"]}}],"collection":[{"href":"https:\/\/wordpress.callac.online\/index.php\/wp-json\/wp\/v2\/pages"}],"about":[{"href":"https:\/\/wordpress.callac.online\/index.php\/wp-json\/wp\/v2\/types\/page"}],"author":[{"embeddable":true,"href":"https:\/\/wordpress.callac.online\/index.php\/wp-json\/wp\/v2\/users\/1"}],"replies":[{"embeddable":true,"href":"https:\/\/wordpress.callac.online\/index.php\/wp-json\/wp\/v2\/comments?post=296"}],"version-history":[{"count":3,"href":"https:\/\/wordpress.callac.online\/index.php\/wp-json\/wp\/v2\/pages\/296\/revisions"}],"predecessor-version":[{"id":2386,"href":"https:\/\/wordpress.callac.online\/index.php\/wp-json\/wp\/v2\/pages\/296\/revisions\/2386"}],"up":[{"embeddable":true,"href":"https:\/\/wordpress.callac.online\/index.php\/wp-json\/wp\/v2\/pages\/2089"}],"wp:attachment":[{"href":"https:\/\/wordpress.callac.online\/index.php\/wp-json\/wp\/v2\/media?parent=296"}],"curies":[{"name":"wp","href":"https:\/\/api.w.org\/{rel}","templated":true}]}}