{"id":297,"date":"2014-10-09T10:05:21","date_gmt":"2014-10-09T08:05:21","guid":{"rendered":"http:\/\/wordpress.callac.online\/index.php\/la-regression-lineaire-simple\/"},"modified":"2023-10-14T20:14:36","modified_gmt":"2023-10-14T18:14:36","slug":"la-regression-lineaire-simple","status":"publish","type":"page","link":"https:\/\/wordpress.callac.online\/index.php\/logiciels-mathematiques\/le-logiciel-r\/les-regressions-avec-r\/la-regression-lineaire-simple\/","title":{"rendered":"La r\u00e9gression lin\u00e9aire simple"},"content":{"rendered":"<h2>Un fichier de donn\u00e9es<\/h2>\n<p>Travaillons sur une enqu\u00eate de satisfactions dans un h\u00f4pital, r\u00e9cup\u00e9r\u00e9 lors d&rsquo;un cours de FUN (France Unit\u00e9 Num\u00e9rique). Les fichiers sont disponibles <a href=\"https:\/\/filedn.com\/lpKG7uY9hIHVel5exA5Ik80\/Wordpress\/Logiciels%20math%C3%A9matiques\/R\/\">ici<\/a>.<\/p>\n<p>Par la suite, ces donn\u00e9es seront stock\u00e9es dans la variable <em>satis<\/em> .<\/p>\n<p>Dans ces donn\u00e9es comme souvent, les observations sont en lignes et les variables en colonnes.<\/p>\n<h2>Pr\u00e9sentation<\/h2>\n<p>On cherche \u00e0 expliquer une variable quantitative Y \u00e0 l&rsquo;aide d&rsquo;une variable quantitative X en utilisant un mod\u00e8le lin\u00e9aire :<\/p>\n<span class=\"katex-eq\" data-katex-display=\"false\"> Y=a + b \\times X + \\textrm{bruit} <\/span>\n<p>En pratique, on devra v\u00e9rifier que le bruit suit une loi normale.<\/p>\n<h2>Un exemple<\/h2>\n<p>\u00c9tudions si le score de relation varie en fonction de l&rsquo;\u00e2ge des personnes.<\/p>\n<p>Calculons les param\u00e8tres avec la commande <em>lm(Y~X)<\/em> :<\/p>\n<pre class=\"EnlighterJSRAW\" data-enlighter-language=\"generic\">mod.sr.a&lt;-lm(score.relation~age,data=satis) \nsummary(mod.sr.a)<\/pre>\n<p><code><br \/>\nCall:<br \/>\nlm(formula = score.relation ~ age, data = satis)<\/code><\/p>\n<p><code><code><\/code><\/code><\/p>\n<p>Residuals:<br \/>\nMin 1Q Median 3Q Max<br \/>\n-22.047 -2.447 1.339 3.620 5.673<\/p>\n<p><code><code><\/code><\/code><\/p>\n<p>Coefficients:<br \/>\nEstimate Std. Error t value Pr(&gt;|t|)<br \/>\n(Intercept) 33.76634 0.84496 39.962 &lt;2e-16 *** age 0.02668 0.01485 1.796 0.0734 .<br \/>\n\u2014\u00a0&#8211;<br \/>\nSignif. codes: 0 \u2018***\u2019 0.001 \u2018**\u2019 0.01 \u2018*\u2019 0.05 \u2018.\u2019 0.1 \u2018 \u2019 1<\/p>\n<p><code><br \/>\n<\/code><\/p>\n<p><code>Residual standard error: 4.609 on 347 degrees of freedom<br \/>\n(185 observations deleted due to missingness)<br \/>\nMultiple R-squared:  0.00921,\tAdjusted R-squared:  0.006355<br \/>\nF-statistic: 3.226 on 1 and 347 DF,  p-value: 0.07336<br \/>\n<\/code><\/p>\n<p>On y voit les coefficients avec leur p-value respectifs :<br \/>\n&#8211; a = 33.76634 avec p=&lt;2e-16 &#8211; b = 0.02668 avec p = 0.0734 Mais on y trouve aussi la valeur du p-value (0.07336), que l&rsquo;on avait dans la test de corr\u00e9lation lin\u00e9aire :<\/p>\n<pre class=\"EnlighterJSRAW\" data-enlighter-language=\"generic\">cor.test(satis$score.relation,satis$age,use=\"complete.obs\")<\/pre>\n<p><code><br \/>\nPearson's product-moment correlation<\/code><\/p>\n<p><code><br \/>\n<\/code><\/p>\n<p><code>data:  satis$score.relation and satis$age<br \/>\nt = 1.796, df = 347, p-value = 0.07336<br \/>\nalternative hypothesis: true correlation is not equal to 0<br \/>\n95 percent confidence interval:<br \/>\n-0.009102243  0.198945290<br \/>\nsample estimates:<br \/>\ncor<br \/>\n0.09596955<br \/>\n<\/code><\/p>\n<p>Cette valeur \u00e9tant trop \u00e9lev\u00e9e (sup\u00e9rieure \u00e0 0.05), on peut pas affirmer que les deux variables sont li\u00e9s.<\/p>\n<h2>Test de normalit\u00e9 du bruit<\/h2>\n<p>Pour juger de la validit\u00e9 d&rsquo;un mod\u00e8le de r\u00e9gression, on peut tracer un histogramme :<\/p>\n<pre class=\"EnlighterJSRAW\" data-enlighter-language=\"generic\">hist(resid(mod.sr.a),col=\"brown\")<\/pre>\n<p><img loading=\"lazy\" decoding=\"async\" class=\" aligncenter size-full wp-image-911\" src=\"http:\/\/wordpress.callac.online\/wp-content\/uploads\/2014\/10\/png_histo_resid_01.png\" alt=\"histo_resid_01.png\" width=\"579\" height=\"360\" align=\"center\" srcset=\"https:\/\/wordpress.callac.online\/wp-content\/uploads\/2014\/10\/png_histo_resid_01.png 579w, https:\/\/wordpress.callac.online\/wp-content\/uploads\/2014\/10\/png_histo_resid_01-300x187.png 300w\" sizes=\"auto, (max-width: 579px) 100vw, 579px\" \/><\/p>\n<p>On voit que le bruit ne suit pas une loi normale. Le mod\u00e8le n&rsquo;est pas valide.<\/p>\n<h2>Repr\u00e9sentation graphique<\/h2>\n<pre class=\"EnlighterJSRAW\" data-enlighter-language=\"generic\">plot(satis$age,satis$score.relation,las=1,xlab=\"\u00e2ge\",ylab=\"Score de relation\")\nabline(mod.sr.a,lwd=2,col=\"red\")<\/pre>\n<p><img loading=\"lazy\" decoding=\"async\" class=\" aligncenter size-full wp-image-912\" src=\"http:\/\/wordpress.callac.online\/wp-content\/uploads\/2014\/10\/png_reglin_01.png\" alt=\"reglin_01.png\" width=\"579\" height=\"360\" align=\"center\" srcset=\"https:\/\/wordpress.callac.online\/wp-content\/uploads\/2014\/10\/png_reglin_01.png 579w, https:\/\/wordpress.callac.online\/wp-content\/uploads\/2014\/10\/png_reglin_01-300x187.png 300w\" sizes=\"auto, (max-width: 579px) 100vw, 579px\" \/><\/p>\n<h2>Cas particulier : la variable X est binaire<\/h2>\n<p>Cherchons \u00e0 expliquer le score de relation par le fait de recommander l&rsquo;\u00e9tablissement.<\/p>\n<p>Pr\u00e9parons la variable binaire :<\/p>\n<pre class=\"EnlighterJSRAW\" data-enlighter-language=\"generic\">satis$recommander.b&lt;-ifelse(satis$recommander==2,1,0)<\/pre>\n<p>Calculons les coefficients :<\/p>\n<pre class=\"EnlighterJSRAW\" data-enlighter-language=\"generic\">mod.sr.r&lt;-lm(score.relation~recommander.b,data=satis) summary(mod.sr.r)<\/pre>\n<p><code><br \/>\nCall:<br \/>\nlm(formula = score.relation ~ recommander.b, data = satis)<\/code><\/p>\n<p><code><code><\/code><\/code><\/p>\n<p>Residuals:<br \/>\nMin 1Q Median 3Q Max<br \/>\n-19.1091 -1.6826 0.8909 2.9975 7.8909<\/p>\n<p><code><code><\/code><\/code><\/p>\n<p>Coefficients:<br \/>\nEstimate Std. Error t value Pr(&gt;|t|)<br \/>\n(Intercept) 32.1091 0.3918 81.959 &lt;2e-16 *** recommander.b 4.5735 0.4763 9.602 &lt;2e-16 ***<br \/>\n\u2014\u00a0&#8211;<br \/>\nSignif. codes: 0 \u2018***\u2019 0.001 \u2018**\u2019 0.01 \u2018*\u2019 0.05 \u2018.\u2019 0.1 \u2018 \u2019 1<\/p>\n<p><code><br \/>\n<\/code><\/p>\n<p><code>Residual standard error: 4.109 on 338 degrees of freedom<br \/>\n(194 observations deleted due to missingness)<br \/>\nMultiple R-squared:  0.2143,\tAdjusted R-squared:  0.212<br \/>\nF-statistic: 92.19 on 1 and 338 DF,  p-value: &lt; 2.2e-16<br \/>\n<\/code><\/p>\n<p>On voit que les valeurs de p sont faibles.<\/p>\n<p>On lit aussi b=4.5735.<\/p>\n<p>Si la variable recommande augmente de 1 (passe de 0 \u00e0 1), le score de relation augmente de 4.5735.<\/p>\n<p>Comparons avec le test de Student :<\/p>\n<pre class=\"EnlighterJSRAW\" data-enlighter-language=\"generic\">t.test(score.relation~recommander.b,data=satis,var.equal=TRUE)<\/pre>\n<p><code><br \/>\nTwo Sample t-test<\/code><\/p>\n<p><code><br \/>\n<\/code><\/p>\n<p><code>data:  score.relation by recommander.b<br \/>\nt = -9.6016, df = 338, p-value &lt; 2.2e-16<br \/>\nalternative hypothesis: true difference in means is not equal to 0<br \/>\n95 percent confidence interval:<br \/>\n-5.510459 -3.636576<br \/>\nsample estimates:<br \/>\nmean in group 0 mean in group 1<br \/>\n32.10909        36.68261<br \/>\n<\/code><\/p>\n<p>On y retrouve la p-value tr\u00e8s faible.<\/p>\n<p>On voit aussi l&rsquo;\u00e9cart des moyennes entre les deux sous-groupes :<\/p>\n<p>36.68261-32.10909<\/p>\n<p><code><br \/>\n[1] 4.57352<br \/>\n<\/code><\/p>\n<p>Une autre fa\u00e7on de trouver ces valeurs est de r\u00e9aliser deux pr\u00e9dictions :<\/p>\n<pre class=\"EnlighterJSRAW\" data-enlighter-language=\"generic\">predict(mod.sr.r,data=satis,data.frame(recommander.b=0))<\/pre>\n<p><code><br \/>\n1<br \/>\n32.10909<br \/>\n<\/code><\/p>\n<pre class=\"EnlighterJSRAW\" data-enlighter-language=\"generic\">predict(mod.sr.r,data=satis,data.frame(recommander.b=1))<\/pre>\n<p><code><br \/>\n1<br \/>\n36.68261<br \/>\n<\/code><\/p>\n<p>36.68261-32.10909<\/p>\n<p><code><br \/>\n[1] 4.57352<br \/>\n<\/code><\/p>\n","protected":false},"excerpt":{"rendered":"<p>Un fichier de donn\u00e9es Travaillons sur une enqu\u00eate de satisfactions dans un h\u00f4pital, r\u00e9cup\u00e9r\u00e9 lors d&rsquo;un cours de FUN (France Unit\u00e9 Num\u00e9rique). Les fichiers sont disponibles ici. Par la suite,&hellip;<\/p>\n","protected":false},"author":1,"featured_media":0,"parent":2076,"menu_order":0,"comment_status":"closed","ping_status":"closed","template":"","meta":{"footnotes":""},"class_list":["post-297","page","type-page","status-publish","hentry"],"yoast_head":"<!-- This site is optimized with the Yoast SEO plugin v27.1.1 - https:\/\/yoast.com\/product\/yoast-seo-wordpress\/ -->\n<title>La r\u00e9gression lin\u00e9aire simple - Maths &amp; Num\u00e9rique<\/title>\n<meta name=\"robots\" content=\"index, follow, max-snippet:-1, max-image-preview:large, max-video-preview:-1\" \/>\n<link rel=\"canonical\" href=\"https:\/\/wordpress.callac.online\/index.php\/logiciels-mathematiques\/le-logiciel-r\/les-regressions-avec-r\/la-regression-lineaire-simple\/\" \/>\n<meta property=\"og:locale\" content=\"fr_FR\" \/>\n<meta property=\"og:type\" content=\"article\" \/>\n<meta property=\"og:title\" content=\"La r\u00e9gression lin\u00e9aire simple - Maths &amp; Num\u00e9rique\" \/>\n<meta property=\"og:description\" content=\"Un fichier de donn\u00e9es Travaillons sur une enqu\u00eate de satisfactions dans un h\u00f4pital, r\u00e9cup\u00e9r\u00e9 lors d&rsquo;un cours de FUN (France Unit\u00e9 Num\u00e9rique). Les fichiers sont disponibles ici. Par la suite,&hellip;\" \/>\n<meta property=\"og:url\" content=\"https:\/\/wordpress.callac.online\/index.php\/logiciels-mathematiques\/le-logiciel-r\/les-regressions-avec-r\/la-regression-lineaire-simple\/\" \/>\n<meta property=\"og:site_name\" content=\"Maths &amp; Num\u00e9rique\" \/>\n<meta property=\"article:modified_time\" content=\"2023-10-14T18:14:36+00:00\" \/>\n<meta property=\"og:image\" content=\"http:\/\/wordpress.callac.online\/wp-content\/uploads\/2014\/10\/png_histo_resid_01.png\" \/>\n<meta name=\"twitter:card\" content=\"summary_large_image\" \/>\n<meta name=\"twitter:label1\" content=\"Dur\u00e9e de lecture estim\u00e9e\" \/>\n\t<meta name=\"twitter:data1\" content=\"3 minutes\" \/>\n<script type=\"application\/ld+json\" class=\"yoast-schema-graph\">{\"@context\":\"https:\/\/schema.org\",\"@graph\":[{\"@type\":\"WebPage\",\"@id\":\"https:\/\/wordpress.callac.online\/index.php\/logiciels-mathematiques\/le-logiciel-r\/les-regressions-avec-r\/la-regression-lineaire-simple\/\",\"url\":\"https:\/\/wordpress.callac.online\/index.php\/logiciels-mathematiques\/le-logiciel-r\/les-regressions-avec-r\/la-regression-lineaire-simple\/\",\"name\":\"La r\u00e9gression lin\u00e9aire simple - Maths &amp; Num\u00e9rique\",\"isPartOf\":{\"@id\":\"https:\/\/wordpress.callac.online\/#website\"},\"primaryImageOfPage\":{\"@id\":\"https:\/\/wordpress.callac.online\/index.php\/logiciels-mathematiques\/le-logiciel-r\/les-regressions-avec-r\/la-regression-lineaire-simple\/#primaryimage\"},\"image\":{\"@id\":\"https:\/\/wordpress.callac.online\/index.php\/logiciels-mathematiques\/le-logiciel-r\/les-regressions-avec-r\/la-regression-lineaire-simple\/#primaryimage\"},\"thumbnailUrl\":\"http:\/\/wordpress.callac.online\/wp-content\/uploads\/2014\/10\/png_histo_resid_01.png\",\"datePublished\":\"2014-10-09T08:05:21+00:00\",\"dateModified\":\"2023-10-14T18:14:36+00:00\",\"breadcrumb\":{\"@id\":\"https:\/\/wordpress.callac.online\/index.php\/logiciels-mathematiques\/le-logiciel-r\/les-regressions-avec-r\/la-regression-lineaire-simple\/#breadcrumb\"},\"inLanguage\":\"fr-FR\",\"potentialAction\":[{\"@type\":\"ReadAction\",\"target\":[\"https:\/\/wordpress.callac.online\/index.php\/logiciels-mathematiques\/le-logiciel-r\/les-regressions-avec-r\/la-regression-lineaire-simple\/\"]}]},{\"@type\":\"ImageObject\",\"inLanguage\":\"fr-FR\",\"@id\":\"https:\/\/wordpress.callac.online\/index.php\/logiciels-mathematiques\/le-logiciel-r\/les-regressions-avec-r\/la-regression-lineaire-simple\/#primaryimage\",\"url\":\"https:\/\/wordpress.callac.online\/wp-content\/uploads\/2014\/10\/png_histo_resid_01.png\",\"contentUrl\":\"https:\/\/wordpress.callac.online\/wp-content\/uploads\/2014\/10\/png_histo_resid_01.png\",\"width\":579,\"height\":360,\"caption\":\"histo_resid_01.png\"},{\"@type\":\"BreadcrumbList\",\"@id\":\"https:\/\/wordpress.callac.online\/index.php\/logiciels-mathematiques\/le-logiciel-r\/les-regressions-avec-r\/la-regression-lineaire-simple\/#breadcrumb\",\"itemListElement\":[{\"@type\":\"ListItem\",\"position\":1,\"name\":\"Accueil\",\"item\":\"https:\/\/wordpress.callac.online\/\"},{\"@type\":\"ListItem\",\"position\":2,\"name\":\"Logiciels math\u00e9matiques\",\"item\":\"https:\/\/wordpress.callac.online\/index.php\/logiciels-mathematiques\/\"},{\"@type\":\"ListItem\",\"position\":3,\"name\":\"Le logiciel R\",\"item\":\"https:\/\/wordpress.callac.online\/index.php\/logiciels-mathematiques\/le-logiciel-r\/\"},{\"@type\":\"ListItem\",\"position\":4,\"name\":\"Les r\u00e9gressions avec R\",\"item\":\"https:\/\/wordpress.callac.online\/index.php\/logiciels-mathematiques\/le-logiciel-r\/les-regressions-avec-r\/\"},{\"@type\":\"ListItem\",\"position\":5,\"name\":\"La r\u00e9gression lin\u00e9aire simple\"}]},{\"@type\":\"WebSite\",\"@id\":\"https:\/\/wordpress.callac.online\/#website\",\"url\":\"https:\/\/wordpress.callac.online\/\",\"name\":\"Maths & Num\u00e9rique\",\"description\":\"Des outils pour les enseignants de math\u00e9matiques et de num\u00e9rique\",\"publisher\":{\"@id\":\"https:\/\/wordpress.callac.online\/#\/schema\/person\/04061f1ca2c2c42039142a704be95940\"},\"potentialAction\":[{\"@type\":\"SearchAction\",\"target\":{\"@type\":\"EntryPoint\",\"urlTemplate\":\"https:\/\/wordpress.callac.online\/?s={search_term_string}\"},\"query-input\":{\"@type\":\"PropertyValueSpecification\",\"valueRequired\":true,\"valueName\":\"search_term_string\"}}],\"inLanguage\":\"fr-FR\"},{\"@type\":[\"Person\",\"Organization\"],\"@id\":\"https:\/\/wordpress.callac.online\/#\/schema\/person\/04061f1ca2c2c42039142a704be95940\",\"name\":\"dlefur\",\"image\":{\"@type\":\"ImageObject\",\"inLanguage\":\"fr-FR\",\"@id\":\"https:\/\/wordpress.callac.online\/#\/schema\/person\/image\/\",\"url\":\"https:\/\/secure.gravatar.com\/avatar\/4a9e17be136808c6597f28aa2b6c13126dab066fdc2198ff60090972c9b7fafc?s=96&d=mm&r=g\",\"contentUrl\":\"https:\/\/secure.gravatar.com\/avatar\/4a9e17be136808c6597f28aa2b6c13126dab066fdc2198ff60090972c9b7fafc?s=96&d=mm&r=g\",\"caption\":\"dlefur\"},\"logo\":{\"@id\":\"https:\/\/wordpress.callac.online\/#\/schema\/person\/image\/\"},\"description\":\"Enseignant de math\u00e9matiques Lyc\u00e9e Pasteur S\u00e3o Paulo\",\"sameAs\":[\"http:\/\/wordpress.callac.online\"]}]}<\/script>\n<!-- \/ Yoast SEO plugin. -->","yoast_head_json":{"title":"La r\u00e9gression lin\u00e9aire simple - Maths &amp; Num\u00e9rique","robots":{"index":"index","follow":"follow","max-snippet":"max-snippet:-1","max-image-preview":"max-image-preview:large","max-video-preview":"max-video-preview:-1"},"canonical":"https:\/\/wordpress.callac.online\/index.php\/logiciels-mathematiques\/le-logiciel-r\/les-regressions-avec-r\/la-regression-lineaire-simple\/","og_locale":"fr_FR","og_type":"article","og_title":"La r\u00e9gression lin\u00e9aire simple - Maths &amp; Num\u00e9rique","og_description":"Un fichier de donn\u00e9es Travaillons sur une enqu\u00eate de satisfactions dans un h\u00f4pital, r\u00e9cup\u00e9r\u00e9 lors d&rsquo;un cours de FUN (France Unit\u00e9 Num\u00e9rique). Les fichiers sont disponibles ici. Par la suite,&hellip;","og_url":"https:\/\/wordpress.callac.online\/index.php\/logiciels-mathematiques\/le-logiciel-r\/les-regressions-avec-r\/la-regression-lineaire-simple\/","og_site_name":"Maths &amp; Num\u00e9rique","article_modified_time":"2023-10-14T18:14:36+00:00","og_image":[{"url":"http:\/\/wordpress.callac.online\/wp-content\/uploads\/2014\/10\/png_histo_resid_01.png","type":"","width":"","height":""}],"twitter_card":"summary_large_image","twitter_misc":{"Dur\u00e9e de lecture estim\u00e9e":"3 minutes"},"schema":{"@context":"https:\/\/schema.org","@graph":[{"@type":"WebPage","@id":"https:\/\/wordpress.callac.online\/index.php\/logiciels-mathematiques\/le-logiciel-r\/les-regressions-avec-r\/la-regression-lineaire-simple\/","url":"https:\/\/wordpress.callac.online\/index.php\/logiciels-mathematiques\/le-logiciel-r\/les-regressions-avec-r\/la-regression-lineaire-simple\/","name":"La r\u00e9gression lin\u00e9aire simple - Maths &amp; Num\u00e9rique","isPartOf":{"@id":"https:\/\/wordpress.callac.online\/#website"},"primaryImageOfPage":{"@id":"https:\/\/wordpress.callac.online\/index.php\/logiciels-mathematiques\/le-logiciel-r\/les-regressions-avec-r\/la-regression-lineaire-simple\/#primaryimage"},"image":{"@id":"https:\/\/wordpress.callac.online\/index.php\/logiciels-mathematiques\/le-logiciel-r\/les-regressions-avec-r\/la-regression-lineaire-simple\/#primaryimage"},"thumbnailUrl":"http:\/\/wordpress.callac.online\/wp-content\/uploads\/2014\/10\/png_histo_resid_01.png","datePublished":"2014-10-09T08:05:21+00:00","dateModified":"2023-10-14T18:14:36+00:00","breadcrumb":{"@id":"https:\/\/wordpress.callac.online\/index.php\/logiciels-mathematiques\/le-logiciel-r\/les-regressions-avec-r\/la-regression-lineaire-simple\/#breadcrumb"},"inLanguage":"fr-FR","potentialAction":[{"@type":"ReadAction","target":["https:\/\/wordpress.callac.online\/index.php\/logiciels-mathematiques\/le-logiciel-r\/les-regressions-avec-r\/la-regression-lineaire-simple\/"]}]},{"@type":"ImageObject","inLanguage":"fr-FR","@id":"https:\/\/wordpress.callac.online\/index.php\/logiciels-mathematiques\/le-logiciel-r\/les-regressions-avec-r\/la-regression-lineaire-simple\/#primaryimage","url":"https:\/\/wordpress.callac.online\/wp-content\/uploads\/2014\/10\/png_histo_resid_01.png","contentUrl":"https:\/\/wordpress.callac.online\/wp-content\/uploads\/2014\/10\/png_histo_resid_01.png","width":579,"height":360,"caption":"histo_resid_01.png"},{"@type":"BreadcrumbList","@id":"https:\/\/wordpress.callac.online\/index.php\/logiciels-mathematiques\/le-logiciel-r\/les-regressions-avec-r\/la-regression-lineaire-simple\/#breadcrumb","itemListElement":[{"@type":"ListItem","position":1,"name":"Accueil","item":"https:\/\/wordpress.callac.online\/"},{"@type":"ListItem","position":2,"name":"Logiciels math\u00e9matiques","item":"https:\/\/wordpress.callac.online\/index.php\/logiciels-mathematiques\/"},{"@type":"ListItem","position":3,"name":"Le logiciel R","item":"https:\/\/wordpress.callac.online\/index.php\/logiciels-mathematiques\/le-logiciel-r\/"},{"@type":"ListItem","position":4,"name":"Les r\u00e9gressions avec R","item":"https:\/\/wordpress.callac.online\/index.php\/logiciels-mathematiques\/le-logiciel-r\/les-regressions-avec-r\/"},{"@type":"ListItem","position":5,"name":"La r\u00e9gression lin\u00e9aire simple"}]},{"@type":"WebSite","@id":"https:\/\/wordpress.callac.online\/#website","url":"https:\/\/wordpress.callac.online\/","name":"Maths & Num\u00e9rique","description":"Des outils pour les enseignants de math\u00e9matiques et de num\u00e9rique","publisher":{"@id":"https:\/\/wordpress.callac.online\/#\/schema\/person\/04061f1ca2c2c42039142a704be95940"},"potentialAction":[{"@type":"SearchAction","target":{"@type":"EntryPoint","urlTemplate":"https:\/\/wordpress.callac.online\/?s={search_term_string}"},"query-input":{"@type":"PropertyValueSpecification","valueRequired":true,"valueName":"search_term_string"}}],"inLanguage":"fr-FR"},{"@type":["Person","Organization"],"@id":"https:\/\/wordpress.callac.online\/#\/schema\/person\/04061f1ca2c2c42039142a704be95940","name":"dlefur","image":{"@type":"ImageObject","inLanguage":"fr-FR","@id":"https:\/\/wordpress.callac.online\/#\/schema\/person\/image\/","url":"https:\/\/secure.gravatar.com\/avatar\/4a9e17be136808c6597f28aa2b6c13126dab066fdc2198ff60090972c9b7fafc?s=96&d=mm&r=g","contentUrl":"https:\/\/secure.gravatar.com\/avatar\/4a9e17be136808c6597f28aa2b6c13126dab066fdc2198ff60090972c9b7fafc?s=96&d=mm&r=g","caption":"dlefur"},"logo":{"@id":"https:\/\/wordpress.callac.online\/#\/schema\/person\/image\/"},"description":"Enseignant de math\u00e9matiques Lyc\u00e9e Pasteur S\u00e3o Paulo","sameAs":["http:\/\/wordpress.callac.online"]}]}},"_links":{"self":[{"href":"https:\/\/wordpress.callac.online\/index.php\/wp-json\/wp\/v2\/pages\/297","targetHints":{"allow":["GET"]}}],"collection":[{"href":"https:\/\/wordpress.callac.online\/index.php\/wp-json\/wp\/v2\/pages"}],"about":[{"href":"https:\/\/wordpress.callac.online\/index.php\/wp-json\/wp\/v2\/types\/page"}],"author":[{"embeddable":true,"href":"https:\/\/wordpress.callac.online\/index.php\/wp-json\/wp\/v2\/users\/1"}],"replies":[{"embeddable":true,"href":"https:\/\/wordpress.callac.online\/index.php\/wp-json\/wp\/v2\/comments?post=297"}],"version-history":[{"count":5,"href":"https:\/\/wordpress.callac.online\/index.php\/wp-json\/wp\/v2\/pages\/297\/revisions"}],"predecessor-version":[{"id":2382,"href":"https:\/\/wordpress.callac.online\/index.php\/wp-json\/wp\/v2\/pages\/297\/revisions\/2382"}],"up":[{"embeddable":true,"href":"https:\/\/wordpress.callac.online\/index.php\/wp-json\/wp\/v2\/pages\/2076"}],"wp:attachment":[{"href":"https:\/\/wordpress.callac.online\/index.php\/wp-json\/wp\/v2\/media?parent=297"}],"curies":[{"name":"wp","href":"https:\/\/api.w.org\/{rel}","templated":true}]}}