{"id":298,"date":"2014-10-09T12:16:39","date_gmt":"2014-10-09T10:16:39","guid":{"rendered":"http:\/\/wordpress.callac.online\/index.php\/la-regression-lineaire-multiple\/"},"modified":"2023-10-14T20:14:37","modified_gmt":"2023-10-14T18:14:37","slug":"la-regression-lineaire-multiple","status":"publish","type":"page","link":"https:\/\/wordpress.callac.online\/index.php\/logiciels-mathematiques\/le-logiciel-r\/les-regressions-avec-r\/la-regression-lineaire-multiple\/","title":{"rendered":"La r\u00e9gression lin\u00e9aire multiple"},"content":{"rendered":"<h2>Un fichier de donn\u00e9es<\/h2>\n<p>Travaillons sur une enqu\u00eate de satisfactions dans un h\u00f4pital, r\u00e9cup\u00e9r\u00e9 lors d&rsquo;un cours de FUN (France Unit\u00e9 Num\u00e9rique). Les fichiers sont disponibles <a href=\"https:\/\/filedn.com\/lpKG7uY9hIHVel5exA5Ik80\/Wordpress\/Logiciels%20math%C3%A9matiques\/R\/\">ici<\/a>.<\/p>\n<p>Par la suite, ces donn\u00e9es seront stock\u00e9es dans la variable <em>satis<\/em> .<\/p>\n<p>Dans ces donn\u00e9es comme souvent, les observations sont en lignes et les variables en colonnes.<\/p>\n<h2>Pr\u00e9sentation<\/h2>\n<p>On cherche \u00e0 expliquer une variable quantitative Y par des variables quantitatives ou cat\u00e9gorielles. Ces derni\u00e8res seront par le logiciel cod\u00e9es en plusieurs variables binaires.<\/p>\n<span class=\"katex-eq\" data-katex-display=\"false\"> Y=a+b \\times X_1 + c \\times X_2 + \\cdots + bruit <\/span>\n<p>NB : le bruit devra avoir une distribution normale.<\/p>\n<h2>Un exemple<\/h2>\n<p>Cherchons \u00e0 expliquer le score de relation avec les variables suivantes :<br \/>\n&#8211; \u00e2ge<br \/>\n&#8211; sexe<br \/>\n&#8211; score.information<br \/>\n&#8211; profession<\/p>\n<h2>Les variables cat\u00e9gorielles<\/h2>\n<p>Il faudra faire tr\u00e8s attention \u00e0 bien convertir les variables cat\u00e9gorielles pour qu&rsquo;elles ne soient pas interpr\u00e9t\u00e9es comme des variables quantitatives.<\/p>\n<pre class=\"EnlighterJSRAW\" data-enlighter-language=\"generic\">satis$sexe.cat&lt;-factor(satis$sexe,labels=c(\"H\",\"F\")) \nsatis$profession.cat&lt;-factor(satis$profession) \nsatis$service.cat&lt;-factor(satis$service)<\/pre>\n<p>Dans le logiciel, la premi\u00e8re cat\u00e9gorie servira de r\u00e9f\u00e9rence. Par exemple, pour le sexe cod\u00e9 (\u00ab\u00a0H\u00a0\u00bb,\u00a0\u00bbF\u00a0\u00bb), \u00ab\u00a0H\u00a0\u00bb sera la r\u00e9f\u00e9rence. On cherchera donc \u00e0 savoir si le fait d&rsquo;\u00eatre une femme modifie le score de relation.<\/p>\n<p>Pour changer cette r\u00e9f\u00e9rence, on peut le faire de la sorte :<\/p>\n<pre class=\"EnlighterJSRAW\" data-enlighter-language=\"generic\">satis$sexe.cat &lt;- relevel(satis$sexe.cat,ref=\"F\")<\/pre>\n<h2>La r\u00e9gression multiple<\/h2>\n<pre class=\"EnlighterJSRAW\" data-enlighter-language=\"generic\">mod.sr.m&lt;-lm(score.relation~age+sexe.cat+score.information+profession.cat,data=satis) \nsummary(mod.sr.m)<\/pre>\n<p><code><br \/>\nCall:<br \/>\nlm(formula = score.relation ~ age + sexe.cat + score.information +<br \/>\nprofession.cat, data = satis)<\/code><\/p>\n<p><code><code><\/code><\/code><\/p>\n<p>Residuals:<br \/>\nMin 1Q Median 3Q Max<br \/>\n-19.9512 -2.0524 0.7879 2.5011 8.9167<\/p>\n<p><code><code><\/code><\/code><\/p>\n<p>Coefficients:<br \/>\nEstimate Std. Error t value Pr(&gt;|t|)<br \/>\n(Intercept) 22.02989 4.36455 5.047 7.67e-07 ***<br \/>\nage 0.04289 0.01534 2.795 0.00551 **<br \/>\nsexe.catF -0.67479 0.47778 -1.412 0.15886<br \/>\nscore.information 0.31210 0.03473 8.987 &lt; 2e-16 *** profession.cat2 1.95365 4.21957 0.463 0.64369 profession.cat3 0.66762 4.16591 0.160 0.87278 profession.cat4 0.85505 4.16932 0.205 0.83764 profession.cat5 2.30864 4.17398 0.553 0.58059 profession.cat6 0.70852 4.20634 0.168 0.86635 profession.cat7 0.87308 4.27127 0.204 0.83817 profession.cat8 1.93984 4.21116 0.461 0.64538<br \/>\n\u2014\u00a0&#8211;<br \/>\nSignif. codes: 0 \u2018***\u2019 0.001 \u2018**\u2019 0.01 \u2018*\u2019 0.05 \u2018.\u2019 0.1 \u2018 \u2019 1<\/p>\n<p><code><br \/>\n<\/code><\/p>\n<p><code>Residual standard error: 4.127 on 308 degrees of freedom<br \/>\n(215 observations deleted due to missingness)<br \/>\nMultiple R-squared:  0.2311,\tAdjusted R-squared:  0.2061<br \/>\nF-statistic: 9.257 on 10 and 308 DF,  p-value: 2.068e-13<br \/>\n<\/code><\/p>\n<p>On voit les diff\u00e9rentes variables qui ont \u00e9t\u00e9 cr\u00e9\u00e9es :<br \/>\n&#8211; sexe.catF<br \/>\n&#8211; profession.cat2<br \/>\n&#8211; profession.cat3<br \/>\n&#8211; profession.cat4<br \/>\n&#8211; profession.cat5<br \/>\n&#8211; profession.cat6<br \/>\n&#8211; profession.cat7<br \/>\n&#8211; profession.cat8<\/p>\n<p>Pour voir appara\u00eetre les valeurs de p par variable :<\/p>\n<pre class=\"EnlighterJSRAW\" data-enlighter-language=\"generic\">drop1(mod.sr.m,.~.,test=\"F\")<\/pre>\n<p><code><br \/>\nSingle term deletions<\/code><\/p>\n<p><code><br \/>\n<\/code><\/p>\n<p><code>Model:<br \/>\nscore.relation ~ age + sexe.cat + score.information + profession.cat<br \/>\nDf Sum of Sq    RSS    AIC F value    Pr(&gt;F)<br \/>\n5246.0 915.21<br \/>\nage                1    133.08 5379.1 921.20  7.8134  0.005512 **<br \/>\nsexe.cat           1     33.98 5280.0 915.27  1.9947  0.158856<br \/>\nscore.information  1   1375.56 6621.6 987.50 80.7605 &lt; 2.2e-16 ***<br \/>\nprofession.cat     7    136.28 5382.3 909.39  1.1430  0.335906<\/code><\/p>\n<p><code><br \/>\n<\/code><\/p>\n<p><code>\u2014\u00a0-<br \/>\nSignif. codes:  0 \u2018***\u2019 0.001 \u2018**\u2019 0.01 \u2018*\u2019 0.05 \u2018.\u2019 0.1 \u2018 \u2019 1<br \/>\n<\/code><\/p>\n<p>Cette fois-ci, pour l&rsquo;\u00e2ge, on a une valeur de p faible (0.00551) et b=0.04289.<\/p>\n<p>Les autres crit\u00e8res \u00e9tant inchang\u00e9s, chaque augmentation de l&rsquo;\u00e2ge de 10 ans augmentera le score de relation de 0.4289.<\/p>\n<p>On peut le voir en faisant deux pr\u00e9dictions.<\/p>\n<pre class=\"EnlighterJSRAW\" data-enlighter-language=\"generic\">predict(mod.sr.m,data=satis,data.frame(age=30,sexe.cat=\"F\",score.information=4,profession.cat=\"5\"))<\/pre>\n<p><code><br \/>\n1<br \/>\n26.19871<br \/>\n<\/code><\/p>\n<pre class=\"EnlighterJSRAW\" data-enlighter-language=\"generic\">predict(mod.sr.m,data=satis,data.frame(age=40,sexe.cat=\"F\",score.information=4,profession.cat=\"5\"))<\/pre>\n<p><code><br \/>\n1<br \/>\n26.62757<br \/>\n<\/code><\/p>\n<p>Calculons la diff\u00e9rence :<\/p>\n<p>26.62757-26.19871<\/p>\n<p><code><br \/>\n[1] 0.42886<br \/>\n<\/code><\/p>\n<h2>Validit\u00e9 du mod\u00e8le<\/h2>\n<pre class=\"EnlighterJSRAW\" data-enlighter-language=\"generic\">hist(resid(mod.sr.m),col=\"brown\")<\/pre>\n<p><img loading=\"lazy\" decoding=\"async\" class=\" aligncenter size-full wp-image-913\" src=\"http:\/\/wordpress.callac.online\/wp-content\/uploads\/2014\/10\/png_histo_resid_03.png\" alt=\"histo_resid_03.png\" width=\"579\" height=\"360\" align=\"center\" srcset=\"https:\/\/wordpress.callac.online\/wp-content\/uploads\/2014\/10\/png_histo_resid_03.png 579w, https:\/\/wordpress.callac.online\/wp-content\/uploads\/2014\/10\/png_histo_resid_03-300x187.png 300w\" sizes=\"auto, (max-width: 579px) 100vw, 579px\" \/><\/p>\n","protected":false},"excerpt":{"rendered":"<p>Un fichier de donn\u00e9es Travaillons sur une enqu\u00eate de satisfactions dans un h\u00f4pital, r\u00e9cup\u00e9r\u00e9 lors d&rsquo;un cours de FUN (France Unit\u00e9 Num\u00e9rique). Les fichiers sont disponibles ici. Par la suite,&hellip;<\/p>\n","protected":false},"author":1,"featured_media":0,"parent":2076,"menu_order":1,"comment_status":"closed","ping_status":"closed","template":"","meta":{"footnotes":""},"class_list":["post-298","page","type-page","status-publish","hentry"],"yoast_head":"<!-- This site is optimized with the Yoast SEO plugin v27.1.1 - https:\/\/yoast.com\/product\/yoast-seo-wordpress\/ -->\n<title>La r\u00e9gression lin\u00e9aire multiple - Maths &amp; Num\u00e9rique<\/title>\n<meta name=\"robots\" content=\"index, follow, max-snippet:-1, max-image-preview:large, max-video-preview:-1\" \/>\n<link rel=\"canonical\" href=\"https:\/\/wordpress.callac.online\/index.php\/logiciels-mathematiques\/le-logiciel-r\/les-regressions-avec-r\/la-regression-lineaire-multiple\/\" \/>\n<meta property=\"og:locale\" content=\"fr_FR\" \/>\n<meta property=\"og:type\" content=\"article\" \/>\n<meta property=\"og:title\" content=\"La r\u00e9gression lin\u00e9aire multiple - Maths &amp; Num\u00e9rique\" \/>\n<meta property=\"og:description\" content=\"Un fichier de donn\u00e9es Travaillons sur une enqu\u00eate de satisfactions dans un h\u00f4pital, r\u00e9cup\u00e9r\u00e9 lors d&rsquo;un cours de FUN (France Unit\u00e9 Num\u00e9rique). Les fichiers sont disponibles ici. Par la suite,&hellip;\" \/>\n<meta property=\"og:url\" content=\"https:\/\/wordpress.callac.online\/index.php\/logiciels-mathematiques\/le-logiciel-r\/les-regressions-avec-r\/la-regression-lineaire-multiple\/\" \/>\n<meta property=\"og:site_name\" content=\"Maths &amp; Num\u00e9rique\" \/>\n<meta property=\"article:modified_time\" content=\"2023-10-14T18:14:37+00:00\" \/>\n<meta property=\"og:image\" content=\"http:\/\/wordpress.callac.online\/wp-content\/uploads\/2014\/10\/png_histo_resid_03.png\" \/>\n<meta name=\"twitter:card\" content=\"summary_large_image\" \/>\n<meta name=\"twitter:label1\" content=\"Dur\u00e9e de lecture estim\u00e9e\" \/>\n\t<meta name=\"twitter:data1\" content=\"3 minutes\" \/>\n<script type=\"application\/ld+json\" class=\"yoast-schema-graph\">{\"@context\":\"https:\/\/schema.org\",\"@graph\":[{\"@type\":\"WebPage\",\"@id\":\"https:\/\/wordpress.callac.online\/index.php\/logiciels-mathematiques\/le-logiciel-r\/les-regressions-avec-r\/la-regression-lineaire-multiple\/\",\"url\":\"https:\/\/wordpress.callac.online\/index.php\/logiciels-mathematiques\/le-logiciel-r\/les-regressions-avec-r\/la-regression-lineaire-multiple\/\",\"name\":\"La r\u00e9gression lin\u00e9aire multiple - Maths &amp; Num\u00e9rique\",\"isPartOf\":{\"@id\":\"https:\/\/wordpress.callac.online\/#website\"},\"primaryImageOfPage\":{\"@id\":\"https:\/\/wordpress.callac.online\/index.php\/logiciels-mathematiques\/le-logiciel-r\/les-regressions-avec-r\/la-regression-lineaire-multiple\/#primaryimage\"},\"image\":{\"@id\":\"https:\/\/wordpress.callac.online\/index.php\/logiciels-mathematiques\/le-logiciel-r\/les-regressions-avec-r\/la-regression-lineaire-multiple\/#primaryimage\"},\"thumbnailUrl\":\"http:\/\/wordpress.callac.online\/wp-content\/uploads\/2014\/10\/png_histo_resid_03.png\",\"datePublished\":\"2014-10-09T10:16:39+00:00\",\"dateModified\":\"2023-10-14T18:14:37+00:00\",\"breadcrumb\":{\"@id\":\"https:\/\/wordpress.callac.online\/index.php\/logiciels-mathematiques\/le-logiciel-r\/les-regressions-avec-r\/la-regression-lineaire-multiple\/#breadcrumb\"},\"inLanguage\":\"fr-FR\",\"potentialAction\":[{\"@type\":\"ReadAction\",\"target\":[\"https:\/\/wordpress.callac.online\/index.php\/logiciels-mathematiques\/le-logiciel-r\/les-regressions-avec-r\/la-regression-lineaire-multiple\/\"]}]},{\"@type\":\"ImageObject\",\"inLanguage\":\"fr-FR\",\"@id\":\"https:\/\/wordpress.callac.online\/index.php\/logiciels-mathematiques\/le-logiciel-r\/les-regressions-avec-r\/la-regression-lineaire-multiple\/#primaryimage\",\"url\":\"https:\/\/wordpress.callac.online\/wp-content\/uploads\/2014\/10\/png_histo_resid_03.png\",\"contentUrl\":\"https:\/\/wordpress.callac.online\/wp-content\/uploads\/2014\/10\/png_histo_resid_03.png\",\"width\":579,\"height\":360,\"caption\":\"histo_resid_03.png\"},{\"@type\":\"BreadcrumbList\",\"@id\":\"https:\/\/wordpress.callac.online\/index.php\/logiciels-mathematiques\/le-logiciel-r\/les-regressions-avec-r\/la-regression-lineaire-multiple\/#breadcrumb\",\"itemListElement\":[{\"@type\":\"ListItem\",\"position\":1,\"name\":\"Accueil\",\"item\":\"https:\/\/wordpress.callac.online\/\"},{\"@type\":\"ListItem\",\"position\":2,\"name\":\"Logiciels math\u00e9matiques\",\"item\":\"https:\/\/wordpress.callac.online\/index.php\/logiciels-mathematiques\/\"},{\"@type\":\"ListItem\",\"position\":3,\"name\":\"Le logiciel R\",\"item\":\"https:\/\/wordpress.callac.online\/index.php\/logiciels-mathematiques\/le-logiciel-r\/\"},{\"@type\":\"ListItem\",\"position\":4,\"name\":\"Les r\u00e9gressions avec R\",\"item\":\"https:\/\/wordpress.callac.online\/index.php\/logiciels-mathematiques\/le-logiciel-r\/les-regressions-avec-r\/\"},{\"@type\":\"ListItem\",\"position\":5,\"name\":\"La r\u00e9gression lin\u00e9aire multiple\"}]},{\"@type\":\"WebSite\",\"@id\":\"https:\/\/wordpress.callac.online\/#website\",\"url\":\"https:\/\/wordpress.callac.online\/\",\"name\":\"Maths & Num\u00e9rique\",\"description\":\"Des outils pour les enseignants de math\u00e9matiques et de num\u00e9rique\",\"publisher\":{\"@id\":\"https:\/\/wordpress.callac.online\/#\/schema\/person\/04061f1ca2c2c42039142a704be95940\"},\"potentialAction\":[{\"@type\":\"SearchAction\",\"target\":{\"@type\":\"EntryPoint\",\"urlTemplate\":\"https:\/\/wordpress.callac.online\/?s={search_term_string}\"},\"query-input\":{\"@type\":\"PropertyValueSpecification\",\"valueRequired\":true,\"valueName\":\"search_term_string\"}}],\"inLanguage\":\"fr-FR\"},{\"@type\":[\"Person\",\"Organization\"],\"@id\":\"https:\/\/wordpress.callac.online\/#\/schema\/person\/04061f1ca2c2c42039142a704be95940\",\"name\":\"dlefur\",\"image\":{\"@type\":\"ImageObject\",\"inLanguage\":\"fr-FR\",\"@id\":\"https:\/\/wordpress.callac.online\/#\/schema\/person\/image\/\",\"url\":\"https:\/\/secure.gravatar.com\/avatar\/4a9e17be136808c6597f28aa2b6c13126dab066fdc2198ff60090972c9b7fafc?s=96&d=mm&r=g\",\"contentUrl\":\"https:\/\/secure.gravatar.com\/avatar\/4a9e17be136808c6597f28aa2b6c13126dab066fdc2198ff60090972c9b7fafc?s=96&d=mm&r=g\",\"caption\":\"dlefur\"},\"logo\":{\"@id\":\"https:\/\/wordpress.callac.online\/#\/schema\/person\/image\/\"},\"description\":\"Enseignant de math\u00e9matiques Lyc\u00e9e Pasteur S\u00e3o Paulo\",\"sameAs\":[\"http:\/\/wordpress.callac.online\"]}]}<\/script>\n<!-- \/ Yoast SEO plugin. -->","yoast_head_json":{"title":"La r\u00e9gression lin\u00e9aire multiple - Maths &amp; Num\u00e9rique","robots":{"index":"index","follow":"follow","max-snippet":"max-snippet:-1","max-image-preview":"max-image-preview:large","max-video-preview":"max-video-preview:-1"},"canonical":"https:\/\/wordpress.callac.online\/index.php\/logiciels-mathematiques\/le-logiciel-r\/les-regressions-avec-r\/la-regression-lineaire-multiple\/","og_locale":"fr_FR","og_type":"article","og_title":"La r\u00e9gression lin\u00e9aire multiple - Maths &amp; Num\u00e9rique","og_description":"Un fichier de donn\u00e9es Travaillons sur une enqu\u00eate de satisfactions dans un h\u00f4pital, r\u00e9cup\u00e9r\u00e9 lors d&rsquo;un cours de FUN (France Unit\u00e9 Num\u00e9rique). Les fichiers sont disponibles ici. Par la suite,&hellip;","og_url":"https:\/\/wordpress.callac.online\/index.php\/logiciels-mathematiques\/le-logiciel-r\/les-regressions-avec-r\/la-regression-lineaire-multiple\/","og_site_name":"Maths &amp; Num\u00e9rique","article_modified_time":"2023-10-14T18:14:37+00:00","og_image":[{"url":"http:\/\/wordpress.callac.online\/wp-content\/uploads\/2014\/10\/png_histo_resid_03.png","type":"","width":"","height":""}],"twitter_card":"summary_large_image","twitter_misc":{"Dur\u00e9e de lecture estim\u00e9e":"3 minutes"},"schema":{"@context":"https:\/\/schema.org","@graph":[{"@type":"WebPage","@id":"https:\/\/wordpress.callac.online\/index.php\/logiciels-mathematiques\/le-logiciel-r\/les-regressions-avec-r\/la-regression-lineaire-multiple\/","url":"https:\/\/wordpress.callac.online\/index.php\/logiciels-mathematiques\/le-logiciel-r\/les-regressions-avec-r\/la-regression-lineaire-multiple\/","name":"La r\u00e9gression lin\u00e9aire multiple - Maths &amp; Num\u00e9rique","isPartOf":{"@id":"https:\/\/wordpress.callac.online\/#website"},"primaryImageOfPage":{"@id":"https:\/\/wordpress.callac.online\/index.php\/logiciels-mathematiques\/le-logiciel-r\/les-regressions-avec-r\/la-regression-lineaire-multiple\/#primaryimage"},"image":{"@id":"https:\/\/wordpress.callac.online\/index.php\/logiciels-mathematiques\/le-logiciel-r\/les-regressions-avec-r\/la-regression-lineaire-multiple\/#primaryimage"},"thumbnailUrl":"http:\/\/wordpress.callac.online\/wp-content\/uploads\/2014\/10\/png_histo_resid_03.png","datePublished":"2014-10-09T10:16:39+00:00","dateModified":"2023-10-14T18:14:37+00:00","breadcrumb":{"@id":"https:\/\/wordpress.callac.online\/index.php\/logiciels-mathematiques\/le-logiciel-r\/les-regressions-avec-r\/la-regression-lineaire-multiple\/#breadcrumb"},"inLanguage":"fr-FR","potentialAction":[{"@type":"ReadAction","target":["https:\/\/wordpress.callac.online\/index.php\/logiciels-mathematiques\/le-logiciel-r\/les-regressions-avec-r\/la-regression-lineaire-multiple\/"]}]},{"@type":"ImageObject","inLanguage":"fr-FR","@id":"https:\/\/wordpress.callac.online\/index.php\/logiciels-mathematiques\/le-logiciel-r\/les-regressions-avec-r\/la-regression-lineaire-multiple\/#primaryimage","url":"https:\/\/wordpress.callac.online\/wp-content\/uploads\/2014\/10\/png_histo_resid_03.png","contentUrl":"https:\/\/wordpress.callac.online\/wp-content\/uploads\/2014\/10\/png_histo_resid_03.png","width":579,"height":360,"caption":"histo_resid_03.png"},{"@type":"BreadcrumbList","@id":"https:\/\/wordpress.callac.online\/index.php\/logiciels-mathematiques\/le-logiciel-r\/les-regressions-avec-r\/la-regression-lineaire-multiple\/#breadcrumb","itemListElement":[{"@type":"ListItem","position":1,"name":"Accueil","item":"https:\/\/wordpress.callac.online\/"},{"@type":"ListItem","position":2,"name":"Logiciels math\u00e9matiques","item":"https:\/\/wordpress.callac.online\/index.php\/logiciels-mathematiques\/"},{"@type":"ListItem","position":3,"name":"Le logiciel R","item":"https:\/\/wordpress.callac.online\/index.php\/logiciels-mathematiques\/le-logiciel-r\/"},{"@type":"ListItem","position":4,"name":"Les r\u00e9gressions avec R","item":"https:\/\/wordpress.callac.online\/index.php\/logiciels-mathematiques\/le-logiciel-r\/les-regressions-avec-r\/"},{"@type":"ListItem","position":5,"name":"La r\u00e9gression lin\u00e9aire multiple"}]},{"@type":"WebSite","@id":"https:\/\/wordpress.callac.online\/#website","url":"https:\/\/wordpress.callac.online\/","name":"Maths & Num\u00e9rique","description":"Des outils pour les enseignants de math\u00e9matiques et de num\u00e9rique","publisher":{"@id":"https:\/\/wordpress.callac.online\/#\/schema\/person\/04061f1ca2c2c42039142a704be95940"},"potentialAction":[{"@type":"SearchAction","target":{"@type":"EntryPoint","urlTemplate":"https:\/\/wordpress.callac.online\/?s={search_term_string}"},"query-input":{"@type":"PropertyValueSpecification","valueRequired":true,"valueName":"search_term_string"}}],"inLanguage":"fr-FR"},{"@type":["Person","Organization"],"@id":"https:\/\/wordpress.callac.online\/#\/schema\/person\/04061f1ca2c2c42039142a704be95940","name":"dlefur","image":{"@type":"ImageObject","inLanguage":"fr-FR","@id":"https:\/\/wordpress.callac.online\/#\/schema\/person\/image\/","url":"https:\/\/secure.gravatar.com\/avatar\/4a9e17be136808c6597f28aa2b6c13126dab066fdc2198ff60090972c9b7fafc?s=96&d=mm&r=g","contentUrl":"https:\/\/secure.gravatar.com\/avatar\/4a9e17be136808c6597f28aa2b6c13126dab066fdc2198ff60090972c9b7fafc?s=96&d=mm&r=g","caption":"dlefur"},"logo":{"@id":"https:\/\/wordpress.callac.online\/#\/schema\/person\/image\/"},"description":"Enseignant de math\u00e9matiques Lyc\u00e9e Pasteur S\u00e3o Paulo","sameAs":["http:\/\/wordpress.callac.online"]}]}},"_links":{"self":[{"href":"https:\/\/wordpress.callac.online\/index.php\/wp-json\/wp\/v2\/pages\/298","targetHints":{"allow":["GET"]}}],"collection":[{"href":"https:\/\/wordpress.callac.online\/index.php\/wp-json\/wp\/v2\/pages"}],"about":[{"href":"https:\/\/wordpress.callac.online\/index.php\/wp-json\/wp\/v2\/types\/page"}],"author":[{"embeddable":true,"href":"https:\/\/wordpress.callac.online\/index.php\/wp-json\/wp\/v2\/users\/1"}],"replies":[{"embeddable":true,"href":"https:\/\/wordpress.callac.online\/index.php\/wp-json\/wp\/v2\/comments?post=298"}],"version-history":[{"count":3,"href":"https:\/\/wordpress.callac.online\/index.php\/wp-json\/wp\/v2\/pages\/298\/revisions"}],"predecessor-version":[{"id":2383,"href":"https:\/\/wordpress.callac.online\/index.php\/wp-json\/wp\/v2\/pages\/298\/revisions\/2383"}],"up":[{"embeddable":true,"href":"https:\/\/wordpress.callac.online\/index.php\/wp-json\/wp\/v2\/pages\/2076"}],"wp:attachment":[{"href":"https:\/\/wordpress.callac.online\/index.php\/wp-json\/wp\/v2\/media?parent=298"}],"curies":[{"name":"wp","href":"https:\/\/api.w.org\/{rel}","templated":true}]}}