{"id":30,"date":"2006-10-12T14:42:00","date_gmt":"2006-10-12T12:42:00","guid":{"rendered":"http:\/\/wordpress.callac.online\/index.php\/tableaux-de-variations-4-sens-3\/"},"modified":"2023-10-14T20:12:11","modified_gmt":"2023-10-14T18:12:11","slug":"tableaux-de-variations-4-sens-3","status":"publish","type":"page","link":"https:\/\/wordpress.callac.online\/index.php\/edition-mathematique\/latex\/tableaux-avec-lextension-variation\/tableaux-de-variations-4-sens-3\/","title":{"rendered":"Tableaux de variations (4 sens)"},"content":{"rendered":"<figure id=\"attachment_506\" aria-describedby=\"caption-attachment-506\" style=\"width: 395px\" class=\"wp-caption aligncenter\"><img loading=\"lazy\" decoding=\"async\" class=\" aligncenter size-full wp-image-506\" title=\"tab4cidcid\" src=\"http:\/\/wordpress.callac.online\/wp-content\/uploads\/2006\/10\/jpg_tab4cidcid-3.jpg\" alt=\"tab4cidcid\" width=\"395\" height=\"114\" align=\"center\" srcset=\"https:\/\/wordpress.callac.online\/wp-content\/uploads\/2006\/10\/jpg_tab4cidcid-3.jpg 395w, https:\/\/wordpress.callac.online\/wp-content\/uploads\/2006\/10\/jpg_tab4cidcid-3-300x87.jpg 300w\" sizes=\"auto, (max-width: 395px) 100vw, 395px\" \/><figcaption id=\"caption-attachment-506\" class=\"wp-caption-text\">tab4cidcid<\/figcaption><\/figure>\n<p>Voici son code :<\/p>\n<pre class=\"EnlighterJSRAW\" data-enlighter-language=\"latex\">\\begin{center}\n  \\begin{variations}\n    x       &amp;\\mI&amp;  &amp;       &amp;-1 &amp;       &amp;  &amp;0&amp;  &amp;       &amp; 3 &amp;       &amp;  &amp;\\pI\\\\\n    \\filet \n    f'(x)   &amp;   &amp; +&amp;       &amp;\\bb&amp;       &amp; -&amp;0&amp;+ &amp;       &amp;\\bb&amp;       &amp; -&amp;   \\\\\n    \\filet \n    \\m{f(x)}&amp;\\mI&amp;\\c&amp;\\h{\\pI}&amp;\\bb&amp;\\h{\\pI}&amp;\\d&amp;5&amp;\\c&amp;\\h{\\pI}&amp;\\bb&amp;\\h{\\pI}&amp;\\d&amp;\\mI\\\\\n  \\end{variations}\n\\end{center}<\/pre>\n","protected":false},"excerpt":{"rendered":"<p>Voici son code : \\begin{center} \\begin{variations} x &amp;\\mI&amp; &amp; &amp;-1 &amp; &amp; &amp;0&amp; &amp; &amp; 3 &amp; &amp; &amp;\\pI\\\\ \\filet f'(x) &amp; &amp; +&amp; &amp;\\bb&amp; &amp; -&amp;0&amp;+ &amp; &amp;\\bb&amp; &amp;&hellip;<\/p>\n","protected":false},"author":1,"featured_media":0,"parent":2390,"menu_order":4,"comment_status":"closed","ping_status":"closed","template":"","meta":{"footnotes":""},"class_list":["post-30","page","type-page","status-publish","hentry"],"yoast_head":"<!-- This site is optimized with the Yoast SEO plugin v27.1.1 - https:\/\/yoast.com\/product\/yoast-seo-wordpress\/ -->\n<title>Tableaux de variations (4 sens) - Maths &amp; Num\u00e9rique<\/title>\n<meta name=\"robots\" content=\"index, follow, max-snippet:-1, max-image-preview:large, max-video-preview:-1\" \/>\n<link rel=\"canonical\" href=\"https:\/\/wordpress.callac.online\/index.php\/edition-mathematique\/latex\/tableaux-avec-lextension-variation\/tableaux-de-variations-4-sens-3\/\" \/>\n<meta property=\"og:locale\" content=\"fr_FR\" \/>\n<meta property=\"og:type\" content=\"article\" \/>\n<meta property=\"og:title\" content=\"Tableaux de variations (4 sens) - Maths &amp; Num\u00e9rique\" \/>\n<meta property=\"og:description\" content=\"Voici son code : begin{center} begin{variations} x &amp;mI&amp; &amp; &amp;-1 &amp; &amp; &amp;0&amp; &amp; &amp; 3 &amp; &amp; &amp;pI\\ filet f&#039;(x) &amp; &amp; +&amp; &amp;bb&amp; &amp; -&amp;0&amp;+ &amp; &amp;bb&amp; &amp;&hellip;\" \/>\n<meta property=\"og:url\" content=\"https:\/\/wordpress.callac.online\/index.php\/edition-mathematique\/latex\/tableaux-avec-lextension-variation\/tableaux-de-variations-4-sens-3\/\" \/>\n<meta property=\"og:site_name\" content=\"Maths &amp; Num\u00e9rique\" \/>\n<meta property=\"article:modified_time\" content=\"2023-10-14T18:12:11+00:00\" \/>\n<meta property=\"og:image\" content=\"http:\/\/wordpress.callac.online\/wp-content\/uploads\/2006\/10\/jpg_tab4cidcid-3.jpg\" \/>\n<meta name=\"twitter:card\" content=\"summary_large_image\" \/>\n<script type=\"application\/ld+json\" class=\"yoast-schema-graph\">{\"@context\":\"https:\/\/schema.org\",\"@graph\":[{\"@type\":\"WebPage\",\"@id\":\"https:\/\/wordpress.callac.online\/index.php\/edition-mathematique\/latex\/tableaux-avec-lextension-variation\/tableaux-de-variations-4-sens-3\/\",\"url\":\"https:\/\/wordpress.callac.online\/index.php\/edition-mathematique\/latex\/tableaux-avec-lextension-variation\/tableaux-de-variations-4-sens-3\/\",\"name\":\"Tableaux de variations (4 sens) - Maths &amp; Num\u00e9rique\",\"isPartOf\":{\"@id\":\"https:\/\/wordpress.callac.online\/#website\"},\"primaryImageOfPage\":{\"@id\":\"https:\/\/wordpress.callac.online\/index.php\/edition-mathematique\/latex\/tableaux-avec-lextension-variation\/tableaux-de-variations-4-sens-3\/#primaryimage\"},\"image\":{\"@id\":\"https:\/\/wordpress.callac.online\/index.php\/edition-mathematique\/latex\/tableaux-avec-lextension-variation\/tableaux-de-variations-4-sens-3\/#primaryimage\"},\"thumbnailUrl\":\"http:\/\/wordpress.callac.online\/wp-content\/uploads\/2006\/10\/jpg_tab4cidcid-3.jpg\",\"datePublished\":\"2006-10-12T12:42:00+00:00\",\"dateModified\":\"2023-10-14T18:12:11+00:00\",\"breadcrumb\":{\"@id\":\"https:\/\/wordpress.callac.online\/index.php\/edition-mathematique\/latex\/tableaux-avec-lextension-variation\/tableaux-de-variations-4-sens-3\/#breadcrumb\"},\"inLanguage\":\"fr-FR\",\"potentialAction\":[{\"@type\":\"ReadAction\",\"target\":[\"https:\/\/wordpress.callac.online\/index.php\/edition-mathematique\/latex\/tableaux-avec-lextension-variation\/tableaux-de-variations-4-sens-3\/\"]}]},{\"@type\":\"ImageObject\",\"inLanguage\":\"fr-FR\",\"@id\":\"https:\/\/wordpress.callac.online\/index.php\/edition-mathematique\/latex\/tableaux-avec-lextension-variation\/tableaux-de-variations-4-sens-3\/#primaryimage\",\"url\":\"https:\/\/wordpress.callac.online\/wp-content\/uploads\/2006\/10\/jpg_tab4cidcid-3.jpg\",\"contentUrl\":\"https:\/\/wordpress.callac.online\/wp-content\/uploads\/2006\/10\/jpg_tab4cidcid-3.jpg\",\"width\":395,\"height\":114,\"caption\":\"tab4cidcid\"},{\"@type\":\"BreadcrumbList\",\"@id\":\"https:\/\/wordpress.callac.online\/index.php\/edition-mathematique\/latex\/tableaux-avec-lextension-variation\/tableaux-de-variations-4-sens-3\/#breadcrumb\",\"itemListElement\":[{\"@type\":\"ListItem\",\"position\":1,\"name\":\"Accueil\",\"item\":\"https:\/\/wordpress.callac.online\/\"},{\"@type\":\"ListItem\",\"position\":2,\"name\":\"\u00c9dition math\u00e9matique\",\"item\":\"https:\/\/wordpress.callac.online\/index.php\/edition-mathematique\/\"},{\"@type\":\"ListItem\",\"position\":3,\"name\":\"LaTeX\",\"item\":\"https:\/\/wordpress.callac.online\/index.php\/edition-mathematique\/latex\/\"},{\"@type\":\"ListItem\",\"position\":4,\"name\":\"Tableaux avec l&#8217;extension &#8220;Variation&#8221;\",\"item\":\"https:\/\/wordpress.callac.online\/index.php\/edition-mathematique\/latex\/tableaux-avec-lextension-variation\/\"},{\"@type\":\"ListItem\",\"position\":5,\"name\":\"Tableaux de variations (4 sens)\"}]},{\"@type\":\"WebSite\",\"@id\":\"https:\/\/wordpress.callac.online\/#website\",\"url\":\"https:\/\/wordpress.callac.online\/\",\"name\":\"Maths & Num\u00e9rique\",\"description\":\"Des outils pour les enseignants de math\u00e9matiques et de num\u00e9rique\",\"publisher\":{\"@id\":\"https:\/\/wordpress.callac.online\/#\/schema\/person\/04061f1ca2c2c42039142a704be95940\"},\"potentialAction\":[{\"@type\":\"SearchAction\",\"target\":{\"@type\":\"EntryPoint\",\"urlTemplate\":\"https:\/\/wordpress.callac.online\/?s={search_term_string}\"},\"query-input\":{\"@type\":\"PropertyValueSpecification\",\"valueRequired\":true,\"valueName\":\"search_term_string\"}}],\"inLanguage\":\"fr-FR\"},{\"@type\":[\"Person\",\"Organization\"],\"@id\":\"https:\/\/wordpress.callac.online\/#\/schema\/person\/04061f1ca2c2c42039142a704be95940\",\"name\":\"dlefur\",\"image\":{\"@type\":\"ImageObject\",\"inLanguage\":\"fr-FR\",\"@id\":\"https:\/\/wordpress.callac.online\/#\/schema\/person\/image\/\",\"url\":\"https:\/\/secure.gravatar.com\/avatar\/4a9e17be136808c6597f28aa2b6c13126dab066fdc2198ff60090972c9b7fafc?s=96&d=mm&r=g\",\"contentUrl\":\"https:\/\/secure.gravatar.com\/avatar\/4a9e17be136808c6597f28aa2b6c13126dab066fdc2198ff60090972c9b7fafc?s=96&d=mm&r=g\",\"caption\":\"dlefur\"},\"logo\":{\"@id\":\"https:\/\/wordpress.callac.online\/#\/schema\/person\/image\/\"},\"description\":\"Enseignant de math\u00e9matiques Lyc\u00e9e Pasteur S\u00e3o Paulo\",\"sameAs\":[\"http:\/\/wordpress.callac.online\"]}]}<\/script>\n<!-- \/ Yoast SEO plugin. -->","yoast_head_json":{"title":"Tableaux de variations (4 sens) - Maths &amp; Num\u00e9rique","robots":{"index":"index","follow":"follow","max-snippet":"max-snippet:-1","max-image-preview":"max-image-preview:large","max-video-preview":"max-video-preview:-1"},"canonical":"https:\/\/wordpress.callac.online\/index.php\/edition-mathematique\/latex\/tableaux-avec-lextension-variation\/tableaux-de-variations-4-sens-3\/","og_locale":"fr_FR","og_type":"article","og_title":"Tableaux de variations (4 sens) - Maths &amp; Num\u00e9rique","og_description":"Voici son code : begin{center} begin{variations} x &amp;mI&amp; &amp; &amp;-1 &amp; &amp; &amp;0&amp; &amp; &amp; 3 &amp; &amp; &amp;pI\\ filet f'(x) &amp; &amp; +&amp; &amp;bb&amp; &amp; -&amp;0&amp;+ &amp; &amp;bb&amp; &amp;&hellip;","og_url":"https:\/\/wordpress.callac.online\/index.php\/edition-mathematique\/latex\/tableaux-avec-lextension-variation\/tableaux-de-variations-4-sens-3\/","og_site_name":"Maths &amp; Num\u00e9rique","article_modified_time":"2023-10-14T18:12:11+00:00","og_image":[{"url":"http:\/\/wordpress.callac.online\/wp-content\/uploads\/2006\/10\/jpg_tab4cidcid-3.jpg","type":"","width":"","height":""}],"twitter_card":"summary_large_image","schema":{"@context":"https:\/\/schema.org","@graph":[{"@type":"WebPage","@id":"https:\/\/wordpress.callac.online\/index.php\/edition-mathematique\/latex\/tableaux-avec-lextension-variation\/tableaux-de-variations-4-sens-3\/","url":"https:\/\/wordpress.callac.online\/index.php\/edition-mathematique\/latex\/tableaux-avec-lextension-variation\/tableaux-de-variations-4-sens-3\/","name":"Tableaux de variations (4 sens) - Maths &amp; Num\u00e9rique","isPartOf":{"@id":"https:\/\/wordpress.callac.online\/#website"},"primaryImageOfPage":{"@id":"https:\/\/wordpress.callac.online\/index.php\/edition-mathematique\/latex\/tableaux-avec-lextension-variation\/tableaux-de-variations-4-sens-3\/#primaryimage"},"image":{"@id":"https:\/\/wordpress.callac.online\/index.php\/edition-mathematique\/latex\/tableaux-avec-lextension-variation\/tableaux-de-variations-4-sens-3\/#primaryimage"},"thumbnailUrl":"http:\/\/wordpress.callac.online\/wp-content\/uploads\/2006\/10\/jpg_tab4cidcid-3.jpg","datePublished":"2006-10-12T12:42:00+00:00","dateModified":"2023-10-14T18:12:11+00:00","breadcrumb":{"@id":"https:\/\/wordpress.callac.online\/index.php\/edition-mathematique\/latex\/tableaux-avec-lextension-variation\/tableaux-de-variations-4-sens-3\/#breadcrumb"},"inLanguage":"fr-FR","potentialAction":[{"@type":"ReadAction","target":["https:\/\/wordpress.callac.online\/index.php\/edition-mathematique\/latex\/tableaux-avec-lextension-variation\/tableaux-de-variations-4-sens-3\/"]}]},{"@type":"ImageObject","inLanguage":"fr-FR","@id":"https:\/\/wordpress.callac.online\/index.php\/edition-mathematique\/latex\/tableaux-avec-lextension-variation\/tableaux-de-variations-4-sens-3\/#primaryimage","url":"https:\/\/wordpress.callac.online\/wp-content\/uploads\/2006\/10\/jpg_tab4cidcid-3.jpg","contentUrl":"https:\/\/wordpress.callac.online\/wp-content\/uploads\/2006\/10\/jpg_tab4cidcid-3.jpg","width":395,"height":114,"caption":"tab4cidcid"},{"@type":"BreadcrumbList","@id":"https:\/\/wordpress.callac.online\/index.php\/edition-mathematique\/latex\/tableaux-avec-lextension-variation\/tableaux-de-variations-4-sens-3\/#breadcrumb","itemListElement":[{"@type":"ListItem","position":1,"name":"Accueil","item":"https:\/\/wordpress.callac.online\/"},{"@type":"ListItem","position":2,"name":"\u00c9dition math\u00e9matique","item":"https:\/\/wordpress.callac.online\/index.php\/edition-mathematique\/"},{"@type":"ListItem","position":3,"name":"LaTeX","item":"https:\/\/wordpress.callac.online\/index.php\/edition-mathematique\/latex\/"},{"@type":"ListItem","position":4,"name":"Tableaux avec l&#8217;extension &#8220;Variation&#8221;","item":"https:\/\/wordpress.callac.online\/index.php\/edition-mathematique\/latex\/tableaux-avec-lextension-variation\/"},{"@type":"ListItem","position":5,"name":"Tableaux de variations (4 sens)"}]},{"@type":"WebSite","@id":"https:\/\/wordpress.callac.online\/#website","url":"https:\/\/wordpress.callac.online\/","name":"Maths & Num\u00e9rique","description":"Des outils pour les enseignants de math\u00e9matiques et de num\u00e9rique","publisher":{"@id":"https:\/\/wordpress.callac.online\/#\/schema\/person\/04061f1ca2c2c42039142a704be95940"},"potentialAction":[{"@type":"SearchAction","target":{"@type":"EntryPoint","urlTemplate":"https:\/\/wordpress.callac.online\/?s={search_term_string}"},"query-input":{"@type":"PropertyValueSpecification","valueRequired":true,"valueName":"search_term_string"}}],"inLanguage":"fr-FR"},{"@type":["Person","Organization"],"@id":"https:\/\/wordpress.callac.online\/#\/schema\/person\/04061f1ca2c2c42039142a704be95940","name":"dlefur","image":{"@type":"ImageObject","inLanguage":"fr-FR","@id":"https:\/\/wordpress.callac.online\/#\/schema\/person\/image\/","url":"https:\/\/secure.gravatar.com\/avatar\/4a9e17be136808c6597f28aa2b6c13126dab066fdc2198ff60090972c9b7fafc?s=96&d=mm&r=g","contentUrl":"https:\/\/secure.gravatar.com\/avatar\/4a9e17be136808c6597f28aa2b6c13126dab066fdc2198ff60090972c9b7fafc?s=96&d=mm&r=g","caption":"dlefur"},"logo":{"@id":"https:\/\/wordpress.callac.online\/#\/schema\/person\/image\/"},"description":"Enseignant de math\u00e9matiques Lyc\u00e9e Pasteur S\u00e3o Paulo","sameAs":["http:\/\/wordpress.callac.online"]}]}},"_links":{"self":[{"href":"https:\/\/wordpress.callac.online\/index.php\/wp-json\/wp\/v2\/pages\/30","targetHints":{"allow":["GET"]}}],"collection":[{"href":"https:\/\/wordpress.callac.online\/index.php\/wp-json\/wp\/v2\/pages"}],"about":[{"href":"https:\/\/wordpress.callac.online\/index.php\/wp-json\/wp\/v2\/types\/page"}],"author":[{"embeddable":true,"href":"https:\/\/wordpress.callac.online\/index.php\/wp-json\/wp\/v2\/users\/1"}],"replies":[{"embeddable":true,"href":"https:\/\/wordpress.callac.online\/index.php\/wp-json\/wp\/v2\/comments?post=30"}],"version-history":[{"count":3,"href":"https:\/\/wordpress.callac.online\/index.php\/wp-json\/wp\/v2\/pages\/30\/revisions"}],"predecessor-version":[{"id":2401,"href":"https:\/\/wordpress.callac.online\/index.php\/wp-json\/wp\/v2\/pages\/30\/revisions\/2401"}],"up":[{"embeddable":true,"href":"https:\/\/wordpress.callac.online\/index.php\/wp-json\/wp\/v2\/pages\/2390"}],"wp:attachment":[{"href":"https:\/\/wordpress.callac.online\/index.php\/wp-json\/wp\/v2\/media?parent=30"}],"curies":[{"name":"wp","href":"https:\/\/api.w.org\/{rel}","templated":true}]}}