{"id":300,"date":"2014-10-11T12:32:41","date_gmt":"2014-10-11T10:32:41","guid":{"rendered":"http:\/\/wordpress.callac.online\/index.php\/presentation-de-la-fonction-sample-de-r\/"},"modified":"2023-10-14T20:14:27","modified_gmt":"2023-10-14T18:14:27","slug":"presentation-de-la-fonction-sample-de-r","status":"publish","type":"page","link":"https:\/\/wordpress.callac.online\/index.php\/logiciels-mathematiques\/le-logiciel-r\/les-tirages-avec-r\/presentation-de-la-fonction-sample-de-r\/","title":{"rendered":"Pr\u00e9sentation de la fonction sample de R"},"content":{"rendered":"<p>Avant de faire un tirage dans une liste, il nous faut cr\u00e9er cette liste.<\/p>\n<h2>Cr\u00e9ation de listes<\/h2>\n<p>Voici quelques exemples.<\/p>\n<p>Pour des nombres entiers cons\u00e9cutifs :<\/p>\n<pre class=\"EnlighterJSRAW\" data-enlighter-language=\"generic\">liste1&lt;-1:10 \nliste1<\/pre>\n<p><code><br \/>\n[1]  1  2  3  4  5  6  7  8  9 10<br \/>\n<\/code><\/p>\n<pre class=\"EnlighterJSRAW\" data-enlighter-language=\"generic\">liste2&lt;-seq(0,24,4) \nliste2<\/pre>\n<p><code><br \/>\n[1]  0  4  8 12 16 20 24<br \/>\n<\/code><\/p>\n<p>Pour des listes de lettres cons\u00e9cutives :<\/p>\n<pre class=\"EnlighterJSRAW\" data-enlighter-language=\"generic\">liste3&lt;-LETTERS[1:26] \nliste3<\/pre>\n<p><code><br \/>\n[1] \"A\" \"B\" \"C\" \"D\" \"E\" \"F\" \"G\" \"H\" \"I\" \"J\" \"K\" \"L\" \"M\" \"N\" \"O\" \"P\" \"Q\" \"R\" \"S\" \"T\" \"U\" \"V\"<br \/>\n[23] \"W\" \"X\" \"Y\" \"Z\"<br \/>\n<\/code><\/p>\n<pre class=\"EnlighterJSRAW\" data-enlighter-language=\"generic\">liste4&lt;-letters[3:10] \nliste4<\/pre>\n<p><code><br \/>\n[1] \"c\" \"d\" \"e\" \"f\" \"g\" \"h\" \"i\" \"j\"<br \/>\n<\/code><\/p>\n<p>Pour une liste quelconques d&rsquo;\u00e9l\u00e9ments donn\u00e9s :<\/p>\n<pre class=\"EnlighterJSRAW\" data-enlighter-language=\"generic\">liste6&lt;-c(5,7,3) \nliste6<\/pre>\n<p><code><br \/>\n[1] 5 7 3<br \/>\n<\/code><\/p>\n<hr \/>\n<p>Travaillons sur la liste suivante :<\/p>\n<pre class=\"EnlighterJSRAW\" data-enlighter-language=\"generic\">liste&lt;-1:10 \nliste<\/pre>\n<p><code><br \/>\n[1]  1  2  3  4  5  6  7  8  9 10<br \/>\n<\/code><\/p>\n<h2>Obtenir une permutation<\/h2>\n<pre class=\"EnlighterJSRAW\" data-enlighter-language=\"generic\">sample(liste)<\/pre>\n<p><code><br \/>\n[1] 10  2  5  6  4  7  8  1  9  3<br \/>\n<\/code><\/p>\n<h2>Obtenir un tirage successifs sans remise<\/h2>\n<p>C&rsquo;est le comportement par d\u00e9faut de la fonction <em>sample)<\/em><\/p>\n<pre class=\"EnlighterJSRAW\" data-enlighter-language=\"generic\">sample(liste,3)<\/pre>\n<p><code><br \/>\n[1]  5 10  8<br \/>\n<\/code><\/p>\n<p>Comme il s&rsquo;agit d&rsquo;un tirage sans remise, on ne peut pas acc\u00e9der la taille de la liste :<\/p>\n<pre class=\"EnlighterJSRAW\" data-enlighter-language=\"generic\">sample(liste,20)<\/pre>\n<p><code><br \/>\nErreur dans sample.int(length(x), size, replace, prob) :<br \/>\nimpossible de prendre un \u00e9chantillon plus grand que la population lorsque 'replace = FALSE'<br \/>\n<\/code><\/p>\n<h2>Tirage successif avec remise<\/h2>\n<pre class=\"EnlighterJSRAW\" data-enlighter-language=\"generic\">sample(liste,20,replace=TRUE)<\/pre>\n<p><code><br \/>\n[1]  2  1  5  1  6  5  4  6  7 10  9  4  1  4  7  6  3  4 10  3<br \/>\n<\/code><\/p>\n","protected":false},"excerpt":{"rendered":"<p>Avant de faire un tirage dans une liste, il nous faut cr\u00e9er cette liste. Cr\u00e9ation de listes Voici quelques exemples. Pour des nombres entiers cons\u00e9cutifs : liste1&lt;-1:10 liste1 [1] 1&hellip;<\/p>\n","protected":false},"author":1,"featured_media":0,"parent":2085,"menu_order":0,"comment_status":"closed","ping_status":"closed","template":"","meta":{"footnotes":""},"class_list":["post-300","page","type-page","status-publish","hentry"],"yoast_head":"<!-- This site is optimized with the Yoast SEO plugin v27.1.1 - https:\/\/yoast.com\/product\/yoast-seo-wordpress\/ -->\n<title>Pr\u00e9sentation de la fonction sample de R - Maths &amp; Num\u00e9rique<\/title>\n<meta name=\"robots\" content=\"index, follow, max-snippet:-1, max-image-preview:large, max-video-preview:-1\" \/>\n<link rel=\"canonical\" href=\"https:\/\/wordpress.callac.online\/index.php\/logiciels-mathematiques\/le-logiciel-r\/les-tirages-avec-r\/presentation-de-la-fonction-sample-de-r\/\" \/>\n<meta property=\"og:locale\" content=\"fr_FR\" \/>\n<meta property=\"og:type\" content=\"article\" \/>\n<meta property=\"og:title\" content=\"Pr\u00e9sentation de la fonction sample de R - Maths &amp; Num\u00e9rique\" \/>\n<meta property=\"og:description\" content=\"Avant de faire un tirage dans une liste, il nous faut cr\u00e9er cette liste. Cr\u00e9ation de listes Voici quelques exemples. Pour des nombres entiers cons\u00e9cutifs : liste1&lt;-1:10 liste1 [1] 1&hellip;\" \/>\n<meta property=\"og:url\" content=\"https:\/\/wordpress.callac.online\/index.php\/logiciels-mathematiques\/le-logiciel-r\/les-tirages-avec-r\/presentation-de-la-fonction-sample-de-r\/\" \/>\n<meta property=\"og:site_name\" content=\"Maths &amp; Num\u00e9rique\" \/>\n<meta property=\"article:modified_time\" content=\"2023-10-14T18:14:27+00:00\" \/>\n<meta name=\"twitter:card\" content=\"summary_large_image\" \/>\n<meta name=\"twitter:label1\" content=\"Dur\u00e9e de lecture estim\u00e9e\" \/>\n\t<meta name=\"twitter:data1\" content=\"1 minute\" \/>\n<script type=\"application\/ld+json\" class=\"yoast-schema-graph\">{\"@context\":\"https:\/\/schema.org\",\"@graph\":[{\"@type\":\"WebPage\",\"@id\":\"https:\/\/wordpress.callac.online\/index.php\/logiciels-mathematiques\/le-logiciel-r\/les-tirages-avec-r\/presentation-de-la-fonction-sample-de-r\/\",\"url\":\"https:\/\/wordpress.callac.online\/index.php\/logiciels-mathematiques\/le-logiciel-r\/les-tirages-avec-r\/presentation-de-la-fonction-sample-de-r\/\",\"name\":\"Pr\u00e9sentation de la fonction sample de R - Maths &amp; Num\u00e9rique\",\"isPartOf\":{\"@id\":\"https:\/\/wordpress.callac.online\/#website\"},\"datePublished\":\"2014-10-11T10:32:41+00:00\",\"dateModified\":\"2023-10-14T18:14:27+00:00\",\"breadcrumb\":{\"@id\":\"https:\/\/wordpress.callac.online\/index.php\/logiciels-mathematiques\/le-logiciel-r\/les-tirages-avec-r\/presentation-de-la-fonction-sample-de-r\/#breadcrumb\"},\"inLanguage\":\"fr-FR\",\"potentialAction\":[{\"@type\":\"ReadAction\",\"target\":[\"https:\/\/wordpress.callac.online\/index.php\/logiciels-mathematiques\/le-logiciel-r\/les-tirages-avec-r\/presentation-de-la-fonction-sample-de-r\/\"]}]},{\"@type\":\"BreadcrumbList\",\"@id\":\"https:\/\/wordpress.callac.online\/index.php\/logiciels-mathematiques\/le-logiciel-r\/les-tirages-avec-r\/presentation-de-la-fonction-sample-de-r\/#breadcrumb\",\"itemListElement\":[{\"@type\":\"ListItem\",\"position\":1,\"name\":\"Accueil\",\"item\":\"https:\/\/wordpress.callac.online\/\"},{\"@type\":\"ListItem\",\"position\":2,\"name\":\"Logiciels math\u00e9matiques\",\"item\":\"https:\/\/wordpress.callac.online\/index.php\/logiciels-mathematiques\/\"},{\"@type\":\"ListItem\",\"position\":3,\"name\":\"Le logiciel R\",\"item\":\"https:\/\/wordpress.callac.online\/index.php\/logiciels-mathematiques\/le-logiciel-r\/\"},{\"@type\":\"ListItem\",\"position\":4,\"name\":\"Les tirages avec R\",\"item\":\"https:\/\/wordpress.callac.online\/index.php\/logiciels-mathematiques\/le-logiciel-r\/les-tirages-avec-r\/\"},{\"@type\":\"ListItem\",\"position\":5,\"name\":\"Pr\u00e9sentation de la fonction sample de R\"}]},{\"@type\":\"WebSite\",\"@id\":\"https:\/\/wordpress.callac.online\/#website\",\"url\":\"https:\/\/wordpress.callac.online\/\",\"name\":\"Maths & Num\u00e9rique\",\"description\":\"Des outils pour les enseignants de math\u00e9matiques et de num\u00e9rique\",\"publisher\":{\"@id\":\"https:\/\/wordpress.callac.online\/#\/schema\/person\/04061f1ca2c2c42039142a704be95940\"},\"potentialAction\":[{\"@type\":\"SearchAction\",\"target\":{\"@type\":\"EntryPoint\",\"urlTemplate\":\"https:\/\/wordpress.callac.online\/?s={search_term_string}\"},\"query-input\":{\"@type\":\"PropertyValueSpecification\",\"valueRequired\":true,\"valueName\":\"search_term_string\"}}],\"inLanguage\":\"fr-FR\"},{\"@type\":[\"Person\",\"Organization\"],\"@id\":\"https:\/\/wordpress.callac.online\/#\/schema\/person\/04061f1ca2c2c42039142a704be95940\",\"name\":\"dlefur\",\"image\":{\"@type\":\"ImageObject\",\"inLanguage\":\"fr-FR\",\"@id\":\"https:\/\/wordpress.callac.online\/#\/schema\/person\/image\/\",\"url\":\"https:\/\/secure.gravatar.com\/avatar\/4a9e17be136808c6597f28aa2b6c13126dab066fdc2198ff60090972c9b7fafc?s=96&d=mm&r=g\",\"contentUrl\":\"https:\/\/secure.gravatar.com\/avatar\/4a9e17be136808c6597f28aa2b6c13126dab066fdc2198ff60090972c9b7fafc?s=96&d=mm&r=g\",\"caption\":\"dlefur\"},\"logo\":{\"@id\":\"https:\/\/wordpress.callac.online\/#\/schema\/person\/image\/\"},\"description\":\"Enseignant de math\u00e9matiques Lyc\u00e9e Pasteur S\u00e3o Paulo\",\"sameAs\":[\"http:\/\/wordpress.callac.online\"]}]}<\/script>\n<!-- \/ Yoast SEO plugin. -->","yoast_head_json":{"title":"Pr\u00e9sentation de la fonction sample de R - Maths &amp; Num\u00e9rique","robots":{"index":"index","follow":"follow","max-snippet":"max-snippet:-1","max-image-preview":"max-image-preview:large","max-video-preview":"max-video-preview:-1"},"canonical":"https:\/\/wordpress.callac.online\/index.php\/logiciels-mathematiques\/le-logiciel-r\/les-tirages-avec-r\/presentation-de-la-fonction-sample-de-r\/","og_locale":"fr_FR","og_type":"article","og_title":"Pr\u00e9sentation de la fonction sample de R - Maths &amp; Num\u00e9rique","og_description":"Avant de faire un tirage dans une liste, il nous faut cr\u00e9er cette liste. Cr\u00e9ation de listes Voici quelques exemples. Pour des nombres entiers cons\u00e9cutifs : liste1&lt;-1:10 liste1 [1] 1&hellip;","og_url":"https:\/\/wordpress.callac.online\/index.php\/logiciels-mathematiques\/le-logiciel-r\/les-tirages-avec-r\/presentation-de-la-fonction-sample-de-r\/","og_site_name":"Maths &amp; Num\u00e9rique","article_modified_time":"2023-10-14T18:14:27+00:00","twitter_card":"summary_large_image","twitter_misc":{"Dur\u00e9e de lecture estim\u00e9e":"1 minute"},"schema":{"@context":"https:\/\/schema.org","@graph":[{"@type":"WebPage","@id":"https:\/\/wordpress.callac.online\/index.php\/logiciels-mathematiques\/le-logiciel-r\/les-tirages-avec-r\/presentation-de-la-fonction-sample-de-r\/","url":"https:\/\/wordpress.callac.online\/index.php\/logiciels-mathematiques\/le-logiciel-r\/les-tirages-avec-r\/presentation-de-la-fonction-sample-de-r\/","name":"Pr\u00e9sentation de la fonction sample de R - Maths &amp; Num\u00e9rique","isPartOf":{"@id":"https:\/\/wordpress.callac.online\/#website"},"datePublished":"2014-10-11T10:32:41+00:00","dateModified":"2023-10-14T18:14:27+00:00","breadcrumb":{"@id":"https:\/\/wordpress.callac.online\/index.php\/logiciels-mathematiques\/le-logiciel-r\/les-tirages-avec-r\/presentation-de-la-fonction-sample-de-r\/#breadcrumb"},"inLanguage":"fr-FR","potentialAction":[{"@type":"ReadAction","target":["https:\/\/wordpress.callac.online\/index.php\/logiciels-mathematiques\/le-logiciel-r\/les-tirages-avec-r\/presentation-de-la-fonction-sample-de-r\/"]}]},{"@type":"BreadcrumbList","@id":"https:\/\/wordpress.callac.online\/index.php\/logiciels-mathematiques\/le-logiciel-r\/les-tirages-avec-r\/presentation-de-la-fonction-sample-de-r\/#breadcrumb","itemListElement":[{"@type":"ListItem","position":1,"name":"Accueil","item":"https:\/\/wordpress.callac.online\/"},{"@type":"ListItem","position":2,"name":"Logiciels math\u00e9matiques","item":"https:\/\/wordpress.callac.online\/index.php\/logiciels-mathematiques\/"},{"@type":"ListItem","position":3,"name":"Le logiciel R","item":"https:\/\/wordpress.callac.online\/index.php\/logiciels-mathematiques\/le-logiciel-r\/"},{"@type":"ListItem","position":4,"name":"Les tirages avec R","item":"https:\/\/wordpress.callac.online\/index.php\/logiciels-mathematiques\/le-logiciel-r\/les-tirages-avec-r\/"},{"@type":"ListItem","position":5,"name":"Pr\u00e9sentation de la fonction sample de R"}]},{"@type":"WebSite","@id":"https:\/\/wordpress.callac.online\/#website","url":"https:\/\/wordpress.callac.online\/","name":"Maths & Num\u00e9rique","description":"Des outils pour les enseignants de math\u00e9matiques et de num\u00e9rique","publisher":{"@id":"https:\/\/wordpress.callac.online\/#\/schema\/person\/04061f1ca2c2c42039142a704be95940"},"potentialAction":[{"@type":"SearchAction","target":{"@type":"EntryPoint","urlTemplate":"https:\/\/wordpress.callac.online\/?s={search_term_string}"},"query-input":{"@type":"PropertyValueSpecification","valueRequired":true,"valueName":"search_term_string"}}],"inLanguage":"fr-FR"},{"@type":["Person","Organization"],"@id":"https:\/\/wordpress.callac.online\/#\/schema\/person\/04061f1ca2c2c42039142a704be95940","name":"dlefur","image":{"@type":"ImageObject","inLanguage":"fr-FR","@id":"https:\/\/wordpress.callac.online\/#\/schema\/person\/image\/","url":"https:\/\/secure.gravatar.com\/avatar\/4a9e17be136808c6597f28aa2b6c13126dab066fdc2198ff60090972c9b7fafc?s=96&d=mm&r=g","contentUrl":"https:\/\/secure.gravatar.com\/avatar\/4a9e17be136808c6597f28aa2b6c13126dab066fdc2198ff60090972c9b7fafc?s=96&d=mm&r=g","caption":"dlefur"},"logo":{"@id":"https:\/\/wordpress.callac.online\/#\/schema\/person\/image\/"},"description":"Enseignant de math\u00e9matiques Lyc\u00e9e Pasteur S\u00e3o Paulo","sameAs":["http:\/\/wordpress.callac.online"]}]}},"_links":{"self":[{"href":"https:\/\/wordpress.callac.online\/index.php\/wp-json\/wp\/v2\/pages\/300","targetHints":{"allow":["GET"]}}],"collection":[{"href":"https:\/\/wordpress.callac.online\/index.php\/wp-json\/wp\/v2\/pages"}],"about":[{"href":"https:\/\/wordpress.callac.online\/index.php\/wp-json\/wp\/v2\/types\/page"}],"author":[{"embeddable":true,"href":"https:\/\/wordpress.callac.online\/index.php\/wp-json\/wp\/v2\/users\/1"}],"replies":[{"embeddable":true,"href":"https:\/\/wordpress.callac.online\/index.php\/wp-json\/wp\/v2\/comments?post=300"}],"version-history":[{"count":2,"href":"https:\/\/wordpress.callac.online\/index.php\/wp-json\/wp\/v2\/pages\/300\/revisions"}],"predecessor-version":[{"id":2119,"href":"https:\/\/wordpress.callac.online\/index.php\/wp-json\/wp\/v2\/pages\/300\/revisions\/2119"}],"up":[{"embeddable":true,"href":"https:\/\/wordpress.callac.online\/index.php\/wp-json\/wp\/v2\/pages\/2085"}],"wp:attachment":[{"href":"https:\/\/wordpress.callac.online\/index.php\/wp-json\/wp\/v2\/media?parent=300"}],"curies":[{"name":"wp","href":"https:\/\/api.w.org\/{rel}","templated":true}]}}