{"id":3049,"date":"2021-11-02T10:31:48","date_gmt":"2021-11-02T09:31:48","guid":{"rendered":"https:\/\/wordpress.callac.online\/index.php\/python\/arduino-en-python-le-module-pymata4\/presentation\/"},"modified":"2022-01-05T22:41:55","modified_gmt":"2022-01-05T21:41:55","slug":"presentation","status":"publish","type":"page","link":"https:\/\/wordpress.callac.online\/index.php\/python\/arduino-en-python-le-module-pymata4\/presentation\/","title":{"rendered":"Pr\u00e9sentation"},"content":{"rendered":"\n<figure class=\"wp-block-embed is-type-video is-provider-youtube wp-block-embed-youtube wp-embed-aspect-16-9 wp-has-aspect-ratio\"><div class=\"wp-block-embed__wrapper\">\n<iframe loading=\"lazy\" title=\"Arduino et Python au lyc\u00e9e avec Pymata4 : partie 00\" width=\"900\" height=\"506\" src=\"https:\/\/www.youtube.com\/embed\/_I0md_si4qk?feature=oembed\" frameborder=\"0\" allow=\"accelerometer; autoplay; clipboard-write; encrypted-media; gyroscope; picture-in-picture\" allowfullscreen><\/iframe>\n<\/div><\/figure>\n\n\n\n<p><a href=\"https:\/\/mryslab.github.io\/pymata4\/\">Pymata4 <\/a>est un module Python 3 permettant de programmer une plaque Arduino en Python, en utilisant le protocole de communication <a href=\"https:\/\/github.com\/MrYsLab\/FirmataExpress\">FirmataExpress<\/a>.<\/p>\n\n\n\n<p>Plut\u00f4t que d&rsquo;utiliser le langage C\/C++ d&rsquo;Arduino, l&rsquo;id\u00e9e est d&rsquo;utiliser ici le langage Python. La plaque devra \u00eatre configur\u00e9e une fois pour toute. En suite, plus besoin d&rsquo;y t\u00e9l\u00e9charger des fichiers.<\/p>\n\n\n\n<p>Une autre solution serait d&rsquo;utiliser le module Pyfirmata avec le protocole de communication StandardFirmata.<\/p>\n\n\n\n<p>Mais Pymata4 offre des avantages certains :<\/p>\n\n\n\n<ul class=\"wp-block-list\"><li>Pas besoin de se soucier du port de communication.<\/li><li>La programmation est plus claire.<\/li><li><strong>La gestion des \u00e9v\u00e9nements est naturelle, avec l&rsquo;utilisation des callbacks<\/strong>.<\/li><li>Diff\u00e9rentes capteurs sont g\u00e9r\u00e9s par ce module : DHT, HC04, &#8230;<\/li><li>Des m\u00e9thodes permettent de jouer des \u00ab\u00a0notes\u00a0\u00bb sur le buzzer.<\/li><\/ul>\n\n\n\n<figure class=\"wp-block-embed is-type-video is-provider-youtube wp-block-embed-youtube wp-embed-aspect-16-9 wp-has-aspect-ratio\"><div class=\"wp-block-embed__wrapper\">\n<iframe loading=\"lazy\" title=\"Arduino et Python au lyc\u00e9e avec Pymata4 : partie 01\" width=\"900\" height=\"506\" src=\"https:\/\/www.youtube.com\/embed\/8QYTcP7_kZQ?feature=oembed\" frameborder=\"0\" allow=\"accelerometer; autoplay; clipboard-write; encrypted-media; gyroscope; picture-in-picture\" allowfullscreen><\/iframe>\n<\/div><\/figure>\n\n\n\n<hr class=\"wp-block-separator\"\/>\n\n\n\n<p class=\"has-text-align-center\"><a href=\"https:\/\/wordpress.callac.online\/index.php\/python\/arduino-en-python-le-module-pymata4\/\">Retour \u00e0 la rubrique<\/a><\/p>\n","protected":false},"excerpt":{"rendered":"<p>Pymata4 est un module Python 3 permettant de programmer une plaque Arduino en Python, en utilisant le protocole de communication FirmataExpress. Plut\u00f4t que d&rsquo;utiliser le langage C\/C++ d&rsquo;Arduino, l&rsquo;id\u00e9e est&hellip;<\/p>\n","protected":false},"author":1,"featured_media":0,"parent":3046,"menu_order":0,"comment_status":"closed","ping_status":"closed","template":"","meta":{"footnotes":""},"class_list":["post-3049","page","type-page","status-publish","hentry"],"yoast_head":"<!-- This site is optimized with the Yoast SEO plugin v27.1.1 - https:\/\/yoast.com\/product\/yoast-seo-wordpress\/ -->\n<title>Pr\u00e9sentation - Maths &amp; Num\u00e9rique<\/title>\n<meta name=\"robots\" content=\"index, follow, max-snippet:-1, max-image-preview:large, max-video-preview:-1\" \/>\n<link rel=\"canonical\" href=\"https:\/\/wordpress.callac.online\/index.php\/python\/arduino-en-python-le-module-pymata4\/presentation\/\" \/>\n<meta property=\"og:locale\" content=\"fr_FR\" \/>\n<meta property=\"og:type\" content=\"article\" \/>\n<meta property=\"og:title\" content=\"Pr\u00e9sentation - Maths &amp; Num\u00e9rique\" \/>\n<meta property=\"og:description\" content=\"Pymata4 est un module Python 3 permettant de programmer une plaque Arduino en Python, en utilisant le protocole de communication FirmataExpress. Plut\u00f4t que d&rsquo;utiliser le langage C\/C++ d&rsquo;Arduino, l&rsquo;id\u00e9e est&hellip;\" \/>\n<meta property=\"og:url\" content=\"https:\/\/wordpress.callac.online\/index.php\/python\/arduino-en-python-le-module-pymata4\/presentation\/\" \/>\n<meta property=\"og:site_name\" content=\"Maths &amp; Num\u00e9rique\" \/>\n<meta property=\"article:modified_time\" content=\"2022-01-05T21:41:55+00:00\" \/>\n<meta name=\"twitter:card\" content=\"summary_large_image\" \/>\n<meta name=\"twitter:label1\" content=\"Dur\u00e9e de lecture estim\u00e9e\" \/>\n\t<meta name=\"twitter:data1\" content=\"1 minute\" \/>\n<script type=\"application\/ld+json\" class=\"yoast-schema-graph\">{\"@context\":\"https:\/\/schema.org\",\"@graph\":[{\"@type\":\"WebPage\",\"@id\":\"https:\/\/wordpress.callac.online\/index.php\/python\/arduino-en-python-le-module-pymata4\/presentation\/\",\"url\":\"https:\/\/wordpress.callac.online\/index.php\/python\/arduino-en-python-le-module-pymata4\/presentation\/\",\"name\":\"Pr\u00e9sentation - Maths &amp; Num\u00e9rique\",\"isPartOf\":{\"@id\":\"https:\/\/wordpress.callac.online\/#website\"},\"datePublished\":\"2021-11-02T09:31:48+00:00\",\"dateModified\":\"2022-01-05T21:41:55+00:00\",\"breadcrumb\":{\"@id\":\"https:\/\/wordpress.callac.online\/index.php\/python\/arduino-en-python-le-module-pymata4\/presentation\/#breadcrumb\"},\"inLanguage\":\"fr-FR\",\"potentialAction\":[{\"@type\":\"ReadAction\",\"target\":[\"https:\/\/wordpress.callac.online\/index.php\/python\/arduino-en-python-le-module-pymata4\/presentation\/\"]}]},{\"@type\":\"BreadcrumbList\",\"@id\":\"https:\/\/wordpress.callac.online\/index.php\/python\/arduino-en-python-le-module-pymata4\/presentation\/#breadcrumb\",\"itemListElement\":[{\"@type\":\"ListItem\",\"position\":1,\"name\":\"Accueil\",\"item\":\"https:\/\/wordpress.callac.online\/\"},{\"@type\":\"ListItem\",\"position\":2,\"name\":\"Python\",\"item\":\"https:\/\/wordpress.callac.online\/index.php\/python\/\"},{\"@type\":\"ListItem\",\"position\":3,\"name\":\"Arduino en Python : le module Pymata4\",\"item\":\"https:\/\/wordpress.callac.online\/index.php\/python\/arduino-en-python-le-module-pymata4\/\"},{\"@type\":\"ListItem\",\"position\":4,\"name\":\"Pr\u00e9sentation\"}]},{\"@type\":\"WebSite\",\"@id\":\"https:\/\/wordpress.callac.online\/#website\",\"url\":\"https:\/\/wordpress.callac.online\/\",\"name\":\"Maths & Num\u00e9rique\",\"description\":\"Des outils pour les enseignants de math\u00e9matiques et de num\u00e9rique\",\"publisher\":{\"@id\":\"https:\/\/wordpress.callac.online\/#\/schema\/person\/04061f1ca2c2c42039142a704be95940\"},\"potentialAction\":[{\"@type\":\"SearchAction\",\"target\":{\"@type\":\"EntryPoint\",\"urlTemplate\":\"https:\/\/wordpress.callac.online\/?s={search_term_string}\"},\"query-input\":{\"@type\":\"PropertyValueSpecification\",\"valueRequired\":true,\"valueName\":\"search_term_string\"}}],\"inLanguage\":\"fr-FR\"},{\"@type\":[\"Person\",\"Organization\"],\"@id\":\"https:\/\/wordpress.callac.online\/#\/schema\/person\/04061f1ca2c2c42039142a704be95940\",\"name\":\"dlefur\",\"image\":{\"@type\":\"ImageObject\",\"inLanguage\":\"fr-FR\",\"@id\":\"https:\/\/wordpress.callac.online\/#\/schema\/person\/image\/\",\"url\":\"https:\/\/secure.gravatar.com\/avatar\/4a9e17be136808c6597f28aa2b6c13126dab066fdc2198ff60090972c9b7fafc?s=96&d=mm&r=g\",\"contentUrl\":\"https:\/\/secure.gravatar.com\/avatar\/4a9e17be136808c6597f28aa2b6c13126dab066fdc2198ff60090972c9b7fafc?s=96&d=mm&r=g\",\"caption\":\"dlefur\"},\"logo\":{\"@id\":\"https:\/\/wordpress.callac.online\/#\/schema\/person\/image\/\"},\"description\":\"Enseignant de math\u00e9matiques Lyc\u00e9e Pasteur S\u00e3o Paulo\",\"sameAs\":[\"http:\/\/wordpress.callac.online\"]}]}<\/script>\n<!-- \/ Yoast SEO plugin. -->","yoast_head_json":{"title":"Pr\u00e9sentation - Maths &amp; Num\u00e9rique","robots":{"index":"index","follow":"follow","max-snippet":"max-snippet:-1","max-image-preview":"max-image-preview:large","max-video-preview":"max-video-preview:-1"},"canonical":"https:\/\/wordpress.callac.online\/index.php\/python\/arduino-en-python-le-module-pymata4\/presentation\/","og_locale":"fr_FR","og_type":"article","og_title":"Pr\u00e9sentation - Maths &amp; Num\u00e9rique","og_description":"Pymata4 est un module Python 3 permettant de programmer une plaque Arduino en Python, en utilisant le protocole de communication FirmataExpress. Plut\u00f4t que d&rsquo;utiliser le langage C\/C++ d&rsquo;Arduino, l&rsquo;id\u00e9e est&hellip;","og_url":"https:\/\/wordpress.callac.online\/index.php\/python\/arduino-en-python-le-module-pymata4\/presentation\/","og_site_name":"Maths &amp; Num\u00e9rique","article_modified_time":"2022-01-05T21:41:55+00:00","twitter_card":"summary_large_image","twitter_misc":{"Dur\u00e9e de lecture estim\u00e9e":"1 minute"},"schema":{"@context":"https:\/\/schema.org","@graph":[{"@type":"WebPage","@id":"https:\/\/wordpress.callac.online\/index.php\/python\/arduino-en-python-le-module-pymata4\/presentation\/","url":"https:\/\/wordpress.callac.online\/index.php\/python\/arduino-en-python-le-module-pymata4\/presentation\/","name":"Pr\u00e9sentation - Maths &amp; Num\u00e9rique","isPartOf":{"@id":"https:\/\/wordpress.callac.online\/#website"},"datePublished":"2021-11-02T09:31:48+00:00","dateModified":"2022-01-05T21:41:55+00:00","breadcrumb":{"@id":"https:\/\/wordpress.callac.online\/index.php\/python\/arduino-en-python-le-module-pymata4\/presentation\/#breadcrumb"},"inLanguage":"fr-FR","potentialAction":[{"@type":"ReadAction","target":["https:\/\/wordpress.callac.online\/index.php\/python\/arduino-en-python-le-module-pymata4\/presentation\/"]}]},{"@type":"BreadcrumbList","@id":"https:\/\/wordpress.callac.online\/index.php\/python\/arduino-en-python-le-module-pymata4\/presentation\/#breadcrumb","itemListElement":[{"@type":"ListItem","position":1,"name":"Accueil","item":"https:\/\/wordpress.callac.online\/"},{"@type":"ListItem","position":2,"name":"Python","item":"https:\/\/wordpress.callac.online\/index.php\/python\/"},{"@type":"ListItem","position":3,"name":"Arduino en Python : le module Pymata4","item":"https:\/\/wordpress.callac.online\/index.php\/python\/arduino-en-python-le-module-pymata4\/"},{"@type":"ListItem","position":4,"name":"Pr\u00e9sentation"}]},{"@type":"WebSite","@id":"https:\/\/wordpress.callac.online\/#website","url":"https:\/\/wordpress.callac.online\/","name":"Maths & Num\u00e9rique","description":"Des outils pour les enseignants de math\u00e9matiques et de num\u00e9rique","publisher":{"@id":"https:\/\/wordpress.callac.online\/#\/schema\/person\/04061f1ca2c2c42039142a704be95940"},"potentialAction":[{"@type":"SearchAction","target":{"@type":"EntryPoint","urlTemplate":"https:\/\/wordpress.callac.online\/?s={search_term_string}"},"query-input":{"@type":"PropertyValueSpecification","valueRequired":true,"valueName":"search_term_string"}}],"inLanguage":"fr-FR"},{"@type":["Person","Organization"],"@id":"https:\/\/wordpress.callac.online\/#\/schema\/person\/04061f1ca2c2c42039142a704be95940","name":"dlefur","image":{"@type":"ImageObject","inLanguage":"fr-FR","@id":"https:\/\/wordpress.callac.online\/#\/schema\/person\/image\/","url":"https:\/\/secure.gravatar.com\/avatar\/4a9e17be136808c6597f28aa2b6c13126dab066fdc2198ff60090972c9b7fafc?s=96&d=mm&r=g","contentUrl":"https:\/\/secure.gravatar.com\/avatar\/4a9e17be136808c6597f28aa2b6c13126dab066fdc2198ff60090972c9b7fafc?s=96&d=mm&r=g","caption":"dlefur"},"logo":{"@id":"https:\/\/wordpress.callac.online\/#\/schema\/person\/image\/"},"description":"Enseignant de math\u00e9matiques Lyc\u00e9e Pasteur S\u00e3o Paulo","sameAs":["http:\/\/wordpress.callac.online"]}]}},"_links":{"self":[{"href":"https:\/\/wordpress.callac.online\/index.php\/wp-json\/wp\/v2\/pages\/3049","targetHints":{"allow":["GET"]}}],"collection":[{"href":"https:\/\/wordpress.callac.online\/index.php\/wp-json\/wp\/v2\/pages"}],"about":[{"href":"https:\/\/wordpress.callac.online\/index.php\/wp-json\/wp\/v2\/types\/page"}],"author":[{"embeddable":true,"href":"https:\/\/wordpress.callac.online\/index.php\/wp-json\/wp\/v2\/users\/1"}],"replies":[{"embeddable":true,"href":"https:\/\/wordpress.callac.online\/index.php\/wp-json\/wp\/v2\/comments?post=3049"}],"version-history":[{"count":7,"href":"https:\/\/wordpress.callac.online\/index.php\/wp-json\/wp\/v2\/pages\/3049\/revisions"}],"predecessor-version":[{"id":3174,"href":"https:\/\/wordpress.callac.online\/index.php\/wp-json\/wp\/v2\/pages\/3049\/revisions\/3174"}],"up":[{"embeddable":true,"href":"https:\/\/wordpress.callac.online\/index.php\/wp-json\/wp\/v2\/pages\/3046"}],"wp:attachment":[{"href":"https:\/\/wordpress.callac.online\/index.php\/wp-json\/wp\/v2\/media?parent=3049"}],"curies":[{"name":"wp","href":"https:\/\/api.w.org\/{rel}","templated":true}]}}