{"id":315,"date":"2015-06-14T18:36:48","date_gmt":"2015-06-14T16:36:48","guid":{"rendered":"http:\/\/wordpress.callac.online\/index.php\/une-operation-avec-8-cartes-avec-python\/"},"modified":"2022-01-05T22:41:54","modified_gmt":"2022-01-05T21:41:54","slug":"une-operation-avec-8-cartes-avec-python","status":"publish","type":"page","link":"https:\/\/wordpress.callac.online\/index.php\/python\/des-exemples-en-python\/une-operation-avec-8-cartes-avec-python\/","title":{"rendered":"Une op\u00e9ration avec 8 cartes avec Python"},"content":{"rendered":"<h2>L&rsquo;objectif<\/h2>\n<p>On dispose de 8 cartes symbolisant les chiffres de 1 \u00e0 8.<\/p>\n<p>En utilisant toutes les cartes une seule fois, on cherche des multiplications du type :<\/p>\n<p>*** x * = ****<\/p>\n<p>Une des possibilit\u00e9s est :<\/p>\n<p>453 x 6 = 2 718<\/p>\n<p>Pour information, il en existe deux !<\/p>\n<h2>La solution<\/h2>\n<pre class=\"EnlighterJSRAW\" data-enlighter-language=\"python\"># -*- coding:Utf-8 -*-\n#!\/usr\/bin\/python\n\n\"\"\"\nEn utilisant une seule fois les chiffres de 1 \u00e0 8, on veut retrouver une autre op\u00e9ration du type :\n453 x 6 = 2718\n\"\"\"\n\n# Les cartes\nL=[1,2,3,4,5,6,7,8]\n\n\nfor i in L :\n    M=L.copy()\n    M.remove(i) # M est la copie de L sans i\n    for j in M :\n        N=M.copy()\n        N.remove(j) # N est la copie de M sans j\n        for k in N :\n            P=N.copy()\n            P.remove(k) # P est la copie de N sans k\n            for l in P :\n                R=P.copy()\n                R.remove(l) # R est la copie de P sans l\n                res=(i*100+j*10+k)*l # le r\u00e9sultat\n                m=res\/\/1000 # le chiffre des milliers\n                res=res-m*1000\n                c=res\/\/100 # le chiffre des centaines\n                res=res-c*100\n                d=res\/\/10 # le chiffre des dizaines\n                u=res-d*10 # le chiffre des unit\u00e9s\n                T=[m,c,d,u] # la liste des 4 nombres obtenues\n                R.sort()  # On trie R \n                T.sort() # On trie T\n                if (R==T):\n                    print(i*100+j*10+k)\n                    print(l)\n                    print((i*100+j*10+k)*l)\n                    print(\"----------\")<\/pre>\n\n\n<p><\/p>\n","protected":false},"excerpt":{"rendered":"<p>L&rsquo;objectif On dispose de 8 cartes symbolisant les chiffres de 1 \u00e0 8. En utilisant toutes les cartes une seule fois, on cherche des multiplications du type : *** x&hellip;<\/p>\n","protected":false},"author":1,"featured_media":0,"parent":1651,"menu_order":1,"comment_status":"closed","ping_status":"closed","template":"","meta":{"footnotes":""},"class_list":["post-315","page","type-page","status-publish","hentry"],"yoast_head":"<!-- This site is optimized with the Yoast SEO plugin v27.1.1 - https:\/\/yoast.com\/product\/yoast-seo-wordpress\/ -->\n<title>Une op\u00e9ration avec 8 cartes avec Python - Maths &amp; Num\u00e9rique<\/title>\n<meta name=\"robots\" content=\"index, follow, max-snippet:-1, max-image-preview:large, max-video-preview:-1\" \/>\n<link rel=\"canonical\" href=\"https:\/\/wordpress.callac.online\/index.php\/python\/des-exemples-en-python\/une-operation-avec-8-cartes-avec-python\/\" \/>\n<meta property=\"og:locale\" content=\"fr_FR\" \/>\n<meta property=\"og:type\" content=\"article\" \/>\n<meta property=\"og:title\" content=\"Une op\u00e9ration avec 8 cartes avec Python - Maths &amp; Num\u00e9rique\" \/>\n<meta property=\"og:description\" content=\"L&rsquo;objectif On dispose de 8 cartes symbolisant les chiffres de 1 \u00e0 8. En utilisant toutes les cartes une seule fois, on cherche des multiplications du type : *** x&hellip;\" \/>\n<meta property=\"og:url\" content=\"https:\/\/wordpress.callac.online\/index.php\/python\/des-exemples-en-python\/une-operation-avec-8-cartes-avec-python\/\" \/>\n<meta property=\"og:site_name\" content=\"Maths &amp; Num\u00e9rique\" \/>\n<meta property=\"article:modified_time\" content=\"2022-01-05T21:41:54+00:00\" \/>\n<meta name=\"twitter:card\" content=\"summary_large_image\" \/>\n<meta name=\"twitter:label1\" content=\"Dur\u00e9e de lecture estim\u00e9e\" \/>\n\t<meta name=\"twitter:data1\" content=\"1 minute\" \/>\n<script type=\"application\/ld+json\" class=\"yoast-schema-graph\">{\"@context\":\"https:\/\/schema.org\",\"@graph\":[{\"@type\":\"WebPage\",\"@id\":\"https:\/\/wordpress.callac.online\/index.php\/python\/des-exemples-en-python\/une-operation-avec-8-cartes-avec-python\/\",\"url\":\"https:\/\/wordpress.callac.online\/index.php\/python\/des-exemples-en-python\/une-operation-avec-8-cartes-avec-python\/\",\"name\":\"Une op\u00e9ration avec 8 cartes avec Python - Maths &amp; Num\u00e9rique\",\"isPartOf\":{\"@id\":\"https:\/\/wordpress.callac.online\/#website\"},\"datePublished\":\"2015-06-14T16:36:48+00:00\",\"dateModified\":\"2022-01-05T21:41:54+00:00\",\"breadcrumb\":{\"@id\":\"https:\/\/wordpress.callac.online\/index.php\/python\/des-exemples-en-python\/une-operation-avec-8-cartes-avec-python\/#breadcrumb\"},\"inLanguage\":\"fr-FR\",\"potentialAction\":[{\"@type\":\"ReadAction\",\"target\":[\"https:\/\/wordpress.callac.online\/index.php\/python\/des-exemples-en-python\/une-operation-avec-8-cartes-avec-python\/\"]}]},{\"@type\":\"BreadcrumbList\",\"@id\":\"https:\/\/wordpress.callac.online\/index.php\/python\/des-exemples-en-python\/une-operation-avec-8-cartes-avec-python\/#breadcrumb\",\"itemListElement\":[{\"@type\":\"ListItem\",\"position\":1,\"name\":\"Accueil\",\"item\":\"https:\/\/wordpress.callac.online\/\"},{\"@type\":\"ListItem\",\"position\":2,\"name\":\"Python\",\"item\":\"https:\/\/wordpress.callac.online\/index.php\/python\/\"},{\"@type\":\"ListItem\",\"position\":3,\"name\":\"Des exemples en Python\",\"item\":\"https:\/\/wordpress.callac.online\/index.php\/python\/des-exemples-en-python\/\"},{\"@type\":\"ListItem\",\"position\":4,\"name\":\"Une op\u00e9ration avec 8 cartes avec Python\"}]},{\"@type\":\"WebSite\",\"@id\":\"https:\/\/wordpress.callac.online\/#website\",\"url\":\"https:\/\/wordpress.callac.online\/\",\"name\":\"Maths & Num\u00e9rique\",\"description\":\"Des outils pour les enseignants de math\u00e9matiques et de num\u00e9rique\",\"publisher\":{\"@id\":\"https:\/\/wordpress.callac.online\/#\/schema\/person\/04061f1ca2c2c42039142a704be95940\"},\"potentialAction\":[{\"@type\":\"SearchAction\",\"target\":{\"@type\":\"EntryPoint\",\"urlTemplate\":\"https:\/\/wordpress.callac.online\/?s={search_term_string}\"},\"query-input\":{\"@type\":\"PropertyValueSpecification\",\"valueRequired\":true,\"valueName\":\"search_term_string\"}}],\"inLanguage\":\"fr-FR\"},{\"@type\":[\"Person\",\"Organization\"],\"@id\":\"https:\/\/wordpress.callac.online\/#\/schema\/person\/04061f1ca2c2c42039142a704be95940\",\"name\":\"dlefur\",\"image\":{\"@type\":\"ImageObject\",\"inLanguage\":\"fr-FR\",\"@id\":\"https:\/\/wordpress.callac.online\/#\/schema\/person\/image\/\",\"url\":\"https:\/\/secure.gravatar.com\/avatar\/4a9e17be136808c6597f28aa2b6c13126dab066fdc2198ff60090972c9b7fafc?s=96&d=mm&r=g\",\"contentUrl\":\"https:\/\/secure.gravatar.com\/avatar\/4a9e17be136808c6597f28aa2b6c13126dab066fdc2198ff60090972c9b7fafc?s=96&d=mm&r=g\",\"caption\":\"dlefur\"},\"logo\":{\"@id\":\"https:\/\/wordpress.callac.online\/#\/schema\/person\/image\/\"},\"description\":\"Enseignant de math\u00e9matiques Lyc\u00e9e Pasteur S\u00e3o Paulo\",\"sameAs\":[\"http:\/\/wordpress.callac.online\"]}]}<\/script>\n<!-- \/ Yoast SEO plugin. -->","yoast_head_json":{"title":"Une op\u00e9ration avec 8 cartes avec Python - Maths &amp; Num\u00e9rique","robots":{"index":"index","follow":"follow","max-snippet":"max-snippet:-1","max-image-preview":"max-image-preview:large","max-video-preview":"max-video-preview:-1"},"canonical":"https:\/\/wordpress.callac.online\/index.php\/python\/des-exemples-en-python\/une-operation-avec-8-cartes-avec-python\/","og_locale":"fr_FR","og_type":"article","og_title":"Une op\u00e9ration avec 8 cartes avec Python - Maths &amp; Num\u00e9rique","og_description":"L&rsquo;objectif On dispose de 8 cartes symbolisant les chiffres de 1 \u00e0 8. En utilisant toutes les cartes une seule fois, on cherche des multiplications du type : *** x&hellip;","og_url":"https:\/\/wordpress.callac.online\/index.php\/python\/des-exemples-en-python\/une-operation-avec-8-cartes-avec-python\/","og_site_name":"Maths &amp; Num\u00e9rique","article_modified_time":"2022-01-05T21:41:54+00:00","twitter_card":"summary_large_image","twitter_misc":{"Dur\u00e9e de lecture estim\u00e9e":"1 minute"},"schema":{"@context":"https:\/\/schema.org","@graph":[{"@type":"WebPage","@id":"https:\/\/wordpress.callac.online\/index.php\/python\/des-exemples-en-python\/une-operation-avec-8-cartes-avec-python\/","url":"https:\/\/wordpress.callac.online\/index.php\/python\/des-exemples-en-python\/une-operation-avec-8-cartes-avec-python\/","name":"Une op\u00e9ration avec 8 cartes avec Python - Maths &amp; Num\u00e9rique","isPartOf":{"@id":"https:\/\/wordpress.callac.online\/#website"},"datePublished":"2015-06-14T16:36:48+00:00","dateModified":"2022-01-05T21:41:54+00:00","breadcrumb":{"@id":"https:\/\/wordpress.callac.online\/index.php\/python\/des-exemples-en-python\/une-operation-avec-8-cartes-avec-python\/#breadcrumb"},"inLanguage":"fr-FR","potentialAction":[{"@type":"ReadAction","target":["https:\/\/wordpress.callac.online\/index.php\/python\/des-exemples-en-python\/une-operation-avec-8-cartes-avec-python\/"]}]},{"@type":"BreadcrumbList","@id":"https:\/\/wordpress.callac.online\/index.php\/python\/des-exemples-en-python\/une-operation-avec-8-cartes-avec-python\/#breadcrumb","itemListElement":[{"@type":"ListItem","position":1,"name":"Accueil","item":"https:\/\/wordpress.callac.online\/"},{"@type":"ListItem","position":2,"name":"Python","item":"https:\/\/wordpress.callac.online\/index.php\/python\/"},{"@type":"ListItem","position":3,"name":"Des exemples en Python","item":"https:\/\/wordpress.callac.online\/index.php\/python\/des-exemples-en-python\/"},{"@type":"ListItem","position":4,"name":"Une op\u00e9ration avec 8 cartes avec Python"}]},{"@type":"WebSite","@id":"https:\/\/wordpress.callac.online\/#website","url":"https:\/\/wordpress.callac.online\/","name":"Maths & Num\u00e9rique","description":"Des outils pour les enseignants de math\u00e9matiques et de num\u00e9rique","publisher":{"@id":"https:\/\/wordpress.callac.online\/#\/schema\/person\/04061f1ca2c2c42039142a704be95940"},"potentialAction":[{"@type":"SearchAction","target":{"@type":"EntryPoint","urlTemplate":"https:\/\/wordpress.callac.online\/?s={search_term_string}"},"query-input":{"@type":"PropertyValueSpecification","valueRequired":true,"valueName":"search_term_string"}}],"inLanguage":"fr-FR"},{"@type":["Person","Organization"],"@id":"https:\/\/wordpress.callac.online\/#\/schema\/person\/04061f1ca2c2c42039142a704be95940","name":"dlefur","image":{"@type":"ImageObject","inLanguage":"fr-FR","@id":"https:\/\/wordpress.callac.online\/#\/schema\/person\/image\/","url":"https:\/\/secure.gravatar.com\/avatar\/4a9e17be136808c6597f28aa2b6c13126dab066fdc2198ff60090972c9b7fafc?s=96&d=mm&r=g","contentUrl":"https:\/\/secure.gravatar.com\/avatar\/4a9e17be136808c6597f28aa2b6c13126dab066fdc2198ff60090972c9b7fafc?s=96&d=mm&r=g","caption":"dlefur"},"logo":{"@id":"https:\/\/wordpress.callac.online\/#\/schema\/person\/image\/"},"description":"Enseignant de math\u00e9matiques Lyc\u00e9e Pasteur S\u00e3o Paulo","sameAs":["http:\/\/wordpress.callac.online"]}]}},"_links":{"self":[{"href":"https:\/\/wordpress.callac.online\/index.php\/wp-json\/wp\/v2\/pages\/315","targetHints":{"allow":["GET"]}}],"collection":[{"href":"https:\/\/wordpress.callac.online\/index.php\/wp-json\/wp\/v2\/pages"}],"about":[{"href":"https:\/\/wordpress.callac.online\/index.php\/wp-json\/wp\/v2\/types\/page"}],"author":[{"embeddable":true,"href":"https:\/\/wordpress.callac.online\/index.php\/wp-json\/wp\/v2\/users\/1"}],"replies":[{"embeddable":true,"href":"https:\/\/wordpress.callac.online\/index.php\/wp-json\/wp\/v2\/comments?post=315"}],"version-history":[{"count":4,"href":"https:\/\/wordpress.callac.online\/index.php\/wp-json\/wp\/v2\/pages\/315\/revisions"}],"predecessor-version":[{"id":1663,"href":"https:\/\/wordpress.callac.online\/index.php\/wp-json\/wp\/v2\/pages\/315\/revisions\/1663"}],"up":[{"embeddable":true,"href":"https:\/\/wordpress.callac.online\/index.php\/wp-json\/wp\/v2\/pages\/1651"}],"wp:attachment":[{"href":"https:\/\/wordpress.callac.online\/index.php\/wp-json\/wp\/v2\/media?parent=315"}],"curies":[{"name":"wp","href":"https:\/\/api.w.org\/{rel}","templated":true}]}}