{"id":316,"date":"2015-06-16T20:54:48","date_gmt":"2015-06-16T18:54:48","guid":{"rendered":"http:\/\/wordpress.callac.online\/index.php\/manipulation-de-listes-avec-python\/"},"modified":"2022-01-05T22:41:54","modified_gmt":"2022-01-05T21:41:54","slug":"manipulation-de-listes-avec-python","status":"publish","type":"page","link":"https:\/\/wordpress.callac.online\/index.php\/python\/generalites-sur-python\/manipulation-de-listes-avec-python\/","title":{"rendered":"Manipulation de listes avec Python"},"content":{"rendered":"<h2>Cr\u00e9ation de listes<\/h2>\n<p>La cr\u00e9ation de listes est d\u00e9taill\u00e9e dans <a href=\"https:\/\/wordpress.callac.online\/index.php\/python\/generalites-sur-python\/creation-de-listes-en-python\/\">cet article<\/a>.<\/p>\n<h2>Acc\u00e8s aux \u00e9l\u00e9ments de la liste<\/h2>\n<pre class=\"EnlighterJSRAW\" data-enlighter-language=\"python\">&gt;&gt;&gt; A=[5,3,7,10,8,9]\n&gt;&gt;&gt; print(A)\n[5, 3, 7, 10, 8, 9]\n&gt;&gt;&gt; A[1]\n3\n&gt;&gt;&gt; A[2:]\n[7, 10, 8, 9]\n&gt;&gt;&gt; A[:2]\n[5, 3]\n&gt;&gt;&gt; A[2:4]\n[7, 10]<\/pre>\n<p><code><br \/>\n<\/code><\/p>\n<p>&#8211; Le premier terme \u00e9tant A[0], A[1] est le deuxi\u00e8me \u00e9l\u00e9ment.<br \/>\n&#8211; A[2:] renvoie la liste de A[2] jusqu&rsquo;\u00e0 la fin.<br \/>\n&#8211; A[:2] renvoie la liste du d\u00e9but jusqu&rsquo;\u00e0 A[1].<br \/>\n&#8211; A[2:4] renvoie la liste de A[2] jusqu&rsquo;\u00e0 A[3].<\/p>\n<h2>Ajout et suppression d&rsquo;\u00e9l\u00e9ments<\/h2>\n<p><code><\/code><\/p>\n<pre class=\"EnlighterJSRAW\" data-enlighter-language=\"python\">&gt;&gt;&gt; A=[5,4,3,4,7]\n&gt;&gt;&gt; A\n[5, 4, 3, 4, 7]\n&gt;&gt;&gt; A.append(8)\n&gt;&gt;&gt; A\n[5, 4, 3, 4, 7, 8]\n&gt;&gt;&gt; A.remove(4)\n&gt;&gt;&gt; A\n[5, 3, 4, 7, 8]\n&gt;&gt;&gt; A.pop(1)\n3\n&gt;&gt;&gt; A\n[5, 4, 7, 8]\n&gt;&gt;&gt; A.extend([0,0,7])\n&gt;&gt;&gt; A\n[5, 4, 7, 8, 0, 0, 7]<\/pre>\n<p><code><\/code><\/p>\n<p>&#8211; <em>append()<\/em> ajoute un \u00e9l\u00e9ment en fin de liste.<br \/>\n&#8211; <em>remove()<\/em> enl\u00e8ve la premi\u00e8re occurrence de la valeur.<br \/>\n&#8211; <em>pop()<\/em> enl\u00e8ve la valeur \u00e0 l&rsquo;index donn\u00e9e et renvoie cette valeur.<br \/>\n&#8211; <em>extend()<\/em> ajoute une liste en fin de liste.<\/p>\n<h2>Divers<\/h2>\n<p><code><\/code><\/p>\n<pre class=\"EnlighterJSRAW\" data-enlighter-language=\"python\">&gt;&gt;&gt; A=[4,7,8,7,2]\n&gt;&gt;&gt; A\n[4, 7, 8, 7, 2]\n&gt;&gt;&gt; A.index(7)\n1\n&gt;&gt;&gt; A\n[4, 7, 8, 7, 2]\n&gt;&gt;&gt; A.count(7)\n2\n&gt;&gt;&gt; A\n[4, 7, 8, 7, 2]\n&gt;&gt;&gt; A.sort()\n&gt;&gt;&gt; A\n[2, 4, 7, 7, 8]\n&gt;&gt;&gt; B=[3,5,0,8]\n[0, 3, 5, 8]\n&gt;&gt;&gt; B\n[3, 5, 0, 8]\n&gt;&gt;&gt; B.reverse()\n&gt;&gt;&gt; B\n[8, 0, 5, 3]\n&gt;&gt;&gt; len(B)\n4<\/pre>\n<p><code><\/code><\/p>\n<p>&#8211; <em>index()<\/em> renvoie le premier index de la valeur donn\u00e9e.<br \/>\n&#8211; <em>count()<\/em> renvoie le nombre de valeurs \u00e9gales \u00e0 la valeur donn\u00e9e.<br \/>\n&#8211; <em>sort()<\/em> modifie la liste en la triant.<br \/>\n&#8211; La fonction <em>sorted()<\/em> renvoie une liste tri\u00e9e sans modifier la liste initiale.<br \/>\n&#8211; <em>reverse()<\/em> renvoie la liste \u00e0 l&rsquo;envers.<br \/>\n&#8211; La fonction <em>len()<\/em> renvoie la longueur de la liste.<\/p>\n","protected":false},"excerpt":{"rendered":"<p>Cr\u00e9ation de listes La cr\u00e9ation de listes est d\u00e9taill\u00e9e dans cet article. Acc\u00e8s aux \u00e9l\u00e9ments de la liste &gt;&gt;&gt; A=[5,3,7,10,8,9] &gt;&gt;&gt; print(A) [5, 3, 7, 10, 8, 9] &gt;&gt;&gt; A[1]&hellip;<\/p>\n","protected":false},"author":1,"featured_media":0,"parent":1649,"menu_order":6,"comment_status":"closed","ping_status":"closed","template":"","meta":{"footnotes":""},"class_list":["post-316","page","type-page","status-publish","hentry"],"yoast_head":"<!-- This site is optimized with the Yoast SEO plugin v27.1.1 - https:\/\/yoast.com\/product\/yoast-seo-wordpress\/ -->\n<title>Manipulation de listes avec Python - Maths &amp; Num\u00e9rique<\/title>\n<meta name=\"robots\" content=\"index, follow, max-snippet:-1, max-image-preview:large, max-video-preview:-1\" \/>\n<link rel=\"canonical\" href=\"https:\/\/wordpress.callac.online\/index.php\/python\/generalites-sur-python\/manipulation-de-listes-avec-python\/\" \/>\n<meta property=\"og:locale\" content=\"fr_FR\" \/>\n<meta property=\"og:type\" content=\"article\" \/>\n<meta property=\"og:title\" content=\"Manipulation de listes avec Python - Maths &amp; Num\u00e9rique\" \/>\n<meta property=\"og:description\" content=\"Cr\u00e9ation de listes La cr\u00e9ation de listes est d\u00e9taill\u00e9e dans cet article. Acc\u00e8s aux \u00e9l\u00e9ments de la liste &gt;&gt;&gt; A=[5,3,7,10,8,9] &gt;&gt;&gt; print(A) [5, 3, 7, 10, 8, 9] &gt;&gt;&gt; A[1]&hellip;\" \/>\n<meta property=\"og:url\" content=\"https:\/\/wordpress.callac.online\/index.php\/python\/generalites-sur-python\/manipulation-de-listes-avec-python\/\" \/>\n<meta property=\"og:site_name\" content=\"Maths &amp; Num\u00e9rique\" \/>\n<meta property=\"article:modified_time\" content=\"2022-01-05T21:41:54+00:00\" \/>\n<meta name=\"twitter:card\" content=\"summary_large_image\" \/>\n<meta name=\"twitter:label1\" content=\"Dur\u00e9e de lecture estim\u00e9e\" \/>\n\t<meta name=\"twitter:data1\" content=\"2 minutes\" \/>\n<script type=\"application\/ld+json\" class=\"yoast-schema-graph\">{\"@context\":\"https:\/\/schema.org\",\"@graph\":[{\"@type\":\"WebPage\",\"@id\":\"https:\/\/wordpress.callac.online\/index.php\/python\/generalites-sur-python\/manipulation-de-listes-avec-python\/\",\"url\":\"https:\/\/wordpress.callac.online\/index.php\/python\/generalites-sur-python\/manipulation-de-listes-avec-python\/\",\"name\":\"Manipulation de listes avec Python - Maths &amp; Num\u00e9rique\",\"isPartOf\":{\"@id\":\"https:\/\/wordpress.callac.online\/#website\"},\"datePublished\":\"2015-06-16T18:54:48+00:00\",\"dateModified\":\"2022-01-05T21:41:54+00:00\",\"breadcrumb\":{\"@id\":\"https:\/\/wordpress.callac.online\/index.php\/python\/generalites-sur-python\/manipulation-de-listes-avec-python\/#breadcrumb\"},\"inLanguage\":\"fr-FR\",\"potentialAction\":[{\"@type\":\"ReadAction\",\"target\":[\"https:\/\/wordpress.callac.online\/index.php\/python\/generalites-sur-python\/manipulation-de-listes-avec-python\/\"]}]},{\"@type\":\"BreadcrumbList\",\"@id\":\"https:\/\/wordpress.callac.online\/index.php\/python\/generalites-sur-python\/manipulation-de-listes-avec-python\/#breadcrumb\",\"itemListElement\":[{\"@type\":\"ListItem\",\"position\":1,\"name\":\"Accueil\",\"item\":\"https:\/\/wordpress.callac.online\/\"},{\"@type\":\"ListItem\",\"position\":2,\"name\":\"Python\",\"item\":\"https:\/\/wordpress.callac.online\/index.php\/python\/\"},{\"@type\":\"ListItem\",\"position\":3,\"name\":\"G\u00e9n\u00e9ralit\u00e9s sur Python\",\"item\":\"https:\/\/wordpress.callac.online\/index.php\/python\/generalites-sur-python\/\"},{\"@type\":\"ListItem\",\"position\":4,\"name\":\"Manipulation de listes avec Python\"}]},{\"@type\":\"WebSite\",\"@id\":\"https:\/\/wordpress.callac.online\/#website\",\"url\":\"https:\/\/wordpress.callac.online\/\",\"name\":\"Maths & Num\u00e9rique\",\"description\":\"Des outils pour les enseignants de math\u00e9matiques et de num\u00e9rique\",\"publisher\":{\"@id\":\"https:\/\/wordpress.callac.online\/#\/schema\/person\/04061f1ca2c2c42039142a704be95940\"},\"potentialAction\":[{\"@type\":\"SearchAction\",\"target\":{\"@type\":\"EntryPoint\",\"urlTemplate\":\"https:\/\/wordpress.callac.online\/?s={search_term_string}\"},\"query-input\":{\"@type\":\"PropertyValueSpecification\",\"valueRequired\":true,\"valueName\":\"search_term_string\"}}],\"inLanguage\":\"fr-FR\"},{\"@type\":[\"Person\",\"Organization\"],\"@id\":\"https:\/\/wordpress.callac.online\/#\/schema\/person\/04061f1ca2c2c42039142a704be95940\",\"name\":\"dlefur\",\"image\":{\"@type\":\"ImageObject\",\"inLanguage\":\"fr-FR\",\"@id\":\"https:\/\/wordpress.callac.online\/#\/schema\/person\/image\/\",\"url\":\"https:\/\/secure.gravatar.com\/avatar\/4a9e17be136808c6597f28aa2b6c13126dab066fdc2198ff60090972c9b7fafc?s=96&d=mm&r=g\",\"contentUrl\":\"https:\/\/secure.gravatar.com\/avatar\/4a9e17be136808c6597f28aa2b6c13126dab066fdc2198ff60090972c9b7fafc?s=96&d=mm&r=g\",\"caption\":\"dlefur\"},\"logo\":{\"@id\":\"https:\/\/wordpress.callac.online\/#\/schema\/person\/image\/\"},\"description\":\"Enseignant de math\u00e9matiques Lyc\u00e9e Pasteur S\u00e3o Paulo\",\"sameAs\":[\"http:\/\/wordpress.callac.online\"]}]}<\/script>\n<!-- \/ Yoast SEO plugin. -->","yoast_head_json":{"title":"Manipulation de listes avec Python - Maths &amp; Num\u00e9rique","robots":{"index":"index","follow":"follow","max-snippet":"max-snippet:-1","max-image-preview":"max-image-preview:large","max-video-preview":"max-video-preview:-1"},"canonical":"https:\/\/wordpress.callac.online\/index.php\/python\/generalites-sur-python\/manipulation-de-listes-avec-python\/","og_locale":"fr_FR","og_type":"article","og_title":"Manipulation de listes avec Python - Maths &amp; Num\u00e9rique","og_description":"Cr\u00e9ation de listes La cr\u00e9ation de listes est d\u00e9taill\u00e9e dans cet article. Acc\u00e8s aux \u00e9l\u00e9ments de la liste &gt;&gt;&gt; A=[5,3,7,10,8,9] &gt;&gt;&gt; print(A) [5, 3, 7, 10, 8, 9] &gt;&gt;&gt; A[1]&hellip;","og_url":"https:\/\/wordpress.callac.online\/index.php\/python\/generalites-sur-python\/manipulation-de-listes-avec-python\/","og_site_name":"Maths &amp; Num\u00e9rique","article_modified_time":"2022-01-05T21:41:54+00:00","twitter_card":"summary_large_image","twitter_misc":{"Dur\u00e9e de lecture estim\u00e9e":"2 minutes"},"schema":{"@context":"https:\/\/schema.org","@graph":[{"@type":"WebPage","@id":"https:\/\/wordpress.callac.online\/index.php\/python\/generalites-sur-python\/manipulation-de-listes-avec-python\/","url":"https:\/\/wordpress.callac.online\/index.php\/python\/generalites-sur-python\/manipulation-de-listes-avec-python\/","name":"Manipulation de listes avec Python - Maths &amp; Num\u00e9rique","isPartOf":{"@id":"https:\/\/wordpress.callac.online\/#website"},"datePublished":"2015-06-16T18:54:48+00:00","dateModified":"2022-01-05T21:41:54+00:00","breadcrumb":{"@id":"https:\/\/wordpress.callac.online\/index.php\/python\/generalites-sur-python\/manipulation-de-listes-avec-python\/#breadcrumb"},"inLanguage":"fr-FR","potentialAction":[{"@type":"ReadAction","target":["https:\/\/wordpress.callac.online\/index.php\/python\/generalites-sur-python\/manipulation-de-listes-avec-python\/"]}]},{"@type":"BreadcrumbList","@id":"https:\/\/wordpress.callac.online\/index.php\/python\/generalites-sur-python\/manipulation-de-listes-avec-python\/#breadcrumb","itemListElement":[{"@type":"ListItem","position":1,"name":"Accueil","item":"https:\/\/wordpress.callac.online\/"},{"@type":"ListItem","position":2,"name":"Python","item":"https:\/\/wordpress.callac.online\/index.php\/python\/"},{"@type":"ListItem","position":3,"name":"G\u00e9n\u00e9ralit\u00e9s sur Python","item":"https:\/\/wordpress.callac.online\/index.php\/python\/generalites-sur-python\/"},{"@type":"ListItem","position":4,"name":"Manipulation de listes avec Python"}]},{"@type":"WebSite","@id":"https:\/\/wordpress.callac.online\/#website","url":"https:\/\/wordpress.callac.online\/","name":"Maths & Num\u00e9rique","description":"Des outils pour les enseignants de math\u00e9matiques et de num\u00e9rique","publisher":{"@id":"https:\/\/wordpress.callac.online\/#\/schema\/person\/04061f1ca2c2c42039142a704be95940"},"potentialAction":[{"@type":"SearchAction","target":{"@type":"EntryPoint","urlTemplate":"https:\/\/wordpress.callac.online\/?s={search_term_string}"},"query-input":{"@type":"PropertyValueSpecification","valueRequired":true,"valueName":"search_term_string"}}],"inLanguage":"fr-FR"},{"@type":["Person","Organization"],"@id":"https:\/\/wordpress.callac.online\/#\/schema\/person\/04061f1ca2c2c42039142a704be95940","name":"dlefur","image":{"@type":"ImageObject","inLanguage":"fr-FR","@id":"https:\/\/wordpress.callac.online\/#\/schema\/person\/image\/","url":"https:\/\/secure.gravatar.com\/avatar\/4a9e17be136808c6597f28aa2b6c13126dab066fdc2198ff60090972c9b7fafc?s=96&d=mm&r=g","contentUrl":"https:\/\/secure.gravatar.com\/avatar\/4a9e17be136808c6597f28aa2b6c13126dab066fdc2198ff60090972c9b7fafc?s=96&d=mm&r=g","caption":"dlefur"},"logo":{"@id":"https:\/\/wordpress.callac.online\/#\/schema\/person\/image\/"},"description":"Enseignant de math\u00e9matiques Lyc\u00e9e Pasteur S\u00e3o Paulo","sameAs":["http:\/\/wordpress.callac.online"]}]}},"_links":{"self":[{"href":"https:\/\/wordpress.callac.online\/index.php\/wp-json\/wp\/v2\/pages\/316","targetHints":{"allow":["GET"]}}],"collection":[{"href":"https:\/\/wordpress.callac.online\/index.php\/wp-json\/wp\/v2\/pages"}],"about":[{"href":"https:\/\/wordpress.callac.online\/index.php\/wp-json\/wp\/v2\/types\/page"}],"author":[{"embeddable":true,"href":"https:\/\/wordpress.callac.online\/index.php\/wp-json\/wp\/v2\/users\/1"}],"replies":[{"embeddable":true,"href":"https:\/\/wordpress.callac.online\/index.php\/wp-json\/wp\/v2\/comments?post=316"}],"version-history":[{"count":3,"href":"https:\/\/wordpress.callac.online\/index.php\/wp-json\/wp\/v2\/pages\/316\/revisions"}],"predecessor-version":[{"id":2059,"href":"https:\/\/wordpress.callac.online\/index.php\/wp-json\/wp\/v2\/pages\/316\/revisions\/2059"}],"up":[{"embeddable":true,"href":"https:\/\/wordpress.callac.online\/index.php\/wp-json\/wp\/v2\/pages\/1649"}],"wp:attachment":[{"href":"https:\/\/wordpress.callac.online\/index.php\/wp-json\/wp\/v2\/media?parent=316"}],"curies":[{"name":"wp","href":"https:\/\/api.w.org\/{rel}","templated":true}]}}