{"id":3194,"date":"2022-01-24T13:05:00","date_gmt":"2022-01-24T12:05:00","guid":{"rendered":"https:\/\/wordpress.callac.online\/index.php\/python\/des-interfaces-graphiques-avec-kivy\/positionner-et-dimensionner-ses-composants-kivy\/"},"modified":"2022-01-27T22:39:08","modified_gmt":"2022-01-27T21:39:08","slug":"positionner-et-dimensionner-ses-composants-kivy","status":"publish","type":"page","link":"https:\/\/wordpress.callac.online\/index.php\/python\/des-interfaces-graphiques-avec-kivy\/positionner-et-dimensionner-ses-composants-kivy\/","title":{"rendered":"Positionner et dimensionner ses composants Kivy"},"content":{"rendered":"\n<p>Les sources des exemples sont disponibles <a href=\"https:\/\/filedn.com\/lpKG7uY9hIHVel5exA5Ik80\/Kivy_Demo\/\" target=\"_blank\" rel=\"noreferrer noopener\">ici<\/a>.<\/p>\n\n\n\n<figure class=\"wp-block-embed is-type-video is-provider-youtube wp-block-embed-youtube wp-embed-aspect-16-9 wp-has-aspect-ratio\"><div class=\"wp-block-embed__wrapper\">\n<iframe loading=\"lazy\" title=\"Dimension et position des composants Kivy\" width=\"900\" height=\"506\" src=\"https:\/\/www.youtube.com\/embed\/lUeMDRXWwyw?feature=oembed\" frameborder=\"0\" allow=\"accelerometer; autoplay; clipboard-write; encrypted-media; gyroscope; picture-in-picture\" allowfullscreen><\/iframe>\n<\/div><\/figure>\n\n\n\n<h2 class=\"wp-block-heading\">Des tailles relatives ou absolues<\/h2>\n\n\n\n<p>Par d\u00e9faut, les composants ont des tailles relatives. Les param\u00e8tres \u00ab\u00a0size_hint_x\u00a0\u00bb et \u00ab\u00a0size_hint_y\u00a0\u00bb permettent de modifier les tailles des composants les uns par rapport aux autres.<\/p>\n\n\n\n<p>Pour utiliser les tailles absolues, il faut au pr\u00e9alable les param\u00e8tres pr\u00e9c\u00e9dents \u00e0 None.<\/p>\n\n\n\n<h3 class=\"wp-block-heading\">Des layouts pour le positionnement<\/h3>\n\n\n\n<p>Il est souvent simple d&rsquo;utiliser des combinaisons de layouts imbriqu\u00e9s les uns dans les autres pour dimensionner et placer les composants. <\/p>\n\n\n\n<p>Dans un \u00e9cran (Screen), on pourra ins\u00e9rer un :<\/p>\n\n\n\n<ul class=\"wp-block-list\"><li>BoxLayout  : une liste (2 orientations : \u00ab\u00a0vertical\u00a0\u00bb ou \u00ab\u00a0horizontal\u00a0\u00bb)<\/li><li>GridLayout  : une grille (\u00ab\u00a0cols\u00a0\u00bb pour son nombre de colonnes)<\/li><li>FloatLayout : une zone (\u00ab\u00a0pos_hint\u00a0\u00bb pour placer les composants dans cette zone)<\/li><\/ul>\n\n\n\n<h2 class=\"wp-block-heading\">Un exemple : une grille verticale ( Exemple03 avec design1.kv )<\/h2>\n\n\n\n<p>Dans l&rsquo;exemple suivant, on a plac\u00e9 sur l&rsquo;\u00e9cran une grille verticale contenant 4 \u00e9l\u00e9ments. Si on n&rsquo;avait mis aucun r\u00e9glage de taille, chacun aurait la m\u00eame hauteur et la m\u00eame largeur.<\/p>\n\n\n\n<p>Cependant , voici ce qu&rsquo;on a fait :<\/p>\n\n\n\n<ul class=\"wp-block-list\"><li>MDLabel : une hauteur \u00e0 50% de la taille des autres composants de hauteur variable.<\/li><li>MDFloatLayout : aucun r\u00e9glage de taille. \u00c0 l&rsquo;int\u00e9rieur se trouve un bouton de taille absolue que l&rsquo;on a plac\u00e9.<\/li><li>Widget : un composant fant\u00f4me de hauteur impos\u00e9e (200)<\/li><li>MDTextFieldRect : une largeur de moiti\u00e9, et un composant centr\u00e9.<\/li><\/ul>\n\n\n\n<pre class=\"EnlighterJSRAW\" data-enlighter-language=\"python\" data-enlighter-theme=\"\" data-enlighter-highlight=\"\" data-enlighter-linenumbers=\"\" data-enlighter-lineoffset=\"\" data-enlighter-title=\"\" data-enlighter-group=\"\">Screen :\n\n\tMDBoxLayout :\n\t\torientation : \"vertical\"\n\t\tpadding : 20\n\t\tspacing : 20\n\n\t\tMDLabel : \n\t\t\ttext: \"Mon MDLabel\"\n\t\t\thalign : \"center\"\n\t\t\tfont_style : \"H6\"\n\t\t\tmd_bg_color : (1,1,0,0.5)\n\t\t\tsize_hint_y : 0.5\n\n\t\tMDFloatLayout :\n\t\t\tmd_bg_color : (0,1,1,0.5)\n\t\t\tMDRaisedButton :\n\t\t\t\ttext : \"Mon MDRaisedButton\"\n\t\t\t\t#pos_hint : {\"center_x\" : 0.5,\"center_y\" : 0.5}\n\t\t\t\tpos_hint : {\"top\" : 1,\"right\" : 1}\n\n\t\tWidget :\n\t\t\tsize_hint_y : None\n\t\t\theight : 200\n\n\t\tMDTextFieldRect :\n\t\t\ttext : \"Mon MDTextFieldRect\"\n\t\t\tsize_hint_x : 0.5\n\t\t\tpos_hint : {\"center_x\" : 0.5}<\/pre>\n\n\n\n<figure class=\"wp-block-image size-full\"><img loading=\"lazy\" decoding=\"async\" width=\"820\" height=\"648\" src=\"https:\/\/wordpress.callac.online\/wp-content\/uploads\/2022\/01\/kivy03-1.png\" alt=\"\" class=\"wp-image-3201\" srcset=\"https:\/\/wordpress.callac.online\/wp-content\/uploads\/2022\/01\/kivy03-1.png 820w, https:\/\/wordpress.callac.online\/wp-content\/uploads\/2022\/01\/kivy03-1-300x237.png 300w, https:\/\/wordpress.callac.online\/wp-content\/uploads\/2022\/01\/kivy03-1-768x607.png 768w\" sizes=\"auto, (max-width: 820px) 100vw, 820px\" \/><\/figure>\n\n\n\n<h3 class=\"wp-block-heading\">Un exemple : une grille \u00e0 deux colonnes ( Exemple03 avec design2.kv )<\/h3>\n\n\n\n<pre class=\"EnlighterJSRAW\" data-enlighter-language=\"generic\" data-enlighter-theme=\"\" data-enlighter-highlight=\"\" data-enlighter-linenumbers=\"\" data-enlighter-lineoffset=\"\" data-enlighter-title=\"\" data-enlighter-group=\"\">Screen :\n\n\tMDGridLayout :\n\t\tcols : 2\n\t\tpadding : 20\n\t\tspacing : 20\n\n\t\tMDFloatLayout :\n\t\t\tMDRaisedButton :\n\t\t\t\ttext : \"Mon MDRaisedButton\"\n\t\t\t\tpos_hint : {\"center_x\" : 0.5,\"center_y\" : 0.5}\n\n\t\tMDLabel : \n\t\t\ttext: \"Mon MDLabel\"\n\t\t\thalign : \"center\"\n\t\t\tfont_style : \"H6\"\n\t\t\tmd_bg_color : (1,1,0,0.5)\n\n\t\tWidget :\n\n\t\tMDTextFieldRect :\n\t\t\ttext : \"Mon MDTextFieldRect\"<\/pre>\n\n\n\n<figure class=\"wp-block-image size-full\"><img loading=\"lazy\" decoding=\"async\" width=\"820\" height=\"648\" src=\"https:\/\/wordpress.callac.online\/wp-content\/uploads\/2022\/01\/kivy03-2.png\" alt=\"\" class=\"wp-image-3204\" srcset=\"https:\/\/wordpress.callac.online\/wp-content\/uploads\/2022\/01\/kivy03-2.png 820w, https:\/\/wordpress.callac.online\/wp-content\/uploads\/2022\/01\/kivy03-2-300x237.png 300w, https:\/\/wordpress.callac.online\/wp-content\/uploads\/2022\/01\/kivy03-2-768x607.png 768w\" sizes=\"auto, (max-width: 820px) 100vw, 820px\" \/><\/figure>\n","protected":false},"excerpt":{"rendered":"<p>Les sources des exemples sont disponibles ici. Des tailles relatives ou absolues Par d\u00e9faut, les composants ont des tailles relatives. Les param\u00e8tres \u00ab\u00a0size_hint_x\u00a0\u00bb et \u00ab\u00a0size_hint_y\u00a0\u00bb permettent de modifier les tailles&hellip;<\/p>\n","protected":false},"author":1,"featured_media":0,"parent":3188,"menu_order":1,"comment_status":"closed","ping_status":"closed","template":"","meta":{"footnotes":""},"class_list":["post-3194","page","type-page","status-publish","hentry"],"yoast_head":"<!-- This site is optimized with the Yoast SEO plugin v27.5 - https:\/\/yoast.com\/product\/yoast-seo-wordpress\/ -->\n<title>Positionner et dimensionner ses composants Kivy - Maths &amp; Num\u00e9rique<\/title>\n<meta name=\"robots\" content=\"index, follow, max-snippet:-1, max-image-preview:large, max-video-preview:-1\" \/>\n<link rel=\"canonical\" href=\"https:\/\/wordpress.callac.online\/index.php\/python\/des-interfaces-graphiques-avec-kivy\/positionner-et-dimensionner-ses-composants-kivy\/\" \/>\n<meta property=\"og:locale\" content=\"fr_FR\" \/>\n<meta property=\"og:type\" content=\"article\" \/>\n<meta property=\"og:title\" content=\"Positionner et dimensionner ses composants Kivy - Maths &amp; Num\u00e9rique\" \/>\n<meta property=\"og:description\" content=\"Les sources des exemples sont disponibles ici. Des tailles relatives ou absolues Par d\u00e9faut, les composants ont des tailles relatives. Les param\u00e8tres \u00ab\u00a0size_hint_x\u00a0\u00bb et \u00ab\u00a0size_hint_y\u00a0\u00bb permettent de modifier les tailles&hellip;\" \/>\n<meta property=\"og:url\" content=\"https:\/\/wordpress.callac.online\/index.php\/python\/des-interfaces-graphiques-avec-kivy\/positionner-et-dimensionner-ses-composants-kivy\/\" \/>\n<meta property=\"og:site_name\" content=\"Maths &amp; Num\u00e9rique\" \/>\n<meta property=\"article:modified_time\" content=\"2022-01-27T21:39:08+00:00\" \/>\n<meta property=\"og:image\" content=\"https:\/\/wordpress.callac.online\/wp-content\/uploads\/2022\/01\/kivy03-1.png\" \/>\n<meta name=\"twitter:card\" content=\"summary_large_image\" \/>\n<meta name=\"twitter:label1\" content=\"Dur\u00e9e de lecture estim\u00e9e\" \/>\n\t<meta name=\"twitter:data1\" content=\"2 minutes\" \/>\n<script type=\"application\/ld+json\" class=\"yoast-schema-graph\">{\"@context\":\"https:\\\/\\\/schema.org\",\"@graph\":[{\"@type\":\"WebPage\",\"@id\":\"https:\\\/\\\/wordpress.callac.online\\\/index.php\\\/python\\\/des-interfaces-graphiques-avec-kivy\\\/positionner-et-dimensionner-ses-composants-kivy\\\/\",\"url\":\"https:\\\/\\\/wordpress.callac.online\\\/index.php\\\/python\\\/des-interfaces-graphiques-avec-kivy\\\/positionner-et-dimensionner-ses-composants-kivy\\\/\",\"name\":\"Positionner et dimensionner ses composants Kivy - Maths &amp; Num\u00e9rique\",\"isPartOf\":{\"@id\":\"https:\\\/\\\/wordpress.callac.online\\\/#website\"},\"primaryImageOfPage\":{\"@id\":\"https:\\\/\\\/wordpress.callac.online\\\/index.php\\\/python\\\/des-interfaces-graphiques-avec-kivy\\\/positionner-et-dimensionner-ses-composants-kivy\\\/#primaryimage\"},\"image\":{\"@id\":\"https:\\\/\\\/wordpress.callac.online\\\/index.php\\\/python\\\/des-interfaces-graphiques-avec-kivy\\\/positionner-et-dimensionner-ses-composants-kivy\\\/#primaryimage\"},\"thumbnailUrl\":\"https:\\\/\\\/wordpress.callac.online\\\/wp-content\\\/uploads\\\/2022\\\/01\\\/kivy03-1.png\",\"datePublished\":\"2022-01-24T12:05:00+00:00\",\"dateModified\":\"2022-01-27T21:39:08+00:00\",\"breadcrumb\":{\"@id\":\"https:\\\/\\\/wordpress.callac.online\\\/index.php\\\/python\\\/des-interfaces-graphiques-avec-kivy\\\/positionner-et-dimensionner-ses-composants-kivy\\\/#breadcrumb\"},\"inLanguage\":\"fr-FR\",\"potentialAction\":[{\"@type\":\"ReadAction\",\"target\":[\"https:\\\/\\\/wordpress.callac.online\\\/index.php\\\/python\\\/des-interfaces-graphiques-avec-kivy\\\/positionner-et-dimensionner-ses-composants-kivy\\\/\"]}]},{\"@type\":\"ImageObject\",\"inLanguage\":\"fr-FR\",\"@id\":\"https:\\\/\\\/wordpress.callac.online\\\/index.php\\\/python\\\/des-interfaces-graphiques-avec-kivy\\\/positionner-et-dimensionner-ses-composants-kivy\\\/#primaryimage\",\"url\":\"https:\\\/\\\/wordpress.callac.online\\\/wp-content\\\/uploads\\\/2022\\\/01\\\/kivy03-1.png\",\"contentUrl\":\"https:\\\/\\\/wordpress.callac.online\\\/wp-content\\\/uploads\\\/2022\\\/01\\\/kivy03-1.png\",\"width\":820,\"height\":648},{\"@type\":\"BreadcrumbList\",\"@id\":\"https:\\\/\\\/wordpress.callac.online\\\/index.php\\\/python\\\/des-interfaces-graphiques-avec-kivy\\\/positionner-et-dimensionner-ses-composants-kivy\\\/#breadcrumb\",\"itemListElement\":[{\"@type\":\"ListItem\",\"position\":1,\"name\":\"Accueil\",\"item\":\"https:\\\/\\\/wordpress.callac.online\\\/\"},{\"@type\":\"ListItem\",\"position\":2,\"name\":\"Python\",\"item\":\"https:\\\/\\\/wordpress.callac.online\\\/index.php\\\/python\\\/\"},{\"@type\":\"ListItem\",\"position\":3,\"name\":\"Des interfaces graphiques avec Kivy\",\"item\":\"https:\\\/\\\/wordpress.callac.online\\\/index.php\\\/python\\\/des-interfaces-graphiques-avec-kivy\\\/\"},{\"@type\":\"ListItem\",\"position\":4,\"name\":\"Positionner et dimensionner ses composants Kivy\"}]},{\"@type\":\"WebSite\",\"@id\":\"https:\\\/\\\/wordpress.callac.online\\\/#website\",\"url\":\"https:\\\/\\\/wordpress.callac.online\\\/\",\"name\":\"Maths & Num\u00e9rique\",\"description\":\"Des outils pour les enseignants de math\u00e9matiques et de num\u00e9rique\",\"publisher\":{\"@id\":\"https:\\\/\\\/wordpress.callac.online\\\/#\\\/schema\\\/person\\\/04061f1ca2c2c42039142a704be95940\"},\"potentialAction\":[{\"@type\":\"SearchAction\",\"target\":{\"@type\":\"EntryPoint\",\"urlTemplate\":\"https:\\\/\\\/wordpress.callac.online\\\/?s={search_term_string}\"},\"query-input\":{\"@type\":\"PropertyValueSpecification\",\"valueRequired\":true,\"valueName\":\"search_term_string\"}}],\"inLanguage\":\"fr-FR\"},{\"@type\":[\"Person\",\"Organization\"],\"@id\":\"https:\\\/\\\/wordpress.callac.online\\\/#\\\/schema\\\/person\\\/04061f1ca2c2c42039142a704be95940\",\"name\":\"dlefur\",\"image\":{\"@type\":\"ImageObject\",\"inLanguage\":\"fr-FR\",\"@id\":\"https:\\\/\\\/secure.gravatar.com\\\/avatar\\\/4a9e17be136808c6597f28aa2b6c13126dab066fdc2198ff60090972c9b7fafc?s=96&d=mm&r=g\",\"url\":\"https:\\\/\\\/secure.gravatar.com\\\/avatar\\\/4a9e17be136808c6597f28aa2b6c13126dab066fdc2198ff60090972c9b7fafc?s=96&d=mm&r=g\",\"contentUrl\":\"https:\\\/\\\/secure.gravatar.com\\\/avatar\\\/4a9e17be136808c6597f28aa2b6c13126dab066fdc2198ff60090972c9b7fafc?s=96&d=mm&r=g\",\"caption\":\"dlefur\"},\"logo\":{\"@id\":\"https:\\\/\\\/secure.gravatar.com\\\/avatar\\\/4a9e17be136808c6597f28aa2b6c13126dab066fdc2198ff60090972c9b7fafc?s=96&d=mm&r=g\"},\"description\":\"Enseignant de math\u00e9matiques Lyc\u00e9e Pasteur S\u00e3o Paulo\",\"sameAs\":[\"http:\\\/\\\/wordpress.callac.online\"]}]}<\/script>\n<!-- \/ Yoast SEO plugin. -->","yoast_head_json":{"title":"Positionner et dimensionner ses composants Kivy - Maths &amp; Num\u00e9rique","robots":{"index":"index","follow":"follow","max-snippet":"max-snippet:-1","max-image-preview":"max-image-preview:large","max-video-preview":"max-video-preview:-1"},"canonical":"https:\/\/wordpress.callac.online\/index.php\/python\/des-interfaces-graphiques-avec-kivy\/positionner-et-dimensionner-ses-composants-kivy\/","og_locale":"fr_FR","og_type":"article","og_title":"Positionner et dimensionner ses composants Kivy - Maths &amp; Num\u00e9rique","og_description":"Les sources des exemples sont disponibles ici. Des tailles relatives ou absolues Par d\u00e9faut, les composants ont des tailles relatives. Les param\u00e8tres \u00ab\u00a0size_hint_x\u00a0\u00bb et \u00ab\u00a0size_hint_y\u00a0\u00bb permettent de modifier les tailles&hellip;","og_url":"https:\/\/wordpress.callac.online\/index.php\/python\/des-interfaces-graphiques-avec-kivy\/positionner-et-dimensionner-ses-composants-kivy\/","og_site_name":"Maths &amp; Num\u00e9rique","article_modified_time":"2022-01-27T21:39:08+00:00","og_image":[{"url":"https:\/\/wordpress.callac.online\/wp-content\/uploads\/2022\/01\/kivy03-1.png","type":"","width":"","height":""}],"twitter_card":"summary_large_image","twitter_misc":{"Dur\u00e9e de lecture estim\u00e9e":"2 minutes"},"schema":{"@context":"https:\/\/schema.org","@graph":[{"@type":"WebPage","@id":"https:\/\/wordpress.callac.online\/index.php\/python\/des-interfaces-graphiques-avec-kivy\/positionner-et-dimensionner-ses-composants-kivy\/","url":"https:\/\/wordpress.callac.online\/index.php\/python\/des-interfaces-graphiques-avec-kivy\/positionner-et-dimensionner-ses-composants-kivy\/","name":"Positionner et dimensionner ses composants Kivy - Maths &amp; Num\u00e9rique","isPartOf":{"@id":"https:\/\/wordpress.callac.online\/#website"},"primaryImageOfPage":{"@id":"https:\/\/wordpress.callac.online\/index.php\/python\/des-interfaces-graphiques-avec-kivy\/positionner-et-dimensionner-ses-composants-kivy\/#primaryimage"},"image":{"@id":"https:\/\/wordpress.callac.online\/index.php\/python\/des-interfaces-graphiques-avec-kivy\/positionner-et-dimensionner-ses-composants-kivy\/#primaryimage"},"thumbnailUrl":"https:\/\/wordpress.callac.online\/wp-content\/uploads\/2022\/01\/kivy03-1.png","datePublished":"2022-01-24T12:05:00+00:00","dateModified":"2022-01-27T21:39:08+00:00","breadcrumb":{"@id":"https:\/\/wordpress.callac.online\/index.php\/python\/des-interfaces-graphiques-avec-kivy\/positionner-et-dimensionner-ses-composants-kivy\/#breadcrumb"},"inLanguage":"fr-FR","potentialAction":[{"@type":"ReadAction","target":["https:\/\/wordpress.callac.online\/index.php\/python\/des-interfaces-graphiques-avec-kivy\/positionner-et-dimensionner-ses-composants-kivy\/"]}]},{"@type":"ImageObject","inLanguage":"fr-FR","@id":"https:\/\/wordpress.callac.online\/index.php\/python\/des-interfaces-graphiques-avec-kivy\/positionner-et-dimensionner-ses-composants-kivy\/#primaryimage","url":"https:\/\/wordpress.callac.online\/wp-content\/uploads\/2022\/01\/kivy03-1.png","contentUrl":"https:\/\/wordpress.callac.online\/wp-content\/uploads\/2022\/01\/kivy03-1.png","width":820,"height":648},{"@type":"BreadcrumbList","@id":"https:\/\/wordpress.callac.online\/index.php\/python\/des-interfaces-graphiques-avec-kivy\/positionner-et-dimensionner-ses-composants-kivy\/#breadcrumb","itemListElement":[{"@type":"ListItem","position":1,"name":"Accueil","item":"https:\/\/wordpress.callac.online\/"},{"@type":"ListItem","position":2,"name":"Python","item":"https:\/\/wordpress.callac.online\/index.php\/python\/"},{"@type":"ListItem","position":3,"name":"Des interfaces graphiques avec Kivy","item":"https:\/\/wordpress.callac.online\/index.php\/python\/des-interfaces-graphiques-avec-kivy\/"},{"@type":"ListItem","position":4,"name":"Positionner et dimensionner ses composants Kivy"}]},{"@type":"WebSite","@id":"https:\/\/wordpress.callac.online\/#website","url":"https:\/\/wordpress.callac.online\/","name":"Maths & Num\u00e9rique","description":"Des outils pour les enseignants de math\u00e9matiques et de num\u00e9rique","publisher":{"@id":"https:\/\/wordpress.callac.online\/#\/schema\/person\/04061f1ca2c2c42039142a704be95940"},"potentialAction":[{"@type":"SearchAction","target":{"@type":"EntryPoint","urlTemplate":"https:\/\/wordpress.callac.online\/?s={search_term_string}"},"query-input":{"@type":"PropertyValueSpecification","valueRequired":true,"valueName":"search_term_string"}}],"inLanguage":"fr-FR"},{"@type":["Person","Organization"],"@id":"https:\/\/wordpress.callac.online\/#\/schema\/person\/04061f1ca2c2c42039142a704be95940","name":"dlefur","image":{"@type":"ImageObject","inLanguage":"fr-FR","@id":"https:\/\/secure.gravatar.com\/avatar\/4a9e17be136808c6597f28aa2b6c13126dab066fdc2198ff60090972c9b7fafc?s=96&d=mm&r=g","url":"https:\/\/secure.gravatar.com\/avatar\/4a9e17be136808c6597f28aa2b6c13126dab066fdc2198ff60090972c9b7fafc?s=96&d=mm&r=g","contentUrl":"https:\/\/secure.gravatar.com\/avatar\/4a9e17be136808c6597f28aa2b6c13126dab066fdc2198ff60090972c9b7fafc?s=96&d=mm&r=g","caption":"dlefur"},"logo":{"@id":"https:\/\/secure.gravatar.com\/avatar\/4a9e17be136808c6597f28aa2b6c13126dab066fdc2198ff60090972c9b7fafc?s=96&d=mm&r=g"},"description":"Enseignant de math\u00e9matiques Lyc\u00e9e Pasteur S\u00e3o Paulo","sameAs":["http:\/\/wordpress.callac.online"]}]}},"_links":{"self":[{"href":"https:\/\/wordpress.callac.online\/index.php\/wp-json\/wp\/v2\/pages\/3194","targetHints":{"allow":["GET"]}}],"collection":[{"href":"https:\/\/wordpress.callac.online\/index.php\/wp-json\/wp\/v2\/pages"}],"about":[{"href":"https:\/\/wordpress.callac.online\/index.php\/wp-json\/wp\/v2\/types\/page"}],"author":[{"embeddable":true,"href":"https:\/\/wordpress.callac.online\/index.php\/wp-json\/wp\/v2\/users\/1"}],"replies":[{"embeddable":true,"href":"https:\/\/wordpress.callac.online\/index.php\/wp-json\/wp\/v2\/comments?post=3194"}],"version-history":[{"count":6,"href":"https:\/\/wordpress.callac.online\/index.php\/wp-json\/wp\/v2\/pages\/3194\/revisions"}],"predecessor-version":[{"id":3231,"href":"https:\/\/wordpress.callac.online\/index.php\/wp-json\/wp\/v2\/pages\/3194\/revisions\/3231"}],"up":[{"embeddable":true,"href":"https:\/\/wordpress.callac.online\/index.php\/wp-json\/wp\/v2\/pages\/3188"}],"wp:attachment":[{"href":"https:\/\/wordpress.callac.online\/index.php\/wp-json\/wp\/v2\/media?parent=3194"}],"curies":[{"name":"wp","href":"https:\/\/api.w.org\/{rel}","templated":true}]}}