{"id":3234,"date":"2022-01-28T10:54:12","date_gmt":"2022-01-28T09:54:12","guid":{"rendered":"https:\/\/wordpress.callac.online\/index.php\/python\/des-interfaces-graphiques-avec-kivy\/des-ressources-pour-kivy-et-kivymd\/"},"modified":"2022-01-28T11:03:23","modified_gmt":"2022-01-28T10:03:23","slug":"des-ressources-pour-kivy-et-kivymd","status":"publish","type":"page","link":"https:\/\/wordpress.callac.online\/index.php\/python\/des-interfaces-graphiques-avec-kivy\/des-ressources-pour-kivy-et-kivymd\/","title":{"rendered":"Des ressources pour Kivy et KivyMD"},"content":{"rendered":"\n<h3 class=\"wp-block-heading\">Des vid\u00e9os en anglais<\/h3>\n\n\n\n<p>John Elder propose des dizines de vid\u00e9os sur Youtube vous permettant de d\u00e9buter avec Kivy : <a href=\"https:\/\/www.youtube.com\/playlist?list=PLCC34OHNcOtpz7PJQ7Tv7hqFBP_xDDjqg\" target=\"_blank\" rel=\"noreferrer noopener\">https:\/\/www.youtube.com\/playlist?list=PLCC34OHNcOtpz7PJQ7Tv7hqFBP_xDDjqg<\/a><\/p>\n\n\n\n<h3 class=\"wp-block-heading\">L&rsquo;application KivyMD Demo : Kitchen Sink<\/h3>\n\n\n\n<p>Cette application est essentiel pour d\u00e9couvrir les possibilit\u00e9s de KivyMD pour construire une belle interface graphique bien homog\u00e8ne. <\/p>\n\n\n\n<p>Cette application est disponible sur Google Play Store : <a href=\"https:\/\/play.google.com\/store\/apps\/details?id=org.kivymd.kivymd&amp;hl=en_US&amp;gl=US\" target=\"_blank\" rel=\"noreferrer noopener\">https:\/\/play.google.com\/store\/apps\/details?id=org.kivymd.kivymd&amp;hl=en_US&amp;gl=US<\/a><\/p>\n\n\n\n<p>Pour acc\u00e9dr \u00e0 son code, voici son d\u00e9pot : <a href=\"https:\/\/github.com\/kivymd\/KivyMD\" target=\"_blank\" rel=\"noreferrer noopener\">https:\/\/github.com\/kivymd\/KivyMD<\/a><\/p>\n","protected":false},"excerpt":{"rendered":"<p>Des vid\u00e9os en anglais John Elder propose des dizines de vid\u00e9os sur Youtube vous permettant de d\u00e9buter avec Kivy : https:\/\/www.youtube.com\/playlist?list=PLCC34OHNcOtpz7PJQ7Tv7hqFBP_xDDjqg L&rsquo;application KivyMD Demo : Kitchen Sink Cette application est&hellip;<\/p>\n","protected":false},"author":1,"featured_media":0,"parent":3188,"menu_order":4,"comment_status":"closed","ping_status":"closed","template":"","meta":{"footnotes":""},"class_list":["post-3234","page","type-page","status-publish","hentry"],"yoast_head":"<!-- This site is optimized with the Yoast SEO plugin v27.1.1 - https:\/\/yoast.com\/product\/yoast-seo-wordpress\/ -->\n<title>Des ressources pour Kivy et KivyMD - Maths &amp; Num\u00e9rique<\/title>\n<meta name=\"robots\" content=\"index, follow, max-snippet:-1, max-image-preview:large, max-video-preview:-1\" \/>\n<link rel=\"canonical\" href=\"https:\/\/wordpress.callac.online\/index.php\/python\/des-interfaces-graphiques-avec-kivy\/des-ressources-pour-kivy-et-kivymd\/\" \/>\n<meta property=\"og:locale\" content=\"fr_FR\" \/>\n<meta property=\"og:type\" content=\"article\" \/>\n<meta property=\"og:title\" content=\"Des ressources pour Kivy et KivyMD - Maths &amp; Num\u00e9rique\" \/>\n<meta property=\"og:description\" content=\"Des vid\u00e9os en anglais John Elder propose des dizines de vid\u00e9os sur Youtube vous permettant de d\u00e9buter avec Kivy : https:\/\/www.youtube.com\/playlist?list=PLCC34OHNcOtpz7PJQ7Tv7hqFBP_xDDjqg L&rsquo;application KivyMD Demo : Kitchen Sink Cette application est&hellip;\" \/>\n<meta property=\"og:url\" content=\"https:\/\/wordpress.callac.online\/index.php\/python\/des-interfaces-graphiques-avec-kivy\/des-ressources-pour-kivy-et-kivymd\/\" \/>\n<meta property=\"og:site_name\" content=\"Maths &amp; Num\u00e9rique\" \/>\n<meta property=\"article:modified_time\" content=\"2022-01-28T10:03:23+00:00\" \/>\n<meta name=\"twitter:card\" content=\"summary_large_image\" \/>\n<meta name=\"twitter:label1\" content=\"Dur\u00e9e de lecture estim\u00e9e\" \/>\n\t<meta name=\"twitter:data1\" content=\"1 minute\" \/>\n<script type=\"application\/ld+json\" class=\"yoast-schema-graph\">{\"@context\":\"https:\/\/schema.org\",\"@graph\":[{\"@type\":\"WebPage\",\"@id\":\"https:\/\/wordpress.callac.online\/index.php\/python\/des-interfaces-graphiques-avec-kivy\/des-ressources-pour-kivy-et-kivymd\/\",\"url\":\"https:\/\/wordpress.callac.online\/index.php\/python\/des-interfaces-graphiques-avec-kivy\/des-ressources-pour-kivy-et-kivymd\/\",\"name\":\"Des ressources pour Kivy et KivyMD - Maths &amp; Num\u00e9rique\",\"isPartOf\":{\"@id\":\"https:\/\/wordpress.callac.online\/#website\"},\"datePublished\":\"2022-01-28T09:54:12+00:00\",\"dateModified\":\"2022-01-28T10:03:23+00:00\",\"breadcrumb\":{\"@id\":\"https:\/\/wordpress.callac.online\/index.php\/python\/des-interfaces-graphiques-avec-kivy\/des-ressources-pour-kivy-et-kivymd\/#breadcrumb\"},\"inLanguage\":\"fr-FR\",\"potentialAction\":[{\"@type\":\"ReadAction\",\"target\":[\"https:\/\/wordpress.callac.online\/index.php\/python\/des-interfaces-graphiques-avec-kivy\/des-ressources-pour-kivy-et-kivymd\/\"]}]},{\"@type\":\"BreadcrumbList\",\"@id\":\"https:\/\/wordpress.callac.online\/index.php\/python\/des-interfaces-graphiques-avec-kivy\/des-ressources-pour-kivy-et-kivymd\/#breadcrumb\",\"itemListElement\":[{\"@type\":\"ListItem\",\"position\":1,\"name\":\"Accueil\",\"item\":\"https:\/\/wordpress.callac.online\/\"},{\"@type\":\"ListItem\",\"position\":2,\"name\":\"Python\",\"item\":\"https:\/\/wordpress.callac.online\/index.php\/python\/\"},{\"@type\":\"ListItem\",\"position\":3,\"name\":\"Des interfaces graphiques avec Kivy\",\"item\":\"https:\/\/wordpress.callac.online\/index.php\/python\/des-interfaces-graphiques-avec-kivy\/\"},{\"@type\":\"ListItem\",\"position\":4,\"name\":\"Des ressources pour Kivy et KivyMD\"}]},{\"@type\":\"WebSite\",\"@id\":\"https:\/\/wordpress.callac.online\/#website\",\"url\":\"https:\/\/wordpress.callac.online\/\",\"name\":\"Maths & Num\u00e9rique\",\"description\":\"Des outils pour les enseignants de math\u00e9matiques et de num\u00e9rique\",\"publisher\":{\"@id\":\"https:\/\/wordpress.callac.online\/#\/schema\/person\/04061f1ca2c2c42039142a704be95940\"},\"potentialAction\":[{\"@type\":\"SearchAction\",\"target\":{\"@type\":\"EntryPoint\",\"urlTemplate\":\"https:\/\/wordpress.callac.online\/?s={search_term_string}\"},\"query-input\":{\"@type\":\"PropertyValueSpecification\",\"valueRequired\":true,\"valueName\":\"search_term_string\"}}],\"inLanguage\":\"fr-FR\"},{\"@type\":[\"Person\",\"Organization\"],\"@id\":\"https:\/\/wordpress.callac.online\/#\/schema\/person\/04061f1ca2c2c42039142a704be95940\",\"name\":\"dlefur\",\"image\":{\"@type\":\"ImageObject\",\"inLanguage\":\"fr-FR\",\"@id\":\"https:\/\/wordpress.callac.online\/#\/schema\/person\/image\/\",\"url\":\"https:\/\/secure.gravatar.com\/avatar\/4a9e17be136808c6597f28aa2b6c13126dab066fdc2198ff60090972c9b7fafc?s=96&d=mm&r=g\",\"contentUrl\":\"https:\/\/secure.gravatar.com\/avatar\/4a9e17be136808c6597f28aa2b6c13126dab066fdc2198ff60090972c9b7fafc?s=96&d=mm&r=g\",\"caption\":\"dlefur\"},\"logo\":{\"@id\":\"https:\/\/wordpress.callac.online\/#\/schema\/person\/image\/\"},\"description\":\"Enseignant de math\u00e9matiques Lyc\u00e9e Pasteur S\u00e3o Paulo\",\"sameAs\":[\"http:\/\/wordpress.callac.online\"]}]}<\/script>\n<!-- \/ Yoast SEO plugin. -->","yoast_head_json":{"title":"Des ressources pour Kivy et KivyMD - Maths &amp; Num\u00e9rique","robots":{"index":"index","follow":"follow","max-snippet":"max-snippet:-1","max-image-preview":"max-image-preview:large","max-video-preview":"max-video-preview:-1"},"canonical":"https:\/\/wordpress.callac.online\/index.php\/python\/des-interfaces-graphiques-avec-kivy\/des-ressources-pour-kivy-et-kivymd\/","og_locale":"fr_FR","og_type":"article","og_title":"Des ressources pour Kivy et KivyMD - Maths &amp; Num\u00e9rique","og_description":"Des vid\u00e9os en anglais John Elder propose des dizines de vid\u00e9os sur Youtube vous permettant de d\u00e9buter avec Kivy : https:\/\/www.youtube.com\/playlist?list=PLCC34OHNcOtpz7PJQ7Tv7hqFBP_xDDjqg L&rsquo;application KivyMD Demo : Kitchen Sink Cette application est&hellip;","og_url":"https:\/\/wordpress.callac.online\/index.php\/python\/des-interfaces-graphiques-avec-kivy\/des-ressources-pour-kivy-et-kivymd\/","og_site_name":"Maths &amp; Num\u00e9rique","article_modified_time":"2022-01-28T10:03:23+00:00","twitter_card":"summary_large_image","twitter_misc":{"Dur\u00e9e de lecture estim\u00e9e":"1 minute"},"schema":{"@context":"https:\/\/schema.org","@graph":[{"@type":"WebPage","@id":"https:\/\/wordpress.callac.online\/index.php\/python\/des-interfaces-graphiques-avec-kivy\/des-ressources-pour-kivy-et-kivymd\/","url":"https:\/\/wordpress.callac.online\/index.php\/python\/des-interfaces-graphiques-avec-kivy\/des-ressources-pour-kivy-et-kivymd\/","name":"Des ressources pour Kivy et KivyMD - Maths &amp; Num\u00e9rique","isPartOf":{"@id":"https:\/\/wordpress.callac.online\/#website"},"datePublished":"2022-01-28T09:54:12+00:00","dateModified":"2022-01-28T10:03:23+00:00","breadcrumb":{"@id":"https:\/\/wordpress.callac.online\/index.php\/python\/des-interfaces-graphiques-avec-kivy\/des-ressources-pour-kivy-et-kivymd\/#breadcrumb"},"inLanguage":"fr-FR","potentialAction":[{"@type":"ReadAction","target":["https:\/\/wordpress.callac.online\/index.php\/python\/des-interfaces-graphiques-avec-kivy\/des-ressources-pour-kivy-et-kivymd\/"]}]},{"@type":"BreadcrumbList","@id":"https:\/\/wordpress.callac.online\/index.php\/python\/des-interfaces-graphiques-avec-kivy\/des-ressources-pour-kivy-et-kivymd\/#breadcrumb","itemListElement":[{"@type":"ListItem","position":1,"name":"Accueil","item":"https:\/\/wordpress.callac.online\/"},{"@type":"ListItem","position":2,"name":"Python","item":"https:\/\/wordpress.callac.online\/index.php\/python\/"},{"@type":"ListItem","position":3,"name":"Des interfaces graphiques avec Kivy","item":"https:\/\/wordpress.callac.online\/index.php\/python\/des-interfaces-graphiques-avec-kivy\/"},{"@type":"ListItem","position":4,"name":"Des ressources pour Kivy et KivyMD"}]},{"@type":"WebSite","@id":"https:\/\/wordpress.callac.online\/#website","url":"https:\/\/wordpress.callac.online\/","name":"Maths & Num\u00e9rique","description":"Des outils pour les enseignants de math\u00e9matiques et de num\u00e9rique","publisher":{"@id":"https:\/\/wordpress.callac.online\/#\/schema\/person\/04061f1ca2c2c42039142a704be95940"},"potentialAction":[{"@type":"SearchAction","target":{"@type":"EntryPoint","urlTemplate":"https:\/\/wordpress.callac.online\/?s={search_term_string}"},"query-input":{"@type":"PropertyValueSpecification","valueRequired":true,"valueName":"search_term_string"}}],"inLanguage":"fr-FR"},{"@type":["Person","Organization"],"@id":"https:\/\/wordpress.callac.online\/#\/schema\/person\/04061f1ca2c2c42039142a704be95940","name":"dlefur","image":{"@type":"ImageObject","inLanguage":"fr-FR","@id":"https:\/\/wordpress.callac.online\/#\/schema\/person\/image\/","url":"https:\/\/secure.gravatar.com\/avatar\/4a9e17be136808c6597f28aa2b6c13126dab066fdc2198ff60090972c9b7fafc?s=96&d=mm&r=g","contentUrl":"https:\/\/secure.gravatar.com\/avatar\/4a9e17be136808c6597f28aa2b6c13126dab066fdc2198ff60090972c9b7fafc?s=96&d=mm&r=g","caption":"dlefur"},"logo":{"@id":"https:\/\/wordpress.callac.online\/#\/schema\/person\/image\/"},"description":"Enseignant de math\u00e9matiques Lyc\u00e9e Pasteur S\u00e3o Paulo","sameAs":["http:\/\/wordpress.callac.online"]}]}},"_links":{"self":[{"href":"https:\/\/wordpress.callac.online\/index.php\/wp-json\/wp\/v2\/pages\/3234","targetHints":{"allow":["GET"]}}],"collection":[{"href":"https:\/\/wordpress.callac.online\/index.php\/wp-json\/wp\/v2\/pages"}],"about":[{"href":"https:\/\/wordpress.callac.online\/index.php\/wp-json\/wp\/v2\/types\/page"}],"author":[{"embeddable":true,"href":"https:\/\/wordpress.callac.online\/index.php\/wp-json\/wp\/v2\/users\/1"}],"replies":[{"embeddable":true,"href":"https:\/\/wordpress.callac.online\/index.php\/wp-json\/wp\/v2\/comments?post=3234"}],"version-history":[{"count":2,"href":"https:\/\/wordpress.callac.online\/index.php\/wp-json\/wp\/v2\/pages\/3234\/revisions"}],"predecessor-version":[{"id":3238,"href":"https:\/\/wordpress.callac.online\/index.php\/wp-json\/wp\/v2\/pages\/3234\/revisions\/3238"}],"up":[{"embeddable":true,"href":"https:\/\/wordpress.callac.online\/index.php\/wp-json\/wp\/v2\/pages\/3188"}],"wp:attachment":[{"href":"https:\/\/wordpress.callac.online\/index.php\/wp-json\/wp\/v2\/media?parent=3234"}],"curies":[{"name":"wp","href":"https:\/\/api.w.org\/{rel}","templated":true}]}}