{"id":3252,"date":"2022-06-25T16:12:37","date_gmt":"2022-06-25T14:12:37","guid":{"rendered":"https:\/\/wordpress.callac.online\/index.php\/python\/pygame\/les-evenements-avec-pygame\/"},"modified":"2022-06-25T18:57:30","modified_gmt":"2022-06-25T16:57:30","slug":"les-evenements-avec-pygame","status":"publish","type":"page","link":"https:\/\/wordpress.callac.online\/index.php\/python\/pygame\/les-evenements-avec-pygame\/","title":{"rendered":"Les \u00e9v\u00e9nements avec Pygame"},"content":{"rendered":"\n<p>Voici un exemple d&rsquo;utilisations des touches du clavier :<\/p>\n\n\n\n<pre class=\"EnlighterJSRAW\" data-enlighter-language=\"python\" data-enlighter-theme=\"\" data-enlighter-highlight=\"\" data-enlighter-linenumbers=\"\" data-enlighter-lineoffset=\"\" data-enlighter-title=\"\" data-enlighter-group=\"\">import pygame\n\npygame.init()\n\n#----------------------------- ecran\nlargeur_ecran = 400\nhauteur_ecran = 300\n\nscreen = pygame.display.set_mode([largeur_ecran,hauteur_ecran])\n\n\n#-------------------------------------------------------------\n#------------------------------------------- boucle principale\n\nx_c = 200\ny_c = 150\ncol = (0,0,255)\n\nrunning = True\nwhile running:\n    #--------- pour quitter\n    for event in pygame.event.get():\n        if event.type == pygame.QUIT:\n            running = False\n        #------------ so on tape sur une touche\n        if event.type == pygame.KEYDOWN :\n            #------------ fl\u00e8che haut\n            if event.key == pygame.K_UP:\n                y_c = y_c-5\n            #------------ fl\u00e8che bas  \n            if event.key == pygame.K_DOWN :\n                y_c = y_c+5\n            #------------ fl\u00e8che gauche\n            if event.key == pygame.K_LEFT:\n                x_c = x_c-5\n            #------------ fl\u00e8che droit  \n            if event.key == pygame.K_RIGHT :\n                x_c = x_c+5\n            #------------ touche b  \n            if event.key == pygame.K_b :\n                col = (0,0,255)\n            #------------ touche r  \n            if event.key == pygame.K_r :\n                col = (255,0,0)\n            #------------ touche b  \n            if event.key == pygame.K_g :\n                col = (0,255,0)\n            \n     \n\n    #--------- fond d'\u00e9cran\n    screen.fill((255, 255, 255))\n\n    #--------- dessin\n    pygame.draw.circle(screen,col,(x_c,y_c),25)\n\n    #--------- mise \u00e0 jour du dessin\n    pygame.display.flip()\n\n#-------------------- fin du programme\npygame.quit()<\/pre>\n","protected":false},"excerpt":{"rendered":"<p>Voici un exemple d&rsquo;utilisations des touches du clavier :<\/p>\n","protected":false},"author":1,"featured_media":0,"parent":3246,"menu_order":1,"comment_status":"closed","ping_status":"closed","template":"","meta":{"footnotes":""},"class_list":["post-3252","page","type-page","status-publish","hentry"],"yoast_head":"<!-- This site is optimized with the Yoast SEO plugin v27.1.1 - https:\/\/yoast.com\/product\/yoast-seo-wordpress\/ -->\n<title>Les \u00e9v\u00e9nements avec Pygame - Maths &amp; Num\u00e9rique<\/title>\n<meta name=\"robots\" content=\"index, follow, max-snippet:-1, max-image-preview:large, max-video-preview:-1\" \/>\n<link rel=\"canonical\" href=\"https:\/\/wordpress.callac.online\/index.php\/python\/pygame\/les-evenements-avec-pygame\/\" \/>\n<meta property=\"og:locale\" content=\"fr_FR\" \/>\n<meta property=\"og:type\" content=\"article\" \/>\n<meta property=\"og:title\" content=\"Les \u00e9v\u00e9nements avec Pygame - Maths &amp; Num\u00e9rique\" \/>\n<meta property=\"og:description\" content=\"Voici un exemple d&rsquo;utilisations des touches du clavier :\" \/>\n<meta property=\"og:url\" content=\"https:\/\/wordpress.callac.online\/index.php\/python\/pygame\/les-evenements-avec-pygame\/\" \/>\n<meta property=\"og:site_name\" content=\"Maths &amp; Num\u00e9rique\" \/>\n<meta property=\"article:modified_time\" content=\"2022-06-25T16:57:30+00:00\" \/>\n<meta name=\"twitter:card\" content=\"summary_large_image\" \/>\n<meta name=\"twitter:label1\" content=\"Dur\u00e9e de lecture estim\u00e9e\" \/>\n\t<meta name=\"twitter:data1\" content=\"1 minute\" \/>\n<script type=\"application\/ld+json\" class=\"yoast-schema-graph\">{\"@context\":\"https:\/\/schema.org\",\"@graph\":[{\"@type\":\"WebPage\",\"@id\":\"https:\/\/wordpress.callac.online\/index.php\/python\/pygame\/les-evenements-avec-pygame\/\",\"url\":\"https:\/\/wordpress.callac.online\/index.php\/python\/pygame\/les-evenements-avec-pygame\/\",\"name\":\"Les \u00e9v\u00e9nements avec Pygame - Maths &amp; Num\u00e9rique\",\"isPartOf\":{\"@id\":\"https:\/\/wordpress.callac.online\/#website\"},\"datePublished\":\"2022-06-25T14:12:37+00:00\",\"dateModified\":\"2022-06-25T16:57:30+00:00\",\"breadcrumb\":{\"@id\":\"https:\/\/wordpress.callac.online\/index.php\/python\/pygame\/les-evenements-avec-pygame\/#breadcrumb\"},\"inLanguage\":\"fr-FR\",\"potentialAction\":[{\"@type\":\"ReadAction\",\"target\":[\"https:\/\/wordpress.callac.online\/index.php\/python\/pygame\/les-evenements-avec-pygame\/\"]}]},{\"@type\":\"BreadcrumbList\",\"@id\":\"https:\/\/wordpress.callac.online\/index.php\/python\/pygame\/les-evenements-avec-pygame\/#breadcrumb\",\"itemListElement\":[{\"@type\":\"ListItem\",\"position\":1,\"name\":\"Accueil\",\"item\":\"https:\/\/wordpress.callac.online\/\"},{\"@type\":\"ListItem\",\"position\":2,\"name\":\"Python\",\"item\":\"https:\/\/wordpress.callac.online\/index.php\/python\/\"},{\"@type\":\"ListItem\",\"position\":3,\"name\":\"Pygame\",\"item\":\"https:\/\/wordpress.callac.online\/index.php\/python\/pygame\/\"},{\"@type\":\"ListItem\",\"position\":4,\"name\":\"Les \u00e9v\u00e9nements avec Pygame\"}]},{\"@type\":\"WebSite\",\"@id\":\"https:\/\/wordpress.callac.online\/#website\",\"url\":\"https:\/\/wordpress.callac.online\/\",\"name\":\"Maths & Num\u00e9rique\",\"description\":\"Des outils pour les enseignants de math\u00e9matiques et de num\u00e9rique\",\"publisher\":{\"@id\":\"https:\/\/wordpress.callac.online\/#\/schema\/person\/04061f1ca2c2c42039142a704be95940\"},\"potentialAction\":[{\"@type\":\"SearchAction\",\"target\":{\"@type\":\"EntryPoint\",\"urlTemplate\":\"https:\/\/wordpress.callac.online\/?s={search_term_string}\"},\"query-input\":{\"@type\":\"PropertyValueSpecification\",\"valueRequired\":true,\"valueName\":\"search_term_string\"}}],\"inLanguage\":\"fr-FR\"},{\"@type\":[\"Person\",\"Organization\"],\"@id\":\"https:\/\/wordpress.callac.online\/#\/schema\/person\/04061f1ca2c2c42039142a704be95940\",\"name\":\"dlefur\",\"image\":{\"@type\":\"ImageObject\",\"inLanguage\":\"fr-FR\",\"@id\":\"https:\/\/wordpress.callac.online\/#\/schema\/person\/image\/\",\"url\":\"https:\/\/secure.gravatar.com\/avatar\/4a9e17be136808c6597f28aa2b6c13126dab066fdc2198ff60090972c9b7fafc?s=96&d=mm&r=g\",\"contentUrl\":\"https:\/\/secure.gravatar.com\/avatar\/4a9e17be136808c6597f28aa2b6c13126dab066fdc2198ff60090972c9b7fafc?s=96&d=mm&r=g\",\"caption\":\"dlefur\"},\"logo\":{\"@id\":\"https:\/\/wordpress.callac.online\/#\/schema\/person\/image\/\"},\"description\":\"Enseignant de math\u00e9matiques Lyc\u00e9e Pasteur S\u00e3o Paulo\",\"sameAs\":[\"http:\/\/wordpress.callac.online\"]}]}<\/script>\n<!-- \/ Yoast SEO plugin. -->","yoast_head_json":{"title":"Les \u00e9v\u00e9nements avec Pygame - Maths &amp; Num\u00e9rique","robots":{"index":"index","follow":"follow","max-snippet":"max-snippet:-1","max-image-preview":"max-image-preview:large","max-video-preview":"max-video-preview:-1"},"canonical":"https:\/\/wordpress.callac.online\/index.php\/python\/pygame\/les-evenements-avec-pygame\/","og_locale":"fr_FR","og_type":"article","og_title":"Les \u00e9v\u00e9nements avec Pygame - Maths &amp; Num\u00e9rique","og_description":"Voici un exemple d&rsquo;utilisations des touches du clavier :","og_url":"https:\/\/wordpress.callac.online\/index.php\/python\/pygame\/les-evenements-avec-pygame\/","og_site_name":"Maths &amp; Num\u00e9rique","article_modified_time":"2022-06-25T16:57:30+00:00","twitter_card":"summary_large_image","twitter_misc":{"Dur\u00e9e de lecture estim\u00e9e":"1 minute"},"schema":{"@context":"https:\/\/schema.org","@graph":[{"@type":"WebPage","@id":"https:\/\/wordpress.callac.online\/index.php\/python\/pygame\/les-evenements-avec-pygame\/","url":"https:\/\/wordpress.callac.online\/index.php\/python\/pygame\/les-evenements-avec-pygame\/","name":"Les \u00e9v\u00e9nements avec Pygame - Maths &amp; Num\u00e9rique","isPartOf":{"@id":"https:\/\/wordpress.callac.online\/#website"},"datePublished":"2022-06-25T14:12:37+00:00","dateModified":"2022-06-25T16:57:30+00:00","breadcrumb":{"@id":"https:\/\/wordpress.callac.online\/index.php\/python\/pygame\/les-evenements-avec-pygame\/#breadcrumb"},"inLanguage":"fr-FR","potentialAction":[{"@type":"ReadAction","target":["https:\/\/wordpress.callac.online\/index.php\/python\/pygame\/les-evenements-avec-pygame\/"]}]},{"@type":"BreadcrumbList","@id":"https:\/\/wordpress.callac.online\/index.php\/python\/pygame\/les-evenements-avec-pygame\/#breadcrumb","itemListElement":[{"@type":"ListItem","position":1,"name":"Accueil","item":"https:\/\/wordpress.callac.online\/"},{"@type":"ListItem","position":2,"name":"Python","item":"https:\/\/wordpress.callac.online\/index.php\/python\/"},{"@type":"ListItem","position":3,"name":"Pygame","item":"https:\/\/wordpress.callac.online\/index.php\/python\/pygame\/"},{"@type":"ListItem","position":4,"name":"Les \u00e9v\u00e9nements avec Pygame"}]},{"@type":"WebSite","@id":"https:\/\/wordpress.callac.online\/#website","url":"https:\/\/wordpress.callac.online\/","name":"Maths & Num\u00e9rique","description":"Des outils pour les enseignants de math\u00e9matiques et de num\u00e9rique","publisher":{"@id":"https:\/\/wordpress.callac.online\/#\/schema\/person\/04061f1ca2c2c42039142a704be95940"},"potentialAction":[{"@type":"SearchAction","target":{"@type":"EntryPoint","urlTemplate":"https:\/\/wordpress.callac.online\/?s={search_term_string}"},"query-input":{"@type":"PropertyValueSpecification","valueRequired":true,"valueName":"search_term_string"}}],"inLanguage":"fr-FR"},{"@type":["Person","Organization"],"@id":"https:\/\/wordpress.callac.online\/#\/schema\/person\/04061f1ca2c2c42039142a704be95940","name":"dlefur","image":{"@type":"ImageObject","inLanguage":"fr-FR","@id":"https:\/\/wordpress.callac.online\/#\/schema\/person\/image\/","url":"https:\/\/secure.gravatar.com\/avatar\/4a9e17be136808c6597f28aa2b6c13126dab066fdc2198ff60090972c9b7fafc?s=96&d=mm&r=g","contentUrl":"https:\/\/secure.gravatar.com\/avatar\/4a9e17be136808c6597f28aa2b6c13126dab066fdc2198ff60090972c9b7fafc?s=96&d=mm&r=g","caption":"dlefur"},"logo":{"@id":"https:\/\/wordpress.callac.online\/#\/schema\/person\/image\/"},"description":"Enseignant de math\u00e9matiques Lyc\u00e9e Pasteur S\u00e3o Paulo","sameAs":["http:\/\/wordpress.callac.online"]}]}},"_links":{"self":[{"href":"https:\/\/wordpress.callac.online\/index.php\/wp-json\/wp\/v2\/pages\/3252","targetHints":{"allow":["GET"]}}],"collection":[{"href":"https:\/\/wordpress.callac.online\/index.php\/wp-json\/wp\/v2\/pages"}],"about":[{"href":"https:\/\/wordpress.callac.online\/index.php\/wp-json\/wp\/v2\/types\/page"}],"author":[{"embeddable":true,"href":"https:\/\/wordpress.callac.online\/index.php\/wp-json\/wp\/v2\/users\/1"}],"replies":[{"embeddable":true,"href":"https:\/\/wordpress.callac.online\/index.php\/wp-json\/wp\/v2\/comments?post=3252"}],"version-history":[{"count":2,"href":"https:\/\/wordpress.callac.online\/index.php\/wp-json\/wp\/v2\/pages\/3252\/revisions"}],"predecessor-version":[{"id":3258,"href":"https:\/\/wordpress.callac.online\/index.php\/wp-json\/wp\/v2\/pages\/3252\/revisions\/3258"}],"up":[{"embeddable":true,"href":"https:\/\/wordpress.callac.online\/index.php\/wp-json\/wp\/v2\/pages\/3246"}],"wp:attachment":[{"href":"https:\/\/wordpress.callac.online\/index.php\/wp-json\/wp\/v2\/media?parent=3252"}],"curies":[{"name":"wp","href":"https:\/\/api.w.org\/{rel}","templated":true}]}}