{"id":3263,"date":"2022-10-11T15:32:04","date_gmt":"2022-10-11T13:32:04","guid":{"rendered":"https:\/\/wordpress.callac.online\/index.php\/python\/raspberry-pi-pico-et-micropython\/configuration-initiale\/"},"modified":"2022-10-11T18:55:37","modified_gmt":"2022-10-11T16:55:37","slug":"configuration-initiale","status":"publish","type":"page","link":"https:\/\/wordpress.callac.online\/index.php\/python\/raspberry-pi-pico-et-micropython\/configuration-initiale\/","title":{"rendered":"Configuration initiale"},"content":{"rendered":"\n<h3 class=\"wp-block-heading\">Installation de MicroPython<\/h3>\n\n\n\n<p>La premi\u00e8re chose \u00e0  faire consiste \u00e0 installer une fois pour toute MicroPython sur notre carte.<\/p>\n\n\n\n<p>C&rsquo;est tr\u00e8s simple et tr\u00e8s rapide : <a href=\"https:\/\/www.raspberrypi.com\/documentation\/microcontrollers\/micropython.html\" target=\"_blank\" rel=\"noreferrer noopener\">https:\/\/www.raspberrypi.com\/documentation\/microcontrollers\/micropython.html<\/a><\/p>\n\n\n\n<p>Une autre fa\u00e7on consiste \u00e0 le faire depuis Thonny : <a href=\"https:\/\/projects.raspberrypi.org\/en\/projects\/introduction-to-the-pico\/3\" target=\"_blank\" rel=\"noreferrer noopener\">https:\/\/projects.raspberrypi.org\/en\/projects\/introduction-to-the-pico\/3<\/a><\/p>\n\n\n\n<p><\/p>\n\n\n\n<h3 class=\"wp-block-heading\">Configuration de Thonny<\/h3>\n\n\n\n<p>Dans le menu \u00ab\u00a0Ex\u00e9cuter\u00a0\u00bb de Thonny, il faut changer l&rsquo;interpr\u00e9teur.<\/p>\n\n\n\n<figure class=\"wp-block-image size-full\"><img loading=\"lazy\" decoding=\"async\" width=\"772\" height=\"564\" src=\"https:\/\/wordpress.callac.online\/wp-content\/uploads\/2022\/10\/thonny.png\" alt=\"\" class=\"wp-image-3293\" srcset=\"https:\/\/wordpress.callac.online\/wp-content\/uploads\/2022\/10\/thonny.png 772w, https:\/\/wordpress.callac.online\/wp-content\/uploads\/2022\/10\/thonny-300x219.png 300w, https:\/\/wordpress.callac.online\/wp-content\/uploads\/2022\/10\/thonny-768x561.png 768w\" sizes=\"auto, (max-width: 772px) 100vw, 772px\" \/><\/figure>\n\n\n\n<p>Une fois la carte branch\u00e9e, Thonny pourra d\u00e9tecter le port utilis\u00e9 pour la communication.<\/p>\n\n\n\n<p><\/p>\n\n\n\n<h3 class=\"wp-block-heading\">Installation de librairies<\/h3>\n\n\n\n<p>Si votre programme en a besoin, il faudra installer des librairies.<\/p>\n\n\n\n<p>Commencez par installer \u00ab\u00a0picozero\u00a0\u00bb depuis Thonny : \u00ab\u00a0G\u00e9rer les paquets\u00a0\u00bb.<\/p>\n\n\n\n<p>Les librairies seront install\u00e9es dans un dossier \u00ab\u00a0lib\/\u00a0\u00bb de la carte.<\/p>\n\n\n\n<h3 class=\"wp-block-heading\">Premier programme<\/h3>\n\n\n\n<p>Testons la communication en cr\u00e9ant un premier programme faisant clignoter la led de la carte (pin25).<\/p>\n\n\n\n<pre class=\"EnlighterJSRAW\" data-enlighter-language=\"python\" data-enlighter-theme=\"\" data-enlighter-highlight=\"\" data-enlighter-linenumbers=\"\" data-enlighter-lineoffset=\"\" data-enlighter-title=\"\" data-enlighter-group=\"\">import machine\nimport time\n\nled = machine.Pin(25, machine.Pin.OUT)\n\nwhile True:\n    led.toggle()\n    time.sleep(2)<\/pre>\n\n\n\n<p>Au moment de sauvegarder, vous pouvez choisir entre l&rsquo;ordinateur et la carte. Mettons-le sur la carte.<\/p>\n\n\n\n<p>Il suffit depuis Thonny d&rsquo;ex\u00e9cuter ce programme.<\/p>\n\n\n\n<p>NB : le programme qui s&rsquo;appelle \u00ab\u00a0main.py\u00a0\u00bb sera lanc\u00e9 automatiquement \u00e0 la mise sous tension de la carte.<\/p>\n","protected":false},"excerpt":{"rendered":"<p>Installation de MicroPython La premi\u00e8re chose \u00e0 faire consiste \u00e0 installer une fois pour toute MicroPython sur notre carte. C&rsquo;est tr\u00e8s simple et tr\u00e8s rapide : https:\/\/www.raspberrypi.com\/documentation\/microcontrollers\/micropython.html Une autre fa\u00e7on&hellip;<\/p>\n","protected":false},"author":1,"featured_media":0,"parent":3260,"menu_order":2,"comment_status":"closed","ping_status":"closed","template":"","meta":{"footnotes":""},"class_list":["post-3263","page","type-page","status-publish","hentry"],"yoast_head":"<!-- This site is optimized with the Yoast SEO plugin v27.1.1 - https:\/\/yoast.com\/product\/yoast-seo-wordpress\/ -->\n<title>Configuration initiale - Maths &amp; Num\u00e9rique<\/title>\n<meta name=\"robots\" content=\"index, follow, max-snippet:-1, max-image-preview:large, max-video-preview:-1\" \/>\n<link rel=\"canonical\" href=\"https:\/\/wordpress.callac.online\/index.php\/python\/raspberry-pi-pico-et-micropython\/configuration-initiale\/\" \/>\n<meta property=\"og:locale\" content=\"fr_FR\" \/>\n<meta property=\"og:type\" content=\"article\" \/>\n<meta property=\"og:title\" content=\"Configuration initiale - Maths &amp; Num\u00e9rique\" \/>\n<meta property=\"og:description\" content=\"Installation de MicroPython La premi\u00e8re chose \u00e0 faire consiste \u00e0 installer une fois pour toute MicroPython sur notre carte. C&rsquo;est tr\u00e8s simple et tr\u00e8s rapide : https:\/\/www.raspberrypi.com\/documentation\/microcontrollers\/micropython.html Une autre fa\u00e7on&hellip;\" \/>\n<meta property=\"og:url\" content=\"https:\/\/wordpress.callac.online\/index.php\/python\/raspberry-pi-pico-et-micropython\/configuration-initiale\/\" \/>\n<meta property=\"og:site_name\" content=\"Maths &amp; Num\u00e9rique\" \/>\n<meta property=\"article:modified_time\" content=\"2022-10-11T16:55:37+00:00\" \/>\n<meta property=\"og:image\" content=\"https:\/\/wordpress.callac.online\/wp-content\/uploads\/2022\/10\/thonny.png\" \/>\n<meta name=\"twitter:card\" content=\"summary_large_image\" \/>\n<meta name=\"twitter:label1\" content=\"Dur\u00e9e de lecture estim\u00e9e\" \/>\n\t<meta name=\"twitter:data1\" content=\"1 minute\" \/>\n<script type=\"application\/ld+json\" class=\"yoast-schema-graph\">{\"@context\":\"https:\/\/schema.org\",\"@graph\":[{\"@type\":\"WebPage\",\"@id\":\"https:\/\/wordpress.callac.online\/index.php\/python\/raspberry-pi-pico-et-micropython\/configuration-initiale\/\",\"url\":\"https:\/\/wordpress.callac.online\/index.php\/python\/raspberry-pi-pico-et-micropython\/configuration-initiale\/\",\"name\":\"Configuration initiale - Maths &amp; Num\u00e9rique\",\"isPartOf\":{\"@id\":\"https:\/\/wordpress.callac.online\/#website\"},\"primaryImageOfPage\":{\"@id\":\"https:\/\/wordpress.callac.online\/index.php\/python\/raspberry-pi-pico-et-micropython\/configuration-initiale\/#primaryimage\"},\"image\":{\"@id\":\"https:\/\/wordpress.callac.online\/index.php\/python\/raspberry-pi-pico-et-micropython\/configuration-initiale\/#primaryimage\"},\"thumbnailUrl\":\"https:\/\/wordpress.callac.online\/wp-content\/uploads\/2022\/10\/thonny.png\",\"datePublished\":\"2022-10-11T13:32:04+00:00\",\"dateModified\":\"2022-10-11T16:55:37+00:00\",\"breadcrumb\":{\"@id\":\"https:\/\/wordpress.callac.online\/index.php\/python\/raspberry-pi-pico-et-micropython\/configuration-initiale\/#breadcrumb\"},\"inLanguage\":\"fr-FR\",\"potentialAction\":[{\"@type\":\"ReadAction\",\"target\":[\"https:\/\/wordpress.callac.online\/index.php\/python\/raspberry-pi-pico-et-micropython\/configuration-initiale\/\"]}]},{\"@type\":\"ImageObject\",\"inLanguage\":\"fr-FR\",\"@id\":\"https:\/\/wordpress.callac.online\/index.php\/python\/raspberry-pi-pico-et-micropython\/configuration-initiale\/#primaryimage\",\"url\":\"https:\/\/wordpress.callac.online\/wp-content\/uploads\/2022\/10\/thonny.png\",\"contentUrl\":\"https:\/\/wordpress.callac.online\/wp-content\/uploads\/2022\/10\/thonny.png\",\"width\":772,\"height\":564},{\"@type\":\"BreadcrumbList\",\"@id\":\"https:\/\/wordpress.callac.online\/index.php\/python\/raspberry-pi-pico-et-micropython\/configuration-initiale\/#breadcrumb\",\"itemListElement\":[{\"@type\":\"ListItem\",\"position\":1,\"name\":\"Accueil\",\"item\":\"https:\/\/wordpress.callac.online\/\"},{\"@type\":\"ListItem\",\"position\":2,\"name\":\"Python\",\"item\":\"https:\/\/wordpress.callac.online\/index.php\/python\/\"},{\"@type\":\"ListItem\",\"position\":3,\"name\":\"Raspberry Pi Pico et MicroPython\",\"item\":\"https:\/\/wordpress.callac.online\/index.php\/python\/raspberry-pi-pico-et-micropython\/\"},{\"@type\":\"ListItem\",\"position\":4,\"name\":\"Configuration initiale\"}]},{\"@type\":\"WebSite\",\"@id\":\"https:\/\/wordpress.callac.online\/#website\",\"url\":\"https:\/\/wordpress.callac.online\/\",\"name\":\"Maths & Num\u00e9rique\",\"description\":\"Des outils pour les enseignants de math\u00e9matiques et de num\u00e9rique\",\"publisher\":{\"@id\":\"https:\/\/wordpress.callac.online\/#\/schema\/person\/04061f1ca2c2c42039142a704be95940\"},\"potentialAction\":[{\"@type\":\"SearchAction\",\"target\":{\"@type\":\"EntryPoint\",\"urlTemplate\":\"https:\/\/wordpress.callac.online\/?s={search_term_string}\"},\"query-input\":{\"@type\":\"PropertyValueSpecification\",\"valueRequired\":true,\"valueName\":\"search_term_string\"}}],\"inLanguage\":\"fr-FR\"},{\"@type\":[\"Person\",\"Organization\"],\"@id\":\"https:\/\/wordpress.callac.online\/#\/schema\/person\/04061f1ca2c2c42039142a704be95940\",\"name\":\"dlefur\",\"image\":{\"@type\":\"ImageObject\",\"inLanguage\":\"fr-FR\",\"@id\":\"https:\/\/wordpress.callac.online\/#\/schema\/person\/image\/\",\"url\":\"https:\/\/secure.gravatar.com\/avatar\/4a9e17be136808c6597f28aa2b6c13126dab066fdc2198ff60090972c9b7fafc?s=96&d=mm&r=g\",\"contentUrl\":\"https:\/\/secure.gravatar.com\/avatar\/4a9e17be136808c6597f28aa2b6c13126dab066fdc2198ff60090972c9b7fafc?s=96&d=mm&r=g\",\"caption\":\"dlefur\"},\"logo\":{\"@id\":\"https:\/\/wordpress.callac.online\/#\/schema\/person\/image\/\"},\"description\":\"Enseignant de math\u00e9matiques Lyc\u00e9e Pasteur S\u00e3o Paulo\",\"sameAs\":[\"http:\/\/wordpress.callac.online\"]}]}<\/script>\n<!-- \/ Yoast SEO plugin. -->","yoast_head_json":{"title":"Configuration initiale - Maths &amp; Num\u00e9rique","robots":{"index":"index","follow":"follow","max-snippet":"max-snippet:-1","max-image-preview":"max-image-preview:large","max-video-preview":"max-video-preview:-1"},"canonical":"https:\/\/wordpress.callac.online\/index.php\/python\/raspberry-pi-pico-et-micropython\/configuration-initiale\/","og_locale":"fr_FR","og_type":"article","og_title":"Configuration initiale - Maths &amp; Num\u00e9rique","og_description":"Installation de MicroPython La premi\u00e8re chose \u00e0 faire consiste \u00e0 installer une fois pour toute MicroPython sur notre carte. C&rsquo;est tr\u00e8s simple et tr\u00e8s rapide : https:\/\/www.raspberrypi.com\/documentation\/microcontrollers\/micropython.html Une autre fa\u00e7on&hellip;","og_url":"https:\/\/wordpress.callac.online\/index.php\/python\/raspberry-pi-pico-et-micropython\/configuration-initiale\/","og_site_name":"Maths &amp; Num\u00e9rique","article_modified_time":"2022-10-11T16:55:37+00:00","og_image":[{"url":"https:\/\/wordpress.callac.online\/wp-content\/uploads\/2022\/10\/thonny.png","type":"","width":"","height":""}],"twitter_card":"summary_large_image","twitter_misc":{"Dur\u00e9e de lecture estim\u00e9e":"1 minute"},"schema":{"@context":"https:\/\/schema.org","@graph":[{"@type":"WebPage","@id":"https:\/\/wordpress.callac.online\/index.php\/python\/raspberry-pi-pico-et-micropython\/configuration-initiale\/","url":"https:\/\/wordpress.callac.online\/index.php\/python\/raspberry-pi-pico-et-micropython\/configuration-initiale\/","name":"Configuration initiale - Maths &amp; Num\u00e9rique","isPartOf":{"@id":"https:\/\/wordpress.callac.online\/#website"},"primaryImageOfPage":{"@id":"https:\/\/wordpress.callac.online\/index.php\/python\/raspberry-pi-pico-et-micropython\/configuration-initiale\/#primaryimage"},"image":{"@id":"https:\/\/wordpress.callac.online\/index.php\/python\/raspberry-pi-pico-et-micropython\/configuration-initiale\/#primaryimage"},"thumbnailUrl":"https:\/\/wordpress.callac.online\/wp-content\/uploads\/2022\/10\/thonny.png","datePublished":"2022-10-11T13:32:04+00:00","dateModified":"2022-10-11T16:55:37+00:00","breadcrumb":{"@id":"https:\/\/wordpress.callac.online\/index.php\/python\/raspberry-pi-pico-et-micropython\/configuration-initiale\/#breadcrumb"},"inLanguage":"fr-FR","potentialAction":[{"@type":"ReadAction","target":["https:\/\/wordpress.callac.online\/index.php\/python\/raspberry-pi-pico-et-micropython\/configuration-initiale\/"]}]},{"@type":"ImageObject","inLanguage":"fr-FR","@id":"https:\/\/wordpress.callac.online\/index.php\/python\/raspberry-pi-pico-et-micropython\/configuration-initiale\/#primaryimage","url":"https:\/\/wordpress.callac.online\/wp-content\/uploads\/2022\/10\/thonny.png","contentUrl":"https:\/\/wordpress.callac.online\/wp-content\/uploads\/2022\/10\/thonny.png","width":772,"height":564},{"@type":"BreadcrumbList","@id":"https:\/\/wordpress.callac.online\/index.php\/python\/raspberry-pi-pico-et-micropython\/configuration-initiale\/#breadcrumb","itemListElement":[{"@type":"ListItem","position":1,"name":"Accueil","item":"https:\/\/wordpress.callac.online\/"},{"@type":"ListItem","position":2,"name":"Python","item":"https:\/\/wordpress.callac.online\/index.php\/python\/"},{"@type":"ListItem","position":3,"name":"Raspberry Pi Pico et MicroPython","item":"https:\/\/wordpress.callac.online\/index.php\/python\/raspberry-pi-pico-et-micropython\/"},{"@type":"ListItem","position":4,"name":"Configuration initiale"}]},{"@type":"WebSite","@id":"https:\/\/wordpress.callac.online\/#website","url":"https:\/\/wordpress.callac.online\/","name":"Maths & Num\u00e9rique","description":"Des outils pour les enseignants de math\u00e9matiques et de num\u00e9rique","publisher":{"@id":"https:\/\/wordpress.callac.online\/#\/schema\/person\/04061f1ca2c2c42039142a704be95940"},"potentialAction":[{"@type":"SearchAction","target":{"@type":"EntryPoint","urlTemplate":"https:\/\/wordpress.callac.online\/?s={search_term_string}"},"query-input":{"@type":"PropertyValueSpecification","valueRequired":true,"valueName":"search_term_string"}}],"inLanguage":"fr-FR"},{"@type":["Person","Organization"],"@id":"https:\/\/wordpress.callac.online\/#\/schema\/person\/04061f1ca2c2c42039142a704be95940","name":"dlefur","image":{"@type":"ImageObject","inLanguage":"fr-FR","@id":"https:\/\/wordpress.callac.online\/#\/schema\/person\/image\/","url":"https:\/\/secure.gravatar.com\/avatar\/4a9e17be136808c6597f28aa2b6c13126dab066fdc2198ff60090972c9b7fafc?s=96&d=mm&r=g","contentUrl":"https:\/\/secure.gravatar.com\/avatar\/4a9e17be136808c6597f28aa2b6c13126dab066fdc2198ff60090972c9b7fafc?s=96&d=mm&r=g","caption":"dlefur"},"logo":{"@id":"https:\/\/wordpress.callac.online\/#\/schema\/person\/image\/"},"description":"Enseignant de math\u00e9matiques Lyc\u00e9e Pasteur S\u00e3o Paulo","sameAs":["http:\/\/wordpress.callac.online"]}]}},"_links":{"self":[{"href":"https:\/\/wordpress.callac.online\/index.php\/wp-json\/wp\/v2\/pages\/3263","targetHints":{"allow":["GET"]}}],"collection":[{"href":"https:\/\/wordpress.callac.online\/index.php\/wp-json\/wp\/v2\/pages"}],"about":[{"href":"https:\/\/wordpress.callac.online\/index.php\/wp-json\/wp\/v2\/types\/page"}],"author":[{"embeddable":true,"href":"https:\/\/wordpress.callac.online\/index.php\/wp-json\/wp\/v2\/users\/1"}],"replies":[{"embeddable":true,"href":"https:\/\/wordpress.callac.online\/index.php\/wp-json\/wp\/v2\/comments?post=3263"}],"version-history":[{"count":4,"href":"https:\/\/wordpress.callac.online\/index.php\/wp-json\/wp\/v2\/pages\/3263\/revisions"}],"predecessor-version":[{"id":3298,"href":"https:\/\/wordpress.callac.online\/index.php\/wp-json\/wp\/v2\/pages\/3263\/revisions\/3298"}],"up":[{"embeddable":true,"href":"https:\/\/wordpress.callac.online\/index.php\/wp-json\/wp\/v2\/pages\/3260"}],"wp:attachment":[{"href":"https:\/\/wordpress.callac.online\/index.php\/wp-json\/wp\/v2\/media?parent=3263"}],"curies":[{"name":"wp","href":"https:\/\/api.w.org\/{rel}","templated":true}]}}