{"id":327,"date":"2016-01-05T19:47:47","date_gmt":"2016-01-05T18:47:47","guid":{"rendered":"http:\/\/wordpress.callac.online\/index.php\/controler-une-led-rgb-par-bluetooth-ai-et-arduino\/"},"modified":"2022-01-05T22:41:57","modified_gmt":"2022-01-05T21:41:57","slug":"controler-une-led-rgb-par-bluetooth-ai-et-arduino","status":"publish","type":"page","link":"https:\/\/wordpress.callac.online\/index.php\/numerique\/app-inventor-2\/controler-une-led-rgb-par-bluetooth-ai-et-arduino\/","title":{"rendered":"Contr\u00f4ler une led RGB par Bluetooth (AI et Arduino)"},"content":{"rendered":"<h2>L&rsquo;objectif<\/h2>\n<p>A partir d&rsquo;une application AI2, depuis un smartphone, on contr\u00f4le les niveaux de couleurs d&rsquo;une led RGB. Le signal est alors envoy\u00e9 par BlueTooth.<\/p>\n<p>Le signal est re\u00e7u par le contr\u00f4leur Arduino qui r\u00e8gle les couleurs.<\/p>\n<h2>L&rsquo;application<\/h2>\n<p>Elle se trouve sur le <a href=\"http:\/\/ai2.appinventor.mit.edu\/?galleryId=5226554839269376\">site Appinventor<\/a>, dans la galerie, avec le nom \u00ab\u00a0BtRGB\u00a0\u00bb, ou rentrant plus simplement \u00ab\u00a0dlefur\u00a0\u00bb.<\/p>\n<p>C&rsquo;est un exemple d&rsquo;utilisation de l&rsquo;application de \u00ab\u00a0BtModele\u00a0\u00bb.<\/p>\n<h2>La partie Arduino<\/h2>\n<p>Tout est d\u00e9crit dans <a href=\"https:\/\/wordpress.callac.online\/index.php\/numerique\/arduino\/la-bibliotheque-serialdlf\/controle-dune-led-rgb-avec-arduino\/\">cet article<\/a>.<\/p>\n<p>C&rsquo;est un exemple d&rsquo;utilisation de la biblioth\u00e8que &lsquo;SerialDLF\u00a0\u00bb.<\/p>\n","protected":false},"excerpt":{"rendered":"<p>L&rsquo;objectif A partir d&rsquo;une application AI2, depuis un smartphone, on contr\u00f4le les niveaux de couleurs d&rsquo;une led RGB. Le signal est alors envoy\u00e9 par BlueTooth. Le signal est re\u00e7u par&hellip;<\/p>\n","protected":false},"author":1,"featured_media":0,"parent":980,"menu_order":6,"comment_status":"closed","ping_status":"closed","template":"","meta":{"footnotes":""},"class_list":["post-327","page","type-page","status-publish","hentry"],"yoast_head":"<!-- This site is optimized with the Yoast SEO plugin v27.1.1 - https:\/\/yoast.com\/product\/yoast-seo-wordpress\/ -->\n<title>Contr\u00f4ler une led RGB par Bluetooth (AI et Arduino) - Maths &amp; Num\u00e9rique<\/title>\n<meta name=\"robots\" content=\"index, follow, max-snippet:-1, max-image-preview:large, max-video-preview:-1\" \/>\n<link rel=\"canonical\" href=\"https:\/\/wordpress.callac.online\/index.php\/numerique\/app-inventor-2\/controler-une-led-rgb-par-bluetooth-ai-et-arduino\/\" \/>\n<meta property=\"og:locale\" content=\"fr_FR\" \/>\n<meta property=\"og:type\" content=\"article\" \/>\n<meta property=\"og:title\" content=\"Contr\u00f4ler une led RGB par Bluetooth (AI et Arduino) - Maths &amp; Num\u00e9rique\" \/>\n<meta property=\"og:description\" content=\"L&rsquo;objectif A partir d&rsquo;une application AI2, depuis un smartphone, on contr\u00f4le les niveaux de couleurs d&rsquo;une led RGB. Le signal est alors envoy\u00e9 par BlueTooth. Le signal est re\u00e7u par&hellip;\" \/>\n<meta property=\"og:url\" content=\"https:\/\/wordpress.callac.online\/index.php\/numerique\/app-inventor-2\/controler-une-led-rgb-par-bluetooth-ai-et-arduino\/\" \/>\n<meta property=\"og:site_name\" content=\"Maths &amp; Num\u00e9rique\" \/>\n<meta property=\"article:modified_time\" content=\"2022-01-05T21:41:57+00:00\" \/>\n<meta name=\"twitter:card\" content=\"summary_large_image\" \/>\n<script type=\"application\/ld+json\" class=\"yoast-schema-graph\">{\"@context\":\"https:\/\/schema.org\",\"@graph\":[{\"@type\":\"WebPage\",\"@id\":\"https:\/\/wordpress.callac.online\/index.php\/numerique\/app-inventor-2\/controler-une-led-rgb-par-bluetooth-ai-et-arduino\/\",\"url\":\"https:\/\/wordpress.callac.online\/index.php\/numerique\/app-inventor-2\/controler-une-led-rgb-par-bluetooth-ai-et-arduino\/\",\"name\":\"Contr\u00f4ler une led RGB par Bluetooth (AI et Arduino) - Maths &amp; Num\u00e9rique\",\"isPartOf\":{\"@id\":\"https:\/\/wordpress.callac.online\/#website\"},\"datePublished\":\"2016-01-05T18:47:47+00:00\",\"dateModified\":\"2022-01-05T21:41:57+00:00\",\"breadcrumb\":{\"@id\":\"https:\/\/wordpress.callac.online\/index.php\/numerique\/app-inventor-2\/controler-une-led-rgb-par-bluetooth-ai-et-arduino\/#breadcrumb\"},\"inLanguage\":\"fr-FR\",\"potentialAction\":[{\"@type\":\"ReadAction\",\"target\":[\"https:\/\/wordpress.callac.online\/index.php\/numerique\/app-inventor-2\/controler-une-led-rgb-par-bluetooth-ai-et-arduino\/\"]}]},{\"@type\":\"BreadcrumbList\",\"@id\":\"https:\/\/wordpress.callac.online\/index.php\/numerique\/app-inventor-2\/controler-une-led-rgb-par-bluetooth-ai-et-arduino\/#breadcrumb\",\"itemListElement\":[{\"@type\":\"ListItem\",\"position\":1,\"name\":\"Accueil\",\"item\":\"https:\/\/wordpress.callac.online\/\"},{\"@type\":\"ListItem\",\"position\":2,\"name\":\"Num\u00e9rique\",\"item\":\"https:\/\/wordpress.callac.online\/index.php\/numerique\/\"},{\"@type\":\"ListItem\",\"position\":3,\"name\":\"App Inventor 2\",\"item\":\"https:\/\/wordpress.callac.online\/index.php\/numerique\/app-inventor-2\/\"},{\"@type\":\"ListItem\",\"position\":4,\"name\":\"Contr\u00f4ler une led RGB par Bluetooth (AI et Arduino)\"}]},{\"@type\":\"WebSite\",\"@id\":\"https:\/\/wordpress.callac.online\/#website\",\"url\":\"https:\/\/wordpress.callac.online\/\",\"name\":\"Maths & Num\u00e9rique\",\"description\":\"Des outils pour les enseignants de math\u00e9matiques et de num\u00e9rique\",\"publisher\":{\"@id\":\"https:\/\/wordpress.callac.online\/#\/schema\/person\/04061f1ca2c2c42039142a704be95940\"},\"potentialAction\":[{\"@type\":\"SearchAction\",\"target\":{\"@type\":\"EntryPoint\",\"urlTemplate\":\"https:\/\/wordpress.callac.online\/?s={search_term_string}\"},\"query-input\":{\"@type\":\"PropertyValueSpecification\",\"valueRequired\":true,\"valueName\":\"search_term_string\"}}],\"inLanguage\":\"fr-FR\"},{\"@type\":[\"Person\",\"Organization\"],\"@id\":\"https:\/\/wordpress.callac.online\/#\/schema\/person\/04061f1ca2c2c42039142a704be95940\",\"name\":\"dlefur\",\"image\":{\"@type\":\"ImageObject\",\"inLanguage\":\"fr-FR\",\"@id\":\"https:\/\/wordpress.callac.online\/#\/schema\/person\/image\/\",\"url\":\"https:\/\/secure.gravatar.com\/avatar\/4a9e17be136808c6597f28aa2b6c13126dab066fdc2198ff60090972c9b7fafc?s=96&d=mm&r=g\",\"contentUrl\":\"https:\/\/secure.gravatar.com\/avatar\/4a9e17be136808c6597f28aa2b6c13126dab066fdc2198ff60090972c9b7fafc?s=96&d=mm&r=g\",\"caption\":\"dlefur\"},\"logo\":{\"@id\":\"https:\/\/wordpress.callac.online\/#\/schema\/person\/image\/\"},\"description\":\"Enseignant de math\u00e9matiques Lyc\u00e9e Pasteur S\u00e3o Paulo\",\"sameAs\":[\"http:\/\/wordpress.callac.online\"]}]}<\/script>\n<!-- \/ Yoast SEO plugin. -->","yoast_head_json":{"title":"Contr\u00f4ler une led RGB par Bluetooth (AI et Arduino) - Maths &amp; Num\u00e9rique","robots":{"index":"index","follow":"follow","max-snippet":"max-snippet:-1","max-image-preview":"max-image-preview:large","max-video-preview":"max-video-preview:-1"},"canonical":"https:\/\/wordpress.callac.online\/index.php\/numerique\/app-inventor-2\/controler-une-led-rgb-par-bluetooth-ai-et-arduino\/","og_locale":"fr_FR","og_type":"article","og_title":"Contr\u00f4ler une led RGB par Bluetooth (AI et Arduino) - Maths &amp; Num\u00e9rique","og_description":"L&rsquo;objectif A partir d&rsquo;une application AI2, depuis un smartphone, on contr\u00f4le les niveaux de couleurs d&rsquo;une led RGB. Le signal est alors envoy\u00e9 par BlueTooth. Le signal est re\u00e7u par&hellip;","og_url":"https:\/\/wordpress.callac.online\/index.php\/numerique\/app-inventor-2\/controler-une-led-rgb-par-bluetooth-ai-et-arduino\/","og_site_name":"Maths &amp; Num\u00e9rique","article_modified_time":"2022-01-05T21:41:57+00:00","twitter_card":"summary_large_image","schema":{"@context":"https:\/\/schema.org","@graph":[{"@type":"WebPage","@id":"https:\/\/wordpress.callac.online\/index.php\/numerique\/app-inventor-2\/controler-une-led-rgb-par-bluetooth-ai-et-arduino\/","url":"https:\/\/wordpress.callac.online\/index.php\/numerique\/app-inventor-2\/controler-une-led-rgb-par-bluetooth-ai-et-arduino\/","name":"Contr\u00f4ler une led RGB par Bluetooth (AI et Arduino) - Maths &amp; Num\u00e9rique","isPartOf":{"@id":"https:\/\/wordpress.callac.online\/#website"},"datePublished":"2016-01-05T18:47:47+00:00","dateModified":"2022-01-05T21:41:57+00:00","breadcrumb":{"@id":"https:\/\/wordpress.callac.online\/index.php\/numerique\/app-inventor-2\/controler-une-led-rgb-par-bluetooth-ai-et-arduino\/#breadcrumb"},"inLanguage":"fr-FR","potentialAction":[{"@type":"ReadAction","target":["https:\/\/wordpress.callac.online\/index.php\/numerique\/app-inventor-2\/controler-une-led-rgb-par-bluetooth-ai-et-arduino\/"]}]},{"@type":"BreadcrumbList","@id":"https:\/\/wordpress.callac.online\/index.php\/numerique\/app-inventor-2\/controler-une-led-rgb-par-bluetooth-ai-et-arduino\/#breadcrumb","itemListElement":[{"@type":"ListItem","position":1,"name":"Accueil","item":"https:\/\/wordpress.callac.online\/"},{"@type":"ListItem","position":2,"name":"Num\u00e9rique","item":"https:\/\/wordpress.callac.online\/index.php\/numerique\/"},{"@type":"ListItem","position":3,"name":"App Inventor 2","item":"https:\/\/wordpress.callac.online\/index.php\/numerique\/app-inventor-2\/"},{"@type":"ListItem","position":4,"name":"Contr\u00f4ler une led RGB par Bluetooth (AI et Arduino)"}]},{"@type":"WebSite","@id":"https:\/\/wordpress.callac.online\/#website","url":"https:\/\/wordpress.callac.online\/","name":"Maths & Num\u00e9rique","description":"Des outils pour les enseignants de math\u00e9matiques et de num\u00e9rique","publisher":{"@id":"https:\/\/wordpress.callac.online\/#\/schema\/person\/04061f1ca2c2c42039142a704be95940"},"potentialAction":[{"@type":"SearchAction","target":{"@type":"EntryPoint","urlTemplate":"https:\/\/wordpress.callac.online\/?s={search_term_string}"},"query-input":{"@type":"PropertyValueSpecification","valueRequired":true,"valueName":"search_term_string"}}],"inLanguage":"fr-FR"},{"@type":["Person","Organization"],"@id":"https:\/\/wordpress.callac.online\/#\/schema\/person\/04061f1ca2c2c42039142a704be95940","name":"dlefur","image":{"@type":"ImageObject","inLanguage":"fr-FR","@id":"https:\/\/wordpress.callac.online\/#\/schema\/person\/image\/","url":"https:\/\/secure.gravatar.com\/avatar\/4a9e17be136808c6597f28aa2b6c13126dab066fdc2198ff60090972c9b7fafc?s=96&d=mm&r=g","contentUrl":"https:\/\/secure.gravatar.com\/avatar\/4a9e17be136808c6597f28aa2b6c13126dab066fdc2198ff60090972c9b7fafc?s=96&d=mm&r=g","caption":"dlefur"},"logo":{"@id":"https:\/\/wordpress.callac.online\/#\/schema\/person\/image\/"},"description":"Enseignant de math\u00e9matiques Lyc\u00e9e Pasteur S\u00e3o Paulo","sameAs":["http:\/\/wordpress.callac.online"]}]}},"_links":{"self":[{"href":"https:\/\/wordpress.callac.online\/index.php\/wp-json\/wp\/v2\/pages\/327","targetHints":{"allow":["GET"]}}],"collection":[{"href":"https:\/\/wordpress.callac.online\/index.php\/wp-json\/wp\/v2\/pages"}],"about":[{"href":"https:\/\/wordpress.callac.online\/index.php\/wp-json\/wp\/v2\/types\/page"}],"author":[{"embeddable":true,"href":"https:\/\/wordpress.callac.online\/index.php\/wp-json\/wp\/v2\/users\/1"}],"replies":[{"embeddable":true,"href":"https:\/\/wordpress.callac.online\/index.php\/wp-json\/wp\/v2\/comments?post=327"}],"version-history":[{"count":2,"href":"https:\/\/wordpress.callac.online\/index.php\/wp-json\/wp\/v2\/pages\/327\/revisions"}],"predecessor-version":[{"id":2832,"href":"https:\/\/wordpress.callac.online\/index.php\/wp-json\/wp\/v2\/pages\/327\/revisions\/2832"}],"up":[{"embeddable":true,"href":"https:\/\/wordpress.callac.online\/index.php\/wp-json\/wp\/v2\/pages\/980"}],"wp:attachment":[{"href":"https:\/\/wordpress.callac.online\/index.php\/wp-json\/wp\/v2\/media?parent=327"}],"curies":[{"name":"wp","href":"https:\/\/api.w.org\/{rel}","templated":true}]}}