{"id":3272,"date":"2022-10-11T15:52:44","date_gmt":"2022-10-11T13:52:44","guid":{"rendered":"https:\/\/wordpress.callac.online\/index.php\/python\/raspberry-pi-pico-et-micropython\/presentation\/"},"modified":"2022-10-11T16:47:45","modified_gmt":"2022-10-11T14:47:45","slug":"presentation","status":"publish","type":"page","link":"https:\/\/wordpress.callac.online\/index.php\/python\/raspberry-pi-pico-et-micropython\/presentation\/","title":{"rendered":"Pr\u00e9sentation"},"content":{"rendered":"\n<h3 class=\"wp-block-heading\">Les pattes<\/h3>\n\n\n\n<figure class=\"wp-block-gallery has-nested-images columns-default is-cropped wp-block-gallery-1 is-layout-flex wp-block-gallery-is-layout-flex\">\n<figure class=\"wp-block-image size-large\"><img loading=\"lazy\" decoding=\"async\" width=\"600\" height=\"190\" data-id=\"3277\" src=\"https:\/\/wordpress.callac.online\/wp-content\/uploads\/2022\/10\/pico-top-plug.png\" alt=\"\" class=\"wp-image-3277\" srcset=\"https:\/\/wordpress.callac.online\/wp-content\/uploads\/2022\/10\/pico-top-plug.png 600w, https:\/\/wordpress.callac.online\/wp-content\/uploads\/2022\/10\/pico-top-plug-300x95.png 300w\" sizes=\"auto, (max-width: 600px) 100vw, 600px\" \/><\/figure>\n<\/figure>\n\n\n<div class=\"wp-block-image\">\n<figure class=\"aligncenter size-full is-resized\"><img loading=\"lazy\" decoding=\"async\" src=\"https:\/\/wordpress.callac.online\/wp-content\/uploads\/2022\/10\/pico-bottom-1.png\" alt=\"\" class=\"wp-image-3283\" width=\"249\" height=\"618\" srcset=\"https:\/\/wordpress.callac.online\/wp-content\/uploads\/2022\/10\/pico-bottom-1.png 161w, https:\/\/wordpress.callac.online\/wp-content\/uploads\/2022\/10\/pico-bottom-1-121x300.png 121w\" sizes=\"auto, (max-width: 249px) 100vw, 249px\" \/><\/figure>\n<\/div>\n\n\n<figure class=\"wp-block-image size-full\"><img loading=\"lazy\" decoding=\"async\" width=\"418\" height=\"712\" src=\"https:\/\/wordpress.callac.online\/wp-content\/uploads\/2022\/10\/pins_pico.png\" alt=\"\" class=\"wp-image-3288\" srcset=\"https:\/\/wordpress.callac.online\/wp-content\/uploads\/2022\/10\/pins_pico.png 418w, https:\/\/wordpress.callac.online\/wp-content\/uploads\/2022\/10\/pins_pico-176x300.png 176w\" sizes=\"auto, (max-width: 418px) 100vw, 418px\" \/><\/figure>\n","protected":false},"excerpt":{"rendered":"<p>Les pattes<\/p>\n","protected":false},"author":1,"featured_media":0,"parent":3260,"menu_order":0,"comment_status":"closed","ping_status":"closed","template":"","meta":{"footnotes":""},"class_list":["post-3272","page","type-page","status-publish","hentry"],"yoast_head":"<!-- This site is optimized with the Yoast SEO plugin v27.1.1 - https:\/\/yoast.com\/product\/yoast-seo-wordpress\/ -->\n<title>Pr\u00e9sentation - Maths &amp; Num\u00e9rique<\/title>\n<meta name=\"robots\" content=\"index, follow, max-snippet:-1, max-image-preview:large, max-video-preview:-1\" \/>\n<link rel=\"canonical\" href=\"https:\/\/wordpress.callac.online\/index.php\/python\/raspberry-pi-pico-et-micropython\/presentation\/\" \/>\n<meta property=\"og:locale\" content=\"fr_FR\" \/>\n<meta property=\"og:type\" content=\"article\" \/>\n<meta property=\"og:title\" content=\"Pr\u00e9sentation - Maths &amp; Num\u00e9rique\" \/>\n<meta property=\"og:description\" content=\"Les pattes\" \/>\n<meta property=\"og:url\" content=\"https:\/\/wordpress.callac.online\/index.php\/python\/raspberry-pi-pico-et-micropython\/presentation\/\" \/>\n<meta property=\"og:site_name\" content=\"Maths &amp; Num\u00e9rique\" \/>\n<meta property=\"article:modified_time\" content=\"2022-10-11T14:47:45+00:00\" \/>\n<meta property=\"og:image\" content=\"https:\/\/wordpress.callac.online\/wp-content\/uploads\/2022\/10\/pico-top-plug.png\" \/>\n<meta name=\"twitter:card\" content=\"summary_large_image\" \/>\n<meta name=\"twitter:label1\" content=\"Dur\u00e9e de lecture estim\u00e9e\" \/>\n\t<meta name=\"twitter:data1\" content=\"1 minute\" \/>\n<script type=\"application\/ld+json\" class=\"yoast-schema-graph\">{\"@context\":\"https:\/\/schema.org\",\"@graph\":[{\"@type\":\"WebPage\",\"@id\":\"https:\/\/wordpress.callac.online\/index.php\/python\/raspberry-pi-pico-et-micropython\/presentation\/\",\"url\":\"https:\/\/wordpress.callac.online\/index.php\/python\/raspberry-pi-pico-et-micropython\/presentation\/\",\"name\":\"Pr\u00e9sentation - Maths &amp; Num\u00e9rique\",\"isPartOf\":{\"@id\":\"https:\/\/wordpress.callac.online\/#website\"},\"primaryImageOfPage\":{\"@id\":\"https:\/\/wordpress.callac.online\/index.php\/python\/raspberry-pi-pico-et-micropython\/presentation\/#primaryimage\"},\"image\":{\"@id\":\"https:\/\/wordpress.callac.online\/index.php\/python\/raspberry-pi-pico-et-micropython\/presentation\/#primaryimage\"},\"thumbnailUrl\":\"https:\/\/wordpress.callac.online\/wp-content\/uploads\/2022\/10\/pico-top-plug.png\",\"datePublished\":\"2022-10-11T13:52:44+00:00\",\"dateModified\":\"2022-10-11T14:47:45+00:00\",\"breadcrumb\":{\"@id\":\"https:\/\/wordpress.callac.online\/index.php\/python\/raspberry-pi-pico-et-micropython\/presentation\/#breadcrumb\"},\"inLanguage\":\"fr-FR\",\"potentialAction\":[{\"@type\":\"ReadAction\",\"target\":[\"https:\/\/wordpress.callac.online\/index.php\/python\/raspberry-pi-pico-et-micropython\/presentation\/\"]}]},{\"@type\":\"ImageObject\",\"inLanguage\":\"fr-FR\",\"@id\":\"https:\/\/wordpress.callac.online\/index.php\/python\/raspberry-pi-pico-et-micropython\/presentation\/#primaryimage\",\"url\":\"https:\/\/wordpress.callac.online\/wp-content\/uploads\/2022\/10\/pico-top-plug.png\",\"contentUrl\":\"https:\/\/wordpress.callac.online\/wp-content\/uploads\/2022\/10\/pico-top-plug.png\",\"width\":600,\"height\":190},{\"@type\":\"BreadcrumbList\",\"@id\":\"https:\/\/wordpress.callac.online\/index.php\/python\/raspberry-pi-pico-et-micropython\/presentation\/#breadcrumb\",\"itemListElement\":[{\"@type\":\"ListItem\",\"position\":1,\"name\":\"Accueil\",\"item\":\"https:\/\/wordpress.callac.online\/\"},{\"@type\":\"ListItem\",\"position\":2,\"name\":\"Python\",\"item\":\"https:\/\/wordpress.callac.online\/index.php\/python\/\"},{\"@type\":\"ListItem\",\"position\":3,\"name\":\"Raspberry Pi Pico et MicroPython\",\"item\":\"https:\/\/wordpress.callac.online\/index.php\/python\/raspberry-pi-pico-et-micropython\/\"},{\"@type\":\"ListItem\",\"position\":4,\"name\":\"Pr\u00e9sentation\"}]},{\"@type\":\"WebSite\",\"@id\":\"https:\/\/wordpress.callac.online\/#website\",\"url\":\"https:\/\/wordpress.callac.online\/\",\"name\":\"Maths & Num\u00e9rique\",\"description\":\"Des outils pour les enseignants de math\u00e9matiques et de num\u00e9rique\",\"publisher\":{\"@id\":\"https:\/\/wordpress.callac.online\/#\/schema\/person\/04061f1ca2c2c42039142a704be95940\"},\"potentialAction\":[{\"@type\":\"SearchAction\",\"target\":{\"@type\":\"EntryPoint\",\"urlTemplate\":\"https:\/\/wordpress.callac.online\/?s={search_term_string}\"},\"query-input\":{\"@type\":\"PropertyValueSpecification\",\"valueRequired\":true,\"valueName\":\"search_term_string\"}}],\"inLanguage\":\"fr-FR\"},{\"@type\":[\"Person\",\"Organization\"],\"@id\":\"https:\/\/wordpress.callac.online\/#\/schema\/person\/04061f1ca2c2c42039142a704be95940\",\"name\":\"dlefur\",\"image\":{\"@type\":\"ImageObject\",\"inLanguage\":\"fr-FR\",\"@id\":\"https:\/\/wordpress.callac.online\/#\/schema\/person\/image\/\",\"url\":\"https:\/\/secure.gravatar.com\/avatar\/4a9e17be136808c6597f28aa2b6c13126dab066fdc2198ff60090972c9b7fafc?s=96&d=mm&r=g\",\"contentUrl\":\"https:\/\/secure.gravatar.com\/avatar\/4a9e17be136808c6597f28aa2b6c13126dab066fdc2198ff60090972c9b7fafc?s=96&d=mm&r=g\",\"caption\":\"dlefur\"},\"logo\":{\"@id\":\"https:\/\/wordpress.callac.online\/#\/schema\/person\/image\/\"},\"description\":\"Enseignant de math\u00e9matiques Lyc\u00e9e Pasteur S\u00e3o Paulo\",\"sameAs\":[\"http:\/\/wordpress.callac.online\"]}]}<\/script>\n<!-- \/ Yoast SEO plugin. -->","yoast_head_json":{"title":"Pr\u00e9sentation - Maths &amp; Num\u00e9rique","robots":{"index":"index","follow":"follow","max-snippet":"max-snippet:-1","max-image-preview":"max-image-preview:large","max-video-preview":"max-video-preview:-1"},"canonical":"https:\/\/wordpress.callac.online\/index.php\/python\/raspberry-pi-pico-et-micropython\/presentation\/","og_locale":"fr_FR","og_type":"article","og_title":"Pr\u00e9sentation - Maths &amp; Num\u00e9rique","og_description":"Les pattes","og_url":"https:\/\/wordpress.callac.online\/index.php\/python\/raspberry-pi-pico-et-micropython\/presentation\/","og_site_name":"Maths &amp; Num\u00e9rique","article_modified_time":"2022-10-11T14:47:45+00:00","og_image":[{"url":"https:\/\/wordpress.callac.online\/wp-content\/uploads\/2022\/10\/pico-top-plug.png","type":"","width":"","height":""}],"twitter_card":"summary_large_image","twitter_misc":{"Dur\u00e9e de lecture estim\u00e9e":"1 minute"},"schema":{"@context":"https:\/\/schema.org","@graph":[{"@type":"WebPage","@id":"https:\/\/wordpress.callac.online\/index.php\/python\/raspberry-pi-pico-et-micropython\/presentation\/","url":"https:\/\/wordpress.callac.online\/index.php\/python\/raspberry-pi-pico-et-micropython\/presentation\/","name":"Pr\u00e9sentation - Maths &amp; Num\u00e9rique","isPartOf":{"@id":"https:\/\/wordpress.callac.online\/#website"},"primaryImageOfPage":{"@id":"https:\/\/wordpress.callac.online\/index.php\/python\/raspberry-pi-pico-et-micropython\/presentation\/#primaryimage"},"image":{"@id":"https:\/\/wordpress.callac.online\/index.php\/python\/raspberry-pi-pico-et-micropython\/presentation\/#primaryimage"},"thumbnailUrl":"https:\/\/wordpress.callac.online\/wp-content\/uploads\/2022\/10\/pico-top-plug.png","datePublished":"2022-10-11T13:52:44+00:00","dateModified":"2022-10-11T14:47:45+00:00","breadcrumb":{"@id":"https:\/\/wordpress.callac.online\/index.php\/python\/raspberry-pi-pico-et-micropython\/presentation\/#breadcrumb"},"inLanguage":"fr-FR","potentialAction":[{"@type":"ReadAction","target":["https:\/\/wordpress.callac.online\/index.php\/python\/raspberry-pi-pico-et-micropython\/presentation\/"]}]},{"@type":"ImageObject","inLanguage":"fr-FR","@id":"https:\/\/wordpress.callac.online\/index.php\/python\/raspberry-pi-pico-et-micropython\/presentation\/#primaryimage","url":"https:\/\/wordpress.callac.online\/wp-content\/uploads\/2022\/10\/pico-top-plug.png","contentUrl":"https:\/\/wordpress.callac.online\/wp-content\/uploads\/2022\/10\/pico-top-plug.png","width":600,"height":190},{"@type":"BreadcrumbList","@id":"https:\/\/wordpress.callac.online\/index.php\/python\/raspberry-pi-pico-et-micropython\/presentation\/#breadcrumb","itemListElement":[{"@type":"ListItem","position":1,"name":"Accueil","item":"https:\/\/wordpress.callac.online\/"},{"@type":"ListItem","position":2,"name":"Python","item":"https:\/\/wordpress.callac.online\/index.php\/python\/"},{"@type":"ListItem","position":3,"name":"Raspberry Pi Pico et MicroPython","item":"https:\/\/wordpress.callac.online\/index.php\/python\/raspberry-pi-pico-et-micropython\/"},{"@type":"ListItem","position":4,"name":"Pr\u00e9sentation"}]},{"@type":"WebSite","@id":"https:\/\/wordpress.callac.online\/#website","url":"https:\/\/wordpress.callac.online\/","name":"Maths & Num\u00e9rique","description":"Des outils pour les enseignants de math\u00e9matiques et de num\u00e9rique","publisher":{"@id":"https:\/\/wordpress.callac.online\/#\/schema\/person\/04061f1ca2c2c42039142a704be95940"},"potentialAction":[{"@type":"SearchAction","target":{"@type":"EntryPoint","urlTemplate":"https:\/\/wordpress.callac.online\/?s={search_term_string}"},"query-input":{"@type":"PropertyValueSpecification","valueRequired":true,"valueName":"search_term_string"}}],"inLanguage":"fr-FR"},{"@type":["Person","Organization"],"@id":"https:\/\/wordpress.callac.online\/#\/schema\/person\/04061f1ca2c2c42039142a704be95940","name":"dlefur","image":{"@type":"ImageObject","inLanguage":"fr-FR","@id":"https:\/\/wordpress.callac.online\/#\/schema\/person\/image\/","url":"https:\/\/secure.gravatar.com\/avatar\/4a9e17be136808c6597f28aa2b6c13126dab066fdc2198ff60090972c9b7fafc?s=96&d=mm&r=g","contentUrl":"https:\/\/secure.gravatar.com\/avatar\/4a9e17be136808c6597f28aa2b6c13126dab066fdc2198ff60090972c9b7fafc?s=96&d=mm&r=g","caption":"dlefur"},"logo":{"@id":"https:\/\/wordpress.callac.online\/#\/schema\/person\/image\/"},"description":"Enseignant de math\u00e9matiques Lyc\u00e9e Pasteur S\u00e3o Paulo","sameAs":["http:\/\/wordpress.callac.online"]}]}},"_links":{"self":[{"href":"https:\/\/wordpress.callac.online\/index.php\/wp-json\/wp\/v2\/pages\/3272","targetHints":{"allow":["GET"]}}],"collection":[{"href":"https:\/\/wordpress.callac.online\/index.php\/wp-json\/wp\/v2\/pages"}],"about":[{"href":"https:\/\/wordpress.callac.online\/index.php\/wp-json\/wp\/v2\/types\/page"}],"author":[{"embeddable":true,"href":"https:\/\/wordpress.callac.online\/index.php\/wp-json\/wp\/v2\/users\/1"}],"replies":[{"embeddable":true,"href":"https:\/\/wordpress.callac.online\/index.php\/wp-json\/wp\/v2\/comments?post=3272"}],"version-history":[{"count":10,"href":"https:\/\/wordpress.callac.online\/index.php\/wp-json\/wp\/v2\/pages\/3272\/revisions"}],"predecessor-version":[{"id":3291,"href":"https:\/\/wordpress.callac.online\/index.php\/wp-json\/wp\/v2\/pages\/3272\/revisions\/3291"}],"up":[{"embeddable":true,"href":"https:\/\/wordpress.callac.online\/index.php\/wp-json\/wp\/v2\/pages\/3260"}],"wp:attachment":[{"href":"https:\/\/wordpress.callac.online\/index.php\/wp-json\/wp\/v2\/media?parent=3272"}],"curies":[{"name":"wp","href":"https:\/\/api.w.org\/{rel}","templated":true}]}}