{"id":328,"date":"2016-01-25T20:38:16","date_gmt":"2016-01-25T19:38:16","guid":{"rendered":"http:\/\/wordpress.callac.online\/index.php\/presentation-des-robots-edison\/"},"modified":"2022-01-05T22:41:58","modified_gmt":"2022-01-05T21:41:58","slug":"presentation-des-robots-edison","status":"publish","type":"page","link":"https:\/\/wordpress.callac.online\/index.php\/numerique\/le-robot-edison\/presentation-des-robots-edison\/","title":{"rendered":"Pr\u00e9sentation des robots Edison"},"content":{"rendered":"<h2>Edison, pour quoi faire ?<\/h2>\n<p>Les robots <a href=\"http:\/\/meetedison.com\/\">Edison<\/a> ont \u00e9t\u00e9 con\u00e7us en Australie avec pour objectif de permettre \u00e0 des enfants d&rsquo;acc\u00e9der facilement \u00e0 la robotique.<\/p>\n<p><img loading=\"lazy\" decoding=\"async\" class=\" aligncenter size-full wp-image-927\" src=\"http:\/\/wordpress.callac.online\/wp-content\/uploads\/2016\/01\/jpg_robot.jpg\" alt=\"robot.jpg\" width=\"284\" height=\"177\" align=\"center\" \/><\/p>\n<p>L&rsquo;id\u00e9e est de fournir une base de robot bon march\u00e9 et op\u00e9rationnelle pour uniquement se consacrer sur la programmation.<\/p>\n<p>Compatible avec les Lego, il permet ais\u00e9ment de<\/p>\n<ul>\n<li>d\u00e9placer le robot<\/li>\n<li>le faire interagir avec des sons, des obstacles, une t\u00e9l\u00e9commande, d&rsquo;autres robots<\/li>\n<li>en enlevant les roues de commander autre chose (pi\u00e8ces Lego).<\/li>\n<\/ul>\n<p>Par un syst\u00e8me de scans de codes barre, le robot peut acc\u00e9der \u00e0 des programmes embarqu\u00e9s illustrant les principales fonctionnalit\u00e9s.<\/p>\n<h2>Sa pr\u00e9sentation<\/h2>\n<p>Grand comme un savon, pour ne pas dire un paquet de cigarettes, il est \u00e9quip\u00e9 de :<\/p>\n<ul>\n<li>deux roues motrices<\/li>\n<li>deux leds<\/li>\n<li>un micro<\/li>\n<li>un haut-parleur<\/li>\n<li>des capteurs ultrason pour d\u00e9tecter les obstacles<\/li>\n<li>un syst\u00e8me infrarouge de communication (entre robots ou avec une t\u00e9l\u00e9commande)<\/li>\n<\/ul>\n<p>Il est aliment\u00e9 de 4 piles AAA.<\/p>\n<p>Il vient avec un c\u00e2ble son. En effet, le t\u00e9l\u00e9chargement des programmes se fait par un fichier wav.<\/p>\n<p><img loading=\"lazy\" decoding=\"async\" class=\" aligncenter size-full wp-image-928\" src=\"http:\/\/wordpress.callac.online\/wp-content\/uploads\/2016\/01\/jpg_lego-robot-parts.jpg\" alt=\"lego-robot-parts.jpg\" width=\"750\" height=\"431\" align=\"center\" srcset=\"https:\/\/wordpress.callac.online\/wp-content\/uploads\/2016\/01\/jpg_lego-robot-parts.jpg 750w, https:\/\/wordpress.callac.online\/wp-content\/uploads\/2016\/01\/jpg_lego-robot-parts-300x172.jpg 300w\" sizes=\"auto, (max-width: 750px) 100vw, 750px\" \/><\/p>\n<p><img loading=\"lazy\" decoding=\"async\" class=\" aligncenter size-full wp-image-928\" src=\"http:\/\/wordpress.callac.online\/wp-content\/uploads\/2016\/01\/jpg_lego-robot-parts.jpg\" alt=\"lego-robot-parts.jpg\" width=\"750\" height=\"431\" align=\"center\" srcset=\"https:\/\/wordpress.callac.online\/wp-content\/uploads\/2016\/01\/jpg_lego-robot-parts.jpg 750w, https:\/\/wordpress.callac.online\/wp-content\/uploads\/2016\/01\/jpg_lego-robot-parts-300x172.jpg 300w\" sizes=\"auto, (max-width: 750px) 100vw, 750px\" \/><\/p>\n<h2>Les points forts<\/h2>\n<p>&#8211; robuste<br \/>\n&#8211; bon march\u00e9<br \/>\n&#8211; complet<br \/>\n&#8211; pr\u00eat \u00e0 l&#8217;emploi avec ses programmes embarqu\u00e9s<br \/>\n&#8211; un site d\u00e9di\u00e9 \u00e0 la programmation (pas besoin d&rsquo;installation m\u00eame si celle-ci est possible).<\/p>\n<h2>Les points faibles<\/h2>\n<p>&#8211; le principe de t\u00e9l\u00e9chargement des programmes par son est instable.<br \/>\n&#8211; le logiciel de programmation est encore instable et peu document\u00e9.<\/p>\n<h2>La documentation disponible en fran\u00e7ais<\/h2>\n<p>&#8211; <a href=\"http:\/\/meetedison.com\/content\/EdBooks\/French\/EdBook1-Ton-EdVenture-en-Robotique-Tu-es-un-Pilote.pdf\">Edbook1<\/a><br \/>\n&#8211; <a href=\"http:\/\/meetedison.com\/content\/EdBooks\/French\/EdBook2-Ton-EdVenture-en-Robotique-Tu-es-un-Programmeur.pdf\">Edbook2<\/a><br \/>\n&#8211; <a href=\"http:\/\/meetedison.com\/content\/EdBooks\/French\/EdBook3-Ton-EdVenture-en-Robotique-Tu-es-un-Constructeur.pdf\">Edbook3<\/a><\/p>\n","protected":false},"excerpt":{"rendered":"<p>Edison, pour quoi faire ? Les robots Edison ont \u00e9t\u00e9 con\u00e7us en Australie avec pour objectif de permettre \u00e0 des enfants d&rsquo;acc\u00e9der facilement \u00e0 la robotique. L&rsquo;id\u00e9e est de fournir&hellip;<\/p>\n","protected":false},"author":1,"featured_media":0,"parent":982,"menu_order":0,"comment_status":"closed","ping_status":"closed","template":"","meta":{"footnotes":""},"class_list":["post-328","page","type-page","status-publish","hentry"],"yoast_head":"<!-- This site is optimized with the Yoast SEO plugin v27.1.1 - https:\/\/yoast.com\/product\/yoast-seo-wordpress\/ -->\n<title>Pr\u00e9sentation des robots Edison - Maths &amp; Num\u00e9rique<\/title>\n<meta name=\"robots\" content=\"index, follow, max-snippet:-1, max-image-preview:large, max-video-preview:-1\" \/>\n<link rel=\"canonical\" href=\"https:\/\/wordpress.callac.online\/index.php\/numerique\/le-robot-edison\/presentation-des-robots-edison\/\" \/>\n<meta property=\"og:locale\" content=\"fr_FR\" \/>\n<meta property=\"og:type\" content=\"article\" \/>\n<meta property=\"og:title\" content=\"Pr\u00e9sentation des robots Edison - Maths &amp; Num\u00e9rique\" \/>\n<meta property=\"og:description\" content=\"Edison, pour quoi faire ? Les robots Edison ont \u00e9t\u00e9 con\u00e7us en Australie avec pour objectif de permettre \u00e0 des enfants d&rsquo;acc\u00e9der facilement \u00e0 la robotique. L&rsquo;id\u00e9e est de fournir&hellip;\" \/>\n<meta property=\"og:url\" content=\"https:\/\/wordpress.callac.online\/index.php\/numerique\/le-robot-edison\/presentation-des-robots-edison\/\" \/>\n<meta property=\"og:site_name\" content=\"Maths &amp; Num\u00e9rique\" \/>\n<meta property=\"article:modified_time\" content=\"2022-01-05T21:41:58+00:00\" \/>\n<meta property=\"og:image\" content=\"http:\/\/wordpress.callac.online\/wp-content\/uploads\/2016\/01\/jpg_robot.jpg\" \/>\n<meta name=\"twitter:card\" content=\"summary_large_image\" \/>\n<meta name=\"twitter:label1\" content=\"Dur\u00e9e de lecture estim\u00e9e\" \/>\n\t<meta name=\"twitter:data1\" content=\"1 minute\" \/>\n<script type=\"application\/ld+json\" class=\"yoast-schema-graph\">{\"@context\":\"https:\/\/schema.org\",\"@graph\":[{\"@type\":\"WebPage\",\"@id\":\"https:\/\/wordpress.callac.online\/index.php\/numerique\/le-robot-edison\/presentation-des-robots-edison\/\",\"url\":\"https:\/\/wordpress.callac.online\/index.php\/numerique\/le-robot-edison\/presentation-des-robots-edison\/\",\"name\":\"Pr\u00e9sentation des robots Edison - Maths &amp; Num\u00e9rique\",\"isPartOf\":{\"@id\":\"https:\/\/wordpress.callac.online\/#website\"},\"primaryImageOfPage\":{\"@id\":\"https:\/\/wordpress.callac.online\/index.php\/numerique\/le-robot-edison\/presentation-des-robots-edison\/#primaryimage\"},\"image\":{\"@id\":\"https:\/\/wordpress.callac.online\/index.php\/numerique\/le-robot-edison\/presentation-des-robots-edison\/#primaryimage\"},\"thumbnailUrl\":\"http:\/\/wordpress.callac.online\/wp-content\/uploads\/2016\/01\/jpg_robot.jpg\",\"datePublished\":\"2016-01-25T19:38:16+00:00\",\"dateModified\":\"2022-01-05T21:41:58+00:00\",\"breadcrumb\":{\"@id\":\"https:\/\/wordpress.callac.online\/index.php\/numerique\/le-robot-edison\/presentation-des-robots-edison\/#breadcrumb\"},\"inLanguage\":\"fr-FR\",\"potentialAction\":[{\"@type\":\"ReadAction\",\"target\":[\"https:\/\/wordpress.callac.online\/index.php\/numerique\/le-robot-edison\/presentation-des-robots-edison\/\"]}]},{\"@type\":\"ImageObject\",\"inLanguage\":\"fr-FR\",\"@id\":\"https:\/\/wordpress.callac.online\/index.php\/numerique\/le-robot-edison\/presentation-des-robots-edison\/#primaryimage\",\"url\":\"https:\/\/wordpress.callac.online\/wp-content\/uploads\/2016\/01\/jpg_robot.jpg\",\"contentUrl\":\"https:\/\/wordpress.callac.online\/wp-content\/uploads\/2016\/01\/jpg_robot.jpg\",\"width\":284,\"height\":177,\"caption\":\"robot.jpg\"},{\"@type\":\"BreadcrumbList\",\"@id\":\"https:\/\/wordpress.callac.online\/index.php\/numerique\/le-robot-edison\/presentation-des-robots-edison\/#breadcrumb\",\"itemListElement\":[{\"@type\":\"ListItem\",\"position\":1,\"name\":\"Accueil\",\"item\":\"https:\/\/wordpress.callac.online\/\"},{\"@type\":\"ListItem\",\"position\":2,\"name\":\"Num\u00e9rique\",\"item\":\"https:\/\/wordpress.callac.online\/index.php\/numerique\/\"},{\"@type\":\"ListItem\",\"position\":3,\"name\":\"Le robot Edison\",\"item\":\"https:\/\/wordpress.callac.online\/index.php\/numerique\/le-robot-edison\/\"},{\"@type\":\"ListItem\",\"position\":4,\"name\":\"Pr\u00e9sentation des robots Edison\"}]},{\"@type\":\"WebSite\",\"@id\":\"https:\/\/wordpress.callac.online\/#website\",\"url\":\"https:\/\/wordpress.callac.online\/\",\"name\":\"Maths & Num\u00e9rique\",\"description\":\"Des outils pour les enseignants de math\u00e9matiques et de num\u00e9rique\",\"publisher\":{\"@id\":\"https:\/\/wordpress.callac.online\/#\/schema\/person\/04061f1ca2c2c42039142a704be95940\"},\"potentialAction\":[{\"@type\":\"SearchAction\",\"target\":{\"@type\":\"EntryPoint\",\"urlTemplate\":\"https:\/\/wordpress.callac.online\/?s={search_term_string}\"},\"query-input\":{\"@type\":\"PropertyValueSpecification\",\"valueRequired\":true,\"valueName\":\"search_term_string\"}}],\"inLanguage\":\"fr-FR\"},{\"@type\":[\"Person\",\"Organization\"],\"@id\":\"https:\/\/wordpress.callac.online\/#\/schema\/person\/04061f1ca2c2c42039142a704be95940\",\"name\":\"dlefur\",\"image\":{\"@type\":\"ImageObject\",\"inLanguage\":\"fr-FR\",\"@id\":\"https:\/\/wordpress.callac.online\/#\/schema\/person\/image\/\",\"url\":\"https:\/\/secure.gravatar.com\/avatar\/4a9e17be136808c6597f28aa2b6c13126dab066fdc2198ff60090972c9b7fafc?s=96&d=mm&r=g\",\"contentUrl\":\"https:\/\/secure.gravatar.com\/avatar\/4a9e17be136808c6597f28aa2b6c13126dab066fdc2198ff60090972c9b7fafc?s=96&d=mm&r=g\",\"caption\":\"dlefur\"},\"logo\":{\"@id\":\"https:\/\/wordpress.callac.online\/#\/schema\/person\/image\/\"},\"description\":\"Enseignant de math\u00e9matiques Lyc\u00e9e Pasteur S\u00e3o Paulo\",\"sameAs\":[\"http:\/\/wordpress.callac.online\"]}]}<\/script>\n<!-- \/ Yoast SEO plugin. -->","yoast_head_json":{"title":"Pr\u00e9sentation des robots Edison - Maths &amp; Num\u00e9rique","robots":{"index":"index","follow":"follow","max-snippet":"max-snippet:-1","max-image-preview":"max-image-preview:large","max-video-preview":"max-video-preview:-1"},"canonical":"https:\/\/wordpress.callac.online\/index.php\/numerique\/le-robot-edison\/presentation-des-robots-edison\/","og_locale":"fr_FR","og_type":"article","og_title":"Pr\u00e9sentation des robots Edison - Maths &amp; Num\u00e9rique","og_description":"Edison, pour quoi faire ? Les robots Edison ont \u00e9t\u00e9 con\u00e7us en Australie avec pour objectif de permettre \u00e0 des enfants d&rsquo;acc\u00e9der facilement \u00e0 la robotique. L&rsquo;id\u00e9e est de fournir&hellip;","og_url":"https:\/\/wordpress.callac.online\/index.php\/numerique\/le-robot-edison\/presentation-des-robots-edison\/","og_site_name":"Maths &amp; Num\u00e9rique","article_modified_time":"2022-01-05T21:41:58+00:00","og_image":[{"url":"http:\/\/wordpress.callac.online\/wp-content\/uploads\/2016\/01\/jpg_robot.jpg","type":"","width":"","height":""}],"twitter_card":"summary_large_image","twitter_misc":{"Dur\u00e9e de lecture estim\u00e9e":"1 minute"},"schema":{"@context":"https:\/\/schema.org","@graph":[{"@type":"WebPage","@id":"https:\/\/wordpress.callac.online\/index.php\/numerique\/le-robot-edison\/presentation-des-robots-edison\/","url":"https:\/\/wordpress.callac.online\/index.php\/numerique\/le-robot-edison\/presentation-des-robots-edison\/","name":"Pr\u00e9sentation des robots Edison - Maths &amp; Num\u00e9rique","isPartOf":{"@id":"https:\/\/wordpress.callac.online\/#website"},"primaryImageOfPage":{"@id":"https:\/\/wordpress.callac.online\/index.php\/numerique\/le-robot-edison\/presentation-des-robots-edison\/#primaryimage"},"image":{"@id":"https:\/\/wordpress.callac.online\/index.php\/numerique\/le-robot-edison\/presentation-des-robots-edison\/#primaryimage"},"thumbnailUrl":"http:\/\/wordpress.callac.online\/wp-content\/uploads\/2016\/01\/jpg_robot.jpg","datePublished":"2016-01-25T19:38:16+00:00","dateModified":"2022-01-05T21:41:58+00:00","breadcrumb":{"@id":"https:\/\/wordpress.callac.online\/index.php\/numerique\/le-robot-edison\/presentation-des-robots-edison\/#breadcrumb"},"inLanguage":"fr-FR","potentialAction":[{"@type":"ReadAction","target":["https:\/\/wordpress.callac.online\/index.php\/numerique\/le-robot-edison\/presentation-des-robots-edison\/"]}]},{"@type":"ImageObject","inLanguage":"fr-FR","@id":"https:\/\/wordpress.callac.online\/index.php\/numerique\/le-robot-edison\/presentation-des-robots-edison\/#primaryimage","url":"https:\/\/wordpress.callac.online\/wp-content\/uploads\/2016\/01\/jpg_robot.jpg","contentUrl":"https:\/\/wordpress.callac.online\/wp-content\/uploads\/2016\/01\/jpg_robot.jpg","width":284,"height":177,"caption":"robot.jpg"},{"@type":"BreadcrumbList","@id":"https:\/\/wordpress.callac.online\/index.php\/numerique\/le-robot-edison\/presentation-des-robots-edison\/#breadcrumb","itemListElement":[{"@type":"ListItem","position":1,"name":"Accueil","item":"https:\/\/wordpress.callac.online\/"},{"@type":"ListItem","position":2,"name":"Num\u00e9rique","item":"https:\/\/wordpress.callac.online\/index.php\/numerique\/"},{"@type":"ListItem","position":3,"name":"Le robot Edison","item":"https:\/\/wordpress.callac.online\/index.php\/numerique\/le-robot-edison\/"},{"@type":"ListItem","position":4,"name":"Pr\u00e9sentation des robots Edison"}]},{"@type":"WebSite","@id":"https:\/\/wordpress.callac.online\/#website","url":"https:\/\/wordpress.callac.online\/","name":"Maths & Num\u00e9rique","description":"Des outils pour les enseignants de math\u00e9matiques et de num\u00e9rique","publisher":{"@id":"https:\/\/wordpress.callac.online\/#\/schema\/person\/04061f1ca2c2c42039142a704be95940"},"potentialAction":[{"@type":"SearchAction","target":{"@type":"EntryPoint","urlTemplate":"https:\/\/wordpress.callac.online\/?s={search_term_string}"},"query-input":{"@type":"PropertyValueSpecification","valueRequired":true,"valueName":"search_term_string"}}],"inLanguage":"fr-FR"},{"@type":["Person","Organization"],"@id":"https:\/\/wordpress.callac.online\/#\/schema\/person\/04061f1ca2c2c42039142a704be95940","name":"dlefur","image":{"@type":"ImageObject","inLanguage":"fr-FR","@id":"https:\/\/wordpress.callac.online\/#\/schema\/person\/image\/","url":"https:\/\/secure.gravatar.com\/avatar\/4a9e17be136808c6597f28aa2b6c13126dab066fdc2198ff60090972c9b7fafc?s=96&d=mm&r=g","contentUrl":"https:\/\/secure.gravatar.com\/avatar\/4a9e17be136808c6597f28aa2b6c13126dab066fdc2198ff60090972c9b7fafc?s=96&d=mm&r=g","caption":"dlefur"},"logo":{"@id":"https:\/\/wordpress.callac.online\/#\/schema\/person\/image\/"},"description":"Enseignant de math\u00e9matiques Lyc\u00e9e Pasteur S\u00e3o Paulo","sameAs":["http:\/\/wordpress.callac.online"]}]}},"_links":{"self":[{"href":"https:\/\/wordpress.callac.online\/index.php\/wp-json\/wp\/v2\/pages\/328","targetHints":{"allow":["GET"]}}],"collection":[{"href":"https:\/\/wordpress.callac.online\/index.php\/wp-json\/wp\/v2\/pages"}],"about":[{"href":"https:\/\/wordpress.callac.online\/index.php\/wp-json\/wp\/v2\/types\/page"}],"author":[{"embeddable":true,"href":"https:\/\/wordpress.callac.online\/index.php\/wp-json\/wp\/v2\/users\/1"}],"replies":[{"embeddable":true,"href":"https:\/\/wordpress.callac.online\/index.php\/wp-json\/wp\/v2\/comments?post=328"}],"version-history":[{"count":2,"href":"https:\/\/wordpress.callac.online\/index.php\/wp-json\/wp\/v2\/pages\/328\/revisions"}],"predecessor-version":[{"id":2833,"href":"https:\/\/wordpress.callac.online\/index.php\/wp-json\/wp\/v2\/pages\/328\/revisions\/2833"}],"up":[{"embeddable":true,"href":"https:\/\/wordpress.callac.online\/index.php\/wp-json\/wp\/v2\/pages\/982"}],"wp:attachment":[{"href":"https:\/\/wordpress.callac.online\/index.php\/wp-json\/wp\/v2\/media?parent=328"}],"curies":[{"name":"wp","href":"https:\/\/api.w.org\/{rel}","templated":true}]}}