{"id":330,"date":"2016-01-26T10:13:15","date_gmt":"2016-01-26T09:13:15","guid":{"rendered":"http:\/\/wordpress.callac.online\/index.php\/comment-charger-et-lancer-un-programme-avec-le-robot-edison\/"},"modified":"2022-01-05T22:41:58","modified_gmt":"2022-01-05T21:41:58","slug":"comment-charger-et-lancer-un-programme-avec-le-robot-edison","status":"publish","type":"page","link":"https:\/\/wordpress.callac.online\/index.php\/numerique\/le-robot-edison\/comment-charger-et-lancer-un-programme-avec-le-robot-edison\/","title":{"rendered":"Comment  charger et lancer un programme avec le robot Edison"},"content":{"rendered":"<h2>Chargement du programme<\/h2>\n<p>Dans cette explication, je prendrai comme interface le site <a href=\"http:\/\/edwareapp.com\/\">http:\/\/edwareapp.com\/<\/a> comme interface de programmation.<\/p>\n<p>Votre programme est termin\u00e9 et sauvegard\u00e9.<\/p>\n<p>Le volume sonore est au maximum et d&rsquo;autres applications n&rsquo;utilisent pas le son.<\/p>\n<p>Le robot est sous tension et le c\u00e2ble est branch\u00e9<\/p>\n<p>On peut d\u00e9marrer :<br \/>\n&#8211; cliquer sur l&rsquo;ic\u00f4ne \u00ab\u00a0Program Edison\u00a0\u00bb.<br \/>\n&#8211; appuyer sur le bouton rond du robot.<\/p>\n<p>Si tout va bien, un bruit d\u00e9sagr\u00e9able va s&rsquo;entendre sur le robot suivi d&rsquo;un petit beep sympathique. Tout s&rsquo;est bien pass\u00e9. Le programme est t\u00e9l\u00e9charg\u00e9.<\/p>\n<p>Si vous n&rsquo;avez rien entendu, essayer de v\u00e9rifier vos param\u00e8tres sonores. Pour ma part, de temps en temps, en lan\u00e7ant une autre application (lecteur de musique) puis en l&rsquo;arr\u00eatant, \u00e7a r\u00e8gle le probl\u00e8me. C&rsquo;est \u00e0 mon sens le point faible de ce robot.<\/p>\n<p>Si le son final est d\u00e9faitiste, essayez de diminuer le volume sonore.<\/p>\n<p>NB : en appuyant sur le carr\u00e9 gris du robot, la proc\u00e9dure de t\u00e9l\u00e9chargement s\u2019arr\u00eate.<\/p>\n<h2>Lancement du programme<\/h2>\n<p>Il suffit d&rsquo;appuyer sur la fl\u00e8che grise ru robot.<\/p>\n","protected":false},"excerpt":{"rendered":"<p>Chargement du programme Dans cette explication, je prendrai comme interface le site http:\/\/edwareapp.com\/ comme interface de programmation. Votre programme est termin\u00e9 et sauvegard\u00e9. Le volume sonore est au maximum et&hellip;<\/p>\n","protected":false},"author":1,"featured_media":0,"parent":982,"menu_order":2,"comment_status":"closed","ping_status":"closed","template":"","meta":{"footnotes":""},"class_list":["post-330","page","type-page","status-publish","hentry"],"yoast_head":"<!-- This site is optimized with the Yoast SEO plugin v27.1.1 - https:\/\/yoast.com\/product\/yoast-seo-wordpress\/ -->\n<title>Comment charger et lancer un programme avec le robot Edison - Maths &amp; Num\u00e9rique<\/title>\n<meta name=\"robots\" content=\"index, follow, max-snippet:-1, max-image-preview:large, max-video-preview:-1\" \/>\n<link rel=\"canonical\" href=\"https:\/\/wordpress.callac.online\/index.php\/numerique\/le-robot-edison\/comment-charger-et-lancer-un-programme-avec-le-robot-edison\/\" \/>\n<meta property=\"og:locale\" content=\"fr_FR\" \/>\n<meta property=\"og:type\" content=\"article\" \/>\n<meta property=\"og:title\" content=\"Comment charger et lancer un programme avec le robot Edison - Maths &amp; Num\u00e9rique\" \/>\n<meta property=\"og:description\" content=\"Chargement du programme Dans cette explication, je prendrai comme interface le site http:\/\/edwareapp.com\/ comme interface de programmation. Votre programme est termin\u00e9 et sauvegard\u00e9. Le volume sonore est au maximum et&hellip;\" \/>\n<meta property=\"og:url\" content=\"https:\/\/wordpress.callac.online\/index.php\/numerique\/le-robot-edison\/comment-charger-et-lancer-un-programme-avec-le-robot-edison\/\" \/>\n<meta property=\"og:site_name\" content=\"Maths &amp; Num\u00e9rique\" \/>\n<meta property=\"article:modified_time\" content=\"2022-01-05T21:41:58+00:00\" \/>\n<meta name=\"twitter:card\" content=\"summary_large_image\" \/>\n<meta name=\"twitter:label1\" content=\"Dur\u00e9e de lecture estim\u00e9e\" \/>\n\t<meta name=\"twitter:data1\" content=\"1 minute\" \/>\n<script type=\"application\/ld+json\" class=\"yoast-schema-graph\">{\"@context\":\"https:\/\/schema.org\",\"@graph\":[{\"@type\":\"WebPage\",\"@id\":\"https:\/\/wordpress.callac.online\/index.php\/numerique\/le-robot-edison\/comment-charger-et-lancer-un-programme-avec-le-robot-edison\/\",\"url\":\"https:\/\/wordpress.callac.online\/index.php\/numerique\/le-robot-edison\/comment-charger-et-lancer-un-programme-avec-le-robot-edison\/\",\"name\":\"Comment charger et lancer un programme avec le robot Edison - Maths &amp; Num\u00e9rique\",\"isPartOf\":{\"@id\":\"https:\/\/wordpress.callac.online\/#website\"},\"datePublished\":\"2016-01-26T09:13:15+00:00\",\"dateModified\":\"2022-01-05T21:41:58+00:00\",\"breadcrumb\":{\"@id\":\"https:\/\/wordpress.callac.online\/index.php\/numerique\/le-robot-edison\/comment-charger-et-lancer-un-programme-avec-le-robot-edison\/#breadcrumb\"},\"inLanguage\":\"fr-FR\",\"potentialAction\":[{\"@type\":\"ReadAction\",\"target\":[\"https:\/\/wordpress.callac.online\/index.php\/numerique\/le-robot-edison\/comment-charger-et-lancer-un-programme-avec-le-robot-edison\/\"]}]},{\"@type\":\"BreadcrumbList\",\"@id\":\"https:\/\/wordpress.callac.online\/index.php\/numerique\/le-robot-edison\/comment-charger-et-lancer-un-programme-avec-le-robot-edison\/#breadcrumb\",\"itemListElement\":[{\"@type\":\"ListItem\",\"position\":1,\"name\":\"Accueil\",\"item\":\"https:\/\/wordpress.callac.online\/\"},{\"@type\":\"ListItem\",\"position\":2,\"name\":\"Num\u00e9rique\",\"item\":\"https:\/\/wordpress.callac.online\/index.php\/numerique\/\"},{\"@type\":\"ListItem\",\"position\":3,\"name\":\"Le robot Edison\",\"item\":\"https:\/\/wordpress.callac.online\/index.php\/numerique\/le-robot-edison\/\"},{\"@type\":\"ListItem\",\"position\":4,\"name\":\"Comment charger et lancer un programme avec le robot Edison\"}]},{\"@type\":\"WebSite\",\"@id\":\"https:\/\/wordpress.callac.online\/#website\",\"url\":\"https:\/\/wordpress.callac.online\/\",\"name\":\"Maths & Num\u00e9rique\",\"description\":\"Des outils pour les enseignants de math\u00e9matiques et de num\u00e9rique\",\"publisher\":{\"@id\":\"https:\/\/wordpress.callac.online\/#\/schema\/person\/04061f1ca2c2c42039142a704be95940\"},\"potentialAction\":[{\"@type\":\"SearchAction\",\"target\":{\"@type\":\"EntryPoint\",\"urlTemplate\":\"https:\/\/wordpress.callac.online\/?s={search_term_string}\"},\"query-input\":{\"@type\":\"PropertyValueSpecification\",\"valueRequired\":true,\"valueName\":\"search_term_string\"}}],\"inLanguage\":\"fr-FR\"},{\"@type\":[\"Person\",\"Organization\"],\"@id\":\"https:\/\/wordpress.callac.online\/#\/schema\/person\/04061f1ca2c2c42039142a704be95940\",\"name\":\"dlefur\",\"image\":{\"@type\":\"ImageObject\",\"inLanguage\":\"fr-FR\",\"@id\":\"https:\/\/wordpress.callac.online\/#\/schema\/person\/image\/\",\"url\":\"https:\/\/secure.gravatar.com\/avatar\/4a9e17be136808c6597f28aa2b6c13126dab066fdc2198ff60090972c9b7fafc?s=96&d=mm&r=g\",\"contentUrl\":\"https:\/\/secure.gravatar.com\/avatar\/4a9e17be136808c6597f28aa2b6c13126dab066fdc2198ff60090972c9b7fafc?s=96&d=mm&r=g\",\"caption\":\"dlefur\"},\"logo\":{\"@id\":\"https:\/\/wordpress.callac.online\/#\/schema\/person\/image\/\"},\"description\":\"Enseignant de math\u00e9matiques Lyc\u00e9e Pasteur S\u00e3o Paulo\",\"sameAs\":[\"http:\/\/wordpress.callac.online\"]}]}<\/script>\n<!-- \/ Yoast SEO plugin. -->","yoast_head_json":{"title":"Comment charger et lancer un programme avec le robot Edison - Maths &amp; Num\u00e9rique","robots":{"index":"index","follow":"follow","max-snippet":"max-snippet:-1","max-image-preview":"max-image-preview:large","max-video-preview":"max-video-preview:-1"},"canonical":"https:\/\/wordpress.callac.online\/index.php\/numerique\/le-robot-edison\/comment-charger-et-lancer-un-programme-avec-le-robot-edison\/","og_locale":"fr_FR","og_type":"article","og_title":"Comment charger et lancer un programme avec le robot Edison - Maths &amp; Num\u00e9rique","og_description":"Chargement du programme Dans cette explication, je prendrai comme interface le site http:\/\/edwareapp.com\/ comme interface de programmation. Votre programme est termin\u00e9 et sauvegard\u00e9. Le volume sonore est au maximum et&hellip;","og_url":"https:\/\/wordpress.callac.online\/index.php\/numerique\/le-robot-edison\/comment-charger-et-lancer-un-programme-avec-le-robot-edison\/","og_site_name":"Maths &amp; Num\u00e9rique","article_modified_time":"2022-01-05T21:41:58+00:00","twitter_card":"summary_large_image","twitter_misc":{"Dur\u00e9e de lecture estim\u00e9e":"1 minute"},"schema":{"@context":"https:\/\/schema.org","@graph":[{"@type":"WebPage","@id":"https:\/\/wordpress.callac.online\/index.php\/numerique\/le-robot-edison\/comment-charger-et-lancer-un-programme-avec-le-robot-edison\/","url":"https:\/\/wordpress.callac.online\/index.php\/numerique\/le-robot-edison\/comment-charger-et-lancer-un-programme-avec-le-robot-edison\/","name":"Comment charger et lancer un programme avec le robot Edison - Maths &amp; Num\u00e9rique","isPartOf":{"@id":"https:\/\/wordpress.callac.online\/#website"},"datePublished":"2016-01-26T09:13:15+00:00","dateModified":"2022-01-05T21:41:58+00:00","breadcrumb":{"@id":"https:\/\/wordpress.callac.online\/index.php\/numerique\/le-robot-edison\/comment-charger-et-lancer-un-programme-avec-le-robot-edison\/#breadcrumb"},"inLanguage":"fr-FR","potentialAction":[{"@type":"ReadAction","target":["https:\/\/wordpress.callac.online\/index.php\/numerique\/le-robot-edison\/comment-charger-et-lancer-un-programme-avec-le-robot-edison\/"]}]},{"@type":"BreadcrumbList","@id":"https:\/\/wordpress.callac.online\/index.php\/numerique\/le-robot-edison\/comment-charger-et-lancer-un-programme-avec-le-robot-edison\/#breadcrumb","itemListElement":[{"@type":"ListItem","position":1,"name":"Accueil","item":"https:\/\/wordpress.callac.online\/"},{"@type":"ListItem","position":2,"name":"Num\u00e9rique","item":"https:\/\/wordpress.callac.online\/index.php\/numerique\/"},{"@type":"ListItem","position":3,"name":"Le robot Edison","item":"https:\/\/wordpress.callac.online\/index.php\/numerique\/le-robot-edison\/"},{"@type":"ListItem","position":4,"name":"Comment charger et lancer un programme avec le robot Edison"}]},{"@type":"WebSite","@id":"https:\/\/wordpress.callac.online\/#website","url":"https:\/\/wordpress.callac.online\/","name":"Maths & Num\u00e9rique","description":"Des outils pour les enseignants de math\u00e9matiques et de num\u00e9rique","publisher":{"@id":"https:\/\/wordpress.callac.online\/#\/schema\/person\/04061f1ca2c2c42039142a704be95940"},"potentialAction":[{"@type":"SearchAction","target":{"@type":"EntryPoint","urlTemplate":"https:\/\/wordpress.callac.online\/?s={search_term_string}"},"query-input":{"@type":"PropertyValueSpecification","valueRequired":true,"valueName":"search_term_string"}}],"inLanguage":"fr-FR"},{"@type":["Person","Organization"],"@id":"https:\/\/wordpress.callac.online\/#\/schema\/person\/04061f1ca2c2c42039142a704be95940","name":"dlefur","image":{"@type":"ImageObject","inLanguage":"fr-FR","@id":"https:\/\/wordpress.callac.online\/#\/schema\/person\/image\/","url":"https:\/\/secure.gravatar.com\/avatar\/4a9e17be136808c6597f28aa2b6c13126dab066fdc2198ff60090972c9b7fafc?s=96&d=mm&r=g","contentUrl":"https:\/\/secure.gravatar.com\/avatar\/4a9e17be136808c6597f28aa2b6c13126dab066fdc2198ff60090972c9b7fafc?s=96&d=mm&r=g","caption":"dlefur"},"logo":{"@id":"https:\/\/wordpress.callac.online\/#\/schema\/person\/image\/"},"description":"Enseignant de math\u00e9matiques Lyc\u00e9e Pasteur S\u00e3o Paulo","sameAs":["http:\/\/wordpress.callac.online"]}]}},"_links":{"self":[{"href":"https:\/\/wordpress.callac.online\/index.php\/wp-json\/wp\/v2\/pages\/330","targetHints":{"allow":["GET"]}}],"collection":[{"href":"https:\/\/wordpress.callac.online\/index.php\/wp-json\/wp\/v2\/pages"}],"about":[{"href":"https:\/\/wordpress.callac.online\/index.php\/wp-json\/wp\/v2\/types\/page"}],"author":[{"embeddable":true,"href":"https:\/\/wordpress.callac.online\/index.php\/wp-json\/wp\/v2\/users\/1"}],"replies":[{"embeddable":true,"href":"https:\/\/wordpress.callac.online\/index.php\/wp-json\/wp\/v2\/comments?post=330"}],"version-history":[{"count":1,"href":"https:\/\/wordpress.callac.online\/index.php\/wp-json\/wp\/v2\/pages\/330\/revisions"}],"predecessor-version":[{"id":996,"href":"https:\/\/wordpress.callac.online\/index.php\/wp-json\/wp\/v2\/pages\/330\/revisions\/996"}],"up":[{"embeddable":true,"href":"https:\/\/wordpress.callac.online\/index.php\/wp-json\/wp\/v2\/pages\/982"}],"wp:attachment":[{"href":"https:\/\/wordpress.callac.online\/index.php\/wp-json\/wp\/v2\/media?parent=330"}],"curies":[{"name":"wp","href":"https:\/\/api.w.org\/{rel}","templated":true}]}}