{"id":332,"date":"2016-01-27T10:12:13","date_gmt":"2016-01-27T09:12:13","guid":{"rendered":"http:\/\/wordpress.callac.online\/index.php\/suivi-de-ligne-avec-le-robot-edison\/"},"modified":"2022-01-05T22:41:58","modified_gmt":"2022-01-05T21:41:58","slug":"suivi-de-ligne-avec-le-robot-edison","status":"publish","type":"page","link":"https:\/\/wordpress.callac.online\/index.php\/numerique\/le-robot-edison\/suivi-de-ligne-avec-le-robot-edison\/","title":{"rendered":"Suivi de ligne avec le robot Edison"},"content":{"rendered":"<h2>Le principe<\/h2>\n<p>On commence par mettre le robot dans le mode <strong>Line Tracking<\/strong>.<\/p>\n<p>Au d\u00e9part, le robot est plac\u00e9 sur la ligne noire.<\/p>\n<p>Lorsqu&rsquo;il est sur la ligne noire, on fait avancer le robot d&rsquo;un c\u00f4t\u00e9. Sinon, on le fait avancer de l&rsquo;autre. Le robot avance donc en zigzag autour de la ligne.<\/p>\n<h2>Un exemple<\/h2>\n<p>Ici, le robot avance vers la gauche quand le robot est sur la ligne, sinon il avance \u00e0 droite.<\/p>\n<p><img loading=\"lazy\" decoding=\"async\" class=\" aligncenter size-full wp-image-932\" src=\"http:\/\/wordpress.callac.online\/wp-content\/uploads\/2016\/01\/png_ex-suivi-ligne01.png\" alt=\"ex-suivi-ligne01.png\" width=\"599\" height=\"346\" align=\"center\" srcset=\"https:\/\/wordpress.callac.online\/wp-content\/uploads\/2016\/01\/png_ex-suivi-ligne01.png 599w, https:\/\/wordpress.callac.online\/wp-content\/uploads\/2016\/01\/png_ex-suivi-ligne01-300x173.png 300w\" sizes=\"auto, (max-width: 599px) 100vw, 599px\" \/><\/p>\n<p>Voici <a href=\"http:\/\/www.edwareapp.com\/share\/QzDiD\">son lien<\/a>.<\/p>\n","protected":false},"excerpt":{"rendered":"<p>Le principe On commence par mettre le robot dans le mode Line Tracking. Au d\u00e9part, le robot est plac\u00e9 sur la ligne noire. Lorsqu&rsquo;il est sur la ligne noire, on&hellip;<\/p>\n","protected":false},"author":1,"featured_media":0,"parent":982,"menu_order":4,"comment_status":"closed","ping_status":"closed","template":"","meta":{"footnotes":""},"class_list":["post-332","page","type-page","status-publish","hentry"],"yoast_head":"<!-- This site is optimized with the Yoast SEO plugin v27.1.1 - https:\/\/yoast.com\/product\/yoast-seo-wordpress\/ -->\n<title>Suivi de ligne avec le robot Edison - Maths &amp; Num\u00e9rique<\/title>\n<meta name=\"robots\" content=\"index, follow, max-snippet:-1, max-image-preview:large, max-video-preview:-1\" \/>\n<link rel=\"canonical\" href=\"https:\/\/wordpress.callac.online\/index.php\/numerique\/le-robot-edison\/suivi-de-ligne-avec-le-robot-edison\/\" \/>\n<meta property=\"og:locale\" content=\"fr_FR\" \/>\n<meta property=\"og:type\" content=\"article\" \/>\n<meta property=\"og:title\" content=\"Suivi de ligne avec le robot Edison - Maths &amp; Num\u00e9rique\" \/>\n<meta property=\"og:description\" content=\"Le principe On commence par mettre le robot dans le mode Line Tracking. Au d\u00e9part, le robot est plac\u00e9 sur la ligne noire. Lorsqu&rsquo;il est sur la ligne noire, on&hellip;\" \/>\n<meta property=\"og:url\" content=\"https:\/\/wordpress.callac.online\/index.php\/numerique\/le-robot-edison\/suivi-de-ligne-avec-le-robot-edison\/\" \/>\n<meta property=\"og:site_name\" content=\"Maths &amp; Num\u00e9rique\" \/>\n<meta property=\"article:modified_time\" content=\"2022-01-05T21:41:58+00:00\" \/>\n<meta property=\"og:image\" content=\"http:\/\/wordpress.callac.online\/wp-content\/uploads\/2016\/01\/png_ex-suivi-ligne01.png\" \/>\n<meta name=\"twitter:card\" content=\"summary_large_image\" \/>\n<script type=\"application\/ld+json\" class=\"yoast-schema-graph\">{\"@context\":\"https:\/\/schema.org\",\"@graph\":[{\"@type\":\"WebPage\",\"@id\":\"https:\/\/wordpress.callac.online\/index.php\/numerique\/le-robot-edison\/suivi-de-ligne-avec-le-robot-edison\/\",\"url\":\"https:\/\/wordpress.callac.online\/index.php\/numerique\/le-robot-edison\/suivi-de-ligne-avec-le-robot-edison\/\",\"name\":\"Suivi de ligne avec le robot Edison - Maths &amp; Num\u00e9rique\",\"isPartOf\":{\"@id\":\"https:\/\/wordpress.callac.online\/#website\"},\"primaryImageOfPage\":{\"@id\":\"https:\/\/wordpress.callac.online\/index.php\/numerique\/le-robot-edison\/suivi-de-ligne-avec-le-robot-edison\/#primaryimage\"},\"image\":{\"@id\":\"https:\/\/wordpress.callac.online\/index.php\/numerique\/le-robot-edison\/suivi-de-ligne-avec-le-robot-edison\/#primaryimage\"},\"thumbnailUrl\":\"http:\/\/wordpress.callac.online\/wp-content\/uploads\/2016\/01\/png_ex-suivi-ligne01.png\",\"datePublished\":\"2016-01-27T09:12:13+00:00\",\"dateModified\":\"2022-01-05T21:41:58+00:00\",\"breadcrumb\":{\"@id\":\"https:\/\/wordpress.callac.online\/index.php\/numerique\/le-robot-edison\/suivi-de-ligne-avec-le-robot-edison\/#breadcrumb\"},\"inLanguage\":\"fr-FR\",\"potentialAction\":[{\"@type\":\"ReadAction\",\"target\":[\"https:\/\/wordpress.callac.online\/index.php\/numerique\/le-robot-edison\/suivi-de-ligne-avec-le-robot-edison\/\"]}]},{\"@type\":\"ImageObject\",\"inLanguage\":\"fr-FR\",\"@id\":\"https:\/\/wordpress.callac.online\/index.php\/numerique\/le-robot-edison\/suivi-de-ligne-avec-le-robot-edison\/#primaryimage\",\"url\":\"https:\/\/wordpress.callac.online\/wp-content\/uploads\/2016\/01\/png_ex-suivi-ligne01.png\",\"contentUrl\":\"https:\/\/wordpress.callac.online\/wp-content\/uploads\/2016\/01\/png_ex-suivi-ligne01.png\",\"width\":599,\"height\":346,\"caption\":\"ex-suivi-ligne01.png\"},{\"@type\":\"BreadcrumbList\",\"@id\":\"https:\/\/wordpress.callac.online\/index.php\/numerique\/le-robot-edison\/suivi-de-ligne-avec-le-robot-edison\/#breadcrumb\",\"itemListElement\":[{\"@type\":\"ListItem\",\"position\":1,\"name\":\"Accueil\",\"item\":\"https:\/\/wordpress.callac.online\/\"},{\"@type\":\"ListItem\",\"position\":2,\"name\":\"Num\u00e9rique\",\"item\":\"https:\/\/wordpress.callac.online\/index.php\/numerique\/\"},{\"@type\":\"ListItem\",\"position\":3,\"name\":\"Le robot Edison\",\"item\":\"https:\/\/wordpress.callac.online\/index.php\/numerique\/le-robot-edison\/\"},{\"@type\":\"ListItem\",\"position\":4,\"name\":\"Suivi de ligne avec le robot Edison\"}]},{\"@type\":\"WebSite\",\"@id\":\"https:\/\/wordpress.callac.online\/#website\",\"url\":\"https:\/\/wordpress.callac.online\/\",\"name\":\"Maths & Num\u00e9rique\",\"description\":\"Des outils pour les enseignants de math\u00e9matiques et de num\u00e9rique\",\"publisher\":{\"@id\":\"https:\/\/wordpress.callac.online\/#\/schema\/person\/04061f1ca2c2c42039142a704be95940\"},\"potentialAction\":[{\"@type\":\"SearchAction\",\"target\":{\"@type\":\"EntryPoint\",\"urlTemplate\":\"https:\/\/wordpress.callac.online\/?s={search_term_string}\"},\"query-input\":{\"@type\":\"PropertyValueSpecification\",\"valueRequired\":true,\"valueName\":\"search_term_string\"}}],\"inLanguage\":\"fr-FR\"},{\"@type\":[\"Person\",\"Organization\"],\"@id\":\"https:\/\/wordpress.callac.online\/#\/schema\/person\/04061f1ca2c2c42039142a704be95940\",\"name\":\"dlefur\",\"image\":{\"@type\":\"ImageObject\",\"inLanguage\":\"fr-FR\",\"@id\":\"https:\/\/wordpress.callac.online\/#\/schema\/person\/image\/\",\"url\":\"https:\/\/secure.gravatar.com\/avatar\/4a9e17be136808c6597f28aa2b6c13126dab066fdc2198ff60090972c9b7fafc?s=96&d=mm&r=g\",\"contentUrl\":\"https:\/\/secure.gravatar.com\/avatar\/4a9e17be136808c6597f28aa2b6c13126dab066fdc2198ff60090972c9b7fafc?s=96&d=mm&r=g\",\"caption\":\"dlefur\"},\"logo\":{\"@id\":\"https:\/\/wordpress.callac.online\/#\/schema\/person\/image\/\"},\"description\":\"Enseignant de math\u00e9matiques Lyc\u00e9e Pasteur S\u00e3o Paulo\",\"sameAs\":[\"http:\/\/wordpress.callac.online\"]}]}<\/script>\n<!-- \/ Yoast SEO plugin. -->","yoast_head_json":{"title":"Suivi de ligne avec le robot Edison - Maths &amp; Num\u00e9rique","robots":{"index":"index","follow":"follow","max-snippet":"max-snippet:-1","max-image-preview":"max-image-preview:large","max-video-preview":"max-video-preview:-1"},"canonical":"https:\/\/wordpress.callac.online\/index.php\/numerique\/le-robot-edison\/suivi-de-ligne-avec-le-robot-edison\/","og_locale":"fr_FR","og_type":"article","og_title":"Suivi de ligne avec le robot Edison - Maths &amp; Num\u00e9rique","og_description":"Le principe On commence par mettre le robot dans le mode Line Tracking. Au d\u00e9part, le robot est plac\u00e9 sur la ligne noire. Lorsqu&rsquo;il est sur la ligne noire, on&hellip;","og_url":"https:\/\/wordpress.callac.online\/index.php\/numerique\/le-robot-edison\/suivi-de-ligne-avec-le-robot-edison\/","og_site_name":"Maths &amp; Num\u00e9rique","article_modified_time":"2022-01-05T21:41:58+00:00","og_image":[{"url":"http:\/\/wordpress.callac.online\/wp-content\/uploads\/2016\/01\/png_ex-suivi-ligne01.png","type":"","width":"","height":""}],"twitter_card":"summary_large_image","schema":{"@context":"https:\/\/schema.org","@graph":[{"@type":"WebPage","@id":"https:\/\/wordpress.callac.online\/index.php\/numerique\/le-robot-edison\/suivi-de-ligne-avec-le-robot-edison\/","url":"https:\/\/wordpress.callac.online\/index.php\/numerique\/le-robot-edison\/suivi-de-ligne-avec-le-robot-edison\/","name":"Suivi de ligne avec le robot Edison - Maths &amp; Num\u00e9rique","isPartOf":{"@id":"https:\/\/wordpress.callac.online\/#website"},"primaryImageOfPage":{"@id":"https:\/\/wordpress.callac.online\/index.php\/numerique\/le-robot-edison\/suivi-de-ligne-avec-le-robot-edison\/#primaryimage"},"image":{"@id":"https:\/\/wordpress.callac.online\/index.php\/numerique\/le-robot-edison\/suivi-de-ligne-avec-le-robot-edison\/#primaryimage"},"thumbnailUrl":"http:\/\/wordpress.callac.online\/wp-content\/uploads\/2016\/01\/png_ex-suivi-ligne01.png","datePublished":"2016-01-27T09:12:13+00:00","dateModified":"2022-01-05T21:41:58+00:00","breadcrumb":{"@id":"https:\/\/wordpress.callac.online\/index.php\/numerique\/le-robot-edison\/suivi-de-ligne-avec-le-robot-edison\/#breadcrumb"},"inLanguage":"fr-FR","potentialAction":[{"@type":"ReadAction","target":["https:\/\/wordpress.callac.online\/index.php\/numerique\/le-robot-edison\/suivi-de-ligne-avec-le-robot-edison\/"]}]},{"@type":"ImageObject","inLanguage":"fr-FR","@id":"https:\/\/wordpress.callac.online\/index.php\/numerique\/le-robot-edison\/suivi-de-ligne-avec-le-robot-edison\/#primaryimage","url":"https:\/\/wordpress.callac.online\/wp-content\/uploads\/2016\/01\/png_ex-suivi-ligne01.png","contentUrl":"https:\/\/wordpress.callac.online\/wp-content\/uploads\/2016\/01\/png_ex-suivi-ligne01.png","width":599,"height":346,"caption":"ex-suivi-ligne01.png"},{"@type":"BreadcrumbList","@id":"https:\/\/wordpress.callac.online\/index.php\/numerique\/le-robot-edison\/suivi-de-ligne-avec-le-robot-edison\/#breadcrumb","itemListElement":[{"@type":"ListItem","position":1,"name":"Accueil","item":"https:\/\/wordpress.callac.online\/"},{"@type":"ListItem","position":2,"name":"Num\u00e9rique","item":"https:\/\/wordpress.callac.online\/index.php\/numerique\/"},{"@type":"ListItem","position":3,"name":"Le robot Edison","item":"https:\/\/wordpress.callac.online\/index.php\/numerique\/le-robot-edison\/"},{"@type":"ListItem","position":4,"name":"Suivi de ligne avec le robot Edison"}]},{"@type":"WebSite","@id":"https:\/\/wordpress.callac.online\/#website","url":"https:\/\/wordpress.callac.online\/","name":"Maths & Num\u00e9rique","description":"Des outils pour les enseignants de math\u00e9matiques et de num\u00e9rique","publisher":{"@id":"https:\/\/wordpress.callac.online\/#\/schema\/person\/04061f1ca2c2c42039142a704be95940"},"potentialAction":[{"@type":"SearchAction","target":{"@type":"EntryPoint","urlTemplate":"https:\/\/wordpress.callac.online\/?s={search_term_string}"},"query-input":{"@type":"PropertyValueSpecification","valueRequired":true,"valueName":"search_term_string"}}],"inLanguage":"fr-FR"},{"@type":["Person","Organization"],"@id":"https:\/\/wordpress.callac.online\/#\/schema\/person\/04061f1ca2c2c42039142a704be95940","name":"dlefur","image":{"@type":"ImageObject","inLanguage":"fr-FR","@id":"https:\/\/wordpress.callac.online\/#\/schema\/person\/image\/","url":"https:\/\/secure.gravatar.com\/avatar\/4a9e17be136808c6597f28aa2b6c13126dab066fdc2198ff60090972c9b7fafc?s=96&d=mm&r=g","contentUrl":"https:\/\/secure.gravatar.com\/avatar\/4a9e17be136808c6597f28aa2b6c13126dab066fdc2198ff60090972c9b7fafc?s=96&d=mm&r=g","caption":"dlefur"},"logo":{"@id":"https:\/\/wordpress.callac.online\/#\/schema\/person\/image\/"},"description":"Enseignant de math\u00e9matiques Lyc\u00e9e Pasteur S\u00e3o Paulo","sameAs":["http:\/\/wordpress.callac.online"]}]}},"_links":{"self":[{"href":"https:\/\/wordpress.callac.online\/index.php\/wp-json\/wp\/v2\/pages\/332","targetHints":{"allow":["GET"]}}],"collection":[{"href":"https:\/\/wordpress.callac.online\/index.php\/wp-json\/wp\/v2\/pages"}],"about":[{"href":"https:\/\/wordpress.callac.online\/index.php\/wp-json\/wp\/v2\/types\/page"}],"author":[{"embeddable":true,"href":"https:\/\/wordpress.callac.online\/index.php\/wp-json\/wp\/v2\/users\/1"}],"replies":[{"embeddable":true,"href":"https:\/\/wordpress.callac.online\/index.php\/wp-json\/wp\/v2\/comments?post=332"}],"version-history":[{"count":2,"href":"https:\/\/wordpress.callac.online\/index.php\/wp-json\/wp\/v2\/pages\/332\/revisions"}],"predecessor-version":[{"id":2836,"href":"https:\/\/wordpress.callac.online\/index.php\/wp-json\/wp\/v2\/pages\/332\/revisions\/2836"}],"up":[{"embeddable":true,"href":"https:\/\/wordpress.callac.online\/index.php\/wp-json\/wp\/v2\/pages\/982"}],"wp:attachment":[{"href":"https:\/\/wordpress.callac.online\/index.php\/wp-json\/wp\/v2\/media?parent=332"}],"curies":[{"name":"wp","href":"https:\/\/api.w.org\/{rel}","templated":true}]}}