{"id":3335,"date":"2022-11-28T16:51:00","date_gmt":"2022-11-28T15:51:19","guid":{"rendered":"https:\/\/wordpress.callac.online\/index.php\/logiciels-mathematiques\/scratch\/programmer-mbot-avec-mblock-version-web\/"},"modified":"2023-10-14T20:13:30","modified_gmt":"2023-10-14T18:13:30","slug":"programmer-mbot-avec-mblock-version-web","status":"publish","type":"page","link":"https:\/\/wordpress.callac.online\/index.php\/logiciels-mathematiques\/scratch\/le-robot-mbot\/avant-de-programmer-mbot\/programmer-mbot-avec-mblock-version-web\/","title":{"rendered":"Programmer mBot avec mBlock (version web)"},"content":{"rendered":"\n<h3 class=\"wp-block-heading\">Deux modes de programmer mBot<\/h3>\n\n\n\n<p>Mbot est un robot que l\u2019on programme en Scratch. <\/p>\n\n\n\n<ul class=\"wp-block-list\">\n<li>On peut installer une version du logiciel (voir l&rsquo;article pr\u00e9c\u00e9dent).<\/li>\n\n\n\n<li>Mais on peut aussi utiliser la version web.<\/li>\n<\/ul>\n\n\n\n<h3 class=\"wp-block-heading\">Comment proc\u00e9der <\/h3>\n\n\n\n<p>La version web est disponible ici : <a href=\"https:\/\/ide.mblock.cc\/\" target=\"_blank\" rel=\"noreferrer noopener\">https:\/\/ide.mblock.cc\/<\/a> .<\/p>\n\n\n\n<p>Il faut aussi installer le logiciel mLink pour pouvoir connecter le robot : <a href=\"https:\/\/mblock.makeblock.com\/en-us\/download\/mlink\/\" target=\"_blank\" rel=\"noreferrer noopener\">https:\/\/mblock.makeblock.com\/en-us\/download\/mlink\/<\/a> .<\/p>\n\n\n\n<h3 class=\"wp-block-heading\">Les premi\u00e8res \u00e9tapes<\/h3>\n\n\n\n<ol class=\"wp-block-list\">\n<li>Avant de pouvoir connecter le robot, il faudra lancer le programme mLink.<\/li>\n\n\n\n<li>Dans MBlock, supprimer l&rsquo;appareil cyberPi et ajouter l&rsquo;appareil mBot.<\/li>\n\n\n\n<li>Si besoin, rajouter des extensions pour mBot.<\/li>\n<\/ol>\n\n\n\n<h3 class=\"wp-block-heading\">Premier mode de fonctionnement : \u00ab\u00a0En direct\u00a0\u00bb<\/h3>\n\n\n\n<p>Dans ce mode, le robot devra rest\u00e9 connect\u00e9 par cable USB. Cette \u00e9tape est tr\u00e8s utile pour comprend le fonctionnement du robot et de ces capteurs.<\/p>\n\n\n\n<p>Il faut pour cela que le robot contienne un programme de communication.<\/p>\n\n\n\n<p>Pour cela :<\/p>\n\n\n\n<ol class=\"wp-block-list\">\n<li>cliquer sur \u00ab\u00a0En direct\u00a0\u00bb ;<\/li>\n\n\n\n<li>brancher le robot par USB <strong>et mettre sous tension le robot<\/strong> ;<\/li>\n\n\n\n<li>cliquer sur \u00ab\u00a0Connecter\u00a0\u00bb ;<\/li>\n\n\n\n<li>choisir le port USB et connecter le robot ;<\/li>\n\n\n\n<li>cliquer sur Param\u00e8tres ;<\/li>\n\n\n\n<li>t\u00e9l\u00e9verser le programme de communication.<\/li>\n<\/ol>\n\n\n\n<p>Vous pouvez ensuite faire par exemple un programme commen\u00e7ant par \u00ab\u00a0Lorsque vous cliquez sur le drapeau vert\u00a0\u00bb. Il sera ex\u00e9cuter directement.<\/p>\n\n\n\n<h3 class=\"wp-block-heading\">Deuxi\u00e8me mode de fonctionnement : \u00ab\u00a0T\u00e9l\u00e9verser\u00a0\u00bb<\/h3>\n\n\n\n<p>Dans ce mode, le programme devra cette fois-ci  commencer par \u00ab\u00a0Lorsque mBot d\u00e9marre\u00a0\u00bb.<\/p>\n\n\n\n<p>\u00c0 chaque modification, il faudra t\u00e9l\u00e9verser le programme dans mBot. Il fonctionnera alors de fa\u00e7on autonome, sans besoin d&rsquo;\u00eatre reli\u00e9 par cable \u00e0 l&rsquo;ordinateur.<\/p>\n\n\n\n<p><\/p>\n","protected":false},"excerpt":{"rendered":"<p>Deux modes de programmer mBot Mbot est un robot que l\u2019on programme en Scratch. Comment proc\u00e9der La version web est disponible ici : https:\/\/ide.mblock.cc\/ . Il faut aussi installer le&hellip;<\/p>\n","protected":false},"author":1,"featured_media":0,"parent":3371,"menu_order":3,"comment_status":"closed","ping_status":"closed","template":"","meta":{"footnotes":""},"class_list":["post-3335","page","type-page","status-publish","hentry"],"yoast_head":"<!-- This site is optimized with the Yoast SEO plugin v27.1.1 - https:\/\/yoast.com\/product\/yoast-seo-wordpress\/ -->\n<title>Programmer mBot avec mBlock (version web) - Maths &amp; Num\u00e9rique<\/title>\n<meta name=\"robots\" content=\"index, follow, max-snippet:-1, max-image-preview:large, max-video-preview:-1\" \/>\n<link rel=\"canonical\" href=\"https:\/\/wordpress.callac.online\/index.php\/logiciels-mathematiques\/scratch\/le-robot-mbot\/avant-de-programmer-mbot\/programmer-mbot-avec-mblock-version-web\/\" \/>\n<meta property=\"og:locale\" content=\"fr_FR\" \/>\n<meta property=\"og:type\" content=\"article\" \/>\n<meta property=\"og:title\" content=\"Programmer mBot avec mBlock (version web) - Maths &amp; Num\u00e9rique\" \/>\n<meta property=\"og:description\" content=\"Deux modes de programmer mBot Mbot est un robot que l\u2019on programme en Scratch. Comment proc\u00e9der La version web est disponible ici : https:\/\/ide.mblock.cc\/ . Il faut aussi installer le&hellip;\" \/>\n<meta property=\"og:url\" content=\"https:\/\/wordpress.callac.online\/index.php\/logiciels-mathematiques\/scratch\/le-robot-mbot\/avant-de-programmer-mbot\/programmer-mbot-avec-mblock-version-web\/\" \/>\n<meta property=\"og:site_name\" content=\"Maths &amp; Num\u00e9rique\" \/>\n<meta property=\"article:modified_time\" content=\"2023-10-14T18:13:30+00:00\" \/>\n<meta name=\"twitter:card\" content=\"summary_large_image\" \/>\n<meta name=\"twitter:label1\" content=\"Dur\u00e9e de lecture estim\u00e9e\" \/>\n\t<meta name=\"twitter:data1\" content=\"2 minutes\" \/>\n<script type=\"application\/ld+json\" class=\"yoast-schema-graph\">{\"@context\":\"https:\/\/schema.org\",\"@graph\":[{\"@type\":\"WebPage\",\"@id\":\"https:\/\/wordpress.callac.online\/index.php\/logiciels-mathematiques\/scratch\/le-robot-mbot\/avant-de-programmer-mbot\/programmer-mbot-avec-mblock-version-web\/\",\"url\":\"https:\/\/wordpress.callac.online\/index.php\/logiciels-mathematiques\/scratch\/le-robot-mbot\/avant-de-programmer-mbot\/programmer-mbot-avec-mblock-version-web\/\",\"name\":\"Programmer mBot avec mBlock (version web) - Maths &amp; Num\u00e9rique\",\"isPartOf\":{\"@id\":\"https:\/\/wordpress.callac.online\/#website\"},\"datePublished\":\"2022-11-28T15:51:19+00:00\",\"dateModified\":\"2023-10-14T18:13:30+00:00\",\"breadcrumb\":{\"@id\":\"https:\/\/wordpress.callac.online\/index.php\/logiciels-mathematiques\/scratch\/le-robot-mbot\/avant-de-programmer-mbot\/programmer-mbot-avec-mblock-version-web\/#breadcrumb\"},\"inLanguage\":\"fr-FR\",\"potentialAction\":[{\"@type\":\"ReadAction\",\"target\":[\"https:\/\/wordpress.callac.online\/index.php\/logiciels-mathematiques\/scratch\/le-robot-mbot\/avant-de-programmer-mbot\/programmer-mbot-avec-mblock-version-web\/\"]}]},{\"@type\":\"BreadcrumbList\",\"@id\":\"https:\/\/wordpress.callac.online\/index.php\/logiciels-mathematiques\/scratch\/le-robot-mbot\/avant-de-programmer-mbot\/programmer-mbot-avec-mblock-version-web\/#breadcrumb\",\"itemListElement\":[{\"@type\":\"ListItem\",\"position\":1,\"name\":\"Accueil\",\"item\":\"https:\/\/wordpress.callac.online\/\"},{\"@type\":\"ListItem\",\"position\":2,\"name\":\"Logiciels math\u00e9matiques\",\"item\":\"https:\/\/wordpress.callac.online\/index.php\/logiciels-mathematiques\/\"},{\"@type\":\"ListItem\",\"position\":3,\"name\":\"Scratch\",\"item\":\"https:\/\/wordpress.callac.online\/index.php\/logiciels-mathematiques\/scratch\/\"},{\"@type\":\"ListItem\",\"position\":4,\"name\":\"Le robot mBot\",\"item\":\"https:\/\/wordpress.callac.online\/index.php\/logiciels-mathematiques\/scratch\/le-robot-mbot\/\"},{\"@type\":\"ListItem\",\"position\":5,\"name\":\"Avant de programmer mBot\",\"item\":\"https:\/\/wordpress.callac.online\/index.php\/logiciels-mathematiques\/scratch\/le-robot-mbot\/avant-de-programmer-mbot\/\"},{\"@type\":\"ListItem\",\"position\":6,\"name\":\"Programmer mBot avec mBlock (version web)\"}]},{\"@type\":\"WebSite\",\"@id\":\"https:\/\/wordpress.callac.online\/#website\",\"url\":\"https:\/\/wordpress.callac.online\/\",\"name\":\"Maths & Num\u00e9rique\",\"description\":\"Des outils pour les enseignants de math\u00e9matiques et de num\u00e9rique\",\"publisher\":{\"@id\":\"https:\/\/wordpress.callac.online\/#\/schema\/person\/04061f1ca2c2c42039142a704be95940\"},\"potentialAction\":[{\"@type\":\"SearchAction\",\"target\":{\"@type\":\"EntryPoint\",\"urlTemplate\":\"https:\/\/wordpress.callac.online\/?s={search_term_string}\"},\"query-input\":{\"@type\":\"PropertyValueSpecification\",\"valueRequired\":true,\"valueName\":\"search_term_string\"}}],\"inLanguage\":\"fr-FR\"},{\"@type\":[\"Person\",\"Organization\"],\"@id\":\"https:\/\/wordpress.callac.online\/#\/schema\/person\/04061f1ca2c2c42039142a704be95940\",\"name\":\"dlefur\",\"image\":{\"@type\":\"ImageObject\",\"inLanguage\":\"fr-FR\",\"@id\":\"https:\/\/wordpress.callac.online\/#\/schema\/person\/image\/\",\"url\":\"https:\/\/secure.gravatar.com\/avatar\/4a9e17be136808c6597f28aa2b6c13126dab066fdc2198ff60090972c9b7fafc?s=96&d=mm&r=g\",\"contentUrl\":\"https:\/\/secure.gravatar.com\/avatar\/4a9e17be136808c6597f28aa2b6c13126dab066fdc2198ff60090972c9b7fafc?s=96&d=mm&r=g\",\"caption\":\"dlefur\"},\"logo\":{\"@id\":\"https:\/\/wordpress.callac.online\/#\/schema\/person\/image\/\"},\"description\":\"Enseignant de math\u00e9matiques Lyc\u00e9e Pasteur S\u00e3o Paulo\",\"sameAs\":[\"http:\/\/wordpress.callac.online\"]}]}<\/script>\n<!-- \/ Yoast SEO plugin. -->","yoast_head_json":{"title":"Programmer mBot avec mBlock (version web) - Maths &amp; Num\u00e9rique","robots":{"index":"index","follow":"follow","max-snippet":"max-snippet:-1","max-image-preview":"max-image-preview:large","max-video-preview":"max-video-preview:-1"},"canonical":"https:\/\/wordpress.callac.online\/index.php\/logiciels-mathematiques\/scratch\/le-robot-mbot\/avant-de-programmer-mbot\/programmer-mbot-avec-mblock-version-web\/","og_locale":"fr_FR","og_type":"article","og_title":"Programmer mBot avec mBlock (version web) - Maths &amp; Num\u00e9rique","og_description":"Deux modes de programmer mBot Mbot est un robot que l\u2019on programme en Scratch. Comment proc\u00e9der La version web est disponible ici : https:\/\/ide.mblock.cc\/ . Il faut aussi installer le&hellip;","og_url":"https:\/\/wordpress.callac.online\/index.php\/logiciels-mathematiques\/scratch\/le-robot-mbot\/avant-de-programmer-mbot\/programmer-mbot-avec-mblock-version-web\/","og_site_name":"Maths &amp; Num\u00e9rique","article_modified_time":"2023-10-14T18:13:30+00:00","twitter_card":"summary_large_image","twitter_misc":{"Dur\u00e9e de lecture estim\u00e9e":"2 minutes"},"schema":{"@context":"https:\/\/schema.org","@graph":[{"@type":"WebPage","@id":"https:\/\/wordpress.callac.online\/index.php\/logiciels-mathematiques\/scratch\/le-robot-mbot\/avant-de-programmer-mbot\/programmer-mbot-avec-mblock-version-web\/","url":"https:\/\/wordpress.callac.online\/index.php\/logiciels-mathematiques\/scratch\/le-robot-mbot\/avant-de-programmer-mbot\/programmer-mbot-avec-mblock-version-web\/","name":"Programmer mBot avec mBlock (version web) - Maths &amp; Num\u00e9rique","isPartOf":{"@id":"https:\/\/wordpress.callac.online\/#website"},"datePublished":"2022-11-28T15:51:19+00:00","dateModified":"2023-10-14T18:13:30+00:00","breadcrumb":{"@id":"https:\/\/wordpress.callac.online\/index.php\/logiciels-mathematiques\/scratch\/le-robot-mbot\/avant-de-programmer-mbot\/programmer-mbot-avec-mblock-version-web\/#breadcrumb"},"inLanguage":"fr-FR","potentialAction":[{"@type":"ReadAction","target":["https:\/\/wordpress.callac.online\/index.php\/logiciels-mathematiques\/scratch\/le-robot-mbot\/avant-de-programmer-mbot\/programmer-mbot-avec-mblock-version-web\/"]}]},{"@type":"BreadcrumbList","@id":"https:\/\/wordpress.callac.online\/index.php\/logiciels-mathematiques\/scratch\/le-robot-mbot\/avant-de-programmer-mbot\/programmer-mbot-avec-mblock-version-web\/#breadcrumb","itemListElement":[{"@type":"ListItem","position":1,"name":"Accueil","item":"https:\/\/wordpress.callac.online\/"},{"@type":"ListItem","position":2,"name":"Logiciels math\u00e9matiques","item":"https:\/\/wordpress.callac.online\/index.php\/logiciels-mathematiques\/"},{"@type":"ListItem","position":3,"name":"Scratch","item":"https:\/\/wordpress.callac.online\/index.php\/logiciels-mathematiques\/scratch\/"},{"@type":"ListItem","position":4,"name":"Le robot mBot","item":"https:\/\/wordpress.callac.online\/index.php\/logiciels-mathematiques\/scratch\/le-robot-mbot\/"},{"@type":"ListItem","position":5,"name":"Avant de programmer mBot","item":"https:\/\/wordpress.callac.online\/index.php\/logiciels-mathematiques\/scratch\/le-robot-mbot\/avant-de-programmer-mbot\/"},{"@type":"ListItem","position":6,"name":"Programmer mBot avec mBlock (version web)"}]},{"@type":"WebSite","@id":"https:\/\/wordpress.callac.online\/#website","url":"https:\/\/wordpress.callac.online\/","name":"Maths & Num\u00e9rique","description":"Des outils pour les enseignants de math\u00e9matiques et de num\u00e9rique","publisher":{"@id":"https:\/\/wordpress.callac.online\/#\/schema\/person\/04061f1ca2c2c42039142a704be95940"},"potentialAction":[{"@type":"SearchAction","target":{"@type":"EntryPoint","urlTemplate":"https:\/\/wordpress.callac.online\/?s={search_term_string}"},"query-input":{"@type":"PropertyValueSpecification","valueRequired":true,"valueName":"search_term_string"}}],"inLanguage":"fr-FR"},{"@type":["Person","Organization"],"@id":"https:\/\/wordpress.callac.online\/#\/schema\/person\/04061f1ca2c2c42039142a704be95940","name":"dlefur","image":{"@type":"ImageObject","inLanguage":"fr-FR","@id":"https:\/\/wordpress.callac.online\/#\/schema\/person\/image\/","url":"https:\/\/secure.gravatar.com\/avatar\/4a9e17be136808c6597f28aa2b6c13126dab066fdc2198ff60090972c9b7fafc?s=96&d=mm&r=g","contentUrl":"https:\/\/secure.gravatar.com\/avatar\/4a9e17be136808c6597f28aa2b6c13126dab066fdc2198ff60090972c9b7fafc?s=96&d=mm&r=g","caption":"dlefur"},"logo":{"@id":"https:\/\/wordpress.callac.online\/#\/schema\/person\/image\/"},"description":"Enseignant de math\u00e9matiques Lyc\u00e9e Pasteur S\u00e3o Paulo","sameAs":["http:\/\/wordpress.callac.online"]}]}},"_links":{"self":[{"href":"https:\/\/wordpress.callac.online\/index.php\/wp-json\/wp\/v2\/pages\/3335","targetHints":{"allow":["GET"]}}],"collection":[{"href":"https:\/\/wordpress.callac.online\/index.php\/wp-json\/wp\/v2\/pages"}],"about":[{"href":"https:\/\/wordpress.callac.online\/index.php\/wp-json\/wp\/v2\/types\/page"}],"author":[{"embeddable":true,"href":"https:\/\/wordpress.callac.online\/index.php\/wp-json\/wp\/v2\/users\/1"}],"replies":[{"embeddable":true,"href":"https:\/\/wordpress.callac.online\/index.php\/wp-json\/wp\/v2\/comments?post=3335"}],"version-history":[{"count":5,"href":"https:\/\/wordpress.callac.online\/index.php\/wp-json\/wp\/v2\/pages\/3335\/revisions"}],"predecessor-version":[{"id":3430,"href":"https:\/\/wordpress.callac.online\/index.php\/wp-json\/wp\/v2\/pages\/3335\/revisions\/3430"}],"up":[{"embeddable":true,"href":"https:\/\/wordpress.callac.online\/index.php\/wp-json\/wp\/v2\/pages\/3371"}],"wp:attachment":[{"href":"https:\/\/wordpress.callac.online\/index.php\/wp-json\/wp\/v2\/media?parent=3335"}],"curies":[{"name":"wp","href":"https:\/\/api.w.org\/{rel}","templated":true}]}}