{"id":3353,"date":"2023-02-21T19:28:21","date_gmt":"2023-02-21T18:28:21","guid":{"rendered":"https:\/\/wordpress.callac.online\/index.php\/logiciels-mathematiques\/scratch\/le-robot-mbot\/les-capteurs-de-mbot\/le-capteur-ultrason-de-mbot\/"},"modified":"2023-10-14T20:13:34","modified_gmt":"2023-10-14T18:13:34","slug":"le-capteur-ultrason-de-mbot","status":"publish","type":"page","link":"https:\/\/wordpress.callac.online\/index.php\/logiciels-mathematiques\/scratch\/le-robot-mbot\/les-capteurs-de-mbot\/le-capteur-ultrason-de-mbot\/","title":{"rendered":"Le capteur ultrason de mBot"},"content":{"rendered":"\n<p>Le capteur ultrason est par d\u00e9faut situ\u00e9 \u00e0 l&rsquo;avant du robot : ce sont les deux  \u00ab\u00a0yeux\u00a0\u00bb du visage de mBot.<\/p>\n\n\n\n<p>Il permet de d\u00e9tecteur un obstable figurant en face du robot (attention aux angles).<\/p>\n\n\n\n<p>La valeur renvoy\u00e9 correspond \u00e0 la distance en centim\u00e8tres. Th\u00e9oriquement, cette valeur varie entre 3cm et 400cm. Mais en pratique, il est difficile de d\u00e9tecter un obstacle situ\u00e9 \u00e0 plus d&rsquo;un m\u00e8tre (100cm).<\/p>\n","protected":false},"excerpt":{"rendered":"<p>Le capteur ultrason est par d\u00e9faut situ\u00e9 \u00e0 l&rsquo;avant du robot : ce sont les deux \u00ab\u00a0yeux\u00a0\u00bb du visage de mBot. Il permet de d\u00e9tecteur un obstable figurant en face&hellip;<\/p>\n","protected":false},"author":1,"featured_media":0,"parent":3347,"menu_order":1,"comment_status":"closed","ping_status":"closed","template":"","meta":{"footnotes":""},"class_list":["post-3353","page","type-page","status-publish","hentry"],"yoast_head":"<!-- This site is optimized with the Yoast SEO plugin v27.1.1 - https:\/\/yoast.com\/product\/yoast-seo-wordpress\/ -->\n<title>Le capteur ultrason de mBot - Maths &amp; Num\u00e9rique<\/title>\n<meta name=\"robots\" content=\"index, follow, max-snippet:-1, max-image-preview:large, max-video-preview:-1\" \/>\n<link rel=\"canonical\" href=\"https:\/\/wordpress.callac.online\/index.php\/logiciels-mathematiques\/scratch\/le-robot-mbot\/les-capteurs-de-mbot\/le-capteur-ultrason-de-mbot\/\" \/>\n<meta property=\"og:locale\" content=\"fr_FR\" \/>\n<meta property=\"og:type\" content=\"article\" \/>\n<meta property=\"og:title\" content=\"Le capteur ultrason de mBot - Maths &amp; Num\u00e9rique\" \/>\n<meta property=\"og:description\" content=\"Le capteur ultrason est par d\u00e9faut situ\u00e9 \u00e0 l&rsquo;avant du robot : ce sont les deux \u00ab\u00a0yeux\u00a0\u00bb du visage de mBot. Il permet de d\u00e9tecteur un obstable figurant en face&hellip;\" \/>\n<meta property=\"og:url\" content=\"https:\/\/wordpress.callac.online\/index.php\/logiciels-mathematiques\/scratch\/le-robot-mbot\/les-capteurs-de-mbot\/le-capteur-ultrason-de-mbot\/\" \/>\n<meta property=\"og:site_name\" content=\"Maths &amp; Num\u00e9rique\" \/>\n<meta property=\"article:modified_time\" content=\"2023-10-14T18:13:34+00:00\" \/>\n<meta name=\"twitter:card\" content=\"summary_large_image\" \/>\n<meta name=\"twitter:label1\" content=\"Dur\u00e9e de lecture estim\u00e9e\" \/>\n\t<meta name=\"twitter:data1\" content=\"1 minute\" \/>\n<script type=\"application\/ld+json\" class=\"yoast-schema-graph\">{\"@context\":\"https:\/\/schema.org\",\"@graph\":[{\"@type\":\"WebPage\",\"@id\":\"https:\/\/wordpress.callac.online\/index.php\/logiciels-mathematiques\/scratch\/le-robot-mbot\/les-capteurs-de-mbot\/le-capteur-ultrason-de-mbot\/\",\"url\":\"https:\/\/wordpress.callac.online\/index.php\/logiciels-mathematiques\/scratch\/le-robot-mbot\/les-capteurs-de-mbot\/le-capteur-ultrason-de-mbot\/\",\"name\":\"Le capteur ultrason de mBot - Maths &amp; Num\u00e9rique\",\"isPartOf\":{\"@id\":\"https:\/\/wordpress.callac.online\/#website\"},\"datePublished\":\"2023-02-21T18:28:21+00:00\",\"dateModified\":\"2023-10-14T18:13:34+00:00\",\"breadcrumb\":{\"@id\":\"https:\/\/wordpress.callac.online\/index.php\/logiciels-mathematiques\/scratch\/le-robot-mbot\/les-capteurs-de-mbot\/le-capteur-ultrason-de-mbot\/#breadcrumb\"},\"inLanguage\":\"fr-FR\",\"potentialAction\":[{\"@type\":\"ReadAction\",\"target\":[\"https:\/\/wordpress.callac.online\/index.php\/logiciels-mathematiques\/scratch\/le-robot-mbot\/les-capteurs-de-mbot\/le-capteur-ultrason-de-mbot\/\"]}]},{\"@type\":\"BreadcrumbList\",\"@id\":\"https:\/\/wordpress.callac.online\/index.php\/logiciels-mathematiques\/scratch\/le-robot-mbot\/les-capteurs-de-mbot\/le-capteur-ultrason-de-mbot\/#breadcrumb\",\"itemListElement\":[{\"@type\":\"ListItem\",\"position\":1,\"name\":\"Accueil\",\"item\":\"https:\/\/wordpress.callac.online\/\"},{\"@type\":\"ListItem\",\"position\":2,\"name\":\"Logiciels math\u00e9matiques\",\"item\":\"https:\/\/wordpress.callac.online\/index.php\/logiciels-mathematiques\/\"},{\"@type\":\"ListItem\",\"position\":3,\"name\":\"Scratch\",\"item\":\"https:\/\/wordpress.callac.online\/index.php\/logiciels-mathematiques\/scratch\/\"},{\"@type\":\"ListItem\",\"position\":4,\"name\":\"Le robot mBot\",\"item\":\"https:\/\/wordpress.callac.online\/index.php\/logiciels-mathematiques\/scratch\/le-robot-mbot\/\"},{\"@type\":\"ListItem\",\"position\":5,\"name\":\"Les capteurs de mBot\",\"item\":\"https:\/\/wordpress.callac.online\/index.php\/logiciels-mathematiques\/scratch\/le-robot-mbot\/les-capteurs-de-mbot\/\"},{\"@type\":\"ListItem\",\"position\":6,\"name\":\"Le capteur ultrason de mBot\"}]},{\"@type\":\"WebSite\",\"@id\":\"https:\/\/wordpress.callac.online\/#website\",\"url\":\"https:\/\/wordpress.callac.online\/\",\"name\":\"Maths & Num\u00e9rique\",\"description\":\"Des outils pour les enseignants de math\u00e9matiques et de num\u00e9rique\",\"publisher\":{\"@id\":\"https:\/\/wordpress.callac.online\/#\/schema\/person\/04061f1ca2c2c42039142a704be95940\"},\"potentialAction\":[{\"@type\":\"SearchAction\",\"target\":{\"@type\":\"EntryPoint\",\"urlTemplate\":\"https:\/\/wordpress.callac.online\/?s={search_term_string}\"},\"query-input\":{\"@type\":\"PropertyValueSpecification\",\"valueRequired\":true,\"valueName\":\"search_term_string\"}}],\"inLanguage\":\"fr-FR\"},{\"@type\":[\"Person\",\"Organization\"],\"@id\":\"https:\/\/wordpress.callac.online\/#\/schema\/person\/04061f1ca2c2c42039142a704be95940\",\"name\":\"dlefur\",\"image\":{\"@type\":\"ImageObject\",\"inLanguage\":\"fr-FR\",\"@id\":\"https:\/\/wordpress.callac.online\/#\/schema\/person\/image\/\",\"url\":\"https:\/\/secure.gravatar.com\/avatar\/4a9e17be136808c6597f28aa2b6c13126dab066fdc2198ff60090972c9b7fafc?s=96&d=mm&r=g\",\"contentUrl\":\"https:\/\/secure.gravatar.com\/avatar\/4a9e17be136808c6597f28aa2b6c13126dab066fdc2198ff60090972c9b7fafc?s=96&d=mm&r=g\",\"caption\":\"dlefur\"},\"logo\":{\"@id\":\"https:\/\/wordpress.callac.online\/#\/schema\/person\/image\/\"},\"description\":\"Enseignant de math\u00e9matiques Lyc\u00e9e Pasteur S\u00e3o Paulo\",\"sameAs\":[\"http:\/\/wordpress.callac.online\"]}]}<\/script>\n<!-- \/ Yoast SEO plugin. -->","yoast_head_json":{"title":"Le capteur ultrason de mBot - Maths &amp; Num\u00e9rique","robots":{"index":"index","follow":"follow","max-snippet":"max-snippet:-1","max-image-preview":"max-image-preview:large","max-video-preview":"max-video-preview:-1"},"canonical":"https:\/\/wordpress.callac.online\/index.php\/logiciels-mathematiques\/scratch\/le-robot-mbot\/les-capteurs-de-mbot\/le-capteur-ultrason-de-mbot\/","og_locale":"fr_FR","og_type":"article","og_title":"Le capteur ultrason de mBot - Maths &amp; Num\u00e9rique","og_description":"Le capteur ultrason est par d\u00e9faut situ\u00e9 \u00e0 l&rsquo;avant du robot : ce sont les deux \u00ab\u00a0yeux\u00a0\u00bb du visage de mBot. Il permet de d\u00e9tecteur un obstable figurant en face&hellip;","og_url":"https:\/\/wordpress.callac.online\/index.php\/logiciels-mathematiques\/scratch\/le-robot-mbot\/les-capteurs-de-mbot\/le-capteur-ultrason-de-mbot\/","og_site_name":"Maths &amp; Num\u00e9rique","article_modified_time":"2023-10-14T18:13:34+00:00","twitter_card":"summary_large_image","twitter_misc":{"Dur\u00e9e de lecture estim\u00e9e":"1 minute"},"schema":{"@context":"https:\/\/schema.org","@graph":[{"@type":"WebPage","@id":"https:\/\/wordpress.callac.online\/index.php\/logiciels-mathematiques\/scratch\/le-robot-mbot\/les-capteurs-de-mbot\/le-capteur-ultrason-de-mbot\/","url":"https:\/\/wordpress.callac.online\/index.php\/logiciels-mathematiques\/scratch\/le-robot-mbot\/les-capteurs-de-mbot\/le-capteur-ultrason-de-mbot\/","name":"Le capteur ultrason de mBot - Maths &amp; Num\u00e9rique","isPartOf":{"@id":"https:\/\/wordpress.callac.online\/#website"},"datePublished":"2023-02-21T18:28:21+00:00","dateModified":"2023-10-14T18:13:34+00:00","breadcrumb":{"@id":"https:\/\/wordpress.callac.online\/index.php\/logiciels-mathematiques\/scratch\/le-robot-mbot\/les-capteurs-de-mbot\/le-capteur-ultrason-de-mbot\/#breadcrumb"},"inLanguage":"fr-FR","potentialAction":[{"@type":"ReadAction","target":["https:\/\/wordpress.callac.online\/index.php\/logiciels-mathematiques\/scratch\/le-robot-mbot\/les-capteurs-de-mbot\/le-capteur-ultrason-de-mbot\/"]}]},{"@type":"BreadcrumbList","@id":"https:\/\/wordpress.callac.online\/index.php\/logiciels-mathematiques\/scratch\/le-robot-mbot\/les-capteurs-de-mbot\/le-capteur-ultrason-de-mbot\/#breadcrumb","itemListElement":[{"@type":"ListItem","position":1,"name":"Accueil","item":"https:\/\/wordpress.callac.online\/"},{"@type":"ListItem","position":2,"name":"Logiciels math\u00e9matiques","item":"https:\/\/wordpress.callac.online\/index.php\/logiciels-mathematiques\/"},{"@type":"ListItem","position":3,"name":"Scratch","item":"https:\/\/wordpress.callac.online\/index.php\/logiciels-mathematiques\/scratch\/"},{"@type":"ListItem","position":4,"name":"Le robot mBot","item":"https:\/\/wordpress.callac.online\/index.php\/logiciels-mathematiques\/scratch\/le-robot-mbot\/"},{"@type":"ListItem","position":5,"name":"Les capteurs de mBot","item":"https:\/\/wordpress.callac.online\/index.php\/logiciels-mathematiques\/scratch\/le-robot-mbot\/les-capteurs-de-mbot\/"},{"@type":"ListItem","position":6,"name":"Le capteur ultrason de mBot"}]},{"@type":"WebSite","@id":"https:\/\/wordpress.callac.online\/#website","url":"https:\/\/wordpress.callac.online\/","name":"Maths & Num\u00e9rique","description":"Des outils pour les enseignants de math\u00e9matiques et de num\u00e9rique","publisher":{"@id":"https:\/\/wordpress.callac.online\/#\/schema\/person\/04061f1ca2c2c42039142a704be95940"},"potentialAction":[{"@type":"SearchAction","target":{"@type":"EntryPoint","urlTemplate":"https:\/\/wordpress.callac.online\/?s={search_term_string}"},"query-input":{"@type":"PropertyValueSpecification","valueRequired":true,"valueName":"search_term_string"}}],"inLanguage":"fr-FR"},{"@type":["Person","Organization"],"@id":"https:\/\/wordpress.callac.online\/#\/schema\/person\/04061f1ca2c2c42039142a704be95940","name":"dlefur","image":{"@type":"ImageObject","inLanguage":"fr-FR","@id":"https:\/\/wordpress.callac.online\/#\/schema\/person\/image\/","url":"https:\/\/secure.gravatar.com\/avatar\/4a9e17be136808c6597f28aa2b6c13126dab066fdc2198ff60090972c9b7fafc?s=96&d=mm&r=g","contentUrl":"https:\/\/secure.gravatar.com\/avatar\/4a9e17be136808c6597f28aa2b6c13126dab066fdc2198ff60090972c9b7fafc?s=96&d=mm&r=g","caption":"dlefur"},"logo":{"@id":"https:\/\/wordpress.callac.online\/#\/schema\/person\/image\/"},"description":"Enseignant de math\u00e9matiques Lyc\u00e9e Pasteur S\u00e3o Paulo","sameAs":["http:\/\/wordpress.callac.online"]}]}},"_links":{"self":[{"href":"https:\/\/wordpress.callac.online\/index.php\/wp-json\/wp\/v2\/pages\/3353","targetHints":{"allow":["GET"]}}],"collection":[{"href":"https:\/\/wordpress.callac.online\/index.php\/wp-json\/wp\/v2\/pages"}],"about":[{"href":"https:\/\/wordpress.callac.online\/index.php\/wp-json\/wp\/v2\/types\/page"}],"author":[{"embeddable":true,"href":"https:\/\/wordpress.callac.online\/index.php\/wp-json\/wp\/v2\/users\/1"}],"replies":[{"embeddable":true,"href":"https:\/\/wordpress.callac.online\/index.php\/wp-json\/wp\/v2\/comments?post=3353"}],"version-history":[{"count":2,"href":"https:\/\/wordpress.callac.online\/index.php\/wp-json\/wp\/v2\/pages\/3353\/revisions"}],"predecessor-version":[{"id":3370,"href":"https:\/\/wordpress.callac.online\/index.php\/wp-json\/wp\/v2\/pages\/3353\/revisions\/3370"}],"up":[{"embeddable":true,"href":"https:\/\/wordpress.callac.online\/index.php\/wp-json\/wp\/v2\/pages\/3347"}],"wp:attachment":[{"href":"https:\/\/wordpress.callac.online\/index.php\/wp-json\/wp\/v2\/media?parent=3353"}],"curies":[{"name":"wp","href":"https:\/\/api.w.org\/{rel}","templated":true}]}}