{"id":336,"date":"2016-04-09T21:34:44","date_gmt":"2016-04-09T19:34:44","guid":{"rendered":"http:\/\/wordpress.callac.online\/index.php\/nouvel-article-n-336\/"},"modified":"2022-01-05T22:41:57","modified_gmt":"2022-01-05T21:41:57","slug":"nouvel-article-n-336","status":"publish","type":"page","link":"https:\/\/wordpress.callac.online\/index.php\/numerique\/arduino\/les-moteurs-cc\/nouvel-article-n-336\/","title":{"rendered":"Le circuit L293D"},"content":{"rendered":"<h2>Le circuit<\/h2>\n<p><img loading=\"lazy\" decoding=\"async\" class=\" aligncenter size-full wp-image-936\" src=\"http:\/\/wordpress.callac.online\/wp-content\/uploads\/2016\/04\/png_l293d.png\" alt=\"l293d.png\" width=\"349\" height=\"470\" align=\"center\" srcset=\"https:\/\/wordpress.callac.online\/wp-content\/uploads\/2016\/04\/png_l293d.png 349w, https:\/\/wordpress.callac.online\/wp-content\/uploads\/2016\/04\/png_l293d-223x300.png 223w\" sizes=\"auto, (max-width: 349px) 100vw, 349px\" \/><\/p>\n<h2>Alimentations et masses<\/h2>\n<ul>\n<li>Vs : alimentation des moteurs<\/li>\n<li>Vss : alimentation de la partie logique (max 6V)<\/li>\n<li>GND, GND1, GND2, GND3 : relier le masses des deux alimentations<\/li>\n<\/ul>\n<h2>Commandes du premier moteur<\/h2>\n<ul>\n<li>Enable1 : signal PWM pour choisir la vitesse (entre 0 et 255)<\/li>\n<li>Input1 : signal 1 de commande (oppos\u00e9 du signal 2) : High ou LOW<\/li>\n<li>Output1 : \u00e0 connecter au moteur<\/li>\n<li>Output2 : \u00e0 connecter au moteur<\/li>\n<li>Input2 : signal 2 de commande (oppos\u00e9 du signal 1) : LOW ou HIGH<\/li>\n<\/ul>\n<h2>Commandes du deuxi\u00e8me moteur<\/h2>\n<ul>\n<li>Enable2 : signal PWM pour choisir la vitesse (entre 0 et 255)<\/li>\n<li>Input3 : signal 1 de commande (oppos\u00e9 du signal 2) : High ou LOW<\/li>\n<li>Output3 : \u00e0 connecter au moteur<\/li>\n<li>Output4 : \u00e0 connecter au moteur<\/li>\n<li>Input4 : signal 2 de commande (oppos\u00e9 du signal 1) : LOW ou HIGH<\/li>\n<\/ul>\n<h2>Un exemple<\/h2>\n<ul>\n<li>D\u00e9marrer la simulation<\/li>\n<li>Cliquer sur le code<\/li>\n<li>Cliquer sur le moniteur s\u00e9rie<\/li>\n<li>Envoyer une des commandes (Avancer, Droite, gauche, Arreter.)<\/li>\n<\/ul>\n\n\n<figure><iframe loading=\"lazy\" width=\"725\" height=\"453\" src=\"https:\/\/www.tinkercad.com\/embed\/efuFL77lHXC?editbtn=1\"><\/iframe><\/figure>\n","protected":false},"excerpt":{"rendered":"<p>Le circuit Alimentations et masses Vs : alimentation des moteurs Vss : alimentation de la partie logique (max 6V) GND, GND1, GND2, GND3 : relier le masses des deux alimentations&hellip;<\/p>\n","protected":false},"author":1,"featured_media":0,"parent":2540,"menu_order":3,"comment_status":"closed","ping_status":"closed","template":"","meta":{"footnotes":""},"class_list":["post-336","page","type-page","status-publish","hentry"],"yoast_head":"<!-- This site is optimized with the Yoast SEO plugin v27.1.1 - https:\/\/yoast.com\/product\/yoast-seo-wordpress\/ -->\n<title>Le circuit L293D - Maths &amp; Num\u00e9rique<\/title>\n<meta name=\"robots\" content=\"index, follow, max-snippet:-1, max-image-preview:large, max-video-preview:-1\" \/>\n<link rel=\"canonical\" href=\"https:\/\/wordpress.callac.online\/index.php\/numerique\/arduino\/les-moteurs-cc\/nouvel-article-n-336\/\" \/>\n<meta property=\"og:locale\" content=\"fr_FR\" \/>\n<meta property=\"og:type\" content=\"article\" \/>\n<meta property=\"og:title\" content=\"Le circuit L293D - Maths &amp; Num\u00e9rique\" \/>\n<meta property=\"og:description\" content=\"Le circuit Alimentations et masses Vs : alimentation des moteurs Vss : alimentation de la partie logique (max 6V) GND, GND1, GND2, GND3 : relier le masses des deux alimentations&hellip;\" \/>\n<meta property=\"og:url\" content=\"https:\/\/wordpress.callac.online\/index.php\/numerique\/arduino\/les-moteurs-cc\/nouvel-article-n-336\/\" \/>\n<meta property=\"og:site_name\" content=\"Maths &amp; Num\u00e9rique\" \/>\n<meta property=\"article:modified_time\" content=\"2022-01-05T21:41:57+00:00\" \/>\n<meta property=\"og:image\" content=\"http:\/\/wordpress.callac.online\/wp-content\/uploads\/2016\/04\/png_l293d.png\" \/>\n<meta name=\"twitter:card\" content=\"summary_large_image\" \/>\n<meta name=\"twitter:label1\" content=\"Dur\u00e9e de lecture estim\u00e9e\" \/>\n\t<meta name=\"twitter:data1\" content=\"1 minute\" \/>\n<script type=\"application\/ld+json\" class=\"yoast-schema-graph\">{\"@context\":\"https:\/\/schema.org\",\"@graph\":[{\"@type\":\"WebPage\",\"@id\":\"https:\/\/wordpress.callac.online\/index.php\/numerique\/arduino\/les-moteurs-cc\/nouvel-article-n-336\/\",\"url\":\"https:\/\/wordpress.callac.online\/index.php\/numerique\/arduino\/les-moteurs-cc\/nouvel-article-n-336\/\",\"name\":\"Le circuit L293D - Maths &amp; Num\u00e9rique\",\"isPartOf\":{\"@id\":\"https:\/\/wordpress.callac.online\/#website\"},\"primaryImageOfPage\":{\"@id\":\"https:\/\/wordpress.callac.online\/index.php\/numerique\/arduino\/les-moteurs-cc\/nouvel-article-n-336\/#primaryimage\"},\"image\":{\"@id\":\"https:\/\/wordpress.callac.online\/index.php\/numerique\/arduino\/les-moteurs-cc\/nouvel-article-n-336\/#primaryimage\"},\"thumbnailUrl\":\"http:\/\/wordpress.callac.online\/wp-content\/uploads\/2016\/04\/png_l293d.png\",\"datePublished\":\"2016-04-09T19:34:44+00:00\",\"dateModified\":\"2022-01-05T21:41:57+00:00\",\"breadcrumb\":{\"@id\":\"https:\/\/wordpress.callac.online\/index.php\/numerique\/arduino\/les-moteurs-cc\/nouvel-article-n-336\/#breadcrumb\"},\"inLanguage\":\"fr-FR\",\"potentialAction\":[{\"@type\":\"ReadAction\",\"target\":[\"https:\/\/wordpress.callac.online\/index.php\/numerique\/arduino\/les-moteurs-cc\/nouvel-article-n-336\/\"]}]},{\"@type\":\"ImageObject\",\"inLanguage\":\"fr-FR\",\"@id\":\"https:\/\/wordpress.callac.online\/index.php\/numerique\/arduino\/les-moteurs-cc\/nouvel-article-n-336\/#primaryimage\",\"url\":\"https:\/\/wordpress.callac.online\/wp-content\/uploads\/2016\/04\/png_l293d.png\",\"contentUrl\":\"https:\/\/wordpress.callac.online\/wp-content\/uploads\/2016\/04\/png_l293d.png\",\"width\":349,\"height\":470,\"caption\":\"l293d.png\"},{\"@type\":\"BreadcrumbList\",\"@id\":\"https:\/\/wordpress.callac.online\/index.php\/numerique\/arduino\/les-moteurs-cc\/nouvel-article-n-336\/#breadcrumb\",\"itemListElement\":[{\"@type\":\"ListItem\",\"position\":1,\"name\":\"Accueil\",\"item\":\"https:\/\/wordpress.callac.online\/\"},{\"@type\":\"ListItem\",\"position\":2,\"name\":\"Num\u00e9rique\",\"item\":\"https:\/\/wordpress.callac.online\/index.php\/numerique\/\"},{\"@type\":\"ListItem\",\"position\":3,\"name\":\"Arduino\",\"item\":\"https:\/\/wordpress.callac.online\/index.php\/numerique\/arduino\/\"},{\"@type\":\"ListItem\",\"position\":4,\"name\":\"Les moteurs CC\",\"item\":\"https:\/\/wordpress.callac.online\/index.php\/numerique\/arduino\/les-moteurs-cc\/\"},{\"@type\":\"ListItem\",\"position\":5,\"name\":\"Le circuit L293D\"}]},{\"@type\":\"WebSite\",\"@id\":\"https:\/\/wordpress.callac.online\/#website\",\"url\":\"https:\/\/wordpress.callac.online\/\",\"name\":\"Maths & Num\u00e9rique\",\"description\":\"Des outils pour les enseignants de math\u00e9matiques et de num\u00e9rique\",\"publisher\":{\"@id\":\"https:\/\/wordpress.callac.online\/#\/schema\/person\/04061f1ca2c2c42039142a704be95940\"},\"potentialAction\":[{\"@type\":\"SearchAction\",\"target\":{\"@type\":\"EntryPoint\",\"urlTemplate\":\"https:\/\/wordpress.callac.online\/?s={search_term_string}\"},\"query-input\":{\"@type\":\"PropertyValueSpecification\",\"valueRequired\":true,\"valueName\":\"search_term_string\"}}],\"inLanguage\":\"fr-FR\"},{\"@type\":[\"Person\",\"Organization\"],\"@id\":\"https:\/\/wordpress.callac.online\/#\/schema\/person\/04061f1ca2c2c42039142a704be95940\",\"name\":\"dlefur\",\"image\":{\"@type\":\"ImageObject\",\"inLanguage\":\"fr-FR\",\"@id\":\"https:\/\/wordpress.callac.online\/#\/schema\/person\/image\/\",\"url\":\"https:\/\/secure.gravatar.com\/avatar\/4a9e17be136808c6597f28aa2b6c13126dab066fdc2198ff60090972c9b7fafc?s=96&d=mm&r=g\",\"contentUrl\":\"https:\/\/secure.gravatar.com\/avatar\/4a9e17be136808c6597f28aa2b6c13126dab066fdc2198ff60090972c9b7fafc?s=96&d=mm&r=g\",\"caption\":\"dlefur\"},\"logo\":{\"@id\":\"https:\/\/wordpress.callac.online\/#\/schema\/person\/image\/\"},\"description\":\"Enseignant de math\u00e9matiques Lyc\u00e9e Pasteur S\u00e3o Paulo\",\"sameAs\":[\"http:\/\/wordpress.callac.online\"]}]}<\/script>\n<!-- \/ Yoast SEO plugin. -->","yoast_head_json":{"title":"Le circuit L293D - Maths &amp; Num\u00e9rique","robots":{"index":"index","follow":"follow","max-snippet":"max-snippet:-1","max-image-preview":"max-image-preview:large","max-video-preview":"max-video-preview:-1"},"canonical":"https:\/\/wordpress.callac.online\/index.php\/numerique\/arduino\/les-moteurs-cc\/nouvel-article-n-336\/","og_locale":"fr_FR","og_type":"article","og_title":"Le circuit L293D - Maths &amp; Num\u00e9rique","og_description":"Le circuit Alimentations et masses Vs : alimentation des moteurs Vss : alimentation de la partie logique (max 6V) GND, GND1, GND2, GND3 : relier le masses des deux alimentations&hellip;","og_url":"https:\/\/wordpress.callac.online\/index.php\/numerique\/arduino\/les-moteurs-cc\/nouvel-article-n-336\/","og_site_name":"Maths &amp; Num\u00e9rique","article_modified_time":"2022-01-05T21:41:57+00:00","og_image":[{"url":"http:\/\/wordpress.callac.online\/wp-content\/uploads\/2016\/04\/png_l293d.png","type":"","width":"","height":""}],"twitter_card":"summary_large_image","twitter_misc":{"Dur\u00e9e de lecture estim\u00e9e":"1 minute"},"schema":{"@context":"https:\/\/schema.org","@graph":[{"@type":"WebPage","@id":"https:\/\/wordpress.callac.online\/index.php\/numerique\/arduino\/les-moteurs-cc\/nouvel-article-n-336\/","url":"https:\/\/wordpress.callac.online\/index.php\/numerique\/arduino\/les-moteurs-cc\/nouvel-article-n-336\/","name":"Le circuit L293D - Maths &amp; Num\u00e9rique","isPartOf":{"@id":"https:\/\/wordpress.callac.online\/#website"},"primaryImageOfPage":{"@id":"https:\/\/wordpress.callac.online\/index.php\/numerique\/arduino\/les-moteurs-cc\/nouvel-article-n-336\/#primaryimage"},"image":{"@id":"https:\/\/wordpress.callac.online\/index.php\/numerique\/arduino\/les-moteurs-cc\/nouvel-article-n-336\/#primaryimage"},"thumbnailUrl":"http:\/\/wordpress.callac.online\/wp-content\/uploads\/2016\/04\/png_l293d.png","datePublished":"2016-04-09T19:34:44+00:00","dateModified":"2022-01-05T21:41:57+00:00","breadcrumb":{"@id":"https:\/\/wordpress.callac.online\/index.php\/numerique\/arduino\/les-moteurs-cc\/nouvel-article-n-336\/#breadcrumb"},"inLanguage":"fr-FR","potentialAction":[{"@type":"ReadAction","target":["https:\/\/wordpress.callac.online\/index.php\/numerique\/arduino\/les-moteurs-cc\/nouvel-article-n-336\/"]}]},{"@type":"ImageObject","inLanguage":"fr-FR","@id":"https:\/\/wordpress.callac.online\/index.php\/numerique\/arduino\/les-moteurs-cc\/nouvel-article-n-336\/#primaryimage","url":"https:\/\/wordpress.callac.online\/wp-content\/uploads\/2016\/04\/png_l293d.png","contentUrl":"https:\/\/wordpress.callac.online\/wp-content\/uploads\/2016\/04\/png_l293d.png","width":349,"height":470,"caption":"l293d.png"},{"@type":"BreadcrumbList","@id":"https:\/\/wordpress.callac.online\/index.php\/numerique\/arduino\/les-moteurs-cc\/nouvel-article-n-336\/#breadcrumb","itemListElement":[{"@type":"ListItem","position":1,"name":"Accueil","item":"https:\/\/wordpress.callac.online\/"},{"@type":"ListItem","position":2,"name":"Num\u00e9rique","item":"https:\/\/wordpress.callac.online\/index.php\/numerique\/"},{"@type":"ListItem","position":3,"name":"Arduino","item":"https:\/\/wordpress.callac.online\/index.php\/numerique\/arduino\/"},{"@type":"ListItem","position":4,"name":"Les moteurs CC","item":"https:\/\/wordpress.callac.online\/index.php\/numerique\/arduino\/les-moteurs-cc\/"},{"@type":"ListItem","position":5,"name":"Le circuit L293D"}]},{"@type":"WebSite","@id":"https:\/\/wordpress.callac.online\/#website","url":"https:\/\/wordpress.callac.online\/","name":"Maths & Num\u00e9rique","description":"Des outils pour les enseignants de math\u00e9matiques et de num\u00e9rique","publisher":{"@id":"https:\/\/wordpress.callac.online\/#\/schema\/person\/04061f1ca2c2c42039142a704be95940"},"potentialAction":[{"@type":"SearchAction","target":{"@type":"EntryPoint","urlTemplate":"https:\/\/wordpress.callac.online\/?s={search_term_string}"},"query-input":{"@type":"PropertyValueSpecification","valueRequired":true,"valueName":"search_term_string"}}],"inLanguage":"fr-FR"},{"@type":["Person","Organization"],"@id":"https:\/\/wordpress.callac.online\/#\/schema\/person\/04061f1ca2c2c42039142a704be95940","name":"dlefur","image":{"@type":"ImageObject","inLanguage":"fr-FR","@id":"https:\/\/wordpress.callac.online\/#\/schema\/person\/image\/","url":"https:\/\/secure.gravatar.com\/avatar\/4a9e17be136808c6597f28aa2b6c13126dab066fdc2198ff60090972c9b7fafc?s=96&d=mm&r=g","contentUrl":"https:\/\/secure.gravatar.com\/avatar\/4a9e17be136808c6597f28aa2b6c13126dab066fdc2198ff60090972c9b7fafc?s=96&d=mm&r=g","caption":"dlefur"},"logo":{"@id":"https:\/\/wordpress.callac.online\/#\/schema\/person\/image\/"},"description":"Enseignant de math\u00e9matiques Lyc\u00e9e Pasteur S\u00e3o Paulo","sameAs":["http:\/\/wordpress.callac.online"]}]}},"_links":{"self":[{"href":"https:\/\/wordpress.callac.online\/index.php\/wp-json\/wp\/v2\/pages\/336","targetHints":{"allow":["GET"]}}],"collection":[{"href":"https:\/\/wordpress.callac.online\/index.php\/wp-json\/wp\/v2\/pages"}],"about":[{"href":"https:\/\/wordpress.callac.online\/index.php\/wp-json\/wp\/v2\/types\/page"}],"author":[{"embeddable":true,"href":"https:\/\/wordpress.callac.online\/index.php\/wp-json\/wp\/v2\/users\/1"}],"replies":[{"embeddable":true,"href":"https:\/\/wordpress.callac.online\/index.php\/wp-json\/wp\/v2\/comments?post=336"}],"version-history":[{"count":4,"href":"https:\/\/wordpress.callac.online\/index.php\/wp-json\/wp\/v2\/pages\/336\/revisions"}],"predecessor-version":[{"id":2859,"href":"https:\/\/wordpress.callac.online\/index.php\/wp-json\/wp\/v2\/pages\/336\/revisions\/2859"}],"up":[{"embeddable":true,"href":"https:\/\/wordpress.callac.online\/index.php\/wp-json\/wp\/v2\/pages\/2540"}],"wp:attachment":[{"href":"https:\/\/wordpress.callac.online\/index.php\/wp-json\/wp\/v2\/media?parent=336"}],"curies":[{"name":"wp","href":"https:\/\/api.w.org\/{rel}","templated":true}]}}