{"id":337,"date":"2016-04-27T18:09:51","date_gmt":"2016-04-27T16:09:51","guid":{"rendered":"http:\/\/wordpress.callac.online\/index.php\/installation-de-cherrypy\/"},"modified":"2022-01-05T22:41:55","modified_gmt":"2022-01-05T21:41:55","slug":"installation-de-cherrypy","status":"publish","type":"page","link":"https:\/\/wordpress.callac.online\/index.php\/python\/cherrypy\/installation-de-cherrypy\/","title":{"rendered":"Installation de Cherrypy"},"content":{"rendered":"\n<h2 class=\"wp-block-heading\">L&rsquo;installation<\/h2>\n\n\n\n<p><strong>Cherrypy<\/strong> est une biblioth\u00e8que Python. Son installation peut se faire par le paquet <strong> <strong>pip<\/strong> <\/strong> qu&rsquo;il faut donc commencer par installer.<\/p>\n\n\n\n<pre class=\"wp-block-code\"><code>sudo-apt-get install python-pip<\/code><\/pre>\n\n\n\n<p>On peut alors installer Cherrypy :<\/p>\n\n\n\n<pre class=\"wp-block-code\"><code>pip install cherrypy<\/code><\/pre>\n\n\n\n<h2 class=\"wp-block-heading\">L&rsquo;exemple de base<\/h2>\n\n\n\n<p>Il suffit de cr\u00e9er un fichier <strong>hello.py<\/strong> :<\/p>\n\n\n\n<pre class=\"EnlighterJSRAW\" data-enlighter-language=\"python\" data-enlighter-theme=\"\" data-enlighter-highlight=\"\" data-enlighter-linenumbers=\"\" data-enlighter-lineoffset=\"\" data-enlighter-title=\"\" data-enlighter-group=\"\">import cherrypy\n\n#---------------- le site\nclass HelloWorld :\n    #--------------------- la page par defaut\n    @cherrypy.expose     # pour rendre la page disponible\n    def index(self): \n        return \"Hello world!\"\n\n#----------------- lance le site\ncherrypy.quickstart(HelloWorld())<\/pre>\n\n\n\n<p>Dans un terminal, se placer dans le dossier contenant le fichier <strong>hello.py<\/strong> et lancer la commande :<\/p>\n\n\n\n<pre class=\"wp-block-code\"><code>python hello.py<\/code><\/pre>\n\n\n\n<p>Dans un navigateur, rentrer l&rsquo;adresse : <a href=\"http:\/\/localhost:8080\/\">http:\/\/localhost:8080\/<\/a>.<br>Et puis c&rsquo;est tout !<\/p>\n","protected":false},"excerpt":{"rendered":"<p>L&rsquo;installation Cherrypy est une biblioth\u00e8que Python. Son installation peut se faire par le paquet pip qu&rsquo;il faut donc commencer par installer. On peut alors installer Cherrypy : L&rsquo;exemple de base&hellip;<\/p>\n","protected":false},"author":1,"featured_media":0,"parent":1647,"menu_order":1,"comment_status":"closed","ping_status":"closed","template":"","meta":{"footnotes":""},"class_list":["post-337","page","type-page","status-publish","hentry"],"yoast_head":"<!-- This site is optimized with the Yoast SEO plugin v27.1.1 - https:\/\/yoast.com\/product\/yoast-seo-wordpress\/ -->\n<title>Installation de Cherrypy - Maths &amp; Num\u00e9rique<\/title>\n<meta name=\"robots\" content=\"index, follow, max-snippet:-1, max-image-preview:large, max-video-preview:-1\" \/>\n<link rel=\"canonical\" href=\"https:\/\/wordpress.callac.online\/index.php\/python\/cherrypy\/installation-de-cherrypy\/\" \/>\n<meta property=\"og:locale\" content=\"fr_FR\" \/>\n<meta property=\"og:type\" content=\"article\" \/>\n<meta property=\"og:title\" content=\"Installation de Cherrypy - Maths &amp; Num\u00e9rique\" \/>\n<meta property=\"og:description\" content=\"L&rsquo;installation Cherrypy est une biblioth\u00e8que Python. Son installation peut se faire par le paquet pip qu&rsquo;il faut donc commencer par installer. On peut alors installer Cherrypy : L&rsquo;exemple de base&hellip;\" \/>\n<meta property=\"og:url\" content=\"https:\/\/wordpress.callac.online\/index.php\/python\/cherrypy\/installation-de-cherrypy\/\" \/>\n<meta property=\"og:site_name\" content=\"Maths &amp; Num\u00e9rique\" \/>\n<meta property=\"article:modified_time\" content=\"2022-01-05T21:41:55+00:00\" \/>\n<meta name=\"twitter:card\" content=\"summary_large_image\" \/>\n<meta name=\"twitter:label1\" content=\"Dur\u00e9e de lecture estim\u00e9e\" \/>\n\t<meta name=\"twitter:data1\" content=\"1 minute\" \/>\n<script type=\"application\/ld+json\" class=\"yoast-schema-graph\">{\"@context\":\"https:\/\/schema.org\",\"@graph\":[{\"@type\":\"WebPage\",\"@id\":\"https:\/\/wordpress.callac.online\/index.php\/python\/cherrypy\/installation-de-cherrypy\/\",\"url\":\"https:\/\/wordpress.callac.online\/index.php\/python\/cherrypy\/installation-de-cherrypy\/\",\"name\":\"Installation de Cherrypy - Maths &amp; Num\u00e9rique\",\"isPartOf\":{\"@id\":\"https:\/\/wordpress.callac.online\/#website\"},\"datePublished\":\"2016-04-27T16:09:51+00:00\",\"dateModified\":\"2022-01-05T21:41:55+00:00\",\"breadcrumb\":{\"@id\":\"https:\/\/wordpress.callac.online\/index.php\/python\/cherrypy\/installation-de-cherrypy\/#breadcrumb\"},\"inLanguage\":\"fr-FR\",\"potentialAction\":[{\"@type\":\"ReadAction\",\"target\":[\"https:\/\/wordpress.callac.online\/index.php\/python\/cherrypy\/installation-de-cherrypy\/\"]}]},{\"@type\":\"BreadcrumbList\",\"@id\":\"https:\/\/wordpress.callac.online\/index.php\/python\/cherrypy\/installation-de-cherrypy\/#breadcrumb\",\"itemListElement\":[{\"@type\":\"ListItem\",\"position\":1,\"name\":\"Accueil\",\"item\":\"https:\/\/wordpress.callac.online\/\"},{\"@type\":\"ListItem\",\"position\":2,\"name\":\"Python\",\"item\":\"https:\/\/wordpress.callac.online\/index.php\/python\/\"},{\"@type\":\"ListItem\",\"position\":3,\"name\":\"Cherrypy\",\"item\":\"https:\/\/wordpress.callac.online\/index.php\/python\/cherrypy\/\"},{\"@type\":\"ListItem\",\"position\":4,\"name\":\"Installation de Cherrypy\"}]},{\"@type\":\"WebSite\",\"@id\":\"https:\/\/wordpress.callac.online\/#website\",\"url\":\"https:\/\/wordpress.callac.online\/\",\"name\":\"Maths & Num\u00e9rique\",\"description\":\"Des outils pour les enseignants de math\u00e9matiques et de num\u00e9rique\",\"publisher\":{\"@id\":\"https:\/\/wordpress.callac.online\/#\/schema\/person\/04061f1ca2c2c42039142a704be95940\"},\"potentialAction\":[{\"@type\":\"SearchAction\",\"target\":{\"@type\":\"EntryPoint\",\"urlTemplate\":\"https:\/\/wordpress.callac.online\/?s={search_term_string}\"},\"query-input\":{\"@type\":\"PropertyValueSpecification\",\"valueRequired\":true,\"valueName\":\"search_term_string\"}}],\"inLanguage\":\"fr-FR\"},{\"@type\":[\"Person\",\"Organization\"],\"@id\":\"https:\/\/wordpress.callac.online\/#\/schema\/person\/04061f1ca2c2c42039142a704be95940\",\"name\":\"dlefur\",\"image\":{\"@type\":\"ImageObject\",\"inLanguage\":\"fr-FR\",\"@id\":\"https:\/\/wordpress.callac.online\/#\/schema\/person\/image\/\",\"url\":\"https:\/\/secure.gravatar.com\/avatar\/4a9e17be136808c6597f28aa2b6c13126dab066fdc2198ff60090972c9b7fafc?s=96&d=mm&r=g\",\"contentUrl\":\"https:\/\/secure.gravatar.com\/avatar\/4a9e17be136808c6597f28aa2b6c13126dab066fdc2198ff60090972c9b7fafc?s=96&d=mm&r=g\",\"caption\":\"dlefur\"},\"logo\":{\"@id\":\"https:\/\/wordpress.callac.online\/#\/schema\/person\/image\/\"},\"description\":\"Enseignant de math\u00e9matiques Lyc\u00e9e Pasteur S\u00e3o Paulo\",\"sameAs\":[\"http:\/\/wordpress.callac.online\"]}]}<\/script>\n<!-- \/ Yoast SEO plugin. -->","yoast_head_json":{"title":"Installation de Cherrypy - Maths &amp; Num\u00e9rique","robots":{"index":"index","follow":"follow","max-snippet":"max-snippet:-1","max-image-preview":"max-image-preview:large","max-video-preview":"max-video-preview:-1"},"canonical":"https:\/\/wordpress.callac.online\/index.php\/python\/cherrypy\/installation-de-cherrypy\/","og_locale":"fr_FR","og_type":"article","og_title":"Installation de Cherrypy - Maths &amp; Num\u00e9rique","og_description":"L&rsquo;installation Cherrypy est une biblioth\u00e8que Python. Son installation peut se faire par le paquet pip qu&rsquo;il faut donc commencer par installer. On peut alors installer Cherrypy : L&rsquo;exemple de base&hellip;","og_url":"https:\/\/wordpress.callac.online\/index.php\/python\/cherrypy\/installation-de-cherrypy\/","og_site_name":"Maths &amp; Num\u00e9rique","article_modified_time":"2022-01-05T21:41:55+00:00","twitter_card":"summary_large_image","twitter_misc":{"Dur\u00e9e de lecture estim\u00e9e":"1 minute"},"schema":{"@context":"https:\/\/schema.org","@graph":[{"@type":"WebPage","@id":"https:\/\/wordpress.callac.online\/index.php\/python\/cherrypy\/installation-de-cherrypy\/","url":"https:\/\/wordpress.callac.online\/index.php\/python\/cherrypy\/installation-de-cherrypy\/","name":"Installation de Cherrypy - Maths &amp; Num\u00e9rique","isPartOf":{"@id":"https:\/\/wordpress.callac.online\/#website"},"datePublished":"2016-04-27T16:09:51+00:00","dateModified":"2022-01-05T21:41:55+00:00","breadcrumb":{"@id":"https:\/\/wordpress.callac.online\/index.php\/python\/cherrypy\/installation-de-cherrypy\/#breadcrumb"},"inLanguage":"fr-FR","potentialAction":[{"@type":"ReadAction","target":["https:\/\/wordpress.callac.online\/index.php\/python\/cherrypy\/installation-de-cherrypy\/"]}]},{"@type":"BreadcrumbList","@id":"https:\/\/wordpress.callac.online\/index.php\/python\/cherrypy\/installation-de-cherrypy\/#breadcrumb","itemListElement":[{"@type":"ListItem","position":1,"name":"Accueil","item":"https:\/\/wordpress.callac.online\/"},{"@type":"ListItem","position":2,"name":"Python","item":"https:\/\/wordpress.callac.online\/index.php\/python\/"},{"@type":"ListItem","position":3,"name":"Cherrypy","item":"https:\/\/wordpress.callac.online\/index.php\/python\/cherrypy\/"},{"@type":"ListItem","position":4,"name":"Installation de Cherrypy"}]},{"@type":"WebSite","@id":"https:\/\/wordpress.callac.online\/#website","url":"https:\/\/wordpress.callac.online\/","name":"Maths & Num\u00e9rique","description":"Des outils pour les enseignants de math\u00e9matiques et de num\u00e9rique","publisher":{"@id":"https:\/\/wordpress.callac.online\/#\/schema\/person\/04061f1ca2c2c42039142a704be95940"},"potentialAction":[{"@type":"SearchAction","target":{"@type":"EntryPoint","urlTemplate":"https:\/\/wordpress.callac.online\/?s={search_term_string}"},"query-input":{"@type":"PropertyValueSpecification","valueRequired":true,"valueName":"search_term_string"}}],"inLanguage":"fr-FR"},{"@type":["Person","Organization"],"@id":"https:\/\/wordpress.callac.online\/#\/schema\/person\/04061f1ca2c2c42039142a704be95940","name":"dlefur","image":{"@type":"ImageObject","inLanguage":"fr-FR","@id":"https:\/\/wordpress.callac.online\/#\/schema\/person\/image\/","url":"https:\/\/secure.gravatar.com\/avatar\/4a9e17be136808c6597f28aa2b6c13126dab066fdc2198ff60090972c9b7fafc?s=96&d=mm&r=g","contentUrl":"https:\/\/secure.gravatar.com\/avatar\/4a9e17be136808c6597f28aa2b6c13126dab066fdc2198ff60090972c9b7fafc?s=96&d=mm&r=g","caption":"dlefur"},"logo":{"@id":"https:\/\/wordpress.callac.online\/#\/schema\/person\/image\/"},"description":"Enseignant de math\u00e9matiques Lyc\u00e9e Pasteur S\u00e3o Paulo","sameAs":["http:\/\/wordpress.callac.online"]}]}},"_links":{"self":[{"href":"https:\/\/wordpress.callac.online\/index.php\/wp-json\/wp\/v2\/pages\/337","targetHints":{"allow":["GET"]}}],"collection":[{"href":"https:\/\/wordpress.callac.online\/index.php\/wp-json\/wp\/v2\/pages"}],"about":[{"href":"https:\/\/wordpress.callac.online\/index.php\/wp-json\/wp\/v2\/types\/page"}],"author":[{"embeddable":true,"href":"https:\/\/wordpress.callac.online\/index.php\/wp-json\/wp\/v2\/users\/1"}],"replies":[{"embeddable":true,"href":"https:\/\/wordpress.callac.online\/index.php\/wp-json\/wp\/v2\/comments?post=337"}],"version-history":[{"count":2,"href":"https:\/\/wordpress.callac.online\/index.php\/wp-json\/wp\/v2\/pages\/337\/revisions"}],"predecessor-version":[{"id":2039,"href":"https:\/\/wordpress.callac.online\/index.php\/wp-json\/wp\/v2\/pages\/337\/revisions\/2039"}],"up":[{"embeddable":true,"href":"https:\/\/wordpress.callac.online\/index.php\/wp-json\/wp\/v2\/pages\/1647"}],"wp:attachment":[{"href":"https:\/\/wordpress.callac.online\/index.php\/wp-json\/wp\/v2\/media?parent=337"}],"curies":[{"name":"wp","href":"https:\/\/api.w.org\/{rel}","templated":true}]}}