{"id":338,"date":"2016-04-27T20:59:41","date_gmt":"2016-04-27T18:59:41","guid":{"rendered":"http:\/\/wordpress.callac.online\/index.php\/un-debut-de-configuration-pour-cherrypy\/"},"modified":"2022-01-05T22:41:55","modified_gmt":"2022-01-05T21:41:55","slug":"un-debut-de-configuration-pour-cherrypy","status":"publish","type":"page","link":"https:\/\/wordpress.callac.online\/index.php\/python\/cherrypy\/un-debut-de-configuration-pour-cherrypy\/","title":{"rendered":"Un d\u00e9but de configuration pour Cherrypy"},"content":{"rendered":"\n<h2 class=\"wp-block-heading\">Une arborescence<\/h2>\n\n\n\n<p>L&rsquo;exemple de base tient en un fichier. mais pour un site plus complet, d&rsquo;autres fichiers vont venir se rajouter.<br>Pour cela, une arborescence est utile pour s&rsquo;y retrouver.<\/p>\n\n\n\n<p>Supposons que mon dossier principal soit \u00ab\u00a0\/home\/dlefur\/Cherrypy\/\u00a0\u00bb.<br>Dedans se trouve mon fichier <strong>main.py<\/strong>, mon fichier python \u00e0 ex\u00e9cuter.<\/p>\n\n\n\n<p>On peut au moins commencer par trois sous-dossiers :<\/p>\n\n\n\n<ul class=\"wp-block-list\"><li><strong>config\/<\/strong> : contiendra le fichier de configuration <strong>server.conf<\/strong>.<\/li><li><strong>favicon\/<\/strong> : contiendra <strong>favicon.ico<\/strong>.<\/li><li><strong>public\/<\/strong> :contiendra d&rsquo;autres sous-dossiers :\n<ul>\n<li><strong>css\/<\/strong><\/li>\n<li><strong>images\/<\/strong><\/li>\n<li><strong>pdf\/<\/strong><\/li>\n<li>&#8230;<\/li>\n<\/ul>\n<\/li><li>&#8230;<\/li><\/ul>\n\n\n\n<h2 class=\"wp-block-heading\">Le fichier <strong>server.conf<\/strong><\/h2>\n\n\n\n<pre class=\"EnlighterJSRAW\" data-enlighter-language=\"generic\" data-enlighter-theme=\"\" data-enlighter-highlight=\"\" data-enlighter-linenumbers=\"\" data-enlighter-lineoffset=\"\" data-enlighter-title=\"\" data-enlighter-group=\"\">[global]\nserver.socket_host : \"0.0.0.0\"  # pour rendre le site accessible \u00e0 la fois en local ou en public\nserver.socket_port : 2016       # le port choisi\n\n[\/]\ntools.sessions.on : True\ntools.staticdir.root: \"\/home\/dlefur\/Cherrypy\/\"\n\n[\/favicon.ico]\ntools.staticfile.on : True\ntools.staticfile.filename : \"\/home\/dlefur\/Cherrypy\/favicon\/favicon.ico\"\n\n\n[\/style.css]\ntools.staticfile.on : True\ntools.staticfile.filename : \"\/home\/dlefur\/Cherrypy\/static\/css\/style.css\"\n\n[\/static]\ntools.staticdir.on : True\ntools.staticdir.dir : \"static\/\"<\/pre>\n\n\n\n<p>Le css pourra \u00eatre appel\u00e9 par une commande :<\/p>\n\n\n\n<pre class=\"wp-block-code\"><code>&lt;link rel=\"stylesheet\" type=\"text\/css\" href=\"\/style.css\" type=\"text\/css\">&lt;\/link><\/code><\/pre>\n\n\n\n<h4 class=\"wp-block-heading\">Mon nouveau Hello World<br><\/h4>\n\n\n\n<pre class=\"EnlighterJSRAW\" data-enlighter-language=\"generic\" data-enlighter-theme=\"\" data-enlighter-highlight=\"\" data-enlighter-linenumbers=\"\" data-enlighter-lineoffset=\"\" data-enlighter-title=\"\" data-enlighter-group=\"\">import cherrypy, os\n\n#---------------- le site\nclass HelloWorld :\n    #--------------------- la page par defaut\n    @cherrypy.expose     # pour rendre la page disponible\n    def index(self): \n        return \"Hello world!\"\n\n#----------------- lance le site en utilisant le fichier de configuration\nconfigfile=os.path.join(os.path.dirname(__file__),\"config\/server.conf\")\ncherrypy.quickstart(HelloWorld(),config=configfile)<\/pre>\n\n\n\n<p>Cette fois-ci, le port a chang\u00e9. C&rsquo;est celui indiqu\u00e9 dans le fichier server.conf.<br>Dans le navigateur, l&rsquo;adresse \u00e0 utiliser sera : <a href=\"http:\/\/localhost:2016\/\">http:\/\/localhost:2016\/<\/a>.<\/p>\n","protected":false},"excerpt":{"rendered":"<p>Une arborescence L&rsquo;exemple de base tient en un fichier. mais pour un site plus complet, d&rsquo;autres fichiers vont venir se rajouter.Pour cela, une arborescence est utile pour s&rsquo;y retrouver. Supposons&hellip;<\/p>\n","protected":false},"author":1,"featured_media":0,"parent":1647,"menu_order":3,"comment_status":"closed","ping_status":"closed","template":"","meta":{"footnotes":""},"class_list":["post-338","page","type-page","status-publish","hentry"],"yoast_head":"<!-- This site is optimized with the Yoast SEO plugin v27.1.1 - https:\/\/yoast.com\/product\/yoast-seo-wordpress\/ -->\n<title>Un d\u00e9but de configuration pour Cherrypy - Maths &amp; Num\u00e9rique<\/title>\n<meta name=\"robots\" content=\"index, follow, max-snippet:-1, max-image-preview:large, max-video-preview:-1\" \/>\n<link rel=\"canonical\" href=\"https:\/\/wordpress.callac.online\/index.php\/python\/cherrypy\/un-debut-de-configuration-pour-cherrypy\/\" \/>\n<meta property=\"og:locale\" content=\"fr_FR\" \/>\n<meta property=\"og:type\" content=\"article\" \/>\n<meta property=\"og:title\" content=\"Un d\u00e9but de configuration pour Cherrypy - Maths &amp; Num\u00e9rique\" \/>\n<meta property=\"og:description\" content=\"Une arborescence L&rsquo;exemple de base tient en un fichier. mais pour un site plus complet, d&rsquo;autres fichiers vont venir se rajouter.Pour cela, une arborescence est utile pour s&rsquo;y retrouver. Supposons&hellip;\" \/>\n<meta property=\"og:url\" content=\"https:\/\/wordpress.callac.online\/index.php\/python\/cherrypy\/un-debut-de-configuration-pour-cherrypy\/\" \/>\n<meta property=\"og:site_name\" content=\"Maths &amp; Num\u00e9rique\" \/>\n<meta property=\"article:modified_time\" content=\"2022-01-05T21:41:55+00:00\" \/>\n<meta name=\"twitter:card\" content=\"summary_large_image\" \/>\n<meta name=\"twitter:label1\" content=\"Dur\u00e9e de lecture estim\u00e9e\" \/>\n\t<meta name=\"twitter:data1\" content=\"1 minute\" \/>\n<script type=\"application\/ld+json\" class=\"yoast-schema-graph\">{\"@context\":\"https:\/\/schema.org\",\"@graph\":[{\"@type\":\"WebPage\",\"@id\":\"https:\/\/wordpress.callac.online\/index.php\/python\/cherrypy\/un-debut-de-configuration-pour-cherrypy\/\",\"url\":\"https:\/\/wordpress.callac.online\/index.php\/python\/cherrypy\/un-debut-de-configuration-pour-cherrypy\/\",\"name\":\"Un d\u00e9but de configuration pour Cherrypy - Maths &amp; Num\u00e9rique\",\"isPartOf\":{\"@id\":\"https:\/\/wordpress.callac.online\/#website\"},\"datePublished\":\"2016-04-27T18:59:41+00:00\",\"dateModified\":\"2022-01-05T21:41:55+00:00\",\"breadcrumb\":{\"@id\":\"https:\/\/wordpress.callac.online\/index.php\/python\/cherrypy\/un-debut-de-configuration-pour-cherrypy\/#breadcrumb\"},\"inLanguage\":\"fr-FR\",\"potentialAction\":[{\"@type\":\"ReadAction\",\"target\":[\"https:\/\/wordpress.callac.online\/index.php\/python\/cherrypy\/un-debut-de-configuration-pour-cherrypy\/\"]}]},{\"@type\":\"BreadcrumbList\",\"@id\":\"https:\/\/wordpress.callac.online\/index.php\/python\/cherrypy\/un-debut-de-configuration-pour-cherrypy\/#breadcrumb\",\"itemListElement\":[{\"@type\":\"ListItem\",\"position\":1,\"name\":\"Accueil\",\"item\":\"https:\/\/wordpress.callac.online\/\"},{\"@type\":\"ListItem\",\"position\":2,\"name\":\"Python\",\"item\":\"https:\/\/wordpress.callac.online\/index.php\/python\/\"},{\"@type\":\"ListItem\",\"position\":3,\"name\":\"Cherrypy\",\"item\":\"https:\/\/wordpress.callac.online\/index.php\/python\/cherrypy\/\"},{\"@type\":\"ListItem\",\"position\":4,\"name\":\"Un d\u00e9but de configuration pour Cherrypy\"}]},{\"@type\":\"WebSite\",\"@id\":\"https:\/\/wordpress.callac.online\/#website\",\"url\":\"https:\/\/wordpress.callac.online\/\",\"name\":\"Maths & Num\u00e9rique\",\"description\":\"Des outils pour les enseignants de math\u00e9matiques et de num\u00e9rique\",\"publisher\":{\"@id\":\"https:\/\/wordpress.callac.online\/#\/schema\/person\/04061f1ca2c2c42039142a704be95940\"},\"potentialAction\":[{\"@type\":\"SearchAction\",\"target\":{\"@type\":\"EntryPoint\",\"urlTemplate\":\"https:\/\/wordpress.callac.online\/?s={search_term_string}\"},\"query-input\":{\"@type\":\"PropertyValueSpecification\",\"valueRequired\":true,\"valueName\":\"search_term_string\"}}],\"inLanguage\":\"fr-FR\"},{\"@type\":[\"Person\",\"Organization\"],\"@id\":\"https:\/\/wordpress.callac.online\/#\/schema\/person\/04061f1ca2c2c42039142a704be95940\",\"name\":\"dlefur\",\"image\":{\"@type\":\"ImageObject\",\"inLanguage\":\"fr-FR\",\"@id\":\"https:\/\/wordpress.callac.online\/#\/schema\/person\/image\/\",\"url\":\"https:\/\/secure.gravatar.com\/avatar\/4a9e17be136808c6597f28aa2b6c13126dab066fdc2198ff60090972c9b7fafc?s=96&d=mm&r=g\",\"contentUrl\":\"https:\/\/secure.gravatar.com\/avatar\/4a9e17be136808c6597f28aa2b6c13126dab066fdc2198ff60090972c9b7fafc?s=96&d=mm&r=g\",\"caption\":\"dlefur\"},\"logo\":{\"@id\":\"https:\/\/wordpress.callac.online\/#\/schema\/person\/image\/\"},\"description\":\"Enseignant de math\u00e9matiques Lyc\u00e9e Pasteur S\u00e3o Paulo\",\"sameAs\":[\"http:\/\/wordpress.callac.online\"]}]}<\/script>\n<!-- \/ Yoast SEO plugin. -->","yoast_head_json":{"title":"Un d\u00e9but de configuration pour Cherrypy - Maths &amp; Num\u00e9rique","robots":{"index":"index","follow":"follow","max-snippet":"max-snippet:-1","max-image-preview":"max-image-preview:large","max-video-preview":"max-video-preview:-1"},"canonical":"https:\/\/wordpress.callac.online\/index.php\/python\/cherrypy\/un-debut-de-configuration-pour-cherrypy\/","og_locale":"fr_FR","og_type":"article","og_title":"Un d\u00e9but de configuration pour Cherrypy - Maths &amp; Num\u00e9rique","og_description":"Une arborescence L&rsquo;exemple de base tient en un fichier. mais pour un site plus complet, d&rsquo;autres fichiers vont venir se rajouter.Pour cela, une arborescence est utile pour s&rsquo;y retrouver. Supposons&hellip;","og_url":"https:\/\/wordpress.callac.online\/index.php\/python\/cherrypy\/un-debut-de-configuration-pour-cherrypy\/","og_site_name":"Maths &amp; Num\u00e9rique","article_modified_time":"2022-01-05T21:41:55+00:00","twitter_card":"summary_large_image","twitter_misc":{"Dur\u00e9e de lecture estim\u00e9e":"1 minute"},"schema":{"@context":"https:\/\/schema.org","@graph":[{"@type":"WebPage","@id":"https:\/\/wordpress.callac.online\/index.php\/python\/cherrypy\/un-debut-de-configuration-pour-cherrypy\/","url":"https:\/\/wordpress.callac.online\/index.php\/python\/cherrypy\/un-debut-de-configuration-pour-cherrypy\/","name":"Un d\u00e9but de configuration pour Cherrypy - Maths &amp; Num\u00e9rique","isPartOf":{"@id":"https:\/\/wordpress.callac.online\/#website"},"datePublished":"2016-04-27T18:59:41+00:00","dateModified":"2022-01-05T21:41:55+00:00","breadcrumb":{"@id":"https:\/\/wordpress.callac.online\/index.php\/python\/cherrypy\/un-debut-de-configuration-pour-cherrypy\/#breadcrumb"},"inLanguage":"fr-FR","potentialAction":[{"@type":"ReadAction","target":["https:\/\/wordpress.callac.online\/index.php\/python\/cherrypy\/un-debut-de-configuration-pour-cherrypy\/"]}]},{"@type":"BreadcrumbList","@id":"https:\/\/wordpress.callac.online\/index.php\/python\/cherrypy\/un-debut-de-configuration-pour-cherrypy\/#breadcrumb","itemListElement":[{"@type":"ListItem","position":1,"name":"Accueil","item":"https:\/\/wordpress.callac.online\/"},{"@type":"ListItem","position":2,"name":"Python","item":"https:\/\/wordpress.callac.online\/index.php\/python\/"},{"@type":"ListItem","position":3,"name":"Cherrypy","item":"https:\/\/wordpress.callac.online\/index.php\/python\/cherrypy\/"},{"@type":"ListItem","position":4,"name":"Un d\u00e9but de configuration pour Cherrypy"}]},{"@type":"WebSite","@id":"https:\/\/wordpress.callac.online\/#website","url":"https:\/\/wordpress.callac.online\/","name":"Maths & Num\u00e9rique","description":"Des outils pour les enseignants de math\u00e9matiques et de num\u00e9rique","publisher":{"@id":"https:\/\/wordpress.callac.online\/#\/schema\/person\/04061f1ca2c2c42039142a704be95940"},"potentialAction":[{"@type":"SearchAction","target":{"@type":"EntryPoint","urlTemplate":"https:\/\/wordpress.callac.online\/?s={search_term_string}"},"query-input":{"@type":"PropertyValueSpecification","valueRequired":true,"valueName":"search_term_string"}}],"inLanguage":"fr-FR"},{"@type":["Person","Organization"],"@id":"https:\/\/wordpress.callac.online\/#\/schema\/person\/04061f1ca2c2c42039142a704be95940","name":"dlefur","image":{"@type":"ImageObject","inLanguage":"fr-FR","@id":"https:\/\/wordpress.callac.online\/#\/schema\/person\/image\/","url":"https:\/\/secure.gravatar.com\/avatar\/4a9e17be136808c6597f28aa2b6c13126dab066fdc2198ff60090972c9b7fafc?s=96&d=mm&r=g","contentUrl":"https:\/\/secure.gravatar.com\/avatar\/4a9e17be136808c6597f28aa2b6c13126dab066fdc2198ff60090972c9b7fafc?s=96&d=mm&r=g","caption":"dlefur"},"logo":{"@id":"https:\/\/wordpress.callac.online\/#\/schema\/person\/image\/"},"description":"Enseignant de math\u00e9matiques Lyc\u00e9e Pasteur S\u00e3o Paulo","sameAs":["http:\/\/wordpress.callac.online"]}]}},"_links":{"self":[{"href":"https:\/\/wordpress.callac.online\/index.php\/wp-json\/wp\/v2\/pages\/338","targetHints":{"allow":["GET"]}}],"collection":[{"href":"https:\/\/wordpress.callac.online\/index.php\/wp-json\/wp\/v2\/pages"}],"about":[{"href":"https:\/\/wordpress.callac.online\/index.php\/wp-json\/wp\/v2\/types\/page"}],"author":[{"embeddable":true,"href":"https:\/\/wordpress.callac.online\/index.php\/wp-json\/wp\/v2\/users\/1"}],"replies":[{"embeddable":true,"href":"https:\/\/wordpress.callac.online\/index.php\/wp-json\/wp\/v2\/comments?post=338"}],"version-history":[{"count":2,"href":"https:\/\/wordpress.callac.online\/index.php\/wp-json\/wp\/v2\/pages\/338\/revisions"}],"predecessor-version":[{"id":2042,"href":"https:\/\/wordpress.callac.online\/index.php\/wp-json\/wp\/v2\/pages\/338\/revisions\/2042"}],"up":[{"embeddable":true,"href":"https:\/\/wordpress.callac.online\/index.php\/wp-json\/wp\/v2\/pages\/1647"}],"wp:attachment":[{"href":"https:\/\/wordpress.callac.online\/index.php\/wp-json\/wp\/v2\/media?parent=338"}],"curies":[{"name":"wp","href":"https:\/\/api.w.org\/{rel}","templated":true}]}}