{"id":3384,"date":"2023-02-22T10:46:38","date_gmt":"2023-02-22T09:46:38","guid":{"rendered":"https:\/\/wordpress.callac.online\/index.php\/logiciels-mathematiques\/scratch\/le-robot-mbot\/avant-de-programmer-mbot\/des-videos-de-presentation-de-mbot\/"},"modified":"2023-10-14T20:13:27","modified_gmt":"2023-10-14T18:13:27","slug":"des-videos-de-presentation-de-mbot","status":"publish","type":"page","link":"https:\/\/wordpress.callac.online\/index.php\/logiciels-mathematiques\/scratch\/le-robot-mbot\/avant-de-programmer-mbot\/des-videos-de-presentation-de-mbot\/","title":{"rendered":"Des vid\u00e9os de pr\u00e9sentation de mBot"},"content":{"rendered":"\n<p>Vous trouverez ci-dessous les vid\u00e9os d&rsquo;Alain Le Berre pr\u00e9sentant le robot mBot.<\/p>\n\n\n\n<h3 class=\"wp-block-heading\">Pr\u00e9sentation de mBot<\/h3>\n\n\n\n<figure class=\"wp-block-embed is-type-video is-provider-youtube wp-block-embed-youtube wp-embed-aspect-16-9 wp-has-aspect-ratio\"><div class=\"wp-block-embed__wrapper\">\n<iframe loading=\"lazy\" title=\"1 - Pr\u00e9sentation de mBot, robot programmable\" width=\"900\" height=\"506\" src=\"https:\/\/www.youtube.com\/embed\/EWs8s4jpgag?feature=oembed\" frameborder=\"0\" allow=\"accelerometer; autoplay; clipboard-write; encrypted-media; gyroscope; picture-in-picture; web-share\" allowfullscreen><\/iframe>\n<\/div><\/figure>\n\n\n\n<h3 class=\"wp-block-heading\">Constitution de mBot<\/h3>\n\n\n\n<figure class=\"wp-block-embed is-type-video is-provider-youtube wp-block-embed-youtube wp-embed-aspect-16-9 wp-has-aspect-ratio\"><div class=\"wp-block-embed__wrapper\">\n<iframe loading=\"lazy\" title=\"2 - Constitution de mBot, robot programmable\" width=\"900\" height=\"506\" src=\"https:\/\/www.youtube.com\/embed\/IzBJlIKpPWo?feature=oembed\" frameborder=\"0\" allow=\"accelerometer; autoplay; clipboard-write; encrypted-media; gyroscope; picture-in-picture; web-share\" allowfullscreen><\/iframe>\n<\/div><\/figure>\n\n\n\n<h3 class=\"wp-block-heading\">Les actionneurs de mBot<\/h3>\n\n\n\n<figure class=\"wp-block-embed is-type-video is-provider-youtube wp-block-embed-youtube wp-embed-aspect-16-9 wp-has-aspect-ratio\"><div class=\"wp-block-embed__wrapper\">\n<iframe loading=\"lazy\" title=\"3 - Les actionneurs de mBot, robot programmable\" width=\"900\" height=\"506\" src=\"https:\/\/www.youtube.com\/embed\/t9htG1XMEzA?feature=oembed\" frameborder=\"0\" allow=\"accelerometer; autoplay; clipboard-write; encrypted-media; gyroscope; picture-in-picture; web-share\" allowfullscreen><\/iframe>\n<\/div><\/figure>\n\n\n\n<h3 class=\"wp-block-heading\">Les capteurs de mBot<\/h3>\n\n\n\n<figure class=\"wp-block-embed is-type-video is-provider-youtube wp-block-embed-youtube wp-embed-aspect-16-9 wp-has-aspect-ratio\"><div class=\"wp-block-embed__wrapper\">\n<iframe loading=\"lazy\" title=\"4 - Les capteurs de mBot, robot programmable\" width=\"900\" height=\"506\" src=\"https:\/\/www.youtube.com\/embed\/lNie493d7oE?feature=oembed\" frameborder=\"0\" allow=\"accelerometer; autoplay; clipboard-write; encrypted-media; gyroscope; picture-in-picture; web-share\" allowfullscreen><\/iframe>\n<\/div><\/figure>\n\n\n\n<h3 class=\"wp-block-heading\">Prise en main de mBlock<\/h3>\n\n\n\n<p>Attention, cette vid\u00e9o est ancienne. Elle peut cependant vous aider si vous utilisez le logiciel mBlock sur votre ordinateur.<\/p>\n\n\n\n<p>On y explique comment installer le programme de communication qui permet d&rsquo;utiliser la t\u00e9l\u00e9commande.<\/p>\n\n\n\n<figure class=\"wp-block-embed is-type-video is-provider-youtube wp-block-embed-youtube wp-embed-aspect-16-9 wp-has-aspect-ratio\"><div class=\"wp-block-embed__wrapper\">\n<iframe loading=\"lazy\" title=\"5 - Piloter manuellement mBot, robot programmable\" width=\"900\" height=\"506\" src=\"https:\/\/www.youtube.com\/embed\/7V8-Y7hDejk?feature=oembed\" frameborder=\"0\" allow=\"accelerometer; autoplay; clipboard-write; encrypted-media; gyroscope; picture-in-picture; web-share\" allowfullscreen><\/iframe>\n<\/div><\/figure>\n\n\n\n<h3 class=\"wp-block-heading\">Fonctionnement de mBot<\/h3>\n\n\n\n<p>On y explique les principes d&rsquo;un robot.<\/p>\n\n\n\n<figure class=\"wp-block-embed is-type-video is-provider-youtube wp-block-embed-youtube wp-embed-aspect-16-9 wp-has-aspect-ratio\"><div class=\"wp-block-embed__wrapper\">\n<iframe loading=\"lazy\" title=\"6 - Fonctionnement de mBot, cha\u00eene d&#039;\u00e9nergie et cha\u00eene d&#039;information\" width=\"900\" height=\"506\" src=\"https:\/\/www.youtube.com\/embed\/BhbyP-C--I0?feature=oembed\" frameborder=\"0\" allow=\"accelerometer; autoplay; clipboard-write; encrypted-media; gyroscope; picture-in-picture; web-share\" allowfullscreen><\/iframe>\n<\/div><\/figure>\n","protected":false},"excerpt":{"rendered":"<p>Vous trouverez ci-dessous les vid\u00e9os d&rsquo;Alain Le Berre pr\u00e9sentant le robot mBot. Pr\u00e9sentation de mBot Constitution de mBot Les actionneurs de mBot Les capteurs de mBot Prise en main de&hellip;<\/p>\n","protected":false},"author":1,"featured_media":0,"parent":3371,"menu_order":0,"comment_status":"closed","ping_status":"closed","template":"","meta":{"footnotes":""},"class_list":["post-3384","page","type-page","status-publish","hentry"],"yoast_head":"<!-- This site is optimized with the Yoast SEO plugin v27.1.1 - https:\/\/yoast.com\/product\/yoast-seo-wordpress\/ -->\n<title>Des vid\u00e9os de pr\u00e9sentation de mBot - Maths &amp; Num\u00e9rique<\/title>\n<meta name=\"robots\" content=\"index, follow, max-snippet:-1, max-image-preview:large, max-video-preview:-1\" \/>\n<link rel=\"canonical\" href=\"https:\/\/wordpress.callac.online\/index.php\/logiciels-mathematiques\/scratch\/le-robot-mbot\/avant-de-programmer-mbot\/des-videos-de-presentation-de-mbot\/\" \/>\n<meta property=\"og:locale\" content=\"fr_FR\" \/>\n<meta property=\"og:type\" content=\"article\" \/>\n<meta property=\"og:title\" content=\"Des vid\u00e9os de pr\u00e9sentation de mBot - Maths &amp; Num\u00e9rique\" \/>\n<meta property=\"og:description\" content=\"Vous trouverez ci-dessous les vid\u00e9os d&rsquo;Alain Le Berre pr\u00e9sentant le robot mBot. Pr\u00e9sentation de mBot Constitution de mBot Les actionneurs de mBot Les capteurs de mBot Prise en main de&hellip;\" \/>\n<meta property=\"og:url\" content=\"https:\/\/wordpress.callac.online\/index.php\/logiciels-mathematiques\/scratch\/le-robot-mbot\/avant-de-programmer-mbot\/des-videos-de-presentation-de-mbot\/\" \/>\n<meta property=\"og:site_name\" content=\"Maths &amp; Num\u00e9rique\" \/>\n<meta property=\"article:modified_time\" content=\"2023-10-14T18:13:27+00:00\" \/>\n<meta name=\"twitter:card\" content=\"summary_large_image\" \/>\n<meta name=\"twitter:label1\" content=\"Dur\u00e9e de lecture estim\u00e9e\" \/>\n\t<meta name=\"twitter:data1\" content=\"1 minute\" \/>\n<script type=\"application\/ld+json\" class=\"yoast-schema-graph\">{\"@context\":\"https:\/\/schema.org\",\"@graph\":[{\"@type\":\"WebPage\",\"@id\":\"https:\/\/wordpress.callac.online\/index.php\/logiciels-mathematiques\/scratch\/le-robot-mbot\/avant-de-programmer-mbot\/des-videos-de-presentation-de-mbot\/\",\"url\":\"https:\/\/wordpress.callac.online\/index.php\/logiciels-mathematiques\/scratch\/le-robot-mbot\/avant-de-programmer-mbot\/des-videos-de-presentation-de-mbot\/\",\"name\":\"Des vid\u00e9os de pr\u00e9sentation de mBot - Maths &amp; Num\u00e9rique\",\"isPartOf\":{\"@id\":\"https:\/\/wordpress.callac.online\/#website\"},\"datePublished\":\"2023-02-22T09:46:38+00:00\",\"dateModified\":\"2023-10-14T18:13:27+00:00\",\"breadcrumb\":{\"@id\":\"https:\/\/wordpress.callac.online\/index.php\/logiciels-mathematiques\/scratch\/le-robot-mbot\/avant-de-programmer-mbot\/des-videos-de-presentation-de-mbot\/#breadcrumb\"},\"inLanguage\":\"fr-FR\",\"potentialAction\":[{\"@type\":\"ReadAction\",\"target\":[\"https:\/\/wordpress.callac.online\/index.php\/logiciels-mathematiques\/scratch\/le-robot-mbot\/avant-de-programmer-mbot\/des-videos-de-presentation-de-mbot\/\"]}]},{\"@type\":\"BreadcrumbList\",\"@id\":\"https:\/\/wordpress.callac.online\/index.php\/logiciels-mathematiques\/scratch\/le-robot-mbot\/avant-de-programmer-mbot\/des-videos-de-presentation-de-mbot\/#breadcrumb\",\"itemListElement\":[{\"@type\":\"ListItem\",\"position\":1,\"name\":\"Accueil\",\"item\":\"https:\/\/wordpress.callac.online\/\"},{\"@type\":\"ListItem\",\"position\":2,\"name\":\"Logiciels math\u00e9matiques\",\"item\":\"https:\/\/wordpress.callac.online\/index.php\/logiciels-mathematiques\/\"},{\"@type\":\"ListItem\",\"position\":3,\"name\":\"Scratch\",\"item\":\"https:\/\/wordpress.callac.online\/index.php\/logiciels-mathematiques\/scratch\/\"},{\"@type\":\"ListItem\",\"position\":4,\"name\":\"Le robot mBot\",\"item\":\"https:\/\/wordpress.callac.online\/index.php\/logiciels-mathematiques\/scratch\/le-robot-mbot\/\"},{\"@type\":\"ListItem\",\"position\":5,\"name\":\"Avant de programmer mBot\",\"item\":\"https:\/\/wordpress.callac.online\/index.php\/logiciels-mathematiques\/scratch\/le-robot-mbot\/avant-de-programmer-mbot\/\"},{\"@type\":\"ListItem\",\"position\":6,\"name\":\"Des vid\u00e9os de pr\u00e9sentation de mBot\"}]},{\"@type\":\"WebSite\",\"@id\":\"https:\/\/wordpress.callac.online\/#website\",\"url\":\"https:\/\/wordpress.callac.online\/\",\"name\":\"Maths & Num\u00e9rique\",\"description\":\"Des outils pour les enseignants de math\u00e9matiques et de num\u00e9rique\",\"publisher\":{\"@id\":\"https:\/\/wordpress.callac.online\/#\/schema\/person\/04061f1ca2c2c42039142a704be95940\"},\"potentialAction\":[{\"@type\":\"SearchAction\",\"target\":{\"@type\":\"EntryPoint\",\"urlTemplate\":\"https:\/\/wordpress.callac.online\/?s={search_term_string}\"},\"query-input\":{\"@type\":\"PropertyValueSpecification\",\"valueRequired\":true,\"valueName\":\"search_term_string\"}}],\"inLanguage\":\"fr-FR\"},{\"@type\":[\"Person\",\"Organization\"],\"@id\":\"https:\/\/wordpress.callac.online\/#\/schema\/person\/04061f1ca2c2c42039142a704be95940\",\"name\":\"dlefur\",\"image\":{\"@type\":\"ImageObject\",\"inLanguage\":\"fr-FR\",\"@id\":\"https:\/\/wordpress.callac.online\/#\/schema\/person\/image\/\",\"url\":\"https:\/\/secure.gravatar.com\/avatar\/4a9e17be136808c6597f28aa2b6c13126dab066fdc2198ff60090972c9b7fafc?s=96&d=mm&r=g\",\"contentUrl\":\"https:\/\/secure.gravatar.com\/avatar\/4a9e17be136808c6597f28aa2b6c13126dab066fdc2198ff60090972c9b7fafc?s=96&d=mm&r=g\",\"caption\":\"dlefur\"},\"logo\":{\"@id\":\"https:\/\/wordpress.callac.online\/#\/schema\/person\/image\/\"},\"description\":\"Enseignant de math\u00e9matiques Lyc\u00e9e Pasteur S\u00e3o Paulo\",\"sameAs\":[\"http:\/\/wordpress.callac.online\"]}]}<\/script>\n<!-- \/ Yoast SEO plugin. -->","yoast_head_json":{"title":"Des vid\u00e9os de pr\u00e9sentation de mBot - Maths &amp; Num\u00e9rique","robots":{"index":"index","follow":"follow","max-snippet":"max-snippet:-1","max-image-preview":"max-image-preview:large","max-video-preview":"max-video-preview:-1"},"canonical":"https:\/\/wordpress.callac.online\/index.php\/logiciels-mathematiques\/scratch\/le-robot-mbot\/avant-de-programmer-mbot\/des-videos-de-presentation-de-mbot\/","og_locale":"fr_FR","og_type":"article","og_title":"Des vid\u00e9os de pr\u00e9sentation de mBot - Maths &amp; Num\u00e9rique","og_description":"Vous trouverez ci-dessous les vid\u00e9os d&rsquo;Alain Le Berre pr\u00e9sentant le robot mBot. Pr\u00e9sentation de mBot Constitution de mBot Les actionneurs de mBot Les capteurs de mBot Prise en main de&hellip;","og_url":"https:\/\/wordpress.callac.online\/index.php\/logiciels-mathematiques\/scratch\/le-robot-mbot\/avant-de-programmer-mbot\/des-videos-de-presentation-de-mbot\/","og_site_name":"Maths &amp; Num\u00e9rique","article_modified_time":"2023-10-14T18:13:27+00:00","twitter_card":"summary_large_image","twitter_misc":{"Dur\u00e9e de lecture estim\u00e9e":"1 minute"},"schema":{"@context":"https:\/\/schema.org","@graph":[{"@type":"WebPage","@id":"https:\/\/wordpress.callac.online\/index.php\/logiciels-mathematiques\/scratch\/le-robot-mbot\/avant-de-programmer-mbot\/des-videos-de-presentation-de-mbot\/","url":"https:\/\/wordpress.callac.online\/index.php\/logiciels-mathematiques\/scratch\/le-robot-mbot\/avant-de-programmer-mbot\/des-videos-de-presentation-de-mbot\/","name":"Des vid\u00e9os de pr\u00e9sentation de mBot - Maths &amp; Num\u00e9rique","isPartOf":{"@id":"https:\/\/wordpress.callac.online\/#website"},"datePublished":"2023-02-22T09:46:38+00:00","dateModified":"2023-10-14T18:13:27+00:00","breadcrumb":{"@id":"https:\/\/wordpress.callac.online\/index.php\/logiciels-mathematiques\/scratch\/le-robot-mbot\/avant-de-programmer-mbot\/des-videos-de-presentation-de-mbot\/#breadcrumb"},"inLanguage":"fr-FR","potentialAction":[{"@type":"ReadAction","target":["https:\/\/wordpress.callac.online\/index.php\/logiciels-mathematiques\/scratch\/le-robot-mbot\/avant-de-programmer-mbot\/des-videos-de-presentation-de-mbot\/"]}]},{"@type":"BreadcrumbList","@id":"https:\/\/wordpress.callac.online\/index.php\/logiciels-mathematiques\/scratch\/le-robot-mbot\/avant-de-programmer-mbot\/des-videos-de-presentation-de-mbot\/#breadcrumb","itemListElement":[{"@type":"ListItem","position":1,"name":"Accueil","item":"https:\/\/wordpress.callac.online\/"},{"@type":"ListItem","position":2,"name":"Logiciels math\u00e9matiques","item":"https:\/\/wordpress.callac.online\/index.php\/logiciels-mathematiques\/"},{"@type":"ListItem","position":3,"name":"Scratch","item":"https:\/\/wordpress.callac.online\/index.php\/logiciels-mathematiques\/scratch\/"},{"@type":"ListItem","position":4,"name":"Le robot mBot","item":"https:\/\/wordpress.callac.online\/index.php\/logiciels-mathematiques\/scratch\/le-robot-mbot\/"},{"@type":"ListItem","position":5,"name":"Avant de programmer mBot","item":"https:\/\/wordpress.callac.online\/index.php\/logiciels-mathematiques\/scratch\/le-robot-mbot\/avant-de-programmer-mbot\/"},{"@type":"ListItem","position":6,"name":"Des vid\u00e9os de pr\u00e9sentation de mBot"}]},{"@type":"WebSite","@id":"https:\/\/wordpress.callac.online\/#website","url":"https:\/\/wordpress.callac.online\/","name":"Maths & Num\u00e9rique","description":"Des outils pour les enseignants de math\u00e9matiques et de num\u00e9rique","publisher":{"@id":"https:\/\/wordpress.callac.online\/#\/schema\/person\/04061f1ca2c2c42039142a704be95940"},"potentialAction":[{"@type":"SearchAction","target":{"@type":"EntryPoint","urlTemplate":"https:\/\/wordpress.callac.online\/?s={search_term_string}"},"query-input":{"@type":"PropertyValueSpecification","valueRequired":true,"valueName":"search_term_string"}}],"inLanguage":"fr-FR"},{"@type":["Person","Organization"],"@id":"https:\/\/wordpress.callac.online\/#\/schema\/person\/04061f1ca2c2c42039142a704be95940","name":"dlefur","image":{"@type":"ImageObject","inLanguage":"fr-FR","@id":"https:\/\/wordpress.callac.online\/#\/schema\/person\/image\/","url":"https:\/\/secure.gravatar.com\/avatar\/4a9e17be136808c6597f28aa2b6c13126dab066fdc2198ff60090972c9b7fafc?s=96&d=mm&r=g","contentUrl":"https:\/\/secure.gravatar.com\/avatar\/4a9e17be136808c6597f28aa2b6c13126dab066fdc2198ff60090972c9b7fafc?s=96&d=mm&r=g","caption":"dlefur"},"logo":{"@id":"https:\/\/wordpress.callac.online\/#\/schema\/person\/image\/"},"description":"Enseignant de math\u00e9matiques Lyc\u00e9e Pasteur S\u00e3o Paulo","sameAs":["http:\/\/wordpress.callac.online"]}]}},"_links":{"self":[{"href":"https:\/\/wordpress.callac.online\/index.php\/wp-json\/wp\/v2\/pages\/3384","targetHints":{"allow":["GET"]}}],"collection":[{"href":"https:\/\/wordpress.callac.online\/index.php\/wp-json\/wp\/v2\/pages"}],"about":[{"href":"https:\/\/wordpress.callac.online\/index.php\/wp-json\/wp\/v2\/types\/page"}],"author":[{"embeddable":true,"href":"https:\/\/wordpress.callac.online\/index.php\/wp-json\/wp\/v2\/users\/1"}],"replies":[{"embeddable":true,"href":"https:\/\/wordpress.callac.online\/index.php\/wp-json\/wp\/v2\/comments?post=3384"}],"version-history":[{"count":2,"href":"https:\/\/wordpress.callac.online\/index.php\/wp-json\/wp\/v2\/pages\/3384\/revisions"}],"predecessor-version":[{"id":3406,"href":"https:\/\/wordpress.callac.online\/index.php\/wp-json\/wp\/v2\/pages\/3384\/revisions\/3406"}],"up":[{"embeddable":true,"href":"https:\/\/wordpress.callac.online\/index.php\/wp-json\/wp\/v2\/pages\/3371"}],"wp:attachment":[{"href":"https:\/\/wordpress.callac.online\/index.php\/wp-json\/wp\/v2\/media?parent=3384"}],"curies":[{"name":"wp","href":"https:\/\/api.w.org\/{rel}","templated":true}]}}