{"id":3387,"date":"2023-02-22T10:47:30","date_gmt":"2023-02-22T09:47:30","guid":{"rendered":"https:\/\/wordpress.callac.online\/index.php\/logiciels-mathematiques\/scratch\/le-robot-mbot\/avant-de-programmer-mbot\/programmer-mbot-par-le-logiciel-mblock\/"},"modified":"2023-10-14T20:13:29","modified_gmt":"2023-10-14T18:13:29","slug":"programmer-mbot-par-le-logiciel-mblock","status":"publish","type":"page","link":"https:\/\/wordpress.callac.online\/index.php\/logiciels-mathematiques\/scratch\/le-robot-mbot\/avant-de-programmer-mbot\/programmer-mbot-par-le-logiciel-mblock\/","title":{"rendered":"Programmer mBot par le logiciel mBlock"},"content":{"rendered":"\n<h3 class=\"wp-block-heading\">Deux modes de programmer mBot<\/h3>\n\n\n\n<p>Mbot est un robot que l\u2019on programme en Scratch. <\/p>\n\n\n\n<ul class=\"wp-block-list\">\n<li>On peut installer une version du logiciel (Windows et Mac).<\/li>\n\n\n\n<li>Mais on peut aussi utiliser la version web (voir l&rsquo;article suivant).<\/li>\n<\/ul>\n\n\n\n<h3 class=\"wp-block-heading\">Comment proc\u00e9der<\/h3>\n\n\n\n<p>Le logiciel est disponible ici pour Windows et Mac : <a href=\"https:\/\/mblock.makeblock.com\/en-us\/download\/\" target=\"_blank\" rel=\"noreferrer noopener\">https:\/\/mblock.makeblock.com\/en-us\/download\/<\/a>.<\/p>\n\n\n\n<p>Inutile d&rsquo;installer l&rsquo;application mlink si vous installez le logiciel sur votre ordinateur.<\/p>\n\n\n\n<h3 class=\"wp-block-heading\">Pr\u00e9sentation rapide du logiciel<\/h3>\n\n\n\n<figure class=\"wp-block-embed is-type-video is-provider-youtube wp-block-embed-youtube wp-embed-aspect-16-9 wp-has-aspect-ratio\"><div class=\"wp-block-embed__wrapper\">\n<iframe loading=\"lazy\" title=\"PRESENTATION RAPIDE DU PROGRAMME MBLOCK 5\" width=\"900\" height=\"506\" src=\"https:\/\/www.youtube.com\/embed\/_HnBBeL-PpM?feature=oembed\" frameborder=\"0\" allow=\"accelerometer; autoplay; clipboard-write; encrypted-media; gyroscope; picture-in-picture; web-share\" allowfullscreen><\/iframe>\n<\/div><\/figure>\n\n\n\n<h3 class=\"wp-block-heading\">Quelques conseils<\/h3>\n\n\n\n<ul class=\"wp-block-list\">\n<li>Bien penser \u00e0 supprimer l&rsquo;appareil cyberPi pour le remplacer par l&rsquo;appareil mBot.<\/li>\n\n\n\n<li>Pour connecter le robot, celui-ci doit \u00eatre branch\u00e9 sur un port USB et sous tension : il doit \u00eatre allum\u00e9.<\/li>\n\n\n\n<li>Si la connexion ne se fait pas, d\u00e9brancher puis rebrancher le robot, peut-\u00eatre sur un autre port USB. Si besoin, \u00e9teindre et rallumer le robot.<\/li>\n\n\n\n<li>Si vous t\u00e9l\u00e9versez un programme, cela efface le programme de communication qui permet de fonctionner en direct, ou d&rsquo;utiliser la t\u00e9l\u00e9commande. Il faut alors retourner dans les param\u00e8tres pour r\u00e9installer le programme de communication si besoin.<\/li>\n\n\n\n<li>Je vous conseille de t\u00e9l\u00e9verser les programmes. C&rsquo;est plus long mais plus stable.<\/li>\n\n\n\n<li>Attention aux \u00e9ventuels d\u00e9placments du robot quand vous le mettez en route : il va ex\u00e9cuter  le dernier programme charg\u00e9, il peut donc avancer. Le mettre \u00e0 l&rsquo;envers.<\/li>\n<\/ul>\n","protected":false},"excerpt":{"rendered":"<p>Deux modes de programmer mBot Mbot est un robot que l\u2019on programme en Scratch. Comment proc\u00e9der Le logiciel est disponible ici pour Windows et Mac : https:\/\/mblock.makeblock.com\/en-us\/download\/. Inutile d&rsquo;installer l&rsquo;application&hellip;<\/p>\n","protected":false},"author":1,"featured_media":0,"parent":3371,"menu_order":2,"comment_status":"closed","ping_status":"closed","template":"","meta":{"footnotes":""},"class_list":["post-3387","page","type-page","status-publish","hentry"],"yoast_head":"<!-- This site is optimized with the Yoast SEO plugin v27.1.1 - https:\/\/yoast.com\/product\/yoast-seo-wordpress\/ -->\n<title>Programmer mBot par le logiciel mBlock - Maths &amp; Num\u00e9rique<\/title>\n<meta name=\"robots\" content=\"index, follow, max-snippet:-1, max-image-preview:large, max-video-preview:-1\" \/>\n<link rel=\"canonical\" href=\"https:\/\/wordpress.callac.online\/index.php\/logiciels-mathematiques\/scratch\/le-robot-mbot\/avant-de-programmer-mbot\/programmer-mbot-par-le-logiciel-mblock\/\" \/>\n<meta property=\"og:locale\" content=\"fr_FR\" \/>\n<meta property=\"og:type\" content=\"article\" \/>\n<meta property=\"og:title\" content=\"Programmer mBot par le logiciel mBlock - Maths &amp; Num\u00e9rique\" \/>\n<meta property=\"og:description\" content=\"Deux modes de programmer mBot Mbot est un robot que l\u2019on programme en Scratch. Comment proc\u00e9der Le logiciel est disponible ici pour Windows et Mac : https:\/\/mblock.makeblock.com\/en-us\/download\/. Inutile d&rsquo;installer l&rsquo;application&hellip;\" \/>\n<meta property=\"og:url\" content=\"https:\/\/wordpress.callac.online\/index.php\/logiciels-mathematiques\/scratch\/le-robot-mbot\/avant-de-programmer-mbot\/programmer-mbot-par-le-logiciel-mblock\/\" \/>\n<meta property=\"og:site_name\" content=\"Maths &amp; Num\u00e9rique\" \/>\n<meta property=\"article:modified_time\" content=\"2023-10-14T18:13:29+00:00\" \/>\n<meta name=\"twitter:card\" content=\"summary_large_image\" \/>\n<meta name=\"twitter:label1\" content=\"Dur\u00e9e de lecture estim\u00e9e\" \/>\n\t<meta name=\"twitter:data1\" content=\"2 minutes\" \/>\n<script type=\"application\/ld+json\" class=\"yoast-schema-graph\">{\"@context\":\"https:\/\/schema.org\",\"@graph\":[{\"@type\":\"WebPage\",\"@id\":\"https:\/\/wordpress.callac.online\/index.php\/logiciels-mathematiques\/scratch\/le-robot-mbot\/avant-de-programmer-mbot\/programmer-mbot-par-le-logiciel-mblock\/\",\"url\":\"https:\/\/wordpress.callac.online\/index.php\/logiciels-mathematiques\/scratch\/le-robot-mbot\/avant-de-programmer-mbot\/programmer-mbot-par-le-logiciel-mblock\/\",\"name\":\"Programmer mBot par le logiciel mBlock - Maths &amp; Num\u00e9rique\",\"isPartOf\":{\"@id\":\"https:\/\/wordpress.callac.online\/#website\"},\"datePublished\":\"2023-02-22T09:47:30+00:00\",\"dateModified\":\"2023-10-14T18:13:29+00:00\",\"breadcrumb\":{\"@id\":\"https:\/\/wordpress.callac.online\/index.php\/logiciels-mathematiques\/scratch\/le-robot-mbot\/avant-de-programmer-mbot\/programmer-mbot-par-le-logiciel-mblock\/#breadcrumb\"},\"inLanguage\":\"fr-FR\",\"potentialAction\":[{\"@type\":\"ReadAction\",\"target\":[\"https:\/\/wordpress.callac.online\/index.php\/logiciels-mathematiques\/scratch\/le-robot-mbot\/avant-de-programmer-mbot\/programmer-mbot-par-le-logiciel-mblock\/\"]}]},{\"@type\":\"BreadcrumbList\",\"@id\":\"https:\/\/wordpress.callac.online\/index.php\/logiciels-mathematiques\/scratch\/le-robot-mbot\/avant-de-programmer-mbot\/programmer-mbot-par-le-logiciel-mblock\/#breadcrumb\",\"itemListElement\":[{\"@type\":\"ListItem\",\"position\":1,\"name\":\"Accueil\",\"item\":\"https:\/\/wordpress.callac.online\/\"},{\"@type\":\"ListItem\",\"position\":2,\"name\":\"Logiciels math\u00e9matiques\",\"item\":\"https:\/\/wordpress.callac.online\/index.php\/logiciels-mathematiques\/\"},{\"@type\":\"ListItem\",\"position\":3,\"name\":\"Scratch\",\"item\":\"https:\/\/wordpress.callac.online\/index.php\/logiciels-mathematiques\/scratch\/\"},{\"@type\":\"ListItem\",\"position\":4,\"name\":\"Le robot mBot\",\"item\":\"https:\/\/wordpress.callac.online\/index.php\/logiciels-mathematiques\/scratch\/le-robot-mbot\/\"},{\"@type\":\"ListItem\",\"position\":5,\"name\":\"Avant de programmer mBot\",\"item\":\"https:\/\/wordpress.callac.online\/index.php\/logiciels-mathematiques\/scratch\/le-robot-mbot\/avant-de-programmer-mbot\/\"},{\"@type\":\"ListItem\",\"position\":6,\"name\":\"Programmer mBot par le logiciel mBlock\"}]},{\"@type\":\"WebSite\",\"@id\":\"https:\/\/wordpress.callac.online\/#website\",\"url\":\"https:\/\/wordpress.callac.online\/\",\"name\":\"Maths & Num\u00e9rique\",\"description\":\"Des outils pour les enseignants de math\u00e9matiques et de num\u00e9rique\",\"publisher\":{\"@id\":\"https:\/\/wordpress.callac.online\/#\/schema\/person\/04061f1ca2c2c42039142a704be95940\"},\"potentialAction\":[{\"@type\":\"SearchAction\",\"target\":{\"@type\":\"EntryPoint\",\"urlTemplate\":\"https:\/\/wordpress.callac.online\/?s={search_term_string}\"},\"query-input\":{\"@type\":\"PropertyValueSpecification\",\"valueRequired\":true,\"valueName\":\"search_term_string\"}}],\"inLanguage\":\"fr-FR\"},{\"@type\":[\"Person\",\"Organization\"],\"@id\":\"https:\/\/wordpress.callac.online\/#\/schema\/person\/04061f1ca2c2c42039142a704be95940\",\"name\":\"dlefur\",\"image\":{\"@type\":\"ImageObject\",\"inLanguage\":\"fr-FR\",\"@id\":\"https:\/\/wordpress.callac.online\/#\/schema\/person\/image\/\",\"url\":\"https:\/\/secure.gravatar.com\/avatar\/4a9e17be136808c6597f28aa2b6c13126dab066fdc2198ff60090972c9b7fafc?s=96&d=mm&r=g\",\"contentUrl\":\"https:\/\/secure.gravatar.com\/avatar\/4a9e17be136808c6597f28aa2b6c13126dab066fdc2198ff60090972c9b7fafc?s=96&d=mm&r=g\",\"caption\":\"dlefur\"},\"logo\":{\"@id\":\"https:\/\/wordpress.callac.online\/#\/schema\/person\/image\/\"},\"description\":\"Enseignant de math\u00e9matiques Lyc\u00e9e Pasteur S\u00e3o Paulo\",\"sameAs\":[\"http:\/\/wordpress.callac.online\"]}]}<\/script>\n<!-- \/ Yoast SEO plugin. -->","yoast_head_json":{"title":"Programmer mBot par le logiciel mBlock - Maths &amp; Num\u00e9rique","robots":{"index":"index","follow":"follow","max-snippet":"max-snippet:-1","max-image-preview":"max-image-preview:large","max-video-preview":"max-video-preview:-1"},"canonical":"https:\/\/wordpress.callac.online\/index.php\/logiciels-mathematiques\/scratch\/le-robot-mbot\/avant-de-programmer-mbot\/programmer-mbot-par-le-logiciel-mblock\/","og_locale":"fr_FR","og_type":"article","og_title":"Programmer mBot par le logiciel mBlock - Maths &amp; Num\u00e9rique","og_description":"Deux modes de programmer mBot Mbot est un robot que l\u2019on programme en Scratch. Comment proc\u00e9der Le logiciel est disponible ici pour Windows et Mac : https:\/\/mblock.makeblock.com\/en-us\/download\/. Inutile d&rsquo;installer l&rsquo;application&hellip;","og_url":"https:\/\/wordpress.callac.online\/index.php\/logiciels-mathematiques\/scratch\/le-robot-mbot\/avant-de-programmer-mbot\/programmer-mbot-par-le-logiciel-mblock\/","og_site_name":"Maths &amp; Num\u00e9rique","article_modified_time":"2023-10-14T18:13:29+00:00","twitter_card":"summary_large_image","twitter_misc":{"Dur\u00e9e de lecture estim\u00e9e":"2 minutes"},"schema":{"@context":"https:\/\/schema.org","@graph":[{"@type":"WebPage","@id":"https:\/\/wordpress.callac.online\/index.php\/logiciels-mathematiques\/scratch\/le-robot-mbot\/avant-de-programmer-mbot\/programmer-mbot-par-le-logiciel-mblock\/","url":"https:\/\/wordpress.callac.online\/index.php\/logiciels-mathematiques\/scratch\/le-robot-mbot\/avant-de-programmer-mbot\/programmer-mbot-par-le-logiciel-mblock\/","name":"Programmer mBot par le logiciel mBlock - Maths &amp; Num\u00e9rique","isPartOf":{"@id":"https:\/\/wordpress.callac.online\/#website"},"datePublished":"2023-02-22T09:47:30+00:00","dateModified":"2023-10-14T18:13:29+00:00","breadcrumb":{"@id":"https:\/\/wordpress.callac.online\/index.php\/logiciels-mathematiques\/scratch\/le-robot-mbot\/avant-de-programmer-mbot\/programmer-mbot-par-le-logiciel-mblock\/#breadcrumb"},"inLanguage":"fr-FR","potentialAction":[{"@type":"ReadAction","target":["https:\/\/wordpress.callac.online\/index.php\/logiciels-mathematiques\/scratch\/le-robot-mbot\/avant-de-programmer-mbot\/programmer-mbot-par-le-logiciel-mblock\/"]}]},{"@type":"BreadcrumbList","@id":"https:\/\/wordpress.callac.online\/index.php\/logiciels-mathematiques\/scratch\/le-robot-mbot\/avant-de-programmer-mbot\/programmer-mbot-par-le-logiciel-mblock\/#breadcrumb","itemListElement":[{"@type":"ListItem","position":1,"name":"Accueil","item":"https:\/\/wordpress.callac.online\/"},{"@type":"ListItem","position":2,"name":"Logiciels math\u00e9matiques","item":"https:\/\/wordpress.callac.online\/index.php\/logiciels-mathematiques\/"},{"@type":"ListItem","position":3,"name":"Scratch","item":"https:\/\/wordpress.callac.online\/index.php\/logiciels-mathematiques\/scratch\/"},{"@type":"ListItem","position":4,"name":"Le robot mBot","item":"https:\/\/wordpress.callac.online\/index.php\/logiciels-mathematiques\/scratch\/le-robot-mbot\/"},{"@type":"ListItem","position":5,"name":"Avant de programmer mBot","item":"https:\/\/wordpress.callac.online\/index.php\/logiciels-mathematiques\/scratch\/le-robot-mbot\/avant-de-programmer-mbot\/"},{"@type":"ListItem","position":6,"name":"Programmer mBot par le logiciel mBlock"}]},{"@type":"WebSite","@id":"https:\/\/wordpress.callac.online\/#website","url":"https:\/\/wordpress.callac.online\/","name":"Maths & Num\u00e9rique","description":"Des outils pour les enseignants de math\u00e9matiques et de num\u00e9rique","publisher":{"@id":"https:\/\/wordpress.callac.online\/#\/schema\/person\/04061f1ca2c2c42039142a704be95940"},"potentialAction":[{"@type":"SearchAction","target":{"@type":"EntryPoint","urlTemplate":"https:\/\/wordpress.callac.online\/?s={search_term_string}"},"query-input":{"@type":"PropertyValueSpecification","valueRequired":true,"valueName":"search_term_string"}}],"inLanguage":"fr-FR"},{"@type":["Person","Organization"],"@id":"https:\/\/wordpress.callac.online\/#\/schema\/person\/04061f1ca2c2c42039142a704be95940","name":"dlefur","image":{"@type":"ImageObject","inLanguage":"fr-FR","@id":"https:\/\/wordpress.callac.online\/#\/schema\/person\/image\/","url":"https:\/\/secure.gravatar.com\/avatar\/4a9e17be136808c6597f28aa2b6c13126dab066fdc2198ff60090972c9b7fafc?s=96&d=mm&r=g","contentUrl":"https:\/\/secure.gravatar.com\/avatar\/4a9e17be136808c6597f28aa2b6c13126dab066fdc2198ff60090972c9b7fafc?s=96&d=mm&r=g","caption":"dlefur"},"logo":{"@id":"https:\/\/wordpress.callac.online\/#\/schema\/person\/image\/"},"description":"Enseignant de math\u00e9matiques Lyc\u00e9e Pasteur S\u00e3o Paulo","sameAs":["http:\/\/wordpress.callac.online"]}]}},"_links":{"self":[{"href":"https:\/\/wordpress.callac.online\/index.php\/wp-json\/wp\/v2\/pages\/3387","targetHints":{"allow":["GET"]}}],"collection":[{"href":"https:\/\/wordpress.callac.online\/index.php\/wp-json\/wp\/v2\/pages"}],"about":[{"href":"https:\/\/wordpress.callac.online\/index.php\/wp-json\/wp\/v2\/types\/page"}],"author":[{"embeddable":true,"href":"https:\/\/wordpress.callac.online\/index.php\/wp-json\/wp\/v2\/users\/1"}],"replies":[{"embeddable":true,"href":"https:\/\/wordpress.callac.online\/index.php\/wp-json\/wp\/v2\/comments?post=3387"}],"version-history":[{"count":5,"href":"https:\/\/wordpress.callac.online\/index.php\/wp-json\/wp\/v2\/pages\/3387\/revisions"}],"predecessor-version":[{"id":3419,"href":"https:\/\/wordpress.callac.online\/index.php\/wp-json\/wp\/v2\/pages\/3387\/revisions\/3419"}],"up":[{"embeddable":true,"href":"https:\/\/wordpress.callac.online\/index.php\/wp-json\/wp\/v2\/pages\/3371"}],"wp:attachment":[{"href":"https:\/\/wordpress.callac.online\/index.php\/wp-json\/wp\/v2\/media?parent=3387"}],"curies":[{"name":"wp","href":"https:\/\/api.w.org\/{rel}","templated":true}]}}