{"id":3424,"date":"2023-02-24T10:37:28","date_gmt":"2023-02-24T09:37:28","guid":{"rendered":"https:\/\/wordpress.callac.online\/index.php\/logiciels-mathematiques\/scratch\/le-robot-mbot\/avant-de-programmer-mbot\/connecter-mbot-en-usb-bluetooth-ou-wifi\/"},"modified":"2023-10-14T20:13:31","modified_gmt":"2023-10-14T18:13:31","slug":"connecter-mbot-en-usb-bluetooth-ou-wifi","status":"publish","type":"page","link":"https:\/\/wordpress.callac.online\/index.php\/logiciels-mathematiques\/scratch\/le-robot-mbot\/avant-de-programmer-mbot\/connecter-mbot-en-usb-bluetooth-ou-wifi\/","title":{"rendered":"Connecter mBot en USB, Bluetooth ou Wifi"},"content":{"rendered":"\n<p>Il existe plusieurs fa\u00e7ons de connecter son robot \u00e0 l&rsquo;ordinateur.<\/p>\n\n\n\n<h3 class=\"wp-block-heading\">En utilisant un cable USB<\/h3>\n\n\n\n<p>C&rsquo;est le mode classique, le plus simple et le plus robuste.<\/p>\n\n\n\n<p>Si vous utilisez la version en ligne, vous devrez avoir ex\u00e9cuter mlink avant de pouvoir vous connecter.<\/p>\n\n\n\n<p>Ne pas oublier que votre robot doit \u00eatre sous tension.<\/p>\n\n\n\n<p>Dans ce mode, vous pourrez installer le programme de communication, indispensable si vous souhaitez utiliser les deux autres modes.<\/p>\n\n\n\n<h3 class=\"wp-block-heading\">La communication wifi<\/h3>\n\n\n\n<p>Si vous robot vient avec une cl\u00e9 USB blanche, vous allez pouvoir utiliser la communication wifi.<\/p>\n\n\n\n<ul class=\"wp-block-list\">\n<li>S&rsquo;assurer que votre robot contient le programme de communication.<\/li>\n\n\n\n<li>S&rsquo;assurer que votre ordinateur dispose de la communication wifi.<\/li>\n\n\n\n<li>D\u00e9brancher le cable USB.<\/li>\n\n\n\n<li>Lors de la demande de connexion, choisir l&rsquo;onglet \u00ab\u00a0Wifi\u00a0\u00bb.<\/li>\n<\/ul>\n\n\n\n<h3 class=\"wp-block-heading\">La communication Bluetooth<\/h3>\n\n\n\n<p>Si vous ne disposez pas de l&rsquo;option wifi, votre robot devrait accepter la communication Bluetooth.<\/p>\n\n\n\n<ul class=\"wp-block-list\">\n<li>S&rsquo;assurer que votre robot contient le programme de communication.<\/li>\n\n\n\n<li>S&rsquo;assurer que votre ordinateur dispose de la communication Blutooth<\/li>\n\n\n\n<li>D\u00e9brancher le cable USB.<\/li>\n\n\n\n<li>Lors de la demande de connexion, choisir l&rsquo;onglet \u00ab\u00a0Bluetooth\u00a0\u00bb.<\/li>\n<\/ul>\n\n\n\n<h3 class=\"wp-block-heading\">Dialoguer avec l&rsquo;ordinateur en mode t\u00e9l\u00e9versement (USB)<\/h3>\n\n\n\n<p>M\u00eame si le mode t\u00e9l\u00e9versement est au d\u00e9part fait pour que l&rsquo;ordinateur fonctionne en totale autonomie, si ce dernier reste connect\u00e9 par cable, on peut tout de m\u00eame dialoguer sous forme de messages avec l&rsquo;ordinateur.<\/p>\n\n\n\n<ul class=\"wp-block-list\">\n<li>Ajouter l&rsquo;extention \u00ab\u00a0Upload Mode Broadcast\u00a0\u00bb au lutin<\/li>\n\n\n\n<li>Ajouter l&rsquo;extention \u00ab\u00a0Upload Mode Broadcast\u00a0\u00bb au robot. Pour ma part, la description apparait en chinois &#8230;<\/li>\n\n\n\n<li>Cr\u00e9er votre code du c\u00f4t\u00e9 du lutin puis du robot.<\/li>\n\n\n\n<li>Connecter votre robot via USB.<\/li>\n\n\n\n<li>T\u00e9l\u00e9verser le code et garder le robot branch\u00e9.<\/li>\n\n\n\n<li>Vous pourrez ensuite envoyer et recevoir des messages.<\/li>\n<\/ul>\n\n\n\n<p>Tout est expliqu\u00e9 en anglais dans cette page : <a href=\"https:\/\/www.mblock.cc\/doc\/en\/use-extensions\/upload-mode-broadcast.html\" target=\"_blank\" rel=\"noreferrer noopener\">https:\/\/www.mblock.cc\/doc\/en\/use-extensions\/upload-mode-broadcast.html<\/a>.<\/p>\n\n\n\n<p>Voici un projet illustrant cette cummunication :<\/p>\n\n\n\n<ul class=\"wp-block-list\">\n<li><a href=\"https:\/\/ide.mblock.cc\/#\/?cloudProjectId=2358219\" target=\"_blank\" rel=\"noreferrer noopener\">https:\/\/ide.mblock.cc\/#\/?cloudProjectId=2358219<\/a><\/li>\n\n\n\n<li>T\u00e9l\u00e9verser ce code dans votre robot.<\/li>\n\n\n\n<li>Laisser le robot connect\u00e9 par USB.<\/li>\n\n\n\n<li>Cliquer sur le drapeau vert et suivre les instructions.<\/li>\n<\/ul>\n","protected":false},"excerpt":{"rendered":"<p>Il existe plusieurs fa\u00e7ons de connecter son robot \u00e0 l&rsquo;ordinateur. En utilisant un cable USB C&rsquo;est le mode classique, le plus simple et le plus robuste. Si vous utilisez la&hellip;<\/p>\n","protected":false},"author":1,"featured_media":0,"parent":3371,"menu_order":4,"comment_status":"closed","ping_status":"closed","template":"","meta":{"footnotes":""},"class_list":["post-3424","page","type-page","status-publish","hentry"],"yoast_head":"<!-- This site is optimized with the Yoast SEO plugin v27.1.1 - https:\/\/yoast.com\/product\/yoast-seo-wordpress\/ -->\n<title>Connecter mBot en USB, Bluetooth ou Wifi - Maths &amp; Num\u00e9rique<\/title>\n<meta name=\"robots\" content=\"index, follow, max-snippet:-1, max-image-preview:large, max-video-preview:-1\" \/>\n<link rel=\"canonical\" href=\"https:\/\/wordpress.callac.online\/index.php\/logiciels-mathematiques\/scratch\/le-robot-mbot\/avant-de-programmer-mbot\/connecter-mbot-en-usb-bluetooth-ou-wifi\/\" \/>\n<meta property=\"og:locale\" content=\"fr_FR\" \/>\n<meta property=\"og:type\" content=\"article\" \/>\n<meta property=\"og:title\" content=\"Connecter mBot en USB, Bluetooth ou Wifi - Maths &amp; Num\u00e9rique\" \/>\n<meta property=\"og:description\" content=\"Il existe plusieurs fa\u00e7ons de connecter son robot \u00e0 l&rsquo;ordinateur. En utilisant un cable USB C&rsquo;est le mode classique, le plus simple et le plus robuste. Si vous utilisez la&hellip;\" \/>\n<meta property=\"og:url\" content=\"https:\/\/wordpress.callac.online\/index.php\/logiciels-mathematiques\/scratch\/le-robot-mbot\/avant-de-programmer-mbot\/connecter-mbot-en-usb-bluetooth-ou-wifi\/\" \/>\n<meta property=\"og:site_name\" content=\"Maths &amp; Num\u00e9rique\" \/>\n<meta property=\"article:modified_time\" content=\"2023-10-14T18:13:31+00:00\" \/>\n<meta name=\"twitter:card\" content=\"summary_large_image\" \/>\n<meta name=\"twitter:label1\" content=\"Dur\u00e9e de lecture estim\u00e9e\" \/>\n\t<meta name=\"twitter:data1\" content=\"2 minutes\" \/>\n<script type=\"application\/ld+json\" class=\"yoast-schema-graph\">{\"@context\":\"https:\/\/schema.org\",\"@graph\":[{\"@type\":\"WebPage\",\"@id\":\"https:\/\/wordpress.callac.online\/index.php\/logiciels-mathematiques\/scratch\/le-robot-mbot\/avant-de-programmer-mbot\/connecter-mbot-en-usb-bluetooth-ou-wifi\/\",\"url\":\"https:\/\/wordpress.callac.online\/index.php\/logiciels-mathematiques\/scratch\/le-robot-mbot\/avant-de-programmer-mbot\/connecter-mbot-en-usb-bluetooth-ou-wifi\/\",\"name\":\"Connecter mBot en USB, Bluetooth ou Wifi - Maths &amp; Num\u00e9rique\",\"isPartOf\":{\"@id\":\"https:\/\/wordpress.callac.online\/#website\"},\"datePublished\":\"2023-02-24T09:37:28+00:00\",\"dateModified\":\"2023-10-14T18:13:31+00:00\",\"breadcrumb\":{\"@id\":\"https:\/\/wordpress.callac.online\/index.php\/logiciels-mathematiques\/scratch\/le-robot-mbot\/avant-de-programmer-mbot\/connecter-mbot-en-usb-bluetooth-ou-wifi\/#breadcrumb\"},\"inLanguage\":\"fr-FR\",\"potentialAction\":[{\"@type\":\"ReadAction\",\"target\":[\"https:\/\/wordpress.callac.online\/index.php\/logiciels-mathematiques\/scratch\/le-robot-mbot\/avant-de-programmer-mbot\/connecter-mbot-en-usb-bluetooth-ou-wifi\/\"]}]},{\"@type\":\"BreadcrumbList\",\"@id\":\"https:\/\/wordpress.callac.online\/index.php\/logiciels-mathematiques\/scratch\/le-robot-mbot\/avant-de-programmer-mbot\/connecter-mbot-en-usb-bluetooth-ou-wifi\/#breadcrumb\",\"itemListElement\":[{\"@type\":\"ListItem\",\"position\":1,\"name\":\"Accueil\",\"item\":\"https:\/\/wordpress.callac.online\/\"},{\"@type\":\"ListItem\",\"position\":2,\"name\":\"Logiciels math\u00e9matiques\",\"item\":\"https:\/\/wordpress.callac.online\/index.php\/logiciels-mathematiques\/\"},{\"@type\":\"ListItem\",\"position\":3,\"name\":\"Scratch\",\"item\":\"https:\/\/wordpress.callac.online\/index.php\/logiciels-mathematiques\/scratch\/\"},{\"@type\":\"ListItem\",\"position\":4,\"name\":\"Le robot mBot\",\"item\":\"https:\/\/wordpress.callac.online\/index.php\/logiciels-mathematiques\/scratch\/le-robot-mbot\/\"},{\"@type\":\"ListItem\",\"position\":5,\"name\":\"Avant de programmer mBot\",\"item\":\"https:\/\/wordpress.callac.online\/index.php\/logiciels-mathematiques\/scratch\/le-robot-mbot\/avant-de-programmer-mbot\/\"},{\"@type\":\"ListItem\",\"position\":6,\"name\":\"Connecter mBot en USB, Bluetooth ou Wifi\"}]},{\"@type\":\"WebSite\",\"@id\":\"https:\/\/wordpress.callac.online\/#website\",\"url\":\"https:\/\/wordpress.callac.online\/\",\"name\":\"Maths & Num\u00e9rique\",\"description\":\"Des outils pour les enseignants de math\u00e9matiques et de num\u00e9rique\",\"publisher\":{\"@id\":\"https:\/\/wordpress.callac.online\/#\/schema\/person\/04061f1ca2c2c42039142a704be95940\"},\"potentialAction\":[{\"@type\":\"SearchAction\",\"target\":{\"@type\":\"EntryPoint\",\"urlTemplate\":\"https:\/\/wordpress.callac.online\/?s={search_term_string}\"},\"query-input\":{\"@type\":\"PropertyValueSpecification\",\"valueRequired\":true,\"valueName\":\"search_term_string\"}}],\"inLanguage\":\"fr-FR\"},{\"@type\":[\"Person\",\"Organization\"],\"@id\":\"https:\/\/wordpress.callac.online\/#\/schema\/person\/04061f1ca2c2c42039142a704be95940\",\"name\":\"dlefur\",\"image\":{\"@type\":\"ImageObject\",\"inLanguage\":\"fr-FR\",\"@id\":\"https:\/\/wordpress.callac.online\/#\/schema\/person\/image\/\",\"url\":\"https:\/\/secure.gravatar.com\/avatar\/4a9e17be136808c6597f28aa2b6c13126dab066fdc2198ff60090972c9b7fafc?s=96&d=mm&r=g\",\"contentUrl\":\"https:\/\/secure.gravatar.com\/avatar\/4a9e17be136808c6597f28aa2b6c13126dab066fdc2198ff60090972c9b7fafc?s=96&d=mm&r=g\",\"caption\":\"dlefur\"},\"logo\":{\"@id\":\"https:\/\/wordpress.callac.online\/#\/schema\/person\/image\/\"},\"description\":\"Enseignant de math\u00e9matiques Lyc\u00e9e Pasteur S\u00e3o Paulo\",\"sameAs\":[\"http:\/\/wordpress.callac.online\"]}]}<\/script>\n<!-- \/ Yoast SEO plugin. -->","yoast_head_json":{"title":"Connecter mBot en USB, Bluetooth ou Wifi - Maths &amp; Num\u00e9rique","robots":{"index":"index","follow":"follow","max-snippet":"max-snippet:-1","max-image-preview":"max-image-preview:large","max-video-preview":"max-video-preview:-1"},"canonical":"https:\/\/wordpress.callac.online\/index.php\/logiciels-mathematiques\/scratch\/le-robot-mbot\/avant-de-programmer-mbot\/connecter-mbot-en-usb-bluetooth-ou-wifi\/","og_locale":"fr_FR","og_type":"article","og_title":"Connecter mBot en USB, Bluetooth ou Wifi - Maths &amp; Num\u00e9rique","og_description":"Il existe plusieurs fa\u00e7ons de connecter son robot \u00e0 l&rsquo;ordinateur. En utilisant un cable USB C&rsquo;est le mode classique, le plus simple et le plus robuste. Si vous utilisez la&hellip;","og_url":"https:\/\/wordpress.callac.online\/index.php\/logiciels-mathematiques\/scratch\/le-robot-mbot\/avant-de-programmer-mbot\/connecter-mbot-en-usb-bluetooth-ou-wifi\/","og_site_name":"Maths &amp; Num\u00e9rique","article_modified_time":"2023-10-14T18:13:31+00:00","twitter_card":"summary_large_image","twitter_misc":{"Dur\u00e9e de lecture estim\u00e9e":"2 minutes"},"schema":{"@context":"https:\/\/schema.org","@graph":[{"@type":"WebPage","@id":"https:\/\/wordpress.callac.online\/index.php\/logiciels-mathematiques\/scratch\/le-robot-mbot\/avant-de-programmer-mbot\/connecter-mbot-en-usb-bluetooth-ou-wifi\/","url":"https:\/\/wordpress.callac.online\/index.php\/logiciels-mathematiques\/scratch\/le-robot-mbot\/avant-de-programmer-mbot\/connecter-mbot-en-usb-bluetooth-ou-wifi\/","name":"Connecter mBot en USB, Bluetooth ou Wifi - Maths &amp; Num\u00e9rique","isPartOf":{"@id":"https:\/\/wordpress.callac.online\/#website"},"datePublished":"2023-02-24T09:37:28+00:00","dateModified":"2023-10-14T18:13:31+00:00","breadcrumb":{"@id":"https:\/\/wordpress.callac.online\/index.php\/logiciels-mathematiques\/scratch\/le-robot-mbot\/avant-de-programmer-mbot\/connecter-mbot-en-usb-bluetooth-ou-wifi\/#breadcrumb"},"inLanguage":"fr-FR","potentialAction":[{"@type":"ReadAction","target":["https:\/\/wordpress.callac.online\/index.php\/logiciels-mathematiques\/scratch\/le-robot-mbot\/avant-de-programmer-mbot\/connecter-mbot-en-usb-bluetooth-ou-wifi\/"]}]},{"@type":"BreadcrumbList","@id":"https:\/\/wordpress.callac.online\/index.php\/logiciels-mathematiques\/scratch\/le-robot-mbot\/avant-de-programmer-mbot\/connecter-mbot-en-usb-bluetooth-ou-wifi\/#breadcrumb","itemListElement":[{"@type":"ListItem","position":1,"name":"Accueil","item":"https:\/\/wordpress.callac.online\/"},{"@type":"ListItem","position":2,"name":"Logiciels math\u00e9matiques","item":"https:\/\/wordpress.callac.online\/index.php\/logiciels-mathematiques\/"},{"@type":"ListItem","position":3,"name":"Scratch","item":"https:\/\/wordpress.callac.online\/index.php\/logiciels-mathematiques\/scratch\/"},{"@type":"ListItem","position":4,"name":"Le robot mBot","item":"https:\/\/wordpress.callac.online\/index.php\/logiciels-mathematiques\/scratch\/le-robot-mbot\/"},{"@type":"ListItem","position":5,"name":"Avant de programmer mBot","item":"https:\/\/wordpress.callac.online\/index.php\/logiciels-mathematiques\/scratch\/le-robot-mbot\/avant-de-programmer-mbot\/"},{"@type":"ListItem","position":6,"name":"Connecter mBot en USB, Bluetooth ou Wifi"}]},{"@type":"WebSite","@id":"https:\/\/wordpress.callac.online\/#website","url":"https:\/\/wordpress.callac.online\/","name":"Maths & Num\u00e9rique","description":"Des outils pour les enseignants de math\u00e9matiques et de num\u00e9rique","publisher":{"@id":"https:\/\/wordpress.callac.online\/#\/schema\/person\/04061f1ca2c2c42039142a704be95940"},"potentialAction":[{"@type":"SearchAction","target":{"@type":"EntryPoint","urlTemplate":"https:\/\/wordpress.callac.online\/?s={search_term_string}"},"query-input":{"@type":"PropertyValueSpecification","valueRequired":true,"valueName":"search_term_string"}}],"inLanguage":"fr-FR"},{"@type":["Person","Organization"],"@id":"https:\/\/wordpress.callac.online\/#\/schema\/person\/04061f1ca2c2c42039142a704be95940","name":"dlefur","image":{"@type":"ImageObject","inLanguage":"fr-FR","@id":"https:\/\/wordpress.callac.online\/#\/schema\/person\/image\/","url":"https:\/\/secure.gravatar.com\/avatar\/4a9e17be136808c6597f28aa2b6c13126dab066fdc2198ff60090972c9b7fafc?s=96&d=mm&r=g","contentUrl":"https:\/\/secure.gravatar.com\/avatar\/4a9e17be136808c6597f28aa2b6c13126dab066fdc2198ff60090972c9b7fafc?s=96&d=mm&r=g","caption":"dlefur"},"logo":{"@id":"https:\/\/wordpress.callac.online\/#\/schema\/person\/image\/"},"description":"Enseignant de math\u00e9matiques Lyc\u00e9e Pasteur S\u00e3o Paulo","sameAs":["http:\/\/wordpress.callac.online"]}]}},"_links":{"self":[{"href":"https:\/\/wordpress.callac.online\/index.php\/wp-json\/wp\/v2\/pages\/3424","targetHints":{"allow":["GET"]}}],"collection":[{"href":"https:\/\/wordpress.callac.online\/index.php\/wp-json\/wp\/v2\/pages"}],"about":[{"href":"https:\/\/wordpress.callac.online\/index.php\/wp-json\/wp\/v2\/types\/page"}],"author":[{"embeddable":true,"href":"https:\/\/wordpress.callac.online\/index.php\/wp-json\/wp\/v2\/users\/1"}],"replies":[{"embeddable":true,"href":"https:\/\/wordpress.callac.online\/index.php\/wp-json\/wp\/v2\/comments?post=3424"}],"version-history":[{"count":4,"href":"https:\/\/wordpress.callac.online\/index.php\/wp-json\/wp\/v2\/pages\/3424\/revisions"}],"predecessor-version":[{"id":3443,"href":"https:\/\/wordpress.callac.online\/index.php\/wp-json\/wp\/v2\/pages\/3424\/revisions\/3443"}],"up":[{"embeddable":true,"href":"https:\/\/wordpress.callac.online\/index.php\/wp-json\/wp\/v2\/pages\/3371"}],"wp:attachment":[{"href":"https:\/\/wordpress.callac.online\/index.php\/wp-json\/wp\/v2\/media?parent=3424"}],"curies":[{"name":"wp","href":"https:\/\/api.w.org\/{rel}","templated":true}]}}