{"id":343,"date":"2016-06-05T16:31:02","date_gmt":"2016-06-05T14:31:02","guid":{"rendered":"http:\/\/wordpress.callac.online\/index.php\/comment-flasher-le-module-esp8266\/"},"modified":"2022-01-05T22:41:57","modified_gmt":"2022-01-05T21:41:57","slug":"comment-flasher-le-module-esp8266","status":"publish","type":"page","link":"https:\/\/wordpress.callac.online\/index.php\/numerique\/arduino\/le-module-esp8266\/comment-flasher-le-module-esp8266\/","title":{"rendered":"Comment flasher le module ESP8266 ?"},"content":{"rendered":"<h2>Une \u00e9tape d\u00e9licate<\/h2>\n<p>Pour ma part, j&rsquo;ai beaucoup pein\u00e9 \u00e0 flasher ce module. J&rsquo;ai suivi des tas d&rsquo;explications sur internet :<br \/>\n&#8211; FTDI<br \/>\n&#8211; Arduino<br \/>\n&#8211; &#8230;<\/p>\n<p>Je vais vous pr\u00e9senter une solution qui chez moi a bien march\u00e9.<\/p>\n<h2>Le mat\u00e9riel<\/h2>\n<p>&#8211; un ESP8266 esp1<br \/>\n&#8211; un arduino, pour moi un UNO.<br \/>\n&#8211; un protoboard.<br \/>\n&#8211; quelques cables.<\/p>\n<p><strong>Attention : dans mon cas, il m&rsquo;a fallu enlev\u00e9 le microcontr\u00f4leur ATMega328<\/strong>.<\/p>\n<h2>Les connexions<\/h2>\n<table>\n<tbody>\n<tr class='row_even'>\n<td> <strong>ESP8266<\/strong> <\/td>\n<td> <strong>Arduino<\/strong> <\/td>\n<\/tr>\n<tr class='row_odd'>\n<td> TX <\/td>\n<td> RX <\/td>\n<\/tr>\n<tr class='row_even'>\n<td>RX <\/td>\n<td> TX <\/td>\n<\/tr>\n<tr class='row_odd'>\n<td> GND <\/td>\n<td> GND <\/td>\n<\/tr>\n<tr class='row_even'>\n<td> VCC <\/td>\n<td> 3,3V <\/td>\n<\/tr>\n<tr class='row_odd'>\n<td>CH_PD <\/td>\n<td> 3,3V <\/td>\n<\/tr>\n<tr class='row_even'>\n<td> GPIO0 <\/td>\n<td> GND <\/td>\n<\/tr>\n<tr class='row_odd'>\n<td>GPIO2 <\/td>\n<td> Rien <\/td>\n<\/tr>\n<tr class='row_even'>\n<td> RST <\/td>\n<td> Rien <\/td>\n<\/tr>\n<\/tbody>\n<\/table>\n<p>Le GPIO0 \u00e0 la masse est indispensable. <\/p>\n<h2>Flasher depuis l&rsquo;interface Arduino<\/h2>\n<p>Il vous faudra une version r\u00e9cente. Au moins 1.6.4.<br \/>\nVous devrez si ce n&rsquo;est pas fait installer les cartes ESP8266.<\/p>\n<p>&#8211; Brancher votre arduino (sans puce) via USB.<br \/>\n&#8211; s\u00e9lectionner dans les outils la carte ESP8266.<br \/>\n&#8211; v\u00e9rifier si le port est bien s\u00e9lectionn\u00e9<br \/>\n&#8211; laisser les autres r\u00e9glages.<br \/>\n&#8211; t\u00e9l\u00e9verser le fichier voulu.<\/p>\n<p>Vous devriez voir appara\u00eetre \u00ab\u00a0upload &#8230;\u00a0\u00bb.<br \/>\nSi \u00e7a ne marche pas du premier coup, essayez de d\u00e9brancher\/rebrancher l&rsquo;alimentation de l&rsquo;ESP8266.<\/p>\n","protected":false},"excerpt":{"rendered":"<p>Une \u00e9tape d\u00e9licate Pour ma part, j&rsquo;ai beaucoup pein\u00e9 \u00e0 flasher ce module. J&rsquo;ai suivi des tas d&rsquo;explications sur internet : &#8211; FTDI &#8211; Arduino &#8211; &#8230; Je vais vous&hellip;<\/p>\n","protected":false},"author":1,"featured_media":0,"parent":2552,"menu_order":1,"comment_status":"closed","ping_status":"closed","template":"","meta":{"footnotes":""},"class_list":["post-343","page","type-page","status-publish","hentry"],"yoast_head":"<!-- This site is optimized with the Yoast SEO plugin v27.1.1 - https:\/\/yoast.com\/product\/yoast-seo-wordpress\/ -->\n<title>Comment flasher le module ESP8266 ? - Maths &amp; Num\u00e9rique<\/title>\n<meta name=\"robots\" content=\"index, follow, max-snippet:-1, max-image-preview:large, max-video-preview:-1\" \/>\n<link rel=\"canonical\" href=\"https:\/\/wordpress.callac.online\/index.php\/numerique\/arduino\/le-module-esp8266\/comment-flasher-le-module-esp8266\/\" \/>\n<meta property=\"og:locale\" content=\"fr_FR\" \/>\n<meta property=\"og:type\" content=\"article\" \/>\n<meta property=\"og:title\" content=\"Comment flasher le module ESP8266 ? - Maths &amp; Num\u00e9rique\" \/>\n<meta property=\"og:description\" content=\"Une \u00e9tape d\u00e9licate Pour ma part, j&rsquo;ai beaucoup pein\u00e9 \u00e0 flasher ce module. J&rsquo;ai suivi des tas d&rsquo;explications sur internet : &#8211; FTDI &#8211; Arduino &#8211; &#8230; Je vais vous&hellip;\" \/>\n<meta property=\"og:url\" content=\"https:\/\/wordpress.callac.online\/index.php\/numerique\/arduino\/le-module-esp8266\/comment-flasher-le-module-esp8266\/\" \/>\n<meta property=\"og:site_name\" content=\"Maths &amp; Num\u00e9rique\" \/>\n<meta property=\"article:modified_time\" content=\"2022-01-05T21:41:57+00:00\" \/>\n<meta name=\"twitter:card\" content=\"summary_large_image\" \/>\n<meta name=\"twitter:label1\" content=\"Dur\u00e9e de lecture estim\u00e9e\" \/>\n\t<meta name=\"twitter:data1\" content=\"1 minute\" \/>\n<script type=\"application\/ld+json\" class=\"yoast-schema-graph\">{\"@context\":\"https:\/\/schema.org\",\"@graph\":[{\"@type\":\"WebPage\",\"@id\":\"https:\/\/wordpress.callac.online\/index.php\/numerique\/arduino\/le-module-esp8266\/comment-flasher-le-module-esp8266\/\",\"url\":\"https:\/\/wordpress.callac.online\/index.php\/numerique\/arduino\/le-module-esp8266\/comment-flasher-le-module-esp8266\/\",\"name\":\"Comment flasher le module ESP8266 ? - Maths &amp; Num\u00e9rique\",\"isPartOf\":{\"@id\":\"https:\/\/wordpress.callac.online\/#website\"},\"datePublished\":\"2016-06-05T14:31:02+00:00\",\"dateModified\":\"2022-01-05T21:41:57+00:00\",\"breadcrumb\":{\"@id\":\"https:\/\/wordpress.callac.online\/index.php\/numerique\/arduino\/le-module-esp8266\/comment-flasher-le-module-esp8266\/#breadcrumb\"},\"inLanguage\":\"fr-FR\",\"potentialAction\":[{\"@type\":\"ReadAction\",\"target\":[\"https:\/\/wordpress.callac.online\/index.php\/numerique\/arduino\/le-module-esp8266\/comment-flasher-le-module-esp8266\/\"]}]},{\"@type\":\"BreadcrumbList\",\"@id\":\"https:\/\/wordpress.callac.online\/index.php\/numerique\/arduino\/le-module-esp8266\/comment-flasher-le-module-esp8266\/#breadcrumb\",\"itemListElement\":[{\"@type\":\"ListItem\",\"position\":1,\"name\":\"Accueil\",\"item\":\"https:\/\/wordpress.callac.online\/\"},{\"@type\":\"ListItem\",\"position\":2,\"name\":\"Num\u00e9rique\",\"item\":\"https:\/\/wordpress.callac.online\/index.php\/numerique\/\"},{\"@type\":\"ListItem\",\"position\":3,\"name\":\"Arduino\",\"item\":\"https:\/\/wordpress.callac.online\/index.php\/numerique\/arduino\/\"},{\"@type\":\"ListItem\",\"position\":4,\"name\":\"Le module ESP8266\",\"item\":\"https:\/\/wordpress.callac.online\/index.php\/numerique\/arduino\/le-module-esp8266\/\"},{\"@type\":\"ListItem\",\"position\":5,\"name\":\"Comment flasher le module ESP8266 ?\"}]},{\"@type\":\"WebSite\",\"@id\":\"https:\/\/wordpress.callac.online\/#website\",\"url\":\"https:\/\/wordpress.callac.online\/\",\"name\":\"Maths & Num\u00e9rique\",\"description\":\"Des outils pour les enseignants de math\u00e9matiques et de num\u00e9rique\",\"publisher\":{\"@id\":\"https:\/\/wordpress.callac.online\/#\/schema\/person\/04061f1ca2c2c42039142a704be95940\"},\"potentialAction\":[{\"@type\":\"SearchAction\",\"target\":{\"@type\":\"EntryPoint\",\"urlTemplate\":\"https:\/\/wordpress.callac.online\/?s={search_term_string}\"},\"query-input\":{\"@type\":\"PropertyValueSpecification\",\"valueRequired\":true,\"valueName\":\"search_term_string\"}}],\"inLanguage\":\"fr-FR\"},{\"@type\":[\"Person\",\"Organization\"],\"@id\":\"https:\/\/wordpress.callac.online\/#\/schema\/person\/04061f1ca2c2c42039142a704be95940\",\"name\":\"dlefur\",\"image\":{\"@type\":\"ImageObject\",\"inLanguage\":\"fr-FR\",\"@id\":\"https:\/\/wordpress.callac.online\/#\/schema\/person\/image\/\",\"url\":\"https:\/\/secure.gravatar.com\/avatar\/4a9e17be136808c6597f28aa2b6c13126dab066fdc2198ff60090972c9b7fafc?s=96&d=mm&r=g\",\"contentUrl\":\"https:\/\/secure.gravatar.com\/avatar\/4a9e17be136808c6597f28aa2b6c13126dab066fdc2198ff60090972c9b7fafc?s=96&d=mm&r=g\",\"caption\":\"dlefur\"},\"logo\":{\"@id\":\"https:\/\/wordpress.callac.online\/#\/schema\/person\/image\/\"},\"description\":\"Enseignant de math\u00e9matiques Lyc\u00e9e Pasteur S\u00e3o Paulo\",\"sameAs\":[\"http:\/\/wordpress.callac.online\"]}]}<\/script>\n<!-- \/ Yoast SEO plugin. -->","yoast_head_json":{"title":"Comment flasher le module ESP8266 ? - Maths &amp; Num\u00e9rique","robots":{"index":"index","follow":"follow","max-snippet":"max-snippet:-1","max-image-preview":"max-image-preview:large","max-video-preview":"max-video-preview:-1"},"canonical":"https:\/\/wordpress.callac.online\/index.php\/numerique\/arduino\/le-module-esp8266\/comment-flasher-le-module-esp8266\/","og_locale":"fr_FR","og_type":"article","og_title":"Comment flasher le module ESP8266 ? - Maths &amp; Num\u00e9rique","og_description":"Une \u00e9tape d\u00e9licate Pour ma part, j&rsquo;ai beaucoup pein\u00e9 \u00e0 flasher ce module. J&rsquo;ai suivi des tas d&rsquo;explications sur internet : &#8211; FTDI &#8211; Arduino &#8211; &#8230; Je vais vous&hellip;","og_url":"https:\/\/wordpress.callac.online\/index.php\/numerique\/arduino\/le-module-esp8266\/comment-flasher-le-module-esp8266\/","og_site_name":"Maths &amp; Num\u00e9rique","article_modified_time":"2022-01-05T21:41:57+00:00","twitter_card":"summary_large_image","twitter_misc":{"Dur\u00e9e de lecture estim\u00e9e":"1 minute"},"schema":{"@context":"https:\/\/schema.org","@graph":[{"@type":"WebPage","@id":"https:\/\/wordpress.callac.online\/index.php\/numerique\/arduino\/le-module-esp8266\/comment-flasher-le-module-esp8266\/","url":"https:\/\/wordpress.callac.online\/index.php\/numerique\/arduino\/le-module-esp8266\/comment-flasher-le-module-esp8266\/","name":"Comment flasher le module ESP8266 ? - Maths &amp; Num\u00e9rique","isPartOf":{"@id":"https:\/\/wordpress.callac.online\/#website"},"datePublished":"2016-06-05T14:31:02+00:00","dateModified":"2022-01-05T21:41:57+00:00","breadcrumb":{"@id":"https:\/\/wordpress.callac.online\/index.php\/numerique\/arduino\/le-module-esp8266\/comment-flasher-le-module-esp8266\/#breadcrumb"},"inLanguage":"fr-FR","potentialAction":[{"@type":"ReadAction","target":["https:\/\/wordpress.callac.online\/index.php\/numerique\/arduino\/le-module-esp8266\/comment-flasher-le-module-esp8266\/"]}]},{"@type":"BreadcrumbList","@id":"https:\/\/wordpress.callac.online\/index.php\/numerique\/arduino\/le-module-esp8266\/comment-flasher-le-module-esp8266\/#breadcrumb","itemListElement":[{"@type":"ListItem","position":1,"name":"Accueil","item":"https:\/\/wordpress.callac.online\/"},{"@type":"ListItem","position":2,"name":"Num\u00e9rique","item":"https:\/\/wordpress.callac.online\/index.php\/numerique\/"},{"@type":"ListItem","position":3,"name":"Arduino","item":"https:\/\/wordpress.callac.online\/index.php\/numerique\/arduino\/"},{"@type":"ListItem","position":4,"name":"Le module ESP8266","item":"https:\/\/wordpress.callac.online\/index.php\/numerique\/arduino\/le-module-esp8266\/"},{"@type":"ListItem","position":5,"name":"Comment flasher le module ESP8266 ?"}]},{"@type":"WebSite","@id":"https:\/\/wordpress.callac.online\/#website","url":"https:\/\/wordpress.callac.online\/","name":"Maths & Num\u00e9rique","description":"Des outils pour les enseignants de math\u00e9matiques et de num\u00e9rique","publisher":{"@id":"https:\/\/wordpress.callac.online\/#\/schema\/person\/04061f1ca2c2c42039142a704be95940"},"potentialAction":[{"@type":"SearchAction","target":{"@type":"EntryPoint","urlTemplate":"https:\/\/wordpress.callac.online\/?s={search_term_string}"},"query-input":{"@type":"PropertyValueSpecification","valueRequired":true,"valueName":"search_term_string"}}],"inLanguage":"fr-FR"},{"@type":["Person","Organization"],"@id":"https:\/\/wordpress.callac.online\/#\/schema\/person\/04061f1ca2c2c42039142a704be95940","name":"dlefur","image":{"@type":"ImageObject","inLanguage":"fr-FR","@id":"https:\/\/wordpress.callac.online\/#\/schema\/person\/image\/","url":"https:\/\/secure.gravatar.com\/avatar\/4a9e17be136808c6597f28aa2b6c13126dab066fdc2198ff60090972c9b7fafc?s=96&d=mm&r=g","contentUrl":"https:\/\/secure.gravatar.com\/avatar\/4a9e17be136808c6597f28aa2b6c13126dab066fdc2198ff60090972c9b7fafc?s=96&d=mm&r=g","caption":"dlefur"},"logo":{"@id":"https:\/\/wordpress.callac.online\/#\/schema\/person\/image\/"},"description":"Enseignant de math\u00e9matiques Lyc\u00e9e Pasteur S\u00e3o Paulo","sameAs":["http:\/\/wordpress.callac.online"]}]}},"_links":{"self":[{"href":"https:\/\/wordpress.callac.online\/index.php\/wp-json\/wp\/v2\/pages\/343","targetHints":{"allow":["GET"]}}],"collection":[{"href":"https:\/\/wordpress.callac.online\/index.php\/wp-json\/wp\/v2\/pages"}],"about":[{"href":"https:\/\/wordpress.callac.online\/index.php\/wp-json\/wp\/v2\/types\/page"}],"author":[{"embeddable":true,"href":"https:\/\/wordpress.callac.online\/index.php\/wp-json\/wp\/v2\/users\/1"}],"replies":[{"embeddable":true,"href":"https:\/\/wordpress.callac.online\/index.php\/wp-json\/wp\/v2\/comments?post=343"}],"version-history":[{"count":1,"href":"https:\/\/wordpress.callac.online\/index.php\/wp-json\/wp\/v2\/pages\/343\/revisions"}],"predecessor-version":[{"id":1044,"href":"https:\/\/wordpress.callac.online\/index.php\/wp-json\/wp\/v2\/pages\/343\/revisions\/1044"}],"up":[{"embeddable":true,"href":"https:\/\/wordpress.callac.online\/index.php\/wp-json\/wp\/v2\/pages\/2552"}],"wp:attachment":[{"href":"https:\/\/wordpress.callac.online\/index.php\/wp-json\/wp\/v2\/media?parent=343"}],"curies":[{"name":"wp","href":"https:\/\/api.w.org\/{rel}","templated":true}]}}