{"id":348,"date":"2020-07-18T13:45:17","date_gmt":"2020-07-18T11:45:17","guid":{"rendered":"http:\/\/wordpress.callac.online\/index.php\/pourquoi-utiliser-moodle-au-lycee\/"},"modified":"2023-10-14T20:13:05","modified_gmt":"2023-10-14T18:13:05","slug":"pourquoi-utiliser-moodle-au-lycee","status":"publish","type":"page","link":"https:\/\/wordpress.callac.online\/index.php\/edition-mathematique\/moodle\/pourquoi-utiliser-moodle-au-lycee\/","title":{"rendered":"Pourquoi utiliser Moodle au lyc\u00e9e"},"content":{"rendered":"<p>Cette p\u00e9riode d&rsquo;EAD (enseignement \u00e0 distance) a mis en avant le besoin de plateformes pour g\u00e9rer le contenu et le travail.<\/p>\n<p>Apr\u00e8s quelques essais, je me suis rabattu sur Moodle qui me semble le plus adapt\u00e9 aux math\u00e9matiques.  Je vais tenter ici de cibler les avantages et les inconv\u00e9nients de cet outil plut\u00f4t pr\u00e9vu pour les universit\u00e9s que pour le lyc\u00e9e.<\/p>\n<p>Tout d&rsquo;abord, il faut savoir un minimum de choses sur Moodle.<\/p>\n<p>Le contenu est organis\u00e9 de la fa\u00e7on suivante :<\/p>\n<ul>\n<li> des <strong>cat\u00e9gories<\/strong> \u00e0 cr\u00e9er (niveau, classes, mati\u00e8res)<\/li>\n<li> des <strong>cours<\/strong> \u00e0 cr\u00e9er dans les cat\u00e9gories (pour l&rsquo;ann\u00e9e, par chapitre)<\/li>\n<li> des <strong>sections<\/strong> \u00e0 compl\u00e9ter \u00e0 l&rsquo;int\u00e9rieur des cours (chapitre, notion, &#8230;)<\/li>\n<\/ul>\n<p>De m\u00eame, au niveau des utilisateurs, il y a plusieurs niveaux de permissions :<\/p>\n<ul>\n<li> l&rsquo;administrateur<\/li>\n<li> le cr\u00e9ateur de cours<\/li>\n<li> l&rsquo;enseignant<\/li>\n<li> l&rsquo;\u00e9tudiant<\/li>\n<\/ul>\n<p>Ce sur-dimensionnement de Moodle pour un professeur en fait vite sa force par rapport \u00e0 d&rsquo;autres outils. En effet, le temps suppl\u00e9mentaire n\u00e9cessaire pour son installation, son apprentissage sera vite compens\u00e9 par la suite tant l&rsquo;outil et puissant.<\/p>\n<p>Ainsi, l&rsquo;administration dispose de vrais outils, faciles \u00e0 utiliser pour l&rsquo;importation ou l&rsquo;exportation d&rsquo;utilisateurs, de cours, de tests, de r\u00e9sultats.<\/p>\n<p>Il y a une interface ressemblant \u00e0 viatique (correction du bac) pour corriger et annoter des pdf, ce qui est tr\u00e8s pratique durant cet EAD.<\/p>\n<p>Pour les math\u00e9matiques, l&rsquo;\u00e9diteur accepte les formules LaTeX. Pour les tests (questions rapides), c&rsquo;est vraiment tr\u00e8s pratique.<\/p>\n<p><strong>Les avantages<\/strong><\/p>\n<ul>\n<li> diff\u00e9rentes solutions d&rsquo;h\u00e9bergement et d&rsquo;installation, du d\u00e9butant \u00e0 l&rsquo;informaticien de votre \u00e9tablissement<\/li>\n<li> des services d&rsquo;importation et d&rsquo;exportations (utilisateurs, cours, questions, notes)<\/li>\n<li> possibilit\u00e9s d&rsquo;utiliser diff\u00e9rents format de tests <\/li>\n<li> \u00e9diteur acceptant les formules LaTeX math\u00e9matiques<\/li>\n<li> outil incorpor\u00e9 pour la correction des travaux<\/li>\n<\/ul>\n<p><strong>Les inconv\u00e9nients<\/strong><\/p>\n<ul>\n<li> la prise en main demande du temps<\/li>\n<li> surdimensionn\u00e9 pour quelques cours<\/li>\n<li> aspect peu travaill\u00e9<\/li>\n<\/ul>\n","protected":false},"excerpt":{"rendered":"<p>Cette p\u00e9riode d&rsquo;EAD (enseignement \u00e0 distance) a mis en avant le besoin de plateformes pour g\u00e9rer le contenu et le travail. Apr\u00e8s quelques essais, je me suis rabattu sur Moodle&hellip;<\/p>\n","protected":false},"author":1,"featured_media":0,"parent":1004,"menu_order":0,"comment_status":"closed","ping_status":"closed","template":"","meta":{"footnotes":""},"class_list":["post-348","page","type-page","status-publish","hentry"],"yoast_head":"<!-- This site is optimized with the Yoast SEO plugin v27.1.1 - https:\/\/yoast.com\/product\/yoast-seo-wordpress\/ -->\n<title>Pourquoi utiliser Moodle au lyc\u00e9e - Maths &amp; Num\u00e9rique<\/title>\n<meta name=\"robots\" content=\"index, follow, max-snippet:-1, max-image-preview:large, max-video-preview:-1\" \/>\n<link rel=\"canonical\" href=\"https:\/\/wordpress.callac.online\/index.php\/edition-mathematique\/moodle\/pourquoi-utiliser-moodle-au-lycee\/\" \/>\n<meta property=\"og:locale\" content=\"fr_FR\" \/>\n<meta property=\"og:type\" content=\"article\" \/>\n<meta property=\"og:title\" content=\"Pourquoi utiliser Moodle au lyc\u00e9e - Maths &amp; Num\u00e9rique\" \/>\n<meta property=\"og:description\" content=\"Cette p\u00e9riode d&rsquo;EAD (enseignement \u00e0 distance) a mis en avant le besoin de plateformes pour g\u00e9rer le contenu et le travail. Apr\u00e8s quelques essais, je me suis rabattu sur Moodle&hellip;\" \/>\n<meta property=\"og:url\" content=\"https:\/\/wordpress.callac.online\/index.php\/edition-mathematique\/moodle\/pourquoi-utiliser-moodle-au-lycee\/\" \/>\n<meta property=\"og:site_name\" content=\"Maths &amp; Num\u00e9rique\" \/>\n<meta property=\"article:modified_time\" content=\"2023-10-14T18:13:05+00:00\" \/>\n<meta name=\"twitter:card\" content=\"summary_large_image\" \/>\n<meta name=\"twitter:label1\" content=\"Dur\u00e9e de lecture estim\u00e9e\" \/>\n\t<meta name=\"twitter:data1\" content=\"2 minutes\" \/>\n<script type=\"application\/ld+json\" class=\"yoast-schema-graph\">{\"@context\":\"https:\/\/schema.org\",\"@graph\":[{\"@type\":\"WebPage\",\"@id\":\"https:\/\/wordpress.callac.online\/index.php\/edition-mathematique\/moodle\/pourquoi-utiliser-moodle-au-lycee\/\",\"url\":\"https:\/\/wordpress.callac.online\/index.php\/edition-mathematique\/moodle\/pourquoi-utiliser-moodle-au-lycee\/\",\"name\":\"Pourquoi utiliser Moodle au lyc\u00e9e - Maths &amp; Num\u00e9rique\",\"isPartOf\":{\"@id\":\"https:\/\/wordpress.callac.online\/#website\"},\"datePublished\":\"2020-07-18T11:45:17+00:00\",\"dateModified\":\"2023-10-14T18:13:05+00:00\",\"breadcrumb\":{\"@id\":\"https:\/\/wordpress.callac.online\/index.php\/edition-mathematique\/moodle\/pourquoi-utiliser-moodle-au-lycee\/#breadcrumb\"},\"inLanguage\":\"fr-FR\",\"potentialAction\":[{\"@type\":\"ReadAction\",\"target\":[\"https:\/\/wordpress.callac.online\/index.php\/edition-mathematique\/moodle\/pourquoi-utiliser-moodle-au-lycee\/\"]}]},{\"@type\":\"BreadcrumbList\",\"@id\":\"https:\/\/wordpress.callac.online\/index.php\/edition-mathematique\/moodle\/pourquoi-utiliser-moodle-au-lycee\/#breadcrumb\",\"itemListElement\":[{\"@type\":\"ListItem\",\"position\":1,\"name\":\"Accueil\",\"item\":\"https:\/\/wordpress.callac.online\/\"},{\"@type\":\"ListItem\",\"position\":2,\"name\":\"\u00c9dition math\u00e9matique\",\"item\":\"https:\/\/wordpress.callac.online\/index.php\/edition-mathematique\/\"},{\"@type\":\"ListItem\",\"position\":3,\"name\":\"Moodle\",\"item\":\"https:\/\/wordpress.callac.online\/index.php\/edition-mathematique\/moodle\/\"},{\"@type\":\"ListItem\",\"position\":4,\"name\":\"Pourquoi utiliser Moodle au lyc\u00e9e\"}]},{\"@type\":\"WebSite\",\"@id\":\"https:\/\/wordpress.callac.online\/#website\",\"url\":\"https:\/\/wordpress.callac.online\/\",\"name\":\"Maths & Num\u00e9rique\",\"description\":\"Des outils pour les enseignants de math\u00e9matiques et de num\u00e9rique\",\"publisher\":{\"@id\":\"https:\/\/wordpress.callac.online\/#\/schema\/person\/04061f1ca2c2c42039142a704be95940\"},\"potentialAction\":[{\"@type\":\"SearchAction\",\"target\":{\"@type\":\"EntryPoint\",\"urlTemplate\":\"https:\/\/wordpress.callac.online\/?s={search_term_string}\"},\"query-input\":{\"@type\":\"PropertyValueSpecification\",\"valueRequired\":true,\"valueName\":\"search_term_string\"}}],\"inLanguage\":\"fr-FR\"},{\"@type\":[\"Person\",\"Organization\"],\"@id\":\"https:\/\/wordpress.callac.online\/#\/schema\/person\/04061f1ca2c2c42039142a704be95940\",\"name\":\"dlefur\",\"image\":{\"@type\":\"ImageObject\",\"inLanguage\":\"fr-FR\",\"@id\":\"https:\/\/wordpress.callac.online\/#\/schema\/person\/image\/\",\"url\":\"https:\/\/secure.gravatar.com\/avatar\/4a9e17be136808c6597f28aa2b6c13126dab066fdc2198ff60090972c9b7fafc?s=96&d=mm&r=g\",\"contentUrl\":\"https:\/\/secure.gravatar.com\/avatar\/4a9e17be136808c6597f28aa2b6c13126dab066fdc2198ff60090972c9b7fafc?s=96&d=mm&r=g\",\"caption\":\"dlefur\"},\"logo\":{\"@id\":\"https:\/\/wordpress.callac.online\/#\/schema\/person\/image\/\"},\"description\":\"Enseignant de math\u00e9matiques Lyc\u00e9e Pasteur S\u00e3o Paulo\",\"sameAs\":[\"http:\/\/wordpress.callac.online\"]}]}<\/script>\n<!-- \/ Yoast SEO plugin. -->","yoast_head_json":{"title":"Pourquoi utiliser Moodle au lyc\u00e9e - Maths &amp; Num\u00e9rique","robots":{"index":"index","follow":"follow","max-snippet":"max-snippet:-1","max-image-preview":"max-image-preview:large","max-video-preview":"max-video-preview:-1"},"canonical":"https:\/\/wordpress.callac.online\/index.php\/edition-mathematique\/moodle\/pourquoi-utiliser-moodle-au-lycee\/","og_locale":"fr_FR","og_type":"article","og_title":"Pourquoi utiliser Moodle au lyc\u00e9e - Maths &amp; Num\u00e9rique","og_description":"Cette p\u00e9riode d&rsquo;EAD (enseignement \u00e0 distance) a mis en avant le besoin de plateformes pour g\u00e9rer le contenu et le travail. Apr\u00e8s quelques essais, je me suis rabattu sur Moodle&hellip;","og_url":"https:\/\/wordpress.callac.online\/index.php\/edition-mathematique\/moodle\/pourquoi-utiliser-moodle-au-lycee\/","og_site_name":"Maths &amp; Num\u00e9rique","article_modified_time":"2023-10-14T18:13:05+00:00","twitter_card":"summary_large_image","twitter_misc":{"Dur\u00e9e de lecture estim\u00e9e":"2 minutes"},"schema":{"@context":"https:\/\/schema.org","@graph":[{"@type":"WebPage","@id":"https:\/\/wordpress.callac.online\/index.php\/edition-mathematique\/moodle\/pourquoi-utiliser-moodle-au-lycee\/","url":"https:\/\/wordpress.callac.online\/index.php\/edition-mathematique\/moodle\/pourquoi-utiliser-moodle-au-lycee\/","name":"Pourquoi utiliser Moodle au lyc\u00e9e - Maths &amp; Num\u00e9rique","isPartOf":{"@id":"https:\/\/wordpress.callac.online\/#website"},"datePublished":"2020-07-18T11:45:17+00:00","dateModified":"2023-10-14T18:13:05+00:00","breadcrumb":{"@id":"https:\/\/wordpress.callac.online\/index.php\/edition-mathematique\/moodle\/pourquoi-utiliser-moodle-au-lycee\/#breadcrumb"},"inLanguage":"fr-FR","potentialAction":[{"@type":"ReadAction","target":["https:\/\/wordpress.callac.online\/index.php\/edition-mathematique\/moodle\/pourquoi-utiliser-moodle-au-lycee\/"]}]},{"@type":"BreadcrumbList","@id":"https:\/\/wordpress.callac.online\/index.php\/edition-mathematique\/moodle\/pourquoi-utiliser-moodle-au-lycee\/#breadcrumb","itemListElement":[{"@type":"ListItem","position":1,"name":"Accueil","item":"https:\/\/wordpress.callac.online\/"},{"@type":"ListItem","position":2,"name":"\u00c9dition math\u00e9matique","item":"https:\/\/wordpress.callac.online\/index.php\/edition-mathematique\/"},{"@type":"ListItem","position":3,"name":"Moodle","item":"https:\/\/wordpress.callac.online\/index.php\/edition-mathematique\/moodle\/"},{"@type":"ListItem","position":4,"name":"Pourquoi utiliser Moodle au lyc\u00e9e"}]},{"@type":"WebSite","@id":"https:\/\/wordpress.callac.online\/#website","url":"https:\/\/wordpress.callac.online\/","name":"Maths & Num\u00e9rique","description":"Des outils pour les enseignants de math\u00e9matiques et de num\u00e9rique","publisher":{"@id":"https:\/\/wordpress.callac.online\/#\/schema\/person\/04061f1ca2c2c42039142a704be95940"},"potentialAction":[{"@type":"SearchAction","target":{"@type":"EntryPoint","urlTemplate":"https:\/\/wordpress.callac.online\/?s={search_term_string}"},"query-input":{"@type":"PropertyValueSpecification","valueRequired":true,"valueName":"search_term_string"}}],"inLanguage":"fr-FR"},{"@type":["Person","Organization"],"@id":"https:\/\/wordpress.callac.online\/#\/schema\/person\/04061f1ca2c2c42039142a704be95940","name":"dlefur","image":{"@type":"ImageObject","inLanguage":"fr-FR","@id":"https:\/\/wordpress.callac.online\/#\/schema\/person\/image\/","url":"https:\/\/secure.gravatar.com\/avatar\/4a9e17be136808c6597f28aa2b6c13126dab066fdc2198ff60090972c9b7fafc?s=96&d=mm&r=g","contentUrl":"https:\/\/secure.gravatar.com\/avatar\/4a9e17be136808c6597f28aa2b6c13126dab066fdc2198ff60090972c9b7fafc?s=96&d=mm&r=g","caption":"dlefur"},"logo":{"@id":"https:\/\/wordpress.callac.online\/#\/schema\/person\/image\/"},"description":"Enseignant de math\u00e9matiques Lyc\u00e9e Pasteur S\u00e3o Paulo","sameAs":["http:\/\/wordpress.callac.online"]}]}},"_links":{"self":[{"href":"https:\/\/wordpress.callac.online\/index.php\/wp-json\/wp\/v2\/pages\/348","targetHints":{"allow":["GET"]}}],"collection":[{"href":"https:\/\/wordpress.callac.online\/index.php\/wp-json\/wp\/v2\/pages"}],"about":[{"href":"https:\/\/wordpress.callac.online\/index.php\/wp-json\/wp\/v2\/types\/page"}],"author":[{"embeddable":true,"href":"https:\/\/wordpress.callac.online\/index.php\/wp-json\/wp\/v2\/users\/1"}],"replies":[{"embeddable":true,"href":"https:\/\/wordpress.callac.online\/index.php\/wp-json\/wp\/v2\/comments?post=348"}],"version-history":[{"count":1,"href":"https:\/\/wordpress.callac.online\/index.php\/wp-json\/wp\/v2\/pages\/348\/revisions"}],"predecessor-version":[{"id":1513,"href":"https:\/\/wordpress.callac.online\/index.php\/wp-json\/wp\/v2\/pages\/348\/revisions\/1513"}],"up":[{"embeddable":true,"href":"https:\/\/wordpress.callac.online\/index.php\/wp-json\/wp\/v2\/pages\/1004"}],"wp:attachment":[{"href":"https:\/\/wordpress.callac.online\/index.php\/wp-json\/wp\/v2\/media?parent=348"}],"curies":[{"name":"wp","href":"https:\/\/api.w.org\/{rel}","templated":true}]}}