{"id":349,"date":"2020-07-18T13:44:43","date_gmt":"2020-07-18T11:44:43","guid":{"rendered":"http:\/\/wordpress.callac.online\/index.php\/comment-disposer-de-moodle\/"},"modified":"2023-10-14T20:13:06","modified_gmt":"2023-10-14T18:13:06","slug":"comment-disposer-de-moodle","status":"publish","type":"page","link":"https:\/\/wordpress.callac.online\/index.php\/edition-mathematique\/moodle\/comment-disposer-de-moodle\/","title":{"rendered":"Comment disposer de Moodle ?"},"content":{"rendered":"<p>Plusieurs solutions sont disponibles, en fonction de sa situation, de ses connaissances, du nombre d&rsquo;utilisateurs, du co\u00fbt.<\/p>\n<p>Pour tester Moodle, je vous recommande <a href=\"https:\/\/moodlecloud.com\/\">Moodlecloud<\/a>.<br \/>Vous aurez imm\u00e9diatement un outil op\u00e9rationnel, sans besoin de conna\u00eetre quoi que ce soit de l&rsquo;installation. Les plans payants sont relativement chers et ne permettent pas un espace m\u00e9moire tr\u00e8s grand. Attention \u00e9galement au nombre d&rsquo;utilisateurs.<\/p>\n<p>Voici un guide pour configurer Moodlecloud.<\/p>\n<p><a href=\"http:\/\/wordpress.callac.online\/wp-content\/uploads\/2020\/07\/pdf_premier_pas.pdf\">premier_pas.pdf<\/a><\/p>\n<p>Si cet essai vous a convaincu, il va falloir trouver un h\u00e9bergement.<\/p>\n<p>Une solution consiste \u00e0 <strong>demander \u00e0 l&rsquo;informaticien de votre \u00e9tablissement<\/strong> de le faire. Ce sera tr\u00e8s rapide et simple pour lui. Et gratuit ! Il pourra sans probl\u00e8me utiliser les bases d&rsquo;\u00e9l\u00e8ves ou de professeurs du lyc\u00e9e.<\/p>\n<p>Une autre solution consiste \u00e0 <strong>utiliser un h\u00e9bergeur payant<\/strong>. Pour quelques euros par mois, vous aurez un site personnel avec les avantages et les inconv\u00e9nients. Vous pourrez faire ce que vous voudrez mais il faudra le faire !\u00a0<\/p>\n\n\n<hr class=\"wp-block-separator\"\/>\n\n\n\n<h2 class=\"wp-block-heading\">Mon exp\u00e9rience avec Hostinger<\/h2>\n\n\n\n<p>Je n&rsquo;ai pas de site \u00e0 recommander. Une simple recherche sur internet vous permettra de trouver des h\u00e9bergeurs dont certains vous proposent une installation de Moodle en un clic, avec m\u00eame un domaine.<\/p>\n<p>Personnellement, j&rsquo;ai utilis\u00e9 Hostinger qui m&rsquo;a permis d&rsquo;installer facilement Moodle.<\/p>\n<p>Voici les principales \u00e9tapes :<\/p>\n<ul>\n<li>Acheter un domaine<\/li>\n<li>Cr\u00e9er un sous-domaine d\u00e9di\u00e9 \u00e0 Moodle<\/li>\n<li>Utiliser l&rsquo;installateur automatique et choisir Moodle<\/li>\n<li>Acheter un certificat SSL et l&rsquo;associer au sous-domaine d\u00e9di\u00e9 \u00e0 Moodle<\/li>\n<\/ul>\n<p>En quelques minutes, vous \u00eates pr\u00eat \u00e0 configurer votre site Moodle.<\/p>\n","protected":false},"excerpt":{"rendered":"<p>Plusieurs solutions sont disponibles, en fonction de sa situation, de ses connaissances, du nombre d&rsquo;utilisateurs, du co\u00fbt. Pour tester Moodle, je vous recommande Moodlecloud.Vous aurez imm\u00e9diatement un outil op\u00e9rationnel, sans&hellip;<\/p>\n","protected":false},"author":1,"featured_media":0,"parent":1004,"menu_order":1,"comment_status":"closed","ping_status":"closed","template":"","meta":{"footnotes":""},"class_list":["post-349","page","type-page","status-publish","hentry"],"yoast_head":"<!-- This site is optimized with the Yoast SEO plugin v27.1.1 - https:\/\/yoast.com\/product\/yoast-seo-wordpress\/ -->\n<title>Comment disposer de Moodle ? - Maths &amp; Num\u00e9rique<\/title>\n<meta name=\"robots\" content=\"index, follow, max-snippet:-1, max-image-preview:large, max-video-preview:-1\" \/>\n<link rel=\"canonical\" href=\"https:\/\/wordpress.callac.online\/index.php\/edition-mathematique\/moodle\/comment-disposer-de-moodle\/\" \/>\n<meta property=\"og:locale\" content=\"fr_FR\" \/>\n<meta property=\"og:type\" content=\"article\" \/>\n<meta property=\"og:title\" content=\"Comment disposer de Moodle ? - Maths &amp; Num\u00e9rique\" \/>\n<meta property=\"og:description\" content=\"Plusieurs solutions sont disponibles, en fonction de sa situation, de ses connaissances, du nombre d&rsquo;utilisateurs, du co\u00fbt. Pour tester Moodle, je vous recommande Moodlecloud.Vous aurez imm\u00e9diatement un outil op\u00e9rationnel, sans&hellip;\" \/>\n<meta property=\"og:url\" content=\"https:\/\/wordpress.callac.online\/index.php\/edition-mathematique\/moodle\/comment-disposer-de-moodle\/\" \/>\n<meta property=\"og:site_name\" content=\"Maths &amp; Num\u00e9rique\" \/>\n<meta property=\"article:modified_time\" content=\"2023-10-14T18:13:06+00:00\" \/>\n<meta name=\"twitter:card\" content=\"summary_large_image\" \/>\n<meta name=\"twitter:label1\" content=\"Dur\u00e9e de lecture estim\u00e9e\" \/>\n\t<meta name=\"twitter:data1\" content=\"1 minute\" \/>\n<script type=\"application\/ld+json\" class=\"yoast-schema-graph\">{\"@context\":\"https:\/\/schema.org\",\"@graph\":[{\"@type\":\"WebPage\",\"@id\":\"https:\/\/wordpress.callac.online\/index.php\/edition-mathematique\/moodle\/comment-disposer-de-moodle\/\",\"url\":\"https:\/\/wordpress.callac.online\/index.php\/edition-mathematique\/moodle\/comment-disposer-de-moodle\/\",\"name\":\"Comment disposer de Moodle ? - Maths &amp; Num\u00e9rique\",\"isPartOf\":{\"@id\":\"https:\/\/wordpress.callac.online\/#website\"},\"datePublished\":\"2020-07-18T11:44:43+00:00\",\"dateModified\":\"2023-10-14T18:13:06+00:00\",\"breadcrumb\":{\"@id\":\"https:\/\/wordpress.callac.online\/index.php\/edition-mathematique\/moodle\/comment-disposer-de-moodle\/#breadcrumb\"},\"inLanguage\":\"fr-FR\",\"potentialAction\":[{\"@type\":\"ReadAction\",\"target\":[\"https:\/\/wordpress.callac.online\/index.php\/edition-mathematique\/moodle\/comment-disposer-de-moodle\/\"]}]},{\"@type\":\"BreadcrumbList\",\"@id\":\"https:\/\/wordpress.callac.online\/index.php\/edition-mathematique\/moodle\/comment-disposer-de-moodle\/#breadcrumb\",\"itemListElement\":[{\"@type\":\"ListItem\",\"position\":1,\"name\":\"Accueil\",\"item\":\"https:\/\/wordpress.callac.online\/\"},{\"@type\":\"ListItem\",\"position\":2,\"name\":\"\u00c9dition math\u00e9matique\",\"item\":\"https:\/\/wordpress.callac.online\/index.php\/edition-mathematique\/\"},{\"@type\":\"ListItem\",\"position\":3,\"name\":\"Moodle\",\"item\":\"https:\/\/wordpress.callac.online\/index.php\/edition-mathematique\/moodle\/\"},{\"@type\":\"ListItem\",\"position\":4,\"name\":\"Comment disposer de Moodle ?\"}]},{\"@type\":\"WebSite\",\"@id\":\"https:\/\/wordpress.callac.online\/#website\",\"url\":\"https:\/\/wordpress.callac.online\/\",\"name\":\"Maths & Num\u00e9rique\",\"description\":\"Des outils pour les enseignants de math\u00e9matiques et de num\u00e9rique\",\"publisher\":{\"@id\":\"https:\/\/wordpress.callac.online\/#\/schema\/person\/04061f1ca2c2c42039142a704be95940\"},\"potentialAction\":[{\"@type\":\"SearchAction\",\"target\":{\"@type\":\"EntryPoint\",\"urlTemplate\":\"https:\/\/wordpress.callac.online\/?s={search_term_string}\"},\"query-input\":{\"@type\":\"PropertyValueSpecification\",\"valueRequired\":true,\"valueName\":\"search_term_string\"}}],\"inLanguage\":\"fr-FR\"},{\"@type\":[\"Person\",\"Organization\"],\"@id\":\"https:\/\/wordpress.callac.online\/#\/schema\/person\/04061f1ca2c2c42039142a704be95940\",\"name\":\"dlefur\",\"image\":{\"@type\":\"ImageObject\",\"inLanguage\":\"fr-FR\",\"@id\":\"https:\/\/wordpress.callac.online\/#\/schema\/person\/image\/\",\"url\":\"https:\/\/secure.gravatar.com\/avatar\/4a9e17be136808c6597f28aa2b6c13126dab066fdc2198ff60090972c9b7fafc?s=96&d=mm&r=g\",\"contentUrl\":\"https:\/\/secure.gravatar.com\/avatar\/4a9e17be136808c6597f28aa2b6c13126dab066fdc2198ff60090972c9b7fafc?s=96&d=mm&r=g\",\"caption\":\"dlefur\"},\"logo\":{\"@id\":\"https:\/\/wordpress.callac.online\/#\/schema\/person\/image\/\"},\"description\":\"Enseignant de math\u00e9matiques Lyc\u00e9e Pasteur S\u00e3o Paulo\",\"sameAs\":[\"http:\/\/wordpress.callac.online\"]}]}<\/script>\n<!-- \/ Yoast SEO plugin. -->","yoast_head_json":{"title":"Comment disposer de Moodle ? - Maths &amp; Num\u00e9rique","robots":{"index":"index","follow":"follow","max-snippet":"max-snippet:-1","max-image-preview":"max-image-preview:large","max-video-preview":"max-video-preview:-1"},"canonical":"https:\/\/wordpress.callac.online\/index.php\/edition-mathematique\/moodle\/comment-disposer-de-moodle\/","og_locale":"fr_FR","og_type":"article","og_title":"Comment disposer de Moodle ? - Maths &amp; Num\u00e9rique","og_description":"Plusieurs solutions sont disponibles, en fonction de sa situation, de ses connaissances, du nombre d&rsquo;utilisateurs, du co\u00fbt. Pour tester Moodle, je vous recommande Moodlecloud.Vous aurez imm\u00e9diatement un outil op\u00e9rationnel, sans&hellip;","og_url":"https:\/\/wordpress.callac.online\/index.php\/edition-mathematique\/moodle\/comment-disposer-de-moodle\/","og_site_name":"Maths &amp; Num\u00e9rique","article_modified_time":"2023-10-14T18:13:06+00:00","twitter_card":"summary_large_image","twitter_misc":{"Dur\u00e9e de lecture estim\u00e9e":"1 minute"},"schema":{"@context":"https:\/\/schema.org","@graph":[{"@type":"WebPage","@id":"https:\/\/wordpress.callac.online\/index.php\/edition-mathematique\/moodle\/comment-disposer-de-moodle\/","url":"https:\/\/wordpress.callac.online\/index.php\/edition-mathematique\/moodle\/comment-disposer-de-moodle\/","name":"Comment disposer de Moodle ? - Maths &amp; Num\u00e9rique","isPartOf":{"@id":"https:\/\/wordpress.callac.online\/#website"},"datePublished":"2020-07-18T11:44:43+00:00","dateModified":"2023-10-14T18:13:06+00:00","breadcrumb":{"@id":"https:\/\/wordpress.callac.online\/index.php\/edition-mathematique\/moodle\/comment-disposer-de-moodle\/#breadcrumb"},"inLanguage":"fr-FR","potentialAction":[{"@type":"ReadAction","target":["https:\/\/wordpress.callac.online\/index.php\/edition-mathematique\/moodle\/comment-disposer-de-moodle\/"]}]},{"@type":"BreadcrumbList","@id":"https:\/\/wordpress.callac.online\/index.php\/edition-mathematique\/moodle\/comment-disposer-de-moodle\/#breadcrumb","itemListElement":[{"@type":"ListItem","position":1,"name":"Accueil","item":"https:\/\/wordpress.callac.online\/"},{"@type":"ListItem","position":2,"name":"\u00c9dition math\u00e9matique","item":"https:\/\/wordpress.callac.online\/index.php\/edition-mathematique\/"},{"@type":"ListItem","position":3,"name":"Moodle","item":"https:\/\/wordpress.callac.online\/index.php\/edition-mathematique\/moodle\/"},{"@type":"ListItem","position":4,"name":"Comment disposer de Moodle ?"}]},{"@type":"WebSite","@id":"https:\/\/wordpress.callac.online\/#website","url":"https:\/\/wordpress.callac.online\/","name":"Maths & Num\u00e9rique","description":"Des outils pour les enseignants de math\u00e9matiques et de num\u00e9rique","publisher":{"@id":"https:\/\/wordpress.callac.online\/#\/schema\/person\/04061f1ca2c2c42039142a704be95940"},"potentialAction":[{"@type":"SearchAction","target":{"@type":"EntryPoint","urlTemplate":"https:\/\/wordpress.callac.online\/?s={search_term_string}"},"query-input":{"@type":"PropertyValueSpecification","valueRequired":true,"valueName":"search_term_string"}}],"inLanguage":"fr-FR"},{"@type":["Person","Organization"],"@id":"https:\/\/wordpress.callac.online\/#\/schema\/person\/04061f1ca2c2c42039142a704be95940","name":"dlefur","image":{"@type":"ImageObject","inLanguage":"fr-FR","@id":"https:\/\/wordpress.callac.online\/#\/schema\/person\/image\/","url":"https:\/\/secure.gravatar.com\/avatar\/4a9e17be136808c6597f28aa2b6c13126dab066fdc2198ff60090972c9b7fafc?s=96&d=mm&r=g","contentUrl":"https:\/\/secure.gravatar.com\/avatar\/4a9e17be136808c6597f28aa2b6c13126dab066fdc2198ff60090972c9b7fafc?s=96&d=mm&r=g","caption":"dlefur"},"logo":{"@id":"https:\/\/wordpress.callac.online\/#\/schema\/person\/image\/"},"description":"Enseignant de math\u00e9matiques Lyc\u00e9e Pasteur S\u00e3o Paulo","sameAs":["http:\/\/wordpress.callac.online"]}]}},"_links":{"self":[{"href":"https:\/\/wordpress.callac.online\/index.php\/wp-json\/wp\/v2\/pages\/349","targetHints":{"allow":["GET"]}}],"collection":[{"href":"https:\/\/wordpress.callac.online\/index.php\/wp-json\/wp\/v2\/pages"}],"about":[{"href":"https:\/\/wordpress.callac.online\/index.php\/wp-json\/wp\/v2\/types\/page"}],"author":[{"embeddable":true,"href":"https:\/\/wordpress.callac.online\/index.php\/wp-json\/wp\/v2\/users\/1"}],"replies":[{"embeddable":true,"href":"https:\/\/wordpress.callac.online\/index.php\/wp-json\/wp\/v2\/comments?post=349"}],"version-history":[{"count":2,"href":"https:\/\/wordpress.callac.online\/index.php\/wp-json\/wp\/v2\/pages\/349\/revisions"}],"predecessor-version":[{"id":2896,"href":"https:\/\/wordpress.callac.online\/index.php\/wp-json\/wp\/v2\/pages\/349\/revisions\/2896"}],"up":[{"embeddable":true,"href":"https:\/\/wordpress.callac.online\/index.php\/wp-json\/wp\/v2\/pages\/1004"}],"wp:attachment":[{"href":"https:\/\/wordpress.callac.online\/index.php\/wp-json\/wp\/v2\/media?parent=349"}],"curies":[{"name":"wp","href":"https:\/\/api.w.org\/{rel}","templated":true}]}}