{"id":3491,"date":"2023-06-23T16:25:00","date_gmt":"2023-06-23T14:25:12","guid":{"rendered":"https:\/\/wordpress.callac.online\/index.php\/numerique\/arduino\/arduino-au-lycee\/nos-outils-numeriques\/creer-un-circuit-avec-tinkercad\/"},"modified":"2023-06-29T17:20:04","modified_gmt":"2023-06-29T15:20:04","slug":"premiers-circuit-tinkercad","status":"publish","type":"page","link":"https:\/\/wordpress.callac.online\/index.php\/numerique\/arduino\/arduino-au-lycee\/premiers-circuit-tinkercad\/","title":{"rendered":"Mes premiers circuits avec Tinkercad"},"content":{"rendered":"\n<h4 class=\"wp-block-heading\">Introduction<\/h4>\n\n\n\n<figure class=\"wp-block-embed is-type-video is-provider-youtube wp-block-embed-youtube wp-embed-aspect-16-9 wp-has-aspect-ratio\"><div class=\"wp-block-embed__wrapper\">\n<iframe loading=\"lazy\" title=\"0) Introduction\" width=\"900\" height=\"506\" src=\"https:\/\/www.youtube.com\/embed\/qXequL-L7EU?feature=oembed\" frameborder=\"0\" allow=\"accelerometer; autoplay; clipboard-write; encrypted-media; gyroscope; picture-in-picture; web-share\" allowfullscreen><\/iframe>\n<\/div><\/figure>\n\n\n\n<h3 class=\"wp-block-heading\">1) Cr\u00e9er un compte Tinkercad<\/h3>\n\n\n\n<figure class=\"wp-block-embed is-type-video is-provider-youtube wp-block-embed-youtube wp-embed-aspect-16-9 wp-has-aspect-ratio\"><div class=\"wp-block-embed__wrapper\">\n<iframe loading=\"lazy\" title=\"1) Cr\u00e9er un compte Tinkercad\" width=\"900\" height=\"506\" src=\"https:\/\/www.youtube.com\/embed\/LwHS9ZmzD1Y?feature=oembed\" frameborder=\"0\" allow=\"accelerometer; autoplay; clipboard-write; encrypted-media; gyroscope; picture-in-picture; web-share\" allowfullscreen><\/iframe>\n<\/div><\/figure>\n\n\n\n<h4 class=\"wp-block-heading\">L&rsquo;essentiel<\/h4>\n\n\n\n<ul class=\"wp-block-list\">\n<li>Se cr\u00e9er un compte si vous avez plus de 14 ans.<\/li>\n\n\n\n<li>Sinon, le faire avec vos parents.<\/li>\n\n\n\n<li>Sinon, utiliser le code classe et le pseudo fourni.<\/li>\n\n\n\n<li>M\u00eame depuis votre compte individuel, vous pouvez int\u00e9grer la classe pour partager vos projets avec moi.<\/li>\n<\/ul>\n\n\n\n<h4 class=\"wp-block-heading\">Si vous \u00eates curieux &#8230;<\/h4>\n\n\n\n<ul class=\"wp-block-list\">\n<li>Concevoir un projet 3D<\/li>\n<\/ul>\n\n\n\n<h3 class=\"wp-block-heading\">2) Un premier circuit<\/h3>\n\n\n\n<figure class=\"wp-block-embed is-type-video is-provider-youtube wp-block-embed-youtube wp-embed-aspect-16-9 wp-has-aspect-ratio\"><div class=\"wp-block-embed__wrapper\">\n<iframe loading=\"lazy\" title=\"2) Un premier circuit\" width=\"900\" height=\"506\" src=\"https:\/\/www.youtube.com\/embed\/RZeIUIfyxn4?feature=oembed\" frameborder=\"0\" allow=\"accelerometer; autoplay; clipboard-write; encrypted-media; gyroscope; picture-in-picture; web-share\" allowfullscreen><\/iframe>\n<\/div><\/figure>\n\n\n\n<h4 class=\"wp-block-heading\">L&rsquo;essentiel<\/h4>\n\n\n\n<ul class=\"wp-block-list\">\n<li>Un circuit \u00e9lectrique est compos\u00e9 d&rsquo;au moins une alimentation et d&rsquo;un composant utilisant le courant \u00e9lectrique<\/li>\n\n\n\n<li>L&rsquo;alimentation poss\u00e8de une borne positive (en rouge) et une borne n\u00e9gative (en noir).<\/li>\n\n\n\n<li>Le courant ne circule que lorsque le circuit est ferm\u00e9.<\/li>\n\n\n\n<li>Prendre l&rsquo;habitude de mettre en rouge le fil sortant de la borne positive et en noir celui sortant de la borne n\u00e9gative.<\/li>\n<\/ul>\n\n\n\n<h4 class=\"wp-block-heading\">Si vous \u00eates curieux &#8230;<\/h4>\n\n\n\n<ul class=\"wp-block-list\">\n<li>Comment cr\u00e9er une pile avec un citron.<\/li>\n<\/ul>\n\n\n\n<h3 class=\"wp-block-heading\">3) Le sens du courant<\/h3>\n\n\n\n<figure class=\"wp-block-embed is-type-video is-provider-youtube wp-block-embed-youtube wp-embed-aspect-16-9 wp-has-aspect-ratio\"><div class=\"wp-block-embed__wrapper\">\n<iframe loading=\"lazy\" title=\"3) Le sens du courant\" width=\"900\" height=\"506\" src=\"https:\/\/www.youtube.com\/embed\/1Q7jAhbQNJA?feature=oembed\" frameborder=\"0\" allow=\"accelerometer; autoplay; clipboard-write; encrypted-media; gyroscope; picture-in-picture; web-share\" allowfullscreen><\/iframe>\n<\/div><\/figure>\n\n\n\n<h4 class=\"wp-block-heading\">L&rsquo;essentiel<\/h4>\n\n\n\n<ul class=\"wp-block-list\">\n<li>Le sens conventionnel du courant est de la borne positive vers la borne n\u00e9gative.<\/li>\n\n\n\n<li>Le sens des \u00e9lectrons est contraire au sens conventionnel.<\/li>\n\n\n\n<li>Une diode ne laisse passer le courant que dans un sens : la barre sur la diode est \u00e0 brancher sur la borne n\u00e9gative<\/li>\n\n\n\n<li>A+ \/ C- : anode sur le +, cathode sur le -.<\/li>\n<\/ul>\n\n\n\n<h4 class=\"wp-block-heading\">Si vous \u00eates curieux &#8230;<\/h4>\n\n\n\n<ul class=\"wp-block-list\">\n<li>Thal\u00e8s de Millet s&rsquo;est aussi int\u00e9ress\u00e9 \u00e1 l&rsquo;\u00e9lectricit\u00e9.<\/li>\n\n\n\n<li>Quel est le lien entre l&rsquo;ambre et l&rsquo;\u00e9lectricit\u00e9 ?<\/li>\n\n\n\n<li>Pourquoi le sens conventionnel du courant n&rsquo;est pas celui des \u00e9lectrons ?<\/li>\n<\/ul>\n\n\n\n<h3 class=\"wp-block-heading\">4) Attention au court-circuit<\/h3>\n\n\n\n<figure class=\"wp-block-embed is-type-video is-provider-youtube wp-block-embed-youtube wp-embed-aspect-16-9 wp-has-aspect-ratio\"><div class=\"wp-block-embed__wrapper\">\n<iframe loading=\"lazy\" title=\"4) Attention au court-circuit\" width=\"900\" height=\"506\" src=\"https:\/\/www.youtube.com\/embed\/XRLka5I2l48?feature=oembed\" frameborder=\"0\" allow=\"accelerometer; autoplay; clipboard-write; encrypted-media; gyroscope; picture-in-picture; web-share\" allowfullscreen><\/iframe>\n<\/div><\/figure>\n\n\n\n<h4 class=\"wp-block-heading\">L&rsquo;essentiel<\/h4>\n\n\n\n<ul class=\"wp-block-list\">\n<li>Une alimentation doit \u00eatre adapt\u00e9e au circuit que l&rsquo;on veut cr\u00e9er.<\/li>\n\n\n\n<li>Si elle est trop forte, on abime les composants.<\/li>\n\n\n\n<li>Si elle est trop faible, le courant ne permettra pas de faire fonctionner les composants.<\/li>\n\n\n\n<li>Lorsqu&rsquo;on relie directement les deux bornes de l&rsquo;alimentation, on provoque un court-circuit : les fils vont chauffer et l&rsquo;alimentation s&rsquo;abimer.<\/li>\n\n\n\n<li><mark style=\"background-color:rgba(0, 0, 0, 0)\" class=\"has-inline-color has-vivid-red-color\"><strong>Il faut prendre soin de ne pas provoquer un court-circuit !<\/strong><\/mark><\/li>\n\n\n\n<li>Une led  (diode \u00e9lectroluminescente) a un sens : la patte tordue (anode) vers le +.<\/li>\n\n\n\n<li>Une r\u00e9sistance est un composant qui sert \u00e0 limiter le courant.<\/li>\n\n\n\n<li>Pour prot\u00e9ger une led, on rajoute dans le circuit une r\u00e9sistance de quelques centaines d&rsquo;ohms. <\/li>\n<\/ul>\n\n\n\n<h4 class=\"wp-block-heading\">Si vous \u00eates curieux &#8230;<\/h4>\n\n\n\n<ul class=\"wp-block-list\">\n<li>La tension et l&rsquo;intensit\u00e9, c&rsquo;est quoi ?<\/li>\n\n\n\n<li>Comment fonctionne une led ?<\/li>\n\n\n\n<li>Le code couleur des r\u00e9sistances<\/li>\n<\/ul>\n\n\n\n<h3 class=\"wp-block-heading\">5) Arduino comme une pile<\/h3>\n\n\n\n<figure class=\"wp-block-embed is-type-video is-provider-youtube wp-block-embed-youtube wp-embed-aspect-16-9 wp-has-aspect-ratio\"><div class=\"wp-block-embed__wrapper\">\n<iframe loading=\"lazy\" title=\"5) Arduino comme une pile\" width=\"900\" height=\"506\" src=\"https:\/\/www.youtube.com\/embed\/6CxWN_s-qYs?feature=oembed\" frameborder=\"0\" allow=\"accelerometer; autoplay; clipboard-write; encrypted-media; gyroscope; picture-in-picture; web-share\" allowfullscreen><\/iframe>\n<\/div><\/figure>\n\n\n\n<h4 class=\"wp-block-heading\">L&rsquo;essentiel<\/h4>\n\n\n\n<ul class=\"wp-block-list\">\n<li>On peut utiliser Arduino comme une pile 5V ou 3,3V.<\/li>\n\n\n\n<li>La plaque dispose de 3 bornes n\u00e9gatives not\u00e9es GND (Terre). Elles sont reli\u00e9es entre elles.<\/li>\n\n\n\n<li>La plaque sera aliment\u00e9e quand elle sera connect\u00e9e \u00e0 l&rsquo;ordinateur ou \u00e0 un chargeur via USB.<\/li>\n\n\n\n<li>Il est conseill\u00e9 de ne pas faire de branchement quand la plaque est aliment\u00e9e.<\/li>\n<\/ul>\n\n\n\n<h4 class=\"wp-block-heading\">Si vous \u00eates curieux &#8230;<\/h4>\n\n\n\n<ul class=\"wp-block-list\">\n<li>Comment alimenter Arduino avec une alimentation externe.<\/li>\n<\/ul>\n\n\n\n<h3 class=\"wp-block-heading\">6) Connections et protoboard<\/h3>\n\n\n\n<figure class=\"wp-block-embed is-type-video is-provider-youtube wp-block-embed-youtube wp-embed-aspect-16-9 wp-has-aspect-ratio\"><div class=\"wp-block-embed__wrapper\">\n<iframe loading=\"lazy\" title=\"6) Connections et protoboard\" width=\"900\" height=\"506\" src=\"https:\/\/www.youtube.com\/embed\/ADhmeCwVWpw?feature=oembed\" frameborder=\"0\" allow=\"accelerometer; autoplay; clipboard-write; encrypted-media; gyroscope; picture-in-picture; web-share\" allowfullscreen><\/iframe>\n<\/div><\/figure>\n\n\n\n<h4 class=\"wp-block-heading\">L&rsquo;essentiel<\/h4>\n\n\n\n<ul class=\"wp-block-list\">\n<li>Il y a deux types de terminaisons pour les fils : m\u00e2les (un fil) et femelles (un trou).<\/li>\n\n\n\n<li>Il y a trois types de fils : M\/M, M\/F et F\/F.<\/li>\n\n\n\n<li>Un protoboard est compos\u00e9e de trous reli\u00e9s ou non entre eux.<\/li>\n\n\n\n<li>Il sert \u00e0 convecoir un circuit sans avoir \u00e0 souder.<\/li>\n\n\n\n<li>Les grands lignes horizontales servent \u00e0 l&rsquo;alimentation.<\/li>\n\n\n\n<li>Pour le reste, chaque ligne verticale de 5 trous sont connect\u00e9s.<\/li>\n\n\n\n<li>La partie centrale s\u00e9pare les deux parties du protoboard.<\/li>\n<\/ul>\n\n\n\n<h4 class=\"wp-block-heading\">Si vous \u00eates curieux &#8230;<\/h4>\n\n\n\n<ul class=\"wp-block-list\">\n<li>C&rsquo;est quoi un protoshield pour Arduino ?<\/li>\n<\/ul>\n\n\n\n<h3 class=\"wp-block-heading\">7) Le bouton-poussoir<\/h3>\n\n\n\n<figure class=\"wp-block-embed is-type-video is-provider-youtube wp-block-embed-youtube wp-embed-aspect-16-9 wp-has-aspect-ratio\"><div class=\"wp-block-embed__wrapper\">\n<iframe loading=\"lazy\" title=\"7) Le bouton-poussoir\" width=\"900\" height=\"506\" src=\"https:\/\/www.youtube.com\/embed\/uzcKWf-vHAs?feature=oembed\" frameborder=\"0\" allow=\"accelerometer; autoplay; clipboard-write; encrypted-media; gyroscope; picture-in-picture; web-share\" allowfullscreen><\/iframe>\n<\/div><\/figure>\n\n\n\n<h4 class=\"wp-block-heading\">L&rsquo;essentiel<\/h4>\n\n\n\n<ul class=\"wp-block-list\">\n<li>On branche le bouton poussoir \u00e0 cheval sur la partie centrale du protoboard, les \u00ab\u00a0pinces\u00a0\u00bb tourn\u00e9es vers le centre.<\/li>\n\n\n\n<li>Les pattes se faisant face sont toujours connect\u00e9es.<\/li>\n\n\n\n<li>Les parties gauche et droite ne le seront que que si le bouton est appuy\u00e9.<\/li>\n\n\n\n<li>D\u00e8s qu&rsquo;on arr\u00eate la pression sur le bouton, le circuit est ouvert \u00e0 cet endroit.<\/li>\n<\/ul>\n\n\n\n<h4 class=\"wp-block-heading\">Si vous \u00eates curieux &#8230;<\/h4>\n\n\n\n<ul class=\"wp-block-list\">\n<li>les montages pull-up et pull-down<\/li>\n<\/ul>\n\n\n\n<h3 class=\"wp-block-heading\">8) La led RGB<\/h3>\n\n\n\n<figure class=\"wp-block-embed is-type-video is-provider-youtube wp-block-embed-youtube wp-embed-aspect-16-9 wp-has-aspect-ratio\"><div class=\"wp-block-embed__wrapper\">\n<iframe loading=\"lazy\" title=\"8) La led RGB\" width=\"900\" height=\"506\" src=\"https:\/\/www.youtube.com\/embed\/CcsPioST6qc?feature=oembed\" frameborder=\"0\" allow=\"accelerometer; autoplay; clipboard-write; encrypted-media; gyroscope; picture-in-picture; web-share\" allowfullscreen><\/iframe>\n<\/div><\/figure>\n\n\n\n<h4 class=\"wp-block-heading\">L&rsquo;essentiel<\/h4>\n\n\n\n<ul class=\"wp-block-list\">\n<li>Une led RGB ou RVB est un assemblage de trois leds (rouge, vert, bleu).<\/li>\n\n\n\n<li>Il y a 4 pattes : une par couleur et une derni\u00e8re : la cathode commune ou l&rsquo;anode commune selon les mod\u00e8les.<\/li>\n\n\n\n<li>La patte la plus longue est la patte commune.<\/li>\n\n\n\n<li>Pour prot\u00e9ger chaque couleur, il faut utiliser 3 leds de quelques centaines d&rsquo;ohms.<\/li>\n\n\n\n<li>Selon les combinaisons, on obtient des couleurs diff\u00e9rentes.<\/li>\n\n\n\n<li>Le m\u00e9lange des trois couleurs donne la couleur blanche.<\/li>\n<\/ul>\n\n\n\n<h4 class=\"wp-block-heading\">Si vous \u00eates curieux &#8230;<\/h4>\n\n\n\n<ul class=\"wp-block-list\">\n<li>Les diff\u00e9rentes repr\u00e9sentations de la couleur<\/li>\n<\/ul>\n","protected":false},"excerpt":{"rendered":"<p>Introduction 1) Cr\u00e9er un compte Tinkercad L&rsquo;essentiel Si vous \u00eates curieux &#8230; 2) Un premier circuit L&rsquo;essentiel Si vous \u00eates curieux &#8230; 3) Le sens du courant L&rsquo;essentiel Si vous&hellip;<\/p>\n","protected":false},"author":1,"featured_media":0,"parent":264,"menu_order":0,"comment_status":"closed","ping_status":"closed","template":"","meta":{"footnotes":""},"class_list":["post-3491","page","type-page","status-publish","hentry"],"yoast_head":"<!-- This site is optimized with the Yoast SEO plugin v27.1.1 - https:\/\/yoast.com\/product\/yoast-seo-wordpress\/ -->\n<title>Mes premiers circuits avec Tinkercad - Maths &amp; Num\u00e9rique<\/title>\n<meta name=\"robots\" content=\"index, follow, max-snippet:-1, max-image-preview:large, max-video-preview:-1\" \/>\n<link rel=\"canonical\" href=\"https:\/\/wordpress.callac.online\/index.php\/numerique\/arduino\/arduino-au-lycee\/premiers-circuit-tinkercad\/\" \/>\n<meta property=\"og:locale\" content=\"fr_FR\" \/>\n<meta property=\"og:type\" content=\"article\" \/>\n<meta property=\"og:title\" content=\"Mes premiers circuits avec Tinkercad - Maths &amp; Num\u00e9rique\" \/>\n<meta property=\"og:description\" content=\"Introduction 1) Cr\u00e9er un compte Tinkercad L&rsquo;essentiel Si vous \u00eates curieux &#8230; 2) Un premier circuit L&rsquo;essentiel Si vous \u00eates curieux &#8230; 3) Le sens du courant L&rsquo;essentiel Si vous&hellip;\" \/>\n<meta property=\"og:url\" content=\"https:\/\/wordpress.callac.online\/index.php\/numerique\/arduino\/arduino-au-lycee\/premiers-circuit-tinkercad\/\" \/>\n<meta property=\"og:site_name\" content=\"Maths &amp; Num\u00e9rique\" \/>\n<meta property=\"article:modified_time\" content=\"2023-06-29T15:20:04+00:00\" \/>\n<meta name=\"twitter:card\" content=\"summary_large_image\" \/>\n<meta name=\"twitter:label1\" content=\"Dur\u00e9e de lecture estim\u00e9e\" \/>\n\t<meta name=\"twitter:data1\" content=\"4 minutes\" \/>\n<script type=\"application\/ld+json\" class=\"yoast-schema-graph\">{\"@context\":\"https:\/\/schema.org\",\"@graph\":[{\"@type\":\"WebPage\",\"@id\":\"https:\/\/wordpress.callac.online\/index.php\/numerique\/arduino\/arduino-au-lycee\/premiers-circuit-tinkercad\/\",\"url\":\"https:\/\/wordpress.callac.online\/index.php\/numerique\/arduino\/arduino-au-lycee\/premiers-circuit-tinkercad\/\",\"name\":\"Mes premiers circuits avec Tinkercad - Maths &amp; Num\u00e9rique\",\"isPartOf\":{\"@id\":\"https:\/\/wordpress.callac.online\/#website\"},\"datePublished\":\"2023-06-23T14:25:12+00:00\",\"dateModified\":\"2023-06-29T15:20:04+00:00\",\"breadcrumb\":{\"@id\":\"https:\/\/wordpress.callac.online\/index.php\/numerique\/arduino\/arduino-au-lycee\/premiers-circuit-tinkercad\/#breadcrumb\"},\"inLanguage\":\"fr-FR\",\"potentialAction\":[{\"@type\":\"ReadAction\",\"target\":[\"https:\/\/wordpress.callac.online\/index.php\/numerique\/arduino\/arduino-au-lycee\/premiers-circuit-tinkercad\/\"]}]},{\"@type\":\"BreadcrumbList\",\"@id\":\"https:\/\/wordpress.callac.online\/index.php\/numerique\/arduino\/arduino-au-lycee\/premiers-circuit-tinkercad\/#breadcrumb\",\"itemListElement\":[{\"@type\":\"ListItem\",\"position\":1,\"name\":\"Accueil\",\"item\":\"https:\/\/wordpress.callac.online\/\"},{\"@type\":\"ListItem\",\"position\":2,\"name\":\"Num\u00e9rique\",\"item\":\"https:\/\/wordpress.callac.online\/index.php\/numerique\/\"},{\"@type\":\"ListItem\",\"position\":3,\"name\":\"Arduino\",\"item\":\"https:\/\/wordpress.callac.online\/index.php\/numerique\/arduino\/\"},{\"@type\":\"ListItem\",\"position\":4,\"name\":\"Arduino au lyc\u00e9e\",\"item\":\"https:\/\/wordpress.callac.online\/index.php\/numerique\/arduino\/arduino-au-lycee\/\"},{\"@type\":\"ListItem\",\"position\":5,\"name\":\"Mes premiers circuits avec Tinkercad\"}]},{\"@type\":\"WebSite\",\"@id\":\"https:\/\/wordpress.callac.online\/#website\",\"url\":\"https:\/\/wordpress.callac.online\/\",\"name\":\"Maths & Num\u00e9rique\",\"description\":\"Des outils pour les enseignants de math\u00e9matiques et de num\u00e9rique\",\"publisher\":{\"@id\":\"https:\/\/wordpress.callac.online\/#\/schema\/person\/04061f1ca2c2c42039142a704be95940\"},\"potentialAction\":[{\"@type\":\"SearchAction\",\"target\":{\"@type\":\"EntryPoint\",\"urlTemplate\":\"https:\/\/wordpress.callac.online\/?s={search_term_string}\"},\"query-input\":{\"@type\":\"PropertyValueSpecification\",\"valueRequired\":true,\"valueName\":\"search_term_string\"}}],\"inLanguage\":\"fr-FR\"},{\"@type\":[\"Person\",\"Organization\"],\"@id\":\"https:\/\/wordpress.callac.online\/#\/schema\/person\/04061f1ca2c2c42039142a704be95940\",\"name\":\"dlefur\",\"image\":{\"@type\":\"ImageObject\",\"inLanguage\":\"fr-FR\",\"@id\":\"https:\/\/wordpress.callac.online\/#\/schema\/person\/image\/\",\"url\":\"https:\/\/secure.gravatar.com\/avatar\/4a9e17be136808c6597f28aa2b6c13126dab066fdc2198ff60090972c9b7fafc?s=96&d=mm&r=g\",\"contentUrl\":\"https:\/\/secure.gravatar.com\/avatar\/4a9e17be136808c6597f28aa2b6c13126dab066fdc2198ff60090972c9b7fafc?s=96&d=mm&r=g\",\"caption\":\"dlefur\"},\"logo\":{\"@id\":\"https:\/\/wordpress.callac.online\/#\/schema\/person\/image\/\"},\"description\":\"Enseignant de math\u00e9matiques Lyc\u00e9e Pasteur S\u00e3o Paulo\",\"sameAs\":[\"http:\/\/wordpress.callac.online\"]}]}<\/script>\n<!-- \/ Yoast SEO plugin. -->","yoast_head_json":{"title":"Mes premiers circuits avec Tinkercad - Maths &amp; Num\u00e9rique","robots":{"index":"index","follow":"follow","max-snippet":"max-snippet:-1","max-image-preview":"max-image-preview:large","max-video-preview":"max-video-preview:-1"},"canonical":"https:\/\/wordpress.callac.online\/index.php\/numerique\/arduino\/arduino-au-lycee\/premiers-circuit-tinkercad\/","og_locale":"fr_FR","og_type":"article","og_title":"Mes premiers circuits avec Tinkercad - Maths &amp; Num\u00e9rique","og_description":"Introduction 1) Cr\u00e9er un compte Tinkercad L&rsquo;essentiel Si vous \u00eates curieux &#8230; 2) Un premier circuit L&rsquo;essentiel Si vous \u00eates curieux &#8230; 3) Le sens du courant L&rsquo;essentiel Si vous&hellip;","og_url":"https:\/\/wordpress.callac.online\/index.php\/numerique\/arduino\/arduino-au-lycee\/premiers-circuit-tinkercad\/","og_site_name":"Maths &amp; Num\u00e9rique","article_modified_time":"2023-06-29T15:20:04+00:00","twitter_card":"summary_large_image","twitter_misc":{"Dur\u00e9e de lecture estim\u00e9e":"4 minutes"},"schema":{"@context":"https:\/\/schema.org","@graph":[{"@type":"WebPage","@id":"https:\/\/wordpress.callac.online\/index.php\/numerique\/arduino\/arduino-au-lycee\/premiers-circuit-tinkercad\/","url":"https:\/\/wordpress.callac.online\/index.php\/numerique\/arduino\/arduino-au-lycee\/premiers-circuit-tinkercad\/","name":"Mes premiers circuits avec Tinkercad - Maths &amp; Num\u00e9rique","isPartOf":{"@id":"https:\/\/wordpress.callac.online\/#website"},"datePublished":"2023-06-23T14:25:12+00:00","dateModified":"2023-06-29T15:20:04+00:00","breadcrumb":{"@id":"https:\/\/wordpress.callac.online\/index.php\/numerique\/arduino\/arduino-au-lycee\/premiers-circuit-tinkercad\/#breadcrumb"},"inLanguage":"fr-FR","potentialAction":[{"@type":"ReadAction","target":["https:\/\/wordpress.callac.online\/index.php\/numerique\/arduino\/arduino-au-lycee\/premiers-circuit-tinkercad\/"]}]},{"@type":"BreadcrumbList","@id":"https:\/\/wordpress.callac.online\/index.php\/numerique\/arduino\/arduino-au-lycee\/premiers-circuit-tinkercad\/#breadcrumb","itemListElement":[{"@type":"ListItem","position":1,"name":"Accueil","item":"https:\/\/wordpress.callac.online\/"},{"@type":"ListItem","position":2,"name":"Num\u00e9rique","item":"https:\/\/wordpress.callac.online\/index.php\/numerique\/"},{"@type":"ListItem","position":3,"name":"Arduino","item":"https:\/\/wordpress.callac.online\/index.php\/numerique\/arduino\/"},{"@type":"ListItem","position":4,"name":"Arduino au lyc\u00e9e","item":"https:\/\/wordpress.callac.online\/index.php\/numerique\/arduino\/arduino-au-lycee\/"},{"@type":"ListItem","position":5,"name":"Mes premiers circuits avec Tinkercad"}]},{"@type":"WebSite","@id":"https:\/\/wordpress.callac.online\/#website","url":"https:\/\/wordpress.callac.online\/","name":"Maths & Num\u00e9rique","description":"Des outils pour les enseignants de math\u00e9matiques et de num\u00e9rique","publisher":{"@id":"https:\/\/wordpress.callac.online\/#\/schema\/person\/04061f1ca2c2c42039142a704be95940"},"potentialAction":[{"@type":"SearchAction","target":{"@type":"EntryPoint","urlTemplate":"https:\/\/wordpress.callac.online\/?s={search_term_string}"},"query-input":{"@type":"PropertyValueSpecification","valueRequired":true,"valueName":"search_term_string"}}],"inLanguage":"fr-FR"},{"@type":["Person","Organization"],"@id":"https:\/\/wordpress.callac.online\/#\/schema\/person\/04061f1ca2c2c42039142a704be95940","name":"dlefur","image":{"@type":"ImageObject","inLanguage":"fr-FR","@id":"https:\/\/wordpress.callac.online\/#\/schema\/person\/image\/","url":"https:\/\/secure.gravatar.com\/avatar\/4a9e17be136808c6597f28aa2b6c13126dab066fdc2198ff60090972c9b7fafc?s=96&d=mm&r=g","contentUrl":"https:\/\/secure.gravatar.com\/avatar\/4a9e17be136808c6597f28aa2b6c13126dab066fdc2198ff60090972c9b7fafc?s=96&d=mm&r=g","caption":"dlefur"},"logo":{"@id":"https:\/\/wordpress.callac.online\/#\/schema\/person\/image\/"},"description":"Enseignant de math\u00e9matiques Lyc\u00e9e Pasteur S\u00e3o Paulo","sameAs":["http:\/\/wordpress.callac.online"]}]}},"_links":{"self":[{"href":"https:\/\/wordpress.callac.online\/index.php\/wp-json\/wp\/v2\/pages\/3491","targetHints":{"allow":["GET"]}}],"collection":[{"href":"https:\/\/wordpress.callac.online\/index.php\/wp-json\/wp\/v2\/pages"}],"about":[{"href":"https:\/\/wordpress.callac.online\/index.php\/wp-json\/wp\/v2\/types\/page"}],"author":[{"embeddable":true,"href":"https:\/\/wordpress.callac.online\/index.php\/wp-json\/wp\/v2\/users\/1"}],"replies":[{"embeddable":true,"href":"https:\/\/wordpress.callac.online\/index.php\/wp-json\/wp\/v2\/comments?post=3491"}],"version-history":[{"count":15,"href":"https:\/\/wordpress.callac.online\/index.php\/wp-json\/wp\/v2\/pages\/3491\/revisions"}],"predecessor-version":[{"id":3526,"href":"https:\/\/wordpress.callac.online\/index.php\/wp-json\/wp\/v2\/pages\/3491\/revisions\/3526"}],"up":[{"embeddable":true,"href":"https:\/\/wordpress.callac.online\/index.php\/wp-json\/wp\/v2\/pages\/264"}],"wp:attachment":[{"href":"https:\/\/wordpress.callac.online\/index.php\/wp-json\/wp\/v2\/media?parent=3491"}],"curies":[{"name":"wp","href":"https:\/\/api.w.org\/{rel}","templated":true}]}}