{"id":3494,"date":"2023-06-23T16:27:00","date_gmt":"2023-06-23T14:27:20","guid":{"rendered":"https:\/\/wordpress.callac.online\/index.php\/numerique\/arduino\/arduino-au-lycee\/debuter-avec-arduino-ide\/"},"modified":"2023-07-08T23:20:41","modified_gmt":"2023-07-08T21:20:41","slug":"arduino-sorties-tinkercad","status":"publish","type":"page","link":"https:\/\/wordpress.callac.online\/index.php\/numerique\/arduino\/arduino-au-lycee\/arduino-sorties-tinkercad\/","title":{"rendered":"Programmer les sorties Arduino depuis Tinkercad"},"content":{"rendered":"\n<h3 class=\"wp-block-heading\">Introduction<\/h3>\n\n\n\n<figure class=\"wp-block-embed is-type-video is-provider-youtube wp-block-embed-youtube wp-embed-aspect-16-9 wp-has-aspect-ratio\"><div class=\"wp-block-embed__wrapper\">\n<iframe loading=\"lazy\" title=\"0) Introduction\" width=\"900\" height=\"506\" src=\"https:\/\/www.youtube.com\/embed\/PhcwQybVzxI?feature=oembed\" frameborder=\"0\" allow=\"accelerometer; autoplay; clipboard-write; encrypted-media; gyroscope; picture-in-picture; web-share\" allowfullscreen><\/iframe>\n<\/div><\/figure>\n\n\n\n<h3 class=\"wp-block-heading\">1) Installer Arduino IDE<\/h3>\n\n\n\n<figure class=\"wp-block-embed is-type-video is-provider-youtube wp-block-embed-youtube wp-embed-aspect-16-9 wp-has-aspect-ratio\"><div class=\"wp-block-embed__wrapper\">\n<iframe loading=\"lazy\" title=\"1) Installer Arduino IDE\" width=\"900\" height=\"506\" src=\"https:\/\/www.youtube.com\/embed\/L0yPzUnrbqE?feature=oembed\" frameborder=\"0\" allow=\"accelerometer; autoplay; clipboard-write; encrypted-media; gyroscope; picture-in-picture; web-share\" allowfullscreen><\/iframe>\n<\/div><\/figure>\n\n\n\n<h4 class=\"wp-block-heading\">L&rsquo;essentiel<\/h4>\n\n\n\n<ul class=\"wp-block-list\">\n<li>Le lien vers la page de t\u00e9l\u00e9chargement : <a href=\"https:\/\/www.arduino.cc\/en\/software\" target=\"_blank\" rel=\"noreferrer noopener\">https:\/\/www.arduino.cc\/en\/software<\/a><\/li>\n\n\n\n<li>Sous Windows, donner l&rsquo;autorisation d&rsquo;installer les drivers additionnels.<\/li>\n<\/ul>\n\n\n\n<h4 class=\"wp-block-heading\">Si vous \u00eates curieux &#8230;<\/h4>\n\n\n\n<ul class=\"wp-block-list\">\n<li>Tester l&rsquo;interface en ligne d&rsquo;Arduino : <a href=\"https:\/\/create.arduino.cc\/editor\" target=\"_blank\" rel=\"noreferrer noopener\">https:\/\/create.arduino.cc\/editor<\/a><\/li>\n<\/ul>\n\n\n\n<h3 class=\"wp-block-heading\">2) Faire clignoter la led int\u00e9gr\u00e9e (Digital Output)<\/h3>\n\n\n\n<figure class=\"wp-block-embed is-type-video is-provider-youtube wp-block-embed-youtube wp-embed-aspect-16-9 wp-has-aspect-ratio\"><div class=\"wp-block-embed__wrapper\">\n<iframe loading=\"lazy\" title=\"2) Faire clignoter la led int\u00e9gr\u00e9e\" width=\"900\" height=\"506\" src=\"https:\/\/www.youtube.com\/embed\/YCACG7zLM28?feature=oembed\" frameborder=\"0\" allow=\"accelerometer; autoplay; clipboard-write; encrypted-media; gyroscope; picture-in-picture; web-share\" allowfullscreen><\/iframe>\n<\/div><\/figure>\n\n\n\n<h4 class=\"wp-block-heading\">L&rsquo;essentiel<\/h4>\n\n\n\n<ul class=\"wp-block-list\">\n<li>Cette led int\u00e9gr\u00e9e est connect\u00e9e \u00e0 la patte D13.<\/li>\n\n\n\n<li>Par d\u00e9faut, Tinkercad propose un programme qui la fait clignoter.<\/li>\n\n\n\n<li>L&rsquo;instruction <strong>pinMode<\/strong> permet de dire si la patte est une entr\u00e9e ou une sortie.<\/li>\n\n\n\n<li>L&rsquo;instruction <strong>digitalWrite<\/strong> permet de mettre cett patte au niveau HAUT (sous tension) ou BAS (reli\u00e9 \u00e0 la masse).<\/li>\n\n\n\n<li><mark style=\"background-color:rgba(0, 0, 0, 0)\" class=\"has-inline-color has-vivid-red-color\"><strong>Il est conseill\u00e9 de cr\u00e9er un nouveau fichier depuis Arduino, puis d&rsquo;y copier le code cr\u00e9\u00e9 par Tinkercad. Arduino IDE cr\u00e9e un dossier dans lequel se trouve le fichier (ino) du m\u00eame nom.<\/strong><\/mark><\/li>\n<\/ul>\n\n\n\n<h4 class=\"wp-block-heading\">Si vous \u00eates curieux &#8230;<\/h4>\n\n\n\n<ul class=\"wp-block-list\">\n<li>Brancher une led avec sa r\u00e9sistance sur la patte D13 et voir comment elle r\u00e9agit avec ce programme.<\/li>\n<\/ul>\n\n\n\n<h3 class=\"wp-block-heading\">3) Faire clignoter deux leds (Digital Output)<\/h3>\n\n\n\n<figure class=\"wp-block-embed is-type-video is-provider-youtube wp-block-embed-youtube wp-embed-aspect-16-9 wp-has-aspect-ratio\"><div class=\"wp-block-embed__wrapper\">\n<iframe loading=\"lazy\" title=\"3) Faire clignoter deux leds\" width=\"900\" height=\"506\" src=\"https:\/\/www.youtube.com\/embed\/_usKU-O9W8w?feature=oembed\" frameborder=\"0\" allow=\"accelerometer; autoplay; clipboard-write; encrypted-media; gyroscope; picture-in-picture; web-share\" allowfullscreen><\/iframe>\n<\/div><\/figure>\n\n\n\n<h4 class=\"wp-block-heading\">L&rsquo;essentiel<\/h4>\n\n\n\n<ul class=\"wp-block-list\">\n<li>Ne pas oublier de mettre des r\u00e9sistances (330 ohms ou autre).<\/li>\n<\/ul>\n\n\n\n<h4 class=\"wp-block-heading\">Si vous \u00eates curieux &#8230;<\/h4>\n\n\n\n<ul class=\"wp-block-list\">\n<li>Changer la s\u00e9quence de clignotement.<\/li>\n\n\n\n<li>Ajouter une troisi\u00e8me led, une quatri\u00e8me &#8230;<\/li>\n<\/ul>\n\n\n\n<h3 class=\"wp-block-heading\">4) Faire varier l&rsquo;intensit\u00e9 d&rsquo;une led (PWM)<\/h3>\n\n\n\n<figure class=\"wp-block-embed is-type-video is-provider-youtube wp-block-embed-youtube wp-embed-aspect-16-9 wp-has-aspect-ratio\"><div class=\"wp-block-embed__wrapper\">\n<iframe loading=\"lazy\" title=\"4) Faire varier l&#039;intensit\u00e9 d&#039;une led\" width=\"900\" height=\"506\" src=\"https:\/\/www.youtube.com\/embed\/GRR5gunBRmo?feature=oembed\" frameborder=\"0\" allow=\"accelerometer; autoplay; clipboard-write; encrypted-media; gyroscope; picture-in-picture; web-share\" allowfullscreen><\/iframe>\n<\/div><\/figure>\n\n\n\n<h4 class=\"wp-block-heading\">L&rsquo;essentiel<\/h4>\n\n\n\n<ul class=\"wp-block-list\">\n<li>On utilise de la m\u00eame fa\u00e7on l&rsquo;instruction <strong>pinmode<\/strong> pour indiquer que la patte est en sortie.<\/li>\n\n\n\n<li>Pour fixer le niveau, <strong>entre 0 et 255<\/strong>, on utilise l&rsquo;instruction <strong>analogWrite<\/strong>.<\/li>\n<\/ul>\n\n\n\n<h4 class=\"wp-block-heading\">Si vous \u00eates curieux &#8230;<\/h4>\n\n\n\n<ul class=\"wp-block-list\">\n<li>Chercher ce que signifie PWM.<\/li>\n\n\n\n<li>Utiliser une ou plusieurs boucles.<\/li>\n<\/ul>\n\n\n\n<h3 class=\"wp-block-heading\">5) Programmer une led RGB (PWM)<\/h3>\n\n\n\n<figure class=\"wp-block-embed is-type-video is-provider-youtube wp-block-embed-youtube wp-embed-aspect-16-9 wp-has-aspect-ratio\"><div class=\"wp-block-embed__wrapper\">\n<iframe loading=\"lazy\" title=\"5) Programmer une led RGB\" width=\"900\" height=\"506\" src=\"https:\/\/www.youtube.com\/embed\/NUMiQ7c0V_k?feature=oembed\" frameborder=\"0\" allow=\"accelerometer; autoplay; clipboard-write; encrypted-media; gyroscope; picture-in-picture; web-share\" allowfullscreen><\/iframe>\n<\/div><\/figure>\n\n\n\n<h4 class=\"wp-block-heading\">L&rsquo;essentiel<\/h4>\n\n\n\n<ul class=\"wp-block-list\">\n<li>Revoir comment on branche une led RGB, les r\u00e9sistances, la cathode commune.<\/li>\n\n\n\n<li>On commande chaque niveau de couleurs (Rouge, Vert, Bleu) par les instructions <strong>analogWrite<\/strong>.<\/li>\n\n\n\n<li>Couvrir la led par une feuille, un tissu pour mieux voir la couleur.<\/li>\n\n\n\n<li>Les trois couleurs ne se m\u00e9langent pas tr\u00e8s bien. Cette led est tr\u00e8s basique &#8230;<\/li>\n<\/ul>\n\n\n\n<h4 class=\"wp-block-heading\">Si vous \u00eates curieux &#8230;<\/h4>\n\n\n\n<ul class=\"wp-block-list\">\n<li>Voir le code couleur RGB.<\/li>\n\n\n\n<li>Combien y a-t-il de couleurs possibles ?<\/li>\n\n\n\n<li>Regarder le bloc que propose Tinkercad pour coder une couleur pr\u00e9cise.<\/li>\n<\/ul>\n\n\n\n<h3 class=\"wp-block-heading\">6) Commander un servomoteur (via une librairie)<\/h3>\n\n\n\n<figure class=\"wp-block-embed is-type-video is-provider-youtube wp-block-embed-youtube wp-embed-aspect-16-9 wp-has-aspect-ratio\"><div class=\"wp-block-embed__wrapper\">\n<iframe loading=\"lazy\" title=\"6) Commander un servomoteur\" width=\"900\" height=\"506\" src=\"https:\/\/www.youtube.com\/embed\/AtAVt7ScRSQ?feature=oembed\" frameborder=\"0\" allow=\"accelerometer; autoplay; clipboard-write; encrypted-media; gyroscope; picture-in-picture; web-share\" allowfullscreen><\/iframe>\n<\/div><\/figure>\n\n\n\n<h4 class=\"wp-block-heading\">L&rsquo;essentiel<\/h4>\n\n\n\n<ul class=\"wp-block-list\">\n<li>On a besoin d&rsquo;utiliser la librairie <strong>Servo.h<\/strong> .<\/li>\n\n\n\n<li>L&rsquo;objectif du servomoteur est d&rsquo;orienter l&rsquo;axe dans un angle compris entre 0 et 180 degr\u00e9s.<\/li>\n\n\n\n<li>L&rsquo;alimentation interne d&rsquo;Arduino ne suffit souvent pas. Il faut utiliser une alimentation externe.<\/li>\n\n\n\n<li><strong><mark style=\"background-color:rgba(0, 0, 0, 0)\" class=\"has-inline-color has-vivid-red-color\">En cas d&rsquo;alimentation s\u00e9par\u00e9e, il faut absolument relier la masse de l&rsquo;alimentation avec la masse d&rsquo;Arduino (GND).<\/mark><\/strong><\/li>\n<\/ul>\n\n\n\n<h4 class=\"wp-block-heading\">Si vous \u00eates curieux &#8230;<\/h4>\n\n\n\n<ul class=\"wp-block-list\">\n<li>Commander le servomoteur par une boucle.<\/li>\n\n\n\n<li>Essayer de fixer la base du servomoteur \u00e0 une base.<\/li>\n\n\n\n<li>Essayer de fixer \u00e0 l&rsquo;axe un objet.<\/li>\n\n\n\n<li>Penser \u00e0 fabriquer des pi\u00e8ces par imprimantes 3D (Tinkercad).<\/li>\n<\/ul>\n\n\n\n<h3 class=\"wp-block-heading\">7) Des sons avec un buzzer  (via la fonction tone)<\/h3>\n\n\n\n<figure class=\"wp-block-embed is-type-video is-provider-youtube wp-block-embed-youtube wp-embed-aspect-16-9 wp-has-aspect-ratio\"><div class=\"wp-block-embed__wrapper\">\n<iframe loading=\"lazy\" title=\"7) Des sons avec un buzzer\" width=\"900\" height=\"506\" src=\"https:\/\/www.youtube.com\/embed\/GRZJRN3_zAw?feature=oembed\" frameborder=\"0\" allow=\"accelerometer; autoplay; clipboard-write; encrypted-media; gyroscope; picture-in-picture; web-share\" allowfullscreen><\/iframe>\n<\/div><\/figure>\n\n\n\n<h4 class=\"wp-block-heading\">L&rsquo;essentiel<\/h4>\n\n\n\n<ul class=\"wp-block-list\">\n<li>Il y a un lien entre les tonalit\u00e9s de Tinkercad et les fr\u00e9quences des notes.<\/li>\n\n\n\n<li>On voit la fr\u00e9quence correspondante en regardant le code g\u00e9n\u00e9r\u00e9.<\/li>\n<\/ul>\n\n\n\n<h4 class=\"wp-block-heading\">Si vous \u00eates curieux &#8230;<\/h4>\n\n\n\n<ul class=\"wp-block-list\">\n<li>Se construire un tableau de correspondant entre tonalit\u00e9s, fr\u00e9quences et notes.<\/li>\n\n\n\n<li>Jouer un morceau de musique.<\/li>\n<\/ul>\n\n\n\n<h3 class=\"wp-block-heading\">8) \u00c9crire sur le moniteur s\u00e9rie<\/h3>\n\n\n\n<figure class=\"wp-block-embed is-type-video is-provider-youtube wp-block-embed-youtube wp-embed-aspect-16-9 wp-has-aspect-ratio\"><div class=\"wp-block-embed__wrapper\">\n<iframe loading=\"lazy\" title=\"8) \u00c9crire sur le moniteur s\u00e9rie\" width=\"900\" height=\"506\" src=\"https:\/\/www.youtube.com\/embed\/elOEyxIfE4A?feature=oembed\" frameborder=\"0\" allow=\"accelerometer; autoplay; clipboard-write; encrypted-media; gyroscope; picture-in-picture; web-share\" allowfullscreen><\/iframe>\n<\/div><\/figure>\n\n\n\n<h4 class=\"wp-block-heading\">L&rsquo;essentiel<\/h4>\n\n\n\n<ul class=\"wp-block-list\">\n<li>Il faut faire attention au d\u00e9bit de transmission, par d\u00e9faut 9 600 bauds.<\/li>\n\n\n\n<li>S&rsquo;assurer que cette valeur est la m\u00eame dans le programme et le moniteur s\u00e9rie.<\/li>\n<\/ul>\n\n\n\n<h4 class=\"wp-block-heading\">Si vous \u00eates curieux &#8230;<\/h4>\n\n\n\n<ul class=\"wp-block-list\">\n<li>Que signifie 1 baud ?<\/li>\n\n\n\n<li>Essayer de voir ce qui se passe quand les d\u00e9bits ne co\u00efncident pas.<\/li>\n<\/ul>\n\n\n\n<h3 class=\"wp-block-heading\">9) \u00c9crire sur un \u00e9cran LCD via I2C<\/h3>\n\n\n\n<figure class=\"wp-block-embed is-type-video is-provider-youtube wp-block-embed-youtube wp-embed-aspect-16-9 wp-has-aspect-ratio\"><div class=\"wp-block-embed__wrapper\">\n<iframe loading=\"lazy\" title=\"9) \u00c9crire sur \u00e9cran LCD\" width=\"900\" height=\"506\" src=\"https:\/\/www.youtube.com\/embed\/UzO-YcHtZQU?feature=oembed\" frameborder=\"0\" allow=\"accelerometer; autoplay; clipboard-write; encrypted-media; gyroscope; picture-in-picture; web-share\" allowfullscreen><\/iframe>\n<\/div><\/figure>\n\n\n\n<h4 class=\"wp-block-heading\">L&rsquo;essentiel<\/h4>\n\n\n\n<ul class=\"wp-block-list\">\n<li>On trouver les \u00e9crans LCD avec et sans I2C. <strong><mark style=\"background-color:rgba(0, 0, 0, 0)\" class=\"has-inline-color has-vivid-red-color\">Privil\u00e9gier les \u00e9crans LCD avec I2C pour leur facilit\u00e9 de connexion.<\/mark><\/strong><\/li>\n\n\n\n<li>Le programme fourni par Tinkercad ne permet pas d&rsquo;utiliser un \u00e9cran LCD autre que Adafruit.<\/li>\n\n\n\n<li>Page de t\u00e9l\u00e9chargement de la biblioth\u00e8que LiquidCrystal_I2C : <a href=\"https:\/\/www.arduinolibraries.info\/libraries\/liquid-crystal-i2-c\" target=\"_blank\" rel=\"noreferrer noopener\">https:\/\/www.arduinolibraries.info\/libraries\/liquid-crystal-i2-c<\/a><\/li>\n\n\n\n<li>Veuillez bien ajuster les dimensions de votre \u00e9cran : nombre de colonnes, nombre de lignes.<\/li>\n<\/ul>\n\n\n\n<h4 class=\"wp-block-heading\">Si vous \u00eates curieux &#8230;<\/h4>\n\n\n\n<ul class=\"wp-block-list\">\n<li>S&rsquo;amuser avec toutes les fonctions disponibles, notamment le d\u00e9filement.<\/li>\n\n\n\n<li>S&rsquo;int\u00e9resser au protocole de communication I2C.<\/li>\n<\/ul>\n\n\n\n<h3 class=\"wp-block-heading\">10) Utiliser un relais \u00e9lectrique<\/h3>\n\n\n\n<figure class=\"wp-block-embed is-type-video is-provider-youtube wp-block-embed-youtube wp-embed-aspect-16-9 wp-has-aspect-ratio\"><div class=\"wp-block-embed__wrapper\">\n<iframe loading=\"lazy\" title=\"10) Utiliser un relais \u00e9lectrique\" width=\"900\" height=\"506\" src=\"https:\/\/www.youtube.com\/embed\/L7l6Q9QANW0?feature=oembed\" frameborder=\"0\" allow=\"accelerometer; autoplay; clipboard-write; encrypted-media; gyroscope; picture-in-picture; web-share\" allowfullscreen><\/iframe>\n<\/div><\/figure>\n\n\n\n<h4 class=\"wp-block-heading\">L&rsquo;essentiel<\/h4>\n\n\n\n<ul class=\"wp-block-list\">\n<li>Le relais est une sorte d&rsquo;interrupteur \u00e0 deux positions : NC (normallly closed : avec du courant) et NO (normally opened : sans courant).<\/li>\n\n\n\n<li>On d\u00e9termine la position du relais avec une sortie Arduino.<\/li>\n\n\n\n<li>Les circuits NC et NO peuvent \u00eatre de n&rsquo;importe quel type : courant continu, courant alternatif,  de 0V \u00e0 220 V).<\/li>\n\n\n\n<li><strong><mark style=\"background-color:rgba(0, 0, 0, 0)\" class=\"has-inline-color has-vivid-red-color\">Faire extr\u00eamement attention avec des courants forts : on peut s&rsquo;\u00e9\u013aectrocuter !  Commencer avec des alimentations de faible puissance.<\/mark><\/strong><\/li>\n<\/ul>\n\n\n\n<h4 class=\"wp-block-heading\">Si vous \u00eates curieux &#8230;<\/h4>\n\n\n\n<ul class=\"wp-block-list\">\n<li>Comprendre le principe d&rsquo;un relais \u00e9lectromagn\u00e9tique.<\/li>\n\n\n\n<li>Se servir des deux circuits NC et NO.<\/li>\n\n\n\n<li>Cr\u00e9er des circuits avec le logiciel Fritzing : <a href=\"https:\/\/fritzing.org\/\" target=\"_blank\" rel=\"noreferrer noopener\">https:\/\/fritzing.org\/<\/a><\/li>\n<\/ul>\n","protected":false},"excerpt":{"rendered":"<p>Introduction 1) Installer Arduino IDE L&rsquo;essentiel Si vous \u00eates curieux &#8230; 2) Faire clignoter la led int\u00e9gr\u00e9e (Digital Output) L&rsquo;essentiel Si vous \u00eates curieux &#8230; 3) Faire clignoter deux leds&hellip;<\/p>\n","protected":false},"author":1,"featured_media":0,"parent":264,"menu_order":1,"comment_status":"closed","ping_status":"closed","template":"","meta":{"footnotes":""},"class_list":["post-3494","page","type-page","status-publish","hentry"],"yoast_head":"<!-- This site is optimized with the Yoast SEO plugin v27.1.1 - https:\/\/yoast.com\/product\/yoast-seo-wordpress\/ -->\n<title>Programmer les sorties Arduino depuis Tinkercad - Maths &amp; Num\u00e9rique<\/title>\n<meta name=\"robots\" content=\"index, follow, max-snippet:-1, max-image-preview:large, max-video-preview:-1\" \/>\n<link rel=\"canonical\" href=\"https:\/\/wordpress.callac.online\/index.php\/numerique\/arduino\/arduino-au-lycee\/arduino-sorties-tinkercad\/\" \/>\n<meta property=\"og:locale\" content=\"fr_FR\" \/>\n<meta property=\"og:type\" content=\"article\" \/>\n<meta property=\"og:title\" content=\"Programmer les sorties Arduino depuis Tinkercad - Maths &amp; Num\u00e9rique\" \/>\n<meta property=\"og:description\" content=\"Introduction 1) Installer Arduino IDE L&rsquo;essentiel Si vous \u00eates curieux &#8230; 2) Faire clignoter la led int\u00e9gr\u00e9e (Digital Output) L&rsquo;essentiel Si vous \u00eates curieux &#8230; 3) Faire clignoter deux leds&hellip;\" \/>\n<meta property=\"og:url\" content=\"https:\/\/wordpress.callac.online\/index.php\/numerique\/arduino\/arduino-au-lycee\/arduino-sorties-tinkercad\/\" \/>\n<meta property=\"og:site_name\" content=\"Maths &amp; Num\u00e9rique\" \/>\n<meta property=\"article:modified_time\" content=\"2023-07-08T21:20:41+00:00\" \/>\n<meta name=\"twitter:card\" content=\"summary_large_image\" \/>\n<meta name=\"twitter:label1\" content=\"Dur\u00e9e de lecture estim\u00e9e\" \/>\n\t<meta name=\"twitter:data1\" content=\"4 minutes\" \/>\n<script type=\"application\/ld+json\" class=\"yoast-schema-graph\">{\"@context\":\"https:\/\/schema.org\",\"@graph\":[{\"@type\":\"WebPage\",\"@id\":\"https:\/\/wordpress.callac.online\/index.php\/numerique\/arduino\/arduino-au-lycee\/arduino-sorties-tinkercad\/\",\"url\":\"https:\/\/wordpress.callac.online\/index.php\/numerique\/arduino\/arduino-au-lycee\/arduino-sorties-tinkercad\/\",\"name\":\"Programmer les sorties Arduino depuis Tinkercad - Maths &amp; Num\u00e9rique\",\"isPartOf\":{\"@id\":\"https:\/\/wordpress.callac.online\/#website\"},\"datePublished\":\"2023-06-23T14:27:20+00:00\",\"dateModified\":\"2023-07-08T21:20:41+00:00\",\"breadcrumb\":{\"@id\":\"https:\/\/wordpress.callac.online\/index.php\/numerique\/arduino\/arduino-au-lycee\/arduino-sorties-tinkercad\/#breadcrumb\"},\"inLanguage\":\"fr-FR\",\"potentialAction\":[{\"@type\":\"ReadAction\",\"target\":[\"https:\/\/wordpress.callac.online\/index.php\/numerique\/arduino\/arduino-au-lycee\/arduino-sorties-tinkercad\/\"]}]},{\"@type\":\"BreadcrumbList\",\"@id\":\"https:\/\/wordpress.callac.online\/index.php\/numerique\/arduino\/arduino-au-lycee\/arduino-sorties-tinkercad\/#breadcrumb\",\"itemListElement\":[{\"@type\":\"ListItem\",\"position\":1,\"name\":\"Accueil\",\"item\":\"https:\/\/wordpress.callac.online\/\"},{\"@type\":\"ListItem\",\"position\":2,\"name\":\"Num\u00e9rique\",\"item\":\"https:\/\/wordpress.callac.online\/index.php\/numerique\/\"},{\"@type\":\"ListItem\",\"position\":3,\"name\":\"Arduino\",\"item\":\"https:\/\/wordpress.callac.online\/index.php\/numerique\/arduino\/\"},{\"@type\":\"ListItem\",\"position\":4,\"name\":\"Arduino au lyc\u00e9e\",\"item\":\"https:\/\/wordpress.callac.online\/index.php\/numerique\/arduino\/arduino-au-lycee\/\"},{\"@type\":\"ListItem\",\"position\":5,\"name\":\"Programmer les sorties Arduino depuis Tinkercad\"}]},{\"@type\":\"WebSite\",\"@id\":\"https:\/\/wordpress.callac.online\/#website\",\"url\":\"https:\/\/wordpress.callac.online\/\",\"name\":\"Maths & Num\u00e9rique\",\"description\":\"Des outils pour les enseignants de math\u00e9matiques et de num\u00e9rique\",\"publisher\":{\"@id\":\"https:\/\/wordpress.callac.online\/#\/schema\/person\/04061f1ca2c2c42039142a704be95940\"},\"potentialAction\":[{\"@type\":\"SearchAction\",\"target\":{\"@type\":\"EntryPoint\",\"urlTemplate\":\"https:\/\/wordpress.callac.online\/?s={search_term_string}\"},\"query-input\":{\"@type\":\"PropertyValueSpecification\",\"valueRequired\":true,\"valueName\":\"search_term_string\"}}],\"inLanguage\":\"fr-FR\"},{\"@type\":[\"Person\",\"Organization\"],\"@id\":\"https:\/\/wordpress.callac.online\/#\/schema\/person\/04061f1ca2c2c42039142a704be95940\",\"name\":\"dlefur\",\"image\":{\"@type\":\"ImageObject\",\"inLanguage\":\"fr-FR\",\"@id\":\"https:\/\/wordpress.callac.online\/#\/schema\/person\/image\/\",\"url\":\"https:\/\/secure.gravatar.com\/avatar\/4a9e17be136808c6597f28aa2b6c13126dab066fdc2198ff60090972c9b7fafc?s=96&d=mm&r=g\",\"contentUrl\":\"https:\/\/secure.gravatar.com\/avatar\/4a9e17be136808c6597f28aa2b6c13126dab066fdc2198ff60090972c9b7fafc?s=96&d=mm&r=g\",\"caption\":\"dlefur\"},\"logo\":{\"@id\":\"https:\/\/wordpress.callac.online\/#\/schema\/person\/image\/\"},\"description\":\"Enseignant de math\u00e9matiques Lyc\u00e9e Pasteur S\u00e3o Paulo\",\"sameAs\":[\"http:\/\/wordpress.callac.online\"]}]}<\/script>\n<!-- \/ Yoast SEO plugin. -->","yoast_head_json":{"title":"Programmer les sorties Arduino depuis Tinkercad - Maths &amp; Num\u00e9rique","robots":{"index":"index","follow":"follow","max-snippet":"max-snippet:-1","max-image-preview":"max-image-preview:large","max-video-preview":"max-video-preview:-1"},"canonical":"https:\/\/wordpress.callac.online\/index.php\/numerique\/arduino\/arduino-au-lycee\/arduino-sorties-tinkercad\/","og_locale":"fr_FR","og_type":"article","og_title":"Programmer les sorties Arduino depuis Tinkercad - Maths &amp; Num\u00e9rique","og_description":"Introduction 1) Installer Arduino IDE L&rsquo;essentiel Si vous \u00eates curieux &#8230; 2) Faire clignoter la led int\u00e9gr\u00e9e (Digital Output) L&rsquo;essentiel Si vous \u00eates curieux &#8230; 3) Faire clignoter deux leds&hellip;","og_url":"https:\/\/wordpress.callac.online\/index.php\/numerique\/arduino\/arduino-au-lycee\/arduino-sorties-tinkercad\/","og_site_name":"Maths &amp; Num\u00e9rique","article_modified_time":"2023-07-08T21:20:41+00:00","twitter_card":"summary_large_image","twitter_misc":{"Dur\u00e9e de lecture estim\u00e9e":"4 minutes"},"schema":{"@context":"https:\/\/schema.org","@graph":[{"@type":"WebPage","@id":"https:\/\/wordpress.callac.online\/index.php\/numerique\/arduino\/arduino-au-lycee\/arduino-sorties-tinkercad\/","url":"https:\/\/wordpress.callac.online\/index.php\/numerique\/arduino\/arduino-au-lycee\/arduino-sorties-tinkercad\/","name":"Programmer les sorties Arduino depuis Tinkercad - Maths &amp; Num\u00e9rique","isPartOf":{"@id":"https:\/\/wordpress.callac.online\/#website"},"datePublished":"2023-06-23T14:27:20+00:00","dateModified":"2023-07-08T21:20:41+00:00","breadcrumb":{"@id":"https:\/\/wordpress.callac.online\/index.php\/numerique\/arduino\/arduino-au-lycee\/arduino-sorties-tinkercad\/#breadcrumb"},"inLanguage":"fr-FR","potentialAction":[{"@type":"ReadAction","target":["https:\/\/wordpress.callac.online\/index.php\/numerique\/arduino\/arduino-au-lycee\/arduino-sorties-tinkercad\/"]}]},{"@type":"BreadcrumbList","@id":"https:\/\/wordpress.callac.online\/index.php\/numerique\/arduino\/arduino-au-lycee\/arduino-sorties-tinkercad\/#breadcrumb","itemListElement":[{"@type":"ListItem","position":1,"name":"Accueil","item":"https:\/\/wordpress.callac.online\/"},{"@type":"ListItem","position":2,"name":"Num\u00e9rique","item":"https:\/\/wordpress.callac.online\/index.php\/numerique\/"},{"@type":"ListItem","position":3,"name":"Arduino","item":"https:\/\/wordpress.callac.online\/index.php\/numerique\/arduino\/"},{"@type":"ListItem","position":4,"name":"Arduino au lyc\u00e9e","item":"https:\/\/wordpress.callac.online\/index.php\/numerique\/arduino\/arduino-au-lycee\/"},{"@type":"ListItem","position":5,"name":"Programmer les sorties Arduino depuis Tinkercad"}]},{"@type":"WebSite","@id":"https:\/\/wordpress.callac.online\/#website","url":"https:\/\/wordpress.callac.online\/","name":"Maths & Num\u00e9rique","description":"Des outils pour les enseignants de math\u00e9matiques et de num\u00e9rique","publisher":{"@id":"https:\/\/wordpress.callac.online\/#\/schema\/person\/04061f1ca2c2c42039142a704be95940"},"potentialAction":[{"@type":"SearchAction","target":{"@type":"EntryPoint","urlTemplate":"https:\/\/wordpress.callac.online\/?s={search_term_string}"},"query-input":{"@type":"PropertyValueSpecification","valueRequired":true,"valueName":"search_term_string"}}],"inLanguage":"fr-FR"},{"@type":["Person","Organization"],"@id":"https:\/\/wordpress.callac.online\/#\/schema\/person\/04061f1ca2c2c42039142a704be95940","name":"dlefur","image":{"@type":"ImageObject","inLanguage":"fr-FR","@id":"https:\/\/wordpress.callac.online\/#\/schema\/person\/image\/","url":"https:\/\/secure.gravatar.com\/avatar\/4a9e17be136808c6597f28aa2b6c13126dab066fdc2198ff60090972c9b7fafc?s=96&d=mm&r=g","contentUrl":"https:\/\/secure.gravatar.com\/avatar\/4a9e17be136808c6597f28aa2b6c13126dab066fdc2198ff60090972c9b7fafc?s=96&d=mm&r=g","caption":"dlefur"},"logo":{"@id":"https:\/\/wordpress.callac.online\/#\/schema\/person\/image\/"},"description":"Enseignant de math\u00e9matiques Lyc\u00e9e Pasteur S\u00e3o Paulo","sameAs":["http:\/\/wordpress.callac.online"]}]}},"_links":{"self":[{"href":"https:\/\/wordpress.callac.online\/index.php\/wp-json\/wp\/v2\/pages\/3494","targetHints":{"allow":["GET"]}}],"collection":[{"href":"https:\/\/wordpress.callac.online\/index.php\/wp-json\/wp\/v2\/pages"}],"about":[{"href":"https:\/\/wordpress.callac.online\/index.php\/wp-json\/wp\/v2\/types\/page"}],"author":[{"embeddable":true,"href":"https:\/\/wordpress.callac.online\/index.php\/wp-json\/wp\/v2\/users\/1"}],"replies":[{"embeddable":true,"href":"https:\/\/wordpress.callac.online\/index.php\/wp-json\/wp\/v2\/comments?post=3494"}],"version-history":[{"count":16,"href":"https:\/\/wordpress.callac.online\/index.php\/wp-json\/wp\/v2\/pages\/3494\/revisions"}],"predecessor-version":[{"id":3557,"href":"https:\/\/wordpress.callac.online\/index.php\/wp-json\/wp\/v2\/pages\/3494\/revisions\/3557"}],"up":[{"embeddable":true,"href":"https:\/\/wordpress.callac.online\/index.php\/wp-json\/wp\/v2\/pages\/264"}],"wp:attachment":[{"href":"https:\/\/wordpress.callac.online\/index.php\/wp-json\/wp\/v2\/media?parent=3494"}],"curies":[{"name":"wp","href":"https:\/\/api.w.org\/{rel}","templated":true}]}}