{"id":3589,"date":"2023-10-14T20:15:21","date_gmt":"2023-10-14T18:15:21","guid":{"rendered":"https:\/\/wordpress.callac.online\/index.php\/divers\/les-pavages-de-penrose\/"},"modified":"2023-10-15T00:11:31","modified_gmt":"2023-10-14T22:11:31","slug":"les-pavages-de-penrose","status":"publish","type":"page","link":"https:\/\/wordpress.callac.online\/index.php\/divers\/les-pavages-de-penrose\/","title":{"rendered":"Les pavages de Penrose"},"content":{"rendered":"\n<p>Commen\u00e7ons  par cette vid\u00e9o qui ne peut que vous convaincre par sa beaut\u00e9.<\/p>\n\n\n\n<figure class=\"wp-block-video\"><video controls src=\"https:\/\/filedn.com\/lpKG7uY9hIHVel5exA5Ik80\/Penrose\/Vid%C3%A9os\/penrose_en_1.webm\"><\/video><\/figure>\n\n\n\n<div class=\"wp-block-group\"><div class=\"wp-block-group__inner-container is-layout-constrained wp-block-group-is-layout-constrained\">\n<h3 class=\"wp-block-heading\">Les ressources incontournables<\/h3>\n\n\n\n<ul class=\"wp-block-list\">\n<li><a href=\"https:\/\/fr.wikipedia.org\/wiki\/Pavage_de_Penrose\">La page Wikipedia<\/a> <\/li>\n\n\n\n<li><a href=\"https:\/\/sorciersdesalem.math.cnrs.fr\/Penrose\/penrose.html\">Les sorciers de Salem<\/a><\/li>\n<\/ul>\n<\/div><\/div>\n\n\n\n<h3 class=\"wp-block-heading\">Les figures de base<\/h3>\n\n\n\n<p>Tout consiste \u00e0 utiliser des quadrilat\u00e8res ou des triangles tournant autour du nombre d&rsquo;or :<\/p>\n\n\n\n<ul class=\"wp-block-list\">\n<li>des angles de 36 ou 72 degr\u00e9s :<\/li>\n\n\n\n<li>des rapports de longueur \u00e9gaux au nombre d&rsquo;or.<\/li>\n<\/ul>\n\n\n\n<figure class=\"wp-block-image size-full\"><img loading=\"lazy\" decoding=\"async\" width=\"374\" height=\"368\" src=\"https:\/\/wordpress.callac.online\/wp-content\/uploads\/2023\/10\/figure_penrose.png\" alt=\"\" class=\"wp-image-3593\" srcset=\"https:\/\/wordpress.callac.online\/wp-content\/uploads\/2023\/10\/figure_penrose.png 374w, https:\/\/wordpress.callac.online\/wp-content\/uploads\/2023\/10\/figure_penrose-300x295.png 300w\" sizes=\"auto, (max-width: 374px) 100vw, 374px\" \/><\/figure>\n\n\n\n<h3 class=\"wp-block-heading\">L&rsquo;objectif<\/h3>\n\n\n\n<p>Obtenir des pavages qui soient invariants par sym\u00e9trie, par rotation.<\/p>\n\n\n\n<h3 class=\"wp-block-heading\">Les motifs qu&rsquo;on peut retrouver<\/h3>\n\n\n\n<figure class=\"wp-block-image size-large\"><img decoding=\"async\" src=\"https:\/\/upload.wikimedia.org\/wikipedia\/commons\/7\/78\/Penrose_vertex_figures.png\" alt=\"\"\/><\/figure>\n\n\n\n<h3 class=\"wp-block-heading\">Deux autres vid\u00e9os<\/h3>\n\n\n\n<figure class=\"wp-block-video\"><video controls src=\"https:\/\/filedn.com\/lpKG7uY9hIHVel5exA5Ik80\/Penrose\/Vid%C3%A9os\/penrose_en_2.webm\"><\/video><\/figure>\n\n\n\n<figure class=\"wp-block-video\"><video controls src=\"https:\/\/filedn.com\/lpKG7uY9hIHVel5exA5Ik80\/Penrose\/Vid%C3%A9os\/penrose_en_3.webm\"><\/video><\/figure>\n","protected":false},"excerpt":{"rendered":"<p>Commen\u00e7ons par cette vid\u00e9o qui ne peut que vous convaincre par sa beaut\u00e9. Les ressources incontournables Les figures de base Tout consiste \u00e0 utiliser des quadrilat\u00e8res ou des triangles tournant&hellip;<\/p>\n","protected":false},"author":1,"featured_media":0,"parent":3585,"menu_order":0,"comment_status":"closed","ping_status":"closed","template":"","meta":{"footnotes":""},"class_list":["post-3589","page","type-page","status-publish","hentry"],"yoast_head":"<!-- This site is optimized with the Yoast SEO plugin v27.1.1 - https:\/\/yoast.com\/product\/yoast-seo-wordpress\/ -->\n<title>Les pavages de Penrose - Maths &amp; Num\u00e9rique<\/title>\n<meta name=\"robots\" content=\"index, follow, max-snippet:-1, max-image-preview:large, max-video-preview:-1\" \/>\n<link rel=\"canonical\" href=\"https:\/\/wordpress.callac.online\/index.php\/divers\/les-pavages-de-penrose\/\" \/>\n<meta property=\"og:locale\" content=\"fr_FR\" \/>\n<meta property=\"og:type\" content=\"article\" \/>\n<meta property=\"og:title\" content=\"Les pavages de Penrose - Maths &amp; Num\u00e9rique\" \/>\n<meta property=\"og:description\" content=\"Commen\u00e7ons par cette vid\u00e9o qui ne peut que vous convaincre par sa beaut\u00e9. Les ressources incontournables Les figures de base Tout consiste \u00e0 utiliser des quadrilat\u00e8res ou des triangles tournant&hellip;\" \/>\n<meta property=\"og:url\" content=\"https:\/\/wordpress.callac.online\/index.php\/divers\/les-pavages-de-penrose\/\" \/>\n<meta property=\"og:site_name\" content=\"Maths &amp; Num\u00e9rique\" \/>\n<meta property=\"article:modified_time\" content=\"2023-10-14T22:11:31+00:00\" \/>\n<meta property=\"og:image\" content=\"https:\/\/wordpress.callac.online\/wp-content\/uploads\/2023\/10\/figure_penrose.png\" \/>\n<meta name=\"twitter:card\" content=\"summary_large_image\" \/>\n<meta name=\"twitter:label1\" content=\"Dur\u00e9e de lecture estim\u00e9e\" \/>\n\t<meta name=\"twitter:data1\" content=\"1 minute\" \/>\n<script type=\"application\/ld+json\" class=\"yoast-schema-graph\">{\"@context\":\"https:\/\/schema.org\",\"@graph\":[{\"@type\":\"WebPage\",\"@id\":\"https:\/\/wordpress.callac.online\/index.php\/divers\/les-pavages-de-penrose\/\",\"url\":\"https:\/\/wordpress.callac.online\/index.php\/divers\/les-pavages-de-penrose\/\",\"name\":\"Les pavages de Penrose - Maths &amp; Num\u00e9rique\",\"isPartOf\":{\"@id\":\"https:\/\/wordpress.callac.online\/#website\"},\"primaryImageOfPage\":{\"@id\":\"https:\/\/wordpress.callac.online\/index.php\/divers\/les-pavages-de-penrose\/#primaryimage\"},\"image\":{\"@id\":\"https:\/\/wordpress.callac.online\/index.php\/divers\/les-pavages-de-penrose\/#primaryimage\"},\"thumbnailUrl\":\"https:\/\/wordpress.callac.online\/wp-content\/uploads\/2023\/10\/figure_penrose.png\",\"datePublished\":\"2023-10-14T18:15:21+00:00\",\"dateModified\":\"2023-10-14T22:11:31+00:00\",\"breadcrumb\":{\"@id\":\"https:\/\/wordpress.callac.online\/index.php\/divers\/les-pavages-de-penrose\/#breadcrumb\"},\"inLanguage\":\"fr-FR\",\"potentialAction\":[{\"@type\":\"ReadAction\",\"target\":[\"https:\/\/wordpress.callac.online\/index.php\/divers\/les-pavages-de-penrose\/\"]}]},{\"@type\":\"ImageObject\",\"inLanguage\":\"fr-FR\",\"@id\":\"https:\/\/wordpress.callac.online\/index.php\/divers\/les-pavages-de-penrose\/#primaryimage\",\"url\":\"https:\/\/wordpress.callac.online\/wp-content\/uploads\/2023\/10\/figure_penrose.png\",\"contentUrl\":\"https:\/\/wordpress.callac.online\/wp-content\/uploads\/2023\/10\/figure_penrose.png\",\"width\":374,\"height\":368},{\"@type\":\"BreadcrumbList\",\"@id\":\"https:\/\/wordpress.callac.online\/index.php\/divers\/les-pavages-de-penrose\/#breadcrumb\",\"itemListElement\":[{\"@type\":\"ListItem\",\"position\":1,\"name\":\"Accueil\",\"item\":\"https:\/\/wordpress.callac.online\/\"},{\"@type\":\"ListItem\",\"position\":2,\"name\":\"Divers\",\"item\":\"https:\/\/wordpress.callac.online\/index.php\/divers\/\"},{\"@type\":\"ListItem\",\"position\":3,\"name\":\"Les pavages de Penrose\"}]},{\"@type\":\"WebSite\",\"@id\":\"https:\/\/wordpress.callac.online\/#website\",\"url\":\"https:\/\/wordpress.callac.online\/\",\"name\":\"Maths & Num\u00e9rique\",\"description\":\"Des outils pour les enseignants de math\u00e9matiques et de num\u00e9rique\",\"publisher\":{\"@id\":\"https:\/\/wordpress.callac.online\/#\/schema\/person\/04061f1ca2c2c42039142a704be95940\"},\"potentialAction\":[{\"@type\":\"SearchAction\",\"target\":{\"@type\":\"EntryPoint\",\"urlTemplate\":\"https:\/\/wordpress.callac.online\/?s={search_term_string}\"},\"query-input\":{\"@type\":\"PropertyValueSpecification\",\"valueRequired\":true,\"valueName\":\"search_term_string\"}}],\"inLanguage\":\"fr-FR\"},{\"@type\":[\"Person\",\"Organization\"],\"@id\":\"https:\/\/wordpress.callac.online\/#\/schema\/person\/04061f1ca2c2c42039142a704be95940\",\"name\":\"dlefur\",\"image\":{\"@type\":\"ImageObject\",\"inLanguage\":\"fr-FR\",\"@id\":\"https:\/\/wordpress.callac.online\/#\/schema\/person\/image\/\",\"url\":\"https:\/\/secure.gravatar.com\/avatar\/4a9e17be136808c6597f28aa2b6c13126dab066fdc2198ff60090972c9b7fafc?s=96&d=mm&r=g\",\"contentUrl\":\"https:\/\/secure.gravatar.com\/avatar\/4a9e17be136808c6597f28aa2b6c13126dab066fdc2198ff60090972c9b7fafc?s=96&d=mm&r=g\",\"caption\":\"dlefur\"},\"logo\":{\"@id\":\"https:\/\/wordpress.callac.online\/#\/schema\/person\/image\/\"},\"description\":\"Enseignant de math\u00e9matiques Lyc\u00e9e Pasteur S\u00e3o Paulo\",\"sameAs\":[\"http:\/\/wordpress.callac.online\"]}]}<\/script>\n<!-- \/ Yoast SEO plugin. -->","yoast_head_json":{"title":"Les pavages de Penrose - Maths &amp; Num\u00e9rique","robots":{"index":"index","follow":"follow","max-snippet":"max-snippet:-1","max-image-preview":"max-image-preview:large","max-video-preview":"max-video-preview:-1"},"canonical":"https:\/\/wordpress.callac.online\/index.php\/divers\/les-pavages-de-penrose\/","og_locale":"fr_FR","og_type":"article","og_title":"Les pavages de Penrose - Maths &amp; Num\u00e9rique","og_description":"Commen\u00e7ons par cette vid\u00e9o qui ne peut que vous convaincre par sa beaut\u00e9. Les ressources incontournables Les figures de base Tout consiste \u00e0 utiliser des quadrilat\u00e8res ou des triangles tournant&hellip;","og_url":"https:\/\/wordpress.callac.online\/index.php\/divers\/les-pavages-de-penrose\/","og_site_name":"Maths &amp; Num\u00e9rique","article_modified_time":"2023-10-14T22:11:31+00:00","og_image":[{"url":"https:\/\/wordpress.callac.online\/wp-content\/uploads\/2023\/10\/figure_penrose.png","type":"","width":"","height":""}],"twitter_card":"summary_large_image","twitter_misc":{"Dur\u00e9e de lecture estim\u00e9e":"1 minute"},"schema":{"@context":"https:\/\/schema.org","@graph":[{"@type":"WebPage","@id":"https:\/\/wordpress.callac.online\/index.php\/divers\/les-pavages-de-penrose\/","url":"https:\/\/wordpress.callac.online\/index.php\/divers\/les-pavages-de-penrose\/","name":"Les pavages de Penrose - Maths &amp; Num\u00e9rique","isPartOf":{"@id":"https:\/\/wordpress.callac.online\/#website"},"primaryImageOfPage":{"@id":"https:\/\/wordpress.callac.online\/index.php\/divers\/les-pavages-de-penrose\/#primaryimage"},"image":{"@id":"https:\/\/wordpress.callac.online\/index.php\/divers\/les-pavages-de-penrose\/#primaryimage"},"thumbnailUrl":"https:\/\/wordpress.callac.online\/wp-content\/uploads\/2023\/10\/figure_penrose.png","datePublished":"2023-10-14T18:15:21+00:00","dateModified":"2023-10-14T22:11:31+00:00","breadcrumb":{"@id":"https:\/\/wordpress.callac.online\/index.php\/divers\/les-pavages-de-penrose\/#breadcrumb"},"inLanguage":"fr-FR","potentialAction":[{"@type":"ReadAction","target":["https:\/\/wordpress.callac.online\/index.php\/divers\/les-pavages-de-penrose\/"]}]},{"@type":"ImageObject","inLanguage":"fr-FR","@id":"https:\/\/wordpress.callac.online\/index.php\/divers\/les-pavages-de-penrose\/#primaryimage","url":"https:\/\/wordpress.callac.online\/wp-content\/uploads\/2023\/10\/figure_penrose.png","contentUrl":"https:\/\/wordpress.callac.online\/wp-content\/uploads\/2023\/10\/figure_penrose.png","width":374,"height":368},{"@type":"BreadcrumbList","@id":"https:\/\/wordpress.callac.online\/index.php\/divers\/les-pavages-de-penrose\/#breadcrumb","itemListElement":[{"@type":"ListItem","position":1,"name":"Accueil","item":"https:\/\/wordpress.callac.online\/"},{"@type":"ListItem","position":2,"name":"Divers","item":"https:\/\/wordpress.callac.online\/index.php\/divers\/"},{"@type":"ListItem","position":3,"name":"Les pavages de Penrose"}]},{"@type":"WebSite","@id":"https:\/\/wordpress.callac.online\/#website","url":"https:\/\/wordpress.callac.online\/","name":"Maths & Num\u00e9rique","description":"Des outils pour les enseignants de math\u00e9matiques et de num\u00e9rique","publisher":{"@id":"https:\/\/wordpress.callac.online\/#\/schema\/person\/04061f1ca2c2c42039142a704be95940"},"potentialAction":[{"@type":"SearchAction","target":{"@type":"EntryPoint","urlTemplate":"https:\/\/wordpress.callac.online\/?s={search_term_string}"},"query-input":{"@type":"PropertyValueSpecification","valueRequired":true,"valueName":"search_term_string"}}],"inLanguage":"fr-FR"},{"@type":["Person","Organization"],"@id":"https:\/\/wordpress.callac.online\/#\/schema\/person\/04061f1ca2c2c42039142a704be95940","name":"dlefur","image":{"@type":"ImageObject","inLanguage":"fr-FR","@id":"https:\/\/wordpress.callac.online\/#\/schema\/person\/image\/","url":"https:\/\/secure.gravatar.com\/avatar\/4a9e17be136808c6597f28aa2b6c13126dab066fdc2198ff60090972c9b7fafc?s=96&d=mm&r=g","contentUrl":"https:\/\/secure.gravatar.com\/avatar\/4a9e17be136808c6597f28aa2b6c13126dab066fdc2198ff60090972c9b7fafc?s=96&d=mm&r=g","caption":"dlefur"},"logo":{"@id":"https:\/\/wordpress.callac.online\/#\/schema\/person\/image\/"},"description":"Enseignant de math\u00e9matiques Lyc\u00e9e Pasteur S\u00e3o Paulo","sameAs":["http:\/\/wordpress.callac.online"]}]}},"_links":{"self":[{"href":"https:\/\/wordpress.callac.online\/index.php\/wp-json\/wp\/v2\/pages\/3589","targetHints":{"allow":["GET"]}}],"collection":[{"href":"https:\/\/wordpress.callac.online\/index.php\/wp-json\/wp\/v2\/pages"}],"about":[{"href":"https:\/\/wordpress.callac.online\/index.php\/wp-json\/wp\/v2\/types\/page"}],"author":[{"embeddable":true,"href":"https:\/\/wordpress.callac.online\/index.php\/wp-json\/wp\/v2\/users\/1"}],"replies":[{"embeddable":true,"href":"https:\/\/wordpress.callac.online\/index.php\/wp-json\/wp\/v2\/comments?post=3589"}],"version-history":[{"count":2,"href":"https:\/\/wordpress.callac.online\/index.php\/wp-json\/wp\/v2\/pages\/3589\/revisions"}],"predecessor-version":[{"id":3595,"href":"https:\/\/wordpress.callac.online\/index.php\/wp-json\/wp\/v2\/pages\/3589\/revisions\/3595"}],"up":[{"embeddable":true,"href":"https:\/\/wordpress.callac.online\/index.php\/wp-json\/wp\/v2\/pages\/3585"}],"wp:attachment":[{"href":"https:\/\/wordpress.callac.online\/index.php\/wp-json\/wp\/v2\/media?parent=3589"}],"curies":[{"name":"wp","href":"https:\/\/api.w.org\/{rel}","templated":true}]}}