{"id":39,"date":"2006-10-25T18:25:43","date_gmt":"2006-10-25T16:25:43","guid":{"rendered":"http:\/\/wordpress.callac.online\/index.php\/un-manuel-de-maths-pour-tout-le-college\/"},"modified":"2023-10-14T20:11:48","modified_gmt":"2023-10-14T18:11:48","slug":"un-manuel-de-maths-pour-tout-le-college","status":"publish","type":"page","link":"https:\/\/wordpress.callac.online\/index.php\/mes-partages\/pour-le-college\/archives-pour-le-college\/un-manuel-de-maths-pour-tout-le-college\/","title":{"rendered":"Un manuel de maths pour tout le coll\u00e8ge"},"content":{"rendered":"<p>Enseignant \u00e0 l&rsquo;\u00e9tranger, j&rsquo;ai souvent \u00e9t\u00e9 confront\u00e9 \u00e0 des \u00e9l\u00e8ves arrivant en cours d&rsquo;ann\u00e9e et\/ou venant de syst\u00e8mes scolaires diff\u00e9rents.<\/p>\n<p>Il est alors difficile de pouvoir aider ces \u00e9l\u00e8ves dans le cadre strict du cours.<\/p>\n<p>L&rsquo;id\u00e9e \u00e9tait donc de faire un seul document dans lequel un \u00e9l\u00e8ve pourrait trouver :<br \/>&#8211; le cours ;<br \/>&#8211; des exercices types corrig\u00e9s ;<br \/>&#8211; une liste d&rsquo;exercices non faits par chapitre.<\/p>\n<p>Ainsi, le chapitre sur les transformations contiendra :<br \/>&#8211; la sym\u00e9trie axiale (6\u00e8me) ;<br \/>&#8211; la sym\u00e9trie centrale (5\u00e8me) ;<br \/>&#8211; la translation (4\u00e8me) ;<br \/>&#8211; la rotation (3\u00e8me).<\/p>\n<p>Je propose \u00e9galement ce document \u00e0 mes \u00e9l\u00e8ves de 3\u00e8me qui pr\u00e9parent le brevet.<\/p>\n<p>Pour s&rsquo;y retrouver dans le document qui fait plus de 170 pages, il y a :<br \/>&#8211; une table des mati\u00e8res au d\u00e9but ;<br \/>&#8211; un index \u00e0 la fin ;<br \/>&#8211; des liens hypertextes en rouge.<\/p>\n<p>Bonne lecture !<\/p>\n\n\n<hr class=\"wp-block-separator\"\/>\n\n\n\n<ul>\n<li><a href=\"https:\/\/filedn.com\/lpKG7uY9hIHVel5exA5Ik80\/Wordpress\/Mes%20partages\/Manuel\/manuel.pdf\">Le manuel en pdf<\/a><\/li>\n<li><a href=\"https:\/\/filedn.com\/lpKG7uY9hIHVel5exA5Ik80\/Wordpress\/Mes%20partages\/Manuel\/Manuel.tar.gz\">Les sources du manuel<\/a><\/li>\n<\/ul>\n\n\n\n<p><\/p>\n","protected":false},"excerpt":{"rendered":"<p>Enseignant \u00e0 l&rsquo;\u00e9tranger, j&rsquo;ai souvent \u00e9t\u00e9 confront\u00e9 \u00e0 des \u00e9l\u00e8ves arrivant en cours d&rsquo;ann\u00e9e et\/ou venant de syst\u00e8mes scolaires diff\u00e9rents. Il est alors difficile de pouvoir aider ces \u00e9l\u00e8ves dans&hellip;<\/p>\n","protected":false},"author":1,"featured_media":0,"parent":2689,"menu_order":0,"comment_status":"closed","ping_status":"closed","template":"","meta":{"footnotes":""},"class_list":["post-39","page","type-page","status-publish","hentry"],"yoast_head":"<!-- This site is optimized with the Yoast SEO plugin v27.1.1 - https:\/\/yoast.com\/product\/yoast-seo-wordpress\/ -->\n<title>Un manuel de maths pour tout le coll\u00e8ge - Maths &amp; Num\u00e9rique<\/title>\n<meta name=\"robots\" content=\"index, follow, max-snippet:-1, max-image-preview:large, max-video-preview:-1\" \/>\n<link rel=\"canonical\" href=\"https:\/\/wordpress.callac.online\/index.php\/mes-partages\/pour-le-college\/archives-pour-le-college\/un-manuel-de-maths-pour-tout-le-college\/\" \/>\n<meta property=\"og:locale\" content=\"fr_FR\" \/>\n<meta property=\"og:type\" content=\"article\" \/>\n<meta property=\"og:title\" content=\"Un manuel de maths pour tout le coll\u00e8ge - Maths &amp; Num\u00e9rique\" \/>\n<meta property=\"og:description\" content=\"Enseignant \u00e0 l&rsquo;\u00e9tranger, j&rsquo;ai souvent \u00e9t\u00e9 confront\u00e9 \u00e0 des \u00e9l\u00e8ves arrivant en cours d&rsquo;ann\u00e9e et\/ou venant de syst\u00e8mes scolaires diff\u00e9rents. Il est alors difficile de pouvoir aider ces \u00e9l\u00e8ves dans&hellip;\" \/>\n<meta property=\"og:url\" content=\"https:\/\/wordpress.callac.online\/index.php\/mes-partages\/pour-le-college\/archives-pour-le-college\/un-manuel-de-maths-pour-tout-le-college\/\" \/>\n<meta property=\"og:site_name\" content=\"Maths &amp; Num\u00e9rique\" \/>\n<meta property=\"article:modified_time\" content=\"2023-10-14T18:11:48+00:00\" \/>\n<meta name=\"twitter:card\" content=\"summary_large_image\" \/>\n<meta name=\"twitter:label1\" content=\"Dur\u00e9e de lecture estim\u00e9e\" \/>\n\t<meta name=\"twitter:data1\" content=\"1 minute\" \/>\n<script type=\"application\/ld+json\" class=\"yoast-schema-graph\">{\"@context\":\"https:\/\/schema.org\",\"@graph\":[{\"@type\":\"WebPage\",\"@id\":\"https:\/\/wordpress.callac.online\/index.php\/mes-partages\/pour-le-college\/archives-pour-le-college\/un-manuel-de-maths-pour-tout-le-college\/\",\"url\":\"https:\/\/wordpress.callac.online\/index.php\/mes-partages\/pour-le-college\/archives-pour-le-college\/un-manuel-de-maths-pour-tout-le-college\/\",\"name\":\"Un manuel de maths pour tout le coll\u00e8ge - Maths &amp; Num\u00e9rique\",\"isPartOf\":{\"@id\":\"https:\/\/wordpress.callac.online\/#website\"},\"datePublished\":\"2006-10-25T16:25:43+00:00\",\"dateModified\":\"2023-10-14T18:11:48+00:00\",\"breadcrumb\":{\"@id\":\"https:\/\/wordpress.callac.online\/index.php\/mes-partages\/pour-le-college\/archives-pour-le-college\/un-manuel-de-maths-pour-tout-le-college\/#breadcrumb\"},\"inLanguage\":\"fr-FR\",\"potentialAction\":[{\"@type\":\"ReadAction\",\"target\":[\"https:\/\/wordpress.callac.online\/index.php\/mes-partages\/pour-le-college\/archives-pour-le-college\/un-manuel-de-maths-pour-tout-le-college\/\"]}]},{\"@type\":\"BreadcrumbList\",\"@id\":\"https:\/\/wordpress.callac.online\/index.php\/mes-partages\/pour-le-college\/archives-pour-le-college\/un-manuel-de-maths-pour-tout-le-college\/#breadcrumb\",\"itemListElement\":[{\"@type\":\"ListItem\",\"position\":1,\"name\":\"Accueil\",\"item\":\"https:\/\/wordpress.callac.online\/\"},{\"@type\":\"ListItem\",\"position\":2,\"name\":\"Mes partages\",\"item\":\"https:\/\/wordpress.callac.online\/index.php\/mes-partages\/\"},{\"@type\":\"ListItem\",\"position\":3,\"name\":\"Pour le coll\u00e8ge\",\"item\":\"https:\/\/wordpress.callac.online\/index.php\/mes-partages\/pour-le-college\/\"},{\"@type\":\"ListItem\",\"position\":4,\"name\":\"Archives pour le coll\u00e8ge\",\"item\":\"https:\/\/wordpress.callac.online\/index.php\/mes-partages\/pour-le-college\/archives-pour-le-college\/\"},{\"@type\":\"ListItem\",\"position\":5,\"name\":\"Un manuel de maths pour tout le coll\u00e8ge\"}]},{\"@type\":\"WebSite\",\"@id\":\"https:\/\/wordpress.callac.online\/#website\",\"url\":\"https:\/\/wordpress.callac.online\/\",\"name\":\"Maths & Num\u00e9rique\",\"description\":\"Des outils pour les enseignants de math\u00e9matiques et de num\u00e9rique\",\"publisher\":{\"@id\":\"https:\/\/wordpress.callac.online\/#\/schema\/person\/04061f1ca2c2c42039142a704be95940\"},\"potentialAction\":[{\"@type\":\"SearchAction\",\"target\":{\"@type\":\"EntryPoint\",\"urlTemplate\":\"https:\/\/wordpress.callac.online\/?s={search_term_string}\"},\"query-input\":{\"@type\":\"PropertyValueSpecification\",\"valueRequired\":true,\"valueName\":\"search_term_string\"}}],\"inLanguage\":\"fr-FR\"},{\"@type\":[\"Person\",\"Organization\"],\"@id\":\"https:\/\/wordpress.callac.online\/#\/schema\/person\/04061f1ca2c2c42039142a704be95940\",\"name\":\"dlefur\",\"image\":{\"@type\":\"ImageObject\",\"inLanguage\":\"fr-FR\",\"@id\":\"https:\/\/wordpress.callac.online\/#\/schema\/person\/image\/\",\"url\":\"https:\/\/secure.gravatar.com\/avatar\/4a9e17be136808c6597f28aa2b6c13126dab066fdc2198ff60090972c9b7fafc?s=96&d=mm&r=g\",\"contentUrl\":\"https:\/\/secure.gravatar.com\/avatar\/4a9e17be136808c6597f28aa2b6c13126dab066fdc2198ff60090972c9b7fafc?s=96&d=mm&r=g\",\"caption\":\"dlefur\"},\"logo\":{\"@id\":\"https:\/\/wordpress.callac.online\/#\/schema\/person\/image\/\"},\"description\":\"Enseignant de math\u00e9matiques Lyc\u00e9e Pasteur S\u00e3o Paulo\",\"sameAs\":[\"http:\/\/wordpress.callac.online\"]}]}<\/script>\n<!-- \/ Yoast SEO plugin. -->","yoast_head_json":{"title":"Un manuel de maths pour tout le coll\u00e8ge - Maths &amp; Num\u00e9rique","robots":{"index":"index","follow":"follow","max-snippet":"max-snippet:-1","max-image-preview":"max-image-preview:large","max-video-preview":"max-video-preview:-1"},"canonical":"https:\/\/wordpress.callac.online\/index.php\/mes-partages\/pour-le-college\/archives-pour-le-college\/un-manuel-de-maths-pour-tout-le-college\/","og_locale":"fr_FR","og_type":"article","og_title":"Un manuel de maths pour tout le coll\u00e8ge - Maths &amp; Num\u00e9rique","og_description":"Enseignant \u00e0 l&rsquo;\u00e9tranger, j&rsquo;ai souvent \u00e9t\u00e9 confront\u00e9 \u00e0 des \u00e9l\u00e8ves arrivant en cours d&rsquo;ann\u00e9e et\/ou venant de syst\u00e8mes scolaires diff\u00e9rents. Il est alors difficile de pouvoir aider ces \u00e9l\u00e8ves dans&hellip;","og_url":"https:\/\/wordpress.callac.online\/index.php\/mes-partages\/pour-le-college\/archives-pour-le-college\/un-manuel-de-maths-pour-tout-le-college\/","og_site_name":"Maths &amp; Num\u00e9rique","article_modified_time":"2023-10-14T18:11:48+00:00","twitter_card":"summary_large_image","twitter_misc":{"Dur\u00e9e de lecture estim\u00e9e":"1 minute"},"schema":{"@context":"https:\/\/schema.org","@graph":[{"@type":"WebPage","@id":"https:\/\/wordpress.callac.online\/index.php\/mes-partages\/pour-le-college\/archives-pour-le-college\/un-manuel-de-maths-pour-tout-le-college\/","url":"https:\/\/wordpress.callac.online\/index.php\/mes-partages\/pour-le-college\/archives-pour-le-college\/un-manuel-de-maths-pour-tout-le-college\/","name":"Un manuel de maths pour tout le coll\u00e8ge - Maths &amp; Num\u00e9rique","isPartOf":{"@id":"https:\/\/wordpress.callac.online\/#website"},"datePublished":"2006-10-25T16:25:43+00:00","dateModified":"2023-10-14T18:11:48+00:00","breadcrumb":{"@id":"https:\/\/wordpress.callac.online\/index.php\/mes-partages\/pour-le-college\/archives-pour-le-college\/un-manuel-de-maths-pour-tout-le-college\/#breadcrumb"},"inLanguage":"fr-FR","potentialAction":[{"@type":"ReadAction","target":["https:\/\/wordpress.callac.online\/index.php\/mes-partages\/pour-le-college\/archives-pour-le-college\/un-manuel-de-maths-pour-tout-le-college\/"]}]},{"@type":"BreadcrumbList","@id":"https:\/\/wordpress.callac.online\/index.php\/mes-partages\/pour-le-college\/archives-pour-le-college\/un-manuel-de-maths-pour-tout-le-college\/#breadcrumb","itemListElement":[{"@type":"ListItem","position":1,"name":"Accueil","item":"https:\/\/wordpress.callac.online\/"},{"@type":"ListItem","position":2,"name":"Mes partages","item":"https:\/\/wordpress.callac.online\/index.php\/mes-partages\/"},{"@type":"ListItem","position":3,"name":"Pour le coll\u00e8ge","item":"https:\/\/wordpress.callac.online\/index.php\/mes-partages\/pour-le-college\/"},{"@type":"ListItem","position":4,"name":"Archives pour le coll\u00e8ge","item":"https:\/\/wordpress.callac.online\/index.php\/mes-partages\/pour-le-college\/archives-pour-le-college\/"},{"@type":"ListItem","position":5,"name":"Un manuel de maths pour tout le coll\u00e8ge"}]},{"@type":"WebSite","@id":"https:\/\/wordpress.callac.online\/#website","url":"https:\/\/wordpress.callac.online\/","name":"Maths & Num\u00e9rique","description":"Des outils pour les enseignants de math\u00e9matiques et de num\u00e9rique","publisher":{"@id":"https:\/\/wordpress.callac.online\/#\/schema\/person\/04061f1ca2c2c42039142a704be95940"},"potentialAction":[{"@type":"SearchAction","target":{"@type":"EntryPoint","urlTemplate":"https:\/\/wordpress.callac.online\/?s={search_term_string}"},"query-input":{"@type":"PropertyValueSpecification","valueRequired":true,"valueName":"search_term_string"}}],"inLanguage":"fr-FR"},{"@type":["Person","Organization"],"@id":"https:\/\/wordpress.callac.online\/#\/schema\/person\/04061f1ca2c2c42039142a704be95940","name":"dlefur","image":{"@type":"ImageObject","inLanguage":"fr-FR","@id":"https:\/\/wordpress.callac.online\/#\/schema\/person\/image\/","url":"https:\/\/secure.gravatar.com\/avatar\/4a9e17be136808c6597f28aa2b6c13126dab066fdc2198ff60090972c9b7fafc?s=96&d=mm&r=g","contentUrl":"https:\/\/secure.gravatar.com\/avatar\/4a9e17be136808c6597f28aa2b6c13126dab066fdc2198ff60090972c9b7fafc?s=96&d=mm&r=g","caption":"dlefur"},"logo":{"@id":"https:\/\/wordpress.callac.online\/#\/schema\/person\/image\/"},"description":"Enseignant de math\u00e9matiques Lyc\u00e9e Pasteur S\u00e3o Paulo","sameAs":["http:\/\/wordpress.callac.online"]}]}},"_links":{"self":[{"href":"https:\/\/wordpress.callac.online\/index.php\/wp-json\/wp\/v2\/pages\/39","targetHints":{"allow":["GET"]}}],"collection":[{"href":"https:\/\/wordpress.callac.online\/index.php\/wp-json\/wp\/v2\/pages"}],"about":[{"href":"https:\/\/wordpress.callac.online\/index.php\/wp-json\/wp\/v2\/types\/page"}],"author":[{"embeddable":true,"href":"https:\/\/wordpress.callac.online\/index.php\/wp-json\/wp\/v2\/users\/1"}],"replies":[{"embeddable":true,"href":"https:\/\/wordpress.callac.online\/index.php\/wp-json\/wp\/v2\/comments?post=39"}],"version-history":[{"count":2,"href":"https:\/\/wordpress.callac.online\/index.php\/wp-json\/wp\/v2\/pages\/39\/revisions"}],"predecessor-version":[{"id":2877,"href":"https:\/\/wordpress.callac.online\/index.php\/wp-json\/wp\/v2\/pages\/39\/revisions\/2877"}],"up":[{"embeddable":true,"href":"https:\/\/wordpress.callac.online\/index.php\/wp-json\/wp\/v2\/pages\/2689"}],"wp:attachment":[{"href":"https:\/\/wordpress.callac.online\/index.php\/wp-json\/wp\/v2\/media?parent=39"}],"curies":[{"name":"wp","href":"https:\/\/api.w.org\/{rel}","templated":true}]}}