{"id":53,"date":"2007-05-27T12:43:19","date_gmt":"2007-05-27T10:43:19","guid":{"rendered":"http:\/\/wordpress.callac.online\/index.php\/comment-creer-une-figure\/"},"modified":"2023-10-14T20:12:39","modified_gmt":"2023-10-14T18:12:39","slug":"comment-creer-une-figure","status":"publish","type":"page","link":"https:\/\/wordpress.callac.online\/index.php\/edition-mathematique\/metapost\/figures-geometriques\/comment-creer-une-figure\/","title":{"rendered":"Comment cr\u00e9er une figure ?"},"content":{"rendered":"<p>Un fichier Metapost permet de cr\u00e9er une ou plusieurs figures g\u00e9om\u00e9triques.<\/p>\n<p>Voici la structure d&rsquo;un fichier Metapost dans lequel on verra l&rsquo;appel au fichier geometriesyr16.mp de Christophe Poulain que l&rsquo;on trouvera <a href=\"https:\/\/wordpress.callac.online\/index.php\/edition-mathematique\/metapost\/gedit-mon-editeur-metapost\/mes-fichiers-personnels-metapost\/\">\u00e0 la page suivante.<\/a><\/p>\n<pre class=\"EnlighterJSRAW\" data-enlighter-language=\"generic\">input geometriesyr16.mp ;\n\n% ------------------------------------------------------------------------\n% Exercice 1\n% ------------------------------------------------------------------------\n\nu:=1cm;\nfigure (-8u,-8u,10u,8u);\n\n%\u00e0 remplacer par les instructions\n\nfin;\n% -----------------------------------------------------------------------\n\n% -----------------------------------------------------------------------\nend ;<\/pre>\n<p>Pour rajouter une figure de plus, on rajoute les lignes suivantes avant le \u00ab\u00a0end\u00a0\u00bb final :<\/p>\n<pre class=\"EnlighterJSRAW\" data-enlighter-language=\"generic\">% -------------------------------------------------------------------------\n% Exercice\n% ------------------------------------------------------------------------\nu:=1cm;\nfigure (-8u,-8u,8u,8u);\n\n%\u00e0 remplacer par les instructions\n\nfin;\n% -----------------------------------------------------------------------<\/pre>\n<p>Pour compiler un fichier <code>toto.mp<\/code>, on tape la commande :<\/p>\n<p><code>mpost toto.mp<\/code><\/p>\n<p>Cela a pour cons\u00e9quence de cr\u00e9er un fichier postcript par figure, nomm\u00e9s<br \/>\n\u00ab\u00a0toto.1\u00a0\u00bb, \u00ab\u00a0toto.2\u00a0\u00bb, etc &#8230;<\/p>\n<p>Il ne reste plus qu&rsquo;\u00e0 les ins\u00e9rer dans un document latex.<\/p>\n","protected":false},"excerpt":{"rendered":"<p>Un fichier Metapost permet de cr\u00e9er une ou plusieurs figures g\u00e9om\u00e9triques. Voici la structure d&rsquo;un fichier Metapost dans lequel on verra l&rsquo;appel au fichier geometriesyr16.mp de Christophe Poulain que l&rsquo;on&hellip;<\/p>\n","protected":false},"author":1,"featured_media":0,"parent":2412,"menu_order":0,"comment_status":"closed","ping_status":"closed","template":"","meta":{"footnotes":""},"class_list":["post-53","page","type-page","status-publish","hentry"],"yoast_head":"<!-- This site is optimized with the Yoast SEO plugin v27.1.1 - https:\/\/yoast.com\/product\/yoast-seo-wordpress\/ -->\n<title>Comment cr\u00e9er une figure ? - Maths &amp; Num\u00e9rique<\/title>\n<meta name=\"robots\" content=\"index, follow, max-snippet:-1, max-image-preview:large, max-video-preview:-1\" \/>\n<link rel=\"canonical\" href=\"https:\/\/wordpress.callac.online\/index.php\/edition-mathematique\/metapost\/figures-geometriques\/comment-creer-une-figure\/\" \/>\n<meta property=\"og:locale\" content=\"fr_FR\" \/>\n<meta property=\"og:type\" content=\"article\" \/>\n<meta property=\"og:title\" content=\"Comment cr\u00e9er une figure ? - Maths &amp; Num\u00e9rique\" \/>\n<meta property=\"og:description\" content=\"Un fichier Metapost permet de cr\u00e9er une ou plusieurs figures g\u00e9om\u00e9triques. Voici la structure d&rsquo;un fichier Metapost dans lequel on verra l&rsquo;appel au fichier geometriesyr16.mp de Christophe Poulain que l&rsquo;on&hellip;\" \/>\n<meta property=\"og:url\" content=\"https:\/\/wordpress.callac.online\/index.php\/edition-mathematique\/metapost\/figures-geometriques\/comment-creer-une-figure\/\" \/>\n<meta property=\"og:site_name\" content=\"Maths &amp; Num\u00e9rique\" \/>\n<meta property=\"article:modified_time\" content=\"2023-10-14T18:12:39+00:00\" \/>\n<meta name=\"twitter:card\" content=\"summary_large_image\" \/>\n<meta name=\"twitter:label1\" content=\"Dur\u00e9e de lecture estim\u00e9e\" \/>\n\t<meta name=\"twitter:data1\" content=\"1 minute\" \/>\n<script type=\"application\/ld+json\" class=\"yoast-schema-graph\">{\"@context\":\"https:\/\/schema.org\",\"@graph\":[{\"@type\":\"WebPage\",\"@id\":\"https:\/\/wordpress.callac.online\/index.php\/edition-mathematique\/metapost\/figures-geometriques\/comment-creer-une-figure\/\",\"url\":\"https:\/\/wordpress.callac.online\/index.php\/edition-mathematique\/metapost\/figures-geometriques\/comment-creer-une-figure\/\",\"name\":\"Comment cr\u00e9er une figure ? - Maths &amp; Num\u00e9rique\",\"isPartOf\":{\"@id\":\"https:\/\/wordpress.callac.online\/#website\"},\"datePublished\":\"2007-05-27T10:43:19+00:00\",\"dateModified\":\"2023-10-14T18:12:39+00:00\",\"breadcrumb\":{\"@id\":\"https:\/\/wordpress.callac.online\/index.php\/edition-mathematique\/metapost\/figures-geometriques\/comment-creer-une-figure\/#breadcrumb\"},\"inLanguage\":\"fr-FR\",\"potentialAction\":[{\"@type\":\"ReadAction\",\"target\":[\"https:\/\/wordpress.callac.online\/index.php\/edition-mathematique\/metapost\/figures-geometriques\/comment-creer-une-figure\/\"]}]},{\"@type\":\"BreadcrumbList\",\"@id\":\"https:\/\/wordpress.callac.online\/index.php\/edition-mathematique\/metapost\/figures-geometriques\/comment-creer-une-figure\/#breadcrumb\",\"itemListElement\":[{\"@type\":\"ListItem\",\"position\":1,\"name\":\"Accueil\",\"item\":\"https:\/\/wordpress.callac.online\/\"},{\"@type\":\"ListItem\",\"position\":2,\"name\":\"\u00c9dition math\u00e9matique\",\"item\":\"https:\/\/wordpress.callac.online\/index.php\/edition-mathematique\/\"},{\"@type\":\"ListItem\",\"position\":3,\"name\":\"Metapost\",\"item\":\"https:\/\/wordpress.callac.online\/index.php\/edition-mathematique\/metapost\/\"},{\"@type\":\"ListItem\",\"position\":4,\"name\":\"Figures g\u00e9om\u00e9triques\",\"item\":\"https:\/\/wordpress.callac.online\/index.php\/edition-mathematique\/metapost\/figures-geometriques\/\"},{\"@type\":\"ListItem\",\"position\":5,\"name\":\"Comment cr\u00e9er une figure ?\"}]},{\"@type\":\"WebSite\",\"@id\":\"https:\/\/wordpress.callac.online\/#website\",\"url\":\"https:\/\/wordpress.callac.online\/\",\"name\":\"Maths & Num\u00e9rique\",\"description\":\"Des outils pour les enseignants de math\u00e9matiques et de num\u00e9rique\",\"publisher\":{\"@id\":\"https:\/\/wordpress.callac.online\/#\/schema\/person\/04061f1ca2c2c42039142a704be95940\"},\"potentialAction\":[{\"@type\":\"SearchAction\",\"target\":{\"@type\":\"EntryPoint\",\"urlTemplate\":\"https:\/\/wordpress.callac.online\/?s={search_term_string}\"},\"query-input\":{\"@type\":\"PropertyValueSpecification\",\"valueRequired\":true,\"valueName\":\"search_term_string\"}}],\"inLanguage\":\"fr-FR\"},{\"@type\":[\"Person\",\"Organization\"],\"@id\":\"https:\/\/wordpress.callac.online\/#\/schema\/person\/04061f1ca2c2c42039142a704be95940\",\"name\":\"dlefur\",\"image\":{\"@type\":\"ImageObject\",\"inLanguage\":\"fr-FR\",\"@id\":\"https:\/\/wordpress.callac.online\/#\/schema\/person\/image\/\",\"url\":\"https:\/\/secure.gravatar.com\/avatar\/4a9e17be136808c6597f28aa2b6c13126dab066fdc2198ff60090972c9b7fafc?s=96&d=mm&r=g\",\"contentUrl\":\"https:\/\/secure.gravatar.com\/avatar\/4a9e17be136808c6597f28aa2b6c13126dab066fdc2198ff60090972c9b7fafc?s=96&d=mm&r=g\",\"caption\":\"dlefur\"},\"logo\":{\"@id\":\"https:\/\/wordpress.callac.online\/#\/schema\/person\/image\/\"},\"description\":\"Enseignant de math\u00e9matiques Lyc\u00e9e Pasteur S\u00e3o Paulo\",\"sameAs\":[\"http:\/\/wordpress.callac.online\"]}]}<\/script>\n<!-- \/ Yoast SEO plugin. -->","yoast_head_json":{"title":"Comment cr\u00e9er une figure ? - Maths &amp; Num\u00e9rique","robots":{"index":"index","follow":"follow","max-snippet":"max-snippet:-1","max-image-preview":"max-image-preview:large","max-video-preview":"max-video-preview:-1"},"canonical":"https:\/\/wordpress.callac.online\/index.php\/edition-mathematique\/metapost\/figures-geometriques\/comment-creer-une-figure\/","og_locale":"fr_FR","og_type":"article","og_title":"Comment cr\u00e9er une figure ? - Maths &amp; Num\u00e9rique","og_description":"Un fichier Metapost permet de cr\u00e9er une ou plusieurs figures g\u00e9om\u00e9triques. Voici la structure d&rsquo;un fichier Metapost dans lequel on verra l&rsquo;appel au fichier geometriesyr16.mp de Christophe Poulain que l&rsquo;on&hellip;","og_url":"https:\/\/wordpress.callac.online\/index.php\/edition-mathematique\/metapost\/figures-geometriques\/comment-creer-une-figure\/","og_site_name":"Maths &amp; Num\u00e9rique","article_modified_time":"2023-10-14T18:12:39+00:00","twitter_card":"summary_large_image","twitter_misc":{"Dur\u00e9e de lecture estim\u00e9e":"1 minute"},"schema":{"@context":"https:\/\/schema.org","@graph":[{"@type":"WebPage","@id":"https:\/\/wordpress.callac.online\/index.php\/edition-mathematique\/metapost\/figures-geometriques\/comment-creer-une-figure\/","url":"https:\/\/wordpress.callac.online\/index.php\/edition-mathematique\/metapost\/figures-geometriques\/comment-creer-une-figure\/","name":"Comment cr\u00e9er une figure ? - Maths &amp; Num\u00e9rique","isPartOf":{"@id":"https:\/\/wordpress.callac.online\/#website"},"datePublished":"2007-05-27T10:43:19+00:00","dateModified":"2023-10-14T18:12:39+00:00","breadcrumb":{"@id":"https:\/\/wordpress.callac.online\/index.php\/edition-mathematique\/metapost\/figures-geometriques\/comment-creer-une-figure\/#breadcrumb"},"inLanguage":"fr-FR","potentialAction":[{"@type":"ReadAction","target":["https:\/\/wordpress.callac.online\/index.php\/edition-mathematique\/metapost\/figures-geometriques\/comment-creer-une-figure\/"]}]},{"@type":"BreadcrumbList","@id":"https:\/\/wordpress.callac.online\/index.php\/edition-mathematique\/metapost\/figures-geometriques\/comment-creer-une-figure\/#breadcrumb","itemListElement":[{"@type":"ListItem","position":1,"name":"Accueil","item":"https:\/\/wordpress.callac.online\/"},{"@type":"ListItem","position":2,"name":"\u00c9dition math\u00e9matique","item":"https:\/\/wordpress.callac.online\/index.php\/edition-mathematique\/"},{"@type":"ListItem","position":3,"name":"Metapost","item":"https:\/\/wordpress.callac.online\/index.php\/edition-mathematique\/metapost\/"},{"@type":"ListItem","position":4,"name":"Figures g\u00e9om\u00e9triques","item":"https:\/\/wordpress.callac.online\/index.php\/edition-mathematique\/metapost\/figures-geometriques\/"},{"@type":"ListItem","position":5,"name":"Comment cr\u00e9er une figure ?"}]},{"@type":"WebSite","@id":"https:\/\/wordpress.callac.online\/#website","url":"https:\/\/wordpress.callac.online\/","name":"Maths & Num\u00e9rique","description":"Des outils pour les enseignants de math\u00e9matiques et de num\u00e9rique","publisher":{"@id":"https:\/\/wordpress.callac.online\/#\/schema\/person\/04061f1ca2c2c42039142a704be95940"},"potentialAction":[{"@type":"SearchAction","target":{"@type":"EntryPoint","urlTemplate":"https:\/\/wordpress.callac.online\/?s={search_term_string}"},"query-input":{"@type":"PropertyValueSpecification","valueRequired":true,"valueName":"search_term_string"}}],"inLanguage":"fr-FR"},{"@type":["Person","Organization"],"@id":"https:\/\/wordpress.callac.online\/#\/schema\/person\/04061f1ca2c2c42039142a704be95940","name":"dlefur","image":{"@type":"ImageObject","inLanguage":"fr-FR","@id":"https:\/\/wordpress.callac.online\/#\/schema\/person\/image\/","url":"https:\/\/secure.gravatar.com\/avatar\/4a9e17be136808c6597f28aa2b6c13126dab066fdc2198ff60090972c9b7fafc?s=96&d=mm&r=g","contentUrl":"https:\/\/secure.gravatar.com\/avatar\/4a9e17be136808c6597f28aa2b6c13126dab066fdc2198ff60090972c9b7fafc?s=96&d=mm&r=g","caption":"dlefur"},"logo":{"@id":"https:\/\/wordpress.callac.online\/#\/schema\/person\/image\/"},"description":"Enseignant de math\u00e9matiques Lyc\u00e9e Pasteur S\u00e3o Paulo","sameAs":["http:\/\/wordpress.callac.online"]}]}},"_links":{"self":[{"href":"https:\/\/wordpress.callac.online\/index.php\/wp-json\/wp\/v2\/pages\/53","targetHints":{"allow":["GET"]}}],"collection":[{"href":"https:\/\/wordpress.callac.online\/index.php\/wp-json\/wp\/v2\/pages"}],"about":[{"href":"https:\/\/wordpress.callac.online\/index.php\/wp-json\/wp\/v2\/types\/page"}],"author":[{"embeddable":true,"href":"https:\/\/wordpress.callac.online\/index.php\/wp-json\/wp\/v2\/users\/1"}],"replies":[{"embeddable":true,"href":"https:\/\/wordpress.callac.online\/index.php\/wp-json\/wp\/v2\/comments?post=53"}],"version-history":[{"count":3,"href":"https:\/\/wordpress.callac.online\/index.php\/wp-json\/wp\/v2\/pages\/53\/revisions"}],"predecessor-version":[{"id":2424,"href":"https:\/\/wordpress.callac.online\/index.php\/wp-json\/wp\/v2\/pages\/53\/revisions\/2424"}],"up":[{"embeddable":true,"href":"https:\/\/wordpress.callac.online\/index.php\/wp-json\/wp\/v2\/pages\/2412"}],"wp:attachment":[{"href":"https:\/\/wordpress.callac.online\/index.php\/wp-json\/wp\/v2\/media?parent=53"}],"curies":[{"name":"wp","href":"https:\/\/api.w.org\/{rel}","templated":true}]}}