{"id":74,"date":"2007-06-12T11:37:39","date_gmt":"2007-06-12T09:37:39","guid":{"rendered":"http:\/\/wordpress.callac.online\/index.php\/une-galerie-dintervalles\/"},"modified":"2023-10-14T20:12:46","modified_gmt":"2023-10-14T18:12:46","slug":"une-galerie-dintervalles","status":"publish","type":"page","link":"https:\/\/wordpress.callac.online\/index.php\/edition-mathematique\/metapost\/divers\/une-galerie-dintervalles\/","title":{"rendered":"Une galerie d&rsquo;intervalles"},"content":{"rendered":"<p><strong> <span class=\"katex-eq\" data-katex-display=\"false\">]a~;~+\\infty[<\/span><\/strong><\/p>\n<p><img loading=\"lazy\" decoding=\"async\" class=\" aligncenter size-full wp-image-573\" src=\"http:\/\/wordpress.callac.online\/wp-content\/uploads\/2007\/06\/jpg_interval1.jpg\" alt=\"interval1.jpg\" width=\"585\" height=\"44\" align=\"center\" srcset=\"https:\/\/wordpress.callac.online\/wp-content\/uploads\/2007\/06\/jpg_interval1.jpg 585w, https:\/\/wordpress.callac.online\/wp-content\/uploads\/2007\/06\/jpg_interval1-300x23.jpg 300w\" sizes=\"auto, (max-width: 585px) 100vw, 585px\" \/><\/p>\n<p>Voici son code:<\/p>\n<pre class=\"EnlighterJSRAW\" data-enlighter-language=\"generic\">u:=1cm;\nfigure (-8u,-8u,10u,8u);\n\nnumeric mi,pi,a;\nmi:=-8;\npi:=8;\na:=0;\n\npair A;\nA=(a*u,0);\n\npath tt;\nfor i:=mi upto (a-1):\n  for j:=0 upto 4:\n    tt := ((j*0.2*u)-2,-4)--((j*0.2*u)+2,4);\n    draw tt shifted (i*u,0);\n    endfor;\nendfor;\n\nlabel.bot(btex $a$ etex,A shifted(0,-10));\n\ndraw (mi*u,0)--A;\ndraw A--(pi*u,0) withcolor red withpen pencircle scaled 2pt;\n\npair B,C,D,E;\nB=A shifted(0,10);\nC=A shifted(-4,10);\nD=A shifted(0,-10);\nE=A shifted(-4,-10);\n\ndraw C--B--D--E withcolor red withpen pencircle scaled 2pt;\n\nfin;<\/pre>\n<hr \/>\n<p><strong><span class=\"katex-eq\" data-katex-display=\"false\">[a~;~+\\infty[<\/span><\/strong><\/p>\n<p><img loading=\"lazy\" decoding=\"async\" class=\" aligncenter size-full wp-image-574\" src=\"http:\/\/wordpress.callac.online\/wp-content\/uploads\/2007\/06\/jpg_interval2.jpg\" alt=\"interval2.jpg\" width=\"582\" height=\"47\" align=\"center\" srcset=\"https:\/\/wordpress.callac.online\/wp-content\/uploads\/2007\/06\/jpg_interval2.jpg 582w, https:\/\/wordpress.callac.online\/wp-content\/uploads\/2007\/06\/jpg_interval2-300x24.jpg 300w\" sizes=\"auto, (max-width: 582px) 100vw, 582px\" \/><\/p>\n<p>Voici son code:<\/p>\n<pre class=\"EnlighterJSRAW\" data-enlighter-language=\"generic\">u:=1cm;\nfigure (-8u,-8u,10u,8u);\n\nnumeric mi,pi,a;\nmi:=-8;\npi:=8;\na:=0;\n\npair A;\nA=(a*u,0);\n\npath tt;\nfor i:=mi upto (a-1):\n  for j:=0 upto 4:\n    tt := ((j*0.2*u)-2,-4)--((j*0.2*u)+2,4);\n    draw tt shifted (i*u,0);\n    endfor;\nendfor;\n\nlabel.bot(btex $a$ etex,A shifted(0,-10));\n\ndraw (mi*u,0)--A;\ndraw A--(pi*u,0) withcolor red withpen pencircle scaled 2pt;\n\npair B,C,D,E;\nB=A shifted(0,10);\nC=A shifted(4,10);\nD=A shifted(0,-10);\nE=A shifted(4,-10);\n\ndraw C--B--D--E withcolor red withpen pencircle scaled 2pt;\n\nfin;<\/pre>\n<hr \/>\n<p><strong><span class=\"katex-eq\" data-katex-display=\"false\">]-\\infty~;~a[<\/span><\/strong><\/p>\n<p><img loading=\"lazy\" decoding=\"async\" class=\" aligncenter size-full wp-image-575\" src=\"http:\/\/wordpress.callac.online\/wp-content\/uploads\/2007\/06\/jpg_interval3.jpg\" alt=\"interval3.jpg\" width=\"581\" height=\"54\" align=\"center\" srcset=\"https:\/\/wordpress.callac.online\/wp-content\/uploads\/2007\/06\/jpg_interval3.jpg 581w, https:\/\/wordpress.callac.online\/wp-content\/uploads\/2007\/06\/jpg_interval3-300x28.jpg 300w\" sizes=\"auto, (max-width: 581px) 100vw, 581px\" \/><\/p>\n<p>Voici son code:<\/p>\n<pre class=\"EnlighterJSRAW\" data-enlighter-language=\"generic\">u:=1cm;\nfigure (-8u,-8u,10u,8u);\n\nnumeric mi,pi,a;\nmi:=-8;\npi:=8;\na:=0;\n\npair A;\nA=(a*u,0);\n\npath tt;\nfor i:=a upto (pi-1):\n  for j:=1 upto 5:\n    tt := ((j*0.2*u)-2,-4)--((j*0.2*u)+2,4);\n    draw tt shifted (i*u,0);\n    endfor;\nendfor;\n\nlabel.bot(btex $a$ etex,A shifted(0,-10));\n\ndraw (mi*u,0)--A withcolor red withpen pencircle scaled 2pt;\ndraw A--(pi*u,0);\n\npair B,C,D,E;\nB=A shifted(0,10);\nC=A shifted(4,10);\nD=A shifted(0,-10);\nE=A shifted(4,-10);\n\ndraw C--B--D--E withcolor red withpen pencircle scaled 2pt;\n\nfin;<\/pre>\n<hr \/>\n<p><strong><span class=\"katex-eq\" data-katex-display=\"false\">]-\\infty~;~a]<\/span><\/strong><\/p>\n<p><img loading=\"lazy\" decoding=\"async\" class=\" aligncenter size-full wp-image-576\" src=\"http:\/\/wordpress.callac.online\/wp-content\/uploads\/2007\/06\/jpg_interval4.jpg\" alt=\"interval4.jpg\" width=\"592\" height=\"55\" align=\"center\" srcset=\"https:\/\/wordpress.callac.online\/wp-content\/uploads\/2007\/06\/jpg_interval4.jpg 592w, https:\/\/wordpress.callac.online\/wp-content\/uploads\/2007\/06\/jpg_interval4-300x28.jpg 300w\" sizes=\"auto, (max-width: 592px) 100vw, 592px\" \/><\/p>\n<p>Voici son code:<\/p>\n<pre class=\"EnlighterJSRAW\" data-enlighter-language=\"generic\">u:=1cm;\nfigure (-8u,-8u,10u,8u);\n\nnumeric mi,pi,a;\nmi:=-8;\npi:=8;\na:=0;\n\npair A;\nA=(a*u,0);\n\npath tt;\nfor i:=a upto (pi-1):\n  for j:=1 upto 5:\n    tt := ((j*0.2*u)-2,-4)--((j*0.2*u)+2,4);\n    draw tt shifted (i*u,0);\n    endfor;\nendfor;\n\nlabel.bot(btex $a$ etex,A shifted(0,-10));\n\ndraw (mi*u,0)--A withcolor red withpen pencircle scaled 2pt;\ndraw A--(pi*u,0);\n\npair B,C,D,E;\nB=A shifted(0,10);\nC=A shifted(-4,10);\nD=A shifted(0,-10);\nE=A shifted(-4,-10);\n\ndraw C--B--D--E withcolor red withpen pencircle scaled 2pt;\n\nfin;<\/pre>\n<hr \/>\n<p><strong><span class=\"katex-eq\" data-katex-display=\"false\">]a~;~b[<\/span><\/strong><\/p>\n<p><img loading=\"lazy\" decoding=\"async\" class=\" aligncenter size-full wp-image-577\" src=\"http:\/\/wordpress.callac.online\/wp-content\/uploads\/2007\/06\/jpg_interval5.jpg\" alt=\"interval5.jpg\" width=\"589\" height=\"62\" align=\"center\" srcset=\"https:\/\/wordpress.callac.online\/wp-content\/uploads\/2007\/06\/jpg_interval5.jpg 589w, https:\/\/wordpress.callac.online\/wp-content\/uploads\/2007\/06\/jpg_interval5-300x32.jpg 300w\" sizes=\"auto, (max-width: 589px) 100vw, 589px\" \/><\/p>\n<p>Voici son code:<\/p>\n<pre class=\"EnlighterJSRAW\" data-enlighter-language=\"generic\">u:=1cm;\nfigure (-8u,-8u,10u,8u);\n\nnumeric mi,pi,a;\nmi:=-8;\npi:=8;\na:=-3;\nb:=3;\n\npair A,BB;\nA=(a*u,0);\nBB=(b*u,0);\n\npath tt;\nfor i:=mi upto (a-1):\n  for j:=0 upto 4:\n    tt := ((j*0.2*u)-2,-4)--((j*0.2*u)+2,4);\n    draw tt shifted (i*u,0);\n    endfor;\nendfor;\n\n\npath tt;\nfor i:=b upto (pi-1):\n  for j:=1 upto 5:\n    tt := ((j*0.2*u)-2,-4)--((j*0.2*u)+2,4);\n    draw tt shifted (i*u,0);\n    endfor;\nendfor;\n\nlabel.bot(btex $a$ etex,A shifted(0,-10));\nlabel.bot(btex $b$ etex,BB shifted(0,-10));\n\ndraw(mi*u,0)--A;\ndraw A--BB withcolor red withpen pencircle scaled 2pt;\ndraw BB--(pi*u,0);\n\npair B,C,D,E;\nB:=A shifted(0,10);\nC:=A shifted(-4,10);\nD:=A shifted(0,-10);\nE:=A shifted(-4,-10);\n\ndraw C--B--D--E withcolor red withpen pencircle scaled 2pt;\n\nB:=BB shifted(0,10);\nC:=BB shifted(-4,10);\nD:=BB shifted(0,-10);\nE:=BB shifted(-4,-10);\n\ndraw C--B--D--E withcolor red withpen pencircle scaled 2pt;\n\nfin;<\/pre>\n<hr \/>\n<p><strong><span class=\"katex-eq\" data-katex-display=\"false\">[a~;~b[<\/span><\/strong><\/p>\n<p><img loading=\"lazy\" decoding=\"async\" class=\" aligncenter size-full wp-image-578\" src=\"http:\/\/wordpress.callac.online\/wp-content\/uploads\/2007\/06\/jpg_interval6.jpg\" alt=\"interval6.jpg\" width=\"580\" height=\"46\" align=\"center\" srcset=\"https:\/\/wordpress.callac.online\/wp-content\/uploads\/2007\/06\/jpg_interval6.jpg 580w, https:\/\/wordpress.callac.online\/wp-content\/uploads\/2007\/06\/jpg_interval6-300x24.jpg 300w\" sizes=\"auto, (max-width: 580px) 100vw, 580px\" \/><\/p>\n<p>Voici son code:<\/p>\n<pre class=\"EnlighterJSRAW\" data-enlighter-language=\"generic\">u:=1cm;\nfigure (-8u,-8u,10u,8u);\n\nnumeric mi,pi,a;\nmi:=-8;\npi:=8;\na:=-3;\nb:=3;\n\npair A,BB;\nA=(a*u,0);\nBB=(b*u,0);\n\npath tt;\nfor i:=mi upto (a-1):\n  for j:=0 upto 4:\n    tt := ((j*0.2*u)-2,-4)--((j*0.2*u)+2,4);\n    draw tt shifted (i*u,0);\n    endfor;\nendfor;\n\n\npath tt;\nfor i:=b upto (pi-1):\n  for j:=1 upto 5:\n    tt := ((j*0.2*u)-2,-4)--((j*0.2*u)+2,4);\n    draw tt shifted (i*u,0);\n    endfor;\nendfor;\n\nlabel.bot(btex $a$ etex,A shifted(0,-10));\nlabel.bot(btex $b$ etex,BB shifted(0,-10));\n\ndraw(mi*u,0)--A;\ndraw A--BB withcolor red withpen pencircle scaled 2pt;\ndraw BB--(pi*u,0);\n\npair B,C,D,E;\nB:=A shifted(0,10);\nC:=A shifted(4,10);\nD:=A shifted(0,-10);\nE:=A shifted(4,-10);\n\ndraw C--B--D--E withcolor red withpen pencircle scaled 2pt;\n\nB:=BB shifted(0,10);\nC:=BB shifted(-4,10);\nD:=BB shifted(0,-10);\nE:=BB shifted(-4,-10);\n\ndraw C--B--D--E withcolor red withpen pencircle scaled 2pt;\n\nfin;<\/pre>\n<hr \/>\n<p><strong><span class=\"katex-eq\" data-katex-display=\"false\">[a~;~b]<\/span><\/strong><\/p>\n<p><img loading=\"lazy\" decoding=\"async\" class=\" aligncenter size-full wp-image-579\" src=\"http:\/\/wordpress.callac.online\/wp-content\/uploads\/2007\/06\/jpg_interval7.jpg\" alt=\"interval7.jpg\" width=\"587\" height=\"53\" align=\"center\" srcset=\"https:\/\/wordpress.callac.online\/wp-content\/uploads\/2007\/06\/jpg_interval7.jpg 587w, https:\/\/wordpress.callac.online\/wp-content\/uploads\/2007\/06\/jpg_interval7-300x27.jpg 300w\" sizes=\"auto, (max-width: 587px) 100vw, 587px\" \/><\/p>\n<p>Voici son code:<\/p>\n<pre class=\"EnlighterJSRAW\" data-enlighter-language=\"generic\">u:=1cm;\nfigure (-8u,-8u,10u,8u);\n\nnumeric mi,pi,a;\nmi:=-8;\npi:=8;\na:=-3;\nb:=3;\n\npair A,BB;\nA=(a*u,0);\nBB=(b*u,0);\n\npath tt;\nfor i:=mi upto (a-1):\n  for j:=0 upto 4:\n    tt := ((j*0.2*u)-2,-4)--((j*0.2*u)+2,4);\n    draw tt shifted (i*u,0);\n    endfor;\nendfor;\n\n\npath tt;\nfor i:=b upto (pi-1):\n  for j:=1 upto 5:\n    tt := ((j*0.2*u)-2,-4)--((j*0.2*u)+2,4);\n    draw tt shifted (i*u,0);\n    endfor;\nendfor;\n\nlabel.bot(btex $a$ etex,A shifted(0,-10));\nlabel.bot(btex $b$ etex,BB shifted(0,-10));\n\ndraw(mi*u,0)--A;\ndraw A--BB withcolor red withpen pencircle scaled 2pt;\ndraw BB--(pi*u,0);\n\npair B,C,D,E;\nB:=A shifted(0,10);\nC:=A shifted(4,10);\nD:=A shifted(0,-10);\nE:=A shifted(4,-10);\n\ndraw C--B--D--E withcolor red withpen pencircle scaled 2pt;\n\nB:=BB shifted(0,10);\nC:=BB shifted(4,10);\nD:=BB shifted(0,-10);\nE:=BB shifted(4,-10);\n\ndraw C--B--D--E withcolor red withpen pencircle scaled 2pt;\n\nfin;<\/pre>\n<hr \/>\n<p><strong><span class=\"katex-eq\" data-katex-display=\"false\">]a~;~b]<\/span><\/strong><\/p>\n<p><img loading=\"lazy\" decoding=\"async\" class=\" aligncenter size-full wp-image-580\" src=\"http:\/\/wordpress.callac.online\/wp-content\/uploads\/2007\/06\/jpg_interval8.jpg\" alt=\"interval8.jpg\" width=\"581\" height=\"49\" align=\"center\" srcset=\"https:\/\/wordpress.callac.online\/wp-content\/uploads\/2007\/06\/jpg_interval8.jpg 581w, https:\/\/wordpress.callac.online\/wp-content\/uploads\/2007\/06\/jpg_interval8-300x25.jpg 300w\" sizes=\"auto, (max-width: 581px) 100vw, 581px\" \/><\/p>\n<p>Voici son code:<\/p>\n<pre class=\"EnlighterJSRAW\" data-enlighter-language=\"generic\">u:=1cm;\nfigure (-8u,-8u,10u,8u);\n\nnumeric mi,pi,a;\nmi:=-8;\npi:=8;\na:=-3;\nb:=3;\n\npair A,BB;\nA=(a*u,0);\nBB=(b*u,0);\n\npath tt;\nfor i:=mi upto (a-1):\n  for j:=0 upto 4:\n    tt := ((j*0.2*u)-2,-4)--((j*0.2*u)+2,4);\n    draw tt shifted (i*u,0);\n    endfor;\nendfor;\n\n\npath tt;\nfor i:=b upto (pi-1):\n  for j:=1 upto 5:\n    tt := ((j*0.2*u)-2,-4)--((j*0.2*u)+2,4);\n    draw tt shifted (i*u,0);\n    endfor;\nendfor;\n\nlabel.bot(btex $a$ etex,A shifted(0,-10));\nlabel.bot(btex $b$ etex,BB shifted(0,-10));\n\ndraw(mi*u,0)--A;\ndraw A--BB withcolor red withpen pencircle scaled 2pt;\ndraw BB--(pi*u,0);\n\npair B,C,D,E;\nB:=A shifted(0,10);\nC:=A shifted(-4,10);\nD:=A shifted(0,-10);\nE:=A shifted(-4,-10);\n\ndraw C--B--D--E withcolor red withpen pencircle scaled 2pt;\n\nB:=BB shifted(0,10);\nC:=BB shifted(4,10);\nD:=BB shifted(0,-10);\nE:=BB shifted(4,-10);\n\ndraw C--B--D--E withcolor red withpen pencircle scaled 2pt;\n\nfin;<\/pre>\n","protected":false},"excerpt":{"rendered":"<p>Voici son code: u:=1cm; figure (-8u,-8u,10u,8u); numeric mi,pi,a; mi:=-8; pi:=8; a:=0; pair A; A=(a*u,0); path tt; for i:=mi upto (a-1): for j:=0 upto 4: tt := ((j*0.2*u)-2,-4)&#8211;((j*0.2*u)+2,4); draw tt shifted&hellip;<\/p>\n","protected":false},"author":1,"featured_media":0,"parent":2414,"menu_order":2,"comment_status":"closed","ping_status":"closed","template":"","meta":{"footnotes":""},"class_list":["post-74","page","type-page","status-publish","hentry"],"yoast_head":"<!-- This site is optimized with the Yoast SEO plugin v27.1.1 - https:\/\/yoast.com\/product\/yoast-seo-wordpress\/ -->\n<title>Une galerie d&#039;intervalles - Maths &amp; Num\u00e9rique<\/title>\n<meta name=\"robots\" content=\"index, follow, max-snippet:-1, max-image-preview:large, max-video-preview:-1\" \/>\n<link rel=\"canonical\" href=\"https:\/\/wordpress.callac.online\/index.php\/edition-mathematique\/metapost\/divers\/une-galerie-dintervalles\/\" \/>\n<meta property=\"og:locale\" content=\"fr_FR\" \/>\n<meta property=\"og:type\" content=\"article\" \/>\n<meta property=\"og:title\" content=\"Une galerie d&#039;intervalles - Maths &amp; Num\u00e9rique\" \/>\n<meta property=\"og:description\" content=\"Voici son code: u:=1cm; figure (-8u,-8u,10u,8u); numeric mi,pi,a; mi:=-8; pi:=8; a:=0; pair A; A=(a*u,0); path tt; for i:=mi upto (a-1): for j:=0 upto 4: tt := ((j*0.2*u)-2,-4)--((j*0.2*u)+2,4); draw tt shifted&hellip;\" \/>\n<meta property=\"og:url\" content=\"https:\/\/wordpress.callac.online\/index.php\/edition-mathematique\/metapost\/divers\/une-galerie-dintervalles\/\" \/>\n<meta property=\"og:site_name\" content=\"Maths &amp; Num\u00e9rique\" \/>\n<meta property=\"article:modified_time\" content=\"2023-10-14T18:12:46+00:00\" \/>\n<meta property=\"og:image\" content=\"http:\/\/wordpress.callac.online\/wp-content\/uploads\/2007\/06\/jpg_interval1.jpg\" \/>\n<meta name=\"twitter:card\" content=\"summary_large_image\" \/>\n<meta name=\"twitter:label1\" content=\"Dur\u00e9e de lecture estim\u00e9e\" \/>\n\t<meta name=\"twitter:data1\" content=\"5 minutes\" \/>\n<script type=\"application\/ld+json\" class=\"yoast-schema-graph\">{\"@context\":\"https:\/\/schema.org\",\"@graph\":[{\"@type\":\"WebPage\",\"@id\":\"https:\/\/wordpress.callac.online\/index.php\/edition-mathematique\/metapost\/divers\/une-galerie-dintervalles\/\",\"url\":\"https:\/\/wordpress.callac.online\/index.php\/edition-mathematique\/metapost\/divers\/une-galerie-dintervalles\/\",\"name\":\"Une galerie d'intervalles - Maths &amp; Num\u00e9rique\",\"isPartOf\":{\"@id\":\"https:\/\/wordpress.callac.online\/#website\"},\"primaryImageOfPage\":{\"@id\":\"https:\/\/wordpress.callac.online\/index.php\/edition-mathematique\/metapost\/divers\/une-galerie-dintervalles\/#primaryimage\"},\"image\":{\"@id\":\"https:\/\/wordpress.callac.online\/index.php\/edition-mathematique\/metapost\/divers\/une-galerie-dintervalles\/#primaryimage\"},\"thumbnailUrl\":\"http:\/\/wordpress.callac.online\/wp-content\/uploads\/2007\/06\/jpg_interval1.jpg\",\"datePublished\":\"2007-06-12T09:37:39+00:00\",\"dateModified\":\"2023-10-14T18:12:46+00:00\",\"breadcrumb\":{\"@id\":\"https:\/\/wordpress.callac.online\/index.php\/edition-mathematique\/metapost\/divers\/une-galerie-dintervalles\/#breadcrumb\"},\"inLanguage\":\"fr-FR\",\"potentialAction\":[{\"@type\":\"ReadAction\",\"target\":[\"https:\/\/wordpress.callac.online\/index.php\/edition-mathematique\/metapost\/divers\/une-galerie-dintervalles\/\"]}]},{\"@type\":\"ImageObject\",\"inLanguage\":\"fr-FR\",\"@id\":\"https:\/\/wordpress.callac.online\/index.php\/edition-mathematique\/metapost\/divers\/une-galerie-dintervalles\/#primaryimage\",\"url\":\"https:\/\/wordpress.callac.online\/wp-content\/uploads\/2007\/06\/jpg_interval1.jpg\",\"contentUrl\":\"https:\/\/wordpress.callac.online\/wp-content\/uploads\/2007\/06\/jpg_interval1.jpg\",\"width\":585,\"height\":44,\"caption\":\"interval1.jpg\"},{\"@type\":\"BreadcrumbList\",\"@id\":\"https:\/\/wordpress.callac.online\/index.php\/edition-mathematique\/metapost\/divers\/une-galerie-dintervalles\/#breadcrumb\",\"itemListElement\":[{\"@type\":\"ListItem\",\"position\":1,\"name\":\"Accueil\",\"item\":\"https:\/\/wordpress.callac.online\/\"},{\"@type\":\"ListItem\",\"position\":2,\"name\":\"\u00c9dition math\u00e9matique\",\"item\":\"https:\/\/wordpress.callac.online\/index.php\/edition-mathematique\/\"},{\"@type\":\"ListItem\",\"position\":3,\"name\":\"Metapost\",\"item\":\"https:\/\/wordpress.callac.online\/index.php\/edition-mathematique\/metapost\/\"},{\"@type\":\"ListItem\",\"position\":4,\"name\":\"Divers\",\"item\":\"https:\/\/wordpress.callac.online\/index.php\/edition-mathematique\/metapost\/divers\/\"},{\"@type\":\"ListItem\",\"position\":5,\"name\":\"Une galerie d&#8217;intervalles\"}]},{\"@type\":\"WebSite\",\"@id\":\"https:\/\/wordpress.callac.online\/#website\",\"url\":\"https:\/\/wordpress.callac.online\/\",\"name\":\"Maths & Num\u00e9rique\",\"description\":\"Des outils pour les enseignants de math\u00e9matiques et de num\u00e9rique\",\"publisher\":{\"@id\":\"https:\/\/wordpress.callac.online\/#\/schema\/person\/04061f1ca2c2c42039142a704be95940\"},\"potentialAction\":[{\"@type\":\"SearchAction\",\"target\":{\"@type\":\"EntryPoint\",\"urlTemplate\":\"https:\/\/wordpress.callac.online\/?s={search_term_string}\"},\"query-input\":{\"@type\":\"PropertyValueSpecification\",\"valueRequired\":true,\"valueName\":\"search_term_string\"}}],\"inLanguage\":\"fr-FR\"},{\"@type\":[\"Person\",\"Organization\"],\"@id\":\"https:\/\/wordpress.callac.online\/#\/schema\/person\/04061f1ca2c2c42039142a704be95940\",\"name\":\"dlefur\",\"image\":{\"@type\":\"ImageObject\",\"inLanguage\":\"fr-FR\",\"@id\":\"https:\/\/wordpress.callac.online\/#\/schema\/person\/image\/\",\"url\":\"https:\/\/secure.gravatar.com\/avatar\/4a9e17be136808c6597f28aa2b6c13126dab066fdc2198ff60090972c9b7fafc?s=96&d=mm&r=g\",\"contentUrl\":\"https:\/\/secure.gravatar.com\/avatar\/4a9e17be136808c6597f28aa2b6c13126dab066fdc2198ff60090972c9b7fafc?s=96&d=mm&r=g\",\"caption\":\"dlefur\"},\"logo\":{\"@id\":\"https:\/\/wordpress.callac.online\/#\/schema\/person\/image\/\"},\"description\":\"Enseignant de math\u00e9matiques Lyc\u00e9e Pasteur S\u00e3o Paulo\",\"sameAs\":[\"http:\/\/wordpress.callac.online\"]}]}<\/script>\n<!-- \/ Yoast SEO plugin. -->","yoast_head_json":{"title":"Une galerie d'intervalles - Maths &amp; Num\u00e9rique","robots":{"index":"index","follow":"follow","max-snippet":"max-snippet:-1","max-image-preview":"max-image-preview:large","max-video-preview":"max-video-preview:-1"},"canonical":"https:\/\/wordpress.callac.online\/index.php\/edition-mathematique\/metapost\/divers\/une-galerie-dintervalles\/","og_locale":"fr_FR","og_type":"article","og_title":"Une galerie d'intervalles - Maths &amp; Num\u00e9rique","og_description":"Voici son code: u:=1cm; figure (-8u,-8u,10u,8u); numeric mi,pi,a; mi:=-8; pi:=8; a:=0; pair A; A=(a*u,0); path tt; for i:=mi upto (a-1): for j:=0 upto 4: tt := ((j*0.2*u)-2,-4)--((j*0.2*u)+2,4); draw tt shifted&hellip;","og_url":"https:\/\/wordpress.callac.online\/index.php\/edition-mathematique\/metapost\/divers\/une-galerie-dintervalles\/","og_site_name":"Maths &amp; Num\u00e9rique","article_modified_time":"2023-10-14T18:12:46+00:00","og_image":[{"url":"http:\/\/wordpress.callac.online\/wp-content\/uploads\/2007\/06\/jpg_interval1.jpg","type":"","width":"","height":""}],"twitter_card":"summary_large_image","twitter_misc":{"Dur\u00e9e de lecture estim\u00e9e":"5 minutes"},"schema":{"@context":"https:\/\/schema.org","@graph":[{"@type":"WebPage","@id":"https:\/\/wordpress.callac.online\/index.php\/edition-mathematique\/metapost\/divers\/une-galerie-dintervalles\/","url":"https:\/\/wordpress.callac.online\/index.php\/edition-mathematique\/metapost\/divers\/une-galerie-dintervalles\/","name":"Une galerie d'intervalles - Maths &amp; Num\u00e9rique","isPartOf":{"@id":"https:\/\/wordpress.callac.online\/#website"},"primaryImageOfPage":{"@id":"https:\/\/wordpress.callac.online\/index.php\/edition-mathematique\/metapost\/divers\/une-galerie-dintervalles\/#primaryimage"},"image":{"@id":"https:\/\/wordpress.callac.online\/index.php\/edition-mathematique\/metapost\/divers\/une-galerie-dintervalles\/#primaryimage"},"thumbnailUrl":"http:\/\/wordpress.callac.online\/wp-content\/uploads\/2007\/06\/jpg_interval1.jpg","datePublished":"2007-06-12T09:37:39+00:00","dateModified":"2023-10-14T18:12:46+00:00","breadcrumb":{"@id":"https:\/\/wordpress.callac.online\/index.php\/edition-mathematique\/metapost\/divers\/une-galerie-dintervalles\/#breadcrumb"},"inLanguage":"fr-FR","potentialAction":[{"@type":"ReadAction","target":["https:\/\/wordpress.callac.online\/index.php\/edition-mathematique\/metapost\/divers\/une-galerie-dintervalles\/"]}]},{"@type":"ImageObject","inLanguage":"fr-FR","@id":"https:\/\/wordpress.callac.online\/index.php\/edition-mathematique\/metapost\/divers\/une-galerie-dintervalles\/#primaryimage","url":"https:\/\/wordpress.callac.online\/wp-content\/uploads\/2007\/06\/jpg_interval1.jpg","contentUrl":"https:\/\/wordpress.callac.online\/wp-content\/uploads\/2007\/06\/jpg_interval1.jpg","width":585,"height":44,"caption":"interval1.jpg"},{"@type":"BreadcrumbList","@id":"https:\/\/wordpress.callac.online\/index.php\/edition-mathematique\/metapost\/divers\/une-galerie-dintervalles\/#breadcrumb","itemListElement":[{"@type":"ListItem","position":1,"name":"Accueil","item":"https:\/\/wordpress.callac.online\/"},{"@type":"ListItem","position":2,"name":"\u00c9dition math\u00e9matique","item":"https:\/\/wordpress.callac.online\/index.php\/edition-mathematique\/"},{"@type":"ListItem","position":3,"name":"Metapost","item":"https:\/\/wordpress.callac.online\/index.php\/edition-mathematique\/metapost\/"},{"@type":"ListItem","position":4,"name":"Divers","item":"https:\/\/wordpress.callac.online\/index.php\/edition-mathematique\/metapost\/divers\/"},{"@type":"ListItem","position":5,"name":"Une galerie d&#8217;intervalles"}]},{"@type":"WebSite","@id":"https:\/\/wordpress.callac.online\/#website","url":"https:\/\/wordpress.callac.online\/","name":"Maths & Num\u00e9rique","description":"Des outils pour les enseignants de math\u00e9matiques et de num\u00e9rique","publisher":{"@id":"https:\/\/wordpress.callac.online\/#\/schema\/person\/04061f1ca2c2c42039142a704be95940"},"potentialAction":[{"@type":"SearchAction","target":{"@type":"EntryPoint","urlTemplate":"https:\/\/wordpress.callac.online\/?s={search_term_string}"},"query-input":{"@type":"PropertyValueSpecification","valueRequired":true,"valueName":"search_term_string"}}],"inLanguage":"fr-FR"},{"@type":["Person","Organization"],"@id":"https:\/\/wordpress.callac.online\/#\/schema\/person\/04061f1ca2c2c42039142a704be95940","name":"dlefur","image":{"@type":"ImageObject","inLanguage":"fr-FR","@id":"https:\/\/wordpress.callac.online\/#\/schema\/person\/image\/","url":"https:\/\/secure.gravatar.com\/avatar\/4a9e17be136808c6597f28aa2b6c13126dab066fdc2198ff60090972c9b7fafc?s=96&d=mm&r=g","contentUrl":"https:\/\/secure.gravatar.com\/avatar\/4a9e17be136808c6597f28aa2b6c13126dab066fdc2198ff60090972c9b7fafc?s=96&d=mm&r=g","caption":"dlefur"},"logo":{"@id":"https:\/\/wordpress.callac.online\/#\/schema\/person\/image\/"},"description":"Enseignant de math\u00e9matiques Lyc\u00e9e Pasteur S\u00e3o Paulo","sameAs":["http:\/\/wordpress.callac.online"]}]}},"_links":{"self":[{"href":"https:\/\/wordpress.callac.online\/index.php\/wp-json\/wp\/v2\/pages\/74","targetHints":{"allow":["GET"]}}],"collection":[{"href":"https:\/\/wordpress.callac.online\/index.php\/wp-json\/wp\/v2\/pages"}],"about":[{"href":"https:\/\/wordpress.callac.online\/index.php\/wp-json\/wp\/v2\/types\/page"}],"author":[{"embeddable":true,"href":"https:\/\/wordpress.callac.online\/index.php\/wp-json\/wp\/v2\/users\/1"}],"replies":[{"embeddable":true,"href":"https:\/\/wordpress.callac.online\/index.php\/wp-json\/wp\/v2\/comments?post=74"}],"version-history":[{"count":3,"href":"https:\/\/wordpress.callac.online\/index.php\/wp-json\/wp\/v2\/pages\/74\/revisions"}],"predecessor-version":[{"id":2451,"href":"https:\/\/wordpress.callac.online\/index.php\/wp-json\/wp\/v2\/pages\/74\/revisions\/2451"}],"up":[{"embeddable":true,"href":"https:\/\/wordpress.callac.online\/index.php\/wp-json\/wp\/v2\/pages\/2414"}],"wp:attachment":[{"href":"https:\/\/wordpress.callac.online\/index.php\/wp-json\/wp\/v2\/media?parent=74"}],"curies":[{"name":"wp","href":"https:\/\/api.w.org\/{rel}","templated":true}]}}