{"id":91,"date":"2007-06-23T20:24:17","date_gmt":"2007-06-23T18:24:17","guid":{"rendered":"http:\/\/wordpress.callac.online\/index.php\/un-arbre-de-probabilite-3x2-2\/"},"modified":"2023-10-14T20:12:50","modified_gmt":"2023-10-14T18:12:50","slug":"un-arbre-de-probabilite-3x2-2","status":"publish","type":"page","link":"https:\/\/wordpress.callac.online\/index.php\/edition-mathematique\/metapost\/arbres-de-probabilite\/un-arbre-de-probabilite-3x2-2\/","title":{"rendered":"Un arbre de probabilit\u00e9 3&#215;2"},"content":{"rendered":"<p><img loading=\"lazy\" decoding=\"async\" class=\" aligncenter size-full wp-image-596\" src=\"http:\/\/wordpress.callac.online\/wp-content\/uploads\/2007\/06\/jpg_arbre32-2.jpg\" alt=\"arbre32-2.jpg\" width=\"240\" height=\"314\" align=\"center\" srcset=\"https:\/\/wordpress.callac.online\/wp-content\/uploads\/2007\/06\/jpg_arbre32-2.jpg 240w, https:\/\/wordpress.callac.online\/wp-content\/uploads\/2007\/06\/jpg_arbre32-2-229x300.jpg 229w\" sizes=\"auto, (max-width: 240px) 100vw, 240px\" \/><\/p>\n<p>Voici son code :<\/p>\n<pre class=\"EnlighterJSRAW\" data-enlighter-language=\"generic\">input geometriesyr16.mp ;\n\n%------------------------------------------------------------------------\n% Arbre 3x2\n%------------------------------------------------------------------------\n\nu:=1cm;\nfigure (-8u,-12u,10u,8u);\npair S,T[],U[];\n\nnumeric dx,dh,cr;\ndx:=3;\ndh:=1.5;\ncr:=0.1;\n\nfor i:=1 upto 6:\n  U[i]:=(2*dx*u,-i*dh*u);\nendfor\n\nT[1]:= 0.5[U[1],U[2]] shifted(-dx*u,0);\nT[2]:= 0.5[U[3],U[4]] shifted(-dx*u,0);\nT[3]:= 0.5[U[5],U[6]] shifted(-dx*u,0);\n\nS:= 0.5[T[1],T[3]] shifted(-dx*u,0);\n\ndraw cr[S,T[1]]--(1-cr)[S,T[1]];\ndraw cr[S,T[2]]--(1-cr)[S,T[2]];\ndraw cr[S,T[3]]--(1-cr)[S,T[3]];\ndraw cr[T[1],U[1]]--(1-cr)[T[1],U[1]];\ndraw cr[T[1],U[2]]--(1-cr)[T[1],U[2]];\ndraw cr[T[2],U[3]]--(1-cr)[T[2],U[3]];\ndraw cr[T[2],U[4]]--(1-cr)[T[2],U[4]];\ndraw cr[T[3],U[5]]--(1-cr)[T[3],U[5]];\ndraw cr[T[3],U[6]]--(1-cr)[T[3],U[6]];\n\n%----------- premier niveau\nlabel(btex $A$ etex,T[1]);\nlabel.ulft(btex $1 \\over 6$ etex,0.6[S,T[1]]);\n\nlabel(btex $B$ etex,T[2]);\nlabel.ulft(btex $1 \\over 3$ etex,0.6[S,T[2]]);\n\nlabel(btex $C$ etex,T[3]);\nlabel.llft(btex $1 \\over 2$ etex,0.6[S,T[3]]);\n\n%----------- deuxi\u00e8me niveau sup\u00e9rieur\nlabel(btex $E$ etex,U[1]);\nlabel.ulft(btex $0,1$ etex,0.6[T[1],U[1]]);\n\nlabel(btex $\\overline{E}$ etex,U[2]);\nlabel.llft(btex $0,9$ etex,0.6[T[1],U[2]]);\n\n%----------- deuxi\u00e8me niveau central\nlabel(btex $E$ etex,U[3]);\nlabel.ulft(btex $0,3$ etex,0.6[T[2],U[3]]);\n\nlabel(btex $\\overline{E}$ etex,U[4]);\nlabel.llft(btex $0,7$ etex,0.6[T[2],U[4]]);\n\n%----------- deuxi\u00e8me niveau inf\u00e9rieur\nlabel(btex $E$ etex,U[5]);\nlabel.ulft(btex $0,4$ etex,0.6[T[3],U[5]]);\n\nlabel(btex $\\overline{E}$ etex,U[6]);\nlabel.llft(btex $0,6$ etex,0.6[T[3],U[6]]);\n\nfin;\n %-----------------------------------------------------------------------\n\n\n%-----------------------------------------------------------------------\nend ;<\/pre>\n","protected":false},"excerpt":{"rendered":"<p>Voici son code : input geometriesyr16.mp ; %&#8212;&#8212;&#8212;&#8212;&#8212;&#8212;&#8212;&#8212;&#8212;&#8212;&#8212;&#8212;&#8212;&#8212;&#8212;&#8212;&#8212;&#8212;&#8212;&#8212;&#8212;&#8212;&#8212;&#8212; % Arbre 3&#215;2 %&#8212;&#8212;&#8212;&#8212;&#8212;&#8212;&#8212;&#8212;&#8212;&#8212;&#8212;&#8212;&#8212;&#8212;&#8212;&#8212;&#8212;&#8212;&#8212;&#8212;&#8212;&#8212;&#8212;&#8212; u:=1cm; figure (-8u,-12u,10u,8u); pair S,T[],U[]; numeric dx,dh,cr; dx:=3; dh:=1.5; cr:=0.1; for i:=1 upto 6: U[i]:=(2*dx*u,-i*dh*u); endfor T[1]:= 0.5[U[1],U[2]]&hellip;<\/p>\n","protected":false},"author":1,"featured_media":0,"parent":2410,"menu_order":2,"comment_status":"closed","ping_status":"closed","template":"","meta":{"footnotes":""},"class_list":["post-91","page","type-page","status-publish","hentry"],"yoast_head":"<!-- This site is optimized with the Yoast SEO plugin v27.1.1 - https:\/\/yoast.com\/product\/yoast-seo-wordpress\/ -->\n<title>Un arbre de probabilit\u00e9 3x2 - Maths &amp; Num\u00e9rique<\/title>\n<meta name=\"robots\" content=\"index, follow, max-snippet:-1, max-image-preview:large, max-video-preview:-1\" \/>\n<link rel=\"canonical\" href=\"https:\/\/wordpress.callac.online\/index.php\/edition-mathematique\/metapost\/arbres-de-probabilite\/un-arbre-de-probabilite-3x2-2\/\" \/>\n<meta property=\"og:locale\" content=\"fr_FR\" \/>\n<meta property=\"og:type\" content=\"article\" \/>\n<meta property=\"og:title\" content=\"Un arbre de probabilit\u00e9 3x2 - Maths &amp; Num\u00e9rique\" \/>\n<meta property=\"og:description\" content=\"Voici son code : input geometriesyr16.mp ; %------------------------------------------------------------------------ % Arbre 3x2 %------------------------------------------------------------------------ u:=1cm; figure (-8u,-12u,10u,8u); pair S,T[],U[]; numeric dx,dh,cr; dx:=3; dh:=1.5; cr:=0.1; for i:=1 upto 6: U[i]:=(2*dx*u,-i*dh*u); endfor T[1]:= 0.5[U[1],U[2]]&hellip;\" \/>\n<meta property=\"og:url\" content=\"https:\/\/wordpress.callac.online\/index.php\/edition-mathematique\/metapost\/arbres-de-probabilite\/un-arbre-de-probabilite-3x2-2\/\" \/>\n<meta property=\"og:site_name\" content=\"Maths &amp; Num\u00e9rique\" \/>\n<meta property=\"article:modified_time\" content=\"2023-10-14T18:12:50+00:00\" \/>\n<meta property=\"og:image\" content=\"http:\/\/wordpress.callac.online\/wp-content\/uploads\/2007\/06\/jpg_arbre32-2.jpg\" \/>\n<meta name=\"twitter:card\" content=\"summary_large_image\" \/>\n<meta name=\"twitter:label1\" content=\"Dur\u00e9e de lecture estim\u00e9e\" \/>\n\t<meta name=\"twitter:data1\" content=\"1 minute\" \/>\n<script type=\"application\/ld+json\" class=\"yoast-schema-graph\">{\"@context\":\"https:\/\/schema.org\",\"@graph\":[{\"@type\":\"WebPage\",\"@id\":\"https:\/\/wordpress.callac.online\/index.php\/edition-mathematique\/metapost\/arbres-de-probabilite\/un-arbre-de-probabilite-3x2-2\/\",\"url\":\"https:\/\/wordpress.callac.online\/index.php\/edition-mathematique\/metapost\/arbres-de-probabilite\/un-arbre-de-probabilite-3x2-2\/\",\"name\":\"Un arbre de probabilit\u00e9 3x2 - Maths &amp; Num\u00e9rique\",\"isPartOf\":{\"@id\":\"https:\/\/wordpress.callac.online\/#website\"},\"primaryImageOfPage\":{\"@id\":\"https:\/\/wordpress.callac.online\/index.php\/edition-mathematique\/metapost\/arbres-de-probabilite\/un-arbre-de-probabilite-3x2-2\/#primaryimage\"},\"image\":{\"@id\":\"https:\/\/wordpress.callac.online\/index.php\/edition-mathematique\/metapost\/arbres-de-probabilite\/un-arbre-de-probabilite-3x2-2\/#primaryimage\"},\"thumbnailUrl\":\"http:\/\/wordpress.callac.online\/wp-content\/uploads\/2007\/06\/jpg_arbre32-2.jpg\",\"datePublished\":\"2007-06-23T18:24:17+00:00\",\"dateModified\":\"2023-10-14T18:12:50+00:00\",\"breadcrumb\":{\"@id\":\"https:\/\/wordpress.callac.online\/index.php\/edition-mathematique\/metapost\/arbres-de-probabilite\/un-arbre-de-probabilite-3x2-2\/#breadcrumb\"},\"inLanguage\":\"fr-FR\",\"potentialAction\":[{\"@type\":\"ReadAction\",\"target\":[\"https:\/\/wordpress.callac.online\/index.php\/edition-mathematique\/metapost\/arbres-de-probabilite\/un-arbre-de-probabilite-3x2-2\/\"]}]},{\"@type\":\"ImageObject\",\"inLanguage\":\"fr-FR\",\"@id\":\"https:\/\/wordpress.callac.online\/index.php\/edition-mathematique\/metapost\/arbres-de-probabilite\/un-arbre-de-probabilite-3x2-2\/#primaryimage\",\"url\":\"https:\/\/wordpress.callac.online\/wp-content\/uploads\/2007\/06\/jpg_arbre32-2.jpg\",\"contentUrl\":\"https:\/\/wordpress.callac.online\/wp-content\/uploads\/2007\/06\/jpg_arbre32-2.jpg\",\"width\":240,\"height\":314,\"caption\":\"arbre32-2.jpg\"},{\"@type\":\"BreadcrumbList\",\"@id\":\"https:\/\/wordpress.callac.online\/index.php\/edition-mathematique\/metapost\/arbres-de-probabilite\/un-arbre-de-probabilite-3x2-2\/#breadcrumb\",\"itemListElement\":[{\"@type\":\"ListItem\",\"position\":1,\"name\":\"Accueil\",\"item\":\"https:\/\/wordpress.callac.online\/\"},{\"@type\":\"ListItem\",\"position\":2,\"name\":\"\u00c9dition math\u00e9matique\",\"item\":\"https:\/\/wordpress.callac.online\/index.php\/edition-mathematique\/\"},{\"@type\":\"ListItem\",\"position\":3,\"name\":\"Metapost\",\"item\":\"https:\/\/wordpress.callac.online\/index.php\/edition-mathematique\/metapost\/\"},{\"@type\":\"ListItem\",\"position\":4,\"name\":\"Arbres de probabilit\u00e9\",\"item\":\"https:\/\/wordpress.callac.online\/index.php\/edition-mathematique\/metapost\/arbres-de-probabilite\/\"},{\"@type\":\"ListItem\",\"position\":5,\"name\":\"Un arbre de probabilit\u00e9 3&#215;2\"}]},{\"@type\":\"WebSite\",\"@id\":\"https:\/\/wordpress.callac.online\/#website\",\"url\":\"https:\/\/wordpress.callac.online\/\",\"name\":\"Maths & Num\u00e9rique\",\"description\":\"Des outils pour les enseignants de math\u00e9matiques et de num\u00e9rique\",\"publisher\":{\"@id\":\"https:\/\/wordpress.callac.online\/#\/schema\/person\/04061f1ca2c2c42039142a704be95940\"},\"potentialAction\":[{\"@type\":\"SearchAction\",\"target\":{\"@type\":\"EntryPoint\",\"urlTemplate\":\"https:\/\/wordpress.callac.online\/?s={search_term_string}\"},\"query-input\":{\"@type\":\"PropertyValueSpecification\",\"valueRequired\":true,\"valueName\":\"search_term_string\"}}],\"inLanguage\":\"fr-FR\"},{\"@type\":[\"Person\",\"Organization\"],\"@id\":\"https:\/\/wordpress.callac.online\/#\/schema\/person\/04061f1ca2c2c42039142a704be95940\",\"name\":\"dlefur\",\"image\":{\"@type\":\"ImageObject\",\"inLanguage\":\"fr-FR\",\"@id\":\"https:\/\/wordpress.callac.online\/#\/schema\/person\/image\/\",\"url\":\"https:\/\/secure.gravatar.com\/avatar\/4a9e17be136808c6597f28aa2b6c13126dab066fdc2198ff60090972c9b7fafc?s=96&d=mm&r=g\",\"contentUrl\":\"https:\/\/secure.gravatar.com\/avatar\/4a9e17be136808c6597f28aa2b6c13126dab066fdc2198ff60090972c9b7fafc?s=96&d=mm&r=g\",\"caption\":\"dlefur\"},\"logo\":{\"@id\":\"https:\/\/wordpress.callac.online\/#\/schema\/person\/image\/\"},\"description\":\"Enseignant de math\u00e9matiques Lyc\u00e9e Pasteur S\u00e3o Paulo\",\"sameAs\":[\"http:\/\/wordpress.callac.online\"]}]}<\/script>\n<!-- \/ Yoast SEO plugin. -->","yoast_head_json":{"title":"Un arbre de probabilit\u00e9 3x2 - Maths &amp; Num\u00e9rique","robots":{"index":"index","follow":"follow","max-snippet":"max-snippet:-1","max-image-preview":"max-image-preview:large","max-video-preview":"max-video-preview:-1"},"canonical":"https:\/\/wordpress.callac.online\/index.php\/edition-mathematique\/metapost\/arbres-de-probabilite\/un-arbre-de-probabilite-3x2-2\/","og_locale":"fr_FR","og_type":"article","og_title":"Un arbre de probabilit\u00e9 3x2 - Maths &amp; Num\u00e9rique","og_description":"Voici son code : input geometriesyr16.mp ; %------------------------------------------------------------------------ % Arbre 3x2 %------------------------------------------------------------------------ u:=1cm; figure (-8u,-12u,10u,8u); pair S,T[],U[]; numeric dx,dh,cr; dx:=3; dh:=1.5; cr:=0.1; for i:=1 upto 6: U[i]:=(2*dx*u,-i*dh*u); endfor T[1]:= 0.5[U[1],U[2]]&hellip;","og_url":"https:\/\/wordpress.callac.online\/index.php\/edition-mathematique\/metapost\/arbres-de-probabilite\/un-arbre-de-probabilite-3x2-2\/","og_site_name":"Maths &amp; Num\u00e9rique","article_modified_time":"2023-10-14T18:12:50+00:00","og_image":[{"url":"http:\/\/wordpress.callac.online\/wp-content\/uploads\/2007\/06\/jpg_arbre32-2.jpg","type":"","width":"","height":""}],"twitter_card":"summary_large_image","twitter_misc":{"Dur\u00e9e de lecture estim\u00e9e":"1 minute"},"schema":{"@context":"https:\/\/schema.org","@graph":[{"@type":"WebPage","@id":"https:\/\/wordpress.callac.online\/index.php\/edition-mathematique\/metapost\/arbres-de-probabilite\/un-arbre-de-probabilite-3x2-2\/","url":"https:\/\/wordpress.callac.online\/index.php\/edition-mathematique\/metapost\/arbres-de-probabilite\/un-arbre-de-probabilite-3x2-2\/","name":"Un arbre de probabilit\u00e9 3x2 - Maths &amp; Num\u00e9rique","isPartOf":{"@id":"https:\/\/wordpress.callac.online\/#website"},"primaryImageOfPage":{"@id":"https:\/\/wordpress.callac.online\/index.php\/edition-mathematique\/metapost\/arbres-de-probabilite\/un-arbre-de-probabilite-3x2-2\/#primaryimage"},"image":{"@id":"https:\/\/wordpress.callac.online\/index.php\/edition-mathematique\/metapost\/arbres-de-probabilite\/un-arbre-de-probabilite-3x2-2\/#primaryimage"},"thumbnailUrl":"http:\/\/wordpress.callac.online\/wp-content\/uploads\/2007\/06\/jpg_arbre32-2.jpg","datePublished":"2007-06-23T18:24:17+00:00","dateModified":"2023-10-14T18:12:50+00:00","breadcrumb":{"@id":"https:\/\/wordpress.callac.online\/index.php\/edition-mathematique\/metapost\/arbres-de-probabilite\/un-arbre-de-probabilite-3x2-2\/#breadcrumb"},"inLanguage":"fr-FR","potentialAction":[{"@type":"ReadAction","target":["https:\/\/wordpress.callac.online\/index.php\/edition-mathematique\/metapost\/arbres-de-probabilite\/un-arbre-de-probabilite-3x2-2\/"]}]},{"@type":"ImageObject","inLanguage":"fr-FR","@id":"https:\/\/wordpress.callac.online\/index.php\/edition-mathematique\/metapost\/arbres-de-probabilite\/un-arbre-de-probabilite-3x2-2\/#primaryimage","url":"https:\/\/wordpress.callac.online\/wp-content\/uploads\/2007\/06\/jpg_arbre32-2.jpg","contentUrl":"https:\/\/wordpress.callac.online\/wp-content\/uploads\/2007\/06\/jpg_arbre32-2.jpg","width":240,"height":314,"caption":"arbre32-2.jpg"},{"@type":"BreadcrumbList","@id":"https:\/\/wordpress.callac.online\/index.php\/edition-mathematique\/metapost\/arbres-de-probabilite\/un-arbre-de-probabilite-3x2-2\/#breadcrumb","itemListElement":[{"@type":"ListItem","position":1,"name":"Accueil","item":"https:\/\/wordpress.callac.online\/"},{"@type":"ListItem","position":2,"name":"\u00c9dition math\u00e9matique","item":"https:\/\/wordpress.callac.online\/index.php\/edition-mathematique\/"},{"@type":"ListItem","position":3,"name":"Metapost","item":"https:\/\/wordpress.callac.online\/index.php\/edition-mathematique\/metapost\/"},{"@type":"ListItem","position":4,"name":"Arbres de probabilit\u00e9","item":"https:\/\/wordpress.callac.online\/index.php\/edition-mathematique\/metapost\/arbres-de-probabilite\/"},{"@type":"ListItem","position":5,"name":"Un arbre de probabilit\u00e9 3&#215;2"}]},{"@type":"WebSite","@id":"https:\/\/wordpress.callac.online\/#website","url":"https:\/\/wordpress.callac.online\/","name":"Maths & Num\u00e9rique","description":"Des outils pour les enseignants de math\u00e9matiques et de num\u00e9rique","publisher":{"@id":"https:\/\/wordpress.callac.online\/#\/schema\/person\/04061f1ca2c2c42039142a704be95940"},"potentialAction":[{"@type":"SearchAction","target":{"@type":"EntryPoint","urlTemplate":"https:\/\/wordpress.callac.online\/?s={search_term_string}"},"query-input":{"@type":"PropertyValueSpecification","valueRequired":true,"valueName":"search_term_string"}}],"inLanguage":"fr-FR"},{"@type":["Person","Organization"],"@id":"https:\/\/wordpress.callac.online\/#\/schema\/person\/04061f1ca2c2c42039142a704be95940","name":"dlefur","image":{"@type":"ImageObject","inLanguage":"fr-FR","@id":"https:\/\/wordpress.callac.online\/#\/schema\/person\/image\/","url":"https:\/\/secure.gravatar.com\/avatar\/4a9e17be136808c6597f28aa2b6c13126dab066fdc2198ff60090972c9b7fafc?s=96&d=mm&r=g","contentUrl":"https:\/\/secure.gravatar.com\/avatar\/4a9e17be136808c6597f28aa2b6c13126dab066fdc2198ff60090972c9b7fafc?s=96&d=mm&r=g","caption":"dlefur"},"logo":{"@id":"https:\/\/wordpress.callac.online\/#\/schema\/person\/image\/"},"description":"Enseignant de math\u00e9matiques Lyc\u00e9e Pasteur S\u00e3o Paulo","sameAs":["http:\/\/wordpress.callac.online"]}]}},"_links":{"self":[{"href":"https:\/\/wordpress.callac.online\/index.php\/wp-json\/wp\/v2\/pages\/91","targetHints":{"allow":["GET"]}}],"collection":[{"href":"https:\/\/wordpress.callac.online\/index.php\/wp-json\/wp\/v2\/pages"}],"about":[{"href":"https:\/\/wordpress.callac.online\/index.php\/wp-json\/wp\/v2\/types\/page"}],"author":[{"embeddable":true,"href":"https:\/\/wordpress.callac.online\/index.php\/wp-json\/wp\/v2\/users\/1"}],"replies":[{"embeddable":true,"href":"https:\/\/wordpress.callac.online\/index.php\/wp-json\/wp\/v2\/comments?post=91"}],"version-history":[{"count":2,"href":"https:\/\/wordpress.callac.online\/index.php\/wp-json\/wp\/v2\/pages\/91\/revisions"}],"predecessor-version":[{"id":2477,"href":"https:\/\/wordpress.callac.online\/index.php\/wp-json\/wp\/v2\/pages\/91\/revisions\/2477"}],"up":[{"embeddable":true,"href":"https:\/\/wordpress.callac.online\/index.php\/wp-json\/wp\/v2\/pages\/2410"}],"wp:attachment":[{"href":"https:\/\/wordpress.callac.online\/index.php\/wp-json\/wp\/v2\/media?parent=91"}],"curies":[{"name":"wp","href":"https:\/\/api.w.org\/{rel}","templated":true}]}}