{"id":962,"date":"2020-07-22T11:23:59","date_gmt":"2020-07-22T09:23:59","guid":{"rendered":"http:\/\/wordpress.callac.online\/?page_id=962"},"modified":"2025-08-21T11:50:55","modified_gmt":"2025-08-21T09:50:55","slug":"un-site-de-partage","status":"publish","type":"page","link":"https:\/\/wordpress.callac.online\/","title":{"rendered":"Accueil"},"content":{"rendered":"<div class=\"wp-block-image is-resized\">\n<figure class=\"alignright size-large\"><img loading=\"lazy\" decoding=\"async\" width=\"60\" height=\"55\" src=\"http:\/\/wordpress.callac.online\/wp-content\/uploads\/2020\/07\/iconeprofessor.png\" alt=\"\" class=\"wp-image-2772\"\/><\/figure>\n<\/div>\n\n\n<p>L&rsquo;objectif est de partager des outils ou des techniques, ceci pour des cours de maths ou de num\u00e9rique (SNT, NSI).<\/p>\n<p>Promenez-vous au hasard, ou allez directement voir les ressources pour le <a href=\"http:\/\/wordpress.callac.online\/index.php\/mes-partages\/pour-le-college\/\">coll\u00e8ge<\/a> ou le <a href=\"http:\/\/wordpress.callac.online\/index.php\/mes-partages\/pour-le-lycee\/\">lyc\u00e9e<\/a>.<\/p>\n<p>Dans les nouveaut\u00e9s,<\/p>\n<ul>\n<li><a href=\"https:\/\/wordpress.callac.online\/index.php\/mes-partages\/des-generateurs-dexercices-par-niveau\/\" rel=\"noopener\">mes g\u00e9n\u00e9rateurs d&rsquo;exercices pour le coll\u00e8ge et le lyc\u00e9e.<\/a><\/li>\n<\/ul>\n<p>Bonne lecture !<\/p>\n\n\n\n<hr class=\"wp-block-separator has-css-opacity\"\/>\n\n\n\n<hr class=\"wp-block-separator has-css-opacity\"\/>\n\n\n\n<figure class=\"wp-block-gallery has-nested-images columns-default is-cropped wp-block-gallery-1 is-layout-flex wp-block-gallery-is-layout-flex\">\n<figure class=\"wp-block-image size-large\"><img loading=\"lazy\" decoding=\"async\" width=\"60\" height=\"60\" data-id=\"1700\" src=\"https:\/\/wordpress.callac.online\/wp-content\/uploads\/2020\/07\/rubon4.png\" alt=\"\" class=\"wp-image-1700\"\/><\/figure>\n\n\n\n<figure class=\"wp-block-image size-large\"><img loading=\"lazy\" decoding=\"async\" width=\"120\" height=\"120\" data-id=\"1685\" src=\"https:\/\/wordpress.callac.online\/wp-content\/uploads\/2020\/07\/rubon57.png\" alt=\"\" class=\"wp-image-1685\"\/><\/figure>\n\n\n\n<figure class=\"wp-block-image size-large\"><img loading=\"lazy\" decoding=\"async\" width=\"125\" height=\"120\" data-id=\"1682\" src=\"https:\/\/wordpress.callac.online\/wp-content\/uploads\/2020\/07\/rubon79.png\" alt=\"\" class=\"wp-image-1682\"\/><\/figure>\n\n\n\n<figure class=\"wp-block-image size-large\"><img loading=\"lazy\" decoding=\"async\" width=\"150\" height=\"150\" data-id=\"1680\" src=\"https:\/\/wordpress.callac.online\/wp-content\/uploads\/2020\/07\/rubon86.gif\" alt=\"\" class=\"wp-image-1680\"\/><\/figure>\n\n\n\n<figure class=\"wp-block-image size-large\"><img loading=\"lazy\" decoding=\"async\" width=\"361\" height=\"582\" data-id=\"893\" src=\"https:\/\/wordpress.callac.online\/wp-content\/uploads\/2014\/02\/png_ecran-3.png\" alt=\"ecran-3.png\" class=\"wp-image-893\" srcset=\"https:\/\/wordpress.callac.online\/wp-content\/uploads\/2014\/02\/png_ecran-3.png 361w, https:\/\/wordpress.callac.online\/wp-content\/uploads\/2014\/02\/png_ecran-3-186x300.png 186w\" sizes=\"auto, (max-width: 361px) 100vw, 361px\" \/><\/figure>\n\n\n\n<figure class=\"wp-block-image size-large\"><img loading=\"lazy\" decoding=\"async\" width=\"159\" height=\"205\" data-id=\"875\" src=\"https:\/\/wordpress.callac.online\/wp-content\/uploads\/2012\/12\/png_hasard1.png\" alt=\"hasard1.png\" class=\"wp-image-875\"\/><\/figure>\n\n\n\n<figure class=\"wp-block-image size-large\"><img loading=\"lazy\" decoding=\"async\" width=\"810\" height=\"743\" data-id=\"863\" src=\"https:\/\/wordpress.callac.online\/wp-content\/uploads\/2013\/07\/jpg_professor.jpg\" alt=\"Fen\u00eatre principale\" class=\"wp-image-863\" srcset=\"https:\/\/wordpress.callac.online\/wp-content\/uploads\/2013\/07\/jpg_professor.jpg 810w, https:\/\/wordpress.callac.online\/wp-content\/uploads\/2013\/07\/jpg_professor-300x275.jpg 300w, https:\/\/wordpress.callac.online\/wp-content\/uploads\/2013\/07\/jpg_professor-768x704.jpg 768w\" sizes=\"auto, (max-width: 810px) 100vw, 810px\" \/><figcaption class=\"wp-element-caption\">Fen\u00eatre principale<\/figcaption><\/figure>\n\n\n\n<figure class=\"wp-block-image size-large\"><img loading=\"lazy\" decoding=\"async\" width=\"241\" height=\"230\" data-id=\"872\" src=\"https:\/\/wordpress.callac.online\/wp-content\/uploads\/2012\/12\/png_labyrinthe1.png\" alt=\"labyrinthe1.png\" class=\"wp-image-872\"\/><\/figure>\n\n\n\n<figure class=\"wp-block-image size-large\"><img loading=\"lazy\" decoding=\"async\" width=\"402\" height=\"282\" data-id=\"853\" src=\"https:\/\/wordpress.callac.online\/wp-content\/uploads\/2009\/05\/jpg_promat3.jpg\" alt=\"promat3.jpg\" class=\"wp-image-853\" srcset=\"https:\/\/wordpress.callac.online\/wp-content\/uploads\/2009\/05\/jpg_promat3.jpg 402w, https:\/\/wordpress.callac.online\/wp-content\/uploads\/2009\/05\/jpg_promat3-300x210.jpg 300w\" sizes=\"auto, (max-width: 402px) 100vw, 402px\" \/><\/figure>\n\n\n\n<figure class=\"wp-block-image size-large\"><img loading=\"lazy\" decoding=\"async\" width=\"959\" height=\"650\" data-id=\"842\" src=\"https:\/\/wordpress.callac.online\/wp-content\/uploads\/2008\/12\/jpg_cube-2-2.jpg\" alt=\"cube-2-2.jpg\" class=\"wp-image-842\" srcset=\"https:\/\/wordpress.callac.online\/wp-content\/uploads\/2008\/12\/jpg_cube-2-2.jpg 959w, https:\/\/wordpress.callac.online\/wp-content\/uploads\/2008\/12\/jpg_cube-2-2-300x203.jpg 300w, https:\/\/wordpress.callac.online\/wp-content\/uploads\/2008\/12\/jpg_cube-2-2-768x521.jpg 768w\" sizes=\"auto, (max-width: 959px) 100vw, 959px\" \/><\/figure>\n\n\n\n<figure class=\"wp-block-image size-large\"><img loading=\"lazy\" decoding=\"async\" width=\"578\" height=\"666\" data-id=\"827\" src=\"https:\/\/wordpress.callac.online\/wp-content\/uploads\/2008\/10\/jpg_courbesemilog1-2.jpg\" alt=\"courbesemilog1-2.jpg\" class=\"wp-image-827\" srcset=\"https:\/\/wordpress.callac.online\/wp-content\/uploads\/2008\/10\/jpg_courbesemilog1-2.jpg 578w, https:\/\/wordpress.callac.online\/wp-content\/uploads\/2008\/10\/jpg_courbesemilog1-2-260x300.jpg 260w\" sizes=\"auto, (max-width: 578px) 100vw, 578px\" \/><\/figure>\n\n\n\n<figure class=\"wp-block-image size-large\"><img loading=\"lazy\" decoding=\"async\" width=\"496\" height=\"631\" data-id=\"821\" src=\"https:\/\/wordpress.callac.online\/wp-content\/uploads\/2008\/09\/jpg_courbemulti6.jpg\" alt=\"courbemulti6.jpg\" class=\"wp-image-821\" srcset=\"https:\/\/wordpress.callac.online\/wp-content\/uploads\/2008\/09\/jpg_courbemulti6.jpg 496w, https:\/\/wordpress.callac.online\/wp-content\/uploads\/2008\/09\/jpg_courbemulti6-236x300.jpg 236w\" sizes=\"auto, (max-width: 496px) 100vw, 496px\" \/><\/figure>\n\n\n\n<figure class=\"wp-block-image size-large\"><img loading=\"lazy\" decoding=\"async\" width=\"587\" height=\"545\" data-id=\"814\" src=\"https:\/\/wordpress.callac.online\/wp-content\/uploads\/2008\/09\/jpg_courbefn6.jpg\" alt=\"courbefn6.jpg\" class=\"wp-image-814\" srcset=\"https:\/\/wordpress.callac.online\/wp-content\/uploads\/2008\/09\/jpg_courbefn6.jpg 587w, https:\/\/wordpress.callac.online\/wp-content\/uploads\/2008\/09\/jpg_courbefn6-300x279.jpg 300w\" sizes=\"auto, (max-width: 587px) 100vw, 587px\" \/><\/figure>\n\n\n\n<figure class=\"wp-block-image size-large\"><img loading=\"lazy\" decoding=\"async\" width=\"644\" height=\"687\" data-id=\"768\" src=\"https:\/\/wordpress.callac.online\/wp-content\/uploads\/2008\/08\/jpg_suite2.jpg\" alt=\"suite2.jpg\" class=\"wp-image-768\" srcset=\"https:\/\/wordpress.callac.online\/wp-content\/uploads\/2008\/08\/jpg_suite2.jpg 644w, https:\/\/wordpress.callac.online\/wp-content\/uploads\/2008\/08\/jpg_suite2-281x300.jpg 281w\" sizes=\"auto, (max-width: 644px) 100vw, 644px\" \/><\/figure>\n\n\n\n<figure class=\"wp-block-image size-large\"><img loading=\"lazy\" decoding=\"async\" width=\"496\" height=\"699\" data-id=\"757\" src=\"https:\/\/wordpress.callac.online\/wp-content\/uploads\/2008\/07\/jpg_courbemulti1-2.jpg\" alt=\"courbemulti1-2.jpg\" class=\"wp-image-757\" srcset=\"https:\/\/wordpress.callac.online\/wp-content\/uploads\/2008\/07\/jpg_courbemulti1-2.jpg 496w, https:\/\/wordpress.callac.online\/wp-content\/uploads\/2008\/07\/jpg_courbemulti1-2-213x300.jpg 213w\" sizes=\"auto, (max-width: 496px) 100vw, 496px\" \/><\/figure>\n\n\n\n<figure class=\"wp-block-image size-large\"><img loading=\"lazy\" decoding=\"async\" width=\"705\" height=\"546\" data-id=\"754\" src=\"https:\/\/wordpress.callac.online\/wp-content\/uploads\/2008\/07\/jpg_graphe7.jpg\" alt=\"graphe7.jpg\" class=\"wp-image-754\" srcset=\"https:\/\/wordpress.callac.online\/wp-content\/uploads\/2008\/07\/jpg_graphe7.jpg 705w, https:\/\/wordpress.callac.online\/wp-content\/uploads\/2008\/07\/jpg_graphe7-300x232.jpg 300w\" sizes=\"auto, (max-width: 705px) 100vw, 705px\" \/><\/figure>\n\n\n\n<figure class=\"wp-block-image size-large\"><img loading=\"lazy\" decoding=\"async\" width=\"625\" height=\"275\" data-id=\"751\" src=\"https:\/\/wordpress.callac.online\/wp-content\/uploads\/2008\/07\/jpg_diljkstra.jpg\" alt=\"diljkstra.jpg\" class=\"wp-image-751\" srcset=\"https:\/\/wordpress.callac.online\/wp-content\/uploads\/2008\/07\/jpg_diljkstra.jpg 625w, https:\/\/wordpress.callac.online\/wp-content\/uploads\/2008\/07\/jpg_diljkstra-300x132.jpg 300w\" sizes=\"auto, (max-width: 625px) 100vw, 625px\" \/><\/figure>\n\n\n\n<figure class=\"wp-block-image size-large\"><img loading=\"lazy\" decoding=\"async\" width=\"701\" height=\"395\" data-id=\"732\" src=\"https:\/\/wordpress.callac.online\/wp-content\/uploads\/2008\/07\/jpg_statdiv6.jpg\" alt=\"statdiv6.jpg\" class=\"wp-image-732\" srcset=\"https:\/\/wordpress.callac.online\/wp-content\/uploads\/2008\/07\/jpg_statdiv6.jpg 701w, https:\/\/wordpress.callac.online\/wp-content\/uploads\/2008\/07\/jpg_statdiv6-300x169.jpg 300w\" sizes=\"auto, (max-width: 701px) 100vw, 701px\" \/><\/figure>\n\n\n\n<figure class=\"wp-block-image size-large\"><img loading=\"lazy\" decoding=\"async\" width=\"709\" height=\"497\" data-id=\"728\" src=\"https:\/\/wordpress.callac.online\/wp-content\/uploads\/2008\/07\/jpg_statdiv1.jpg\" alt=\"statdiv1.jpg\" class=\"wp-image-728\" srcset=\"https:\/\/wordpress.callac.online\/wp-content\/uploads\/2008\/07\/jpg_statdiv1.jpg 709w, https:\/\/wordpress.callac.online\/wp-content\/uploads\/2008\/07\/jpg_statdiv1-300x210.jpg 300w\" sizes=\"auto, (max-width: 709px) 100vw, 709px\" \/><\/figure>\n\n\n\n<figure class=\"wp-block-image size-large\"><img loading=\"lazy\" decoding=\"async\" width=\"525\" height=\"174\" data-id=\"692\" src=\"https:\/\/wordpress.callac.online\/wp-content\/uploads\/2008\/06\/jpg_tv.jpg\" alt=\"tv.jpg\" class=\"wp-image-692\" srcset=\"https:\/\/wordpress.callac.online\/wp-content\/uploads\/2008\/06\/jpg_tv.jpg 525w, https:\/\/wordpress.callac.online\/wp-content\/uploads\/2008\/06\/jpg_tv-300x99.jpg 300w\" sizes=\"auto, (max-width: 525px) 100vw, 525px\" \/><\/figure>\n\n\n\n<figure class=\"wp-block-image size-large\"><img loading=\"lazy\" decoding=\"async\" width=\"900\" height=\"650\" data-id=\"622\" src=\"https:\/\/wordpress.callac.online\/wp-content\/uploads\/2007\/10\/jpg_wingeorap1.jpg\" alt=\"Aper\u00e7u de la fen\u00eatre\" class=\"wp-image-622\" srcset=\"https:\/\/wordpress.callac.online\/wp-content\/uploads\/2007\/10\/jpg_wingeorap1.jpg 900w, https:\/\/wordpress.callac.online\/wp-content\/uploads\/2007\/10\/jpg_wingeorap1-300x217.jpg 300w, https:\/\/wordpress.callac.online\/wp-content\/uploads\/2007\/10\/jpg_wingeorap1-768x555.jpg 768w\" sizes=\"auto, (max-width: 900px) 100vw, 900px\" \/><figcaption class=\"wp-element-caption\">Aper\u00e7u de la fen\u00eatre<\/figcaption><\/figure>\n\n\n\n<figure class=\"wp-block-image size-large\"><img loading=\"lazy\" decoding=\"async\" width=\"389\" height=\"420\" data-id=\"608\" src=\"https:\/\/wordpress.callac.online\/wp-content\/uploads\/2007\/09\/jpg_pythagore2.jpg\" alt=\"pythagore2.jpg\" class=\"wp-image-608\" srcset=\"https:\/\/wordpress.callac.online\/wp-content\/uploads\/2007\/09\/jpg_pythagore2.jpg 389w, https:\/\/wordpress.callac.online\/wp-content\/uploads\/2007\/09\/jpg_pythagore2-278x300.jpg 278w\" sizes=\"auto, (max-width: 389px) 100vw, 389px\" \/><\/figure>\n\n\n\n<figure class=\"wp-block-image size-large\"><img loading=\"lazy\" decoding=\"async\" width=\"235\" height=\"207\" data-id=\"598\" src=\"https:\/\/wordpress.callac.online\/wp-content\/uploads\/2007\/06\/jpg_arbre22-2.jpg\" alt=\"arbre22-2.jpg\" class=\"wp-image-598\"\/><\/figure>\n\n\n\n<figure class=\"wp-block-image size-large\"><img loading=\"lazy\" decoding=\"async\" width=\"243\" height=\"221\" data-id=\"531\" src=\"https:\/\/wordpress.callac.online\/wp-content\/uploads\/2007\/05\/jpg_triangle4.jpg\" alt=\"triangle4.jpg\" class=\"wp-image-531\"\/><\/figure>\n\n\n\n<figure class=\"wp-block-image size-large\"><img loading=\"lazy\" decoding=\"async\" width=\"233\" height=\"272\" data-id=\"546\" src=\"https:\/\/wordpress.callac.online\/wp-content\/uploads\/2007\/05\/jpg_cone2.jpg\" alt=\"cone2.jpg\" class=\"wp-image-546\"\/><\/figure>\n\n\n\n<figure class=\"wp-block-image size-large\"><img loading=\"lazy\" decoding=\"async\" width=\"300\" height=\"300\" data-id=\"1703\" src=\"https:\/\/wordpress.callac.online\/wp-content\/uploads\/2020\/07\/rubon0.png\" alt=\"\" class=\"wp-image-1703\" srcset=\"https:\/\/wordpress.callac.online\/wp-content\/uploads\/2020\/07\/rubon0.png 300w, https:\/\/wordpress.callac.online\/wp-content\/uploads\/2020\/07\/rubon0-150x150.png 150w\" sizes=\"auto, (max-width: 300px) 100vw, 300px\" \/><\/figure>\n\n\n\n<figure class=\"wp-block-image size-large\"><img loading=\"lazy\" decoding=\"async\" width=\"225\" height=\"225\" data-id=\"882\" src=\"https:\/\/wordpress.callac.online\/wp-content\/uploads\/2013\/12\/jpg_led_rgb.jpg\" alt=\"led_rgb.jpg\" class=\"wp-image-882\" srcset=\"https:\/\/wordpress.callac.online\/wp-content\/uploads\/2013\/12\/jpg_led_rgb.jpg 225w, https:\/\/wordpress.callac.online\/wp-content\/uploads\/2013\/12\/jpg_led_rgb-150x150.jpg 150w, https:\/\/wordpress.callac.online\/wp-content\/uploads\/2013\/12\/jpg_led_rgb-100x100.jpg 100w\" sizes=\"auto, (max-width: 225px) 100vw, 225px\" \/><\/figure>\n<\/figure>\n","protected":false},"excerpt":{"rendered":"<p>L&rsquo;objectif est de partager des outils ou des techniques, ceci pour des cours de maths ou de num\u00e9rique (SNT, NSI). Promenez-vous au hasard, ou allez directement voir les ressources pour&hellip;<\/p>\n","protected":false},"author":1,"featured_media":0,"parent":0,"menu_order":0,"comment_status":"closed","ping_status":"closed","template":"","meta":{"footnotes":""},"class_list":["post-962","page","type-page","status-publish","hentry"],"yoast_head":"<!-- This site is optimized with the Yoast SEO plugin v27.1.1 - https:\/\/yoast.com\/product\/yoast-seo-wordpress\/ -->\n<title>Accueil - Maths &amp; Num\u00e9rique - LaTeX, Python et autres<\/title>\n<meta name=\"description\" content=\"Pour remplacer &quot;Les Maths libres&quot;, voici un site permettant aux enseignats de maths et num\u00e9rique du coll\u00e9ge et du lyc\u00e9e de trouver des ressources.\" \/>\n<meta name=\"robots\" content=\"index, follow, max-snippet:-1, max-image-preview:large, max-video-preview:-1\" \/>\n<link rel=\"canonical\" href=\"https:\/\/wordpress.callac.online\/\" \/>\n<meta property=\"og:locale\" content=\"fr_FR\" \/>\n<meta property=\"og:type\" content=\"article\" \/>\n<meta property=\"og:title\" content=\"Accueil - Maths &amp; Num\u00e9rique - LaTeX, Python et autres\" \/>\n<meta property=\"og:description\" content=\"Pour remplacer &quot;Les Maths libres&quot;, voici un site permettant aux enseignats de maths et num\u00e9rique du coll\u00e9ge et du lyc\u00e9e de trouver des ressources.\" \/>\n<meta property=\"og:url\" content=\"https:\/\/wordpress.callac.online\/\" \/>\n<meta property=\"og:site_name\" content=\"Maths &amp; Num\u00e9rique\" \/>\n<meta property=\"article:modified_time\" content=\"2025-08-21T09:50:55+00:00\" \/>\n<meta property=\"og:image\" content=\"https:\/\/wordpress.callac.online\/wp-content\/uploads\/2020\/07\/iconeprofessor.png\" \/>\n\t<meta property=\"og:image:width\" content=\"60\" \/>\n\t<meta property=\"og:image:height\" content=\"55\" \/>\n\t<meta property=\"og:image:type\" content=\"image\/png\" \/>\n<meta name=\"twitter:card\" content=\"summary_large_image\" \/>\n<meta name=\"twitter:label1\" content=\"Dur\u00e9e de lecture estim\u00e9e\" \/>\n\t<meta name=\"twitter:data1\" content=\"6 minutes\" \/>\n<script type=\"application\/ld+json\" class=\"yoast-schema-graph\">{\"@context\":\"https:\/\/schema.org\",\"@graph\":[{\"@type\":\"WebPage\",\"@id\":\"https:\/\/wordpress.callac.online\/\",\"url\":\"https:\/\/wordpress.callac.online\/\",\"name\":\"Accueil - Maths &amp; Num\u00e9rique - LaTeX, Python et autres\",\"isPartOf\":{\"@id\":\"https:\/\/wordpress.callac.online\/#website\"},\"primaryImageOfPage\":{\"@id\":\"https:\/\/wordpress.callac.online\/#primaryimage\"},\"image\":{\"@id\":\"https:\/\/wordpress.callac.online\/#primaryimage\"},\"thumbnailUrl\":\"http:\/\/wordpress.callac.online\/wp-content\/uploads\/2020\/07\/iconeprofessor.png\",\"datePublished\":\"2020-07-22T09:23:59+00:00\",\"dateModified\":\"2025-08-21T09:50:55+00:00\",\"description\":\"Pour remplacer \\\"Les Maths libres\\\", voici un site permettant aux enseignats de maths et num\u00e9rique du coll\u00e9ge et du lyc\u00e9e de trouver des ressources.\",\"breadcrumb\":{\"@id\":\"https:\/\/wordpress.callac.online\/#breadcrumb\"},\"inLanguage\":\"fr-FR\",\"potentialAction\":[{\"@type\":\"ReadAction\",\"target\":[\"https:\/\/wordpress.callac.online\/\"]}]},{\"@type\":\"ImageObject\",\"inLanguage\":\"fr-FR\",\"@id\":\"https:\/\/wordpress.callac.online\/#primaryimage\",\"url\":\"https:\/\/wordpress.callac.online\/wp-content\/uploads\/2020\/07\/iconeprofessor.png\",\"contentUrl\":\"https:\/\/wordpress.callac.online\/wp-content\/uploads\/2020\/07\/iconeprofessor.png\",\"width\":60,\"height\":55},{\"@type\":\"BreadcrumbList\",\"@id\":\"https:\/\/wordpress.callac.online\/#breadcrumb\",\"itemListElement\":[{\"@type\":\"ListItem\",\"position\":1,\"name\":\"Accueil\",\"item\":\"https:\/\/wordpress.callac.online\/\"},{\"@type\":\"ListItem\",\"position\":2,\"name\":\"Accueil\"}]},{\"@type\":\"WebSite\",\"@id\":\"https:\/\/wordpress.callac.online\/#website\",\"url\":\"https:\/\/wordpress.callac.online\/\",\"name\":\"Maths & Num\u00e9rique\",\"description\":\"Des outils pour les enseignants de math\u00e9matiques et de num\u00e9rique\",\"publisher\":{\"@id\":\"https:\/\/wordpress.callac.online\/#\/schema\/person\/04061f1ca2c2c42039142a704be95940\"},\"potentialAction\":[{\"@type\":\"SearchAction\",\"target\":{\"@type\":\"EntryPoint\",\"urlTemplate\":\"https:\/\/wordpress.callac.online\/?s={search_term_string}\"},\"query-input\":{\"@type\":\"PropertyValueSpecification\",\"valueRequired\":true,\"valueName\":\"search_term_string\"}}],\"inLanguage\":\"fr-FR\"},{\"@type\":[\"Person\",\"Organization\"],\"@id\":\"https:\/\/wordpress.callac.online\/#\/schema\/person\/04061f1ca2c2c42039142a704be95940\",\"name\":\"dlefur\",\"image\":{\"@type\":\"ImageObject\",\"inLanguage\":\"fr-FR\",\"@id\":\"https:\/\/wordpress.callac.online\/#\/schema\/person\/image\/\",\"url\":\"https:\/\/secure.gravatar.com\/avatar\/4a9e17be136808c6597f28aa2b6c13126dab066fdc2198ff60090972c9b7fafc?s=96&d=mm&r=g\",\"contentUrl\":\"https:\/\/secure.gravatar.com\/avatar\/4a9e17be136808c6597f28aa2b6c13126dab066fdc2198ff60090972c9b7fafc?s=96&d=mm&r=g\",\"caption\":\"dlefur\"},\"logo\":{\"@id\":\"https:\/\/wordpress.callac.online\/#\/schema\/person\/image\/\"},\"description\":\"Enseignant de math\u00e9matiques Lyc\u00e9e Pasteur S\u00e3o Paulo\",\"sameAs\":[\"http:\/\/wordpress.callac.online\"]}]}<\/script>\n<!-- \/ Yoast SEO plugin. -->","yoast_head_json":{"title":"Accueil - Maths &amp; Num\u00e9rique - LaTeX, Python et autres","description":"Pour remplacer \"Les Maths libres\", voici un site permettant aux enseignats de maths et num\u00e9rique du coll\u00e9ge et du lyc\u00e9e de trouver des ressources.","robots":{"index":"index","follow":"follow","max-snippet":"max-snippet:-1","max-image-preview":"max-image-preview:large","max-video-preview":"max-video-preview:-1"},"canonical":"https:\/\/wordpress.callac.online\/","og_locale":"fr_FR","og_type":"article","og_title":"Accueil - Maths &amp; Num\u00e9rique - LaTeX, Python et autres","og_description":"Pour remplacer \"Les Maths libres\", voici un site permettant aux enseignats de maths et num\u00e9rique du coll\u00e9ge et du lyc\u00e9e de trouver des ressources.","og_url":"https:\/\/wordpress.callac.online\/","og_site_name":"Maths &amp; Num\u00e9rique","article_modified_time":"2025-08-21T09:50:55+00:00","og_image":[{"width":60,"height":55,"url":"https:\/\/wordpress.callac.online\/wp-content\/uploads\/2020\/07\/iconeprofessor.png","type":"image\/png"}],"twitter_card":"summary_large_image","twitter_misc":{"Dur\u00e9e de lecture estim\u00e9e":"6 minutes"},"schema":{"@context":"https:\/\/schema.org","@graph":[{"@type":"WebPage","@id":"https:\/\/wordpress.callac.online\/","url":"https:\/\/wordpress.callac.online\/","name":"Accueil - Maths &amp; Num\u00e9rique - LaTeX, Python et autres","isPartOf":{"@id":"https:\/\/wordpress.callac.online\/#website"},"primaryImageOfPage":{"@id":"https:\/\/wordpress.callac.online\/#primaryimage"},"image":{"@id":"https:\/\/wordpress.callac.online\/#primaryimage"},"thumbnailUrl":"http:\/\/wordpress.callac.online\/wp-content\/uploads\/2020\/07\/iconeprofessor.png","datePublished":"2020-07-22T09:23:59+00:00","dateModified":"2025-08-21T09:50:55+00:00","description":"Pour remplacer \"Les Maths libres\", voici un site permettant aux enseignats de maths et num\u00e9rique du coll\u00e9ge et du lyc\u00e9e de trouver des ressources.","breadcrumb":{"@id":"https:\/\/wordpress.callac.online\/#breadcrumb"},"inLanguage":"fr-FR","potentialAction":[{"@type":"ReadAction","target":["https:\/\/wordpress.callac.online\/"]}]},{"@type":"ImageObject","inLanguage":"fr-FR","@id":"https:\/\/wordpress.callac.online\/#primaryimage","url":"https:\/\/wordpress.callac.online\/wp-content\/uploads\/2020\/07\/iconeprofessor.png","contentUrl":"https:\/\/wordpress.callac.online\/wp-content\/uploads\/2020\/07\/iconeprofessor.png","width":60,"height":55},{"@type":"BreadcrumbList","@id":"https:\/\/wordpress.callac.online\/#breadcrumb","itemListElement":[{"@type":"ListItem","position":1,"name":"Accueil","item":"https:\/\/wordpress.callac.online\/"},{"@type":"ListItem","position":2,"name":"Accueil"}]},{"@type":"WebSite","@id":"https:\/\/wordpress.callac.online\/#website","url":"https:\/\/wordpress.callac.online\/","name":"Maths & Num\u00e9rique","description":"Des outils pour les enseignants de math\u00e9matiques et de num\u00e9rique","publisher":{"@id":"https:\/\/wordpress.callac.online\/#\/schema\/person\/04061f1ca2c2c42039142a704be95940"},"potentialAction":[{"@type":"SearchAction","target":{"@type":"EntryPoint","urlTemplate":"https:\/\/wordpress.callac.online\/?s={search_term_string}"},"query-input":{"@type":"PropertyValueSpecification","valueRequired":true,"valueName":"search_term_string"}}],"inLanguage":"fr-FR"},{"@type":["Person","Organization"],"@id":"https:\/\/wordpress.callac.online\/#\/schema\/person\/04061f1ca2c2c42039142a704be95940","name":"dlefur","image":{"@type":"ImageObject","inLanguage":"fr-FR","@id":"https:\/\/wordpress.callac.online\/#\/schema\/person\/image\/","url":"https:\/\/secure.gravatar.com\/avatar\/4a9e17be136808c6597f28aa2b6c13126dab066fdc2198ff60090972c9b7fafc?s=96&d=mm&r=g","contentUrl":"https:\/\/secure.gravatar.com\/avatar\/4a9e17be136808c6597f28aa2b6c13126dab066fdc2198ff60090972c9b7fafc?s=96&d=mm&r=g","caption":"dlefur"},"logo":{"@id":"https:\/\/wordpress.callac.online\/#\/schema\/person\/image\/"},"description":"Enseignant de math\u00e9matiques Lyc\u00e9e Pasteur S\u00e3o Paulo","sameAs":["http:\/\/wordpress.callac.online"]}]}},"_links":{"self":[{"href":"https:\/\/wordpress.callac.online\/index.php\/wp-json\/wp\/v2\/pages\/962","targetHints":{"allow":["GET"]}}],"collection":[{"href":"https:\/\/wordpress.callac.online\/index.php\/wp-json\/wp\/v2\/pages"}],"about":[{"href":"https:\/\/wordpress.callac.online\/index.php\/wp-json\/wp\/v2\/types\/page"}],"author":[{"embeddable":true,"href":"https:\/\/wordpress.callac.online\/index.php\/wp-json\/wp\/v2\/users\/1"}],"replies":[{"embeddable":true,"href":"https:\/\/wordpress.callac.online\/index.php\/wp-json\/wp\/v2\/comments?post=962"}],"version-history":[{"count":18,"href":"https:\/\/wordpress.callac.online\/index.php\/wp-json\/wp\/v2\/pages\/962\/revisions"}],"predecessor-version":[{"id":3650,"href":"https:\/\/wordpress.callac.online\/index.php\/wp-json\/wp\/v2\/pages\/962\/revisions\/3650"}],"wp:attachment":[{"href":"https:\/\/wordpress.callac.online\/index.php\/wp-json\/wp\/v2\/media?parent=962"}],"curies":[{"name":"wp","href":"https:\/\/api.w.org\/{rel}","templated":true}]}}