{"id":970,"date":"2020-07-22T11:48:21","date_gmt":"2020-07-22T09:48:21","guid":{"rendered":"http:\/\/wordpress.callac.online\/?page_id=970"},"modified":"2023-10-14T20:11:43","modified_gmt":"2023-10-14T18:11:43","slug":"mes-partages","status":"publish","type":"page","link":"https:\/\/wordpress.callac.online\/index.php\/mes-partages\/","title":{"rendered":"Mes partages"},"content":{"rendered":"\n<p>Un ensemble de ressources \u00e0 partager, pour les professeurs, mais aussi pour les \u00e9l\u00e8ves du colle et du lyc\u00e9e sur les math\u00e9matiques ou la programmation.<\/p>\n\n\n\n<hr class=\"wp-block-separator\"\/>\n\n\n<ul>\n<li><a href=\"https:\/\/wordpress.callac.online\/index.php\/logiciels-mathematiques\/geogebra\/\">Mes pages Geogebra<\/a><\/li>\n<\/ul>\n\n\n<div id=\"ccchildpages-1\" class=\"ccchildpages ccflex  simple ccclearfix\"><ul class=\"ccchildpages_list ccclearfix\"><li class=\"page_item page-item-3641\"><a href=\"https:\/\/wordpress.callac.online\/index.php\/mes-partages\/des-generateurs-dexercices-par-niveau\/\">Des g\u00e9n\u00e9rateurs d&#039;exercices par niveau<\/a><\/li>\n<li class=\"page_item page-item-2646 page_item_has_children\"><a href=\"https:\/\/wordpress.callac.online\/index.php\/mes-partages\/pour-le-college\/\">Pour le coll\u00e8ge<\/a>\n<ul class='children'>\n\t<li class=\"page_item page-item-2696\"><a href=\"https:\/\/wordpress.callac.online\/index.php\/mes-partages\/pour-le-college\/des-videos-sur-scratch\/\">Des vid\u00e9os sur Scratch<\/a><\/li>\n\t<li class=\"page_item page-item-2654\"><a href=\"https:\/\/wordpress.callac.online\/index.php\/mes-partages\/pour-le-college\/des-bases-dexercices-de-maths-pour-le-college\/\">Des bases d&rsquo;exercices de maths pour le coll\u00e8ge<\/a><\/li>\n\t<li class=\"page_item page-item-347\"><a href=\"https:\/\/wordpress.callac.online\/index.php\/mes-partages\/pour-le-college\/des-jeux-de-quiz-de-maths-pour-moodle-college\/\">Des bases de quiz de maths pour Moodle au coll\u00e8ge<\/a><\/li>\n\t<li class=\"page_item page-item-2689 page_item_has_children\"><a href=\"https:\/\/wordpress.callac.online\/index.php\/mes-partages\/pour-le-college\/archives-pour-le-college\/\">Archives pour le coll\u00e8ge<\/a><\/li>\n<\/ul>\n<\/li>\n<li class=\"page_item page-item-2651 page_item_has_children\"><a href=\"https:\/\/wordpress.callac.online\/index.php\/mes-partages\/pour-le-lycee\/\">Pour le lyc\u00e9e<\/a>\n<ul class='children'>\n\t<li class=\"page_item page-item-224\"><a href=\"https:\/\/wordpress.callac.online\/index.php\/mes-partages\/pour-le-lycee\/des-bases-dexercices-de-maths-pour-le-lycee\/\">Des bases d&rsquo;exercices de maths pour le lyc\u00e9e<\/a><\/li>\n\t<li class=\"page_item page-item-2659\"><a href=\"https:\/\/wordpress.callac.online\/index.php\/mes-partages\/pour-le-lycee\/des-bases-de-quiz-de-maths-pour-moodle-lycee\/\">Des bases de quiz de maths pour Moodle au lyc\u00e9e<\/a><\/li>\n\t<li class=\"page_item page-item-217\"><a href=\"https:\/\/wordpress.callac.online\/index.php\/mes-partages\/pour-le-lycee\/une-petite-base-de-qcm\/\">Une petite base de QCM<\/a><\/li>\n\t<li class=\"page_item page-item-2734\"><a href=\"https:\/\/wordpress.callac.online\/index.php\/mes-partages\/pour-le-lycee\/mes-progressions-au-lycee\/\">Mes progressions au lyc\u00e9e<\/a><\/li>\n\t<li class=\"page_item page-item-2939\"><a href=\"https:\/\/wordpress.callac.online\/index.php\/mes-partages\/pour-le-lycee\/complements-de-cours-pour-les-concours-bresiliens\/\">Compl\u00e9ments de cours pour les concours br\u00e9siliens<\/a><\/li>\n<\/ul>\n<\/li><\/ul><\/div>\n","protected":false},"excerpt":{"rendered":"<p>Un ensemble de ressources \u00e0 partager, pour les professeurs, mais aussi pour les \u00e9l\u00e8ves du colle et du lyc\u00e9e sur les math\u00e9matiques ou la programmation. Mes pages Geogebra<\/p>\n","protected":false},"author":1,"featured_media":0,"parent":0,"menu_order":2,"comment_status":"closed","ping_status":"closed","template":"","meta":{"footnotes":""},"class_list":["post-970","page","type-page","status-publish","hentry"],"yoast_head":"<!-- This site is optimized with the Yoast SEO plugin v27.1.1 - https:\/\/yoast.com\/product\/yoast-seo-wordpress\/ -->\n<title>Mes partages - Maths &amp; Num\u00e9rique<\/title>\n<meta name=\"robots\" content=\"index, follow, max-snippet:-1, max-image-preview:large, max-video-preview:-1\" \/>\n<link rel=\"canonical\" href=\"https:\/\/wordpress.callac.online\/index.php\/mes-partages\/\" \/>\n<meta property=\"og:locale\" content=\"fr_FR\" \/>\n<meta property=\"og:type\" content=\"article\" \/>\n<meta property=\"og:title\" content=\"Mes partages - Maths &amp; Num\u00e9rique\" \/>\n<meta property=\"og:description\" content=\"Un ensemble de ressources \u00e0 partager, pour les professeurs, mais aussi pour les \u00e9l\u00e8ves du colle et du lyc\u00e9e sur les math\u00e9matiques ou la programmation. Mes pages Geogebra\" \/>\n<meta property=\"og:url\" content=\"https:\/\/wordpress.callac.online\/index.php\/mes-partages\/\" \/>\n<meta property=\"og:site_name\" content=\"Maths &amp; Num\u00e9rique\" \/>\n<meta property=\"article:modified_time\" content=\"2023-10-14T18:11:43+00:00\" \/>\n<meta name=\"twitter:card\" content=\"summary_large_image\" \/>\n<script type=\"application\/ld+json\" class=\"yoast-schema-graph\">{\"@context\":\"https:\/\/schema.org\",\"@graph\":[{\"@type\":\"WebPage\",\"@id\":\"https:\/\/wordpress.callac.online\/index.php\/mes-partages\/\",\"url\":\"https:\/\/wordpress.callac.online\/index.php\/mes-partages\/\",\"name\":\"Mes partages - Maths &amp; Num\u00e9rique\",\"isPartOf\":{\"@id\":\"https:\/\/wordpress.callac.online\/#website\"},\"datePublished\":\"2020-07-22T09:48:21+00:00\",\"dateModified\":\"2023-10-14T18:11:43+00:00\",\"breadcrumb\":{\"@id\":\"https:\/\/wordpress.callac.online\/index.php\/mes-partages\/#breadcrumb\"},\"inLanguage\":\"fr-FR\",\"potentialAction\":[{\"@type\":\"ReadAction\",\"target\":[\"https:\/\/wordpress.callac.online\/index.php\/mes-partages\/\"]}]},{\"@type\":\"BreadcrumbList\",\"@id\":\"https:\/\/wordpress.callac.online\/index.php\/mes-partages\/#breadcrumb\",\"itemListElement\":[{\"@type\":\"ListItem\",\"position\":1,\"name\":\"Accueil\",\"item\":\"https:\/\/wordpress.callac.online\/\"},{\"@type\":\"ListItem\",\"position\":2,\"name\":\"Mes partages\"}]},{\"@type\":\"WebSite\",\"@id\":\"https:\/\/wordpress.callac.online\/#website\",\"url\":\"https:\/\/wordpress.callac.online\/\",\"name\":\"Maths & Num\u00e9rique\",\"description\":\"Des outils pour les enseignants de math\u00e9matiques et de num\u00e9rique\",\"publisher\":{\"@id\":\"https:\/\/wordpress.callac.online\/#\/schema\/person\/04061f1ca2c2c42039142a704be95940\"},\"potentialAction\":[{\"@type\":\"SearchAction\",\"target\":{\"@type\":\"EntryPoint\",\"urlTemplate\":\"https:\/\/wordpress.callac.online\/?s={search_term_string}\"},\"query-input\":{\"@type\":\"PropertyValueSpecification\",\"valueRequired\":true,\"valueName\":\"search_term_string\"}}],\"inLanguage\":\"fr-FR\"},{\"@type\":[\"Person\",\"Organization\"],\"@id\":\"https:\/\/wordpress.callac.online\/#\/schema\/person\/04061f1ca2c2c42039142a704be95940\",\"name\":\"dlefur\",\"image\":{\"@type\":\"ImageObject\",\"inLanguage\":\"fr-FR\",\"@id\":\"https:\/\/wordpress.callac.online\/#\/schema\/person\/image\/\",\"url\":\"https:\/\/secure.gravatar.com\/avatar\/4a9e17be136808c6597f28aa2b6c13126dab066fdc2198ff60090972c9b7fafc?s=96&d=mm&r=g\",\"contentUrl\":\"https:\/\/secure.gravatar.com\/avatar\/4a9e17be136808c6597f28aa2b6c13126dab066fdc2198ff60090972c9b7fafc?s=96&d=mm&r=g\",\"caption\":\"dlefur\"},\"logo\":{\"@id\":\"https:\/\/wordpress.callac.online\/#\/schema\/person\/image\/\"},\"description\":\"Enseignant de math\u00e9matiques Lyc\u00e9e Pasteur S\u00e3o Paulo\",\"sameAs\":[\"http:\/\/wordpress.callac.online\"]}]}<\/script>\n<!-- \/ Yoast SEO plugin. -->","yoast_head_json":{"title":"Mes partages - Maths &amp; Num\u00e9rique","robots":{"index":"index","follow":"follow","max-snippet":"max-snippet:-1","max-image-preview":"max-image-preview:large","max-video-preview":"max-video-preview:-1"},"canonical":"https:\/\/wordpress.callac.online\/index.php\/mes-partages\/","og_locale":"fr_FR","og_type":"article","og_title":"Mes partages - Maths &amp; Num\u00e9rique","og_description":"Un ensemble de ressources \u00e0 partager, pour les professeurs, mais aussi pour les \u00e9l\u00e8ves du colle et du lyc\u00e9e sur les math\u00e9matiques ou la programmation. Mes pages Geogebra","og_url":"https:\/\/wordpress.callac.online\/index.php\/mes-partages\/","og_site_name":"Maths &amp; Num\u00e9rique","article_modified_time":"2023-10-14T18:11:43+00:00","twitter_card":"summary_large_image","schema":{"@context":"https:\/\/schema.org","@graph":[{"@type":"WebPage","@id":"https:\/\/wordpress.callac.online\/index.php\/mes-partages\/","url":"https:\/\/wordpress.callac.online\/index.php\/mes-partages\/","name":"Mes partages - Maths &amp; Num\u00e9rique","isPartOf":{"@id":"https:\/\/wordpress.callac.online\/#website"},"datePublished":"2020-07-22T09:48:21+00:00","dateModified":"2023-10-14T18:11:43+00:00","breadcrumb":{"@id":"https:\/\/wordpress.callac.online\/index.php\/mes-partages\/#breadcrumb"},"inLanguage":"fr-FR","potentialAction":[{"@type":"ReadAction","target":["https:\/\/wordpress.callac.online\/index.php\/mes-partages\/"]}]},{"@type":"BreadcrumbList","@id":"https:\/\/wordpress.callac.online\/index.php\/mes-partages\/#breadcrumb","itemListElement":[{"@type":"ListItem","position":1,"name":"Accueil","item":"https:\/\/wordpress.callac.online\/"},{"@type":"ListItem","position":2,"name":"Mes partages"}]},{"@type":"WebSite","@id":"https:\/\/wordpress.callac.online\/#website","url":"https:\/\/wordpress.callac.online\/","name":"Maths & Num\u00e9rique","description":"Des outils pour les enseignants de math\u00e9matiques et de num\u00e9rique","publisher":{"@id":"https:\/\/wordpress.callac.online\/#\/schema\/person\/04061f1ca2c2c42039142a704be95940"},"potentialAction":[{"@type":"SearchAction","target":{"@type":"EntryPoint","urlTemplate":"https:\/\/wordpress.callac.online\/?s={search_term_string}"},"query-input":{"@type":"PropertyValueSpecification","valueRequired":true,"valueName":"search_term_string"}}],"inLanguage":"fr-FR"},{"@type":["Person","Organization"],"@id":"https:\/\/wordpress.callac.online\/#\/schema\/person\/04061f1ca2c2c42039142a704be95940","name":"dlefur","image":{"@type":"ImageObject","inLanguage":"fr-FR","@id":"https:\/\/wordpress.callac.online\/#\/schema\/person\/image\/","url":"https:\/\/secure.gravatar.com\/avatar\/4a9e17be136808c6597f28aa2b6c13126dab066fdc2198ff60090972c9b7fafc?s=96&d=mm&r=g","contentUrl":"https:\/\/secure.gravatar.com\/avatar\/4a9e17be136808c6597f28aa2b6c13126dab066fdc2198ff60090972c9b7fafc?s=96&d=mm&r=g","caption":"dlefur"},"logo":{"@id":"https:\/\/wordpress.callac.online\/#\/schema\/person\/image\/"},"description":"Enseignant de math\u00e9matiques Lyc\u00e9e Pasteur S\u00e3o Paulo","sameAs":["http:\/\/wordpress.callac.online"]}]}},"_links":{"self":[{"href":"https:\/\/wordpress.callac.online\/index.php\/wp-json\/wp\/v2\/pages\/970","targetHints":{"allow":["GET"]}}],"collection":[{"href":"https:\/\/wordpress.callac.online\/index.php\/wp-json\/wp\/v2\/pages"}],"about":[{"href":"https:\/\/wordpress.callac.online\/index.php\/wp-json\/wp\/v2\/types\/page"}],"author":[{"embeddable":true,"href":"https:\/\/wordpress.callac.online\/index.php\/wp-json\/wp\/v2\/users\/1"}],"replies":[{"embeddable":true,"href":"https:\/\/wordpress.callac.online\/index.php\/wp-json\/wp\/v2\/comments?post=970"}],"version-history":[{"count":3,"href":"https:\/\/wordpress.callac.online\/index.php\/wp-json\/wp\/v2\/pages\/970\/revisions"}],"predecessor-version":[{"id":2879,"href":"https:\/\/wordpress.callac.online\/index.php\/wp-json\/wp\/v2\/pages\/970\/revisions\/2879"}],"wp:attachment":[{"href":"https:\/\/wordpress.callac.online\/index.php\/wp-json\/wp\/v2\/media?parent=970"}],"curies":[{"name":"wp","href":"https:\/\/api.w.org\/{rel}","templated":true}]}}