{"id":974,"date":"2020-07-22T11:51:56","date_gmt":"2020-07-22T09:51:56","guid":{"rendered":"http:\/\/wordpress.callac.online\/?page_id=974"},"modified":"2023-10-14T20:13:08","modified_gmt":"2023-10-14T18:13:08","slug":"logiciels-mathematiques","status":"publish","type":"page","link":"https:\/\/wordpress.callac.online\/index.php\/logiciels-mathematiques\/","title":{"rendered":"Logiciels math\u00e9matiques"},"content":{"rendered":"\n<div id=\"ccchildpages-1\" class=\"ccchildpages ccflex  simple ccclearfix\"><ul class=\"ccchildpages_list ccclearfix\"><li class=\"page_item page-item-1633 page_item_has_children\"><a href=\"https:\/\/wordpress.callac.online\/index.php\/logiciels-mathematiques\/geogebra\/\">Geogebra<\/a>\n<ul class='children'>\n\t<li class=\"page_item page-item-2216 page_item_has_children\"><a href=\"https:\/\/wordpress.callac.online\/index.php\/logiciels-mathematiques\/geogebra\/numerique-avec-geogebra\/\">Num\u00e9rique avec Geogebra<\/a><\/li>\n\t<li class=\"page_item page-item-2218 page_item_has_children\"><a href=\"https:\/\/wordpress.callac.online\/index.php\/logiciels-mathematiques\/geogebra\/geometrie-avec-geogebra\/\">G\u00e9om\u00e9trie avec Geogebra<\/a><\/li>\n\t<li class=\"page_item page-item-2187\"><a href=\"https:\/\/wordpress.callac.online\/index.php\/logiciels-mathematiques\/geogebra\/probabilites-statistiques-avec-geogebra\/\">Probabilit\u00e9s, statistiques avec Geogebra<\/a><\/li>\n\t<li class=\"page_item page-item-2182 page_item_has_children\"><a href=\"https:\/\/wordpress.callac.online\/index.php\/logiciels-mathematiques\/geogebra\/archives-geogebra\/\">Archives Geogebra<\/a><\/li>\n<\/ul>\n<\/li>\n<li class=\"page_item page-item-2880 page_item_has_children\"><a href=\"https:\/\/wordpress.callac.online\/index.php\/logiciels-mathematiques\/scratch\/\">Scratch<\/a>\n<ul class='children'>\n\t<li class=\"page_item page-item-2885\"><a href=\"https:\/\/wordpress.callac.online\/index.php\/logiciels-mathematiques\/scratch\/des-activites-scratch-avec-la-correction\/\">Des activit\u00e9s Scratch avec la correction<\/a><\/li>\n\t<li class=\"page_item page-item-3344 page_item_has_children\"><a href=\"https:\/\/wordpress.callac.online\/index.php\/logiciels-mathematiques\/scratch\/le-robot-mbot\/\">Le robot mBot<\/a><\/li>\n<\/ul>\n<\/li>\n<li class=\"page_item page-item-1637 page_item_has_children\"><a href=\"https:\/\/wordpress.callac.online\/index.php\/logiciels-mathematiques\/xcas\/\">Xcas<\/a>\n<ul class='children'>\n\t<li class=\"page_item page-item-2222 page_item_has_children\"><a href=\"https:\/\/wordpress.callac.online\/index.php\/logiciels-mathematiques\/xcas\/arithmetique-avec-xcas\/\">Arithm\u00e9tique avec Xcas<\/a><\/li>\n\t<li class=\"page_item page-item-2226 page_item_has_children\"><a href=\"https:\/\/wordpress.callac.online\/index.php\/logiciels-mathematiques\/xcas\/fonctions-avec-xcas\/\">Fonctions avec Xcas<\/a><\/li>\n\t<li class=\"page_item page-item-2224 page_item_has_children\"><a href=\"https:\/\/wordpress.callac.online\/index.php\/logiciels-mathematiques\/xcas\/systemes-matrices-avec-xcas\/\">Syst\u00e8mes, matrices avec Xcas<\/a><\/li>\n\t<li class=\"page_item page-item-157\"><a href=\"https:\/\/wordpress.callac.online\/index.php\/logiciels-mathematiques\/xcas\/nombres-complexes-avec-xcas\/\">Nombres complexes avec Xcas<\/a><\/li>\n\t<li class=\"page_item page-item-159\"><a href=\"https:\/\/wordpress.callac.online\/index.php\/logiciels-mathematiques\/xcas\/les-suites-recurrentes-avec-xcas\/\">Les suites r\u00e9currentes avec Xcas<\/a><\/li>\n\t<li class=\"page_item page-item-2228 page_item_has_children\"><a href=\"https:\/\/wordpress.callac.online\/index.php\/logiciels-mathematiques\/xcas\/statistiques-avec-xcas\/\">Statistiques avec Xcas<\/a><\/li>\n\t<li class=\"page_item page-item-168\"><a href=\"https:\/\/wordpress.callac.online\/index.php\/logiciels-mathematiques\/xcas\/equations-differentielles-avec-xcas\/\">Equations diff\u00e9rentielles avec Xcas<\/a><\/li>\n\t<li class=\"page_item page-item-169\"><a href=\"https:\/\/wordpress.callac.online\/index.php\/logiciels-mathematiques\/xcas\/surface-et-lignes-de-niveaux-avec-xcas\/\">Surface et lignes de niveaux avec Xcas<\/a><\/li>\n\t<li class=\"page_item page-item-2230 page_item_has_children\"><a href=\"https:\/\/wordpress.callac.online\/index.php\/logiciels-mathematiques\/xcas\/geometrie-avec-xcas\/\">G\u00e9om\u00e9trie avec Xcas<\/a><\/li>\n<\/ul>\n<\/li>\n<li class=\"page_item page-item-1038 page_item_has_children\"><a href=\"https:\/\/wordpress.callac.online\/index.php\/logiciels-mathematiques\/le-logiciel-r\/\">Le logiciel R<\/a>\n<ul class='children'>\n\t<li class=\"page_item page-item-2966\"><a href=\"https:\/\/wordpress.callac.online\/index.php\/logiciels-mathematiques\/le-logiciel-r\/r-et-moodle-sarp-moodle\/\">R et Moodle : SARP.Moodle<\/a><\/li>\n\t<li class=\"page_item page-item-2074 page_item_has_children\"><a href=\"https:\/\/wordpress.callac.online\/index.php\/logiciels-mathematiques\/le-logiciel-r\/generalites-sur-r\/\">G\u00e9n\u00e9ralit\u00e9s sur R<\/a><\/li>\n\t<li class=\"page_item page-item-2078 page_item_has_children\"><a href=\"https:\/\/wordpress.callac.online\/index.php\/logiciels-mathematiques\/le-logiciel-r\/les-graphiques-avec-r\/\">Les graphiques avec R<\/a><\/li>\n\t<li class=\"page_item page-item-2085 page_item_has_children\"><a href=\"https:\/\/wordpress.callac.online\/index.php\/logiciels-mathematiques\/le-logiciel-r\/les-tirages-avec-r\/\">Les tirages avec R<\/a><\/li>\n\t<li class=\"page_item page-item-2083 page_item_has_children\"><a href=\"https:\/\/wordpress.callac.online\/index.php\/logiciels-mathematiques\/le-logiciel-r\/la-loi-binomiale-avec-r\/\">La loi binomiale avec R<\/a><\/li>\n\t<li class=\"page_item page-item-2076 page_item_has_children\"><a href=\"https:\/\/wordpress.callac.online\/index.php\/logiciels-mathematiques\/le-logiciel-r\/les-regressions-avec-r\/\">Les r\u00e9gressions avec R<\/a><\/li>\n\t<li class=\"page_item page-item-2089 page_item_has_children\"><a href=\"https:\/\/wordpress.callac.online\/index.php\/logiciels-mathematiques\/le-logiciel-r\/les-tests-avec-r\/\">Les tests avec R<\/a><\/li>\n<\/ul>\n<\/li><\/ul><\/div>\n","protected":false},"excerpt":{"rendered":"","protected":false},"author":1,"featured_media":0,"parent":0,"menu_order":3,"comment_status":"closed","ping_status":"closed","template":"","meta":{"footnotes":""},"class_list":["post-974","page","type-page","status-publish","hentry"],"yoast_head":"<!-- This site is optimized with the Yoast SEO plugin v27.1.1 - https:\/\/yoast.com\/product\/yoast-seo-wordpress\/ -->\n<title>Logiciels math\u00e9matiques - Maths &amp; Num\u00e9rique<\/title>\n<meta name=\"description\" content=\"Des logiciels autres que Python pour les \u00e9l\u00e8ves et leurs enseignants : Scratch, Geogebra, le calcul formel avec Xcas et R en statistiques.\" \/>\n<meta name=\"robots\" content=\"index, follow, max-snippet:-1, max-image-preview:large, max-video-preview:-1\" \/>\n<link rel=\"canonical\" href=\"https:\/\/wordpress.callac.online\/index.php\/logiciels-mathematiques\/\" \/>\n<meta property=\"og:locale\" content=\"fr_FR\" \/>\n<meta property=\"og:type\" content=\"article\" \/>\n<meta property=\"og:title\" content=\"Logiciels math\u00e9matiques - Maths &amp; Num\u00e9rique\" \/>\n<meta property=\"og:description\" content=\"Des logiciels autres que Python pour les \u00e9l\u00e8ves et leurs enseignants : Scratch, Geogebra, le calcul formel avec Xcas et R en statistiques.\" \/>\n<meta property=\"og:url\" content=\"https:\/\/wordpress.callac.online\/index.php\/logiciels-mathematiques\/\" \/>\n<meta property=\"og:site_name\" content=\"Maths &amp; Num\u00e9rique\" \/>\n<meta property=\"article:modified_time\" content=\"2023-10-14T18:13:08+00:00\" \/>\n<meta name=\"twitter:card\" content=\"summary_large_image\" \/>\n<script type=\"application\/ld+json\" class=\"yoast-schema-graph\">{\"@context\":\"https:\/\/schema.org\",\"@graph\":[{\"@type\":\"WebPage\",\"@id\":\"https:\/\/wordpress.callac.online\/index.php\/logiciels-mathematiques\/\",\"url\":\"https:\/\/wordpress.callac.online\/index.php\/logiciels-mathematiques\/\",\"name\":\"Logiciels math\u00e9matiques - Maths &amp; Num\u00e9rique\",\"isPartOf\":{\"@id\":\"https:\/\/wordpress.callac.online\/#website\"},\"datePublished\":\"2020-07-22T09:51:56+00:00\",\"dateModified\":\"2023-10-14T18:13:08+00:00\",\"description\":\"Des logiciels autres que Python pour les \u00e9l\u00e8ves et leurs enseignants : Scratch, Geogebra, le calcul formel avec Xcas et R en statistiques.\",\"breadcrumb\":{\"@id\":\"https:\/\/wordpress.callac.online\/index.php\/logiciels-mathematiques\/#breadcrumb\"},\"inLanguage\":\"fr-FR\",\"potentialAction\":[{\"@type\":\"ReadAction\",\"target\":[\"https:\/\/wordpress.callac.online\/index.php\/logiciels-mathematiques\/\"]}]},{\"@type\":\"BreadcrumbList\",\"@id\":\"https:\/\/wordpress.callac.online\/index.php\/logiciels-mathematiques\/#breadcrumb\",\"itemListElement\":[{\"@type\":\"ListItem\",\"position\":1,\"name\":\"Accueil\",\"item\":\"https:\/\/wordpress.callac.online\/\"},{\"@type\":\"ListItem\",\"position\":2,\"name\":\"Logiciels math\u00e9matiques\"}]},{\"@type\":\"WebSite\",\"@id\":\"https:\/\/wordpress.callac.online\/#website\",\"url\":\"https:\/\/wordpress.callac.online\/\",\"name\":\"Maths & Num\u00e9rique\",\"description\":\"Des outils pour les enseignants de math\u00e9matiques et de num\u00e9rique\",\"publisher\":{\"@id\":\"https:\/\/wordpress.callac.online\/#\/schema\/person\/04061f1ca2c2c42039142a704be95940\"},\"potentialAction\":[{\"@type\":\"SearchAction\",\"target\":{\"@type\":\"EntryPoint\",\"urlTemplate\":\"https:\/\/wordpress.callac.online\/?s={search_term_string}\"},\"query-input\":{\"@type\":\"PropertyValueSpecification\",\"valueRequired\":true,\"valueName\":\"search_term_string\"}}],\"inLanguage\":\"fr-FR\"},{\"@type\":[\"Person\",\"Organization\"],\"@id\":\"https:\/\/wordpress.callac.online\/#\/schema\/person\/04061f1ca2c2c42039142a704be95940\",\"name\":\"dlefur\",\"image\":{\"@type\":\"ImageObject\",\"inLanguage\":\"fr-FR\",\"@id\":\"https:\/\/wordpress.callac.online\/#\/schema\/person\/image\/\",\"url\":\"https:\/\/secure.gravatar.com\/avatar\/4a9e17be136808c6597f28aa2b6c13126dab066fdc2198ff60090972c9b7fafc?s=96&d=mm&r=g\",\"contentUrl\":\"https:\/\/secure.gravatar.com\/avatar\/4a9e17be136808c6597f28aa2b6c13126dab066fdc2198ff60090972c9b7fafc?s=96&d=mm&r=g\",\"caption\":\"dlefur\"},\"logo\":{\"@id\":\"https:\/\/wordpress.callac.online\/#\/schema\/person\/image\/\"},\"description\":\"Enseignant de math\u00e9matiques Lyc\u00e9e Pasteur S\u00e3o Paulo\",\"sameAs\":[\"http:\/\/wordpress.callac.online\"]}]}<\/script>\n<!-- \/ Yoast SEO plugin. -->","yoast_head_json":{"title":"Logiciels math\u00e9matiques - Maths &amp; Num\u00e9rique","description":"Des logiciels autres que Python pour les \u00e9l\u00e8ves et leurs enseignants : Scratch, Geogebra, le calcul formel avec Xcas et R en statistiques.","robots":{"index":"index","follow":"follow","max-snippet":"max-snippet:-1","max-image-preview":"max-image-preview:large","max-video-preview":"max-video-preview:-1"},"canonical":"https:\/\/wordpress.callac.online\/index.php\/logiciels-mathematiques\/","og_locale":"fr_FR","og_type":"article","og_title":"Logiciels math\u00e9matiques - Maths &amp; Num\u00e9rique","og_description":"Des logiciels autres que Python pour les \u00e9l\u00e8ves et leurs enseignants : Scratch, Geogebra, le calcul formel avec Xcas et R en statistiques.","og_url":"https:\/\/wordpress.callac.online\/index.php\/logiciels-mathematiques\/","og_site_name":"Maths &amp; Num\u00e9rique","article_modified_time":"2023-10-14T18:13:08+00:00","twitter_card":"summary_large_image","schema":{"@context":"https:\/\/schema.org","@graph":[{"@type":"WebPage","@id":"https:\/\/wordpress.callac.online\/index.php\/logiciels-mathematiques\/","url":"https:\/\/wordpress.callac.online\/index.php\/logiciels-mathematiques\/","name":"Logiciels math\u00e9matiques - Maths &amp; Num\u00e9rique","isPartOf":{"@id":"https:\/\/wordpress.callac.online\/#website"},"datePublished":"2020-07-22T09:51:56+00:00","dateModified":"2023-10-14T18:13:08+00:00","description":"Des logiciels autres que Python pour les \u00e9l\u00e8ves et leurs enseignants : Scratch, Geogebra, le calcul formel avec Xcas et R en statistiques.","breadcrumb":{"@id":"https:\/\/wordpress.callac.online\/index.php\/logiciels-mathematiques\/#breadcrumb"},"inLanguage":"fr-FR","potentialAction":[{"@type":"ReadAction","target":["https:\/\/wordpress.callac.online\/index.php\/logiciels-mathematiques\/"]}]},{"@type":"BreadcrumbList","@id":"https:\/\/wordpress.callac.online\/index.php\/logiciels-mathematiques\/#breadcrumb","itemListElement":[{"@type":"ListItem","position":1,"name":"Accueil","item":"https:\/\/wordpress.callac.online\/"},{"@type":"ListItem","position":2,"name":"Logiciels math\u00e9matiques"}]},{"@type":"WebSite","@id":"https:\/\/wordpress.callac.online\/#website","url":"https:\/\/wordpress.callac.online\/","name":"Maths & Num\u00e9rique","description":"Des outils pour les enseignants de math\u00e9matiques et de num\u00e9rique","publisher":{"@id":"https:\/\/wordpress.callac.online\/#\/schema\/person\/04061f1ca2c2c42039142a704be95940"},"potentialAction":[{"@type":"SearchAction","target":{"@type":"EntryPoint","urlTemplate":"https:\/\/wordpress.callac.online\/?s={search_term_string}"},"query-input":{"@type":"PropertyValueSpecification","valueRequired":true,"valueName":"search_term_string"}}],"inLanguage":"fr-FR"},{"@type":["Person","Organization"],"@id":"https:\/\/wordpress.callac.online\/#\/schema\/person\/04061f1ca2c2c42039142a704be95940","name":"dlefur","image":{"@type":"ImageObject","inLanguage":"fr-FR","@id":"https:\/\/wordpress.callac.online\/#\/schema\/person\/image\/","url":"https:\/\/secure.gravatar.com\/avatar\/4a9e17be136808c6597f28aa2b6c13126dab066fdc2198ff60090972c9b7fafc?s=96&d=mm&r=g","contentUrl":"https:\/\/secure.gravatar.com\/avatar\/4a9e17be136808c6597f28aa2b6c13126dab066fdc2198ff60090972c9b7fafc?s=96&d=mm&r=g","caption":"dlefur"},"logo":{"@id":"https:\/\/wordpress.callac.online\/#\/schema\/person\/image\/"},"description":"Enseignant de math\u00e9matiques Lyc\u00e9e Pasteur S\u00e3o Paulo","sameAs":["http:\/\/wordpress.callac.online"]}]}},"_links":{"self":[{"href":"https:\/\/wordpress.callac.online\/index.php\/wp-json\/wp\/v2\/pages\/974","targetHints":{"allow":["GET"]}}],"collection":[{"href":"https:\/\/wordpress.callac.online\/index.php\/wp-json\/wp\/v2\/pages"}],"about":[{"href":"https:\/\/wordpress.callac.online\/index.php\/wp-json\/wp\/v2\/types\/page"}],"author":[{"embeddable":true,"href":"https:\/\/wordpress.callac.online\/index.php\/wp-json\/wp\/v2\/users\/1"}],"replies":[{"embeddable":true,"href":"https:\/\/wordpress.callac.online\/index.php\/wp-json\/wp\/v2\/comments?post=974"}],"version-history":[{"count":2,"href":"https:\/\/wordpress.callac.online\/index.php\/wp-json\/wp\/v2\/pages\/974\/revisions"}],"predecessor-version":[{"id":2032,"href":"https:\/\/wordpress.callac.online\/index.php\/wp-json\/wp\/v2\/pages\/974\/revisions\/2032"}],"wp:attachment":[{"href":"https:\/\/wordpress.callac.online\/index.php\/wp-json\/wp\/v2\/media?parent=974"}],"curies":[{"name":"wp","href":"https:\/\/api.w.org\/{rel}","templated":true}]}}