{"id":976,"date":"2020-07-22T11:52:47","date_gmt":"2020-07-22T09:52:47","guid":{"rendered":"http:\/\/wordpress.callac.online\/?page_id=976"},"modified":"2022-01-05T22:41:55","modified_gmt":"2022-01-05T21:41:55","slug":"numerique","status":"publish","type":"page","link":"https:\/\/wordpress.callac.online\/index.php\/numerique\/","title":{"rendered":"Num\u00e9rique"},"content":{"rendered":"\n<div id=\"ccchildpages-1\" class=\"ccchildpages ccflex  simple ccclearfix\"><ul class=\"ccchildpages_list ccclearfix\"><li class=\"page_item page-item-2566 page_item_has_children\"><a href=\"https:\/\/wordpress.callac.online\/index.php\/numerique\/p5js\/\">P5JS<\/a>\n<ul class='children'>\n\t<li class=\"page_item page-item-2568\"><a href=\"https:\/\/wordpress.callac.online\/index.php\/numerique\/p5js\/pourquoi-p5js\/\">Pourquoi P5JS ?<\/a><\/li>\n<\/ul>\n<\/li>\n<li class=\"page_item page-item-978 page_item_has_children\"><a href=\"https:\/\/wordpress.callac.online\/index.php\/numerique\/arduino\/\">Arduino<\/a>\n<ul class='children'>\n\t<li class=\"page_item page-item-264 page_item_has_children\"><a href=\"https:\/\/wordpress.callac.online\/index.php\/numerique\/arduino\/arduino-au-lycee\/\">Arduino au lyc\u00e9e<\/a><\/li>\n\t<li class=\"page_item page-item-2542 page_item_has_children\"><a href=\"https:\/\/wordpress.callac.online\/index.php\/numerique\/arduino\/quelques-reperes\/\">Quelques rep\u00e8res<\/a><\/li>\n\t<li class=\"page_item page-item-2544 page_item_has_children\"><a href=\"https:\/\/wordpress.callac.online\/index.php\/numerique\/arduino\/la-bibliotheque-serialdlf\/\">La biblioth\u00e8que SerialDLF<\/a><\/li>\n\t<li class=\"page_item page-item-2540 page_item_has_children\"><a href=\"https:\/\/wordpress.callac.online\/index.php\/numerique\/arduino\/les-moteurs-cc\/\">Les moteurs CC<\/a><\/li>\n\t<li class=\"page_item page-item-2546 page_item_has_children\"><a href=\"https:\/\/wordpress.callac.online\/index.php\/numerique\/arduino\/la-communication-bluetooth\/\">La communication Bluetooth<\/a><\/li>\n\t<li class=\"page_item page-item-2548 page_item_has_children\"><a href=\"https:\/\/wordpress.callac.online\/index.php\/numerique\/arduino\/la-communication-infrarouge\/\">La communication infrarouge<\/a><\/li>\n\t<li class=\"page_item page-item-2550 page_item_has_children\"><a href=\"https:\/\/wordpress.callac.online\/index.php\/numerique\/arduino\/arduino-ethernet-et-internet\/\">Arduino, ethernet et internet<\/a><\/li>\n\t<li class=\"page_item page-item-2552 page_item_has_children\"><a href=\"https:\/\/wordpress.callac.online\/index.php\/numerique\/arduino\/le-module-esp8266\/\">Le module ESP8266<\/a><\/li>\n\t<li class=\"page_item page-item-345\"><a href=\"https:\/\/wordpress.callac.online\/index.php\/numerique\/arduino\/arduino-et-javascript\/\">Arduino et Javascript<\/a><\/li>\n<\/ul>\n<\/li>\n<li class=\"page_item page-item-980 page_item_has_children\"><a href=\"https:\/\/wordpress.callac.online\/index.php\/numerique\/app-inventor-2\/\">App Inventor 2<\/a>\n<ul class='children'>\n\t<li class=\"page_item page-item-278\"><a href=\"https:\/\/wordpress.callac.online\/index.php\/numerique\/app-inventor-2\/creer-son-application-android-avec-app-inventor-2\/\">Cr\u00e9er son application Android avec App Inventor 2<\/a><\/li>\n\t<li class=\"page_item page-item-279\"><a href=\"https:\/\/wordpress.callac.online\/index.php\/numerique\/app-inventor-2\/un-projet-minimal-autour-du-bluetooth-avec-ai2\/\">Un projet minimal autour du Bluetooth avec AI2<\/a><\/li>\n\t<li class=\"page_item page-item-280\"><a href=\"https:\/\/wordpress.callac.online\/index.php\/numerique\/app-inventor-2\/un-projet-ai2-servant-a-piloter-un-robot-mobile-via-bluetooth\/\">Un projet AI2 servant \u00e0 piloter un robot mobile via Bluetooth<\/a><\/li>\n\t<li class=\"page_item page-item-317\"><a href=\"https:\/\/wordpress.callac.online\/index.php\/numerique\/app-inventor-2\/les-listes-avec-ai2\/\">Les listes avec AI2<\/a><\/li>\n\t<li class=\"page_item page-item-325\"><a href=\"https:\/\/wordpress.callac.online\/index.php\/numerique\/app-inventor-2\/mise-en-place-dun-service-tinywebdb\/\">Mise en place d&rsquo;un service TinyWebDB<\/a><\/li>\n\t<li class=\"page_item page-item-326\"><a href=\"https:\/\/wordpress.callac.online\/index.php\/numerique\/app-inventor-2\/gerer-un-high-score-avec-tinywebdb\/\">G\u00e9rer un High Score avec TinyWebDB<\/a><\/li>\n\t<li class=\"page_item page-item-327\"><a href=\"https:\/\/wordpress.callac.online\/index.php\/numerique\/app-inventor-2\/controler-une-led-rgb-par-bluetooth-ai-et-arduino\/\">Contr\u00f4ler une led RGB par Bluetooth (AI et Arduino)<\/a><\/li>\n<\/ul>\n<\/li>\n<li class=\"page_item page-item-982 page_item_has_children\"><a href=\"https:\/\/wordpress.callac.online\/index.php\/numerique\/le-robot-edison\/\">Le robot Edison<\/a>\n<ul class='children'>\n\t<li class=\"page_item page-item-328\"><a href=\"https:\/\/wordpress.callac.online\/index.php\/numerique\/le-robot-edison\/presentation-des-robots-edison\/\">Pr\u00e9sentation des robots Edison<\/a><\/li>\n\t<li class=\"page_item page-item-329\"><a href=\"https:\/\/wordpress.callac.online\/index.php\/numerique\/le-robot-edison\/deplacement-du-robot-edison\/\">D\u00e9placement du robot Edison<\/a><\/li>\n\t<li class=\"page_item page-item-330\"><a href=\"https:\/\/wordpress.callac.online\/index.php\/numerique\/le-robot-edison\/comment-charger-et-lancer-un-programme-avec-le-robot-edison\/\">Comment  charger et lancer un programme avec le robot Edison<\/a><\/li>\n\t<li class=\"page_item page-item-331\"><a href=\"https:\/\/wordpress.callac.online\/index.php\/numerique\/le-robot-edison\/jouer-un-bip-ou-une-musique-avec-le-robot-edison\/\">Jouer un bip ou une musique avec le robot Edison<\/a><\/li>\n\t<li class=\"page_item page-item-332\"><a href=\"https:\/\/wordpress.callac.online\/index.php\/numerique\/le-robot-edison\/suivi-de-ligne-avec-le-robot-edison\/\">Suivi de ligne avec le robot Edison<\/a><\/li>\n\t<li class=\"page_item page-item-333\"><a href=\"https:\/\/wordpress.callac.online\/index.php\/numerique\/le-robot-edison\/detection-dobstacle-avec-le-robot-edison\/\">D\u00e9tection d&rsquo;obstacle avec le robot Edison<\/a><\/li>\n<\/ul>\n<\/li>\n<li class=\"page_item page-item-312\"><a href=\"https:\/\/wordpress.callac.online\/index.php\/numerique\/le-complement-a-deux\/\">Le compl\u00e9ment \u00e0 deux<\/a><\/li>\n<li class=\"page_item page-item-2530 page_item_has_children\"><a href=\"https:\/\/wordpress.callac.online\/index.php\/numerique\/algorithmique\/\">Algorithmique<\/a>\n<ul class='children'>\n\t<li class=\"page_item page-item-242\"><a href=\"https:\/\/wordpress.callac.online\/index.php\/numerique\/algorithmique\/initiation-aux-affectations\/\">Initiation aux affectations<\/a><\/li>\n\t<li class=\"page_item page-item-244\"><a href=\"https:\/\/wordpress.callac.online\/index.php\/numerique\/algorithmique\/initiation-aux-instructions-conditionnelles\/\">Initiation aux instructions conditionnelles<\/a><\/li>\n\t<li class=\"page_item page-item-246\"><a href=\"https:\/\/wordpress.callac.online\/index.php\/numerique\/algorithmique\/initiation-aux-boucles-tant-que\/\">Initiation aux boucles \u00ab\u00a0Tant que\u00a0\u00bb<\/a><\/li>\n\t<li class=\"page_item page-item-243\"><a href=\"https:\/\/wordpress.callac.online\/index.php\/numerique\/algorithmique\/initiation-aux-boucles-pour\/\">Initiation aux boucles \u00ab\u00a0Pour\u00a0\u00bb<\/a><\/li>\n\t<li class=\"page_item page-item-245\"><a href=\"https:\/\/wordpress.callac.online\/index.php\/numerique\/algorithmique\/exemples-divers-dalgorithmes\/\">Exemples divers d&rsquo;algorithmes<\/a><\/li>\n<\/ul>\n<\/li><\/ul><\/div>\n","protected":false},"excerpt":{"rendered":"","protected":false},"author":1,"featured_media":0,"parent":0,"menu_order":5,"comment_status":"closed","ping_status":"closed","template":"","meta":{"footnotes":""},"class_list":["post-976","page","type-page","status-publish","hentry"],"yoast_head":"<!-- This site is optimized with the Yoast SEO plugin v27.1.1 - https:\/\/yoast.com\/product\/yoast-seo-wordpress\/ -->\n<title>Num\u00e9rique - Maths &amp; Num\u00e9rique<\/title>\n<meta name=\"description\" content=\"Divers outils pouvant \u00eatre utiles au lyc\u00e9e : le module JavaScript P5JS, la programmation d&#039;applications avec AppInventor et Arduino.\" \/>\n<meta name=\"robots\" content=\"index, follow, max-snippet:-1, max-image-preview:large, max-video-preview:-1\" \/>\n<link rel=\"canonical\" href=\"https:\/\/wordpress.callac.online\/index.php\/numerique\/\" \/>\n<meta property=\"og:locale\" content=\"fr_FR\" \/>\n<meta property=\"og:type\" content=\"article\" \/>\n<meta property=\"og:title\" content=\"Num\u00e9rique - Maths &amp; Num\u00e9rique\" \/>\n<meta property=\"og:description\" content=\"Divers outils pouvant \u00eatre utiles au lyc\u00e9e : le module JavaScript P5JS, la programmation d&#039;applications avec AppInventor et Arduino.\" \/>\n<meta property=\"og:url\" content=\"https:\/\/wordpress.callac.online\/index.php\/numerique\/\" \/>\n<meta property=\"og:site_name\" content=\"Maths &amp; Num\u00e9rique\" \/>\n<meta property=\"article:modified_time\" content=\"2022-01-05T21:41:55+00:00\" \/>\n<meta name=\"twitter:card\" content=\"summary_large_image\" \/>\n<script type=\"application\/ld+json\" class=\"yoast-schema-graph\">{\"@context\":\"https:\/\/schema.org\",\"@graph\":[{\"@type\":\"WebPage\",\"@id\":\"https:\/\/wordpress.callac.online\/index.php\/numerique\/\",\"url\":\"https:\/\/wordpress.callac.online\/index.php\/numerique\/\",\"name\":\"Num\u00e9rique - Maths &amp; Num\u00e9rique\",\"isPartOf\":{\"@id\":\"https:\/\/wordpress.callac.online\/#website\"},\"datePublished\":\"2020-07-22T09:52:47+00:00\",\"dateModified\":\"2022-01-05T21:41:55+00:00\",\"description\":\"Divers outils pouvant \u00eatre utiles au lyc\u00e9e : le module JavaScript P5JS, la programmation d'applications avec AppInventor et Arduino.\",\"breadcrumb\":{\"@id\":\"https:\/\/wordpress.callac.online\/index.php\/numerique\/#breadcrumb\"},\"inLanguage\":\"fr-FR\",\"potentialAction\":[{\"@type\":\"ReadAction\",\"target\":[\"https:\/\/wordpress.callac.online\/index.php\/numerique\/\"]}]},{\"@type\":\"BreadcrumbList\",\"@id\":\"https:\/\/wordpress.callac.online\/index.php\/numerique\/#breadcrumb\",\"itemListElement\":[{\"@type\":\"ListItem\",\"position\":1,\"name\":\"Accueil\",\"item\":\"https:\/\/wordpress.callac.online\/\"},{\"@type\":\"ListItem\",\"position\":2,\"name\":\"Num\u00e9rique\"}]},{\"@type\":\"WebSite\",\"@id\":\"https:\/\/wordpress.callac.online\/#website\",\"url\":\"https:\/\/wordpress.callac.online\/\",\"name\":\"Maths & Num\u00e9rique\",\"description\":\"Des outils pour les enseignants de math\u00e9matiques et de num\u00e9rique\",\"publisher\":{\"@id\":\"https:\/\/wordpress.callac.online\/#\/schema\/person\/04061f1ca2c2c42039142a704be95940\"},\"potentialAction\":[{\"@type\":\"SearchAction\",\"target\":{\"@type\":\"EntryPoint\",\"urlTemplate\":\"https:\/\/wordpress.callac.online\/?s={search_term_string}\"},\"query-input\":{\"@type\":\"PropertyValueSpecification\",\"valueRequired\":true,\"valueName\":\"search_term_string\"}}],\"inLanguage\":\"fr-FR\"},{\"@type\":[\"Person\",\"Organization\"],\"@id\":\"https:\/\/wordpress.callac.online\/#\/schema\/person\/04061f1ca2c2c42039142a704be95940\",\"name\":\"dlefur\",\"image\":{\"@type\":\"ImageObject\",\"inLanguage\":\"fr-FR\",\"@id\":\"https:\/\/wordpress.callac.online\/#\/schema\/person\/image\/\",\"url\":\"https:\/\/secure.gravatar.com\/avatar\/4a9e17be136808c6597f28aa2b6c13126dab066fdc2198ff60090972c9b7fafc?s=96&d=mm&r=g\",\"contentUrl\":\"https:\/\/secure.gravatar.com\/avatar\/4a9e17be136808c6597f28aa2b6c13126dab066fdc2198ff60090972c9b7fafc?s=96&d=mm&r=g\",\"caption\":\"dlefur\"},\"logo\":{\"@id\":\"https:\/\/wordpress.callac.online\/#\/schema\/person\/image\/\"},\"description\":\"Enseignant de math\u00e9matiques Lyc\u00e9e Pasteur S\u00e3o Paulo\",\"sameAs\":[\"http:\/\/wordpress.callac.online\"]}]}<\/script>\n<!-- \/ Yoast SEO plugin. -->","yoast_head_json":{"title":"Num\u00e9rique - Maths &amp; Num\u00e9rique","description":"Divers outils pouvant \u00eatre utiles au lyc\u00e9e : le module JavaScript P5JS, la programmation d'applications avec AppInventor et Arduino.","robots":{"index":"index","follow":"follow","max-snippet":"max-snippet:-1","max-image-preview":"max-image-preview:large","max-video-preview":"max-video-preview:-1"},"canonical":"https:\/\/wordpress.callac.online\/index.php\/numerique\/","og_locale":"fr_FR","og_type":"article","og_title":"Num\u00e9rique - Maths &amp; Num\u00e9rique","og_description":"Divers outils pouvant \u00eatre utiles au lyc\u00e9e : le module JavaScript P5JS, la programmation d'applications avec AppInventor et Arduino.","og_url":"https:\/\/wordpress.callac.online\/index.php\/numerique\/","og_site_name":"Maths &amp; Num\u00e9rique","article_modified_time":"2022-01-05T21:41:55+00:00","twitter_card":"summary_large_image","schema":{"@context":"https:\/\/schema.org","@graph":[{"@type":"WebPage","@id":"https:\/\/wordpress.callac.online\/index.php\/numerique\/","url":"https:\/\/wordpress.callac.online\/index.php\/numerique\/","name":"Num\u00e9rique - Maths &amp; Num\u00e9rique","isPartOf":{"@id":"https:\/\/wordpress.callac.online\/#website"},"datePublished":"2020-07-22T09:52:47+00:00","dateModified":"2022-01-05T21:41:55+00:00","description":"Divers outils pouvant \u00eatre utiles au lyc\u00e9e : le module JavaScript P5JS, la programmation d'applications avec AppInventor et Arduino.","breadcrumb":{"@id":"https:\/\/wordpress.callac.online\/index.php\/numerique\/#breadcrumb"},"inLanguage":"fr-FR","potentialAction":[{"@type":"ReadAction","target":["https:\/\/wordpress.callac.online\/index.php\/numerique\/"]}]},{"@type":"BreadcrumbList","@id":"https:\/\/wordpress.callac.online\/index.php\/numerique\/#breadcrumb","itemListElement":[{"@type":"ListItem","position":1,"name":"Accueil","item":"https:\/\/wordpress.callac.online\/"},{"@type":"ListItem","position":2,"name":"Num\u00e9rique"}]},{"@type":"WebSite","@id":"https:\/\/wordpress.callac.online\/#website","url":"https:\/\/wordpress.callac.online\/","name":"Maths & Num\u00e9rique","description":"Des outils pour les enseignants de math\u00e9matiques et de num\u00e9rique","publisher":{"@id":"https:\/\/wordpress.callac.online\/#\/schema\/person\/04061f1ca2c2c42039142a704be95940"},"potentialAction":[{"@type":"SearchAction","target":{"@type":"EntryPoint","urlTemplate":"https:\/\/wordpress.callac.online\/?s={search_term_string}"},"query-input":{"@type":"PropertyValueSpecification","valueRequired":true,"valueName":"search_term_string"}}],"inLanguage":"fr-FR"},{"@type":["Person","Organization"],"@id":"https:\/\/wordpress.callac.online\/#\/schema\/person\/04061f1ca2c2c42039142a704be95940","name":"dlefur","image":{"@type":"ImageObject","inLanguage":"fr-FR","@id":"https:\/\/wordpress.callac.online\/#\/schema\/person\/image\/","url":"https:\/\/secure.gravatar.com\/avatar\/4a9e17be136808c6597f28aa2b6c13126dab066fdc2198ff60090972c9b7fafc?s=96&d=mm&r=g","contentUrl":"https:\/\/secure.gravatar.com\/avatar\/4a9e17be136808c6597f28aa2b6c13126dab066fdc2198ff60090972c9b7fafc?s=96&d=mm&r=g","caption":"dlefur"},"logo":{"@id":"https:\/\/wordpress.callac.online\/#\/schema\/person\/image\/"},"description":"Enseignant de math\u00e9matiques Lyc\u00e9e Pasteur S\u00e3o Paulo","sameAs":["http:\/\/wordpress.callac.online"]}]}},"_links":{"self":[{"href":"https:\/\/wordpress.callac.online\/index.php\/wp-json\/wp\/v2\/pages\/976","targetHints":{"allow":["GET"]}}],"collection":[{"href":"https:\/\/wordpress.callac.online\/index.php\/wp-json\/wp\/v2\/pages"}],"about":[{"href":"https:\/\/wordpress.callac.online\/index.php\/wp-json\/wp\/v2\/types\/page"}],"author":[{"embeddable":true,"href":"https:\/\/wordpress.callac.online\/index.php\/wp-json\/wp\/v2\/users\/1"}],"replies":[{"embeddable":true,"href":"https:\/\/wordpress.callac.online\/index.php\/wp-json\/wp\/v2\/comments?post=976"}],"version-history":[{"count":2,"href":"https:\/\/wordpress.callac.online\/index.php\/wp-json\/wp\/v2\/pages\/976\/revisions"}],"predecessor-version":[{"id":2522,"href":"https:\/\/wordpress.callac.online\/index.php\/wp-json\/wp\/v2\/pages\/976\/revisions\/2522"}],"wp:attachment":[{"href":"https:\/\/wordpress.callac.online\/index.php\/wp-json\/wp\/v2\/media?parent=976"}],"curies":[{"name":"wp","href":"https:\/\/api.w.org\/{rel}","templated":true}]}}