{"id":978,"date":"2020-07-22T11:53:47","date_gmt":"2020-07-22T09:53:47","guid":{"rendered":"http:\/\/wordpress.callac.online\/?page_id=978"},"modified":"2022-01-05T22:41:57","modified_gmt":"2022-01-05T21:41:57","slug":"arduino","status":"publish","type":"page","link":"https:\/\/wordpress.callac.online\/index.php\/numerique\/arduino\/","title":{"rendered":"Arduino"},"content":{"rendered":"\n<div class=\"wp-block-image\"><figure class=\"alignright size-large is-resized\"><img loading=\"lazy\" decoding=\"async\" src=\"http:\/\/wordpress.callac.online\/wp-content\/uploads\/2020\/07\/rubon79.png\" alt=\"\" class=\"wp-image-1682\" width=\"71\" height=\"67\"\/><\/figure><\/div>\n\n\n\n<p>Un ensemble de ressources pour utiliser Arduino : des techniques, des exemples, &#8230;<\/p>\n\n\n\n<div id=\"ccchildpages-1\" class=\"ccchildpages ccflex  simple ccclearfix\"><ul class=\"ccchildpages_list ccclearfix\"><li class=\"page_item page-item-264 page_item_has_children\"><a href=\"https:\/\/wordpress.callac.online\/index.php\/numerique\/arduino\/arduino-au-lycee\/\">Arduino au lyc\u00e9e<\/a>\n<ul class='children'>\n\t<li class=\"page_item page-item-3491\"><a href=\"https:\/\/wordpress.callac.online\/index.php\/numerique\/arduino\/arduino-au-lycee\/premiers-circuit-tinkercad\/\">Mes premiers circuits avec Tinkercad<\/a><\/li>\n\t<li class=\"page_item page-item-3494\"><a href=\"https:\/\/wordpress.callac.online\/index.php\/numerique\/arduino\/arduino-au-lycee\/arduino-sorties-tinkercad\/\">Programmer les sorties Arduino depuis Tinkercad<\/a><\/li>\n\t<li class=\"page_item page-item-3553\"><a href=\"https:\/\/wordpress.callac.online\/index.php\/numerique\/arduino\/arduino-au-lycee\/programmer-entrees-arduino-tinkercad\/\">Programmer les entr\u00e9es Arduino depuis Tinkercad<\/a><\/li>\n<\/ul>\n<\/li>\n<li class=\"page_item page-item-2542 page_item_has_children\"><a href=\"https:\/\/wordpress.callac.online\/index.php\/numerique\/arduino\/quelques-reperes\/\">Quelques rep\u00e8res<\/a>\n<ul class='children'>\n\t<li class=\"page_item page-item-255\"><a href=\"https:\/\/wordpress.callac.online\/index.php\/numerique\/arduino\/quelques-reperes\/utilisation-des-led\/\">Utilisation des LED<\/a><\/li>\n\t<li class=\"page_item page-item-257\"><a href=\"https:\/\/wordpress.callac.online\/index.php\/numerique\/arduino\/quelques-reperes\/utilisation-dun-potentiometre\/\">Utilisation d&rsquo;un potentiom\u00e8tre<\/a><\/li>\n\t<li class=\"page_item page-item-258\"><a href=\"https:\/\/wordpress.callac.online\/index.php\/numerique\/arduino\/quelques-reperes\/la-communication-via-le-port-serie-darduino\/\">La communication via le port s\u00e9rie d&rsquo;Arduino<\/a><\/li>\n\t<li class=\"page_item page-item-259\"><a href=\"https:\/\/wordpress.callac.online\/index.php\/numerique\/arduino\/quelques-reperes\/utilisation-dun-ecran-lcd\/\">Utilisation d&rsquo;un \u00e9cran LCD<\/a><\/li>\n\t<li class=\"page_item page-item-271\"><a href=\"https:\/\/wordpress.callac.online\/index.php\/numerique\/arduino\/quelques-reperes\/manipulation-des-chaines-de-caracteres\/\">Manipulation des cha\u00eenes de caract\u00e8res<\/a><\/li>\n\t<li class=\"page_item page-item-282\"><a href=\"https:\/\/wordpress.callac.online\/index.php\/numerique\/arduino\/quelques-reperes\/les-principales-commandes-pour-gerer-les-entrees-et-les-sorties-arduino\/\">Les principales commandes pour g\u00e9rer les entr\u00e9es et les sorties Arduino<\/a><\/li>\n<\/ul>\n<\/li>\n<li class=\"page_item page-item-2544 page_item_has_children\"><a href=\"https:\/\/wordpress.callac.online\/index.php\/numerique\/arduino\/la-bibliotheque-serialdlf\/\">La biblioth\u00e8que SerialDLF<\/a>\n<ul class='children'>\n\t<li class=\"page_item page-item-268\"><a href=\"https:\/\/wordpress.callac.online\/index.php\/numerique\/arduino\/la-bibliotheque-serialdlf\/presentation-de-la-bibliotheque-serialdlf\/\">Pr\u00e9sentation de la biblioth\u00e8que SerialDLF<\/a><\/li>\n\t<li class=\"page_item page-item-267\"><a href=\"https:\/\/wordpress.callac.online\/index.php\/numerique\/arduino\/la-bibliotheque-serialdlf\/controle-dune-led-rgb-avec-arduino\/\">Contr\u00f4le d&rsquo;une led RGB avec Arduino<\/a><\/li>\n\t<li class=\"page_item page-item-266\"><a href=\"https:\/\/wordpress.callac.online\/index.php\/numerique\/arduino\/la-bibliotheque-serialdlf\/mesure-de-temperature-pression-et-altitude-avec-le-capteur-bmp085\/\">Mesure de temp\u00e9rature, pression et altitude avec le capteur BMP085<\/a><\/li>\n\t<li class=\"page_item page-item-265\"><a href=\"https:\/\/wordpress.callac.online\/index.php\/numerique\/arduino\/la-bibliotheque-serialdlf\/mesure-de-temperature-avec-le-capteur-lm35\/\">Mesure de temp\u00e9rature avec le capteur LM35<\/a><\/li>\n<\/ul>\n<\/li>\n<li class=\"page_item page-item-2540 page_item_has_children\"><a href=\"https:\/\/wordpress.callac.online\/index.php\/numerique\/arduino\/les-moteurs-cc\/\">Les moteurs CC<\/a>\n<ul class='children'>\n\t<li class=\"page_item page-item-260\"><a href=\"https:\/\/wordpress.callac.online\/index.php\/numerique\/arduino\/les-moteurs-cc\/controle-deux-moteurs-cc-par-un-shield-l298p\/\">Contr\u00f4le deux moteurs CC par un shield (L298P)<\/a><\/li>\n\t<li class=\"page_item page-item-261\"><a href=\"https:\/\/wordpress.callac.online\/index.php\/numerique\/arduino\/les-moteurs-cc\/controle-de-deux-moteurs-cc-avec-tb6612fng\/\">Contr\u00f4le de deux moteurs CC avec TB6612FNG<\/a><\/li>\n\t<li class=\"page_item page-item-262\"><a href=\"https:\/\/wordpress.callac.online\/index.php\/numerique\/arduino\/les-moteurs-cc\/controle-de-deux-moteurs-cc-avec-pololu-drv8833\/\">Contr\u00f4le de deux moteurs CC avec Pololu DRV8833<\/a><\/li>\n\t<li class=\"page_item page-item-336\"><a href=\"https:\/\/wordpress.callac.online\/index.php\/numerique\/arduino\/les-moteurs-cc\/nouvel-article-n-336\/\">Le circuit L293D<\/a><\/li>\n<\/ul>\n<\/li>\n<li class=\"page_item page-item-2546 page_item_has_children\"><a href=\"https:\/\/wordpress.callac.online\/index.php\/numerique\/arduino\/la-communication-bluetooth\/\">La communication Bluetooth<\/a>\n<ul class='children'>\n\t<li class=\"page_item page-item-275\"><a href=\"https:\/\/wordpress.callac.online\/index.php\/numerique\/arduino\/la-communication-bluetooth\/les-modules-hc05-et-hc06\/\">Les modules HC05 et HC06<\/a><\/li>\n\t<li class=\"page_item page-item-281\"><a href=\"https:\/\/wordpress.callac.online\/index.php\/numerique\/arduino\/la-communication-bluetooth\/arduino-bluetooth-et-app-inventor-pour-android\/\">Arduino, Bluetooth et App Inventor pour Android<\/a><\/li>\n\t<li class=\"page_item page-item-276\"><a href=\"https:\/\/wordpress.callac.online\/index.php\/numerique\/arduino\/la-communication-bluetooth\/arduino-et-lapplication-android-bluetooth-spp-tools-pro\/\">Arduino et l&rsquo;application Android Bluetooth SPP Tools Pro<\/a><\/li>\n\t<li class=\"page_item page-item-277\"><a href=\"https:\/\/wordpress.callac.online\/index.php\/numerique\/arduino\/la-communication-bluetooth\/arduino-et-lapplication-android-sensoduino\/\">Arduino et l&rsquo;application Android Sensoduino<\/a><\/li>\n<\/ul>\n<\/li>\n<li class=\"page_item page-item-2548 page_item_has_children\"><a href=\"https:\/\/wordpress.callac.online\/index.php\/numerique\/arduino\/la-communication-infrarouge\/\">La communication infrarouge<\/a>\n<ul class='children'>\n\t<li class=\"page_item page-item-263\"><a href=\"https:\/\/wordpress.callac.online\/index.php\/numerique\/arduino\/la-communication-infrarouge\/utilisation-dune-telecommande\/\">Utilisation d&rsquo;une t\u00e9l\u00e9commande<\/a><\/li>\n\t<li class=\"page_item page-item-270\"><a href=\"https:\/\/wordpress.callac.online\/index.php\/numerique\/arduino\/la-communication-infrarouge\/reception-depuis-arduino-des-signaux-dune-telecommande\/\">R\u00e9ception depuis Arduino des signaux d&rsquo;une t\u00e9l\u00e9commande<\/a><\/li>\n\t<li class=\"page_item page-item-269\"><a href=\"https:\/\/wordpress.callac.online\/index.php\/numerique\/arduino\/la-communication-infrarouge\/types-et-codes-des-telecommandes\/\">Types et codes des t\u00e9l\u00e9commandes<\/a><\/li>\n<\/ul>\n<\/li>\n<li class=\"page_item page-item-2550 page_item_has_children\"><a href=\"https:\/\/wordpress.callac.online\/index.php\/numerique\/arduino\/arduino-ethernet-et-internet\/\">Arduino, ethernet et internet<\/a>\n<ul class='children'>\n\t<li class=\"page_item page-item-272\"><a href=\"https:\/\/wordpress.callac.online\/index.php\/numerique\/arduino\/arduino-ethernet-et-internet\/arduino-et-teleduino\/\">Arduino et Teleduino<\/a><\/li>\n\t<li class=\"page_item page-item-274\"><a href=\"https:\/\/wordpress.callac.online\/index.php\/numerique\/arduino\/arduino-ethernet-et-internet\/arduino-et-xively\/\">Arduino et Xively<\/a><\/li>\n<\/ul>\n<\/li>\n<li class=\"page_item page-item-2552 page_item_has_children\"><a href=\"https:\/\/wordpress.callac.online\/index.php\/numerique\/arduino\/le-module-esp8266\/\">Le module ESP8266<\/a>\n<ul class='children'>\n\t<li class=\"page_item page-item-342\"><a href=\"https:\/\/wordpress.callac.online\/index.php\/numerique\/arduino\/le-module-esp8266\/presentation-du-module-esp8266\/\">Pr\u00e9sentation du module ESP8266<\/a><\/li>\n\t<li class=\"page_item page-item-343\"><a href=\"https:\/\/wordpress.callac.online\/index.php\/numerique\/arduino\/le-module-esp8266\/comment-flasher-le-module-esp8266\/\">Comment flasher le module ESP8266 ?<\/a><\/li>\n<\/ul>\n<\/li>\n<li class=\"page_item page-item-345\"><a href=\"https:\/\/wordpress.callac.online\/index.php\/numerique\/arduino\/arduino-et-javascript\/\">Arduino et Javascript<\/a><\/li><\/ul><\/div>\n","protected":false},"excerpt":{"rendered":"<p>Un ensemble de ressources pour utiliser Arduino : des techniques, des exemples, &#8230;<\/p>\n","protected":false},"author":1,"featured_media":0,"parent":976,"menu_order":1,"comment_status":"closed","ping_status":"closed","template":"","meta":{"footnotes":""},"class_list":["post-978","page","type-page","status-publish","hentry"],"yoast_head":"<!-- This site is optimized with the Yoast SEO plugin v27.1.1 - https:\/\/yoast.com\/product\/yoast-seo-wordpress\/ -->\n<title>Arduino - Maths &amp; Num\u00e9rique<\/title>\n<meta name=\"robots\" content=\"index, follow, max-snippet:-1, max-image-preview:large, max-video-preview:-1\" \/>\n<link rel=\"canonical\" href=\"https:\/\/wordpress.callac.online\/index.php\/numerique\/arduino\/\" \/>\n<meta property=\"og:locale\" content=\"fr_FR\" \/>\n<meta property=\"og:type\" content=\"article\" \/>\n<meta property=\"og:title\" content=\"Arduino - Maths &amp; Num\u00e9rique\" \/>\n<meta property=\"og:description\" content=\"Un ensemble de ressources pour utiliser Arduino : des techniques, des exemples, &#8230;\" \/>\n<meta property=\"og:url\" content=\"https:\/\/wordpress.callac.online\/index.php\/numerique\/arduino\/\" \/>\n<meta property=\"og:site_name\" content=\"Maths &amp; Num\u00e9rique\" \/>\n<meta property=\"article:modified_time\" content=\"2022-01-05T21:41:57+00:00\" \/>\n<meta property=\"og:image\" content=\"http:\/\/wordpress.callac.online\/wp-content\/uploads\/2020\/07\/rubon79.png\" \/>\n<meta name=\"twitter:card\" content=\"summary_large_image\" \/>\n<script type=\"application\/ld+json\" class=\"yoast-schema-graph\">{\"@context\":\"https:\/\/schema.org\",\"@graph\":[{\"@type\":\"WebPage\",\"@id\":\"https:\/\/wordpress.callac.online\/index.php\/numerique\/arduino\/\",\"url\":\"https:\/\/wordpress.callac.online\/index.php\/numerique\/arduino\/\",\"name\":\"Arduino - Maths &amp; Num\u00e9rique\",\"isPartOf\":{\"@id\":\"https:\/\/wordpress.callac.online\/#website\"},\"primaryImageOfPage\":{\"@id\":\"https:\/\/wordpress.callac.online\/index.php\/numerique\/arduino\/#primaryimage\"},\"image\":{\"@id\":\"https:\/\/wordpress.callac.online\/index.php\/numerique\/arduino\/#primaryimage\"},\"thumbnailUrl\":\"http:\/\/wordpress.callac.online\/wp-content\/uploads\/2020\/07\/rubon79.png\",\"datePublished\":\"2020-07-22T09:53:47+00:00\",\"dateModified\":\"2022-01-05T21:41:57+00:00\",\"breadcrumb\":{\"@id\":\"https:\/\/wordpress.callac.online\/index.php\/numerique\/arduino\/#breadcrumb\"},\"inLanguage\":\"fr-FR\",\"potentialAction\":[{\"@type\":\"ReadAction\",\"target\":[\"https:\/\/wordpress.callac.online\/index.php\/numerique\/arduino\/\"]}]},{\"@type\":\"ImageObject\",\"inLanguage\":\"fr-FR\",\"@id\":\"https:\/\/wordpress.callac.online\/index.php\/numerique\/arduino\/#primaryimage\",\"url\":\"https:\/\/wordpress.callac.online\/wp-content\/uploads\/2020\/07\/rubon79.png\",\"contentUrl\":\"https:\/\/wordpress.callac.online\/wp-content\/uploads\/2020\/07\/rubon79.png\",\"width\":125,\"height\":120},{\"@type\":\"BreadcrumbList\",\"@id\":\"https:\/\/wordpress.callac.online\/index.php\/numerique\/arduino\/#breadcrumb\",\"itemListElement\":[{\"@type\":\"ListItem\",\"position\":1,\"name\":\"Accueil\",\"item\":\"https:\/\/wordpress.callac.online\/\"},{\"@type\":\"ListItem\",\"position\":2,\"name\":\"Num\u00e9rique\",\"item\":\"https:\/\/wordpress.callac.online\/index.php\/numerique\/\"},{\"@type\":\"ListItem\",\"position\":3,\"name\":\"Arduino\"}]},{\"@type\":\"WebSite\",\"@id\":\"https:\/\/wordpress.callac.online\/#website\",\"url\":\"https:\/\/wordpress.callac.online\/\",\"name\":\"Maths & Num\u00e9rique\",\"description\":\"Des outils pour les enseignants de math\u00e9matiques et de num\u00e9rique\",\"publisher\":{\"@id\":\"https:\/\/wordpress.callac.online\/#\/schema\/person\/04061f1ca2c2c42039142a704be95940\"},\"potentialAction\":[{\"@type\":\"SearchAction\",\"target\":{\"@type\":\"EntryPoint\",\"urlTemplate\":\"https:\/\/wordpress.callac.online\/?s={search_term_string}\"},\"query-input\":{\"@type\":\"PropertyValueSpecification\",\"valueRequired\":true,\"valueName\":\"search_term_string\"}}],\"inLanguage\":\"fr-FR\"},{\"@type\":[\"Person\",\"Organization\"],\"@id\":\"https:\/\/wordpress.callac.online\/#\/schema\/person\/04061f1ca2c2c42039142a704be95940\",\"name\":\"dlefur\",\"image\":{\"@type\":\"ImageObject\",\"inLanguage\":\"fr-FR\",\"@id\":\"https:\/\/wordpress.callac.online\/#\/schema\/person\/image\/\",\"url\":\"https:\/\/secure.gravatar.com\/avatar\/4a9e17be136808c6597f28aa2b6c13126dab066fdc2198ff60090972c9b7fafc?s=96&d=mm&r=g\",\"contentUrl\":\"https:\/\/secure.gravatar.com\/avatar\/4a9e17be136808c6597f28aa2b6c13126dab066fdc2198ff60090972c9b7fafc?s=96&d=mm&r=g\",\"caption\":\"dlefur\"},\"logo\":{\"@id\":\"https:\/\/wordpress.callac.online\/#\/schema\/person\/image\/\"},\"description\":\"Enseignant de math\u00e9matiques Lyc\u00e9e Pasteur S\u00e3o Paulo\",\"sameAs\":[\"http:\/\/wordpress.callac.online\"]}]}<\/script>\n<!-- \/ Yoast SEO plugin. -->","yoast_head_json":{"title":"Arduino - Maths &amp; Num\u00e9rique","robots":{"index":"index","follow":"follow","max-snippet":"max-snippet:-1","max-image-preview":"max-image-preview:large","max-video-preview":"max-video-preview:-1"},"canonical":"https:\/\/wordpress.callac.online\/index.php\/numerique\/arduino\/","og_locale":"fr_FR","og_type":"article","og_title":"Arduino - Maths &amp; Num\u00e9rique","og_description":"Un ensemble de ressources pour utiliser Arduino : des techniques, des exemples, &#8230;","og_url":"https:\/\/wordpress.callac.online\/index.php\/numerique\/arduino\/","og_site_name":"Maths &amp; Num\u00e9rique","article_modified_time":"2022-01-05T21:41:57+00:00","og_image":[{"url":"http:\/\/wordpress.callac.online\/wp-content\/uploads\/2020\/07\/rubon79.png","type":"","width":"","height":""}],"twitter_card":"summary_large_image","schema":{"@context":"https:\/\/schema.org","@graph":[{"@type":"WebPage","@id":"https:\/\/wordpress.callac.online\/index.php\/numerique\/arduino\/","url":"https:\/\/wordpress.callac.online\/index.php\/numerique\/arduino\/","name":"Arduino - Maths &amp; Num\u00e9rique","isPartOf":{"@id":"https:\/\/wordpress.callac.online\/#website"},"primaryImageOfPage":{"@id":"https:\/\/wordpress.callac.online\/index.php\/numerique\/arduino\/#primaryimage"},"image":{"@id":"https:\/\/wordpress.callac.online\/index.php\/numerique\/arduino\/#primaryimage"},"thumbnailUrl":"http:\/\/wordpress.callac.online\/wp-content\/uploads\/2020\/07\/rubon79.png","datePublished":"2020-07-22T09:53:47+00:00","dateModified":"2022-01-05T21:41:57+00:00","breadcrumb":{"@id":"https:\/\/wordpress.callac.online\/index.php\/numerique\/arduino\/#breadcrumb"},"inLanguage":"fr-FR","potentialAction":[{"@type":"ReadAction","target":["https:\/\/wordpress.callac.online\/index.php\/numerique\/arduino\/"]}]},{"@type":"ImageObject","inLanguage":"fr-FR","@id":"https:\/\/wordpress.callac.online\/index.php\/numerique\/arduino\/#primaryimage","url":"https:\/\/wordpress.callac.online\/wp-content\/uploads\/2020\/07\/rubon79.png","contentUrl":"https:\/\/wordpress.callac.online\/wp-content\/uploads\/2020\/07\/rubon79.png","width":125,"height":120},{"@type":"BreadcrumbList","@id":"https:\/\/wordpress.callac.online\/index.php\/numerique\/arduino\/#breadcrumb","itemListElement":[{"@type":"ListItem","position":1,"name":"Accueil","item":"https:\/\/wordpress.callac.online\/"},{"@type":"ListItem","position":2,"name":"Num\u00e9rique","item":"https:\/\/wordpress.callac.online\/index.php\/numerique\/"},{"@type":"ListItem","position":3,"name":"Arduino"}]},{"@type":"WebSite","@id":"https:\/\/wordpress.callac.online\/#website","url":"https:\/\/wordpress.callac.online\/","name":"Maths & Num\u00e9rique","description":"Des outils pour les enseignants de math\u00e9matiques et de num\u00e9rique","publisher":{"@id":"https:\/\/wordpress.callac.online\/#\/schema\/person\/04061f1ca2c2c42039142a704be95940"},"potentialAction":[{"@type":"SearchAction","target":{"@type":"EntryPoint","urlTemplate":"https:\/\/wordpress.callac.online\/?s={search_term_string}"},"query-input":{"@type":"PropertyValueSpecification","valueRequired":true,"valueName":"search_term_string"}}],"inLanguage":"fr-FR"},{"@type":["Person","Organization"],"@id":"https:\/\/wordpress.callac.online\/#\/schema\/person\/04061f1ca2c2c42039142a704be95940","name":"dlefur","image":{"@type":"ImageObject","inLanguage":"fr-FR","@id":"https:\/\/wordpress.callac.online\/#\/schema\/person\/image\/","url":"https:\/\/secure.gravatar.com\/avatar\/4a9e17be136808c6597f28aa2b6c13126dab066fdc2198ff60090972c9b7fafc?s=96&d=mm&r=g","contentUrl":"https:\/\/secure.gravatar.com\/avatar\/4a9e17be136808c6597f28aa2b6c13126dab066fdc2198ff60090972c9b7fafc?s=96&d=mm&r=g","caption":"dlefur"},"logo":{"@id":"https:\/\/wordpress.callac.online\/#\/schema\/person\/image\/"},"description":"Enseignant de math\u00e9matiques Lyc\u00e9e Pasteur S\u00e3o Paulo","sameAs":["http:\/\/wordpress.callac.online"]}]}},"_links":{"self":[{"href":"https:\/\/wordpress.callac.online\/index.php\/wp-json\/wp\/v2\/pages\/978","targetHints":{"allow":["GET"]}}],"collection":[{"href":"https:\/\/wordpress.callac.online\/index.php\/wp-json\/wp\/v2\/pages"}],"about":[{"href":"https:\/\/wordpress.callac.online\/index.php\/wp-json\/wp\/v2\/types\/page"}],"author":[{"embeddable":true,"href":"https:\/\/wordpress.callac.online\/index.php\/wp-json\/wp\/v2\/users\/1"}],"replies":[{"embeddable":true,"href":"https:\/\/wordpress.callac.online\/index.php\/wp-json\/wp\/v2\/comments?post=978"}],"version-history":[{"count":6,"href":"https:\/\/wordpress.callac.online\/index.php\/wp-json\/wp\/v2\/pages\/978\/revisions"}],"predecessor-version":[{"id":2814,"href":"https:\/\/wordpress.callac.online\/index.php\/wp-json\/wp\/v2\/pages\/978\/revisions\/2814"}],"up":[{"embeddable":true,"href":"https:\/\/wordpress.callac.online\/index.php\/wp-json\/wp\/v2\/pages\/976"}],"wp:attachment":[{"href":"https:\/\/wordpress.callac.online\/index.php\/wp-json\/wp\/v2\/media?parent=978"}],"curies":[{"name":"wp","href":"https:\/\/api.w.org\/{rel}","templated":true}]}}